{"id":1769,"date":"2024-05-10T07:23:30","date_gmt":"2024-05-10T06:23:30","guid":{"rendered":"https:\/\/sxpowercase.com\/?post_type=product&#038;p=1769"},"modified":"2024-06-20T03:25:20","modified_gmt":"2024-06-20T02:25:20","slug":"cable-storage-case","status":"publish","type":"product","link":"https:\/\/sxflightcase.com\/af\/product\/kabel-opbergkas\/","title":{"rendered":"Kabelbergingkas"},"content":{"rendered":"<p><strong>Produkparameter (spesifikasie)<\/strong><\/p>\n<section class=\"table-wrap\">\n<table class=\"table\" width=\"100%\" cellspacing=\"0\" cellpadding=\"0\">\n<tbody>\n<tr class=\"firstRow\">\n<td width=\"148\">Produk naam:<\/td>\n<td width=\"569\">Kabelbergingkas<\/td>\n<\/tr>\n<tr>\n<td width=\"148\">Dimensie:<\/td>\n<td width=\"569\">Ons maak altyd 1000x500x500mm, 1200x600x600mm of pasgemaak<\/td>\n<\/tr>\n<tr>\n<td width=\"148\">Kleur:<\/td>\n<td width=\"569\">swart \/ rooi \/ blou ens of enige kleur wat jy wil h\u00ea<\/td>\n<\/tr>\n<tr>\n<td width=\"148\">Materiaal:<\/td>\n<td width=\"569\">Aluminium + LAAGHOUT + ABS-paneel + Hardeware + Skuim<\/td>\n<\/tr>\n<tr>\n<td width=\"148\">Logo:<\/td>\n<td width=\"569\">Beskikbaar vir syskermlogo \/ reli\u00ebflogo \/ laserlogo<\/td>\n<\/tr>\n<tr>\n<td width=\"148\">MOQ:<\/td>\n<td width=\"569\">10 stuks<\/td>\n<\/tr>\n<tr>\n<td width=\"148\">Voorbeeld tyd:<\/td>\n<td width=\"569\">5-7 dae<\/td>\n<\/tr>\n<tr>\n<td width=\"148\">Produksie tyd:<\/td>\n<td width=\"569\">4 weke nadat die bestelling bevestig is<\/td>\n<\/tr>\n<tr>\n<td width=\"148\">Hawe van verskeping:<\/td>\n<td width=\"569\">Shenzhen, Guangzhou, Hongkong<\/td>\n<\/tr>\n<tr>\n<td width=\"148\">Handelsvoorwaardes:<\/td>\n<td width=\"569\">Oud-werk \/ FOB \/ CIF \/ DDU<\/td>\n<\/tr>\n<tr>\n<td width=\"148\">ander:<\/td>\n<td width=\"569\">Ons bied eenstopdiens, ontwerp, produksie en verpakking<br \/>\nTop kwaliteit, vervaardigingsprys en goeie diens<br \/>\nOEM &amp; LOGO word aangebied<\/td>\n<\/tr>\n<\/tbody>\n<\/table>\n<\/section>\n<h1>Hou jou kabels georganiseer met die SX-kabelbergingkas<\/h1>\n<h2>Vereenvoudig jou opstelling<\/h2>\n<p>Die bestuur van kabels kan &#039;n gesukkel wees, veral as jy veelvuldige toestelle en bykomstighede het. Die <a href=\"https:\/\/sxpowercase.com\/\" target=\"_blank\" rel=\"noopener\" title=\"SX\" data-wpil-monitor-id=\"122\">SX<\/a> Cable Storage Case is ontwerp om jou opstelling te vereenvoudig deur al jou kabels netjies georganiseer en maklik toeganklik te hou. S\u00ea totsiens vir verstrengelde toue en hallo vir &#039;n vaartbelynde, professionele werkspasie.<\/p>\n<h2>Duursame en kompakte ontwerp<\/h2>\n<p>Die SX Cable Storage Case is gemaak van ho\u00eb kwaliteit, duursame materiale wat langdurige gebruik verseker. Sy kompakte ontwerp maak dit maklik om te dra en te b\u00eare, of jy nou by die huis, op kantoor of op pad is. Vertrou SX om &#039;n betroubare oplossing vir jou kabelbestuurbehoeftes te bied.<\/p>\n<h2>Aanpasbare kompartemente<\/h2>\n<h3>Perfekte pas vir al jou kabels<\/h3>\n<p>Binne die SX Cable Storage Case, laat aanpasbare kompartemente jou toe om jou kabels te rangskik om perfek te pas. Of jy nou USB-kabels, laaikabels of oudiokabels het, hierdie tas kan aangepas word om aan jou spesifieke vereistes te voldoen.<\/p>\n<h3>Beskerm jou belegging<\/h3>\n<p>Kabels is &#039;n noodsaaklike deel van u tegnologiese opstelling. Die SX Cable Storage Case beskerm jou belegging deur skade te voorkom en te verseker dat jou kabels in top toestand bly. Pasgemaakte skuiminsetsels en opgestopte verdelers bied bykomende beskerming en sekuriteit.<\/p>\n<h2>Direkte fabrieksverkope vir onverbeterlike waarde<\/h2>\n<h3>Bekostigbare pryse<\/h3>\n<p>Deur direk vanaf ons fabriek te verkoop, skakel SX die middelman uit, wat ons in staat stel om ons Cable Storage Case teen onverbeterlike pryse aan te bied. Geniet produkte van ho\u00eb gehalte sonder die ho\u00eb prysetiket, en kry die beste waarde vir jou geld.<\/p>\n<h3>Gepasmaak vir jou behoeftes<\/h3>\n<p>SX bied pasgemaakte dienste om te verseker dat jou kabelbergingkas aan jou presiese behoeftes voldoen. Van bykomende kompartemente tot persoonlike handelsmerk, ons kan die perfekte omhulsel vir jou kabels skep. Verbeter jou besigheid met ons pasgemaakte oplossings.<\/p>\n<h2>Verhoog jou besigheid met SX<\/h2>\n<h3>Verhoog doeltreffendheid<\/h3>\n<p>Met die SX Cable Storage Case, spandeer jy minder tyd aan die ontknoping van toue en meer tyd om op jou werk te fokus. Hou jou kabels georganiseer en gereed om te gebruik, wat jou doeltreffendheid en produktiwiteit verhoog.<\/p>\n<h3>Professionele voorkoms<\/h3>\n<p>\u2019n rommelvrye werkspasie lyk meer professioneel en kan kli\u00ebnte en kollegas be\u00efndruk. Die slanke ontwerp van die SX Cable Storage Case voeg &#039;n tikkie professionaliteit by jou opstelling, wat jou help om &#039;n goeie indruk te maak.<\/p>\n<h2>Maklike bestelling en vinnige aflewering<\/h2>\n<p>Dit is eenvoudig en gerieflik om die SX Cable Storage Cases te bestel. Kontak ons verkoopspan om jou behoeftes te bespreek, en ons sal die res hanteer. Ons doeltreffende afleweringstelsel verseker dat jou saak vinnig aankom, gereed om te gebruik.<\/p>\n<h2>Waarom SX kies?<\/h2>\n<h3>Verbintenis tot kwaliteit<\/h3>\n<p>SX is toegewyd aan die verskaffing van produkte wat aan die hoogste standaarde van kwaliteit en duursaamheid voldoen. Ons kabelbergingkas is &#039;n bewys van hierdie verbintenis, wat betroubare beskerming en stylvolle ontwerp bied.<\/p>\n<h3>Tevrede kli\u00ebnte<\/h3>\n<p>Ons kli\u00ebnte is mal oor die SX Cable Storage Cases. &quot;Noodsaaklik vir enige tegnologiese opstelling,&quot; s\u00ea Mike, &#039;n tegnologie-entoesias. &quot;Hou my werkspasie netjies en netjies,&quot; voeg Laura, &#039;n grafiese ontwerper, by. Sluit aan by die tevrede kli\u00ebnte wat SX vertrou vir hul kabelbestuurbehoeftes.<\/p>\n<h2>Gevolgtrekking<\/h2>\n<p>Die SX Cable Storage Cases is die uiteindelike oplossing om jou kabels georganiseer en beskerm te hou. Met sy duursame konstruksie, aanpasbare kompartemente en professionele ontwerp, bied dit onge\u00ebwenaarde gerief en styl. Kies SX vir &#039;n kabelbergingkas wat jou nie in die steek laat nie.<\/p>\n<h2>Bestel vandag nog jou SX-kabelbergingsakkies<\/h2>\n<p>Moenie toelaat dat verstrengelde kabels jou vertraag nie. Bestel jou SX Cable Storage Case vandag nog en ervaar die voordele van &#039;n goed georganiseerde werkspasie. Kontak ons nou om jou bestelling te plaas en geniet die gemoedsrus wat gepaard gaan met die wete dat jou kabels veilig is. Laat SX jou help om jou kabels in perfekte orde te hou, gereed vir enige taak.<\/p>\n<p><strong>Gereelde vrae<\/strong><\/p>\n<p>V: Hoe kan ek &#039;n monster kry?<\/p>\n<p>A: Oor die algemeen sal ons monster gehef word. maar ons sal terugbetaal Wanneer u bestel, sal monster per ekspress afgelewer word, soos DHL, TNT, FEDEX, EMS, ens.<\/p>\n<p>V: Wat van die aanlooptyd vir massaproduksie?<\/p>\n<p>A: Aflewering 25 dae (vir &#039;n paar haastige bestellings kan binne 20 dae afgehandel word).<\/p>\n<p>V: Kan ons ons logo op die saak maak?<\/p>\n<p>A: Ja, ons het sydruk een, geborduurde een en metaallogo vir opsie.<\/p>","protected":false},"excerpt":{"rendered":"<h2 class=\"prodetails-name\">Kabelbergingkas<\/h2>\n<p>Die kabelbergkas met heuningkoek swart gelamineerde laaghout, wat &#039;n unieke voorkoms bied en vervaardig is met die hoogste gehalte materiale en vakmanskap, om jou die uiteindelike sekuriteit vir jou toerusting te gee.<\/p>\n<h2><strong>Produksie inleiding<\/strong><\/h2>\n<p>\u25cf Waar enigsins moontlik gebruik ons ingeboude hardeware, verchroomde plate vir korrosiewe weerstand teen die elemente. \u00d3f Penn Elcom \u00f3f ons eie handelsmerk hardeware word gebruik om te verseker dat ho\u00eb gehalte deurgaans gehandhaaf word.<\/p>\n<p>\u25cf Interne afmetings word altyd in enige skuimvoering aangegee as dit geadverteer word as verskaf.<\/p>\n<p>\u25cf Vuurplank, aluminiumbedekking en nabootsing. die boks is meer duursaam, duursame anti-vibrasie. As &#039;n sterk vesting.<\/p>\n<p>\u25cf All-aluminium rand, metaal ring bevestiging, gevorderde materiaal, saamgestelde skottel en vrye spons.<\/p>\n<p>\u25cf Gerieflike handvatsel, buigsaam en maklik om te dra.<\/p>","protected":false},"featured_media":1770,"comment_status":"open","ping_status":"closed","template":"","meta":[],"product_brand":[],"product_cat":[36],"product_tag":[],"class_list":{"0":"post-1769","1":"product","2":"type-product","3":"status-publish","4":"has-post-thumbnail","6":"product_cat-cables-cases","8":"first","9":"instock","10":"shipping-taxable","11":"product-type-simple"},"yoast_head":"<!-- This site is optimized with the Yoast SEO Premium plugin v27.1 (Yoast SEO v27.2) - https:\/\/yoast.com\/product\/yoast-seo-premium-wordpress\/ -->\n<title>Cable Storage Case Manufacture- https:\/\/sxflightcase.com<\/title>\n<meta name=\"description\" content=\"Cable Storage Case: Discover our factory-direct options for professional customization, perfect for organizing and managing cables efficiently.\" \/>\n<meta name=\"robots\" content=\"index, follow, max-snippet:-1, max-image-preview:large, max-video-preview:-1\" \/>\n<link rel=\"canonical\" href=\"https:\/\/sxflightcase.com\/af\/urun\/kablo-saklama-kutusu-2\/\" \/>\n<meta property=\"og:locale\" content=\"en_US\" \/>\n<meta property=\"og:type\" content=\"article\" \/>\n<meta property=\"og:title\" content=\"Cable Storage Case\" \/>\n<meta property=\"og:description\" content=\"Cable Storage Case: Discover our factory-direct options for professional customization, perfect for organizing and managing cables efficiently.\" \/>\n<meta property=\"og:url\" content=\"https:\/\/sxflightcase.com\/af\/urun\/kablo-saklama-kutusu-2\/\" \/>\n<meta property=\"og:site_name\" content=\"https:\/\/sxflightcase.com\" \/>\n<meta property=\"article:publisher\" content=\"https:\/\/www.facebook.com\/profile.php?id=61560407257971\" \/>\n<meta property=\"article:modified_time\" content=\"2024-06-20T02:25:20+00:00\" \/>\n<meta property=\"og:image\" content=\"https:\/\/sxflightcase.com\/wp-content\/uploads\/2024\/05\/cable-storage-case51570937455.webp\" \/>\n\t<meta property=\"og:image:width\" content=\"700\" \/>\n\t<meta property=\"og:image:height\" content=\"700\" \/>\n\t<meta property=\"og:image:type\" content=\"image\/webp\" \/>\n<meta name=\"twitter:card\" content=\"summary_large_image\" \/>\n<meta name=\"twitter:label1\" content=\"Est. reading time\" \/>\n\t<meta name=\"twitter:data1\" content=\"5 minute\" \/>\n<script type=\"application\/ld+json\" class=\"yoast-schema-graph\">{\"@context\":\"https:\/\/schema.org\",\"@graph\":[{\"@type\":\"WebPage\",\"@id\":\"https:\/\/sxflightcase.com\/tr\/urun\/kablo-saklama-kutusu-2\/\",\"url\":\"https:\/\/sxflightcase.com\/tr\/urun\/kablo-saklama-kutusu-2\/\",\"name\":\"Cable Storage Case Manufacture- https:\/\/sxflightcase.com\",\"isPartOf\":{\"@id\":\"https:\/\/sxflightcase.com\/th\/#website\"},\"primaryImageOfPage\":{\"@id\":\"https:\/\/sxflightcase.com\/tr\/urun\/kablo-saklama-kutusu-2\/#primaryimage\"},\"image\":{\"@id\":\"https:\/\/sxflightcase.com\/tr\/urun\/kablo-saklama-kutusu-2\/#primaryimage\"},\"thumbnailUrl\":\"https:\/\/sxflightcase.com\/wp-content\/uploads\/2024\/05\/cable-storage-case51570937455.webp\",\"datePublished\":\"2024-05-10T06:23:30+00:00\",\"dateModified\":\"2024-06-20T02:25:20+00:00\",\"description\":\"Cable Storage Case: Discover our factory-direct options for professional customization, perfect for organizing and managing cables efficiently.\",\"breadcrumb\":{\"@id\":\"https:\/\/sxflightcase.com\/tr\/urun\/kablo-saklama-kutusu-2\/#breadcrumb\"},\"inLanguage\":\"af-ZA\",\"potentialAction\":[{\"@type\":\"ReadAction\",\"target\":[\"https:\/\/sxflightcase.com\/tr\/urun\/kablo-saklama-kutusu-2\/\"]}]},{\"@type\":\"ImageObject\",\"inLanguage\":\"af-ZA\",\"@id\":\"https:\/\/sxflightcase.com\/tr\/urun\/kablo-saklama-kutusu-2\/#primaryimage\",\"url\":\"https:\/\/sxflightcase.com\/wp-content\/uploads\/2024\/05\/cable-storage-case51570937455.webp\",\"contentUrl\":\"https:\/\/sxflightcase.com\/wp-content\/uploads\/2024\/05\/cable-storage-case51570937455.webp\",\"width\":700,\"height\":700,\"caption\":\"Cable Storage Case\"},{\"@type\":\"BreadcrumbList\",\"@id\":\"https:\/\/sxflightcase.com\/tr\/urun\/kablo-saklama-kutusu-2\/#breadcrumb\",\"itemListElement\":[{\"@type\":\"ListItem\",\"position\":1,\"name\":\"Home\",\"item\":\"https:\/\/sxflightcase.com\/\"},{\"@type\":\"ListItem\",\"position\":2,\"name\":\"\u0e2a\u0e34\u0e19\u0e04\u0e49\u0e32\",\"item\":\"https:\/\/sxflightcase.com\/th\/shop\/\"},{\"@type\":\"ListItem\",\"position\":3,\"name\":\"Cable Storage Case\"}]},{\"@type\":\"WebSite\",\"@id\":\"https:\/\/sxflightcase.com\/th\/#website\",\"url\":\"https:\/\/sxflightcase.com\/th\/\",\"name\":\"sxpowercase.com\",\"description\":\"Flight Case Factory\",\"publisher\":{\"@id\":\"https:\/\/sxflightcase.com\/th\/#organization\"},\"potentialAction\":[{\"@type\":\"SearchAction\",\"target\":{\"@type\":\"EntryPoint\",\"urlTemplate\":\"https:\/\/sxflightcase.com\/th\/?s={search_term_string}\"},\"query-input\":{\"@type\":\"PropertyValueSpecification\",\"valueRequired\":true,\"valueName\":\"search_term_string\"}}],\"inLanguage\":\"af-ZA\"},{\"@type\":\"Organization\",\"@id\":\"https:\/\/sxflightcase.com\/th\/#organization\",\"name\":\"sxpowercase.com\",\"url\":\"https:\/\/sxflightcase.com\/th\/\",\"logo\":{\"@type\":\"ImageObject\",\"inLanguage\":\"af-ZA\",\"@id\":\"https:\/\/sxflightcase.com\/th\/#\/schema\/logo\/image\/\",\"url\":\"https:\/\/sxflightcase.com\/wp-content\/uploads\/2024\/04\/1713919036007.jpg\",\"contentUrl\":\"https:\/\/sxflightcase.com\/wp-content\/uploads\/2024\/04\/1713919036007.jpg\",\"width\":382,\"height\":388,\"caption\":\"sxpowercase.com\"},\"image\":{\"@id\":\"https:\/\/sxflightcase.com\/th\/#\/schema\/logo\/image\/\"},\"sameAs\":[\"https:\/\/www.facebook.com\/profile.php?id=61560407257971\"],\"numberOfEmployees\":{\"@type\":\"QuantitativeValue\",\"minValue\":\"11\",\"maxValue\":\"50\"}}]}<\/script>\n<!-- \/ Yoast SEO Premium plugin. -->","yoast_head_json":{"title":"Cable Storage Case Manufacture- https:\/\/sxflightcase.com","description":"Kabelbergingkas: Ontdek ons fabriek-direkte opsies vir professionele aanpassing, perfek om kabels doeltreffend te organiseer en te bestuur.","robots":{"index":"index","follow":"follow","max-snippet":"max-snippet:-1","max-image-preview":"max-image-preview:large","max-video-preview":"max-video-preview:-1"},"canonical":"https:\/\/sxflightcase.com\/af\/urun\/kablo-saklama-kutusu-2\/","og_locale":"en_US","og_type":"article","og_title":"Cable Storage Case","og_description":"Cable Storage Case: Discover our factory-direct options for professional customization, perfect for organizing and managing cables efficiently.","og_url":"https:\/\/sxflightcase.com\/af\/urun\/kablo-saklama-kutusu-2\/","og_site_name":"https:\/\/sxflightcase.com","article_publisher":"https:\/\/www.facebook.com\/profile.php?id=61560407257971","article_modified_time":"2024-06-20T02:25:20+00:00","og_image":[{"width":700,"height":700,"url":"https:\/\/sxflightcase.com\/wp-content\/uploads\/2024\/05\/cable-storage-case51570937455.webp","type":"image\/webp"}],"twitter_card":"summary_large_image","twitter_misc":{"Est. reading time":"5 minute"},"schema":{"@context":"https:\/\/schema.org","@graph":[{"@type":"WebPage","@id":"https:\/\/sxflightcase.com\/tr\/urun\/kablo-saklama-kutusu-2\/","url":"https:\/\/sxflightcase.com\/tr\/urun\/kablo-saklama-kutusu-2\/","name":"Cable Storage Case Manufacture- https:\/\/sxflightcase.com","isPartOf":{"@id":"https:\/\/sxflightcase.com\/th\/#website"},"primaryImageOfPage":{"@id":"https:\/\/sxflightcase.com\/tr\/urun\/kablo-saklama-kutusu-2\/#primaryimage"},"image":{"@id":"https:\/\/sxflightcase.com\/tr\/urun\/kablo-saklama-kutusu-2\/#primaryimage"},"thumbnailUrl":"https:\/\/sxflightcase.com\/wp-content\/uploads\/2024\/05\/cable-storage-case51570937455.webp","datePublished":"2024-05-10T06:23:30+00:00","dateModified":"2024-06-20T02:25:20+00:00","description":"Kabelbergingkas: Ontdek ons fabriek-direkte opsies vir professionele aanpassing, perfek om kabels doeltreffend te organiseer en te bestuur.","breadcrumb":{"@id":"https:\/\/sxflightcase.com\/tr\/urun\/kablo-saklama-kutusu-2\/#breadcrumb"},"inLanguage":"af-ZA","potentialAction":[{"@type":"ReadAction","target":["https:\/\/sxflightcase.com\/tr\/urun\/kablo-saklama-kutusu-2\/"]}]},{"@type":"ImageObject","inLanguage":"af-ZA","@id":"https:\/\/sxflightcase.com\/tr\/urun\/kablo-saklama-kutusu-2\/#primaryimage","url":"https:\/\/sxflightcase.com\/wp-content\/uploads\/2024\/05\/cable-storage-case51570937455.webp","contentUrl":"https:\/\/sxflightcase.com\/wp-content\/uploads\/2024\/05\/cable-storage-case51570937455.webp","width":700,"height":700,"caption":"Cable Storage Case"},{"@type":"BreadcrumbList","@id":"https:\/\/sxflightcase.com\/tr\/urun\/kablo-saklama-kutusu-2\/#breadcrumb","itemListElement":[{"@type":"ListItem","position":1,"name":"Home","item":"https:\/\/sxflightcase.com\/"},{"@type":"ListItem","position":2,"name":"\u0e2a\u0e34\u0e19\u0e04\u0e49\u0e32","item":"https:\/\/sxflightcase.com\/th\/shop\/"},{"@type":"ListItem","position":3,"name":"Cable Storage Case"}]},{"@type":"WebSite","@id":"https:\/\/sxflightcase.com\/th\/#website","url":"https:\/\/sxflightcase.com\/th\/","name":"sxpowercase.com","description":"Flight Case Factory","publisher":{"@id":"https:\/\/sxflightcase.com\/th\/#organization"},"potentialAction":[{"@type":"SearchAction","target":{"@type":"EntryPoint","urlTemplate":"https:\/\/sxflightcase.com\/th\/?s={search_term_string}"},"query-input":{"@type":"PropertyValueSpecification","valueRequired":true,"valueName":"search_term_string"}}],"inLanguage":"af-ZA"},{"@type":"Organization","@id":"https:\/\/sxflightcase.com\/th\/#organization","name":"sxpowercase.com","url":"https:\/\/sxflightcase.com\/th\/","logo":{"@type":"ImageObject","inLanguage":"af-ZA","@id":"https:\/\/sxflightcase.com\/th\/#\/schema\/logo\/image\/","url":"https:\/\/sxflightcase.com\/wp-content\/uploads\/2024\/04\/1713919036007.jpg","contentUrl":"https:\/\/sxflightcase.com\/wp-content\/uploads\/2024\/04\/1713919036007.jpg","width":382,"height":388,"caption":"sxpowercase.com"},"image":{"@id":"https:\/\/sxflightcase.com\/th\/#\/schema\/logo\/image\/"},"sameAs":["https:\/\/www.facebook.com\/profile.php?id=61560407257971"],"numberOfEmployees":{"@type":"QuantitativeValue","minValue":"11","maxValue":"50"}}]}},"_links":{"self":[{"href":"https:\/\/sxflightcase.com\/af\/wp-json\/wp\/v2\/product\/1769","targetHints":{"allow":["GET"]}}],"collection":[{"href":"https:\/\/sxflightcase.com\/af\/wp-json\/wp\/v2\/product"}],"about":[{"href":"https:\/\/sxflightcase.com\/af\/wp-json\/wp\/v2\/types\/product"}],"replies":[{"embeddable":true,"href":"https:\/\/sxflightcase.com\/af\/wp-json\/wp\/v2\/comments?post=1769"}],"version-history":[{"count":0,"href":"https:\/\/sxflightcase.com\/af\/wp-json\/wp\/v2\/product\/1769\/revisions"}],"wp:featuredmedia":[{"embeddable":true,"href":"https:\/\/sxflightcase.com\/af\/wp-json\/wp\/v2\/media\/1770"}],"wp:attachment":[{"href":"https:\/\/sxflightcase.com\/af\/wp-json\/wp\/v2\/media?parent=1769"}],"wp:term":[{"taxonomy":"product_brand","embeddable":true,"href":"https:\/\/sxflightcase.com\/af\/wp-json\/wp\/v2\/product_brand?post=1769"},{"taxonomy":"product_cat","embeddable":true,"href":"https:\/\/sxflightcase.com\/af\/wp-json\/wp\/v2\/product_cat?post=1769"},{"taxonomy":"product_tag","embeddable":true,"href":"https:\/\/sxflightcase.com\/af\/wp-json\/wp\/v2\/product_tag?post=1769"}],"curies":[{"name":"wp","href":"https:\/\/api.w.org\/{rel}","templated":true}]}}