{"id":4551,"date":"2024-09-25T07:26:27","date_gmt":"2024-09-25T06:26:27","guid":{"rendered":"https:\/\/sxpowercase.com\/?post_type=product&#038;p=4551"},"modified":"2024-09-25T07:26:28","modified_gmt":"2024-09-25T06:26:28","slug":"support-hinges-stb101","status":"publish","type":"product","link":"https:\/\/sxflightcase.com\/af\/product\/support-hinges-stb101\/","title":{"rendered":"Ondersteun skarniere STB101"},"content":{"rendered":"<h3>SX: Jou betroubare bron vir <strong>Ondersteun skarniere<\/strong><\/h3>\n<p>By SX is ons trots daarop om &#039;n betroubare verskaffer van <strong>ondersteun skarniere<\/strong> wat duursaamheid en bekostigbaarheid kombineer. Of dit nou vir residensi\u00eble, kommersi\u00eble of industri\u00eble toepassings is, ons skarniere is ontwerp om langdurige ondersteuning en gladde funksionaliteit te bied. Met <strong>fabriek-direkte pryse<\/strong>, kan jy verseker wees dat jy kwaliteit skarniere teen die beste moontlike prys kry, sonder om in te boet op vakmanskap of sterkte.<\/p>\n<h3>Uitstekende gehalte teen lae pryse<\/h3>\n<p><a href=\"https:\/\/sxpowercase.com\/\" target=\"_blank\" rel=\"noopener\" title=\"SX\" data-wpil-monitor-id=\"783\">SX<\/a> verstaan die belangrikheid van kwaliteit wanneer dit kom by <strong>ondersteun skarniere<\/strong>. Dit is hoekom ons verseker dat elke produk volgens die hoogste standaarde vervaardig is, wat u voorsien van skarniere wat die toets van die tyd deurstaan. Danksy ons <strong>direk vanaf die fabriek<\/strong> model, is ons in staat om die middelman uit te sny en daardie besparings direk aan jou deur te gee. Jy kry voortreflike produkte by <strong>mededingende pryse<\/strong>, gerugsteun deur ons kwaliteit waarborg.<\/p>\n<h3>Wye reeks toepassings<\/h3>\n<p>Ons <strong>ondersteun skarniere<\/strong> is veelsydig, wat hulle geskik maak vir verskeie toepassings soos kaste, deure of ander installasies wat sterk en betroubare skarniere vereis. Die SX-reeks sluit &#039;n verskeidenheid opsies in wat aan verskillende vereistes voldoen, wat beide funksionaliteit en maklike installasie bied. Ons verseker dat elke skarnier is <strong>koste-effektief<\/strong> sonder om kwaliteit prys te gee.<\/p>\n<h3>SX Toewyding tot Uitnemendheid<\/h3>\n<p>Wat SX onderskei, is ons toewyding aan beide bekostigbaarheid en <strong>gehalteversekering<\/strong>. Ons <strong>ondersteun skarniere<\/strong> lewer nie net betroubare werkverrigting nie, maar word ook gerugsteun deur ons verbintenis tot ho\u00eb standaarde in vervaardiging. Met SX kan jy vertrou dat elke skarnier wat jy koop gemaak is om te hou. Ons <strong>direkte fabriek<\/strong> pryse verseker dat u die beste moontlike transaksie op hardeware van ho\u00eb gehalte kry.<\/p>\n<h3>Waarom SX kies?<\/h3>\n<p>SX is jou gewilde handelsmerk vir ho\u00eb werkverrigting <strong>ondersteun skarniere<\/strong> dit sal nie die bank breek nie. Ons glo daarin om bekostigbaarheid met kwaliteit te kombineer, om te verseker dat elke skarnier gebou is om te presteer en hou. Ons produkte is ideaal vir diegene wat op soek is na duursame oplossings by <strong>bekostigbare pryse<\/strong>. Wanneer jy SX kies, bel\u00ea jy in uitnemendheid.<\/p>\n<h3>Gevolgtrekking<\/h3>\n<p>Kies SX vir jou <strong>ondersteun skarniere<\/strong> benodig en ervaar die beste van twee w\u00earelde: <strong>kwaliteit en bekostigbaarheid<\/strong>. Ons fabriek-direkte model en verbintenis tot <strong>voortreflike vakmanskap<\/strong> maak ons die voorkeurverskaffer vir kli\u00ebnte wat die perfekte balans tussen prys en betroubaarheid soek.<\/p>\n<ol>\n<li>Kontak Nou:<span style=\"color: #0000ff;\"><a style=\"color: #0000ff;\" href=\"https:\/\/sxpowercase.com\/contact-us\/\">https:\/\/sxpowercase.com\/<\/a><\/span><\/li>\n<li>Hardeware produk Katalogus:<span style=\"color: #0000ff;\"><a style=\"color: #0000ff;\" href=\"https:\/\/sxpowercase.com\/wp-content\/uploads\/2024\/07\/\u4e94\u91d1.pdf\">Hardeware bykomstighede katalogus<\/a><\/span><\/li>\n<\/ol>","protected":false},"excerpt":{"rendered":"<h3>Duursame ondersteuningskarniere teen bekostigbare pryse<\/h3>\n<p>SX bied ondersteuningskarniere van ho\u00eb gehalte wat ontwerp is vir langdurige werkverrigting oor residensi\u00eble, kommersi\u00eble en industri\u00eble toepassings, alles teen mededingende fabrieks-direkte pryse.<\/p>\n<h3>Veelsydige en koste-effektiewe oplossings<\/h3>\n<p>Ons ondersteuningskarniere bied veelsydigheid en gemak van installasie, wat dit geskik maak vir kaste, deure en meer, sonder om duursaamheid of koste in te boet.<\/p>\n<h3>Uitnemendheid in kwaliteit en bekostigbaarheid<\/h3>\n<p>SX kombineer vakmanskap met bekostigbaarheid, om te verseker dat elke steunskarnier aan streng kwaliteitstandaarde voldoen terwyl dit die beste waarde vir jou geld bied.<\/p>","protected":false},"featured_media":4501,"comment_status":"open","ping_status":"closed","template":"","meta":[],"product_brand":[],"product_cat":[67],"product_tag":[],"class_list":{"0":"post-4551","1":"product","2":"type-product","3":"status-publish","4":"has-post-thumbnail","6":"product_cat-hingesstays","8":"first","9":"instock","10":"shipping-taxable","11":"product-type-simple"},"yoast_head":"<!-- This site is optimized with the Yoast SEO Premium plugin v27.1 (Yoast SEO v27.2) - https:\/\/yoast.com\/product\/yoast-seo-premium-wordpress\/ -->\n<title>Support Hinges STB101 - https:\/\/sxflightcase.com \ud83d\udc97<\/title>\n<meta name=\"description\" content=\"SX offers high-quality support hinges at factory-direct prices. Durable, reliable, and affordable, SX is your trusted source for hinges.\" \/>\n<meta name=\"robots\" content=\"index, follow, max-snippet:-1, max-image-preview:large, max-video-preview:-1\" \/>\n<link rel=\"canonical\" href=\"https:\/\/sxflightcase.com\/af\/\u4ea7\u54c1\/\u652f\u6491\u94f0\u94fe-stb101-2\/\" \/>\n<meta property=\"og:locale\" content=\"en_US\" \/>\n<meta property=\"og:type\" content=\"article\" \/>\n<meta property=\"og:title\" content=\"Support Hinges STB101\" \/>\n<meta property=\"og:description\" content=\"SX offers high-quality support hinges at factory-direct prices. Durable, reliable, and affordable, SX is your trusted source for hinges.\" \/>\n<meta property=\"og:url\" content=\"https:\/\/sxflightcase.com\/af\/\u4ea7\u54c1\/\u652f\u6491\u94f0\u94fe-stb101-2\/\" \/>\n<meta property=\"og:site_name\" content=\"https:\/\/sxflightcase.com\" \/>\n<meta property=\"article:publisher\" content=\"https:\/\/www.facebook.com\/profile.php?id=61560407257971\" \/>\n<meta property=\"article:modified_time\" content=\"2024-09-25T06:26:28+00:00\" \/>\n<meta property=\"og:image\" content=\"https:\/\/sxflightcase.com\/wp-content\/uploads\/2024\/09\/STB101.jpg\" \/>\n\t<meta property=\"og:image:width\" content=\"700\" \/>\n\t<meta property=\"og:image:height\" content=\"700\" \/>\n\t<meta property=\"og:image:type\" content=\"image\/jpeg\" \/>\n<meta name=\"twitter:card\" content=\"summary_large_image\" \/>\n<meta name=\"twitter:label1\" content=\"Est. reading time\" \/>\n\t<meta name=\"twitter:data1\" content=\"3 minute\" \/>\n<script type=\"application\/ld+json\" class=\"yoast-schema-graph\">{\"@context\":\"https:\/\/schema.org\",\"@graph\":[{\"@type\":\"WebPage\",\"@id\":\"https:\/\/sxflightcase.com\/zh\/\u4ea7\u54c1\/\u652f\u6491\u94f0\u94fe-stb101-2\/\",\"url\":\"https:\/\/sxflightcase.com\/zh\/\u4ea7\u54c1\/\u652f\u6491\u94f0\u94fe-stb101-2\/\",\"name\":\"Support Hinges STB101 - https:\/\/sxflightcase.com \ud83d\udc97\",\"isPartOf\":{\"@id\":\"https:\/\/sxflightcase.com\/th\/#website\"},\"primaryImageOfPage\":{\"@id\":\"https:\/\/sxflightcase.com\/zh\/\u4ea7\u54c1\/\u652f\u6491\u94f0\u94fe-stb101-2\/#primaryimage\"},\"image\":{\"@id\":\"https:\/\/sxflightcase.com\/zh\/\u4ea7\u54c1\/\u652f\u6491\u94f0\u94fe-stb101-2\/#primaryimage\"},\"thumbnailUrl\":\"https:\/\/sxflightcase.com\/wp-content\/uploads\/2024\/09\/STB101.jpg\",\"datePublished\":\"2024-09-25T06:26:27+00:00\",\"dateModified\":\"2024-09-25T06:26:28+00:00\",\"description\":\"SX offers high-quality support hinges at factory-direct prices. Durable, reliable, and affordable, SX is your trusted source for hinges.\",\"breadcrumb\":{\"@id\":\"https:\/\/sxflightcase.com\/zh\/\u4ea7\u54c1\/\u652f\u6491\u94f0\u94fe-stb101-2\/#breadcrumb\"},\"inLanguage\":\"af-ZA\",\"potentialAction\":[{\"@type\":\"ReadAction\",\"target\":[\"https:\/\/sxflightcase.com\/zh\/\u4ea7\u54c1\/\u652f\u6491\u94f0\u94fe-stb101-2\/\"]}]},{\"@type\":\"ImageObject\",\"inLanguage\":\"af-ZA\",\"@id\":\"https:\/\/sxflightcase.com\/zh\/\u4ea7\u54c1\/\u652f\u6491\u94f0\u94fe-stb101-2\/#primaryimage\",\"url\":\"https:\/\/sxflightcase.com\/wp-content\/uploads\/2024\/09\/STB101.jpg\",\"contentUrl\":\"https:\/\/sxflightcase.com\/wp-content\/uploads\/2024\/09\/STB101.jpg\",\"width\":700,\"height\":700,\"caption\":\"Support Hinges\"},{\"@type\":\"BreadcrumbList\",\"@id\":\"https:\/\/sxflightcase.com\/zh\/\u4ea7\u54c1\/\u652f\u6491\u94f0\u94fe-stb101-2\/#breadcrumb\",\"itemListElement\":[{\"@type\":\"ListItem\",\"position\":1,\"name\":\"Home\",\"item\":\"https:\/\/sxflightcase.com\/\"},{\"@type\":\"ListItem\",\"position\":2,\"name\":\"\u0e2a\u0e34\u0e19\u0e04\u0e49\u0e32\",\"item\":\"https:\/\/sxflightcase.com\/th\/shop\/\"},{\"@type\":\"ListItem\",\"position\":3,\"name\":\"Support Hinges STB101\"}]},{\"@type\":\"WebSite\",\"@id\":\"https:\/\/sxflightcase.com\/th\/#website\",\"url\":\"https:\/\/sxflightcase.com\/th\/\",\"name\":\"sxpowercase.com\",\"description\":\"Flight Case Factory\",\"publisher\":{\"@id\":\"https:\/\/sxflightcase.com\/th\/#organization\"},\"potentialAction\":[{\"@type\":\"SearchAction\",\"target\":{\"@type\":\"EntryPoint\",\"urlTemplate\":\"https:\/\/sxflightcase.com\/th\/?s={search_term_string}\"},\"query-input\":{\"@type\":\"PropertyValueSpecification\",\"valueRequired\":true,\"valueName\":\"search_term_string\"}}],\"inLanguage\":\"af-ZA\"},{\"@type\":\"Organization\",\"@id\":\"https:\/\/sxflightcase.com\/th\/#organization\",\"name\":\"sxpowercase.com\",\"url\":\"https:\/\/sxflightcase.com\/th\/\",\"logo\":{\"@type\":\"ImageObject\",\"inLanguage\":\"af-ZA\",\"@id\":\"https:\/\/sxflightcase.com\/th\/#\/schema\/logo\/image\/\",\"url\":\"https:\/\/sxflightcase.com\/wp-content\/uploads\/2024\/04\/1713919036007.jpg\",\"contentUrl\":\"https:\/\/sxflightcase.com\/wp-content\/uploads\/2024\/04\/1713919036007.jpg\",\"width\":382,\"height\":388,\"caption\":\"sxpowercase.com\"},\"image\":{\"@id\":\"https:\/\/sxflightcase.com\/th\/#\/schema\/logo\/image\/\"},\"sameAs\":[\"https:\/\/www.facebook.com\/profile.php?id=61560407257971\"],\"numberOfEmployees\":{\"@type\":\"QuantitativeValue\",\"minValue\":\"11\",\"maxValue\":\"50\"}}]}<\/script>\n<!-- \/ Yoast SEO Premium plugin. -->","yoast_head_json":{"title":"Support Hinges STB101 - https:\/\/sxflightcase.com \ud83d\udc97","description":"SX offers high-quality support hinges at factory-direct prices. Durable, reliable, and affordable, SX is your trusted source for hinges.","robots":{"index":"index","follow":"follow","max-snippet":"max-snippet:-1","max-image-preview":"max-image-preview:large","max-video-preview":"max-video-preview:-1"},"canonical":"https:\/\/sxflightcase.com\/af\/\u4ea7\u54c1\/\u652f\u6491\u94f0\u94fe-stb101-2\/","og_locale":"en_US","og_type":"article","og_title":"Support Hinges STB101","og_description":"SX offers high-quality support hinges at factory-direct prices. Durable, reliable, and affordable, SX is your trusted source for hinges.","og_url":"https:\/\/sxflightcase.com\/af\/\u4ea7\u54c1\/\u652f\u6491\u94f0\u94fe-stb101-2\/","og_site_name":"https:\/\/sxflightcase.com","article_publisher":"https:\/\/www.facebook.com\/profile.php?id=61560407257971","article_modified_time":"2024-09-25T06:26:28+00:00","og_image":[{"width":700,"height":700,"url":"https:\/\/sxflightcase.com\/wp-content\/uploads\/2024\/09\/STB101.jpg","type":"image\/jpeg"}],"twitter_card":"summary_large_image","twitter_misc":{"Est. reading time":"3 minute"},"schema":{"@context":"https:\/\/schema.org","@graph":[{"@type":"WebPage","@id":"https:\/\/sxflightcase.com\/zh\/\u4ea7\u54c1\/\u652f\u6491\u94f0\u94fe-stb101-2\/","url":"https:\/\/sxflightcase.com\/zh\/\u4ea7\u54c1\/\u652f\u6491\u94f0\u94fe-stb101-2\/","name":"Support Hinges STB101 - https:\/\/sxflightcase.com \ud83d\udc97","isPartOf":{"@id":"https:\/\/sxflightcase.com\/th\/#website"},"primaryImageOfPage":{"@id":"https:\/\/sxflightcase.com\/zh\/\u4ea7\u54c1\/\u652f\u6491\u94f0\u94fe-stb101-2\/#primaryimage"},"image":{"@id":"https:\/\/sxflightcase.com\/zh\/\u4ea7\u54c1\/\u652f\u6491\u94f0\u94fe-stb101-2\/#primaryimage"},"thumbnailUrl":"https:\/\/sxflightcase.com\/wp-content\/uploads\/2024\/09\/STB101.jpg","datePublished":"2024-09-25T06:26:27+00:00","dateModified":"2024-09-25T06:26:28+00:00","description":"SX offers high-quality support hinges at factory-direct prices. Durable, reliable, and affordable, SX is your trusted source for hinges.","breadcrumb":{"@id":"https:\/\/sxflightcase.com\/zh\/\u4ea7\u54c1\/\u652f\u6491\u94f0\u94fe-stb101-2\/#breadcrumb"},"inLanguage":"af-ZA","potentialAction":[{"@type":"ReadAction","target":["https:\/\/sxflightcase.com\/zh\/\u4ea7\u54c1\/\u652f\u6491\u94f0\u94fe-stb101-2\/"]}]},{"@type":"ImageObject","inLanguage":"af-ZA","@id":"https:\/\/sxflightcase.com\/zh\/\u4ea7\u54c1\/\u652f\u6491\u94f0\u94fe-stb101-2\/#primaryimage","url":"https:\/\/sxflightcase.com\/wp-content\/uploads\/2024\/09\/STB101.jpg","contentUrl":"https:\/\/sxflightcase.com\/wp-content\/uploads\/2024\/09\/STB101.jpg","width":700,"height":700,"caption":"Support Hinges"},{"@type":"BreadcrumbList","@id":"https:\/\/sxflightcase.com\/zh\/\u4ea7\u54c1\/\u652f\u6491\u94f0\u94fe-stb101-2\/#breadcrumb","itemListElement":[{"@type":"ListItem","position":1,"name":"Home","item":"https:\/\/sxflightcase.com\/"},{"@type":"ListItem","position":2,"name":"\u0e2a\u0e34\u0e19\u0e04\u0e49\u0e32","item":"https:\/\/sxflightcase.com\/th\/shop\/"},{"@type":"ListItem","position":3,"name":"Support Hinges STB101"}]},{"@type":"WebSite","@id":"https:\/\/sxflightcase.com\/th\/#website","url":"https:\/\/sxflightcase.com\/th\/","name":"sxpowercase.com","description":"Flight Case Factory","publisher":{"@id":"https:\/\/sxflightcase.com\/th\/#organization"},"potentialAction":[{"@type":"SearchAction","target":{"@type":"EntryPoint","urlTemplate":"https:\/\/sxflightcase.com\/th\/?s={search_term_string}"},"query-input":{"@type":"PropertyValueSpecification","valueRequired":true,"valueName":"search_term_string"}}],"inLanguage":"af-ZA"},{"@type":"Organization","@id":"https:\/\/sxflightcase.com\/th\/#organization","name":"sxpowercase.com","url":"https:\/\/sxflightcase.com\/th\/","logo":{"@type":"ImageObject","inLanguage":"af-ZA","@id":"https:\/\/sxflightcase.com\/th\/#\/schema\/logo\/image\/","url":"https:\/\/sxflightcase.com\/wp-content\/uploads\/2024\/04\/1713919036007.jpg","contentUrl":"https:\/\/sxflightcase.com\/wp-content\/uploads\/2024\/04\/1713919036007.jpg","width":382,"height":388,"caption":"sxpowercase.com"},"image":{"@id":"https:\/\/sxflightcase.com\/th\/#\/schema\/logo\/image\/"},"sameAs":["https:\/\/www.facebook.com\/profile.php?id=61560407257971"],"numberOfEmployees":{"@type":"QuantitativeValue","minValue":"11","maxValue":"50"}}]}},"_links":{"self":[{"href":"https:\/\/sxflightcase.com\/af\/wp-json\/wp\/v2\/product\/4551","targetHints":{"allow":["GET"]}}],"collection":[{"href":"https:\/\/sxflightcase.com\/af\/wp-json\/wp\/v2\/product"}],"about":[{"href":"https:\/\/sxflightcase.com\/af\/wp-json\/wp\/v2\/types\/product"}],"replies":[{"embeddable":true,"href":"https:\/\/sxflightcase.com\/af\/wp-json\/wp\/v2\/comments?post=4551"}],"version-history":[{"count":0,"href":"https:\/\/sxflightcase.com\/af\/wp-json\/wp\/v2\/product\/4551\/revisions"}],"wp:featuredmedia":[{"embeddable":true,"href":"https:\/\/sxflightcase.com\/af\/wp-json\/wp\/v2\/media\/4501"}],"wp:attachment":[{"href":"https:\/\/sxflightcase.com\/af\/wp-json\/wp\/v2\/media?parent=4551"}],"wp:term":[{"taxonomy":"product_brand","embeddable":true,"href":"https:\/\/sxflightcase.com\/af\/wp-json\/wp\/v2\/product_brand?post=4551"},{"taxonomy":"product_cat","embeddable":true,"href":"https:\/\/sxflightcase.com\/af\/wp-json\/wp\/v2\/product_cat?post=4551"},{"taxonomy":"product_tag","embeddable":true,"href":"https:\/\/sxflightcase.com\/af\/wp-json\/wp\/v2\/product_tag?post=4551"}],"curies":[{"name":"wp","href":"https:\/\/api.w.org\/{rel}","templated":true}]}}