{"id":1052,"date":"2024-05-06T03:11:55","date_gmt":"2024-05-06T02:11:55","guid":{"rendered":"https:\/\/sxpowercase.com\/?post_type=product&#038;p=1052"},"modified":"2025-02-17T23:17:57","modified_gmt":"2025-02-18T07:17:57","slug":"flight-case-workstation","status":"publish","type":"product","link":"https:\/\/sxflightcase.com\/da\/vare\/flight-case-arbejdsstation\/","title":{"rendered":"Flight Case Workstation"},"content":{"rendered":"<div class=\"module_title\">\n<div class=\"product-title-container\" data-aplus-ae=\"x1_575504cc\" data-spm-anchor-id=\"a2700.details.0.i0.46af3b1dP9vXH4\" data-aplus-clk=\"x1_19fc0ab9\">\n<p><strong>Titel:<\/strong><br \/>\nFOH Pro Audio System Workstation Box 12U <a href=\"https:\/\/sxpowercase.com\/product\/12u-rack-flight-case\/\">Flyvesag<\/a> | Rack Case, der kan tilpasses, til eventfolk<\/p>\n<p><strong>Meta beskrivelse:<\/strong><br \/>\nOplev SX's 12U Flight Case Workstation, den ultimative l\u00f8sning til eventprofessionelle. Den er holdbar, kan tilpasses og er b\u00e6rbar, og den str\u00f8mliner ops\u00e6tningen af arrangementer og beskytter dit udstyr.<\/p>\n<hr \/>\n<p><strong>Vi pr\u00e6senterer SX's 12U Flight Case Workstation: Den ultimative l\u00f8sning til ops\u00e6tning af events<\/strong><\/p>\n<p>I den hurtige verden af eventproduktion er effektivitet og p\u00e5lidelighed afg\u00f8rende. SX's\u00a0<strong>12U <a href=\"https:\/\/sxpowercase.com\/product\/mixer-hard-case\/\">Flyvesag<\/a> Arbejdsstation<\/strong>\u00a0er designet til at \u00e6ndre den m\u00e5de, hvorp\u00e5 eventfolk h\u00e5ndterer deres ops\u00e6tninger. Denne tilpasselige, holdbare og b\u00e6rbare arbejdsstation er den perfekte l\u00f8sning til at organisere og beskytte dit udstyr og sikre en problemfri afvikling af arrangementet.<\/p>\n<hr \/>\n<h3><strong>Hvorfor v\u00e6lge SX's Flight Case Workstation?<\/strong><\/h3>\n<ol start=\"1\">\n<li><strong>Brugertilpasset design til ethvert behov<\/strong><br \/>\nIkke to events er ens, og det er deres ops\u00e6tning heller ikke. SX har specialiseret sig i at skabe\u00a0<strong>kan tilpasses fuldt ud <a href=\"https:\/\/sxpowercase.com\/product\/dj-coffin-case-manufacture\/\">flyvekasser<\/a><\/strong>\u00a0skr\u00e6ddersyet til dine specifikke behov. Uanset om du har brug for sikker opbevaring af skr\u00f8beligt lydudstyr eller en mobil arbejdsstation til justeringer p\u00e5 farten, s\u00e5 har vi styr p\u00e5 det.<\/li>\n<li><strong>Bygget til at holde<\/strong><br \/>\nKonstrueret med en\u00a0<strong>aluminiumsramme<\/strong>,\u00a0<strong>Brandsikker 12 mm krydsfiner<\/strong>, og\u00a0<strong>St\u00f8dsikkert skum med h\u00f8j densitet<\/strong>Vores flightcases er bygget til at modst\u00e5 vejens strabadser. Dit udstyr forbliver sikkert under transport og opbevaring, uanset forholdene.<\/li>\n<li><strong>B\u00e6rbarhed, n\u00e5r den er bedst<\/strong><br \/>\nMed\u00a0<strong>fire sommerfuglel\u00e5se<\/strong>,\u00a0<strong>fire robuste h\u00e5ndtag<\/strong>, og\u00a0<strong>fire letrullende hjul<\/strong>Vores flightcases er designet til nem transport. Flyt din arbejdsstation ubesv\u00e6ret mellem forskellige steder, spar tid og reducer ops\u00e6tningsstress.<\/li>\n<li><strong>Str\u00f8mlin dit arbejdsflow<\/strong><br \/>\nVed at centralisere dit udstyr p\u00e5 \u00e9t organiseret sted hj\u00e6lper SX's Flight Case Workstation dig med at s\u00e6tte op hurtigere og arbejde mere effektivt. Det betyder flere koncerter, st\u00f8rre indt\u00e6gter og gladere kunder.<\/li>\n<\/ol>\n<hr \/>\n<h3><strong>Vigtige funktioner:<\/strong><\/h3>\n<ul>\n<li><strong>Materiale:<\/strong>\u00a0Aluminiumsramme + brandsikker 12 mm krydsfiner<\/li>\n<li><strong>Indvendigt:<\/strong>\u00a0St\u00f8dsikkert skum med h\u00f8j densitet giver maksimal beskyttelse<\/li>\n<li><strong>St\u00f8rrelse:<\/strong>\u00a0Kan tilpasses fuldt ud, s\u00e5 det passer til dit udstyr<\/li>\n<li><strong>Tilbeh\u00f8r:<\/strong>\u00a0Fire sommerfuglel\u00e5se, fire hjul, fire st\u00e6rke h\u00e5ndtag<\/li>\n<li><strong>Tilpasning:<\/strong>\u00a0Skr\u00e6ddersy kufferten til dine behov - v\u00e6lg materialer, dimensioner, indvendigt fyld, h\u00e5ndtag og l\u00e5se.<\/li>\n<\/ul>\n<hr \/>\n<h3><strong>\u00d8g effektiviteten af din begivenhed<\/strong><\/h3>\n<p>At investere i SX's Flight Case Workstation er en investering i din virksomheds succes. Ved at str\u00f8mline din ops\u00e6tningsproces kan du p\u00e5tage dig flere arrangementer, \u00f8ge din rentabilitet og forbedre dit professionelle image.<\/p>\n<hr \/>\n<h3><strong>Kundetilfredshed garanteret<\/strong><\/h3>\n<p>Eventfolk over hele verden stoler p\u00e5 SX's Flight Case Workstations for deres p\u00e5lidelighed, holdbarhed og bekvemmelighed. Slut dig til r\u00e6kken af brancheledere, der stoler p\u00e5, at SX beskytter deres udstyr og forbedrer deres arbejdsgange.<\/p>\n<hr \/>\n<h3><strong>Ofte stillede sp\u00f8rgsm\u00e5l<\/strong><\/h3>\n<p><strong>Q: Kan SX tilpasse layoutet af Flight Case Workstation, s\u00e5 det passer til mit specifikke udstyr?<\/strong><br \/>\nA: Helt sikkert! Vi har specialiseret os i at skabe skr\u00e6ddersyede roadcases, der passer til dine unikke behov og udstyrsspecifikationer.<\/p>\n<p><strong>Q: Hvor holdbare er SX&#039;s Flight Case-arbejdsstationer?<\/strong><br \/>\nA: Ekstremt holdbar. Vores etuier er bygget til at modst\u00e5 vejens krav og giver p\u00e5lidelig beskyttelse af dit udstyr.<\/p>\n<p><strong>Q: Er SX&#039;s Flight Case-arbejdsstationer nemme at transportere?<\/strong><br \/>\nA: Ja, vores etuier er designet med indbyggede h\u00e5ndtag og hjul for nem man\u00f8vredygtighed, hvilket g\u00f8r dem ideelle til ops\u00e6tning af begivenheder p\u00e5 farten.<\/p>\n<p><strong>Sp\u00f8rgsm\u00e5l: Kan brugen af SX&#039;s Flight Case-arbejdsstationer hj\u00e6lpe mig med at \u00f8ge min virksomheds rentabilitet?<\/strong><br \/>\nA: Helt sikkert. Ved at str\u00f8mline din begivenhedsops\u00e6tningsproces kan du gennemf\u00f8re flere koncerter p\u00e5 kortere tid, hvilket maksimerer dit indtjeningspotentiale.<\/p>\n<p><strong>Q: Hvordan kan jeg bestille en specialfremstillet Flight Cases Workstation fra SX?<\/strong><br \/>\nSvar: Du skal blot kontakte vores team, s\u00e5 arbejder vi sammen med dig om at designe den perfekte l\u00f8sning til dine behov for ops\u00e6tning af arrangementer.<\/p>\n<\/div>\n<\/div>","protected":false},"excerpt":{"rendered":"<div class=\"react-scroll-to-bottom--css-fywsr-1n7m0yu\">\n<div class=\"flex flex-col text-sm pb-9\">\n<div class=\"w-full text-token-text-primary sm:AIPRM__conversation__response\" dir=\"auto\" data-testid=\"conversation-turn-5\" data-scroll-anchor=\"true\">\n<div class=\"yoast-text-mark\">class=&#8221;py-2 px-3 text-base md:px-4 m-auto md:px-5 lg:px-1 xl:px-5&#8243;&amp;gt;&amp;amp;amp;lt;div class=&#8221;mx-auto flex flex-1 gap-3 text-base juice:gap-4 juice:md:gap-6 md:max-w-3xl lg:max-w-[40rem] xl:max-w-[48rem]&#8221;&gt;<\/p>\n<div class=\"relative flex w-full min-w-0 flex-col agent-turn\">\n<div class=\"flex-col gap-1 md:gap-3\">\n<div class=\"flex flex-grow flex-col max-w-full AIPRM__conversation__response\">&amp;lt;div class=&#8221;min-h-[20px] text-message flex flex-col items-start whitespace-pre-wrap break-words [.text-message+&amp;]:mt-5 overflow-x-auto gap-3&#8243; dir=&#8221;auto&#8221; data-message-author-role=&#8221;assistant&#8221; data-message-id=&#8221;91a35e7c-0e92-4987-b0b7-0f394f7149a4&#8243;&gt;<\/p>\n<div class=\"markdown prose w-full break-words dark:prose-invert light\">\n<h2><strong>Streamline Your Workflow<\/strong><\/h2>\n<p>SX&#8217;s Flight Case Workstations revolutionize event operations with their centralized workspace. Custom-built with compartments and trays, they make setup a breeze, saving time and reducing stress.<\/p>\n<h2><strong>Tailored Solutions for Every Event<\/strong><\/h2>\n<p>No event is the same, and neither should their setups be. SX crafts custom road cases to fit your unique needs, from secure storage to mobile workstations, ensuring event success.<\/p>\n<h2><strong>Durable and Portable Design<\/strong><\/h2>\n<p>Built tough for the road, SX&#8217;s Flight Case Workstations offer unparalleled durability. With high-quality materials and built-in handles and wheels, setup and teardown are effortless.<\/p>\n<\/div>\n<\/div>\n<\/div>\n<\/div>\n<\/div>\n<\/div>\n<\/div>\n<\/div>\n","protected":false},"featured_media":1053,"comment_status":"open","ping_status":"closed","template":"","meta":[],"product_brand":[],"product_cat":[41],"product_tag":[],"class_list":{"0":"post-1052","1":"product","2":"type-product","3":"status-publish","4":"has-post-thumbnail","6":"product_cat-equipment-cases","8":"first","9":"instock","10":"shipping-taxable","11":"product-type-simple"},"yoast_head":"<!-- This site is optimized with the Yoast SEO Premium plugin v27.1 (Yoast SEO v27.2) - https:\/\/yoast.com\/product\/yoast-seo-premium-wordpress\/ -->\n<title>Flight Case Workstation - https:\/\/sxflightcase.com \ud83d\udc97<\/title>\n<meta name=\"description\" content=\"flight case workstation: Factory-direct sales and professional customization for precise control solutions tailored to your needs.\" \/>\n<meta name=\"robots\" content=\"index, follow, max-snippet:-1, max-image-preview:large, max-video-preview:-1\" \/>\n<link rel=\"canonical\" href=\"https:\/\/sxflightcase.com\/da\/prodotto\/postazione-di-lavoro-flight-case\/\" \/>\n<meta property=\"og:locale\" content=\"da_DK\" \/>\n<meta property=\"og:type\" content=\"article\" \/>\n<meta property=\"og:title\" content=\"Flight Case Workstation\" \/>\n<meta property=\"og:description\" content=\"flight case workstation: Factory-direct sales and professional customization for precise control solutions tailored to your needs.\" \/>\n<meta property=\"og:url\" content=\"https:\/\/sxflightcase.com\/da\/prodotto\/postazione-di-lavoro-flight-case\/\" \/>\n<meta property=\"og:site_name\" content=\"https:\/\/sxflightcase.com\" \/>\n<meta property=\"article:publisher\" content=\"https:\/\/www.facebook.com\/profile.php?id=61560407257971\" \/>\n<meta property=\"article:modified_time\" content=\"2025-02-18T07:17:57+00:00\" \/>\n<meta property=\"og:image\" content=\"https:\/\/sxflightcase.com\/wp-content\/uploads\/2024\/05\/1714811992851.jpg\" \/>\n\t<meta property=\"og:image:width\" content=\"700\" \/>\n\t<meta property=\"og:image:height\" content=\"700\" \/>\n\t<meta property=\"og:image:type\" content=\"image\/jpeg\" \/>\n<meta name=\"twitter:card\" content=\"summary_large_image\" \/>\n<meta name=\"twitter:label1\" content=\"Estimeret l\u00e6setid\" \/>\n\t<meta name=\"twitter:data1\" content=\"4 minutter\" \/>\n<script type=\"application\/ld+json\" class=\"yoast-schema-graph\">{\"@context\":\"https:\/\/schema.org\",\"@graph\":[{\"@type\":\"WebPage\",\"@id\":\"https:\/\/sxflightcase.com\/it\/prodotto\/postazione-di-lavoro-flight-case\/\",\"url\":\"https:\/\/sxflightcase.com\/it\/prodotto\/postazione-di-lavoro-flight-case\/\",\"name\":\"Flight Case Workstation - https:\/\/sxflightcase.com \ud83d\udc97\",\"isPartOf\":{\"@id\":\"https:\/\/sxflightcase.com\/th\/#website\"},\"primaryImageOfPage\":{\"@id\":\"https:\/\/sxflightcase.com\/it\/prodotto\/postazione-di-lavoro-flight-case\/#primaryimage\"},\"image\":{\"@id\":\"https:\/\/sxflightcase.com\/it\/prodotto\/postazione-di-lavoro-flight-case\/#primaryimage\"},\"thumbnailUrl\":\"https:\/\/sxflightcase.com\/wp-content\/uploads\/2024\/05\/1714811992851.jpg\",\"datePublished\":\"2024-05-06T02:11:55+00:00\",\"dateModified\":\"2025-02-18T07:17:57+00:00\",\"description\":\"flight case workstation: Factory-direct sales and professional customization for precise control solutions tailored to your needs.\",\"breadcrumb\":{\"@id\":\"https:\/\/sxflightcase.com\/it\/prodotto\/postazione-di-lavoro-flight-case\/#breadcrumb\"},\"inLanguage\":\"da-DK\",\"potentialAction\":[{\"@type\":\"ReadAction\",\"target\":[\"https:\/\/sxflightcase.com\/it\/prodotto\/postazione-di-lavoro-flight-case\/\"]}]},{\"@type\":\"ImageObject\",\"inLanguage\":\"da-DK\",\"@id\":\"https:\/\/sxflightcase.com\/it\/prodotto\/postazione-di-lavoro-flight-case\/#primaryimage\",\"url\":\"https:\/\/sxflightcase.com\/wp-content\/uploads\/2024\/05\/1714811992851.jpg\",\"contentUrl\":\"https:\/\/sxflightcase.com\/wp-content\/uploads\/2024\/05\/1714811992851.jpg\",\"width\":700,\"height\":700,\"caption\":\"flight case workstation\"},{\"@type\":\"BreadcrumbList\",\"@id\":\"https:\/\/sxflightcase.com\/it\/prodotto\/postazione-di-lavoro-flight-case\/#breadcrumb\",\"itemListElement\":[{\"@type\":\"ListItem\",\"position\":1,\"name\":\"Home\",\"item\":\"https:\/\/sxflightcase.com\/\"},{\"@type\":\"ListItem\",\"position\":2,\"name\":\"\u0e2a\u0e34\u0e19\u0e04\u0e49\u0e32\",\"item\":\"https:\/\/sxflightcase.com\/th\/shop\/\"},{\"@type\":\"ListItem\",\"position\":3,\"name\":\"Flight Case Workstation\"}]},{\"@type\":\"WebSite\",\"@id\":\"https:\/\/sxflightcase.com\/th\/#website\",\"url\":\"https:\/\/sxflightcase.com\/th\/\",\"name\":\"sxpowercase.com\",\"description\":\"Flight Case Factory\",\"publisher\":{\"@id\":\"https:\/\/sxflightcase.com\/th\/#organization\"},\"potentialAction\":[{\"@type\":\"SearchAction\",\"target\":{\"@type\":\"EntryPoint\",\"urlTemplate\":\"https:\/\/sxflightcase.com\/th\/?s={search_term_string}\"},\"query-input\":{\"@type\":\"PropertyValueSpecification\",\"valueRequired\":true,\"valueName\":\"search_term_string\"}}],\"inLanguage\":\"da-DK\"},{\"@type\":\"Organization\",\"@id\":\"https:\/\/sxflightcase.com\/th\/#organization\",\"name\":\"sxpowercase.com\",\"url\":\"https:\/\/sxflightcase.com\/th\/\",\"logo\":{\"@type\":\"ImageObject\",\"inLanguage\":\"da-DK\",\"@id\":\"https:\/\/sxflightcase.com\/th\/#\/schema\/logo\/image\/\",\"url\":\"https:\/\/sxflightcase.com\/wp-content\/uploads\/2024\/04\/1713919036007.jpg\",\"contentUrl\":\"https:\/\/sxflightcase.com\/wp-content\/uploads\/2024\/04\/1713919036007.jpg\",\"width\":382,\"height\":388,\"caption\":\"sxpowercase.com\"},\"image\":{\"@id\":\"https:\/\/sxflightcase.com\/th\/#\/schema\/logo\/image\/\"},\"sameAs\":[\"https:\/\/www.facebook.com\/profile.php?id=61560407257971\"],\"numberOfEmployees\":{\"@type\":\"QuantitativeValue\",\"minValue\":\"11\",\"maxValue\":\"50\"}}]}<\/script>\n<!-- \/ Yoast SEO Premium plugin. -->","yoast_head_json":{"title":"Flight Case Workstation - https:\/\/sxflightcase.com \ud83d\udc97","description":"flightcase arbejdsstation: Fabriksdirekte salg og professionel tilpasning til pr\u00e6cise kontroll\u00f8sninger skr\u00e6ddersyet til dine behov.","robots":{"index":"index","follow":"follow","max-snippet":"max-snippet:-1","max-image-preview":"max-image-preview:large","max-video-preview":"max-video-preview:-1"},"canonical":"https:\/\/sxflightcase.com\/da\/prodotto\/postazione-di-lavoro-flight-case\/","og_locale":"da_DK","og_type":"article","og_title":"Flight Case Workstation","og_description":"flight case workstation: Factory-direct sales and professional customization for precise control solutions tailored to your needs.","og_url":"https:\/\/sxflightcase.com\/da\/prodotto\/postazione-di-lavoro-flight-case\/","og_site_name":"https:\/\/sxflightcase.com","article_publisher":"https:\/\/www.facebook.com\/profile.php?id=61560407257971","article_modified_time":"2025-02-18T07:17:57+00:00","og_image":[{"width":700,"height":700,"url":"https:\/\/sxflightcase.com\/wp-content\/uploads\/2024\/05\/1714811992851.jpg","type":"image\/jpeg"}],"twitter_card":"summary_large_image","twitter_misc":{"Estimeret l\u00e6setid":"4 minutter"},"schema":{"@context":"https:\/\/schema.org","@graph":[{"@type":"WebPage","@id":"https:\/\/sxflightcase.com\/it\/prodotto\/postazione-di-lavoro-flight-case\/","url":"https:\/\/sxflightcase.com\/it\/prodotto\/postazione-di-lavoro-flight-case\/","name":"Flight Case Workstation - https:\/\/sxflightcase.com \ud83d\udc97","isPartOf":{"@id":"https:\/\/sxflightcase.com\/th\/#website"},"primaryImageOfPage":{"@id":"https:\/\/sxflightcase.com\/it\/prodotto\/postazione-di-lavoro-flight-case\/#primaryimage"},"image":{"@id":"https:\/\/sxflightcase.com\/it\/prodotto\/postazione-di-lavoro-flight-case\/#primaryimage"},"thumbnailUrl":"https:\/\/sxflightcase.com\/wp-content\/uploads\/2024\/05\/1714811992851.jpg","datePublished":"2024-05-06T02:11:55+00:00","dateModified":"2025-02-18T07:17:57+00:00","description":"flightcase arbejdsstation: Fabriksdirekte salg og professionel tilpasning til pr\u00e6cise kontroll\u00f8sninger skr\u00e6ddersyet til dine behov.","breadcrumb":{"@id":"https:\/\/sxflightcase.com\/it\/prodotto\/postazione-di-lavoro-flight-case\/#breadcrumb"},"inLanguage":"da-DK","potentialAction":[{"@type":"ReadAction","target":["https:\/\/sxflightcase.com\/it\/prodotto\/postazione-di-lavoro-flight-case\/"]}]},{"@type":"ImageObject","inLanguage":"da-DK","@id":"https:\/\/sxflightcase.com\/it\/prodotto\/postazione-di-lavoro-flight-case\/#primaryimage","url":"https:\/\/sxflightcase.com\/wp-content\/uploads\/2024\/05\/1714811992851.jpg","contentUrl":"https:\/\/sxflightcase.com\/wp-content\/uploads\/2024\/05\/1714811992851.jpg","width":700,"height":700,"caption":"flight case workstation"},{"@type":"BreadcrumbList","@id":"https:\/\/sxflightcase.com\/it\/prodotto\/postazione-di-lavoro-flight-case\/#breadcrumb","itemListElement":[{"@type":"ListItem","position":1,"name":"Home","item":"https:\/\/sxflightcase.com\/"},{"@type":"ListItem","position":2,"name":"\u0e2a\u0e34\u0e19\u0e04\u0e49\u0e32","item":"https:\/\/sxflightcase.com\/th\/shop\/"},{"@type":"ListItem","position":3,"name":"Flight Case Workstation"}]},{"@type":"WebSite","@id":"https:\/\/sxflightcase.com\/th\/#website","url":"https:\/\/sxflightcase.com\/th\/","name":"sxpowercase.com","description":"Flight Case Factory","publisher":{"@id":"https:\/\/sxflightcase.com\/th\/#organization"},"potentialAction":[{"@type":"SearchAction","target":{"@type":"EntryPoint","urlTemplate":"https:\/\/sxflightcase.com\/th\/?s={search_term_string}"},"query-input":{"@type":"PropertyValueSpecification","valueRequired":true,"valueName":"search_term_string"}}],"inLanguage":"da-DK"},{"@type":"Organization","@id":"https:\/\/sxflightcase.com\/th\/#organization","name":"sxpowercase.com","url":"https:\/\/sxflightcase.com\/th\/","logo":{"@type":"ImageObject","inLanguage":"da-DK","@id":"https:\/\/sxflightcase.com\/th\/#\/schema\/logo\/image\/","url":"https:\/\/sxflightcase.com\/wp-content\/uploads\/2024\/04\/1713919036007.jpg","contentUrl":"https:\/\/sxflightcase.com\/wp-content\/uploads\/2024\/04\/1713919036007.jpg","width":382,"height":388,"caption":"sxpowercase.com"},"image":{"@id":"https:\/\/sxflightcase.com\/th\/#\/schema\/logo\/image\/"},"sameAs":["https:\/\/www.facebook.com\/profile.php?id=61560407257971"],"numberOfEmployees":{"@type":"QuantitativeValue","minValue":"11","maxValue":"50"}}]}},"_links":{"self":[{"href":"https:\/\/sxflightcase.com\/da\/wp-json\/wp\/v2\/product\/1052","targetHints":{"allow":["GET"]}}],"collection":[{"href":"https:\/\/sxflightcase.com\/da\/wp-json\/wp\/v2\/product"}],"about":[{"href":"https:\/\/sxflightcase.com\/da\/wp-json\/wp\/v2\/types\/product"}],"replies":[{"embeddable":true,"href":"https:\/\/sxflightcase.com\/da\/wp-json\/wp\/v2\/comments?post=1052"}],"version-history":[{"count":0,"href":"https:\/\/sxflightcase.com\/da\/wp-json\/wp\/v2\/product\/1052\/revisions"}],"wp:featuredmedia":[{"embeddable":true,"href":"https:\/\/sxflightcase.com\/da\/wp-json\/wp\/v2\/media\/1053"}],"wp:attachment":[{"href":"https:\/\/sxflightcase.com\/da\/wp-json\/wp\/v2\/media?parent=1052"}],"wp:term":[{"taxonomy":"product_brand","embeddable":true,"href":"https:\/\/sxflightcase.com\/da\/wp-json\/wp\/v2\/product_brand?post=1052"},{"taxonomy":"product_cat","embeddable":true,"href":"https:\/\/sxflightcase.com\/da\/wp-json\/wp\/v2\/product_cat?post=1052"},{"taxonomy":"product_tag","embeddable":true,"href":"https:\/\/sxflightcase.com\/da\/wp-json\/wp\/v2\/product_tag?post=1052"}],"curies":[{"name":"wp","href":"https:\/\/api.w.org\/{rel}","templated":true}]}}