{"id":1063,"date":"2024-05-06T04:41:12","date_gmt":"2024-05-06T03:41:12","guid":{"rendered":"https:\/\/sxpowercase.com\/?post_type=product&#038;p=1063"},"modified":"2025-09-16T01:04:00","modified_gmt":"2025-09-16T08:04:00","slug":"midas-m32-case","status":"publish","type":"product","link":"https:\/\/sxflightcase.com\/da\/vare\/rack-flightcase-fabrik\/","title":{"rendered":"Midas M32 Case Factory"},"content":{"rendered":"<h2 data-start=\"416\" data-end=\"488\">Midas M32-kuffert - beskyt dit udstyr med f\u00f8rsteklasses flykufferter<\/h2>\n<h3 data-start=\"490\" data-end=\"536\"><strong data-start=\"494\" data-end=\"536\">Hvorfor v\u00e6lge Midas M32-kufferten fra SX?<\/strong><\/h3>\n<p data-start=\"538\" data-end=\"896\">N\u00e5r du transporterer dit v\u00e6rdifulde Midas M32-udstyr, er beskyttelse altafg\u00f8rende. Den <strong data-start=\"620\" data-end=\"638\">Midas M32-kuffert<\/strong> fra SX er den perfekte l\u00f8sning til at sikre, at dit udstyr forbliver sikkert under rejsen. Fremstillet af f\u00f8rsteklasses materialer som <strong data-start=\"766\" data-end=\"785\">Aluminiumsrammer<\/strong> og <strong data-start=\"790\" data-end=\"815\">brandsikker 9mm krydsfiner<\/strong>Vores kuffert garanterer den holdbarhed og sikkerhed, som din Midas M32 har brug for p\u00e5 vejen.<\/p>\n<h3 data-start=\"898\" data-end=\"949\"><strong data-start=\"902\" data-end=\"949\">Uovertruffen kvalitet og tilpasningsmuligheder<\/strong><\/h3>\n<p data-start=\"951\" data-end=\"1466\">Hos SX er vi kendt for at levere enest\u00e5ende flightcase-l\u00f8sninger. Som en betroet <strong data-start=\"1034\" data-end=\"1060\">Midas M32 kassefabrik<\/strong>Vi har specialiseret os i at give skr\u00e6ddersyet beskyttelse til dit udstyr. Vores kufferter er bygget med <strong data-start=\"1154\" data-end=\"1186\">St\u00f8dsikkert skum med h\u00f8j densitet<\/strong> til at beskytte din Midas M32 mod st\u00f8d, fald og ydre tryk. V\u00e6lg mellem <strong data-start=\"1266\" data-end=\"1282\">Tilpassede st\u00f8rrelser<\/strong>Vi har et stort udvalg af materialer og indvendige konfigurationer, der passer til dine specifikke behov. Vi tilbyder ogs\u00e5 et stort udvalg af h\u00e5ndtag, l\u00e5se og tilbeh\u00f8r, s\u00e5 din kuffert bliver s\u00e5 funktionel og sikker som muligt.<\/p>\n<h3 data-start=\"1468\" data-end=\"1513\"><strong data-start=\"1472\" data-end=\"1513\">Skr\u00e6ddersyede l\u00f8sninger til dit udstyr<\/strong><\/h3>\n<p data-start=\"1515\" data-end=\"1913\">Vi forst\u00e5r, at hvert stykke udstyr er unikt, og derfor tilbyder vi <strong data-start=\"1591\" data-end=\"1611\">Tilpassede l\u00f8sninger<\/strong> til din Midas M32-kuffert. Uanset om du har brug for en <strong data-start=\"1656\" data-end=\"1678\">specifik dimension<\/strong> eller <strong data-start=\"1682\" data-end=\"1706\">specialiseret interi\u00f8r<\/strong> design, arbejder vi t\u00e6t sammen med dig for at sikre, at kufferten opfylder dine n\u00f8jagtige krav. Vores team af eksperter er engageret i at levere en perfekt pasform til din Midas M32 og sikre maksimal beskyttelse under transport.<\/p>\n<h3 data-start=\"1915\" data-end=\"1967\"><strong data-start=\"1919\" data-end=\"1967\">Holdbar og p\u00e5lidelig - designet til vejen<\/strong><\/h3>\n<p data-start=\"1969\" data-end=\"2318\">Med <strong data-start=\"1974\" data-end=\"1998\">fire sommerfuglel\u00e5se<\/strong>, <strong data-start=\"2000\" data-end=\"2023\">fire st\u00e6rke h\u00e5ndtag<\/strong>, og <strong data-start=\"2029\" data-end=\"2044\">fire hjul<\/strong> Midas M32-kufferten fra SX er designet til at g\u00f8re dine rejser problemfri. Den holdbare konstruktion sikrer, at dit Midas M32-udstyr kommer frem til destinationen i topform, mens det praktiske design g\u00f8r det nemt at b\u00e6re og man\u00f8vrere kufferten.<\/p>\n<h3 data-start=\"2320\" data-end=\"2366\"><strong data-start=\"2324\" data-end=\"2366\">Hurtig ekspedition og overkommelige priser<\/strong><\/h3>\n<p data-start=\"2368\" data-end=\"2651\">Hos SX er vi stolte af at levere f\u00f8rsteklasses produkter med hurtige leveringstider. Forventninger <strong data-start=\"2462\" data-end=\"2482\">3-5 arbejdsdage<\/strong> til pr\u00f8ver og <strong data-start=\"2499\" data-end=\"2521\">15-20 arbejdsdage<\/strong> for formelle ordrer. Vi sikrer ogs\u00e5 konkurrencedygtige priser for at give dig den bedste v\u00e6rdi for din investering i flightcases i topkvalitet.<\/p>\n<h3 data-start=\"2653\" data-end=\"2701\"><strong data-start=\"2657\" data-end=\"2701\">Din p\u00e5lidelige producent af Midas M32-kufferter<\/strong><\/h3>\n<p data-start=\"2703\" data-end=\"3075\">Som f\u00f8rende <strong data-start=\"2716\" data-end=\"2747\">Producent af Midas M32-kuffert<\/strong>SX skiller sig ud med sit fokus p\u00e5 <strong data-start=\"2780\" data-end=\"2833\">kvalitet, tilpasning og kundetilfredshed<\/strong>. Vi har opbygget et ry for at lave holdbare, p\u00e5lidelige og professionelt designede kufferter, der giver ro i sindet under rejsen. N\u00e5r du v\u00e6lger SX, v\u00e6lger du en betroet partner til at beskytte din Midas M32 og andet vigtigt udstyr.<\/p>\n<h3 data-start=\"3077\" data-end=\"3119\"><strong data-start=\"3081\" data-end=\"3119\">N\u00f8glefunktioner i M32-kufferten<\/strong><\/h3>\n<ul data-start=\"3121\" data-end=\"3525\">\n<li data-start=\"3121\" data-end=\"3175\"><strong data-start=\"3123\" data-end=\"3136\">Materiale:<\/strong> Aluminiumsramme + brandsikker 9 mm krydsfiner<\/li>\n<li data-start=\"3176\" data-end=\"3220\"><strong data-start=\"3178\" data-end=\"3191\">Indvendigt:<\/strong> St\u00f8dsikkert skum med h\u00f8j densitet<\/li>\n<li data-start=\"3221\" data-end=\"3294\"><strong data-start=\"3223\" data-end=\"3241\">Tilpasning:<\/strong> St\u00f8rrelse, materialer, indvendig fyldning, h\u00e5ndtag, l\u00e5se osv.<\/li>\n<li data-start=\"3295\" data-end=\"3348\"><strong data-start=\"3297\" data-end=\"3309\">Pakning:<\/strong> Bobleplast + karton for sikker levering<\/li>\n<li data-start=\"3349\" data-end=\"3384\"><strong data-start=\"3351\" data-end=\"3367\">Pr\u00f8vetid:<\/strong> 3-5 arbejdsdage<\/li>\n<li data-start=\"3385\" data-end=\"3428\"><strong data-start=\"3387\" data-end=\"3409\">Formel bestillingstid:<\/strong> 15-20 arbejdsdage<\/li>\n<li data-start=\"3429\" data-end=\"3525\"><strong data-start=\"3431\" data-end=\"3447\">Tilbeh\u00f8r:<\/strong> Fire sommerfuglel\u00e5se, fire hjul og fire st\u00e6rke h\u00e5ndtag til nem transport<\/li>\n<\/ul>\n<h3 data-start=\"3527\" data-end=\"3549\"><strong data-start=\"3531\" data-end=\"3549\">Hvorfor v\u00e6lge SX?<\/strong><\/h3>\n<ul data-start=\"3551\" data-end=\"3820\">\n<li data-start=\"3551\" data-end=\"3615\"><strong data-start=\"3553\" data-end=\"3570\">Brugerdefineret design<\/strong>: Skr\u00e6ddersyede l\u00f8sninger til din Midas M32-kuffert.<\/li>\n<li data-start=\"3616\" data-end=\"3675\"><strong data-start=\"3618\" data-end=\"3633\">P\u00e5lidelighed<\/strong>: Bygget til at modst\u00e5 rejsens strabadser.<\/li>\n<li data-start=\"3676\" data-end=\"3733\"><strong data-start=\"3678\" data-end=\"3692\">Effektivitet<\/strong>: Hurtige produktions- og leveringstider.<\/li>\n<li data-start=\"3734\" data-end=\"3820\"><strong data-start=\"3736\" data-end=\"3761\">Kundetilfredshed<\/strong>: Vi prioriterer dine behov og leverer enest\u00e5ende service.<iframe title=\"Midas M32 Case\u2764\ufe0f\" width=\"563\" height=\"1000\" src=\"https:\/\/www.youtube.com\/embed\/_wQN6XUntyY?feature=oembed\" frameborder=\"0\" allow=\"accelerometer; autoplay; clipboard-write; encrypted-media; gyroscope; picture-in-picture; web-share\" referrerpolicy=\"strict-origin-when-cross-origin\" allowfullscreen><\/iframe><\/li>\n<\/ul>\n<h3 data-start=\"3822\" data-end=\"3859\"><strong data-start=\"3826\" data-end=\"3859\">Ofte stillede sp\u00f8rgsm\u00e5l om M32-kufferten<\/strong><\/h3>\n<p data-start=\"3861\" data-end=\"4028\"><strong data-start=\"3861\" data-end=\"3933\">Q: Kan SX tilpasse M32-kufferten til specifikke udstyrsst\u00f8rrelser?<\/strong><br data-start=\"3933\" data-end=\"3936\" \/><strong data-start=\"3936\" data-end=\"3942\">A:<\/strong> Ja, det g\u00f8r vi! Vi tilbyder tilpasninger baseret p\u00e5 dit udstyrs dimensioner og specifikationer.<\/p>\n<p data-start=\"4030\" data-end=\"4178\"><strong data-start=\"4030\" data-end=\"4071\">Q: Hvor holdbar er M32-kufferten?<\/strong><br data-start=\"4071\" data-end=\"4074\" \/><strong data-start=\"4074\" data-end=\"4080\">A:<\/strong> Vores kuffert er designet til at modst\u00e5 tunge rejser med forst\u00e6rkede materialer for maksimal beskyttelse.<\/p>\n<p data-start=\"4180\" data-end=\"4328\"><strong data-start=\"4180\" data-end=\"4238\">Q: Kan SX tage imod store ordrer p\u00e5 M32-kasser?<\/strong><br data-start=\"4238\" data-end=\"4241\" \/><strong data-start=\"4241\" data-end=\"4247\">A:<\/strong> Ja, vi kan h\u00e5ndtere store ordrer og levere skr\u00e6ddersyede l\u00f8sninger til din virksomhed.<\/p>\n<p data-start=\"4330\" data-end=\"4456\"><strong data-start=\"4330\" data-end=\"4387\">Q: Er der garanti p\u00e5 M32-kufferten?<\/strong><br data-start=\"4387\" data-end=\"4390\" \/><strong data-start=\"4390\" data-end=\"4396\">A:<\/strong> Ja, vores kufferter kommer med en garanti, s\u00e5 du kan have ro i sindet.<\/p>\n<p data-start=\"4458\" data-end=\"4634\"><strong data-start=\"4458\" data-end=\"4521\">Q: Hvordan kan jeg bestille en M32-kuffert hos SX?<\/strong><br data-start=\"4521\" data-end=\"4524\" \/><strong data-start=\"4524\" data-end=\"4530\">A:<\/strong> Du skal blot kontakte vores team for at dr\u00f8fte dine behov, s\u00e5 guider vi dig gennem bestillingsprocessen.<\/p>\n<h3 data-start=\"4636\" data-end=\"4694\"><strong data-start=\"4640\" data-end=\"4694\">Maksimer beskyttelse og forretningspotentiale med SX<\/strong><\/h3>\n<p data-start=\"4696\" data-end=\"5045\">Investering i SX'er <strong data-start=\"4714\" data-end=\"4732\">M32-kasse<\/strong> beskytter ikke kun dit udstyr, men forbedrer ogs\u00e5 dit professionelle image. Stol p\u00e5, at SX leverer det h\u00f8jeste niveau af beskyttelse til dit v\u00e6rdifulde udstyr. Uanset om du er p\u00e5 turn\u00e9, optr\u00e6der ved et arrangement eller rejser i forretnings\u00f8jemed, sikrer Midas M32-kufferten, at dit udstyr kommer sikkert frem og er klar til brug.<\/p>\n<p data-start=\"5047\" data-end=\"5154\">For mere information eller for at afgive din bestilling, bes\u00f8g vores <a href=\"https:\/\/sxpowercase.com\/contact-us\/\" target=\"_new\" rel=\"noopener\" data-start=\"5102\" data-end=\"5153\">kontaktside<\/a>.<\/p>","protected":false},"excerpt":{"rendered":"<h2><strong>Kvalitetssikring garanteret<\/strong>&lt;\/h2&gt;<\/h2>\n<p>Som en f\u00f8rende producent af flightcases leverer SX topkvalitets rack flightcases fremstillet med f\u00f8rsteklasses materialer og banebrydende teknologi, der sikrer maksimal beskyttelse af dit udstyr p\u00e5 vejen.<\/p>\n<h2><strong>Skr\u00e6ddersyede l\u00f8sninger til dit udstyr<\/strong><\/h2>\n<p>SX tilbyder brugerdefinerede rack flightcases, der er skr\u00e6ddersyet til dine specifikke krav, hvilket sikrer en perfekt pasform til dit udstyr. Partner med os for at designe den ideelle l\u00f8sning til dine behov for gearbeskyttelse.<\/p>\n<h2><strong>Ekspertise og p\u00e5lidelighed<\/strong><\/h2>\n<p>Med \u00e5rtiers erfaring med fremstilling af vejkasser er SX din betroede partner til at beskytte dit v\u00e6rdifulde udstyr. Vores forpligtelse til kvalitet, p\u00e5lidelighed og kundetilfredshed adskiller os i branchen.<\/p>","protected":false},"featured_media":7645,"comment_status":"open","ping_status":"closed","template":"","meta":[],"product_brand":[],"product_cat":[41],"product_tag":[],"class_list":{"0":"post-1063","1":"product","2":"type-product","3":"status-publish","4":"has-post-thumbnail","6":"product_cat-equipment-cases","8":"first","9":"instock","10":"shipping-taxable","11":"product-type-simple"},"yoast_head":"<!-- This site is optimized with the Yoast SEO Premium plugin v27.1 (Yoast SEO v27.2) - https:\/\/yoast.com\/product\/yoast-seo-premium-wordpress\/ -->\n<title>Midas M32 Case Factory - https:\/\/sxflightcase.com \ud83d\udc97<\/title>\n<meta name=\"description\" content=\"Midas M32 Case Factory: Specializing in direct sales and professional customization for premium equipment protection solutions.\" \/>\n<meta name=\"robots\" content=\"index, follow, max-snippet:-1, max-image-preview:large, max-video-preview:-1\" \/>\n<link rel=\"canonical\" href=\"https:\/\/sxflightcase.com\/da\/produkt\/rack-flightcase-fabrik\/\" \/>\n<meta property=\"og:locale\" content=\"da_DK\" \/>\n<meta property=\"og:type\" content=\"article\" \/>\n<meta property=\"og:title\" content=\"Midas M32 Case Factory\" \/>\n<meta property=\"og:description\" content=\"Midas M32 Case Factory: Specializing in direct sales and professional customization for premium equipment protection solutions.\" \/>\n<meta property=\"og:url\" content=\"https:\/\/sxflightcase.com\/da\/produkt\/rack-flightcase-fabrik\/\" \/>\n<meta property=\"og:site_name\" content=\"https:\/\/sxflightcase.com\" \/>\n<meta property=\"article:publisher\" content=\"https:\/\/www.facebook.com\/profile.php?id=61560407257971\" \/>\n<meta property=\"article:modified_time\" content=\"2025-09-16T08:04:00+00:00\" \/>\n<meta property=\"og:image\" content=\"https:\/\/sxflightcase.com\/wp-content\/uploads\/2024\/05\/e19ee469-b0d3-4b48-96b6-c465aa5df5b1.jpg\" \/>\n\t<meta property=\"og:image:width\" content=\"800\" \/>\n\t<meta property=\"og:image:height\" content=\"800\" \/>\n\t<meta property=\"og:image:type\" content=\"image\/jpeg\" \/>\n<meta name=\"twitter:card\" content=\"summary_large_image\" \/>\n<meta name=\"twitter:label1\" content=\"Estimeret l\u00e6setid\" \/>\n\t<meta name=\"twitter:data1\" content=\"4 minutter\" \/>\n<script type=\"application\/ld+json\" class=\"yoast-schema-graph\">{\"@context\":\"https:\/\/schema.org\",\"@graph\":[{\"@type\":\"WebPage\",\"@id\":\"https:\/\/sxflightcase.com\/de\/produkt\/rack-flightcase-fabrik\/\",\"url\":\"https:\/\/sxflightcase.com\/de\/produkt\/rack-flightcase-fabrik\/\",\"name\":\"Midas M32 Case Factory - https:\/\/sxflightcase.com \ud83d\udc97\",\"isPartOf\":{\"@id\":\"https:\/\/sxflightcase.com\/th\/#website\"},\"primaryImageOfPage\":{\"@id\":\"https:\/\/sxflightcase.com\/de\/produkt\/rack-flightcase-fabrik\/#primaryimage\"},\"image\":{\"@id\":\"https:\/\/sxflightcase.com\/de\/produkt\/rack-flightcase-fabrik\/#primaryimage\"},\"thumbnailUrl\":\"https:\/\/sxflightcase.com\/wp-content\/uploads\/2024\/05\/e19ee469-b0d3-4b48-96b6-c465aa5df5b1.jpg\",\"datePublished\":\"2024-05-06T03:41:12+00:00\",\"dateModified\":\"2025-09-16T08:04:00+00:00\",\"description\":\"Midas M32 Case Factory: Specializing in direct sales and professional customization for premium equipment protection solutions.\",\"breadcrumb\":{\"@id\":\"https:\/\/sxflightcase.com\/de\/produkt\/rack-flightcase-fabrik\/#breadcrumb\"},\"inLanguage\":\"da-DK\",\"potentialAction\":[{\"@type\":\"ReadAction\",\"target\":[\"https:\/\/sxflightcase.com\/de\/produkt\/rack-flightcase-fabrik\/\"]}]},{\"@type\":\"ImageObject\",\"inLanguage\":\"da-DK\",\"@id\":\"https:\/\/sxflightcase.com\/de\/produkt\/rack-flightcase-fabrik\/#primaryimage\",\"url\":\"https:\/\/sxflightcase.com\/wp-content\/uploads\/2024\/05\/e19ee469-b0d3-4b48-96b6-c465aa5df5b1.jpg\",\"contentUrl\":\"https:\/\/sxflightcase.com\/wp-content\/uploads\/2024\/05\/e19ee469-b0d3-4b48-96b6-c465aa5df5b1.jpg\",\"width\":800,\"height\":800,\"caption\":\"Midas M32 Case\"},{\"@type\":\"BreadcrumbList\",\"@id\":\"https:\/\/sxflightcase.com\/de\/produkt\/rack-flightcase-fabrik\/#breadcrumb\",\"itemListElement\":[{\"@type\":\"ListItem\",\"position\":1,\"name\":\"Home\",\"item\":\"https:\/\/sxflightcase.com\/\"},{\"@type\":\"ListItem\",\"position\":2,\"name\":\"\u0e2a\u0e34\u0e19\u0e04\u0e49\u0e32\",\"item\":\"https:\/\/sxflightcase.com\/th\/shop\/\"},{\"@type\":\"ListItem\",\"position\":3,\"name\":\"Midas M32 Case Factory\"}]},{\"@type\":\"WebSite\",\"@id\":\"https:\/\/sxflightcase.com\/th\/#website\",\"url\":\"https:\/\/sxflightcase.com\/th\/\",\"name\":\"sxpowercase.com\",\"description\":\"Flight Case Factory\",\"publisher\":{\"@id\":\"https:\/\/sxflightcase.com\/th\/#organization\"},\"potentialAction\":[{\"@type\":\"SearchAction\",\"target\":{\"@type\":\"EntryPoint\",\"urlTemplate\":\"https:\/\/sxflightcase.com\/th\/?s={search_term_string}\"},\"query-input\":{\"@type\":\"PropertyValueSpecification\",\"valueRequired\":true,\"valueName\":\"search_term_string\"}}],\"inLanguage\":\"da-DK\"},{\"@type\":\"Organization\",\"@id\":\"https:\/\/sxflightcase.com\/th\/#organization\",\"name\":\"sxpowercase.com\",\"url\":\"https:\/\/sxflightcase.com\/th\/\",\"logo\":{\"@type\":\"ImageObject\",\"inLanguage\":\"da-DK\",\"@id\":\"https:\/\/sxflightcase.com\/th\/#\/schema\/logo\/image\/\",\"url\":\"https:\/\/sxflightcase.com\/wp-content\/uploads\/2024\/04\/1713919036007.jpg\",\"contentUrl\":\"https:\/\/sxflightcase.com\/wp-content\/uploads\/2024\/04\/1713919036007.jpg\",\"width\":382,\"height\":388,\"caption\":\"sxpowercase.com\"},\"image\":{\"@id\":\"https:\/\/sxflightcase.com\/th\/#\/schema\/logo\/image\/\"},\"sameAs\":[\"https:\/\/www.facebook.com\/profile.php?id=61560407257971\"],\"numberOfEmployees\":{\"@type\":\"QuantitativeValue\",\"minValue\":\"11\",\"maxValue\":\"50\"}}]}<\/script>\n<!-- \/ Yoast SEO Premium plugin. -->","yoast_head_json":{"title":"Midas M32 Case Factory - https:\/\/sxflightcase.com \ud83d\udc97","description":"Midas M32 Case Factory: Specialiseret i direkte salg og professionel tilpasning af f\u00f8rsteklasses l\u00f8sninger til beskyttelse af udstyr.","robots":{"index":"index","follow":"follow","max-snippet":"max-snippet:-1","max-image-preview":"max-image-preview:large","max-video-preview":"max-video-preview:-1"},"canonical":"https:\/\/sxflightcase.com\/da\/produkt\/rack-flightcase-fabrik\/","og_locale":"da_DK","og_type":"article","og_title":"Midas M32 Case Factory","og_description":"Midas M32 Case Factory: Specializing in direct sales and professional customization for premium equipment protection solutions.","og_url":"https:\/\/sxflightcase.com\/da\/produkt\/rack-flightcase-fabrik\/","og_site_name":"https:\/\/sxflightcase.com","article_publisher":"https:\/\/www.facebook.com\/profile.php?id=61560407257971","article_modified_time":"2025-09-16T08:04:00+00:00","og_image":[{"width":800,"height":800,"url":"https:\/\/sxflightcase.com\/wp-content\/uploads\/2024\/05\/e19ee469-b0d3-4b48-96b6-c465aa5df5b1.jpg","type":"image\/jpeg"}],"twitter_card":"summary_large_image","twitter_misc":{"Estimeret l\u00e6setid":"4 minutter"},"schema":{"@context":"https:\/\/schema.org","@graph":[{"@type":"WebPage","@id":"https:\/\/sxflightcase.com\/de\/produkt\/rack-flightcase-fabrik\/","url":"https:\/\/sxflightcase.com\/de\/produkt\/rack-flightcase-fabrik\/","name":"Midas M32 Case Factory - https:\/\/sxflightcase.com \ud83d\udc97","isPartOf":{"@id":"https:\/\/sxflightcase.com\/th\/#website"},"primaryImageOfPage":{"@id":"https:\/\/sxflightcase.com\/de\/produkt\/rack-flightcase-fabrik\/#primaryimage"},"image":{"@id":"https:\/\/sxflightcase.com\/de\/produkt\/rack-flightcase-fabrik\/#primaryimage"},"thumbnailUrl":"https:\/\/sxflightcase.com\/wp-content\/uploads\/2024\/05\/e19ee469-b0d3-4b48-96b6-c465aa5df5b1.jpg","datePublished":"2024-05-06T03:41:12+00:00","dateModified":"2025-09-16T08:04:00+00:00","description":"Midas M32 Case Factory: Specialiseret i direkte salg og professionel tilpasning af f\u00f8rsteklasses l\u00f8sninger til beskyttelse af udstyr.","breadcrumb":{"@id":"https:\/\/sxflightcase.com\/de\/produkt\/rack-flightcase-fabrik\/#breadcrumb"},"inLanguage":"da-DK","potentialAction":[{"@type":"ReadAction","target":["https:\/\/sxflightcase.com\/de\/produkt\/rack-flightcase-fabrik\/"]}]},{"@type":"ImageObject","inLanguage":"da-DK","@id":"https:\/\/sxflightcase.com\/de\/produkt\/rack-flightcase-fabrik\/#primaryimage","url":"https:\/\/sxflightcase.com\/wp-content\/uploads\/2024\/05\/e19ee469-b0d3-4b48-96b6-c465aa5df5b1.jpg","contentUrl":"https:\/\/sxflightcase.com\/wp-content\/uploads\/2024\/05\/e19ee469-b0d3-4b48-96b6-c465aa5df5b1.jpg","width":800,"height":800,"caption":"Midas M32 Case"},{"@type":"BreadcrumbList","@id":"https:\/\/sxflightcase.com\/de\/produkt\/rack-flightcase-fabrik\/#breadcrumb","itemListElement":[{"@type":"ListItem","position":1,"name":"Home","item":"https:\/\/sxflightcase.com\/"},{"@type":"ListItem","position":2,"name":"\u0e2a\u0e34\u0e19\u0e04\u0e49\u0e32","item":"https:\/\/sxflightcase.com\/th\/shop\/"},{"@type":"ListItem","position":3,"name":"Midas M32 Case Factory"}]},{"@type":"WebSite","@id":"https:\/\/sxflightcase.com\/th\/#website","url":"https:\/\/sxflightcase.com\/th\/","name":"sxpowercase.com","description":"Flight Case Factory","publisher":{"@id":"https:\/\/sxflightcase.com\/th\/#organization"},"potentialAction":[{"@type":"SearchAction","target":{"@type":"EntryPoint","urlTemplate":"https:\/\/sxflightcase.com\/th\/?s={search_term_string}"},"query-input":{"@type":"PropertyValueSpecification","valueRequired":true,"valueName":"search_term_string"}}],"inLanguage":"da-DK"},{"@type":"Organization","@id":"https:\/\/sxflightcase.com\/th\/#organization","name":"sxpowercase.com","url":"https:\/\/sxflightcase.com\/th\/","logo":{"@type":"ImageObject","inLanguage":"da-DK","@id":"https:\/\/sxflightcase.com\/th\/#\/schema\/logo\/image\/","url":"https:\/\/sxflightcase.com\/wp-content\/uploads\/2024\/04\/1713919036007.jpg","contentUrl":"https:\/\/sxflightcase.com\/wp-content\/uploads\/2024\/04\/1713919036007.jpg","width":382,"height":388,"caption":"sxpowercase.com"},"image":{"@id":"https:\/\/sxflightcase.com\/th\/#\/schema\/logo\/image\/"},"sameAs":["https:\/\/www.facebook.com\/profile.php?id=61560407257971"],"numberOfEmployees":{"@type":"QuantitativeValue","minValue":"11","maxValue":"50"}}]}},"_links":{"self":[{"href":"https:\/\/sxflightcase.com\/da\/wp-json\/wp\/v2\/product\/1063","targetHints":{"allow":["GET"]}}],"collection":[{"href":"https:\/\/sxflightcase.com\/da\/wp-json\/wp\/v2\/product"}],"about":[{"href":"https:\/\/sxflightcase.com\/da\/wp-json\/wp\/v2\/types\/product"}],"replies":[{"embeddable":true,"href":"https:\/\/sxflightcase.com\/da\/wp-json\/wp\/v2\/comments?post=1063"}],"version-history":[{"count":0,"href":"https:\/\/sxflightcase.com\/da\/wp-json\/wp\/v2\/product\/1063\/revisions"}],"wp:featuredmedia":[{"embeddable":true,"href":"https:\/\/sxflightcase.com\/da\/wp-json\/wp\/v2\/media\/7645"}],"wp:attachment":[{"href":"https:\/\/sxflightcase.com\/da\/wp-json\/wp\/v2\/media?parent=1063"}],"wp:term":[{"taxonomy":"product_brand","embeddable":true,"href":"https:\/\/sxflightcase.com\/da\/wp-json\/wp\/v2\/product_brand?post=1063"},{"taxonomy":"product_cat","embeddable":true,"href":"https:\/\/sxflightcase.com\/da\/wp-json\/wp\/v2\/product_cat?post=1063"},{"taxonomy":"product_tag","embeddable":true,"href":"https:\/\/sxflightcase.com\/da\/wp-json\/wp\/v2\/product_tag?post=1063"}],"curies":[{"name":"wp","href":"https:\/\/api.w.org\/{rel}","templated":true}]}}