{"id":1069,"date":"2024-05-06T08:08:32","date_gmt":"2024-05-06T07:08:32","guid":{"rendered":"https:\/\/sxpowercase.com\/?post_type=product&#038;p=1069"},"modified":"2025-02-18T18:45:02","modified_gmt":"2025-02-19T02:45:02","slug":"road-case-workbox","status":"publish","type":"product","link":"https:\/\/sxflightcase.com\/da\/vare\/vejkasse-arbejdskasse\/","title":{"rendered":"Dj Case Factory"},"content":{"rendered":"<p><strong>Titel:<\/strong><br \/>\nSX DJ Case Factory: Specialfremstillede roadcases til DJ-udstyr | Flycases &amp; Rack Flight Cases<\/p>\n<p><strong>Meta beskrivelse:<\/strong><br \/>\nBeskyt dit DJ-udstyr med SX's specialfremstillede road cases. Holdbare, b\u00e6rbare og skr\u00e6ddersyede til dit udstyr. Boost din forretning med professionel beskyttelse.<\/p>\n<h3><strong>SX: Din p\u00e5lidelige DJ-kuffertfabrik<\/strong><\/h3>\n<p><strong>SX<\/strong> er det bedste valg til beskyttelse af dit DJ-udstyr. Uanset om du er p\u00e5 turn\u00e9 eller i studiet, holder vores tasker dit udstyr sikkert og klar til enhver optr\u00e6den.<\/p>\n<h3><strong>Hvorfor v\u00e6lge SX DJ Cases?<\/strong><\/h3>\n<ol>\n<li><strong>Skr\u00e6ddersyede l\u00f8sninger til dit udstyr<\/strong><br \/>\nHvert DJ-setup er unikt, og det er vores kufferter ogs\u00e5. Hos SX skaber vi <strong>brugerdefinerede vejsager<\/strong> lige til dig. Har du brug for en taske til pladespillere, mixere eller et komplet setup? Vi har d\u00e6kket dit behov.<\/li>\n<li><strong>Fluehylstre til nem transport<\/strong><br \/>\nVores <strong>fluesm\u00e6kker<\/strong> er perfekte til DJ's p\u00e5 farten. De er bygget til at v\u00e6re holdbare med ergonomiske h\u00e5ndtag og glatte hjul. Det har aldrig v\u00e6ret nemmere at transportere dit udstyr.<\/li>\n<li><strong>Rack Flight Cases for maksimal beskyttelse<\/strong><br \/>\nTil st\u00f8rre ops\u00e6tninger kan vores <strong>rack flightcases<\/strong> giver f\u00f8rsteklasses beskyttelse. De er lavet med <strong>Aluminiumsrammer<\/strong>, <strong>Brandsikker 12 mm krydsfiner<\/strong>, og <strong>St\u00f8dsikkert skum med h\u00f8j densitet<\/strong>. Disse kufferter kan klare alt, hvad vejen byder dem.<\/li>\n<li><strong>Boost din forretning med SX DJ-cases<\/strong><br \/>\nAt investere i SX DJ-kufferter betyder at investere i din virksomhed. Med vores professionelle beskyttelse kan du fokusere p\u00e5 at levere fantastiske pr\u00e6stationer, mens vi passer p\u00e5 dit udstyr.<\/li>\n<li><strong>Maksimer din fortjeneste<\/strong><br \/>\nBeskyttelse af dit v\u00e6rdifulde DJ-udstyr handler ikke kun om sikkerhed. Det handler ogs\u00e5 om at maksimere din fortjeneste. P\u00e5lidelig beskyttelse betyder flere koncerter, gladere kunder og st\u00f8rre indt\u00e6gter.<\/li>\n<\/ol>\n<h3><strong>Vigtige funktioner:<\/strong><\/h3>\n<ul>\n<li><strong>Materiale:<\/strong> Aluminiumsramme + brandsikker 12 mm krydsfiner<\/li>\n<li><strong>Indvendigt:<\/strong> St\u00f8dsikkert skum med h\u00f8j densitet giver maksimal beskyttelse<\/li>\n<li><strong>St\u00f8rrelse:<\/strong> Kan tilpasses fuldt ud, s\u00e5 det passer til dit udstyr<\/li>\n<li><strong>Tilbeh\u00f8r:<\/strong> Fire sommerfuglel\u00e5se, fire hjul, fire st\u00e6rke h\u00e5ndtag<\/li>\n<li><strong>Tilpasning:<\/strong> Skr\u00e6ddersy kufferten til dine behov - v\u00e6lg materialer, dimensioner, indvendigt fyld, h\u00e5ndtag og l\u00e5se.<\/li>\n<\/ul>\n<h3><strong>Enest\u00e5ende kvalitet og service<\/strong><\/h3>\n<p>Hos SX handler alt om <strong>enest\u00e5ende kvalitet<\/strong> og <strong>kundeservice<\/strong>. Fra vores holdbare kufferter til vores lydh\u00f8re supportteam er vi dedikerede til din tilfredshed.<\/p>\n<h3><strong>Ofte stillede sp\u00f8rgsm\u00e5l<\/strong><\/h3>\n<p><strong>Sp\u00f8rgsm\u00e5l: Kan SX tilpasse road cases til specifikke DJ-udstyrsst\u00f8rrelser?<\/strong><br \/>\nA: Ja, vi tilbyder skr\u00e6ddersyede l\u00f8sninger skr\u00e6ddersyet til dit udstyrs dimensioner og specifikationer.<\/p>\n<p><strong>Q: Er SX DJ-cases holdbare nok til hyppige rejser?<\/strong><br \/>\nA: Absolut! Vores vejetuier er bygget til at modst\u00e5 vejens belastninger, hvilket sikrer maksimal beskyttelse af dit udstyr.<\/p>\n<p><strong>Sp\u00f8rgsm\u00e5l: Tilbyder du garantid\u00e6kning for SX DJ-cases?<\/strong><br \/>\nA: Ja, vores DJ-cases leveres med garantid\u00e6kning for ekstra ro i sindet.<\/p>\n<p><strong>Sp\u00f8rgsm\u00e5l: Hvordan kan jeg afgive en ordre hos SX til brugerdefinerede DJ-cases?<\/strong><br \/>\nSvar: Du skal blot kontakte vores team, s\u00e5 guider vi dig gennem processen med at bestille specialfremstillede roadcases, der er skr\u00e6ddersyet til dit DJ-udstyr.<\/p>\n<p><strong>Q: Kan jeg bestille st\u00f8rre m\u00e6ngder fra SX DJ Case Factory?<\/strong><br \/>\nA: Ja, vi kan im\u00f8dekomme bulkordrer for at opfylde dine forretningsbehov.<\/p>\n<h3><strong>Bestil din skr\u00e6ddersyede DJ-kuffert i dag!<\/strong><\/h3>\n<p>Er du klar til at beskytte dit DJ-udstyr med SX's f\u00f8rsteklasses road cases? Kontakt os nu for at designe din egen l\u00f8sning.<\/p>\n<p><strong>F\u00e5 adgang nu:<\/strong> <a href=\"https:\/\/sxpowercase.com\/contact-us\/\" target=\"_blank\" rel=\"noopener noreferrer\">https:\/\/sxpowercase.com\/contact-us\/<\/a><\/p>\n<h3><strong>Hot Tags:<\/strong><\/h3>\n<p>Lav pris, p\u00e5 lager, gratis pr\u00f8ve, str\u00f8m- og signalkabel, 16 Gauge 4 Conductor Wire, mikrofonstativkasse, udend\u00f8rs LED-sk\u00e6rmskab, rackmontering, elektrisk distroboks, Kina, leverand\u00f8rer, fabrik, tilpasset, engros, str\u00f8mkasser, str\u00f8mkabler, hejsecontrollere, flightcases.<\/p>","protected":false},"excerpt":{"rendered":"<h2><strong>Tilpasset beskyttelse til dit udstyr<\/strong><\/h2>\n<p>SX har specialiseret sig i at skabe brugerdefinerede roadcases, der er skr\u00e6ddersyet til dit specifikke DJ-udstyr, hvilket sikrer maksimal beskyttelse til dit setup.<\/p>\n<h2><strong>Fluehylstre til nem transport<\/strong><\/h2>\n<p>Vores flycases er designet til DJ&#039;er p\u00e5 farten, med holdbar konstruktion og praktiske h\u00e5ndtag til problemfri transport mellem koncerter.<\/p>\n<h2><strong>Rack Flight Cases for ultimativ beskyttelse<\/strong><\/h2>\n<p>Til st\u00f8rre DJ-ops\u00e6tninger giver vores rack flightcases ekstra beskyttelse mod st\u00f8d og ridser, hvilket sikrer, at dit udstyr forbliver sikkert p\u00e5 roa<\/p>","protected":false},"featured_media":1070,"comment_status":"open","ping_status":"closed","template":"","meta":[],"product_brand":[],"product_cat":[41],"product_tag":[],"class_list":{"0":"post-1069","1":"product","2":"type-product","3":"status-publish","4":"has-post-thumbnail","6":"product_cat-equipment-cases","8":"first","9":"instock","10":"shipping-taxable","11":"product-type-simple"},"yoast_head":"<!-- This site is optimized with the Yoast SEO Premium plugin v27.1 (Yoast SEO v27.2) - https:\/\/yoast.com\/product\/yoast-seo-premium-wordpress\/ -->\n<title>Dj Case Factory - https:\/\/sxflightcase.com \ud83d\udc97<\/title>\n<meta name=\"description\" content=\"Dj case factory: Specializing in direct sales and professional customization for premium equipment protection solutions.\" \/>\n<meta name=\"robots\" content=\"index, follow, max-snippet:-1, max-image-preview:large, max-video-preview:-1\" \/>\n<link rel=\"canonical\" href=\"https:\/\/sxflightcase.com\/da\/produit\/boite-de-travail-pour-valise-de-route\/\" \/>\n<meta property=\"og:locale\" content=\"da_DK\" \/>\n<meta property=\"og:type\" content=\"article\" \/>\n<meta property=\"og:title\" content=\"Dj Case Factory\" \/>\n<meta property=\"og:description\" content=\"Dj case factory: Specializing in direct sales and professional customization for premium equipment protection solutions.\" \/>\n<meta property=\"og:url\" content=\"https:\/\/sxflightcase.com\/da\/produit\/boite-de-travail-pour-valise-de-route\/\" \/>\n<meta property=\"og:site_name\" content=\"https:\/\/sxflightcase.com\" \/>\n<meta property=\"article:publisher\" content=\"https:\/\/www.facebook.com\/profile.php?id=61560407257971\" \/>\n<meta property=\"article:modified_time\" content=\"2025-02-19T02:45:02+00:00\" \/>\n<meta property=\"og:image\" content=\"https:\/\/sxflightcase.com\/wp-content\/uploads\/2024\/05\/1714963576972.jpg\" \/>\n\t<meta property=\"og:image:width\" content=\"742\" \/>\n\t<meta property=\"og:image:height\" content=\"746\" \/>\n\t<meta property=\"og:image:type\" content=\"image\/jpeg\" \/>\n<meta name=\"twitter:card\" content=\"summary_large_image\" \/>\n<meta name=\"twitter:label1\" content=\"Estimeret l\u00e6setid\" \/>\n\t<meta name=\"twitter:data1\" content=\"4 minutter\" \/>\n<script type=\"application\/ld+json\" class=\"yoast-schema-graph\">{\"@context\":\"https:\/\/schema.org\",\"@graph\":[{\"@type\":\"WebPage\",\"@id\":\"https:\/\/sxflightcase.com\/fr\/produit\/boite-de-travail-pour-valise-de-route\/\",\"url\":\"https:\/\/sxflightcase.com\/fr\/produit\/boite-de-travail-pour-valise-de-route\/\",\"name\":\"Dj Case Factory - https:\/\/sxflightcase.com \ud83d\udc97\",\"isPartOf\":{\"@id\":\"https:\/\/sxflightcase.com\/th\/#website\"},\"primaryImageOfPage\":{\"@id\":\"https:\/\/sxflightcase.com\/fr\/produit\/boite-de-travail-pour-valise-de-route\/#primaryimage\"},\"image\":{\"@id\":\"https:\/\/sxflightcase.com\/fr\/produit\/boite-de-travail-pour-valise-de-route\/#primaryimage\"},\"thumbnailUrl\":\"https:\/\/sxflightcase.com\/wp-content\/uploads\/2024\/05\/1714963576972.jpg\",\"datePublished\":\"2024-05-06T07:08:32+00:00\",\"dateModified\":\"2025-02-19T02:45:02+00:00\",\"description\":\"Dj case factory: Specializing in direct sales and professional customization for premium equipment protection solutions.\",\"breadcrumb\":{\"@id\":\"https:\/\/sxflightcase.com\/fr\/produit\/boite-de-travail-pour-valise-de-route\/#breadcrumb\"},\"inLanguage\":\"da-DK\",\"potentialAction\":[{\"@type\":\"ReadAction\",\"target\":[\"https:\/\/sxflightcase.com\/fr\/produit\/boite-de-travail-pour-valise-de-route\/\"]}]},{\"@type\":\"ImageObject\",\"inLanguage\":\"da-DK\",\"@id\":\"https:\/\/sxflightcase.com\/fr\/produit\/boite-de-travail-pour-valise-de-route\/#primaryimage\",\"url\":\"https:\/\/sxflightcase.com\/wp-content\/uploads\/2024\/05\/1714963576972.jpg\",\"contentUrl\":\"https:\/\/sxflightcase.com\/wp-content\/uploads\/2024\/05\/1714963576972.jpg\",\"width\":742,\"height\":746,\"caption\":\"road case workbox\"},{\"@type\":\"BreadcrumbList\",\"@id\":\"https:\/\/sxflightcase.com\/fr\/produit\/boite-de-travail-pour-valise-de-route\/#breadcrumb\",\"itemListElement\":[{\"@type\":\"ListItem\",\"position\":1,\"name\":\"Home\",\"item\":\"https:\/\/sxflightcase.com\/\"},{\"@type\":\"ListItem\",\"position\":2,\"name\":\"\u0e2a\u0e34\u0e19\u0e04\u0e49\u0e32\",\"item\":\"https:\/\/sxflightcase.com\/th\/shop\/\"},{\"@type\":\"ListItem\",\"position\":3,\"name\":\"Dj Case Factory\"}]},{\"@type\":\"WebSite\",\"@id\":\"https:\/\/sxflightcase.com\/th\/#website\",\"url\":\"https:\/\/sxflightcase.com\/th\/\",\"name\":\"sxpowercase.com\",\"description\":\"Flight Case Factory\",\"publisher\":{\"@id\":\"https:\/\/sxflightcase.com\/th\/#organization\"},\"potentialAction\":[{\"@type\":\"SearchAction\",\"target\":{\"@type\":\"EntryPoint\",\"urlTemplate\":\"https:\/\/sxflightcase.com\/th\/?s={search_term_string}\"},\"query-input\":{\"@type\":\"PropertyValueSpecification\",\"valueRequired\":true,\"valueName\":\"search_term_string\"}}],\"inLanguage\":\"da-DK\"},{\"@type\":\"Organization\",\"@id\":\"https:\/\/sxflightcase.com\/th\/#organization\",\"name\":\"sxpowercase.com\",\"url\":\"https:\/\/sxflightcase.com\/th\/\",\"logo\":{\"@type\":\"ImageObject\",\"inLanguage\":\"da-DK\",\"@id\":\"https:\/\/sxflightcase.com\/th\/#\/schema\/logo\/image\/\",\"url\":\"https:\/\/sxflightcase.com\/wp-content\/uploads\/2024\/04\/1713919036007.jpg\",\"contentUrl\":\"https:\/\/sxflightcase.com\/wp-content\/uploads\/2024\/04\/1713919036007.jpg\",\"width\":382,\"height\":388,\"caption\":\"sxpowercase.com\"},\"image\":{\"@id\":\"https:\/\/sxflightcase.com\/th\/#\/schema\/logo\/image\/\"},\"sameAs\":[\"https:\/\/www.facebook.com\/profile.php?id=61560407257971\"],\"numberOfEmployees\":{\"@type\":\"QuantitativeValue\",\"minValue\":\"11\",\"maxValue\":\"50\"}}]}<\/script>\n<!-- \/ Yoast SEO Premium plugin. -->","yoast_head_json":{"title":"Dj Case Factory - https:\/\/sxflightcase.com \ud83d\udc97","description":"Dj case factory: Specialiseret i direkte salg og professionel tilpasning til f\u00f8rsteklasses udstyrsbeskyttelsesl\u00f8sninger.","robots":{"index":"index","follow":"follow","max-snippet":"max-snippet:-1","max-image-preview":"max-image-preview:large","max-video-preview":"max-video-preview:-1"},"canonical":"https:\/\/sxflightcase.com\/da\/produit\/boite-de-travail-pour-valise-de-route\/","og_locale":"da_DK","og_type":"article","og_title":"Dj Case Factory","og_description":"Dj case factory: Specializing in direct sales and professional customization for premium equipment protection solutions.","og_url":"https:\/\/sxflightcase.com\/da\/produit\/boite-de-travail-pour-valise-de-route\/","og_site_name":"https:\/\/sxflightcase.com","article_publisher":"https:\/\/www.facebook.com\/profile.php?id=61560407257971","article_modified_time":"2025-02-19T02:45:02+00:00","og_image":[{"width":742,"height":746,"url":"https:\/\/sxflightcase.com\/wp-content\/uploads\/2024\/05\/1714963576972.jpg","type":"image\/jpeg"}],"twitter_card":"summary_large_image","twitter_misc":{"Estimeret l\u00e6setid":"4 minutter"},"schema":{"@context":"https:\/\/schema.org","@graph":[{"@type":"WebPage","@id":"https:\/\/sxflightcase.com\/fr\/produit\/boite-de-travail-pour-valise-de-route\/","url":"https:\/\/sxflightcase.com\/fr\/produit\/boite-de-travail-pour-valise-de-route\/","name":"Dj Case Factory - https:\/\/sxflightcase.com \ud83d\udc97","isPartOf":{"@id":"https:\/\/sxflightcase.com\/th\/#website"},"primaryImageOfPage":{"@id":"https:\/\/sxflightcase.com\/fr\/produit\/boite-de-travail-pour-valise-de-route\/#primaryimage"},"image":{"@id":"https:\/\/sxflightcase.com\/fr\/produit\/boite-de-travail-pour-valise-de-route\/#primaryimage"},"thumbnailUrl":"https:\/\/sxflightcase.com\/wp-content\/uploads\/2024\/05\/1714963576972.jpg","datePublished":"2024-05-06T07:08:32+00:00","dateModified":"2025-02-19T02:45:02+00:00","description":"Dj case factory: Specialiseret i direkte salg og professionel tilpasning til f\u00f8rsteklasses udstyrsbeskyttelsesl\u00f8sninger.","breadcrumb":{"@id":"https:\/\/sxflightcase.com\/fr\/produit\/boite-de-travail-pour-valise-de-route\/#breadcrumb"},"inLanguage":"da-DK","potentialAction":[{"@type":"ReadAction","target":["https:\/\/sxflightcase.com\/fr\/produit\/boite-de-travail-pour-valise-de-route\/"]}]},{"@type":"ImageObject","inLanguage":"da-DK","@id":"https:\/\/sxflightcase.com\/fr\/produit\/boite-de-travail-pour-valise-de-route\/#primaryimage","url":"https:\/\/sxflightcase.com\/wp-content\/uploads\/2024\/05\/1714963576972.jpg","contentUrl":"https:\/\/sxflightcase.com\/wp-content\/uploads\/2024\/05\/1714963576972.jpg","width":742,"height":746,"caption":"road case workbox"},{"@type":"BreadcrumbList","@id":"https:\/\/sxflightcase.com\/fr\/produit\/boite-de-travail-pour-valise-de-route\/#breadcrumb","itemListElement":[{"@type":"ListItem","position":1,"name":"Home","item":"https:\/\/sxflightcase.com\/"},{"@type":"ListItem","position":2,"name":"\u0e2a\u0e34\u0e19\u0e04\u0e49\u0e32","item":"https:\/\/sxflightcase.com\/th\/shop\/"},{"@type":"ListItem","position":3,"name":"Dj Case Factory"}]},{"@type":"WebSite","@id":"https:\/\/sxflightcase.com\/th\/#website","url":"https:\/\/sxflightcase.com\/th\/","name":"sxpowercase.com","description":"Flight Case Factory","publisher":{"@id":"https:\/\/sxflightcase.com\/th\/#organization"},"potentialAction":[{"@type":"SearchAction","target":{"@type":"EntryPoint","urlTemplate":"https:\/\/sxflightcase.com\/th\/?s={search_term_string}"},"query-input":{"@type":"PropertyValueSpecification","valueRequired":true,"valueName":"search_term_string"}}],"inLanguage":"da-DK"},{"@type":"Organization","@id":"https:\/\/sxflightcase.com\/th\/#organization","name":"sxpowercase.com","url":"https:\/\/sxflightcase.com\/th\/","logo":{"@type":"ImageObject","inLanguage":"da-DK","@id":"https:\/\/sxflightcase.com\/th\/#\/schema\/logo\/image\/","url":"https:\/\/sxflightcase.com\/wp-content\/uploads\/2024\/04\/1713919036007.jpg","contentUrl":"https:\/\/sxflightcase.com\/wp-content\/uploads\/2024\/04\/1713919036007.jpg","width":382,"height":388,"caption":"sxpowercase.com"},"image":{"@id":"https:\/\/sxflightcase.com\/th\/#\/schema\/logo\/image\/"},"sameAs":["https:\/\/www.facebook.com\/profile.php?id=61560407257971"],"numberOfEmployees":{"@type":"QuantitativeValue","minValue":"11","maxValue":"50"}}]}},"_links":{"self":[{"href":"https:\/\/sxflightcase.com\/da\/wp-json\/wp\/v2\/product\/1069","targetHints":{"allow":["GET"]}}],"collection":[{"href":"https:\/\/sxflightcase.com\/da\/wp-json\/wp\/v2\/product"}],"about":[{"href":"https:\/\/sxflightcase.com\/da\/wp-json\/wp\/v2\/types\/product"}],"replies":[{"embeddable":true,"href":"https:\/\/sxflightcase.com\/da\/wp-json\/wp\/v2\/comments?post=1069"}],"version-history":[{"count":0,"href":"https:\/\/sxflightcase.com\/da\/wp-json\/wp\/v2\/product\/1069\/revisions"}],"wp:featuredmedia":[{"embeddable":true,"href":"https:\/\/sxflightcase.com\/da\/wp-json\/wp\/v2\/media\/1070"}],"wp:attachment":[{"href":"https:\/\/sxflightcase.com\/da\/wp-json\/wp\/v2\/media?parent=1069"}],"wp:term":[{"taxonomy":"product_brand","embeddable":true,"href":"https:\/\/sxflightcase.com\/da\/wp-json\/wp\/v2\/product_brand?post=1069"},{"taxonomy":"product_cat","embeddable":true,"href":"https:\/\/sxflightcase.com\/da\/wp-json\/wp\/v2\/product_cat?post=1069"},{"taxonomy":"product_tag","embeddable":true,"href":"https:\/\/sxflightcase.com\/da\/wp-json\/wp\/v2\/product_tag?post=1069"}],"curies":[{"name":"wp","href":"https:\/\/api.w.org\/{rel}","templated":true}]}}