{"id":1082,"date":"2024-05-06T09:24:28","date_gmt":"2024-05-06T08:24:28","guid":{"rendered":"https:\/\/sxpowercase.com\/?post_type=product&#038;p=1082"},"modified":"2025-02-18T19:48:08","modified_gmt":"2025-02-19T03:48:08","slug":"cable-case-with-heavy-duty-wheels","status":"publish","type":"product","link":"https:\/\/sxflightcase.com\/da\/vare\/kabelkasse-med-kraftige-hjul\/","title":{"rendered":"Kabeltaske med kraftige hjul"},"content":{"rendered":"<p><strong>Titel:<\/strong><br \/>\nSX kabeltasker: F\u00f8rsteklasses beskyttelse af dine kabler - kan tilpasses og er holdbare<\/p>\n<p><strong>Meta beskrivelse:<\/strong><br \/>\nBeskyt dine kabler med SX's h\u00f8jkvalitets <a href=\"https:\/\/sxpowercase.com\/product\/wireless-microphone-case\/\">Kabeltasker<\/a>. Kan tilpasses, er holdbare og designet til maksimal beskyttelse. \u00d8g din virksomheds effektivitet i dag!<\/p>\n<h3><strong>SX: Din p\u00e5lidelige leverand\u00f8r af kabeltasker<\/strong><\/h3>\n<p><strong>SX<\/strong> er dit bedste valg til <a href=\"https:\/\/sxpowercase.com\/product\/flight-case-19-rack\/\">Kabeltasker<\/a>. Vores etuier holder dine kabler sikre og organiserede. De er perfekte til lyd-, video- eller str\u00f8mkabler.<\/p>\n<h3><strong>Hvorfor v\u00e6lge SX Cable Cases?<\/strong><\/h3>\n<ol>\n<li><strong>Maksimal beskyttelse af dine kabler<\/strong><br \/>\nVores sager har <strong>Aluminiumsrammer<\/strong>, <strong>Brandsikker 12 mm krydsfiner<\/strong>, og <strong>Indvendigt st\u00f8dsikkert skum med h\u00f8j densitet<\/strong>. De beskytter dine kabler mod st\u00f8d, fugt og andre farer.<\/li>\n<li><strong>Skr\u00e6ddersyede l\u00f8sninger til dine behov<\/strong><br \/>\nHvert kabels\u00e6t er unikt, og det er vores etuier ogs\u00e5. Vi kan designe en <strong>Tilpasset l\u00f8sning<\/strong> til dine specifikke behov.<\/li>\n<li><strong>\u00d8g virksomhedens effektivitet<\/strong><br \/>\nSX-kabeltasker holder dine kabler organiseret og beskyttet. Det sparer dig tid og reducerer stress. Du kan fokusere mere p\u00e5 dine projekter, hvilket f\u00f8rer til bedre produktivitet og st\u00f8rre oms\u00e6tning.<\/li>\n<li><strong>Maksimer din fortjeneste<\/strong><br \/>\nDet er klogt at investere i SX-kabeltasker. De sparer dig penge ved at undg\u00e5 skader og udskiftninger. Med holdbare kufferter kan du p\u00e5tage dig flere projekter og dermed \u00f8ge din fortjeneste.<\/li>\n<li><strong>Enest\u00e5ende kvalitet og service<\/strong><br \/>\nHos SX sigter vi efter <strong>enest\u00e5ende kvalitet<\/strong> og <strong>kundeservice<\/strong>. Vi arbejder t\u00e6t sammen med dig for at sikre din tilfredshed fra start til slut.<\/li>\n<\/ol>\n<h3><strong>Vigtige funktioner:<\/strong><\/h3>\n<ul>\n<li><strong>Materiale:<\/strong> Aluminiumsramme + brandsikker 12 mm krydsfiner<\/li>\n<li><strong>Indvendigt:<\/strong> St\u00f8dsikkert skum med h\u00f8j densitet giver maksimal beskyttelse<\/li>\n<li><strong>Tilbeh\u00f8r:<\/strong> Fire sommerfuglel\u00e5se, fire hjul og fire st\u00e6rke h\u00e5ndtag til nem transport<\/li>\n<li><strong>Tilpasning:<\/strong> Skr\u00e6ddersy kufferten til dine behov - v\u00e6lg materialer, dimensioner, indvendigt fyld, h\u00e5ndtag og l\u00e5se.<\/li>\n<li><strong>Pakning:<\/strong> Boblepose + karton for sikker levering<\/li>\n<\/ul>\n<h3><strong>Boost din virksomhed med SX-kabeltasker<\/strong><\/h3>\n<p>Lad ikke beskadigede eller uorganiserede kabler bremse dig. Det kan du med SX-kabeltasker:<\/p>\n<ul>\n<li><strong>Beskyt dine v\u00e6rdifulde kabler<\/strong> mod skader under transport.<\/li>\n<li><strong>Hold dig organiseret<\/strong> og klar til ethvert projekt.<\/li>\n<li><strong>\u00d8g din bundlinje<\/strong> ved at p\u00e5tage sig flere jobs med selvtillid.<\/li>\n<\/ul>\n<h3><strong>Ofte stillede sp\u00f8rgsm\u00e5l<\/strong><\/h3>\n<p><strong>Q: Kan SX tilpasse kabeltasker til specifikke kabelst\u00f8rrelser?<\/strong><br \/>\nSvar: Ja, vi tilbyder tilpassede l\u00f8sninger, der er skr\u00e6ddersyet til dine kabeldimensioner og specifikationer.<\/p>\n<p><strong>Q: Er SX-kabelkasser egnet til b\u00e5de indend\u00f8rs og udend\u00f8rs brug?<\/strong><br \/>\nA: Helt sikkert! Vores etuier er designet til at modst\u00e5 forskellige milj\u00f8er, s\u00e5 dine kabler er beskyttet, uanset hvor du er.<\/p>\n<p><strong>Q: Hvor lang tid tager det at modtage en specialfremstillet kabeltaske fra SX?<\/strong><br \/>\nSvar: Leveringstiden varierer afh\u00e6ngigt af sagens kompleksitet og vores aktuelle arbejdsbyrde. Kontakt os for specifikke leveringstider.<\/p>\n<p><strong>Q: Er der garanti p\u00e5 SX-kabeltasker?<\/strong><br \/>\nA: Ja, vores kufferter leveres med garanti for ekstra ro i sindet.<\/p>\n<p><strong>Q: Kan jeg bestille kabelkasser i l\u00f8s v\u00e6gt fra SX?<\/strong><br \/>\nA: Ja, vi kan tage imod store ordrer. Kontakt os for priser og tilg\u00e6ngelighed.<\/p>\n<h3><strong>Bestil din skr\u00e6ddersyede kabeltaske i dag!<\/strong><\/h3>\n<p>Er du klar til at beskytte dine kabler med SX's f\u00f8rsteklasses etuier? Kontakt os nu for at designe din egen l\u00f8sning.<\/p>\n<p><strong>F\u00e5 adgang nu:<\/strong> <a href=\"https:\/\/sxpowercase.com\/contact-us\/\" target=\"_blank\" rel=\"noopener noreferrer\">https:\/\/sxpowercase.com\/contact-us\/<\/a><\/p>\n<h3><strong>Hot Tags:<\/strong><\/h3>\n<p>Lav pris, str\u00f8m- og signalkabel, 16 gauge 4-ledertr\u00e5d, mikrofonstativkasse, udend\u00f8rs LED-sk\u00e6rmskab, rackmontering, elektrisk distroboks, Kina, leverand\u00f8rer, fabrik, tilpasset, engros, str\u00f8mkasser, str\u00f8mkabler, hejsekontroller, flightcases.<\/p>\n<h1><\/h1>","protected":false},"excerpt":{"rendered":"<h2><strong>Kvalitetskasser til maksimal beskyttelse<\/strong><\/h2>\n<p>SX-kabeltasker er bygget til at holde, med holdbare materialer og sikre lukninger, s\u00e5 dine kabler forbliver sikre og organiserede, uanset hvor du er.<\/p>\n<h2><strong>Skr\u00e6ddersyede l\u00f8sninger til dine kabelbehov<\/strong><\/h2>\n<p>Vi tilbyder specialfremstillede kabeltasker, der er skr\u00e6ddersyet til dine specifikke behov, uanset om det er til lydkabler, videokabler eller andre typer. Hold styr p\u00e5 dine kabler og beskyt dem med vores skr\u00e6ddersyede l\u00f8sninger.<\/p>\n<h2><strong>\u00d8g virksomhedens effektivitet med SX-kabeltasker<\/strong><\/h2>\n<p>Invester i SX-kabelkasser for at \u00f8ge virksomhedens effektivitet og rentabilitet. Brug mindre tid p\u00e5 at lede efter kabler og mere tid p\u00e5 at fokusere p\u00e5 dine projekter, hvilket f\u00f8rer til forbedret produktivitet og \u00f8get oms\u00e6tning.<\/p>","protected":false},"featured_media":1083,"comment_status":"open","ping_status":"closed","template":"","meta":[],"product_brand":[],"product_cat":[36],"product_tag":[],"class_list":{"0":"post-1082","1":"product","2":"type-product","3":"status-publish","4":"has-post-thumbnail","6":"product_cat-cables-cases","8":"first","9":"instock","10":"shipping-taxable","11":"product-type-simple"},"yoast_head":"<!-- This site is optimized with the Yoast SEO Premium plugin v27.1 (Yoast SEO v27.2) - https:\/\/yoast.com\/product\/yoast-seo-premium-wordpress\/ -->\n<title>Cable Case With Heavy Duty Wheels - https:\/\/sxflightcase.com \ud83d\udc97<\/title>\n<meta name=\"description\" content=\"Cable case Factory: Specializing in direct sales and professional customization for premium equipment protection solutions\" \/>\n<meta name=\"robots\" content=\"index, follow, max-snippet:-1, max-image-preview:large, max-video-preview:-1\" \/>\n<link rel=\"canonical\" href=\"https:\/\/sxflightcase.com\/da\/vare\/kabelkasse-med-kraftige-hjul\/\" \/>\n<meta property=\"og:locale\" content=\"da_DK\" \/>\n<meta property=\"og:type\" content=\"article\" \/>\n<meta property=\"og:title\" content=\"Cable Case With Heavy Duty Wheels\" \/>\n<meta property=\"og:description\" content=\"Cable case Factory: Specializing in direct sales and professional customization for premium equipment protection solutions\" \/>\n<meta property=\"og:url\" content=\"https:\/\/sxflightcase.com\/da\/vare\/kabelkasse-med-kraftige-hjul\/\" \/>\n<meta property=\"og:site_name\" content=\"https:\/\/sxflightcase.com\" \/>\n<meta property=\"article:publisher\" content=\"https:\/\/www.facebook.com\/profile.php?id=61560407257971\" \/>\n<meta property=\"article:modified_time\" content=\"2025-02-19T03:48:08+00:00\" \/>\n<meta property=\"og:image\" content=\"https:\/\/sxflightcase.com\/wp-content\/uploads\/2024\/05\/1714963633661.jpg\" \/>\n\t<meta property=\"og:image:width\" content=\"691\" \/>\n\t<meta property=\"og:image:height\" content=\"692\" \/>\n\t<meta property=\"og:image:type\" content=\"image\/jpeg\" \/>\n<meta name=\"twitter:card\" content=\"summary_large_image\" \/>\n<meta name=\"twitter:label1\" content=\"Estimeret l\u00e6setid\" \/>\n\t<meta name=\"twitter:data1\" content=\"3 minutter\" \/>\n<script type=\"application\/ld+json\" class=\"yoast-schema-graph\">{\"@context\":\"https:\/\/schema.org\",\"@graph\":[{\"@type\":\"WebPage\",\"@id\":\"https:\/\/sxflightcase.com\/da\/produkt\/kabelkasse-med-kraftige-hjul\/\",\"url\":\"https:\/\/sxflightcase.com\/da\/produkt\/kabelkasse-med-kraftige-hjul\/\",\"name\":\"Cable Case With Heavy Duty Wheels - https:\/\/sxflightcase.com \ud83d\udc97\",\"isPartOf\":{\"@id\":\"https:\/\/sxflightcase.com\/th\/#website\"},\"primaryImageOfPage\":{\"@id\":\"https:\/\/sxflightcase.com\/da\/produkt\/kabelkasse-med-kraftige-hjul\/#primaryimage\"},\"image\":{\"@id\":\"https:\/\/sxflightcase.com\/da\/produkt\/kabelkasse-med-kraftige-hjul\/#primaryimage\"},\"thumbnailUrl\":\"https:\/\/sxflightcase.com\/wp-content\/uploads\/2024\/05\/1714963633661.jpg\",\"datePublished\":\"2024-05-06T08:24:28+00:00\",\"dateModified\":\"2025-02-19T03:48:08+00:00\",\"description\":\"Cable case Factory: Specializing in direct sales and professional customization for premium equipment protection solutions\",\"breadcrumb\":{\"@id\":\"https:\/\/sxflightcase.com\/da\/produkt\/kabelkasse-med-kraftige-hjul\/#breadcrumb\"},\"inLanguage\":\"da-DK\",\"potentialAction\":[{\"@type\":\"ReadAction\",\"target\":[\"https:\/\/sxflightcase.com\/da\/produkt\/kabelkasse-med-kraftige-hjul\/\"]}]},{\"@type\":\"ImageObject\",\"inLanguage\":\"da-DK\",\"@id\":\"https:\/\/sxflightcase.com\/da\/produkt\/kabelkasse-med-kraftige-hjul\/#primaryimage\",\"url\":\"https:\/\/sxflightcase.com\/wp-content\/uploads\/2024\/05\/1714963633661.jpg\",\"contentUrl\":\"https:\/\/sxflightcase.com\/wp-content\/uploads\/2024\/05\/1714963633661.jpg\",\"width\":691,\"height\":692,\"caption\":\"cable case\"},{\"@type\":\"BreadcrumbList\",\"@id\":\"https:\/\/sxflightcase.com\/da\/produkt\/kabelkasse-med-kraftige-hjul\/#breadcrumb\",\"itemListElement\":[{\"@type\":\"ListItem\",\"position\":1,\"name\":\"Home\",\"item\":\"https:\/\/sxflightcase.com\/\"},{\"@type\":\"ListItem\",\"position\":2,\"name\":\"\u0e2a\u0e34\u0e19\u0e04\u0e49\u0e32\",\"item\":\"https:\/\/sxflightcase.com\/th\/shop\/\"},{\"@type\":\"ListItem\",\"position\":3,\"name\":\"Cable Case With Heavy Duty Wheels\"}]},{\"@type\":\"WebSite\",\"@id\":\"https:\/\/sxflightcase.com\/th\/#website\",\"url\":\"https:\/\/sxflightcase.com\/th\/\",\"name\":\"sxpowercase.com\",\"description\":\"Flight Case Factory\",\"publisher\":{\"@id\":\"https:\/\/sxflightcase.com\/th\/#organization\"},\"potentialAction\":[{\"@type\":\"SearchAction\",\"target\":{\"@type\":\"EntryPoint\",\"urlTemplate\":\"https:\/\/sxflightcase.com\/th\/?s={search_term_string}\"},\"query-input\":{\"@type\":\"PropertyValueSpecification\",\"valueRequired\":true,\"valueName\":\"search_term_string\"}}],\"inLanguage\":\"da-DK\"},{\"@type\":\"Organization\",\"@id\":\"https:\/\/sxflightcase.com\/th\/#organization\",\"name\":\"sxpowercase.com\",\"url\":\"https:\/\/sxflightcase.com\/th\/\",\"logo\":{\"@type\":\"ImageObject\",\"inLanguage\":\"da-DK\",\"@id\":\"https:\/\/sxflightcase.com\/th\/#\/schema\/logo\/image\/\",\"url\":\"https:\/\/sxflightcase.com\/wp-content\/uploads\/2024\/04\/1713919036007.jpg\",\"contentUrl\":\"https:\/\/sxflightcase.com\/wp-content\/uploads\/2024\/04\/1713919036007.jpg\",\"width\":382,\"height\":388,\"caption\":\"sxpowercase.com\"},\"image\":{\"@id\":\"https:\/\/sxflightcase.com\/th\/#\/schema\/logo\/image\/\"},\"sameAs\":[\"https:\/\/www.facebook.com\/profile.php?id=61560407257971\"],\"numberOfEmployees\":{\"@type\":\"QuantitativeValue\",\"minValue\":\"11\",\"maxValue\":\"50\"}}]}<\/script>\n<!-- \/ Yoast SEO Premium plugin. -->","yoast_head_json":{"title":"Cable Case With Heavy Duty Wheels - https:\/\/sxflightcase.com \ud83d\udc97","description":"Kabeltaskefabrik: Specialiseret i direkte salg og professionel tilpasning af f\u00f8rsteklasses l\u00f8sninger til beskyttelse af udstyr","robots":{"index":"index","follow":"follow","max-snippet":"max-snippet:-1","max-image-preview":"max-image-preview:large","max-video-preview":"max-video-preview:-1"},"canonical":"https:\/\/sxflightcase.com\/da\/vare\/kabelkasse-med-kraftige-hjul\/","og_locale":"da_DK","og_type":"article","og_title":"Cable Case With Heavy Duty Wheels","og_description":"Cable case Factory: Specializing in direct sales and professional customization for premium equipment protection solutions","og_url":"https:\/\/sxflightcase.com\/da\/vare\/kabelkasse-med-kraftige-hjul\/","og_site_name":"https:\/\/sxflightcase.com","article_publisher":"https:\/\/www.facebook.com\/profile.php?id=61560407257971","article_modified_time":"2025-02-19T03:48:08+00:00","og_image":[{"width":691,"height":692,"url":"https:\/\/sxflightcase.com\/wp-content\/uploads\/2024\/05\/1714963633661.jpg","type":"image\/jpeg"}],"twitter_card":"summary_large_image","twitter_misc":{"Estimeret l\u00e6setid":"3 minutter"},"schema":{"@context":"https:\/\/schema.org","@graph":[{"@type":"WebPage","@id":"https:\/\/sxflightcase.com\/da\/produkt\/kabelkasse-med-kraftige-hjul\/","url":"https:\/\/sxflightcase.com\/da\/produkt\/kabelkasse-med-kraftige-hjul\/","name":"Cable Case With Heavy Duty Wheels - https:\/\/sxflightcase.com \ud83d\udc97","isPartOf":{"@id":"https:\/\/sxflightcase.com\/th\/#website"},"primaryImageOfPage":{"@id":"https:\/\/sxflightcase.com\/da\/produkt\/kabelkasse-med-kraftige-hjul\/#primaryimage"},"image":{"@id":"https:\/\/sxflightcase.com\/da\/produkt\/kabelkasse-med-kraftige-hjul\/#primaryimage"},"thumbnailUrl":"https:\/\/sxflightcase.com\/wp-content\/uploads\/2024\/05\/1714963633661.jpg","datePublished":"2024-05-06T08:24:28+00:00","dateModified":"2025-02-19T03:48:08+00:00","description":"Kabeltaskefabrik: Specialiseret i direkte salg og professionel tilpasning af f\u00f8rsteklasses l\u00f8sninger til beskyttelse af udstyr","breadcrumb":{"@id":"https:\/\/sxflightcase.com\/da\/produkt\/kabelkasse-med-kraftige-hjul\/#breadcrumb"},"inLanguage":"da-DK","potentialAction":[{"@type":"ReadAction","target":["https:\/\/sxflightcase.com\/da\/produkt\/kabelkasse-med-kraftige-hjul\/"]}]},{"@type":"ImageObject","inLanguage":"da-DK","@id":"https:\/\/sxflightcase.com\/da\/produkt\/kabelkasse-med-kraftige-hjul\/#primaryimage","url":"https:\/\/sxflightcase.com\/wp-content\/uploads\/2024\/05\/1714963633661.jpg","contentUrl":"https:\/\/sxflightcase.com\/wp-content\/uploads\/2024\/05\/1714963633661.jpg","width":691,"height":692,"caption":"cable case"},{"@type":"BreadcrumbList","@id":"https:\/\/sxflightcase.com\/da\/produkt\/kabelkasse-med-kraftige-hjul\/#breadcrumb","itemListElement":[{"@type":"ListItem","position":1,"name":"Home","item":"https:\/\/sxflightcase.com\/"},{"@type":"ListItem","position":2,"name":"\u0e2a\u0e34\u0e19\u0e04\u0e49\u0e32","item":"https:\/\/sxflightcase.com\/th\/shop\/"},{"@type":"ListItem","position":3,"name":"Cable Case With Heavy Duty Wheels"}]},{"@type":"WebSite","@id":"https:\/\/sxflightcase.com\/th\/#website","url":"https:\/\/sxflightcase.com\/th\/","name":"sxpowercase.com","description":"Flight Case Factory","publisher":{"@id":"https:\/\/sxflightcase.com\/th\/#organization"},"potentialAction":[{"@type":"SearchAction","target":{"@type":"EntryPoint","urlTemplate":"https:\/\/sxflightcase.com\/th\/?s={search_term_string}"},"query-input":{"@type":"PropertyValueSpecification","valueRequired":true,"valueName":"search_term_string"}}],"inLanguage":"da-DK"},{"@type":"Organization","@id":"https:\/\/sxflightcase.com\/th\/#organization","name":"sxpowercase.com","url":"https:\/\/sxflightcase.com\/th\/","logo":{"@type":"ImageObject","inLanguage":"da-DK","@id":"https:\/\/sxflightcase.com\/th\/#\/schema\/logo\/image\/","url":"https:\/\/sxflightcase.com\/wp-content\/uploads\/2024\/04\/1713919036007.jpg","contentUrl":"https:\/\/sxflightcase.com\/wp-content\/uploads\/2024\/04\/1713919036007.jpg","width":382,"height":388,"caption":"sxpowercase.com"},"image":{"@id":"https:\/\/sxflightcase.com\/th\/#\/schema\/logo\/image\/"},"sameAs":["https:\/\/www.facebook.com\/profile.php?id=61560407257971"],"numberOfEmployees":{"@type":"QuantitativeValue","minValue":"11","maxValue":"50"}}]}},"_links":{"self":[{"href":"https:\/\/sxflightcase.com\/da\/wp-json\/wp\/v2\/product\/1082","targetHints":{"allow":["GET"]}}],"collection":[{"href":"https:\/\/sxflightcase.com\/da\/wp-json\/wp\/v2\/product"}],"about":[{"href":"https:\/\/sxflightcase.com\/da\/wp-json\/wp\/v2\/types\/product"}],"replies":[{"embeddable":true,"href":"https:\/\/sxflightcase.com\/da\/wp-json\/wp\/v2\/comments?post=1082"}],"version-history":[{"count":0,"href":"https:\/\/sxflightcase.com\/da\/wp-json\/wp\/v2\/product\/1082\/revisions"}],"wp:featuredmedia":[{"embeddable":true,"href":"https:\/\/sxflightcase.com\/da\/wp-json\/wp\/v2\/media\/1083"}],"wp:attachment":[{"href":"https:\/\/sxflightcase.com\/da\/wp-json\/wp\/v2\/media?parent=1082"}],"wp:term":[{"taxonomy":"product_brand","embeddable":true,"href":"https:\/\/sxflightcase.com\/da\/wp-json\/wp\/v2\/product_brand?post=1082"},{"taxonomy":"product_cat","embeddable":true,"href":"https:\/\/sxflightcase.com\/da\/wp-json\/wp\/v2\/product_cat?post=1082"},{"taxonomy":"product_tag","embeddable":true,"href":"https:\/\/sxflightcase.com\/da\/wp-json\/wp\/v2\/product_tag?post=1082"}],"curies":[{"name":"wp","href":"https:\/\/api.w.org\/{rel}","templated":true}]}}