{"id":1107,"date":"2024-05-07T06:46:14","date_gmt":"2024-05-07T05:46:14","guid":{"rendered":"https:\/\/sxpowercase.com\/?post_type=product&#038;p=1107"},"modified":"2025-02-20T00:04:50","modified_gmt":"2025-02-20T08:04:50","slug":"mixer-hard-case","status":"publish","type":"product","link":"https:\/\/sxflightcase.com\/da\/vare\/hardcase-til-mixerpult-2\/","title":{"rendered":"Mixer h\u00e5rdt etui"},"content":{"rendered":"<h3><strong>Produktoversigt: Hardcase til mixer<\/strong><\/h3>\n<p>De\u00a0<strong>Hardcase til SX-mixer<\/strong>\u00a0er designet til at yde ultimativ beskyttelse af dit lydudstyr. Uanset om du er DJ, lydtekniker eller musiker, sikrer vores tasker, at din mixerpult er beskyttet mod st\u00f8d, fald og andre farer under transport.<\/p>\n<hr \/>\n<h3><strong>Vigtige funktioner:<\/strong><\/h3>\n<ul>\n<li><strong>Materiale:<\/strong>\u00a09 mm krydsfiner med\u00a0<strong>Forkromet\/forzinket hardware<\/strong>\u00a0og\u00a0<strong>Ekstrudering af aluminium<\/strong>\u00a0for maksimal holdbarhed<\/li>\n<li><strong>Skumforing:<\/strong>\u00a0Valgmulighederne omfatter\u00a0<strong>Perleskum<\/strong>,\u00a0<strong>EVA-skum<\/strong>eller\u00a0<strong>\u00c6ggeskum<\/strong>\u00a0for overlegen st\u00f8dd\u00e6mpning<\/li>\n<li><strong>Farvemuligheder:<\/strong>\u00a0F\u00e5s i\u00a0<strong>Sort (standard)<\/strong>R\u00f8d, bl\u00e5, orange, gul, gr\u00f8n og meget mere<\/li>\n<li><strong>Leveringstid:<\/strong>\u00a0Pr\u00f8vebestilling i\u00a0<strong>3 dage<\/strong>, normal orden i\u00a0<strong>7-15 dage<\/strong><\/li>\n<li><strong>Dimensioner:<\/strong>\u00a0Kan tilpasses, s\u00e5 det passer til dit specifikke udstyr<\/li>\n<\/ul>\n<hr \/>\n<h3><strong>Hvorfor v\u00e6lge SX Mixer Hard Cases?<\/strong><\/h3>\n<ol start=\"1\">\n<li><strong>Direkte fabrikssalg til uovertruffen v\u00e6rdi<\/strong><br \/>\nVed at sk\u00e6re mellemmanden v\u00e6k tilbyder vi\u00a0<strong>Kufferter af h\u00f8j kvalitet til konkurrencedygtige priser<\/strong>. Vores direkte fabriksmodel sikrer, at du f\u00e5r den bedste v\u00e6rdi uden at g\u00e5 p\u00e5 kompromis med kvaliteten.<\/li>\n<li><strong>Kan tilpasses til dine behov<\/strong><br \/>\nAlle professionelle har unikke krav. Vi tilbyder\u00a0<strong>omfattende tilpasningsmuligheder<\/strong>, herunder specifikke dimensioner, skumtyper og ekstra rum, for at skabe en kuffert, der passer perfekt til dit udstyr.<\/li>\n<li><strong>Holdbar og p\u00e5lidelig<\/strong><br \/>\nVores Mixer Hard Cases er bygget til at modst\u00e5 de h\u00e5rdeste forhold og er designet til\u00a0<strong>Langvarig beskyttelse<\/strong>. Uanset om du er p\u00e5 farten eller i studiet, forbliver dit udstyr sikkert og trygt.<\/li>\n<li><strong>Forbedret mobilitet<\/strong><br \/>\nMed robuste h\u00e5ndtag og valgfrie hjul g\u00f8r vores kufferter det nemt at transportere din mixer mellem forskellige steder, s\u00e5 du sparer tid og kr\u00e6fter.<\/li>\n<\/ol>\n<hr \/>\n<h3><strong>Applikationer:<\/strong><\/h3>\n<p>SX Mixer Hard Case er ideel til:<\/p>\n<ul>\n<li><strong>DJ's<\/strong><\/li>\n<li><strong>Lydteknikere<\/strong><\/li>\n<li><strong>Musikere<\/strong><\/li>\n<li><strong>Eventplanl\u00e6ggere<\/strong><\/li>\n<li><strong>Professionelle i studiet<\/strong><\/li>\n<\/ul>\n<hr \/>\n<h3><strong>Emballage og forsendelse:<\/strong><\/h3>\n<ul>\n<li><strong>Leveringstid:<\/strong>\n<ul>\n<li>Til s\u00f8s: 15-60 dage<\/li>\n<li>Med fly: 4-9 dage<\/li>\n<li>Med ekspres: 4-9 dage<\/li>\n<\/ul>\n<\/li>\n<li><strong>Leveringstid:<\/strong>\u00a07-15 arbejdsdage eller efter dine behov<\/li>\n<li><strong>Emballage:<\/strong>\u00a0Karton eller tilpasset emballage tilg\u00e6ngelig<\/li>\n<\/ul>\n<hr \/>\n<h3><strong>Vores service:<\/strong><\/h3>\n<ul>\n<li><strong>Professionel service:<\/strong>\u00a0Ekspertise i fremstilling og eksport af kasser af h\u00f8j kvalitet<\/li>\n<li><strong>Fremragende produktion:<\/strong>\u00a0Opm\u00e6rksomhed p\u00e5 detaljer og overlegent h\u00e5ndv\u00e6rk<\/li>\n<li><strong>Fleksible betalingsmuligheder:<\/strong>\u00a0T\/T, Western Union og meget mere<\/li>\n<\/ul>\n<hr \/>\n<h3><strong>Om os:<\/strong><\/h3>\n<p>Med mange \u00e5rs erfaring har SX opbygget et omd\u00f8mme for\u00a0<strong>Integritet, professionalisme og fremragende priser<\/strong>. Kunder over hele verden har tillid til vores produkter, og vi er fortsat forpligtet til at levere\u00a0<strong>kvalitet, v\u00e6rdi og kundetilfredshed<\/strong>.<\/p>\n<hr \/>\n<h3><strong>Ofte stillede sp\u00f8rgsm\u00e5l:<\/strong><\/h3>\n<p><strong>Q: Er du et handelsselskab eller en producent?<\/strong><br \/>\nA: Vi er en\u00a0<strong>professionel producent<\/strong>\u00a0der specialiserer sig i kufferter af h\u00f8j kvalitet til lydudstyr.<\/p>\n<p><strong>Q: F\u00f8lger der ekstra skum med til forskellige controller-st\u00f8rrelser?<\/strong><br \/>\nA: Kufferten indeholder aftageligt skum under glideplatformen for at sikre r\u00f8remaskinen under transport. Ekstra skum kan tilpasses efter anmodning.<\/p>\n<p><strong>Q: Hvor nemt er det at fjerne skummet til forskellige form\u00e5l?<\/strong><br \/>\nSvar: Skummet kan let fjernes eller sk\u00e6res til, s\u00e5 det passer til forskellige udstyrsst\u00f8rrelser, hvilket giver fleksibilitet til forskellige anvendelser.<\/p>\n<p><strong>Q: Kan jeg bestille store m\u00e6ngder?<\/strong><br \/>\nA: Ja, vi kan tage imod store ordrer. Kontakt os for priser og tilg\u00e6ngelighed.<\/p>\n<hr \/>\n<h3><strong>Bestil din h\u00e5rde mixer-kuffert i dag!<\/strong><\/h3>\n<p>Er du klar til at beskytte din mixer med SX's f\u00f8rsteklasses hardcases? Kontakt os nu for at designe din egen l\u00f8sning.<\/p>\n<p><strong>F\u00e5 adgang nu:<\/strong>\u00a0<a href=\"https:\/\/sxpowercase.com\/contact-us\/\" target=\"_blank\" rel=\"noopener noreferrer\">https:\/\/sxpowercase.com\/contact-us\/<\/a><\/p>\n<p>Hot Tags: Lav pris, str\u00f8m- og signalkabel, 16 gauge 4-lederledning, mikrofonstativkasse, udend\u00f8rs LED-sk\u00e6rmskab, rackmontering, elektrisk distroboks, Kina, leverand\u00f8rer, fabrik, tilpasset, engros, <span style=\"color: #993366;\"><a style=\"color: #993366;\" href=\"https:\/\/sxflightcase.com\/da\/product-category\/all-product\/power-distribution-boxes\/\">str\u00f8mbokse<\/a>,\u00a0<a style=\"color: #993366;\" href=\"https:\/\/sxflightcase.com\/da\/product-category\/all-product\/hoist-controllers\/\">str\u00f8mkabler<\/a>,\u00a0<a style=\"color: #993366;\" href=\"https:\/\/sxflightcase.com\/da\/product-category\/all-product\/hoist-controllers\/\">hejseregulatorer<\/a>,\u00a0<a style=\"color: #993366;\" href=\"https:\/\/sxflightcase.com\/da\/product-category\/all-product\/flight-case\/\">flyvekasser.<\/a><\/span><\/p>","protected":false},"excerpt":{"rendered":"<h2 class=\"prodetails-name\">Mixer h\u00e5rdt etui<\/h2>\n<p>Vores interne erfaringer betyder, at vi forst\u00e5r vores kunders forventninger til kufferten, samtidig med at vi kan tilbyde forskellige tilpasningsmuligheder for at g\u00f8re dit arbejde lettere, n\u00e5r du flytter dit udstyr. Mixer hardcase er en af de mest popul\u00e6re flightcases p\u00e5 markedet p\u00e5 grund af dens alsidighed.<\/p>\n<h2><strong>Produktionsintroduktion<\/strong><\/h2>\n<p>H\u00e5rd kuffert til mixer<\/p>\n<p>Den er fremstillet af 9 mm vinyllamineret krydsfiner, robuste aluminiumsprofiler og kraftige sommerfuglel\u00e5se og giver sikker transport og arbejdsstation i \u00e9t. Takket v\u00e6re den integrerede glidende laptop-platform og den praktiske kabeladgangsport er ops\u00e6tningen klar til brug p\u00e5 ingen tid.<\/p>","protected":false},"featured_media":1108,"comment_status":"open","ping_status":"closed","template":"","meta":[],"product_brand":[],"product_cat":[41],"product_tag":[],"class_list":{"0":"post-1107","1":"product","2":"type-product","3":"status-publish","4":"has-post-thumbnail","6":"product_cat-equipment-cases","8":"first","9":"instock","10":"shipping-taxable","11":"product-type-simple"},"yoast_head":"<!-- This site is optimized with the Yoast SEO Premium plugin v27.1 (Yoast SEO v27.2) - https:\/\/yoast.com\/product\/yoast-seo-premium-wordpress\/ -->\n<title>Mixer Hard Case - https:\/\/sxflightcase.com \ud83d\udc97<\/title>\n<meta name=\"description\" content=\"Mixer Hard Case Factory: Specializing in direct sales and professional customization for premium equipment protection solutions.\" \/>\n<meta name=\"robots\" content=\"index, follow, max-snippet:-1, max-image-preview:large, max-video-preview:-1\" \/>\n<link rel=\"canonical\" href=\"https:\/\/sxflightcase.com\/da\/san-pham\/mixer-hard-case\/\" \/>\n<meta property=\"og:locale\" content=\"da_DK\" \/>\n<meta property=\"og:type\" content=\"article\" \/>\n<meta property=\"og:title\" content=\"Mixer Hard Case\" \/>\n<meta property=\"og:description\" content=\"Mixer Hard Case Factory: Specializing in direct sales and professional customization for premium equipment protection solutions.\" \/>\n<meta property=\"og:url\" content=\"https:\/\/sxflightcase.com\/da\/san-pham\/mixer-hard-case\/\" \/>\n<meta property=\"og:site_name\" content=\"https:\/\/sxflightcase.com\" \/>\n<meta property=\"article:publisher\" content=\"https:\/\/www.facebook.com\/profile.php?id=61560407257971\" \/>\n<meta property=\"article:modified_time\" content=\"2025-02-20T08:04:50+00:00\" \/>\n<meta property=\"og:image\" content=\"https:\/\/sxflightcase.com\/wp-content\/uploads\/2024\/05\/mixer-hard-case55546902954.webp\" \/>\n\t<meta property=\"og:image:width\" content=\"700\" \/>\n\t<meta property=\"og:image:height\" content=\"700\" \/>\n\t<meta property=\"og:image:type\" content=\"image\/webp\" \/>\n<meta name=\"twitter:card\" content=\"summary_large_image\" \/>\n<meta name=\"twitter:label1\" content=\"Estimeret l\u00e6setid\" \/>\n\t<meta name=\"twitter:data1\" content=\"4 minutter\" \/>\n<script type=\"application\/ld+json\" class=\"yoast-schema-graph\">{\"@context\":\"https:\/\/schema.org\",\"@graph\":[{\"@type\":\"WebPage\",\"@id\":\"https:\/\/sxflightcase.com\/vi\/san-pham\/mixer-hard-case\/\",\"url\":\"https:\/\/sxflightcase.com\/vi\/san-pham\/mixer-hard-case\/\",\"name\":\"Mixer Hard Case - https:\/\/sxflightcase.com \ud83d\udc97\",\"isPartOf\":{\"@id\":\"https:\/\/sxflightcase.com\/th\/#website\"},\"primaryImageOfPage\":{\"@id\":\"https:\/\/sxflightcase.com\/vi\/san-pham\/mixer-hard-case\/#primaryimage\"},\"image\":{\"@id\":\"https:\/\/sxflightcase.com\/vi\/san-pham\/mixer-hard-case\/#primaryimage\"},\"thumbnailUrl\":\"https:\/\/sxflightcase.com\/wp-content\/uploads\/2024\/05\/mixer-hard-case55546902954.webp\",\"datePublished\":\"2024-05-07T05:46:14+00:00\",\"dateModified\":\"2025-02-20T08:04:50+00:00\",\"description\":\"Mixer Hard Case Factory: Specializing in direct sales and professional customization for premium equipment protection solutions.\",\"breadcrumb\":{\"@id\":\"https:\/\/sxflightcase.com\/vi\/san-pham\/mixer-hard-case\/#breadcrumb\"},\"inLanguage\":\"da-DK\",\"potentialAction\":[{\"@type\":\"ReadAction\",\"target\":[\"https:\/\/sxflightcase.com\/vi\/san-pham\/mixer-hard-case\/\"]}]},{\"@type\":\"ImageObject\",\"inLanguage\":\"da-DK\",\"@id\":\"https:\/\/sxflightcase.com\/vi\/san-pham\/mixer-hard-case\/#primaryimage\",\"url\":\"https:\/\/sxflightcase.com\/wp-content\/uploads\/2024\/05\/mixer-hard-case55546902954.webp\",\"contentUrl\":\"https:\/\/sxflightcase.com\/wp-content\/uploads\/2024\/05\/mixer-hard-case55546902954.webp\",\"width\":700,\"height\":700,\"caption\":\"Mixer Hard Case\"},{\"@type\":\"BreadcrumbList\",\"@id\":\"https:\/\/sxflightcase.com\/vi\/san-pham\/mixer-hard-case\/#breadcrumb\",\"itemListElement\":[{\"@type\":\"ListItem\",\"position\":1,\"name\":\"Home\",\"item\":\"https:\/\/sxflightcase.com\/\"},{\"@type\":\"ListItem\",\"position\":2,\"name\":\"\u0e2a\u0e34\u0e19\u0e04\u0e49\u0e32\",\"item\":\"https:\/\/sxflightcase.com\/th\/shop\/\"},{\"@type\":\"ListItem\",\"position\":3,\"name\":\"Mixer Hard Case\"}]},{\"@type\":\"WebSite\",\"@id\":\"https:\/\/sxflightcase.com\/th\/#website\",\"url\":\"https:\/\/sxflightcase.com\/th\/\",\"name\":\"sxpowercase.com\",\"description\":\"Flight Case Factory\",\"publisher\":{\"@id\":\"https:\/\/sxflightcase.com\/th\/#organization\"},\"potentialAction\":[{\"@type\":\"SearchAction\",\"target\":{\"@type\":\"EntryPoint\",\"urlTemplate\":\"https:\/\/sxflightcase.com\/th\/?s={search_term_string}\"},\"query-input\":{\"@type\":\"PropertyValueSpecification\",\"valueRequired\":true,\"valueName\":\"search_term_string\"}}],\"inLanguage\":\"da-DK\"},{\"@type\":\"Organization\",\"@id\":\"https:\/\/sxflightcase.com\/th\/#organization\",\"name\":\"sxpowercase.com\",\"url\":\"https:\/\/sxflightcase.com\/th\/\",\"logo\":{\"@type\":\"ImageObject\",\"inLanguage\":\"da-DK\",\"@id\":\"https:\/\/sxflightcase.com\/th\/#\/schema\/logo\/image\/\",\"url\":\"https:\/\/sxflightcase.com\/wp-content\/uploads\/2024\/04\/1713919036007.jpg\",\"contentUrl\":\"https:\/\/sxflightcase.com\/wp-content\/uploads\/2024\/04\/1713919036007.jpg\",\"width\":382,\"height\":388,\"caption\":\"sxpowercase.com\"},\"image\":{\"@id\":\"https:\/\/sxflightcase.com\/th\/#\/schema\/logo\/image\/\"},\"sameAs\":[\"https:\/\/www.facebook.com\/profile.php?id=61560407257971\"],\"numberOfEmployees\":{\"@type\":\"QuantitativeValue\",\"minValue\":\"11\",\"maxValue\":\"50\"}}]}<\/script>\n<!-- \/ Yoast SEO Premium plugin. -->","yoast_head_json":{"title":"Mixer Hard Case - https:\/\/sxflightcase.com \ud83d\udc97","description":"Mixer Hard Case Factory: Specialiseret i direkte salg og professionel tilpasning af f\u00f8rsteklasses l\u00f8sninger til beskyttelse af udstyr.","robots":{"index":"index","follow":"follow","max-snippet":"max-snippet:-1","max-image-preview":"max-image-preview:large","max-video-preview":"max-video-preview:-1"},"canonical":"https:\/\/sxflightcase.com\/da\/san-pham\/mixer-hard-case\/","og_locale":"da_DK","og_type":"article","og_title":"Mixer Hard Case","og_description":"Mixer Hard Case Factory: Specializing in direct sales and professional customization for premium equipment protection solutions.","og_url":"https:\/\/sxflightcase.com\/da\/san-pham\/mixer-hard-case\/","og_site_name":"https:\/\/sxflightcase.com","article_publisher":"https:\/\/www.facebook.com\/profile.php?id=61560407257971","article_modified_time":"2025-02-20T08:04:50+00:00","og_image":[{"width":700,"height":700,"url":"https:\/\/sxflightcase.com\/wp-content\/uploads\/2024\/05\/mixer-hard-case55546902954.webp","type":"image\/webp"}],"twitter_card":"summary_large_image","twitter_misc":{"Estimeret l\u00e6setid":"4 minutter"},"schema":{"@context":"https:\/\/schema.org","@graph":[{"@type":"WebPage","@id":"https:\/\/sxflightcase.com\/vi\/san-pham\/mixer-hard-case\/","url":"https:\/\/sxflightcase.com\/vi\/san-pham\/mixer-hard-case\/","name":"Mixer Hard Case - https:\/\/sxflightcase.com \ud83d\udc97","isPartOf":{"@id":"https:\/\/sxflightcase.com\/th\/#website"},"primaryImageOfPage":{"@id":"https:\/\/sxflightcase.com\/vi\/san-pham\/mixer-hard-case\/#primaryimage"},"image":{"@id":"https:\/\/sxflightcase.com\/vi\/san-pham\/mixer-hard-case\/#primaryimage"},"thumbnailUrl":"https:\/\/sxflightcase.com\/wp-content\/uploads\/2024\/05\/mixer-hard-case55546902954.webp","datePublished":"2024-05-07T05:46:14+00:00","dateModified":"2025-02-20T08:04:50+00:00","description":"Mixer Hard Case Factory: Specialiseret i direkte salg og professionel tilpasning af f\u00f8rsteklasses l\u00f8sninger til beskyttelse af udstyr.","breadcrumb":{"@id":"https:\/\/sxflightcase.com\/vi\/san-pham\/mixer-hard-case\/#breadcrumb"},"inLanguage":"da-DK","potentialAction":[{"@type":"ReadAction","target":["https:\/\/sxflightcase.com\/vi\/san-pham\/mixer-hard-case\/"]}]},{"@type":"ImageObject","inLanguage":"da-DK","@id":"https:\/\/sxflightcase.com\/vi\/san-pham\/mixer-hard-case\/#primaryimage","url":"https:\/\/sxflightcase.com\/wp-content\/uploads\/2024\/05\/mixer-hard-case55546902954.webp","contentUrl":"https:\/\/sxflightcase.com\/wp-content\/uploads\/2024\/05\/mixer-hard-case55546902954.webp","width":700,"height":700,"caption":"Mixer Hard Case"},{"@type":"BreadcrumbList","@id":"https:\/\/sxflightcase.com\/vi\/san-pham\/mixer-hard-case\/#breadcrumb","itemListElement":[{"@type":"ListItem","position":1,"name":"Home","item":"https:\/\/sxflightcase.com\/"},{"@type":"ListItem","position":2,"name":"\u0e2a\u0e34\u0e19\u0e04\u0e49\u0e32","item":"https:\/\/sxflightcase.com\/th\/shop\/"},{"@type":"ListItem","position":3,"name":"Mixer Hard Case"}]},{"@type":"WebSite","@id":"https:\/\/sxflightcase.com\/th\/#website","url":"https:\/\/sxflightcase.com\/th\/","name":"sxpowercase.com","description":"Flight Case Factory","publisher":{"@id":"https:\/\/sxflightcase.com\/th\/#organization"},"potentialAction":[{"@type":"SearchAction","target":{"@type":"EntryPoint","urlTemplate":"https:\/\/sxflightcase.com\/th\/?s={search_term_string}"},"query-input":{"@type":"PropertyValueSpecification","valueRequired":true,"valueName":"search_term_string"}}],"inLanguage":"da-DK"},{"@type":"Organization","@id":"https:\/\/sxflightcase.com\/th\/#organization","name":"sxpowercase.com","url":"https:\/\/sxflightcase.com\/th\/","logo":{"@type":"ImageObject","inLanguage":"da-DK","@id":"https:\/\/sxflightcase.com\/th\/#\/schema\/logo\/image\/","url":"https:\/\/sxflightcase.com\/wp-content\/uploads\/2024\/04\/1713919036007.jpg","contentUrl":"https:\/\/sxflightcase.com\/wp-content\/uploads\/2024\/04\/1713919036007.jpg","width":382,"height":388,"caption":"sxpowercase.com"},"image":{"@id":"https:\/\/sxflightcase.com\/th\/#\/schema\/logo\/image\/"},"sameAs":["https:\/\/www.facebook.com\/profile.php?id=61560407257971"],"numberOfEmployees":{"@type":"QuantitativeValue","minValue":"11","maxValue":"50"}}]}},"_links":{"self":[{"href":"https:\/\/sxflightcase.com\/da\/wp-json\/wp\/v2\/product\/1107","targetHints":{"allow":["GET"]}}],"collection":[{"href":"https:\/\/sxflightcase.com\/da\/wp-json\/wp\/v2\/product"}],"about":[{"href":"https:\/\/sxflightcase.com\/da\/wp-json\/wp\/v2\/types\/product"}],"replies":[{"embeddable":true,"href":"https:\/\/sxflightcase.com\/da\/wp-json\/wp\/v2\/comments?post=1107"}],"version-history":[{"count":0,"href":"https:\/\/sxflightcase.com\/da\/wp-json\/wp\/v2\/product\/1107\/revisions"}],"wp:featuredmedia":[{"embeddable":true,"href":"https:\/\/sxflightcase.com\/da\/wp-json\/wp\/v2\/media\/1108"}],"wp:attachment":[{"href":"https:\/\/sxflightcase.com\/da\/wp-json\/wp\/v2\/media?parent=1107"}],"wp:term":[{"taxonomy":"product_brand","embeddable":true,"href":"https:\/\/sxflightcase.com\/da\/wp-json\/wp\/v2\/product_brand?post=1107"},{"taxonomy":"product_cat","embeddable":true,"href":"https:\/\/sxflightcase.com\/da\/wp-json\/wp\/v2\/product_cat?post=1107"},{"taxonomy":"product_tag","embeddable":true,"href":"https:\/\/sxflightcase.com\/da\/wp-json\/wp\/v2\/product_tag?post=1107"}],"curies":[{"name":"wp","href":"https:\/\/api.w.org\/{rel}","templated":true}]}}