{"id":1116,"date":"2024-05-07T06:53:16","date_gmt":"2024-05-07T05:53:16","guid":{"rendered":"https:\/\/sxpowercase.com\/?post_type=product&#038;p=1116"},"modified":"2025-02-20T23:45:49","modified_gmt":"2025-02-21T07:45:49","slug":"mixer-flight-case-2","status":"publish","type":"product","link":"https:\/\/sxflightcase.com\/da\/vare\/mixer-flight-case-2-2\/","title":{"rendered":"Mixer Flight Case 2"},"content":{"rendered":"<h3><strong>Produktoversigt: Flightcase til mixere<\/strong><\/h3>\n<p>De\u00a0<strong>SX Mixer <a href=\"https:\/\/sxpowercase.com\/product\/19-inch-rack-abs-flight-case\/\">Flyvesag<\/a><\/strong>\u00a0er designet til at yde ultimativ beskyttelse af dit lydudstyr. Uanset om du er turnerende musiker, DJ eller lydtekniker, sikrer vores kufferter, at din mixerpult er beskyttet mod st\u00f8d, fald og andre farer under transport.<\/p>\n<hr \/>\n<h3><strong>Vigtige funktioner:<\/strong><\/h3>\n<ul>\n<li><strong>Materiale:<\/strong>\u00a09 mm lamineret krydsfiner med\u00a0<strong>Belagt hardware i kommerciel kvalitet<\/strong>\u00a0og\u00a0<strong>Ekstrudering af aluminium<\/strong>\u00a0for maksimal holdbarhed<\/li>\n<li><strong>Skumforing:<\/strong>\u00a0Ultra-Dur EVA-skumpolstring med ventilationsblokke til luftgennemstr\u00f8mning<\/li>\n<li><strong>Farvemuligheder:<\/strong>\u00a0F\u00e5s i\u00a0<strong>Sort (standard)<\/strong>Bl\u00e5, r\u00f8d eller brugerdefinerede farver<\/li>\n<li><strong>Mobilitet:<\/strong>\u00a0Indbygget fjederbelastet, fors\u00e6nket tr\u00e6kh\u00e5ndtag og hjul til nem transport<\/li>\n<li><strong>Dimensioner:<\/strong>\u00a0Kan tilpasses, s\u00e5 det passer til dit specifikke udstyr<\/li>\n<\/ul>\n<hr \/>\n<h3><strong>Hvorfor v\u00e6lge SX Mixer Flight Cases?<\/strong><\/h3>\n<ol start=\"1\">\n<li><strong>Direkte fabrikssalg til uovertruffen v\u00e6rdi<\/strong><br \/>\nVed at sk\u00e6re mellemmanden v\u00e6k tilbyder vi\u00a0<strong>Kufferter af h\u00f8j kvalitet til konkurrencedygtige priser<\/strong>. Vores direkte fabriksmodel sikrer, at du f\u00e5r den bedste v\u00e6rdi uden at g\u00e5 p\u00e5 kompromis med kvaliteten.<\/li>\n<li><strong>Kan tilpasses til dine behov<\/strong><br \/>\nAlle professionelle har unikke krav. Vi tilbyder\u00a0<strong>omfattende tilpasningsmuligheder<\/strong>, herunder specifikke dimensioner, skumtyper og ekstra rum, for at skabe en kuffert, der passer perfekt til dit udstyr.<\/li>\n<li><strong>Holdbar og p\u00e5lidelig<\/strong><br \/>\nVores mixere er bygget til at modst\u00e5 de h\u00e5rdeste forhold. <a href=\"https:\/\/sxpowercase.com\/product\/rack-road-case\/\">Flyve sager<\/a> er designet til\u00a0<strong>Langvarig beskyttelse<\/strong>. Uanset om du er p\u00e5 farten eller i studiet, forbliver dit udstyr sikkert og trygt.<\/li>\n<li><strong>Forbedret mobilitet<\/strong><br \/>\nMed robuste h\u00e5ndtag og valgfrie hjul g\u00f8r vores kufferter det nemt at transportere din mixer mellem forskellige steder, s\u00e5 du sparer tid og kr\u00e6fter.<\/li>\n<\/ol>\n<hr \/>\n<h3><strong>Applikationer:<\/strong><\/h3>\n<p>SX-mixeren <a href=\"https:\/\/sxpowercase.com\/product\/tv-rack-cabinet\/\">Flyvesag<\/a> er ideel til:<\/p>\n<ul>\n<li><strong>DJ's<\/strong><\/li>\n<li><strong>Lydteknikere<\/strong><\/li>\n<li><strong>Musikere<\/strong><\/li>\n<li><strong>Eventplanl\u00e6ggere<\/strong><\/li>\n<li><strong>Professionelle i studiet<\/strong><\/li>\n<\/ul>\n<hr \/>\n<h3><strong>Emballage og forsendelse:<\/strong><\/h3>\n<ul>\n<li><strong>Leveringstid:<\/strong>\n<ul>\n<li>Til s\u00f8s: 15-60 dage<\/li>\n<li>Med fly: 4-9 dage<\/li>\n<li>Med ekspres: 4-9 dage<\/li>\n<\/ul>\n<\/li>\n<li><strong>Leveringstid:<\/strong>\u00a07-15 arbejdsdage eller efter dine behov<\/li>\n<li><strong>Emballage:<\/strong>\u00a0Karton eller tilpasset emballage tilg\u00e6ngelig<\/li>\n<\/ul>\n<hr \/>\n<h3><strong>Vores service:<\/strong><\/h3>\n<ul>\n<li><strong>Professionel service:<\/strong>\u00a0Ekspertise i fremstilling og eksport af kasser af h\u00f8j kvalitet<\/li>\n<li><strong>Fremragende produktion:<\/strong>\u00a0Opm\u00e6rksomhed p\u00e5 detaljer og overlegent h\u00e5ndv\u00e6rk<\/li>\n<li><strong>Fleksible betalingsmuligheder:<\/strong>\u00a0T\/T, Western Union og meget mere<\/li>\n<\/ul>\n<hr \/>\n<h3><strong>Om os:<\/strong><\/h3>\n<p>Med mange \u00e5rs erfaring har SX opbygget et omd\u00f8mme for\u00a0<strong>Integritet, professionalisme og fremragende priser<\/strong>. Kunder over hele verden har tillid til vores produkter, og vi er fortsat forpligtet til at levere\u00a0<strong>kvalitet, v\u00e6rdi og kundetilfredshed<\/strong>.<\/p>\n<hr \/>\n<h3><strong>Ofte stillede sp\u00f8rgsm\u00e5l:<\/strong><\/h3>\n<p><strong>Q: Hvad forhindrer mixeren i at falde ned p\u00e5 oversiden, n\u00e5r kabinettet lukkes?<\/strong><br \/>\nSvar: Der er skumpuder i n\u00e6sel\u00e5get for at holde mixeren p\u00e5 plads og forhindre, at den falder ned i den \u00f8verste del.<\/p>\n<p><strong>Q: Hvor nemt er det at fjerne skummet til forskellige form\u00e5l?<\/strong><br \/>\nSvar: Skummet kan let fjernes eller sk\u00e6res til, s\u00e5 det passer til forskellige udstyrsst\u00f8rrelser, hvilket giver fleksibilitet til forskellige anvendelser.<\/p>\n<p><strong>Q: Kan jeg bestille store m\u00e6ngder?<\/strong><br \/>\nA: Ja, vi kan tage imod store ordrer. Kontakt os for priser og tilg\u00e6ngelighed.<\/p>\n<hr \/>\n<h3><strong>Bestil din flightcase til mixere i dag!<\/strong><\/h3>\n<p>Er du klar til at beskytte din mixer med SX's f\u00f8rsteklasses flightcases? Kontakt os nu for at designe din egen l\u00f8sning.<\/p>\n<p><strong>F\u00e5 adgang nu:<\/strong>\u00a0<a href=\"https:\/\/sxpowercase.com\/contact-us\/\" target=\"_blank\" rel=\"noopener noreferrer\">https:\/\/sxpowercase.com\/contact-us\/<\/a><\/p>","protected":false},"excerpt":{"rendered":"<h2 class=\"prodetails-name\">Mixer Flight Case<\/h2>\n<p>Alle Shengxiangs flightcases er fremstillet efter de h\u00f8jeste standarder for udf\u00f8relse. Vores designteam har mange \u00e5rs erfaring b\u00e5de med at bruge flightcases dagligt og med at fremstille dem.<\/p>\n<h2><strong>Produktionsintroduktion<\/strong><\/h2>\n<p>Flightcase til mixerpult<\/p>\n<p>Mixerens flightcase er udvendigt fremstillet af 9 mm lamineret krydsfiner og har aluminiumskanter, der hj\u00e6lper med at tilpasse l\u00e5get til bunden, n\u00e5r det l\u00e5ses, s\u00e5 det lukker perfekt hver gang. Interi\u00f8ret er foret med et beskyttende EVA-skum, som er skr\u00e6ddersyet til mixeren. Kufferten har de karakteristiske r\u00f8de, l\u00e5sbare drejel\u00e5se og fjederbelastede h\u00e5ndtag med gummigreb for at sikre din r\u00f8remaskine under transport. Al hardware er af kommerciel kvalitet og skabt til at modst\u00e5 de st\u00f8d og ulykker, der f\u00f8lger med konstant transport, inklusive 2 indbyggede hjul, der kan vippes og k\u00f8res.<\/p>","protected":false},"featured_media":1117,"comment_status":"open","ping_status":"closed","template":"","meta":[],"product_brand":[],"product_cat":[41],"product_tag":[],"class_list":{"0":"post-1116","1":"product","2":"type-product","3":"status-publish","4":"has-post-thumbnail","6":"product_cat-equipment-cases","8":"first","9":"instock","10":"shipping-taxable","11":"product-type-simple"},"yoast_head":"<!-- This site is optimized with the Yoast SEO Premium plugin v27.1 (Yoast SEO v27.2) - https:\/\/yoast.com\/product\/yoast-seo-premium-wordpress\/ -->\n<title>Mixer Flight Case 2 - https:\/\/sxflightcase.com \ud83d\udc97<\/title>\n<meta name=\"description\" content=\"Mixer Flight Case Factory: Specializing in direct sales and professional customization for premium equipment protection solutions.\" \/>\n<meta name=\"robots\" content=\"index, follow, max-snippet:-1, max-image-preview:large, max-video-preview:-1\" \/>\n<link rel=\"canonical\" href=\"https:\/\/sxflightcase.com\/da\/\u7522\u54c1\/\u6df7\u97f3\u5668\u98db\u884c\u7bb1-2\/\" \/>\n<meta property=\"og:locale\" content=\"da_DK\" \/>\n<meta property=\"og:type\" content=\"article\" \/>\n<meta property=\"og:title\" content=\"Mixer Flight Case 2\" \/>\n<meta property=\"og:description\" content=\"Mixer Flight Case Factory: Specializing in direct sales and professional customization for premium equipment protection solutions.\" \/>\n<meta property=\"og:url\" content=\"https:\/\/sxflightcase.com\/da\/\u7522\u54c1\/\u6df7\u97f3\u5668\u98db\u884c\u7bb1-2\/\" \/>\n<meta property=\"og:site_name\" content=\"https:\/\/sxflightcase.com\" \/>\n<meta property=\"article:publisher\" content=\"https:\/\/www.facebook.com\/profile.php?id=61560407257971\" \/>\n<meta property=\"article:modified_time\" content=\"2025-02-21T07:45:49+00:00\" \/>\n<meta property=\"og:image\" content=\"https:\/\/sxflightcase.com\/wp-content\/uploads\/2024\/05\/mixer-flight-case49513600912.webp\" \/>\n\t<meta property=\"og:image:width\" content=\"700\" \/>\n\t<meta property=\"og:image:height\" content=\"700\" \/>\n\t<meta property=\"og:image:type\" content=\"image\/webp\" \/>\n<meta name=\"twitter:card\" content=\"summary_large_image\" \/>\n<meta name=\"twitter:label1\" content=\"Estimeret l\u00e6setid\" \/>\n\t<meta name=\"twitter:data1\" content=\"3 minutter\" \/>\n<script type=\"application\/ld+json\" class=\"yoast-schema-graph\">{\"@context\":\"https:\/\/schema.org\",\"@graph\":[{\"@type\":\"WebPage\",\"@id\":\"https:\/\/sxflightcase.com\/zh_hk\/\u7522\u54c1\/\u6df7\u97f3\u5668\u98db\u884c\u7bb1-2\/\",\"url\":\"https:\/\/sxflightcase.com\/zh_hk\/\u7522\u54c1\/\u6df7\u97f3\u5668\u98db\u884c\u7bb1-2\/\",\"name\":\"Mixer Flight Case 2 - https:\/\/sxflightcase.com \ud83d\udc97\",\"isPartOf\":{\"@id\":\"https:\/\/sxflightcase.com\/th\/#website\"},\"primaryImageOfPage\":{\"@id\":\"https:\/\/sxflightcase.com\/zh_hk\/\u7522\u54c1\/\u6df7\u97f3\u5668\u98db\u884c\u7bb1-2\/#primaryimage\"},\"image\":{\"@id\":\"https:\/\/sxflightcase.com\/zh_hk\/\u7522\u54c1\/\u6df7\u97f3\u5668\u98db\u884c\u7bb1-2\/#primaryimage\"},\"thumbnailUrl\":\"https:\/\/sxflightcase.com\/wp-content\/uploads\/2024\/05\/mixer-flight-case49513600912.webp\",\"datePublished\":\"2024-05-07T05:53:16+00:00\",\"dateModified\":\"2025-02-21T07:45:49+00:00\",\"description\":\"Mixer Flight Case Factory: Specializing in direct sales and professional customization for premium equipment protection solutions.\",\"breadcrumb\":{\"@id\":\"https:\/\/sxflightcase.com\/zh_hk\/\u7522\u54c1\/\u6df7\u97f3\u5668\u98db\u884c\u7bb1-2\/#breadcrumb\"},\"inLanguage\":\"da-DK\",\"potentialAction\":[{\"@type\":\"ReadAction\",\"target\":[\"https:\/\/sxflightcase.com\/zh_hk\/\u7522\u54c1\/\u6df7\u97f3\u5668\u98db\u884c\u7bb1-2\/\"]}]},{\"@type\":\"ImageObject\",\"inLanguage\":\"da-DK\",\"@id\":\"https:\/\/sxflightcase.com\/zh_hk\/\u7522\u54c1\/\u6df7\u97f3\u5668\u98db\u884c\u7bb1-2\/#primaryimage\",\"url\":\"https:\/\/sxflightcase.com\/wp-content\/uploads\/2024\/05\/mixer-flight-case49513600912.webp\",\"contentUrl\":\"https:\/\/sxflightcase.com\/wp-content\/uploads\/2024\/05\/mixer-flight-case49513600912.webp\",\"width\":700,\"height\":700,\"caption\":\"Mixer Flight Case\"},{\"@type\":\"BreadcrumbList\",\"@id\":\"https:\/\/sxflightcase.com\/zh_hk\/\u7522\u54c1\/\u6df7\u97f3\u5668\u98db\u884c\u7bb1-2\/#breadcrumb\",\"itemListElement\":[{\"@type\":\"ListItem\",\"position\":1,\"name\":\"Home\",\"item\":\"https:\/\/sxflightcase.com\/\"},{\"@type\":\"ListItem\",\"position\":2,\"name\":\"\u0e2a\u0e34\u0e19\u0e04\u0e49\u0e32\",\"item\":\"https:\/\/sxflightcase.com\/th\/shop\/\"},{\"@type\":\"ListItem\",\"position\":3,\"name\":\"Mixer Flight Case 2\"}]},{\"@type\":\"WebSite\",\"@id\":\"https:\/\/sxflightcase.com\/th\/#website\",\"url\":\"https:\/\/sxflightcase.com\/th\/\",\"name\":\"sxpowercase.com\",\"description\":\"Flight Case Factory\",\"publisher\":{\"@id\":\"https:\/\/sxflightcase.com\/th\/#organization\"},\"potentialAction\":[{\"@type\":\"SearchAction\",\"target\":{\"@type\":\"EntryPoint\",\"urlTemplate\":\"https:\/\/sxflightcase.com\/th\/?s={search_term_string}\"},\"query-input\":{\"@type\":\"PropertyValueSpecification\",\"valueRequired\":true,\"valueName\":\"search_term_string\"}}],\"inLanguage\":\"da-DK\"},{\"@type\":\"Organization\",\"@id\":\"https:\/\/sxflightcase.com\/th\/#organization\",\"name\":\"sxpowercase.com\",\"url\":\"https:\/\/sxflightcase.com\/th\/\",\"logo\":{\"@type\":\"ImageObject\",\"inLanguage\":\"da-DK\",\"@id\":\"https:\/\/sxflightcase.com\/th\/#\/schema\/logo\/image\/\",\"url\":\"https:\/\/sxflightcase.com\/wp-content\/uploads\/2024\/04\/1713919036007.jpg\",\"contentUrl\":\"https:\/\/sxflightcase.com\/wp-content\/uploads\/2024\/04\/1713919036007.jpg\",\"width\":382,\"height\":388,\"caption\":\"sxpowercase.com\"},\"image\":{\"@id\":\"https:\/\/sxflightcase.com\/th\/#\/schema\/logo\/image\/\"},\"sameAs\":[\"https:\/\/www.facebook.com\/profile.php?id=61560407257971\"],\"numberOfEmployees\":{\"@type\":\"QuantitativeValue\",\"minValue\":\"11\",\"maxValue\":\"50\"}}]}<\/script>\n<!-- \/ Yoast SEO Premium plugin. -->","yoast_head_json":{"title":"Mixer Flight Case 2 - https:\/\/sxflightcase.com \ud83d\udc97","description":"Mixer Flight Case Factory: Specialiseret i direkte salg og professionel tilpasning af f\u00f8rsteklasses l\u00f8sninger til beskyttelse af udstyr.","robots":{"index":"index","follow":"follow","max-snippet":"max-snippet:-1","max-image-preview":"max-image-preview:large","max-video-preview":"max-video-preview:-1"},"canonical":"https:\/\/sxflightcase.com\/da\/\u7522\u54c1\/\u6df7\u97f3\u5668\u98db\u884c\u7bb1-2\/","og_locale":"da_DK","og_type":"article","og_title":"Mixer Flight Case 2","og_description":"Mixer Flight Case Factory: Specializing in direct sales and professional customization for premium equipment protection solutions.","og_url":"https:\/\/sxflightcase.com\/da\/\u7522\u54c1\/\u6df7\u97f3\u5668\u98db\u884c\u7bb1-2\/","og_site_name":"https:\/\/sxflightcase.com","article_publisher":"https:\/\/www.facebook.com\/profile.php?id=61560407257971","article_modified_time":"2025-02-21T07:45:49+00:00","og_image":[{"width":700,"height":700,"url":"https:\/\/sxflightcase.com\/wp-content\/uploads\/2024\/05\/mixer-flight-case49513600912.webp","type":"image\/webp"}],"twitter_card":"summary_large_image","twitter_misc":{"Estimeret l\u00e6setid":"3 minutter"},"schema":{"@context":"https:\/\/schema.org","@graph":[{"@type":"WebPage","@id":"https:\/\/sxflightcase.com\/zh_hk\/\u7522\u54c1\/\u6df7\u97f3\u5668\u98db\u884c\u7bb1-2\/","url":"https:\/\/sxflightcase.com\/zh_hk\/\u7522\u54c1\/\u6df7\u97f3\u5668\u98db\u884c\u7bb1-2\/","name":"Mixer Flight Case 2 - https:\/\/sxflightcase.com \ud83d\udc97","isPartOf":{"@id":"https:\/\/sxflightcase.com\/th\/#website"},"primaryImageOfPage":{"@id":"https:\/\/sxflightcase.com\/zh_hk\/\u7522\u54c1\/\u6df7\u97f3\u5668\u98db\u884c\u7bb1-2\/#primaryimage"},"image":{"@id":"https:\/\/sxflightcase.com\/zh_hk\/\u7522\u54c1\/\u6df7\u97f3\u5668\u98db\u884c\u7bb1-2\/#primaryimage"},"thumbnailUrl":"https:\/\/sxflightcase.com\/wp-content\/uploads\/2024\/05\/mixer-flight-case49513600912.webp","datePublished":"2024-05-07T05:53:16+00:00","dateModified":"2025-02-21T07:45:49+00:00","description":"Mixer Flight Case Factory: Specialiseret i direkte salg og professionel tilpasning af f\u00f8rsteklasses l\u00f8sninger til beskyttelse af udstyr.","breadcrumb":{"@id":"https:\/\/sxflightcase.com\/zh_hk\/\u7522\u54c1\/\u6df7\u97f3\u5668\u98db\u884c\u7bb1-2\/#breadcrumb"},"inLanguage":"da-DK","potentialAction":[{"@type":"ReadAction","target":["https:\/\/sxflightcase.com\/zh_hk\/\u7522\u54c1\/\u6df7\u97f3\u5668\u98db\u884c\u7bb1-2\/"]}]},{"@type":"ImageObject","inLanguage":"da-DK","@id":"https:\/\/sxflightcase.com\/zh_hk\/\u7522\u54c1\/\u6df7\u97f3\u5668\u98db\u884c\u7bb1-2\/#primaryimage","url":"https:\/\/sxflightcase.com\/wp-content\/uploads\/2024\/05\/mixer-flight-case49513600912.webp","contentUrl":"https:\/\/sxflightcase.com\/wp-content\/uploads\/2024\/05\/mixer-flight-case49513600912.webp","width":700,"height":700,"caption":"Mixer Flight Case"},{"@type":"BreadcrumbList","@id":"https:\/\/sxflightcase.com\/zh_hk\/\u7522\u54c1\/\u6df7\u97f3\u5668\u98db\u884c\u7bb1-2\/#breadcrumb","itemListElement":[{"@type":"ListItem","position":1,"name":"Home","item":"https:\/\/sxflightcase.com\/"},{"@type":"ListItem","position":2,"name":"\u0e2a\u0e34\u0e19\u0e04\u0e49\u0e32","item":"https:\/\/sxflightcase.com\/th\/shop\/"},{"@type":"ListItem","position":3,"name":"Mixer Flight Case 2"}]},{"@type":"WebSite","@id":"https:\/\/sxflightcase.com\/th\/#website","url":"https:\/\/sxflightcase.com\/th\/","name":"sxpowercase.com","description":"Flight Case Factory","publisher":{"@id":"https:\/\/sxflightcase.com\/th\/#organization"},"potentialAction":[{"@type":"SearchAction","target":{"@type":"EntryPoint","urlTemplate":"https:\/\/sxflightcase.com\/th\/?s={search_term_string}"},"query-input":{"@type":"PropertyValueSpecification","valueRequired":true,"valueName":"search_term_string"}}],"inLanguage":"da-DK"},{"@type":"Organization","@id":"https:\/\/sxflightcase.com\/th\/#organization","name":"sxpowercase.com","url":"https:\/\/sxflightcase.com\/th\/","logo":{"@type":"ImageObject","inLanguage":"da-DK","@id":"https:\/\/sxflightcase.com\/th\/#\/schema\/logo\/image\/","url":"https:\/\/sxflightcase.com\/wp-content\/uploads\/2024\/04\/1713919036007.jpg","contentUrl":"https:\/\/sxflightcase.com\/wp-content\/uploads\/2024\/04\/1713919036007.jpg","width":382,"height":388,"caption":"sxpowercase.com"},"image":{"@id":"https:\/\/sxflightcase.com\/th\/#\/schema\/logo\/image\/"},"sameAs":["https:\/\/www.facebook.com\/profile.php?id=61560407257971"],"numberOfEmployees":{"@type":"QuantitativeValue","minValue":"11","maxValue":"50"}}]}},"_links":{"self":[{"href":"https:\/\/sxflightcase.com\/da\/wp-json\/wp\/v2\/product\/1116","targetHints":{"allow":["GET"]}}],"collection":[{"href":"https:\/\/sxflightcase.com\/da\/wp-json\/wp\/v2\/product"}],"about":[{"href":"https:\/\/sxflightcase.com\/da\/wp-json\/wp\/v2\/types\/product"}],"replies":[{"embeddable":true,"href":"https:\/\/sxflightcase.com\/da\/wp-json\/wp\/v2\/comments?post=1116"}],"version-history":[{"count":0,"href":"https:\/\/sxflightcase.com\/da\/wp-json\/wp\/v2\/product\/1116\/revisions"}],"wp:featuredmedia":[{"embeddable":true,"href":"https:\/\/sxflightcase.com\/da\/wp-json\/wp\/v2\/media\/1117"}],"wp:attachment":[{"href":"https:\/\/sxflightcase.com\/da\/wp-json\/wp\/v2\/media?parent=1116"}],"wp:term":[{"taxonomy":"product_brand","embeddable":true,"href":"https:\/\/sxflightcase.com\/da\/wp-json\/wp\/v2\/product_brand?post=1116"},{"taxonomy":"product_cat","embeddable":true,"href":"https:\/\/sxflightcase.com\/da\/wp-json\/wp\/v2\/product_cat?post=1116"},{"taxonomy":"product_tag","embeddable":true,"href":"https:\/\/sxflightcase.com\/da\/wp-json\/wp\/v2\/product_tag?post=1116"}],"curies":[{"name":"wp","href":"https:\/\/api.w.org\/{rel}","templated":true}]}}