{"id":1120,"date":"2024-05-07T06:56:29","date_gmt":"2024-05-07T05:56:29","guid":{"rendered":"https:\/\/sxpowercase.com\/?post_type=product&#038;p=1120"},"modified":"2025-05-16T00:23:02","modified_gmt":"2025-05-16T07:23:02","slug":"mixer-rack-case","status":"publish","type":"product","link":"https:\/\/sxflightcase.com\/da\/vare\/mixer-rack-case\/","title":{"rendered":"Kuffert til mixerpult"},"content":{"rendered":"<h3><strong>Produktoversigt: Mixer Rack Case<\/strong><\/h3>\n<p>De\u00a0<strong>SX <a href=\"https:\/\/sxpowercase.com\/product\/19-flight-case-racks\/\">Kuffert til mixerpult<\/a><\/strong>\u00a0er designet til at yde ultimativ beskyttelse af dit lydudstyr. Uanset om du er DJ, lydtekniker eller musiker, sikrer vores tasker, at din mixerpult er beskyttet mod st\u00f8d, fald og andre farer under transport.<\/p>\n<hr \/>\n<h3><strong>Vigtige funktioner:<\/strong><\/h3>\n<ul>\n<li><strong>Materiale:<\/strong>\u00a09 mm lamineret krydsfiner med\u00a0<strong>Belagt hardware i kommerciel kvalitet<\/strong>\u00a0og\u00a0<strong>Ekstrudering af aluminium<\/strong>\u00a0for maksimal holdbarhed<\/li>\n<li><strong>Skumforing:<\/strong>\u00a0Ultra-Dur EVA-skumpolstring med ventilationsblokke til luftgennemstr\u00f8mning<\/li>\n<li><strong>Farvemuligheder:<\/strong>\u00a0F\u00e5s i\u00a0<strong>Sort (standard)<\/strong>Bl\u00e5, r\u00f8d eller brugerdefinerede farver<\/li>\n<li><strong>Mobilitet:<\/strong>\u00a0Indbygget fjederbelastet, fors\u00e6nket tr\u00e6kh\u00e5ndtag og hjul til nem transport<\/li>\n<li><strong>Dimensioner:<\/strong>\u00a0Kan tilpasses, s\u00e5 det passer til dit specifikke udstyr<\/li>\n<\/ul>\n<hr \/>\n<h3><strong>Hvorfor v\u00e6lge SX Mixer Rack Cases?<\/strong><\/h3>\n<ol start=\"1\">\n<li><strong>Direkte fabrikssalg til uovertruffen v\u00e6rdi<\/strong><br \/>\nVed at sk\u00e6re mellemmanden v\u00e6k tilbyder vi\u00a0<strong>Kufferter af h\u00f8j kvalitet til konkurrencedygtige priser<\/strong>. Vores direkte fabriksmodel sikrer, at du f\u00e5r den bedste v\u00e6rdi uden at g\u00e5 p\u00e5 kompromis med kvaliteten.<\/li>\n<li><strong>Kan tilpasses til dine behov<\/strong><br \/>\nAlle professionelle har unikke krav. Vi tilbyder\u00a0<strong>omfattende tilpasningsmuligheder<\/strong>, herunder specifikke dimensioner, skumtyper og ekstra rum, for at skabe en kuffert, der passer perfekt til dit udstyr.<\/li>\n<li><strong>Holdbar og p\u00e5lidelig<\/strong><br \/>\nVores Mixer Rack Cases er bygget til at modst\u00e5 de h\u00e5rdeste forhold og er designet til\u00a0<strong>Langvarig beskyttelse<\/strong>. Uanset om du er p\u00e5 farten eller i studiet, forbliver dit udstyr sikkert og trygt.<\/li>\n<li><strong>Forbedret mobilitet<\/strong><br \/>\nMed robuste h\u00e5ndtag og valgfrie hjul g\u00f8r vores kufferter det nemt at transportere din mixer mellem forskellige steder, s\u00e5 du sparer tid og kr\u00e6fter.<\/li>\n<\/ol>\n<hr \/>\n<h3><strong>Applikationer:<\/strong><\/h3>\n<p>SX Mixer Rack Case er ideel til:<\/p>\n<ul>\n<li><strong>DJ's<\/strong><\/li>\n<li><strong>Lydteknikere<\/strong><\/li>\n<li><strong>Musikere<\/strong><\/li>\n<li><strong>Eventplanl\u00e6ggere<\/strong><\/li>\n<li><strong>Professionelle i studiet<\/strong><\/li>\n<\/ul>\n<hr \/>\n<h3><strong>Emballage og forsendelse:<\/strong><\/h3>\n<ul>\n<li><strong>Leveringstid:<\/strong>\n<ul>\n<li>Til s\u00f8s: 15-60 dage<\/li>\n<li>Med fly: 4-9 dage<\/li>\n<li>Med ekspres: 4-9 dage<\/li>\n<\/ul>\n<\/li>\n<li><strong>Leveringstid:<\/strong>\u00a07-15 arbejdsdage eller efter dine behov<\/li>\n<li><strong>Emballage:<\/strong>\u00a0Karton eller tilpasset emballage tilg\u00e6ngelig<\/li>\n<\/ul>\n<hr \/>\n<h3><strong>Vores service:<\/strong><\/h3>\n<ul>\n<li><strong>Professionel service:<\/strong>\u00a0Ekspertise i fremstilling og eksport af kasser af h\u00f8j kvalitet<\/li>\n<li><strong>Fremragende produktion:<\/strong>\u00a0Opm\u00e6rksomhed p\u00e5 detaljer og overlegent h\u00e5ndv\u00e6rk<\/li>\n<li><strong>Fleksible betalingsmuligheder:<\/strong>\u00a0T\/T, Western Union og meget mere<\/li>\n<\/ul>\n<hr \/>\n<h3><strong>Om os:<\/strong><\/h3>\n<p>Med mange \u00e5rs erfaring har SX opbygget et omd\u00f8mme for\u00a0<strong>Integritet, professionalisme og fremragende priser<\/strong>. Kunder over hele verden har tillid til vores produkter, og vi er fortsat forpligtet til at levere\u00a0<strong>kvalitet, v\u00e6rdi og kundetilfredshed<\/strong>.<\/p>\n<hr \/>\n<h3><strong>Ofte stillede sp\u00f8rgsm\u00e5l:<\/strong><\/h3>\n<p><strong>Q: Hvad forhindrer mixeren i at falde ned p\u00e5 oversiden, n\u00e5r kabinettet lukkes?<\/strong><br \/>\nSvar: Der er skumpuder i n\u00e6sel\u00e5get for at holde mixeren p\u00e5 plads og forhindre, at den falder ned i den \u00f8verste del.<\/p>\n<p><strong>Q: Hvad er hundehuset beregnet til?<\/strong><br \/>\nA: Doghouse er designet til at gemme og skjule forbindelser og ledninger, s\u00e5 du kan holde din ops\u00e6tning organiseret og ryddelig.<\/p>\n<p><strong>Q: Kan jeg bestille store m\u00e6ngder?<\/strong><br \/>\nA: Ja, vi kan tage imod store ordrer. Kontakt os for priser og tilg\u00e6ngelighed.<\/p>\n<hr \/>\n<h3><strong>Bestil din Mixer Rack Case i dag!<\/strong><\/h3>\n<p>Er du klar til at beskytte din mixer med SX's f\u00f8rsteklasses rackcases? Kontakt os nu for at designe din egen l\u00f8sning.<\/p>\n<p><strong>F\u00e5 adgang nu:<\/strong>\u00a0<a href=\"https:\/\/sxpowercase.com\/contact-us\/\" target=\"_blank\" rel=\"noopener noreferrer\">https:\/\/sxpowercase.com\/contact-us\/<\/a><\/p>\n<p>Hot Tags: Str\u00f8m- og signalkabel, 16 Gauge 4-lederledning, mikrofonstativkasse, udend\u00f8rs LED-sk\u00e6rmskab, rackmontering, elektrisk distroboks, Kina, leverand\u00f8rer, fabrik, tilpasset, engros, <span style=\"color: #993366;\"><a style=\"color: #993366;\" href=\"https:\/\/sxflightcase.com\/da\/product-category\/all-product\/power-distribution-boxes\/\">str\u00f8mbokse<\/a>,\u00a0<a style=\"color: #993366;\" href=\"https:\/\/sxflightcase.com\/da\/product-category\/all-product\/hoist-controllers\/\">str\u00f8mkabler<\/a>,\u00a0<a style=\"color: #993366;\" href=\"https:\/\/sxflightcase.com\/da\/product-category\/all-product\/hoist-controllers\/\">hejseregulatorer<\/a>,\u00a0<a style=\"color: #993366;\" href=\"https:\/\/sxflightcase.com\/da\/product-category\/all-product\/flight-case\/\">flyvekasser.<\/a><\/span><\/p>","protected":false},"excerpt":{"rendered":"<h2>Etuier til blenderstativer<\/h2>\n<p>Alle Shengxiangs flightcases er fremstillet efter de h\u00f8jeste h\u00e5ndv\u00e6rksm\u00e6ssige standarder. Vores designteam har mange \u00e5rs erfaring med daglige flightcases samt en baggrund i caseproduktion.<\/p>\n<h2>Introduktion til produktionen<\/h2>\n<p>Etuier til blenderstativer<\/p>\n<p>- Specialfremstillede flightcases til kompakte blendere<\/p>\n<p>- 9 mm krydsfinerkonstruktion med stiv laminatbeskyttelse<\/p>\n<p>- Aluminiumskant hj\u00e6lper med at justere l\u00e5get til basen, n\u00e5r det er l\u00e5st<\/p>\n<p>- Eva-skum beskytter interi\u00f8ret og passer perfekt til blenderen<\/p>\n<p>- Gator Red i kommerciel kvalitet med l\u00e5sbar drejel\u00e5s og fjedergummigreb<\/p>","protected":false},"featured_media":1121,"comment_status":"open","ping_status":"closed","template":"","meta":[],"product_brand":[],"product_cat":[41],"product_tag":[],"class_list":{"0":"post-1120","1":"product","2":"type-product","3":"status-publish","4":"has-post-thumbnail","6":"product_cat-equipment-cases","8":"first","9":"instock","10":"shipping-taxable","11":"product-type-simple"},"yoast_head":"<!-- This site is optimized with the Yoast SEO Premium plugin v27.1 (Yoast SEO v27.2) - https:\/\/yoast.com\/product\/yoast-seo-premium-wordpress\/ -->\n<title>Mixer Rack Case - https:\/\/sxflightcase.com \ud83d\udc97<\/title>\n<meta name=\"description\" content=\"Mixer Rack Case: Explore factory-direct sales and professional customization for the ultimate protection of your equipment.\" \/>\n<meta name=\"robots\" content=\"index, follow, max-snippet:-1, max-image-preview:large, max-video-preview:-1\" \/>\n<link rel=\"canonical\" href=\"https:\/\/sxflightcase.com\/da\/\u4ea7\u54c1\/\u6405\u62cc\u673a\u673a\u67b6\u76d2\/\" \/>\n<meta property=\"og:locale\" content=\"da_DK\" \/>\n<meta property=\"og:type\" content=\"article\" \/>\n<meta property=\"og:title\" content=\"Mixer Rack Case\" \/>\n<meta property=\"og:description\" content=\"Mixer Rack Case: Explore factory-direct sales and professional customization for the ultimate protection of your equipment.\" \/>\n<meta property=\"og:url\" content=\"https:\/\/sxflightcase.com\/da\/\u4ea7\u54c1\/\u6405\u62cc\u673a\u673a\u67b6\u76d2\/\" \/>\n<meta property=\"og:site_name\" content=\"https:\/\/sxflightcase.com\" \/>\n<meta property=\"article:publisher\" content=\"https:\/\/www.facebook.com\/profile.php?id=61560407257971\" \/>\n<meta property=\"article:modified_time\" content=\"2025-05-16T07:23:02+00:00\" \/>\n<meta property=\"og:image\" content=\"https:\/\/sxflightcase.com\/wp-content\/uploads\/2024\/05\/mixer-rack-case47218518680.webp\" \/>\n\t<meta property=\"og:image:width\" content=\"700\" \/>\n\t<meta property=\"og:image:height\" content=\"700\" \/>\n\t<meta property=\"og:image:type\" content=\"image\/webp\" \/>\n<meta name=\"twitter:card\" content=\"summary_large_image\" \/>\n<meta name=\"twitter:label1\" content=\"Estimeret l\u00e6setid\" \/>\n\t<meta name=\"twitter:data1\" content=\"3 minutter\" \/>\n<script type=\"application\/ld+json\" class=\"yoast-schema-graph\">{\"@context\":\"https:\/\/schema.org\",\"@graph\":[{\"@type\":\"WebPage\",\"@id\":\"https:\/\/sxflightcase.com\/zh\/\u4ea7\u54c1\/\u6405\u62cc\u673a\u673a\u67b6\u76d2\/\",\"url\":\"https:\/\/sxflightcase.com\/zh\/\u4ea7\u54c1\/\u6405\u62cc\u673a\u673a\u67b6\u76d2\/\",\"name\":\"Mixer Rack Case - https:\/\/sxflightcase.com \ud83d\udc97\",\"isPartOf\":{\"@id\":\"https:\/\/sxflightcase.com\/th\/#website\"},\"primaryImageOfPage\":{\"@id\":\"https:\/\/sxflightcase.com\/zh\/\u4ea7\u54c1\/\u6405\u62cc\u673a\u673a\u67b6\u76d2\/#primaryimage\"},\"image\":{\"@id\":\"https:\/\/sxflightcase.com\/zh\/\u4ea7\u54c1\/\u6405\u62cc\u673a\u673a\u67b6\u76d2\/#primaryimage\"},\"thumbnailUrl\":\"https:\/\/sxflightcase.com\/wp-content\/uploads\/2024\/05\/mixer-rack-case47218518680.webp\",\"datePublished\":\"2024-05-07T05:56:29+00:00\",\"dateModified\":\"2025-05-16T07:23:02+00:00\",\"description\":\"Mixer Rack Case: Explore factory-direct sales and professional customization for the ultimate protection of your equipment.\",\"breadcrumb\":{\"@id\":\"https:\/\/sxflightcase.com\/zh\/\u4ea7\u54c1\/\u6405\u62cc\u673a\u673a\u67b6\u76d2\/#breadcrumb\"},\"inLanguage\":\"da-DK\",\"potentialAction\":[{\"@type\":\"ReadAction\",\"target\":[\"https:\/\/sxflightcase.com\/zh\/\u4ea7\u54c1\/\u6405\u62cc\u673a\u673a\u67b6\u76d2\/\"]}]},{\"@type\":\"ImageObject\",\"inLanguage\":\"da-DK\",\"@id\":\"https:\/\/sxflightcase.com\/zh\/\u4ea7\u54c1\/\u6405\u62cc\u673a\u673a\u67b6\u76d2\/#primaryimage\",\"url\":\"https:\/\/sxflightcase.com\/wp-content\/uploads\/2024\/05\/mixer-rack-case47218518680.webp\",\"contentUrl\":\"https:\/\/sxflightcase.com\/wp-content\/uploads\/2024\/05\/mixer-rack-case47218518680.webp\",\"width\":700,\"height\":700,\"caption\":\"mixer rack case\"},{\"@type\":\"BreadcrumbList\",\"@id\":\"https:\/\/sxflightcase.com\/zh\/\u4ea7\u54c1\/\u6405\u62cc\u673a\u673a\u67b6\u76d2\/#breadcrumb\",\"itemListElement\":[{\"@type\":\"ListItem\",\"position\":1,\"name\":\"Home\",\"item\":\"https:\/\/sxflightcase.com\/\"},{\"@type\":\"ListItem\",\"position\":2,\"name\":\"\u0e2a\u0e34\u0e19\u0e04\u0e49\u0e32\",\"item\":\"https:\/\/sxflightcase.com\/th\/shop\/\"},{\"@type\":\"ListItem\",\"position\":3,\"name\":\"Mixer Rack Case\"}]},{\"@type\":\"WebSite\",\"@id\":\"https:\/\/sxflightcase.com\/th\/#website\",\"url\":\"https:\/\/sxflightcase.com\/th\/\",\"name\":\"sxpowercase.com\",\"description\":\"Flight Case Factory\",\"publisher\":{\"@id\":\"https:\/\/sxflightcase.com\/th\/#organization\"},\"potentialAction\":[{\"@type\":\"SearchAction\",\"target\":{\"@type\":\"EntryPoint\",\"urlTemplate\":\"https:\/\/sxflightcase.com\/th\/?s={search_term_string}\"},\"query-input\":{\"@type\":\"PropertyValueSpecification\",\"valueRequired\":true,\"valueName\":\"search_term_string\"}}],\"inLanguage\":\"da-DK\"},{\"@type\":\"Organization\",\"@id\":\"https:\/\/sxflightcase.com\/th\/#organization\",\"name\":\"sxpowercase.com\",\"url\":\"https:\/\/sxflightcase.com\/th\/\",\"logo\":{\"@type\":\"ImageObject\",\"inLanguage\":\"da-DK\",\"@id\":\"https:\/\/sxflightcase.com\/th\/#\/schema\/logo\/image\/\",\"url\":\"https:\/\/sxflightcase.com\/wp-content\/uploads\/2024\/04\/1713919036007.jpg\",\"contentUrl\":\"https:\/\/sxflightcase.com\/wp-content\/uploads\/2024\/04\/1713919036007.jpg\",\"width\":382,\"height\":388,\"caption\":\"sxpowercase.com\"},\"image\":{\"@id\":\"https:\/\/sxflightcase.com\/th\/#\/schema\/logo\/image\/\"},\"sameAs\":[\"https:\/\/www.facebook.com\/profile.php?id=61560407257971\"],\"numberOfEmployees\":{\"@type\":\"QuantitativeValue\",\"minValue\":\"11\",\"maxValue\":\"50\"}}]}<\/script>\n<!-- \/ Yoast SEO Premium plugin. -->","yoast_head_json":{"title":"Mixer Rack Case - https:\/\/sxflightcase.com \ud83d\udc97","description":"Mixer Rack Case: Oplev direkte salg fra fabrikken og professionel tilpasning til den ultimative beskyttelse af dit udstyr.","robots":{"index":"index","follow":"follow","max-snippet":"max-snippet:-1","max-image-preview":"max-image-preview:large","max-video-preview":"max-video-preview:-1"},"canonical":"https:\/\/sxflightcase.com\/da\/\u4ea7\u54c1\/\u6405\u62cc\u673a\u673a\u67b6\u76d2\/","og_locale":"da_DK","og_type":"article","og_title":"Mixer Rack Case","og_description":"Mixer Rack Case: Explore factory-direct sales and professional customization for the ultimate protection of your equipment.","og_url":"https:\/\/sxflightcase.com\/da\/\u4ea7\u54c1\/\u6405\u62cc\u673a\u673a\u67b6\u76d2\/","og_site_name":"https:\/\/sxflightcase.com","article_publisher":"https:\/\/www.facebook.com\/profile.php?id=61560407257971","article_modified_time":"2025-05-16T07:23:02+00:00","og_image":[{"width":700,"height":700,"url":"https:\/\/sxflightcase.com\/wp-content\/uploads\/2024\/05\/mixer-rack-case47218518680.webp","type":"image\/webp"}],"twitter_card":"summary_large_image","twitter_misc":{"Estimeret l\u00e6setid":"3 minutter"},"schema":{"@context":"https:\/\/schema.org","@graph":[{"@type":"WebPage","@id":"https:\/\/sxflightcase.com\/zh\/\u4ea7\u54c1\/\u6405\u62cc\u673a\u673a\u67b6\u76d2\/","url":"https:\/\/sxflightcase.com\/zh\/\u4ea7\u54c1\/\u6405\u62cc\u673a\u673a\u67b6\u76d2\/","name":"Mixer Rack Case - https:\/\/sxflightcase.com \ud83d\udc97","isPartOf":{"@id":"https:\/\/sxflightcase.com\/th\/#website"},"primaryImageOfPage":{"@id":"https:\/\/sxflightcase.com\/zh\/\u4ea7\u54c1\/\u6405\u62cc\u673a\u673a\u67b6\u76d2\/#primaryimage"},"image":{"@id":"https:\/\/sxflightcase.com\/zh\/\u4ea7\u54c1\/\u6405\u62cc\u673a\u673a\u67b6\u76d2\/#primaryimage"},"thumbnailUrl":"https:\/\/sxflightcase.com\/wp-content\/uploads\/2024\/05\/mixer-rack-case47218518680.webp","datePublished":"2024-05-07T05:56:29+00:00","dateModified":"2025-05-16T07:23:02+00:00","description":"Mixer Rack Case: Oplev direkte salg fra fabrikken og professionel tilpasning til den ultimative beskyttelse af dit udstyr.","breadcrumb":{"@id":"https:\/\/sxflightcase.com\/zh\/\u4ea7\u54c1\/\u6405\u62cc\u673a\u673a\u67b6\u76d2\/#breadcrumb"},"inLanguage":"da-DK","potentialAction":[{"@type":"ReadAction","target":["https:\/\/sxflightcase.com\/zh\/\u4ea7\u54c1\/\u6405\u62cc\u673a\u673a\u67b6\u76d2\/"]}]},{"@type":"ImageObject","inLanguage":"da-DK","@id":"https:\/\/sxflightcase.com\/zh\/\u4ea7\u54c1\/\u6405\u62cc\u673a\u673a\u67b6\u76d2\/#primaryimage","url":"https:\/\/sxflightcase.com\/wp-content\/uploads\/2024\/05\/mixer-rack-case47218518680.webp","contentUrl":"https:\/\/sxflightcase.com\/wp-content\/uploads\/2024\/05\/mixer-rack-case47218518680.webp","width":700,"height":700,"caption":"mixer rack case"},{"@type":"BreadcrumbList","@id":"https:\/\/sxflightcase.com\/zh\/\u4ea7\u54c1\/\u6405\u62cc\u673a\u673a\u67b6\u76d2\/#breadcrumb","itemListElement":[{"@type":"ListItem","position":1,"name":"Home","item":"https:\/\/sxflightcase.com\/"},{"@type":"ListItem","position":2,"name":"\u0e2a\u0e34\u0e19\u0e04\u0e49\u0e32","item":"https:\/\/sxflightcase.com\/th\/shop\/"},{"@type":"ListItem","position":3,"name":"Mixer Rack Case"}]},{"@type":"WebSite","@id":"https:\/\/sxflightcase.com\/th\/#website","url":"https:\/\/sxflightcase.com\/th\/","name":"sxpowercase.com","description":"Flight Case Factory","publisher":{"@id":"https:\/\/sxflightcase.com\/th\/#organization"},"potentialAction":[{"@type":"SearchAction","target":{"@type":"EntryPoint","urlTemplate":"https:\/\/sxflightcase.com\/th\/?s={search_term_string}"},"query-input":{"@type":"PropertyValueSpecification","valueRequired":true,"valueName":"search_term_string"}}],"inLanguage":"da-DK"},{"@type":"Organization","@id":"https:\/\/sxflightcase.com\/th\/#organization","name":"sxpowercase.com","url":"https:\/\/sxflightcase.com\/th\/","logo":{"@type":"ImageObject","inLanguage":"da-DK","@id":"https:\/\/sxflightcase.com\/th\/#\/schema\/logo\/image\/","url":"https:\/\/sxflightcase.com\/wp-content\/uploads\/2024\/04\/1713919036007.jpg","contentUrl":"https:\/\/sxflightcase.com\/wp-content\/uploads\/2024\/04\/1713919036007.jpg","width":382,"height":388,"caption":"sxpowercase.com"},"image":{"@id":"https:\/\/sxflightcase.com\/th\/#\/schema\/logo\/image\/"},"sameAs":["https:\/\/www.facebook.com\/profile.php?id=61560407257971"],"numberOfEmployees":{"@type":"QuantitativeValue","minValue":"11","maxValue":"50"}}]}},"_links":{"self":[{"href":"https:\/\/sxflightcase.com\/da\/wp-json\/wp\/v2\/product\/1120","targetHints":{"allow":["GET"]}}],"collection":[{"href":"https:\/\/sxflightcase.com\/da\/wp-json\/wp\/v2\/product"}],"about":[{"href":"https:\/\/sxflightcase.com\/da\/wp-json\/wp\/v2\/types\/product"}],"replies":[{"embeddable":true,"href":"https:\/\/sxflightcase.com\/da\/wp-json\/wp\/v2\/comments?post=1120"}],"version-history":[{"count":0,"href":"https:\/\/sxflightcase.com\/da\/wp-json\/wp\/v2\/product\/1120\/revisions"}],"wp:featuredmedia":[{"embeddable":true,"href":"https:\/\/sxflightcase.com\/da\/wp-json\/wp\/v2\/media\/1121"}],"wp:attachment":[{"href":"https:\/\/sxflightcase.com\/da\/wp-json\/wp\/v2\/media?parent=1120"}],"wp:term":[{"taxonomy":"product_brand","embeddable":true,"href":"https:\/\/sxflightcase.com\/da\/wp-json\/wp\/v2\/product_brand?post=1120"},{"taxonomy":"product_cat","embeddable":true,"href":"https:\/\/sxflightcase.com\/da\/wp-json\/wp\/v2\/product_cat?post=1120"},{"taxonomy":"product_tag","embeddable":true,"href":"https:\/\/sxflightcase.com\/da\/wp-json\/wp\/v2\/product_tag?post=1120"}],"curies":[{"name":"wp","href":"https:\/\/api.w.org\/{rel}","templated":true}]}}