{"id":1130,"date":"2024-05-07T07:07:24","date_gmt":"2024-05-07T06:07:24","guid":{"rendered":"https:\/\/sxpowercase.com\/?post_type=product&#038;p=1130"},"modified":"2025-02-21T19:32:29","modified_gmt":"2025-02-22T03:32:29","slug":"dj-flight-case","status":"publish","type":"product","link":"https:\/\/sxflightcase.com\/da\/vare\/dj-flight-case-2\/","title":{"rendered":"DJ Flight Case"},"content":{"rendered":"<h3><strong>Produktoversigt: DJ Flight Case<\/strong><\/h3>\n<p>De\u00a0<strong>SX <a href=\"https:\/\/sxpowercase.com\/product\/cdj-djm-mixer-flight-case\/\">DJ Flight Case<\/a><\/strong>\u00a0er udviklet til at beskytte dit DJ-udstyr mod kravene fra hyppige rejser. Kufferten er designet til DJ's, lydteknikere og eventfolk og kombinerer robust holdbarhed med smarte funktioner, der holder dit udstyr uber\u00f8rt og klar til at optr\u00e6de.<\/p>\n<hr \/>\n<h3><strong>Vigtige funktioner:<\/strong><\/h3>\n<ul>\n<li><strong>Robust konstruktion:<\/strong>\u00a09 mm massiv krydsfiner med\u00a0<strong>Brandsikkert laminat<\/strong>\u00a0for maksimal holdbarhed<\/li>\n<li><strong>Hardware-muligheder:<\/strong>\u00a0S\u00f8lvkrom, bl\u00e5forzinket eller helt sort hardware<\/li>\n<li><strong>Brugerdefinerede farver:<\/strong>\u00a0F\u00e5s i sort (standard), r\u00f8d, bl\u00e5 eller tilpassede farver<\/li>\n<li><strong>Mobilitet:<\/strong>\u00a0Indbyggede hjul og h\u00e5ndtag til nem transport<\/li>\n<li><strong>Tilpasset pasform:<\/strong>\u00a0Skr\u00e6ddersyede dimensioner, der passer til CDJ'er, mixere, pladespillere og andet DJ-udstyr<\/li>\n<li><strong>Yderligere funktioner:<\/strong>\u00a0Skydeskrivebord til b\u00e6rbare computere, valgfrie rum til tilbeh\u00f8r<\/li>\n<\/ul>\n<hr \/>\n<h3><strong>Hvorfor v\u00e6lge SX's DJ Flight Case?<\/strong><\/h3>\n<ol start=\"1\">\n<li><strong>Priser direkte fra fabrikken<\/strong><br \/>\nSpring mellemm\u00e6nd over og spar! Vores producent-direkte model leverer\u00a0<strong>F\u00f8rsteklasses kvalitet til konkurrencedygtige priser<\/strong>Det sikrer, at du investerer i beskyttelse uden at bruge for mange penge.<\/li>\n<li><strong>Skr\u00e6ddersyet til DJ's<\/strong><br \/>\nHver eneste DJ-ops\u00e6tning er unik. Vi tilbyder\u00a0<strong>omfattende tilpasningsmuligheder<\/strong>, herunder specifikke dimensioner, skumtyper og ekstra rum, for at skabe en kuffert, der passer perfekt til dit udstyr.<\/li>\n<li><strong>Holdbarhed p\u00e5 vejen<\/strong><br \/>\nBygget til at holde til turn\u00e9er, festivaler og daglige ops\u00e6tninger. Brandsikkert krydsfiner og forst\u00e6rkede hj\u00f8rner beskytter dit udstyr mod fald, spild og st\u00f8d.<\/li>\n<li><strong>Str\u00f8mlinet organisation<\/strong><br \/>\nDen integrerede skydeb\u00e6nk holder din b\u00e6rbare computer tilg\u00e6ngelig, mens skumblokke holder dit udstyr p\u00e5 plads - selv hvis kufferten v\u00e6lter.<\/li>\n<\/ol>\n<hr \/>\n<h3><strong>Applikationer:<\/strong><\/h3>\n<ul>\n<li><strong>Mobile DJ-stativer<\/strong><\/li>\n<li><strong>Ops\u00e6tning af klubber<\/strong><\/li>\n<li><strong>Festivalens forestillinger<\/strong><\/li>\n<li><strong>Studio-sessioner<\/strong><\/li>\n<li><strong>Virksomhedsarrangementer<\/strong><\/li>\n<\/ul>\n<hr \/>\n<h3><strong>Emballage og forsendelse:<\/strong><\/h3>\n<ul>\n<li><strong>Indpakningsmuligheder:<\/strong>\u00a0Karton, boblepose eller krympeindpakket karton af eksportkvalitet<\/li>\n<li><strong>Leveringstid:<\/strong>\n<ul>\n<li>Pr\u00f8ver: 4-6 dage<\/li>\n<li>Massebestillinger: 7-15 dage (afh\u00e6ngigt af antal)<\/li>\n<\/ul>\n<\/li>\n<li><strong>Global forsendelse:<\/strong>\u00a0Luft-, s\u00f8- eller ekspreslevering tilg\u00e6ngelig<\/li>\n<\/ul>\n<hr \/>\n<h3><strong>Hvorfor stole p\u00e5 SX?<\/strong><\/h3>\n<p>Med mange \u00e5rs ekspertise i beskyttelse af lydudstyr prioriterer SX:<\/p>\n<ul>\n<li><strong>H\u00e5ndv\u00e6rk:<\/strong>\u00a0Pr\u00e6cisionsteknik til langvarig brug<\/li>\n<li><strong>Gennemsigtighed:<\/strong>\u00a0Ingen skjulte gebyrer, direkte kundesupport<\/li>\n<li><strong>Fleksibilitet:<\/strong>\u00a0Brugerdefineret branding, skumlayout og hardwareopgraderinger<\/li>\n<\/ul>\n<hr \/>\n<h3><strong>Ofte stillede sp\u00f8rgsm\u00e5l<\/strong><\/h3>\n<p><strong>Q: Hvad er den mindste ordrem\u00e6ngde (MOQ)?<\/strong><br \/>\nA: MOQ afh\u00e6nger af design- og tilpasningskrav. Kontakt os for detaljer.<\/p>\n<p><strong>Q: Tilbyder I OEM\/ODM-tjenester?<\/strong><br \/>\nA: Ja, vi har stor erfaring med at arbejde med internationale brands om specialdesign.<\/p>\n<p><strong>Q: Hvor lang er leveringstiden?<\/strong><br \/>\nSvar: Standardordrer sendes inden for 4-6 dage. Masseordrer kan tage 7-15 dage, afh\u00e6ngigt af antal.<\/p>\n<p><strong>Q: Tilbyder du gratis pr\u00f8ver?<\/strong><br \/>\nSvar: Pr\u00f8ver af lav v\u00e6rdi er gratis med fragtmand. Pr\u00f8ver af h\u00f8j v\u00e6rdi kan kr\u00e6ve et gebyr.<\/p>\n<p><strong>Q: Hvilke andre flightcases tilbyder I?<\/strong><br \/>\nSvar: Vi leverer skr\u00e6ddersyede kabinetter til forst\u00e6rkere, h\u00f8jttalere, belysning, LED-sk\u00e6rme og meget mere. Kontakt os for at h\u00f8re n\u00e6rmere.<\/p>\n<hr \/>\n<h3><strong>L\u00f8ft din DJ-ops\u00e6tning i dag!<\/strong><\/h3>\n<p>Er du klar til at sikre dit DJ-udstyr? Lad os designe en taske, der matcher dine behov.<\/p>\n<p><strong>Start din bestilling:<\/strong>\u00a0<a href=\"https:\/\/sxpowercase.com\/contact-us\/\" target=\"_blank\" rel=\"noopener noreferrer\">https:\/\/sxpowercase.com\/contact-us\/<\/a><\/p>\n<p>Hot Tags: Lav pris, str\u00f8m- og signalkabel, 16 gauge 4-lederledning, mikrofonstativkasse, udend\u00f8rs LED-sk\u00e6rmskab, rackmontering, elektrisk distroboks, Kina, leverand\u00f8rer, fabrik, tilpasset, engros, <span style=\"color: #993366;\"><a style=\"color: #993366;\" href=\"https:\/\/sxflightcase.com\/da\/product-category\/all-product\/power-distribution-boxes\/\">str\u00f8mbokse<\/a>,\u00a0<a style=\"color: #993366;\" href=\"https:\/\/sxflightcase.com\/da\/product-category\/all-product\/hoist-controllers\/\">str\u00f8mkabler<\/a>,\u00a0<a style=\"color: #993366;\" href=\"https:\/\/sxflightcase.com\/da\/product-category\/all-product\/hoist-controllers\/\">hejseregulatorer<\/a>,\u00a0<a style=\"color: #993366;\" href=\"https:\/\/sxflightcase.com\/da\/product-category\/all-product\/flight-case\/\">flyvekasser.<\/a><\/span><\/p>","protected":false},"excerpt":{"rendered":"<h2 class=\"prodetails-name\">DJ Flight Case<\/h2>\n<p>DJ Flight case giver en fuld beskyttelse til DJ-pladespiller, mixer, controller osv. sxprocase tilbyder ogs\u00e5 alle typer tilpassede DJ flight case, Amp rack flight case, cable trunk road case, sound and light case &amp; andet udstyr flight case.<\/p>\n<h2>Produktintroduktion<\/h2>\n<p>DJ flight case er en solid flight case til DJ-controllere, mixere, pladespillere og andet DJ-udstyr.<\/p>\n<p>Den er designet med en laptopbakke, hjul og trolleyh\u00e5ndtag efter kundens \u00f8nske, lavet af krydsfiner af god kvalitet og hardware, der passer til dit dj-udstyr.<\/p>\n<h2><strong>Funktioner<\/strong><\/h2>\n<p>l Specialtilpasset road case til DJ-afspilleren, mixeren og controlleren.<\/p>\n<p>l Kuglehj\u00f8rner af god kvalitet med fors\u00e6nkede h\u00e5ndtag og l\u00e5se.<\/p>\n<p>l Glidende laptop-platform og kabeladgangsport (hvis n\u00f8dvendigt).<\/p>\n<p>l Indvendigt skum med h\u00f8j densitet giver ekstra beskyttelse under transport.<\/p>\n<p>l Sort\/s\u00f8lv\/bl\u00e5-zinkbelagt hardware kan v\u00e6re ekstraudstyr.<\/p>\n<p>l Aftageligt adgangspanel p\u00e5 forsiden for nem ops\u00e6tning.<\/p>","protected":false},"featured_media":1131,"comment_status":"open","ping_status":"closed","template":"","meta":[],"product_brand":[],"product_cat":[41],"product_tag":[],"class_list":{"0":"post-1130","1":"product","2":"type-product","3":"status-publish","4":"has-post-thumbnail","6":"product_cat-equipment-cases","8":"first","9":"instock","10":"shipping-taxable","11":"product-type-simple"},"yoast_head":"<!-- This site is optimized with the Yoast SEO Premium plugin v27.1 (Yoast SEO v27.2) - https:\/\/yoast.com\/product\/yoast-seo-premium-wordpress\/ -->\n<title>DJ Flight Case - https:\/\/sxflightcase.com \ud83d\udc97<\/title>\n<meta name=\"description\" content=\"DJ Flight Case Factory:Specializing in direct sales and professional customization for premium equipment protection solutions.\" \/>\n<meta name=\"robots\" content=\"index, follow, max-snippet:-1, max-image-preview:large, max-video-preview:-1\" \/>\n<link rel=\"canonical\" href=\"https:\/\/sxflightcase.com\/da\/produkt\/dj-flight-case-2\/\" \/>\n<meta property=\"og:locale\" content=\"da_DK\" \/>\n<meta property=\"og:type\" content=\"article\" \/>\n<meta property=\"og:title\" content=\"DJ Flight Case\" \/>\n<meta property=\"og:description\" content=\"DJ Flight Case Factory:Specializing in direct sales and professional customization for premium equipment protection solutions.\" \/>\n<meta property=\"og:url\" content=\"https:\/\/sxflightcase.com\/da\/produkt\/dj-flight-case-2\/\" \/>\n<meta property=\"og:site_name\" content=\"https:\/\/sxflightcase.com\" \/>\n<meta property=\"article:publisher\" content=\"https:\/\/www.facebook.com\/profile.php?id=61560407257971\" \/>\n<meta property=\"article:modified_time\" content=\"2025-02-22T03:32:29+00:00\" \/>\n<meta property=\"og:image\" content=\"https:\/\/sxflightcase.com\/wp-content\/uploads\/2024\/05\/dj-flight-case07012694713.webp\" \/>\n\t<meta property=\"og:image:width\" content=\"750\" \/>\n\t<meta property=\"og:image:height\" content=\"750\" \/>\n\t<meta property=\"og:image:type\" content=\"image\/webp\" \/>\n<meta name=\"twitter:card\" content=\"summary_large_image\" \/>\n<meta name=\"twitter:label1\" content=\"Estimeret l\u00e6setid\" \/>\n\t<meta name=\"twitter:data1\" content=\"3 minutter\" \/>\n<script type=\"application\/ld+json\" class=\"yoast-schema-graph\">{\"@context\":\"https:\/\/schema.org\",\"@graph\":[{\"@type\":\"WebPage\",\"@id\":\"https:\/\/sxflightcase.com\/de\/produkt\/dj-flight-case-2\/\",\"url\":\"https:\/\/sxflightcase.com\/de\/produkt\/dj-flight-case-2\/\",\"name\":\"DJ Flight Case - https:\/\/sxflightcase.com \ud83d\udc97\",\"isPartOf\":{\"@id\":\"https:\/\/sxflightcase.com\/th\/#website\"},\"primaryImageOfPage\":{\"@id\":\"https:\/\/sxflightcase.com\/de\/produkt\/dj-flight-case-2\/#primaryimage\"},\"image\":{\"@id\":\"https:\/\/sxflightcase.com\/de\/produkt\/dj-flight-case-2\/#primaryimage\"},\"thumbnailUrl\":\"https:\/\/sxflightcase.com\/wp-content\/uploads\/2024\/05\/dj-flight-case07012694713.webp\",\"datePublished\":\"2024-05-07T06:07:24+00:00\",\"dateModified\":\"2025-02-22T03:32:29+00:00\",\"description\":\"DJ Flight Case Factory:Specializing in direct sales and professional customization for premium equipment protection solutions.\",\"breadcrumb\":{\"@id\":\"https:\/\/sxflightcase.com\/de\/produkt\/dj-flight-case-2\/#breadcrumb\"},\"inLanguage\":\"da-DK\",\"potentialAction\":[{\"@type\":\"ReadAction\",\"target\":[\"https:\/\/sxflightcase.com\/de\/produkt\/dj-flight-case-2\/\"]}]},{\"@type\":\"ImageObject\",\"inLanguage\":\"da-DK\",\"@id\":\"https:\/\/sxflightcase.com\/de\/produkt\/dj-flight-case-2\/#primaryimage\",\"url\":\"https:\/\/sxflightcase.com\/wp-content\/uploads\/2024\/05\/dj-flight-case07012694713.webp\",\"contentUrl\":\"https:\/\/sxflightcase.com\/wp-content\/uploads\/2024\/05\/dj-flight-case07012694713.webp\",\"width\":750,\"height\":750,\"caption\":\"DJ Flight Case\"},{\"@type\":\"BreadcrumbList\",\"@id\":\"https:\/\/sxflightcase.com\/de\/produkt\/dj-flight-case-2\/#breadcrumb\",\"itemListElement\":[{\"@type\":\"ListItem\",\"position\":1,\"name\":\"Home\",\"item\":\"https:\/\/sxflightcase.com\/\"},{\"@type\":\"ListItem\",\"position\":2,\"name\":\"\u0e2a\u0e34\u0e19\u0e04\u0e49\u0e32\",\"item\":\"https:\/\/sxflightcase.com\/th\/shop\/\"},{\"@type\":\"ListItem\",\"position\":3,\"name\":\"DJ Flight Case\"}]},{\"@type\":\"WebSite\",\"@id\":\"https:\/\/sxflightcase.com\/th\/#website\",\"url\":\"https:\/\/sxflightcase.com\/th\/\",\"name\":\"sxpowercase.com\",\"description\":\"Flight Case Factory\",\"publisher\":{\"@id\":\"https:\/\/sxflightcase.com\/th\/#organization\"},\"potentialAction\":[{\"@type\":\"SearchAction\",\"target\":{\"@type\":\"EntryPoint\",\"urlTemplate\":\"https:\/\/sxflightcase.com\/th\/?s={search_term_string}\"},\"query-input\":{\"@type\":\"PropertyValueSpecification\",\"valueRequired\":true,\"valueName\":\"search_term_string\"}}],\"inLanguage\":\"da-DK\"},{\"@type\":\"Organization\",\"@id\":\"https:\/\/sxflightcase.com\/th\/#organization\",\"name\":\"sxpowercase.com\",\"url\":\"https:\/\/sxflightcase.com\/th\/\",\"logo\":{\"@type\":\"ImageObject\",\"inLanguage\":\"da-DK\",\"@id\":\"https:\/\/sxflightcase.com\/th\/#\/schema\/logo\/image\/\",\"url\":\"https:\/\/sxflightcase.com\/wp-content\/uploads\/2024\/04\/1713919036007.jpg\",\"contentUrl\":\"https:\/\/sxflightcase.com\/wp-content\/uploads\/2024\/04\/1713919036007.jpg\",\"width\":382,\"height\":388,\"caption\":\"sxpowercase.com\"},\"image\":{\"@id\":\"https:\/\/sxflightcase.com\/th\/#\/schema\/logo\/image\/\"},\"sameAs\":[\"https:\/\/www.facebook.com\/profile.php?id=61560407257971\"],\"numberOfEmployees\":{\"@type\":\"QuantitativeValue\",\"minValue\":\"11\",\"maxValue\":\"50\"}}]}<\/script>\n<!-- \/ Yoast SEO Premium plugin. -->","yoast_head_json":{"title":"DJ Flight Case - https:\/\/sxflightcase.com \ud83d\udc97","description":"DJ Flight Case Factory: Specialiseret i direkte salg og professionel tilpasning af f\u00f8rsteklasses l\u00f8sninger til beskyttelse af udstyr.","robots":{"index":"index","follow":"follow","max-snippet":"max-snippet:-1","max-image-preview":"max-image-preview:large","max-video-preview":"max-video-preview:-1"},"canonical":"https:\/\/sxflightcase.com\/da\/produkt\/dj-flight-case-2\/","og_locale":"da_DK","og_type":"article","og_title":"DJ Flight Case","og_description":"DJ Flight Case Factory:Specializing in direct sales and professional customization for premium equipment protection solutions.","og_url":"https:\/\/sxflightcase.com\/da\/produkt\/dj-flight-case-2\/","og_site_name":"https:\/\/sxflightcase.com","article_publisher":"https:\/\/www.facebook.com\/profile.php?id=61560407257971","article_modified_time":"2025-02-22T03:32:29+00:00","og_image":[{"width":750,"height":750,"url":"https:\/\/sxflightcase.com\/wp-content\/uploads\/2024\/05\/dj-flight-case07012694713.webp","type":"image\/webp"}],"twitter_card":"summary_large_image","twitter_misc":{"Estimeret l\u00e6setid":"3 minutter"},"schema":{"@context":"https:\/\/schema.org","@graph":[{"@type":"WebPage","@id":"https:\/\/sxflightcase.com\/de\/produkt\/dj-flight-case-2\/","url":"https:\/\/sxflightcase.com\/de\/produkt\/dj-flight-case-2\/","name":"DJ Flight Case - https:\/\/sxflightcase.com \ud83d\udc97","isPartOf":{"@id":"https:\/\/sxflightcase.com\/th\/#website"},"primaryImageOfPage":{"@id":"https:\/\/sxflightcase.com\/de\/produkt\/dj-flight-case-2\/#primaryimage"},"image":{"@id":"https:\/\/sxflightcase.com\/de\/produkt\/dj-flight-case-2\/#primaryimage"},"thumbnailUrl":"https:\/\/sxflightcase.com\/wp-content\/uploads\/2024\/05\/dj-flight-case07012694713.webp","datePublished":"2024-05-07T06:07:24+00:00","dateModified":"2025-02-22T03:32:29+00:00","description":"DJ Flight Case Factory: Specialiseret i direkte salg og professionel tilpasning af f\u00f8rsteklasses l\u00f8sninger til beskyttelse af udstyr.","breadcrumb":{"@id":"https:\/\/sxflightcase.com\/de\/produkt\/dj-flight-case-2\/#breadcrumb"},"inLanguage":"da-DK","potentialAction":[{"@type":"ReadAction","target":["https:\/\/sxflightcase.com\/de\/produkt\/dj-flight-case-2\/"]}]},{"@type":"ImageObject","inLanguage":"da-DK","@id":"https:\/\/sxflightcase.com\/de\/produkt\/dj-flight-case-2\/#primaryimage","url":"https:\/\/sxflightcase.com\/wp-content\/uploads\/2024\/05\/dj-flight-case07012694713.webp","contentUrl":"https:\/\/sxflightcase.com\/wp-content\/uploads\/2024\/05\/dj-flight-case07012694713.webp","width":750,"height":750,"caption":"DJ Flight Case"},{"@type":"BreadcrumbList","@id":"https:\/\/sxflightcase.com\/de\/produkt\/dj-flight-case-2\/#breadcrumb","itemListElement":[{"@type":"ListItem","position":1,"name":"Home","item":"https:\/\/sxflightcase.com\/"},{"@type":"ListItem","position":2,"name":"\u0e2a\u0e34\u0e19\u0e04\u0e49\u0e32","item":"https:\/\/sxflightcase.com\/th\/shop\/"},{"@type":"ListItem","position":3,"name":"DJ Flight Case"}]},{"@type":"WebSite","@id":"https:\/\/sxflightcase.com\/th\/#website","url":"https:\/\/sxflightcase.com\/th\/","name":"sxpowercase.com","description":"Flight Case Factory","publisher":{"@id":"https:\/\/sxflightcase.com\/th\/#organization"},"potentialAction":[{"@type":"SearchAction","target":{"@type":"EntryPoint","urlTemplate":"https:\/\/sxflightcase.com\/th\/?s={search_term_string}"},"query-input":{"@type":"PropertyValueSpecification","valueRequired":true,"valueName":"search_term_string"}}],"inLanguage":"da-DK"},{"@type":"Organization","@id":"https:\/\/sxflightcase.com\/th\/#organization","name":"sxpowercase.com","url":"https:\/\/sxflightcase.com\/th\/","logo":{"@type":"ImageObject","inLanguage":"da-DK","@id":"https:\/\/sxflightcase.com\/th\/#\/schema\/logo\/image\/","url":"https:\/\/sxflightcase.com\/wp-content\/uploads\/2024\/04\/1713919036007.jpg","contentUrl":"https:\/\/sxflightcase.com\/wp-content\/uploads\/2024\/04\/1713919036007.jpg","width":382,"height":388,"caption":"sxpowercase.com"},"image":{"@id":"https:\/\/sxflightcase.com\/th\/#\/schema\/logo\/image\/"},"sameAs":["https:\/\/www.facebook.com\/profile.php?id=61560407257971"],"numberOfEmployees":{"@type":"QuantitativeValue","minValue":"11","maxValue":"50"}}]}},"_links":{"self":[{"href":"https:\/\/sxflightcase.com\/da\/wp-json\/wp\/v2\/product\/1130","targetHints":{"allow":["GET"]}}],"collection":[{"href":"https:\/\/sxflightcase.com\/da\/wp-json\/wp\/v2\/product"}],"about":[{"href":"https:\/\/sxflightcase.com\/da\/wp-json\/wp\/v2\/types\/product"}],"replies":[{"embeddable":true,"href":"https:\/\/sxflightcase.com\/da\/wp-json\/wp\/v2\/comments?post=1130"}],"version-history":[{"count":0,"href":"https:\/\/sxflightcase.com\/da\/wp-json\/wp\/v2\/product\/1130\/revisions"}],"wp:featuredmedia":[{"embeddable":true,"href":"https:\/\/sxflightcase.com\/da\/wp-json\/wp\/v2\/media\/1131"}],"wp:attachment":[{"href":"https:\/\/sxflightcase.com\/da\/wp-json\/wp\/v2\/media?parent=1130"}],"wp:term":[{"taxonomy":"product_brand","embeddable":true,"href":"https:\/\/sxflightcase.com\/da\/wp-json\/wp\/v2\/product_brand?post=1130"},{"taxonomy":"product_cat","embeddable":true,"href":"https:\/\/sxflightcase.com\/da\/wp-json\/wp\/v2\/product_cat?post=1130"},{"taxonomy":"product_tag","embeddable":true,"href":"https:\/\/sxflightcase.com\/da\/wp-json\/wp\/v2\/product_tag?post=1130"}],"curies":[{"name":"wp","href":"https:\/\/api.w.org\/{rel}","templated":true}]}}