{"id":1602,"date":"2024-05-10T02:17:12","date_gmt":"2024-05-10T01:17:12","guid":{"rendered":"https:\/\/sxpowercase.com\/?post_type=product&#038;p=1602"},"modified":"2024-06-27T08:15:23","modified_gmt":"2024-06-27T07:15:23","slug":"19-inch-rack-2","status":"publish","type":"product","link":"https:\/\/sxflightcase.com\/da\/vare\/19-tommer-rack-2\/","title":{"rendered":"MP 19-tommer rack"},"content":{"rendered":"<h3><strong>Produktionsintroduktion<\/strong><\/h3>\n<p>Den indvendige bredde p\u00e5 19\" reolen er standard 19\". Stativets dybde (til bagl\u00e5get) er 20,25\". L\u00e5gdybde: 3,75\", 4 fjederbelastede h\u00e5ndtag, 8 fors\u00e6nkede drejel\u00e5se med h\u00e6ngel\u00e5sindsatser. Shengxiang-serien af rackskabe f\u00e5s ogs\u00e5 i 2U, 4U, 6U, 8U, 10U, 12U, 14U og 16U rackskabe.<\/p>\n<h3><strong>Produktparameter (specifikation)<\/strong><\/h3>\n<section class=\"table-wrap\">\n<table class=\"table\" width=\"100%\" cellspacing=\"0\" cellpadding=\"0\">\n<tbody>\n<tr class=\"firstRow\">\n<td width=\"134\">Produktnavn<\/td>\n<td width=\"504\">19 tommer rack<\/td>\n<\/tr>\n<tr>\n<td width=\"134\">Materialer<\/td>\n<td width=\"504\">9 mm lamineret krydsfinerkonstruktion med belagt hardware i kommerciel kvalitet, kraftige h\u00e5ndtag og l\u00e5se og kuglehj\u00f8rner<br \/>\nIndbygget fjederbelastet, fors\u00e6nket sl\u00e6beh\u00e5ndtag<br \/>\nIndvendig polstring af EVA-skum for at g\u00f8re etuiet st\u00f8dsikkert<\/td>\n<\/tr>\n<tr>\n<td width=\"134\">Farve<\/td>\n<td width=\"504\">Sort, bl\u00e5, r\u00f8d eller brugerdefineret<\/td>\n<\/tr>\n<tr>\n<td width=\"134\">Brug<\/td>\n<td width=\"504\">Beskyt transportopbevaring<\/td>\n<\/tr>\n<\/tbody>\n<\/table>\n<\/section>\n<h3>Organiser dit udstyr med SX 19-tommers rack-l\u00f8sninger<\/h3>\n<h4>SX 19-tommer stativ: Organiser dit arbejdsomr\u00e5de effektivt<\/h4>\n<p>De <a href=\"https:\/\/sxpowercase.com\/\" target=\"_blank\"  rel=\"noopener\" title=\"SX\"  data-wpil-monitor-id=\"502\">SX<\/a> 19-Inch Rack er designet til at str\u00f8mline dit arbejdsomr\u00e5de ved at levere en alsidig og p\u00e5lidelig l\u00f8sning til montering og organisering af dit udstyr. Uanset om du h\u00e5ndterer servere, lydudstyr eller netv\u00e6rksudstyr, sikrer vores racks nem adgang og effektiv udnyttelse af pladsen.<\/p>\n<h4>Fabriksn\u00e6r kvalitet<\/h4>\n<p>Hos SX prioriterer vi kvalitet og overkommelige priser ved at tilbyde vores 19-tommer rack direkte fra vores fabrik. Ved at eliminere mellemm\u00e6nd bevarer vi kontrollen over produktionsstandarder og omkostninger og sikrer, at du f\u00e5r et produkt af h\u00f8j kvalitet til en konkurrencedygtig pris.<\/p>\n<h4>Skr\u00e6ddersyet til dine behov<\/h4>\n<p>Vi forst\u00e5r, at enhver ops\u00e6tning er unik. Derfor kan vores 19-tommers rack tilpasses, s\u00e5 det passer til dine specifikke krav. Uanset om du har brug for ekstra hylder, kabelstyringsl\u00f8sninger eller en anden st\u00f8rrelse, kan vores racks skr\u00e6ddersys, s\u00e5 de passer perfekt ind i dit milj\u00f8.<\/p>\n<hr \/>\n<h4>Hvorfor v\u00e6lge SX 19-tommer rack?<\/h4>\n<p>At v\u00e6lge SX betyder at v\u00e6lge holdbarhed, p\u00e5lidelighed og omkostningseffektivitet. Vores reoler er bygget til at holde og designet til at optimere plads og organisering i ethvert milj\u00f8. Med enkel installation og robust konstruktion er de et vigtigt aktiv for ethvert professionelt milj\u00f8.<\/p>\n<hr \/>\n<h4>Forbedr dit arbejdsomr\u00e5de med SX<\/h4>\n<p>Invester i et SX 19-tommer rack i dag, og oplev forskellen i organisering og effektivitet. Uanset om det er til hjemmebrug, studieops\u00e6tninger eller professionelle installationer, leverer SX-racks uovertruffen kvalitet og funktionalitet. Kontakt os nu for at udforske vores udvalg af 19-tommer racks og finde den perfekte l\u00f8sning til dine behov.<\/p>\n<p><strong>FAQ<\/strong><\/p>\n<p>Q: Hvad er din leveringsbetingelse?<\/p>\n<p>A: Vores almindelige leveringsbetingelse er EXW Guangzhou. Vi accepterer ogs\u00e5 FOB, CFR, CIF, DDP, DDU osv. Vi tilbyder dig forsendelsesomkostningerne, og du kan v\u00e6lge den, der er den mest bekvemme og effektive for dig.<\/p>\n<p>Q: Hvilken betalingsform kan du acceptere?<\/p>\n<p>A: T\/T, Western Union osv. Vi accepterer alle praktiske og hurtige betalingsbetingelser.<\/p>\n<p>Q: Hvorn\u00e5r kan jeg f\u00e5 prisen?<\/p>\n<p>A: Normalt giver vi tilbud inden for 8 timer efter, at vi har modtaget din foresp\u00f8rgsel.<\/p>\n<p>Q: Kan du lave vores egen emballage?<\/p>\n<p>A: Ja, du leverer bare pakkedesignet, og vi producerer det, du \u00f8nsker. Vi har ogs\u00e5 den professionelle designer, der kan hj\u00e6lpe dig med at lave emballagedesignet.<\/p>\n<p><strong>Kvalitetskontrol<\/strong><\/p>\n<p>Vi har QC-personer, der bliver p\u00e5 produktionslinjerne for at udf\u00f8re inspektionen. Alle produkter skal v\u00e6re inspiceret inden levering. Vi foretager inline-inspektion og endelig inspektion.<\/p>\n<p>1. Alle r\u00e5varer kontrolleres, n\u00e5r de ankommer til vores fabrik.<\/p>\n<p>2.Alle stykker og logo og alle detaljer kontrolleres under produktionen.<\/p>\n<p>3.Alle pakningsdetaljer kontrolleret under produktionen.<\/p>\n<p>4.Al produktionskvalitet og pakning kontrolleres ved den endelige inspektion efter f\u00e6rdig.<\/p>\n<p>Hot Tags: Lav pris, p\u00e5 lager, gratis pr\u00f8ve, str\u00f8m- og signalkabel, 16 Gauge 4 ledertr\u00e5d, mikrofonstativ, udend\u00f8rs LED-displaykabinet, rackmontering, 19\u201d rackmonterede mixer-flyvekasser\uff0celektrisk distroboks, Kina, leverand\u00f8rer, fabrik, tilpasset, engros, <span style=\"color: #993366;\"><a style=\"color: #993366;\" href=\"https:\/\/sxflightcase.com\/da\/product-category\/all-product\/power-distribution-boxes\/\">str\u00f8mbokse<\/a>,\u00a0<a style=\"color: #993366;\" href=\"https:\/\/sxflightcase.com\/da\/product-category\/all-product\/hoist-controllers\/\">str\u00f8mkabler<\/a>,\u00a0<a style=\"color: #993366;\" href=\"https:\/\/sxflightcase.com\/da\/product-category\/all-product\/hoist-controllers\/\">hejseregulatorer<\/a>,\u00a0<a style=\"color: #993366;\" href=\"https:\/\/sxflightcase.com\/da\/product-category\/all-product\/flight-case\/\">flyvekasser.<\/a><\/span><\/p>","protected":false},"excerpt":{"rendered":"<h2 class=\"prodetails-name\">19 tommer stativ<\/h2>\n<p>Vi tilbyder et udvalg af 19 tommer rack, der passer til det meste sceneudstyr som forst\u00e6rker og processor med forskellige muligheder. Kassen er en specialbygget <a class=\"wpil_keyword_link\" title=\"flight case\" href=\"https:\/\/sxpowercase.com\/product-category\/all-product\/flight-case\/\" target=\"_blank\" rel=\"noopener\" data-wpil-keyword-link=\"linked\" data-wpil-monitor-id=\"389\">flight case<\/a> med kraftige beslag og sort krydsfiner med standardfinish.<\/p>\n<h2><strong>Produktionsintroduktion<\/strong><\/h2>\n<p>Den indvendige bredde p\u00e5 19\" reolen er standard 19\". Stativets dybde (til bagl\u00e5get) er 20,25\". L\u00e5gdybde: 3,75\", 4 fjederbelastede h\u00e5ndtag, 8 fors\u00e6nkede drejel\u00e5se med h\u00e6ngel\u00e5sindsatser. Shengxiang-serien af rackskabe f\u00e5s ogs\u00e5 i 2U, 4U, 6U, 8U, 10U, 12U, 14U og 16U rackskabe.<\/p>","protected":false},"featured_media":1603,"comment_status":"open","ping_status":"closed","template":"","meta":[],"product_brand":[],"product_cat":[35],"product_tag":[50],"class_list":{"0":"post-1602","1":"product","2":"type-product","3":"status-publish","4":"has-post-thumbnail","6":"product_cat-standard-rack-cases","7":"product_tag-mp","9":"first","10":"instock","11":"shipping-taxable","12":"product-type-simple"},"yoast_head":"<!-- This site is optimized with the Yoast SEO Premium plugin v27.1 (Yoast SEO v27.2) - https:\/\/yoast.com\/product\/yoast-seo-premium-wordpress\/ -->\n<title>MP 19-Inch Rack - https:\/\/sxflightcase.com \ud83d\udc97<\/title>\n<meta name=\"description\" content=\"19-Inch Rack: Discover our factory-direct options, offering professional customization for efficient organization and storage of your equipment.\" \/>\n<meta name=\"robots\" content=\"index, follow, max-snippet:-1, max-image-preview:large, max-video-preview:-1\" \/>\n<link rel=\"canonical\" href=\"https:\/\/sxflightcase.com\/da\/vare\/19-tommer-rack-2\/\" \/>\n<meta property=\"og:locale\" content=\"da_DK\" \/>\n<meta property=\"og:type\" content=\"article\" \/>\n<meta property=\"og:title\" content=\"MP 19-Inch Rack\" \/>\n<meta property=\"og:description\" content=\"19-Inch Rack: Discover our factory-direct options, offering professional customization for efficient organization and storage of your equipment.\" \/>\n<meta property=\"og:url\" content=\"https:\/\/sxflightcase.com\/da\/vare\/19-tommer-rack-2\/\" \/>\n<meta property=\"og:site_name\" content=\"https:\/\/sxflightcase.com\" \/>\n<meta property=\"article:publisher\" content=\"https:\/\/www.facebook.com\/profile.php?id=61560407257971\" \/>\n<meta property=\"article:modified_time\" content=\"2024-06-27T07:15:23+00:00\" \/>\n<meta property=\"og:image\" content=\"https:\/\/sxflightcase.com\/wp-content\/uploads\/2024\/05\/19-inch-rack03459619372.webp\" \/>\n\t<meta property=\"og:image:width\" content=\"750\" \/>\n\t<meta property=\"og:image:height\" content=\"750\" \/>\n\t<meta property=\"og:image:type\" content=\"image\/webp\" \/>\n<meta name=\"twitter:card\" content=\"summary_large_image\" \/>\n<meta name=\"twitter:label1\" content=\"Estimeret l\u00e6setid\" \/>\n\t<meta name=\"twitter:data1\" content=\"4 minutter\" \/>\n<script type=\"application\/ld+json\" class=\"yoast-schema-graph\">{\"@context\":\"https:\/\/schema.org\",\"@graph\":[{\"@type\":\"WebPage\",\"@id\":\"https:\/\/sxflightcase.com\/da\/produkt\/19-tommer-rack-2\/\",\"url\":\"https:\/\/sxflightcase.com\/da\/produkt\/19-tommer-rack-2\/\",\"name\":\"MP 19-Inch Rack - https:\/\/sxflightcase.com \ud83d\udc97\",\"isPartOf\":{\"@id\":\"https:\/\/sxflightcase.com\/th\/#website\"},\"primaryImageOfPage\":{\"@id\":\"https:\/\/sxflightcase.com\/da\/produkt\/19-tommer-rack-2\/#primaryimage\"},\"image\":{\"@id\":\"https:\/\/sxflightcase.com\/da\/produkt\/19-tommer-rack-2\/#primaryimage\"},\"thumbnailUrl\":\"https:\/\/sxflightcase.com\/wp-content\/uploads\/2024\/05\/19-inch-rack03459619372.webp\",\"datePublished\":\"2024-05-10T01:17:12+00:00\",\"dateModified\":\"2024-06-27T07:15:23+00:00\",\"description\":\"19-Inch Rack: Discover our factory-direct options, offering professional customization for efficient organization and storage of your equipment.\",\"breadcrumb\":{\"@id\":\"https:\/\/sxflightcase.com\/da\/produkt\/19-tommer-rack-2\/#breadcrumb\"},\"inLanguage\":\"da-DK\",\"potentialAction\":[{\"@type\":\"ReadAction\",\"target\":[\"https:\/\/sxflightcase.com\/da\/produkt\/19-tommer-rack-2\/\"]}]},{\"@type\":\"ImageObject\",\"inLanguage\":\"da-DK\",\"@id\":\"https:\/\/sxflightcase.com\/da\/produkt\/19-tommer-rack-2\/#primaryimage\",\"url\":\"https:\/\/sxflightcase.com\/wp-content\/uploads\/2024\/05\/19-inch-rack03459619372.webp\",\"contentUrl\":\"https:\/\/sxflightcase.com\/wp-content\/uploads\/2024\/05\/19-inch-rack03459619372.webp\",\"width\":750,\"height\":750,\"caption\":\"19-Inch Rack\"},{\"@type\":\"BreadcrumbList\",\"@id\":\"https:\/\/sxflightcase.com\/da\/produkt\/19-tommer-rack-2\/#breadcrumb\",\"itemListElement\":[{\"@type\":\"ListItem\",\"position\":1,\"name\":\"Home\",\"item\":\"https:\/\/sxflightcase.com\/\"},{\"@type\":\"ListItem\",\"position\":2,\"name\":\"\u0e2a\u0e34\u0e19\u0e04\u0e49\u0e32\",\"item\":\"https:\/\/sxflightcase.com\/th\/shop\/\"},{\"@type\":\"ListItem\",\"position\":3,\"name\":\"MP 19-Inch Rack\"}]},{\"@type\":\"WebSite\",\"@id\":\"https:\/\/sxflightcase.com\/th\/#website\",\"url\":\"https:\/\/sxflightcase.com\/th\/\",\"name\":\"sxpowercase.com\",\"description\":\"Flight Case Factory\",\"publisher\":{\"@id\":\"https:\/\/sxflightcase.com\/th\/#organization\"},\"potentialAction\":[{\"@type\":\"SearchAction\",\"target\":{\"@type\":\"EntryPoint\",\"urlTemplate\":\"https:\/\/sxflightcase.com\/th\/?s={search_term_string}\"},\"query-input\":{\"@type\":\"PropertyValueSpecification\",\"valueRequired\":true,\"valueName\":\"search_term_string\"}}],\"inLanguage\":\"da-DK\"},{\"@type\":\"Organization\",\"@id\":\"https:\/\/sxflightcase.com\/th\/#organization\",\"name\":\"sxpowercase.com\",\"url\":\"https:\/\/sxflightcase.com\/th\/\",\"logo\":{\"@type\":\"ImageObject\",\"inLanguage\":\"da-DK\",\"@id\":\"https:\/\/sxflightcase.com\/th\/#\/schema\/logo\/image\/\",\"url\":\"https:\/\/sxflightcase.com\/wp-content\/uploads\/2024\/04\/1713919036007.jpg\",\"contentUrl\":\"https:\/\/sxflightcase.com\/wp-content\/uploads\/2024\/04\/1713919036007.jpg\",\"width\":382,\"height\":388,\"caption\":\"sxpowercase.com\"},\"image\":{\"@id\":\"https:\/\/sxflightcase.com\/th\/#\/schema\/logo\/image\/\"},\"sameAs\":[\"https:\/\/www.facebook.com\/profile.php?id=61560407257971\"],\"numberOfEmployees\":{\"@type\":\"QuantitativeValue\",\"minValue\":\"11\",\"maxValue\":\"50\"}}]}<\/script>\n<!-- \/ Yoast SEO Premium plugin. -->","yoast_head_json":{"title":"MP 19-Inch Rack - https:\/\/sxflightcase.com \ud83d\udc97","description":"19-tommer rack: Oplev vores fabriksfremstillede muligheder, der tilbyder professionel tilpasning til effektiv organisering og opbevaring af dit udstyr.","robots":{"index":"index","follow":"follow","max-snippet":"max-snippet:-1","max-image-preview":"max-image-preview:large","max-video-preview":"max-video-preview:-1"},"canonical":"https:\/\/sxflightcase.com\/da\/vare\/19-tommer-rack-2\/","og_locale":"da_DK","og_type":"article","og_title":"MP 19-Inch Rack","og_description":"19-Inch Rack: Discover our factory-direct options, offering professional customization for efficient organization and storage of your equipment.","og_url":"https:\/\/sxflightcase.com\/da\/vare\/19-tommer-rack-2\/","og_site_name":"https:\/\/sxflightcase.com","article_publisher":"https:\/\/www.facebook.com\/profile.php?id=61560407257971","article_modified_time":"2024-06-27T07:15:23+00:00","og_image":[{"width":750,"height":750,"url":"https:\/\/sxflightcase.com\/wp-content\/uploads\/2024\/05\/19-inch-rack03459619372.webp","type":"image\/webp"}],"twitter_card":"summary_large_image","twitter_misc":{"Estimeret l\u00e6setid":"4 minutter"},"schema":{"@context":"https:\/\/schema.org","@graph":[{"@type":"WebPage","@id":"https:\/\/sxflightcase.com\/da\/produkt\/19-tommer-rack-2\/","url":"https:\/\/sxflightcase.com\/da\/produkt\/19-tommer-rack-2\/","name":"MP 19-Inch Rack - https:\/\/sxflightcase.com \ud83d\udc97","isPartOf":{"@id":"https:\/\/sxflightcase.com\/th\/#website"},"primaryImageOfPage":{"@id":"https:\/\/sxflightcase.com\/da\/produkt\/19-tommer-rack-2\/#primaryimage"},"image":{"@id":"https:\/\/sxflightcase.com\/da\/produkt\/19-tommer-rack-2\/#primaryimage"},"thumbnailUrl":"https:\/\/sxflightcase.com\/wp-content\/uploads\/2024\/05\/19-inch-rack03459619372.webp","datePublished":"2024-05-10T01:17:12+00:00","dateModified":"2024-06-27T07:15:23+00:00","description":"19-tommer rack: Oplev vores fabriksfremstillede muligheder, der tilbyder professionel tilpasning til effektiv organisering og opbevaring af dit udstyr.","breadcrumb":{"@id":"https:\/\/sxflightcase.com\/da\/produkt\/19-tommer-rack-2\/#breadcrumb"},"inLanguage":"da-DK","potentialAction":[{"@type":"ReadAction","target":["https:\/\/sxflightcase.com\/da\/produkt\/19-tommer-rack-2\/"]}]},{"@type":"ImageObject","inLanguage":"da-DK","@id":"https:\/\/sxflightcase.com\/da\/produkt\/19-tommer-rack-2\/#primaryimage","url":"https:\/\/sxflightcase.com\/wp-content\/uploads\/2024\/05\/19-inch-rack03459619372.webp","contentUrl":"https:\/\/sxflightcase.com\/wp-content\/uploads\/2024\/05\/19-inch-rack03459619372.webp","width":750,"height":750,"caption":"19-Inch Rack"},{"@type":"BreadcrumbList","@id":"https:\/\/sxflightcase.com\/da\/produkt\/19-tommer-rack-2\/#breadcrumb","itemListElement":[{"@type":"ListItem","position":1,"name":"Home","item":"https:\/\/sxflightcase.com\/"},{"@type":"ListItem","position":2,"name":"\u0e2a\u0e34\u0e19\u0e04\u0e49\u0e32","item":"https:\/\/sxflightcase.com\/th\/shop\/"},{"@type":"ListItem","position":3,"name":"MP 19-Inch Rack"}]},{"@type":"WebSite","@id":"https:\/\/sxflightcase.com\/th\/#website","url":"https:\/\/sxflightcase.com\/th\/","name":"sxpowercase.com","description":"Flight Case Factory","publisher":{"@id":"https:\/\/sxflightcase.com\/th\/#organization"},"potentialAction":[{"@type":"SearchAction","target":{"@type":"EntryPoint","urlTemplate":"https:\/\/sxflightcase.com\/th\/?s={search_term_string}"},"query-input":{"@type":"PropertyValueSpecification","valueRequired":true,"valueName":"search_term_string"}}],"inLanguage":"da-DK"},{"@type":"Organization","@id":"https:\/\/sxflightcase.com\/th\/#organization","name":"sxpowercase.com","url":"https:\/\/sxflightcase.com\/th\/","logo":{"@type":"ImageObject","inLanguage":"da-DK","@id":"https:\/\/sxflightcase.com\/th\/#\/schema\/logo\/image\/","url":"https:\/\/sxflightcase.com\/wp-content\/uploads\/2024\/04\/1713919036007.jpg","contentUrl":"https:\/\/sxflightcase.com\/wp-content\/uploads\/2024\/04\/1713919036007.jpg","width":382,"height":388,"caption":"sxpowercase.com"},"image":{"@id":"https:\/\/sxflightcase.com\/th\/#\/schema\/logo\/image\/"},"sameAs":["https:\/\/www.facebook.com\/profile.php?id=61560407257971"],"numberOfEmployees":{"@type":"QuantitativeValue","minValue":"11","maxValue":"50"}}]}},"_links":{"self":[{"href":"https:\/\/sxflightcase.com\/da\/wp-json\/wp\/v2\/product\/1602","targetHints":{"allow":["GET"]}}],"collection":[{"href":"https:\/\/sxflightcase.com\/da\/wp-json\/wp\/v2\/product"}],"about":[{"href":"https:\/\/sxflightcase.com\/da\/wp-json\/wp\/v2\/types\/product"}],"replies":[{"embeddable":true,"href":"https:\/\/sxflightcase.com\/da\/wp-json\/wp\/v2\/comments?post=1602"}],"version-history":[{"count":0,"href":"https:\/\/sxflightcase.com\/da\/wp-json\/wp\/v2\/product\/1602\/revisions"}],"wp:featuredmedia":[{"embeddable":true,"href":"https:\/\/sxflightcase.com\/da\/wp-json\/wp\/v2\/media\/1603"}],"wp:attachment":[{"href":"https:\/\/sxflightcase.com\/da\/wp-json\/wp\/v2\/media?parent=1602"}],"wp:term":[{"taxonomy":"product_brand","embeddable":true,"href":"https:\/\/sxflightcase.com\/da\/wp-json\/wp\/v2\/product_brand?post=1602"},{"taxonomy":"product_cat","embeddable":true,"href":"https:\/\/sxflightcase.com\/da\/wp-json\/wp\/v2\/product_cat?post=1602"},{"taxonomy":"product_tag","embeddable":true,"href":"https:\/\/sxflightcase.com\/da\/wp-json\/wp\/v2\/product_tag?post=1602"}],"curies":[{"name":"wp","href":"https:\/\/api.w.org\/{rel}","templated":true}]}}