{"id":1632,"date":"2024-05-10T03:09:46","date_gmt":"2024-05-10T02:09:46","guid":{"rendered":"https:\/\/sxpowercase.com\/?post_type=product&#038;p=1632"},"modified":"2024-06-26T10:14:35","modified_gmt":"2024-06-26T09:14:35","slug":"19-inch-rack-mount-enclosure","status":"publish","type":"product","link":"https:\/\/sxflightcase.com\/da\/vare\/19-tommer-rackmonteret-kabinet\/","title":{"rendered":"MP 19 tommer rackmonteret kabinet"},"content":{"rendered":"<h3><strong>Produktparameter (specifikation)<\/strong><\/h3>\n<section class=\"table-wrap\">\n<table class=\"table\" width=\"100%\" cellspacing=\"0\" cellpadding=\"0\">\n<tbody>\n<tr class=\"firstRow\">\n<td width=\"134\">Produktnavn:<\/td>\n<td width=\"503\">19 tommer rackmonteret kabinet<\/td>\n<\/tr>\n<tr>\n<td width=\"134\">Materiale<\/td>\n<td width=\"503\">Aluminiumsramme+ Brandsikker +9mm Krydsfiner<\/td>\n<\/tr>\n<tr>\n<td width=\"134\">Indenfor<\/td>\n<td width=\"503\">H\u00f8jdensitet st\u00f8dsikkert skum<\/td>\n<\/tr>\n<tr>\n<td width=\"134\">St\u00f8rrelse<\/td>\n<td width=\"503\">Kan tilpasses<\/td>\n<\/tr>\n<tr>\n<td width=\"134\">Tilbeh\u00f8r<\/td>\n<td width=\"503\">Otte sommerfuglel\u00e5se, fire hjul til nem transport, fire st\u00e6rke h\u00e5ndtag<\/td>\n<\/tr>\n<tr>\n<td width=\"134\">Skik<\/td>\n<td width=\"503\">Alle former for tilpasning er velkomne, s\u00e5som aluminiumskasses materiale, dimension, indre fyldninger, h\u00e5ndtag, l\u00e5se og s\u00e5 videre.<\/td>\n<\/tr>\n<\/tbody>\n<\/table>\n<\/section>\n<h2>Forbedr beskyttelsen af dit udstyr med SX's 19 tommer rackmonterede kabinet<\/h2>\n<h3>Overlegen beskyttelse af dit udstyr<\/h3>\n<p>Introduktion af <a href=\"https:\/\/sxpowercase.com\/\" target=\"_blank\"  rel=\"noopener\" title=\"SX\"  data-wpil-monitor-id=\"485\">SX<\/a> 19 Inch Rack Mount Enclosure, den ultimative l\u00f8sning til at sikre og beskytte dit v\u00e6rdifulde udstyr. Vores kabinet er bygget af robuste materialer og et pr\u00e6cist design og sikrer, at dit udstyr er beskyttet mod skader, uanset om det er under transport eller ops\u00e6tning. Stol p\u00e5, at SX giver dig den p\u00e5lidelighed og holdbarhed, du har brug for.<\/p>\n<h3>Direkte fabrikssalg til maksimal v\u00e6rdi<\/h3>\n<p>Hos SX tror vi p\u00e5 at tilbyde den bedste v\u00e6rdi til vores kunder. Ved at bruge direkte salg fra fabrikken eliminerer vi mellemm\u00e6nd, hvilket giver os mulighed for at levere vores 19 tommer rackmonterede kabinet til uovertrufne priser. Denne direkte tilgang sparer dig ikke kun penge, men sikrer ogs\u00e5, at du f\u00e5r et produkt af h\u00f8jeste kvalitet. L\u00f8ft din virksomheds effektivitet med SX's omkostningseffektive l\u00f8sninger.<\/p>\n<h3>Skr\u00e6ddersyet tilpasning til dine behov<\/h3>\n<p>SX forst\u00e5r, at alle professionelle har unikke krav, og tilbyder derfor omfattende tilpasningstjenester. Vores 19 tommer rackmonterede skabe kan skr\u00e6ddersys til dine specifikationer, fra brugerdefinerede dimensioner til ekstra funktioner som ekstra rum eller personlig branding. Med vores skr\u00e6ddersyede l\u00f8sninger vil dit udstyr v\u00e6re perfekt beskyttet og dit professionelle image forbedret.<\/p>\n<hr \/>\n<h3>Hvorfor v\u00e6lge SX?<\/h3>\n<p>At v\u00e6lge SX betyder at investere i f\u00f8rsteklasses beskyttelse af dit udstyr. Vores model med direkte salg fra fabrikken garanterer dig de bedste priser uden at g\u00e5 p\u00e5 kompromis med kvaliteten. Med vores engagement i tilpasning vil 19 tommer rackmonteret kabinet opfylde dine n\u00f8jagtige behov og give uovertruffen beskyttelse af dit udstyr. Bliv partner med SX i dag for at se, hvordan vores produkter kan forbedre din forretningsdrift og beskytte dit v\u00e6rdifulde udstyr.<\/p>\n<p><strong>FAQ<\/strong><\/p>\n<p>Q: Hvad er din MOQ?<\/p>\n<p>A: Hvis vi har produkterne p\u00e5 lager, vil det ikke v\u00e6re nogen MOQ. Hvis vi skal producere, kan vi diskutere MOQ i henhold til kundens n\u00f8jagtige situation.<\/p>\n<p>Q: Hvad er din forsendelsesservice?<\/p>\n<p>A: Vi kan levere tjenester til skibsbestilling, varekonsolidering, tolddeklaration, klarg\u00f8ring af forsendelsesdokumenter og levering af bulk i forsendelseshavnen.<\/p>\n<p>Q: Kan du hj\u00e6lpe med designet?<\/p>\n<p>A: Ja, du skal blot designe gratis, specielt design skal betales.<\/p>\n<p><strong>Kvalitetskontrol<\/strong><\/p>\n<p>Vi har QC person ophold p\u00e5 produktionslinjerne g\u00f8re til inspektionen. Alle produkter skal v\u00e6re blevet inspiceret f\u00f8r levering. Vi laver inline-inspektion og slutinspektion.<\/p>\n<p>1. Alle r\u00e5varer kontrolleres, n\u00e5r de ankommer til vores fabrik.<\/p>\n<p>2.Alle stykker og logo og alle detaljer kontrolleres under produktionen.<\/p>\n<p>3.Alle pakningsdetaljer kontrolleret under produktionen.<\/p>\n<p>4.Al produktionskvalitet og pakning kontrolleres ved den endelige inspektion efter f\u00e6rdig.<\/p>\n<p>Hot Tags: Lav pris, p\u00e5 lager, gratis pr\u00f8ve, str\u00f8m- og signalkabel, 16 Gauge 4 ledertr\u00e5d, mikrofonstativ, udend\u00f8rs LED-displaykabinet, rackmontering, 19\u201d rackmonterede mixer-flyvekasser\uff0celektrisk distroboks, Kina, leverand\u00f8rer, fabrik, tilpasset, engros, <span style=\"color: #993366;\"><a style=\"color: #993366;\" href=\"https:\/\/sxflightcase.com\/da\/product-category\/all-product\/power-distribution-boxes\/\">str\u00f8mbokse<\/a>,\u00a0<a style=\"color: #993366;\" href=\"https:\/\/sxflightcase.com\/da\/product-category\/all-product\/hoist-controllers\/\">str\u00f8mkabler<\/a>,\u00a0<a style=\"color: #993366;\" href=\"https:\/\/sxflightcase.com\/da\/product-category\/all-product\/hoist-controllers\/\">hejseregulatorer<\/a>,\u00a0<a style=\"color: #993366;\" href=\"https:\/\/sxflightcase.com\/da\/product-category\/all-product\/flight-case\/\">flyvekasser.<\/a><\/span><\/p>","protected":false},"excerpt":{"rendered":"<h2 class=\"prodetails-name\">19 tommer rackmonteret kabinet<\/h2>\n<p>Vi blev grundlagt i 2001 og har specialiseret os i at fremstille alle former for 19 tommer rackmonterede skabe med et v\u00e6rkstedsareal p\u00e5 over 20,00 kvadratmeter. Normalt fremstiller vi fra 2u til 20u, men vi fremstiller ogs\u00e5 forskellige st\u00f8rrelser afh\u00e6ngigt af dit behov.<\/p>\n<h2><strong>Produktionsintroduktion<\/strong><\/h2>\n<p>Den indvendige bredde p\u00e5 19 tommer rackmonterede kabinetter er standard 19\". Stativets dybde (til bagl\u00e5get) er 20,25\". L\u00e5gdybde: 3,75\", 4 fjederbelastede h\u00e5ndtag, 8 fors\u00e6nkede drejel\u00e5se med h\u00e6ngel\u00e5sindsatser. Shengxiang-serien af rackskabe f\u00e5s ogs\u00e5 i 2U, 4U, 6U, 8U, 10U, 12U, 14U og 16U rackskabe.<\/p>","protected":false},"featured_media":1633,"comment_status":"open","ping_status":"closed","template":"","meta":[],"product_brand":[],"product_cat":[35],"product_tag":[50],"class_list":{"0":"post-1632","1":"product","2":"type-product","3":"status-publish","4":"has-post-thumbnail","6":"product_cat-standard-rack-cases","7":"product_tag-mp","9":"first","10":"instock","11":"shipping-taxable","12":"product-type-simple"},"yoast_head":"<!-- This site is optimized with the Yoast SEO Premium plugin v27.1 (Yoast SEO v27.2) - https:\/\/yoast.com\/product\/yoast-seo-premium-wordpress\/ -->\n<title>MP 19 Inch Rack Mount Enclosure - https:\/\/sxflightcase.com \ud83d\udc97<\/title>\n<meta name=\"description\" content=\"19 Inch Rack Mount Enclosure: Explore our factory-direct options for professional customization, ensuring optimal organization and protection of your equipment.\" \/>\n<meta name=\"robots\" content=\"index, follow, max-snippet:-1, max-image-preview:large, max-video-preview:-1\" \/>\n<link rel=\"canonical\" href=\"https:\/\/sxflightcase.com\/da\/\u0645\u0646\u062a\u062c\/\u0636\u0645\u064a\u0645\u0629-\u0645\u062b\u0628\u062a\u0629-\u0639\u0644\u0649-\u062d\u0627\u0645\u0644-19-\u0628\u0648\u0635\u0629-2\/\" \/>\n<meta property=\"og:locale\" content=\"da_DK\" \/>\n<meta property=\"og:type\" content=\"article\" \/>\n<meta property=\"og:title\" content=\"MP 19 Inch Rack Mount Enclosure\" \/>\n<meta property=\"og:description\" content=\"19 Inch Rack Mount Enclosure: Explore our factory-direct options for professional customization, ensuring optimal organization and protection of your equipment.\" \/>\n<meta property=\"og:url\" content=\"https:\/\/sxflightcase.com\/da\/\u0645\u0646\u062a\u062c\/\u0636\u0645\u064a\u0645\u0629-\u0645\u062b\u0628\u062a\u0629-\u0639\u0644\u0649-\u062d\u0627\u0645\u0644-19-\u0628\u0648\u0635\u0629-2\/\" \/>\n<meta property=\"og:site_name\" content=\"https:\/\/sxflightcase.com\" \/>\n<meta property=\"article:publisher\" content=\"https:\/\/www.facebook.com\/profile.php?id=61560407257971\" \/>\n<meta property=\"article:modified_time\" content=\"2024-06-26T09:14:35+00:00\" \/>\n<meta property=\"og:image\" content=\"https:\/\/sxflightcase.com\/wp-content\/uploads\/2024\/05\/19-inch-rack-mount-enclosure58212769315.webp\" \/>\n\t<meta property=\"og:image:width\" content=\"750\" \/>\n\t<meta property=\"og:image:height\" content=\"750\" \/>\n\t<meta property=\"og:image:type\" content=\"image\/webp\" \/>\n<meta name=\"twitter:card\" content=\"summary_large_image\" \/>\n<meta name=\"twitter:label1\" content=\"Estimeret l\u00e6setid\" \/>\n\t<meta name=\"twitter:data1\" content=\"4 minutter\" \/>\n<script type=\"application\/ld+json\" class=\"yoast-schema-graph\">{\"@context\":\"https:\/\/schema.org\",\"@graph\":[{\"@type\":\"WebPage\",\"@id\":\"https:\/\/sxflightcase.com\/ary\/\u0645\u0646\u062a\u062c\/\u0636\u0645\u064a\u0645\u0629-\u0645\u062b\u0628\u062a\u0629-\u0639\u0644\u0649-\u062d\u0627\u0645\u0644-19-\u0628\u0648\u0635\u0629-2\/\",\"url\":\"https:\/\/sxflightcase.com\/ary\/\u0645\u0646\u062a\u062c\/\u0636\u0645\u064a\u0645\u0629-\u0645\u062b\u0628\u062a\u0629-\u0639\u0644\u0649-\u062d\u0627\u0645\u0644-19-\u0628\u0648\u0635\u0629-2\/\",\"name\":\"MP 19 Inch Rack Mount Enclosure - https:\/\/sxflightcase.com \ud83d\udc97\",\"isPartOf\":{\"@id\":\"https:\/\/sxflightcase.com\/th\/#website\"},\"primaryImageOfPage\":{\"@id\":\"https:\/\/sxflightcase.com\/ary\/\u0645\u0646\u062a\u062c\/\u0636\u0645\u064a\u0645\u0629-\u0645\u062b\u0628\u062a\u0629-\u0639\u0644\u0649-\u062d\u0627\u0645\u0644-19-\u0628\u0648\u0635\u0629-2\/#primaryimage\"},\"image\":{\"@id\":\"https:\/\/sxflightcase.com\/ary\/\u0645\u0646\u062a\u062c\/\u0636\u0645\u064a\u0645\u0629-\u0645\u062b\u0628\u062a\u0629-\u0639\u0644\u0649-\u062d\u0627\u0645\u0644-19-\u0628\u0648\u0635\u0629-2\/#primaryimage\"},\"thumbnailUrl\":\"https:\/\/sxflightcase.com\/wp-content\/uploads\/2024\/05\/19-inch-rack-mount-enclosure58212769315.webp\",\"datePublished\":\"2024-05-10T02:09:46+00:00\",\"dateModified\":\"2024-06-26T09:14:35+00:00\",\"description\":\"19 Inch Rack Mount Enclosure: Explore our factory-direct options for professional customization, ensuring optimal organization and protection of your equipment.\",\"breadcrumb\":{\"@id\":\"https:\/\/sxflightcase.com\/ary\/\u0645\u0646\u062a\u062c\/\u0636\u0645\u064a\u0645\u0629-\u0645\u062b\u0628\u062a\u0629-\u0639\u0644\u0649-\u062d\u0627\u0645\u0644-19-\u0628\u0648\u0635\u0629-2\/#breadcrumb\"},\"inLanguage\":\"da-DK\",\"potentialAction\":[{\"@type\":\"ReadAction\",\"target\":[\"https:\/\/sxflightcase.com\/ary\/\u0645\u0646\u062a\u062c\/\u0636\u0645\u064a\u0645\u0629-\u0645\u062b\u0628\u062a\u0629-\u0639\u0644\u0649-\u062d\u0627\u0645\u0644-19-\u0628\u0648\u0635\u0629-2\/\"]}]},{\"@type\":\"ImageObject\",\"inLanguage\":\"da-DK\",\"@id\":\"https:\/\/sxflightcase.com\/ary\/\u0645\u0646\u062a\u062c\/\u0636\u0645\u064a\u0645\u0629-\u0645\u062b\u0628\u062a\u0629-\u0639\u0644\u0649-\u062d\u0627\u0645\u0644-19-\u0628\u0648\u0635\u0629-2\/#primaryimage\",\"url\":\"https:\/\/sxflightcase.com\/wp-content\/uploads\/2024\/05\/19-inch-rack-mount-enclosure58212769315.webp\",\"contentUrl\":\"https:\/\/sxflightcase.com\/wp-content\/uploads\/2024\/05\/19-inch-rack-mount-enclosure58212769315.webp\",\"width\":750,\"height\":750,\"caption\":\"19 Inch Rack Mount Enclosure\"},{\"@type\":\"BreadcrumbList\",\"@id\":\"https:\/\/sxflightcase.com\/ary\/\u0645\u0646\u062a\u062c\/\u0636\u0645\u064a\u0645\u0629-\u0645\u062b\u0628\u062a\u0629-\u0639\u0644\u0649-\u062d\u0627\u0645\u0644-19-\u0628\u0648\u0635\u0629-2\/#breadcrumb\",\"itemListElement\":[{\"@type\":\"ListItem\",\"position\":1,\"name\":\"Home\",\"item\":\"https:\/\/sxflightcase.com\/\"},{\"@type\":\"ListItem\",\"position\":2,\"name\":\"\u0e2a\u0e34\u0e19\u0e04\u0e49\u0e32\",\"item\":\"https:\/\/sxflightcase.com\/th\/shop\/\"},{\"@type\":\"ListItem\",\"position\":3,\"name\":\"MP 19 Inch Rack Mount Enclosure\"}]},{\"@type\":\"WebSite\",\"@id\":\"https:\/\/sxflightcase.com\/th\/#website\",\"url\":\"https:\/\/sxflightcase.com\/th\/\",\"name\":\"sxpowercase.com\",\"description\":\"Flight Case Factory\",\"publisher\":{\"@id\":\"https:\/\/sxflightcase.com\/th\/#organization\"},\"potentialAction\":[{\"@type\":\"SearchAction\",\"target\":{\"@type\":\"EntryPoint\",\"urlTemplate\":\"https:\/\/sxflightcase.com\/th\/?s={search_term_string}\"},\"query-input\":{\"@type\":\"PropertyValueSpecification\",\"valueRequired\":true,\"valueName\":\"search_term_string\"}}],\"inLanguage\":\"da-DK\"},{\"@type\":\"Organization\",\"@id\":\"https:\/\/sxflightcase.com\/th\/#organization\",\"name\":\"sxpowercase.com\",\"url\":\"https:\/\/sxflightcase.com\/th\/\",\"logo\":{\"@type\":\"ImageObject\",\"inLanguage\":\"da-DK\",\"@id\":\"https:\/\/sxflightcase.com\/th\/#\/schema\/logo\/image\/\",\"url\":\"https:\/\/sxflightcase.com\/wp-content\/uploads\/2024\/04\/1713919036007.jpg\",\"contentUrl\":\"https:\/\/sxflightcase.com\/wp-content\/uploads\/2024\/04\/1713919036007.jpg\",\"width\":382,\"height\":388,\"caption\":\"sxpowercase.com\"},\"image\":{\"@id\":\"https:\/\/sxflightcase.com\/th\/#\/schema\/logo\/image\/\"},\"sameAs\":[\"https:\/\/www.facebook.com\/profile.php?id=61560407257971\"],\"numberOfEmployees\":{\"@type\":\"QuantitativeValue\",\"minValue\":\"11\",\"maxValue\":\"50\"}}]}<\/script>\n<!-- \/ Yoast SEO Premium plugin. -->","yoast_head_json":{"title":"MP 19 Inch Rack Mount Enclosure - https:\/\/sxflightcase.com \ud83d\udc97","description":"19 tommer rackmonteret kabinet: Udforsk vores fabriksn\u00e6re muligheder for professionel tilpasning, der sikrer optimal organisering og beskyttelse af dit udstyr.","robots":{"index":"index","follow":"follow","max-snippet":"max-snippet:-1","max-image-preview":"max-image-preview:large","max-video-preview":"max-video-preview:-1"},"canonical":"https:\/\/sxflightcase.com\/da\/\u0645\u0646\u062a\u062c\/\u0636\u0645\u064a\u0645\u0629-\u0645\u062b\u0628\u062a\u0629-\u0639\u0644\u0649-\u062d\u0627\u0645\u0644-19-\u0628\u0648\u0635\u0629-2\/","og_locale":"da_DK","og_type":"article","og_title":"MP 19 Inch Rack Mount Enclosure","og_description":"19 Inch Rack Mount Enclosure: Explore our factory-direct options for professional customization, ensuring optimal organization and protection of your equipment.","og_url":"https:\/\/sxflightcase.com\/da\/\u0645\u0646\u062a\u062c\/\u0636\u0645\u064a\u0645\u0629-\u0645\u062b\u0628\u062a\u0629-\u0639\u0644\u0649-\u062d\u0627\u0645\u0644-19-\u0628\u0648\u0635\u0629-2\/","og_site_name":"https:\/\/sxflightcase.com","article_publisher":"https:\/\/www.facebook.com\/profile.php?id=61560407257971","article_modified_time":"2024-06-26T09:14:35+00:00","og_image":[{"width":750,"height":750,"url":"https:\/\/sxflightcase.com\/wp-content\/uploads\/2024\/05\/19-inch-rack-mount-enclosure58212769315.webp","type":"image\/webp"}],"twitter_card":"summary_large_image","twitter_misc":{"Estimeret l\u00e6setid":"4 minutter"},"schema":{"@context":"https:\/\/schema.org","@graph":[{"@type":"WebPage","@id":"https:\/\/sxflightcase.com\/ary\/\u0645\u0646\u062a\u062c\/\u0636\u0645\u064a\u0645\u0629-\u0645\u062b\u0628\u062a\u0629-\u0639\u0644\u0649-\u062d\u0627\u0645\u0644-19-\u0628\u0648\u0635\u0629-2\/","url":"https:\/\/sxflightcase.com\/ary\/\u0645\u0646\u062a\u062c\/\u0636\u0645\u064a\u0645\u0629-\u0645\u062b\u0628\u062a\u0629-\u0639\u0644\u0649-\u062d\u0627\u0645\u0644-19-\u0628\u0648\u0635\u0629-2\/","name":"MP 19 Inch Rack Mount Enclosure - https:\/\/sxflightcase.com \ud83d\udc97","isPartOf":{"@id":"https:\/\/sxflightcase.com\/th\/#website"},"primaryImageOfPage":{"@id":"https:\/\/sxflightcase.com\/ary\/\u0645\u0646\u062a\u062c\/\u0636\u0645\u064a\u0645\u0629-\u0645\u062b\u0628\u062a\u0629-\u0639\u0644\u0649-\u062d\u0627\u0645\u0644-19-\u0628\u0648\u0635\u0629-2\/#primaryimage"},"image":{"@id":"https:\/\/sxflightcase.com\/ary\/\u0645\u0646\u062a\u062c\/\u0636\u0645\u064a\u0645\u0629-\u0645\u062b\u0628\u062a\u0629-\u0639\u0644\u0649-\u062d\u0627\u0645\u0644-19-\u0628\u0648\u0635\u0629-2\/#primaryimage"},"thumbnailUrl":"https:\/\/sxflightcase.com\/wp-content\/uploads\/2024\/05\/19-inch-rack-mount-enclosure58212769315.webp","datePublished":"2024-05-10T02:09:46+00:00","dateModified":"2024-06-26T09:14:35+00:00","description":"19 tommer rackmonteret kabinet: Udforsk vores fabriksn\u00e6re muligheder for professionel tilpasning, der sikrer optimal organisering og beskyttelse af dit udstyr.","breadcrumb":{"@id":"https:\/\/sxflightcase.com\/ary\/\u0645\u0646\u062a\u062c\/\u0636\u0645\u064a\u0645\u0629-\u0645\u062b\u0628\u062a\u0629-\u0639\u0644\u0649-\u062d\u0627\u0645\u0644-19-\u0628\u0648\u0635\u0629-2\/#breadcrumb"},"inLanguage":"da-DK","potentialAction":[{"@type":"ReadAction","target":["https:\/\/sxflightcase.com\/ary\/\u0645\u0646\u062a\u062c\/\u0636\u0645\u064a\u0645\u0629-\u0645\u062b\u0628\u062a\u0629-\u0639\u0644\u0649-\u062d\u0627\u0645\u0644-19-\u0628\u0648\u0635\u0629-2\/"]}]},{"@type":"ImageObject","inLanguage":"da-DK","@id":"https:\/\/sxflightcase.com\/ary\/\u0645\u0646\u062a\u062c\/\u0636\u0645\u064a\u0645\u0629-\u0645\u062b\u0628\u062a\u0629-\u0639\u0644\u0649-\u062d\u0627\u0645\u0644-19-\u0628\u0648\u0635\u0629-2\/#primaryimage","url":"https:\/\/sxflightcase.com\/wp-content\/uploads\/2024\/05\/19-inch-rack-mount-enclosure58212769315.webp","contentUrl":"https:\/\/sxflightcase.com\/wp-content\/uploads\/2024\/05\/19-inch-rack-mount-enclosure58212769315.webp","width":750,"height":750,"caption":"19 Inch Rack Mount Enclosure"},{"@type":"BreadcrumbList","@id":"https:\/\/sxflightcase.com\/ary\/\u0645\u0646\u062a\u062c\/\u0636\u0645\u064a\u0645\u0629-\u0645\u062b\u0628\u062a\u0629-\u0639\u0644\u0649-\u062d\u0627\u0645\u0644-19-\u0628\u0648\u0635\u0629-2\/#breadcrumb","itemListElement":[{"@type":"ListItem","position":1,"name":"Home","item":"https:\/\/sxflightcase.com\/"},{"@type":"ListItem","position":2,"name":"\u0e2a\u0e34\u0e19\u0e04\u0e49\u0e32","item":"https:\/\/sxflightcase.com\/th\/shop\/"},{"@type":"ListItem","position":3,"name":"MP 19 Inch Rack Mount Enclosure"}]},{"@type":"WebSite","@id":"https:\/\/sxflightcase.com\/th\/#website","url":"https:\/\/sxflightcase.com\/th\/","name":"sxpowercase.com","description":"Flight Case Factory","publisher":{"@id":"https:\/\/sxflightcase.com\/th\/#organization"},"potentialAction":[{"@type":"SearchAction","target":{"@type":"EntryPoint","urlTemplate":"https:\/\/sxflightcase.com\/th\/?s={search_term_string}"},"query-input":{"@type":"PropertyValueSpecification","valueRequired":true,"valueName":"search_term_string"}}],"inLanguage":"da-DK"},{"@type":"Organization","@id":"https:\/\/sxflightcase.com\/th\/#organization","name":"sxpowercase.com","url":"https:\/\/sxflightcase.com\/th\/","logo":{"@type":"ImageObject","inLanguage":"da-DK","@id":"https:\/\/sxflightcase.com\/th\/#\/schema\/logo\/image\/","url":"https:\/\/sxflightcase.com\/wp-content\/uploads\/2024\/04\/1713919036007.jpg","contentUrl":"https:\/\/sxflightcase.com\/wp-content\/uploads\/2024\/04\/1713919036007.jpg","width":382,"height":388,"caption":"sxpowercase.com"},"image":{"@id":"https:\/\/sxflightcase.com\/th\/#\/schema\/logo\/image\/"},"sameAs":["https:\/\/www.facebook.com\/profile.php?id=61560407257971"],"numberOfEmployees":{"@type":"QuantitativeValue","minValue":"11","maxValue":"50"}}]}},"_links":{"self":[{"href":"https:\/\/sxflightcase.com\/da\/wp-json\/wp\/v2\/product\/1632","targetHints":{"allow":["GET"]}}],"collection":[{"href":"https:\/\/sxflightcase.com\/da\/wp-json\/wp\/v2\/product"}],"about":[{"href":"https:\/\/sxflightcase.com\/da\/wp-json\/wp\/v2\/types\/product"}],"replies":[{"embeddable":true,"href":"https:\/\/sxflightcase.com\/da\/wp-json\/wp\/v2\/comments?post=1632"}],"version-history":[{"count":0,"href":"https:\/\/sxflightcase.com\/da\/wp-json\/wp\/v2\/product\/1632\/revisions"}],"wp:featuredmedia":[{"embeddable":true,"href":"https:\/\/sxflightcase.com\/da\/wp-json\/wp\/v2\/media\/1633"}],"wp:attachment":[{"href":"https:\/\/sxflightcase.com\/da\/wp-json\/wp\/v2\/media?parent=1632"}],"wp:term":[{"taxonomy":"product_brand","embeddable":true,"href":"https:\/\/sxflightcase.com\/da\/wp-json\/wp\/v2\/product_brand?post=1632"},{"taxonomy":"product_cat","embeddable":true,"href":"https:\/\/sxflightcase.com\/da\/wp-json\/wp\/v2\/product_cat?post=1632"},{"taxonomy":"product_tag","embeddable":true,"href":"https:\/\/sxflightcase.com\/da\/wp-json\/wp\/v2\/product_tag?post=1632"}],"curies":[{"name":"wp","href":"https:\/\/api.w.org\/{rel}","templated":true}]}}