{"id":1647,"date":"2024-05-10T03:27:58","date_gmt":"2024-05-10T02:27:58","guid":{"rendered":"https:\/\/sxpowercase.com\/?post_type=product&#038;p=1647"},"modified":"2024-07-16T03:17:47","modified_gmt":"2024-07-16T02:17:47","slug":"6u-rack-flight-case","status":"publish","type":"product","link":"https:\/\/sxflightcase.com\/da\/vare\/6u-rack-flight-case\/","title":{"rendered":"MC 6u Rack Flight Case"},"content":{"rendered":"<h3><strong>Produktparameter (specifikation)<\/strong><\/h3>\n<section class=\"table-wrap\">\n<table class=\"table\" width=\"100%\" cellspacing=\"0\" cellpadding=\"0\">\n<tbody>\n<tr class=\"firstRow\">\n<td width=\"134\">Produktnavn:<\/td>\n<td width=\"503\">6u rack flight case<\/td>\n<\/tr>\n<tr>\n<td width=\"134\">Materiale<\/td>\n<td width=\"503\">Aluminiumsramme+ Brandsikker +9mm Krydsfiner<\/td>\n<\/tr>\n<tr>\n<td width=\"134\">Indenfor<\/td>\n<td width=\"503\">H\u00f8jdensitet st\u00f8dsikkert skum<\/td>\n<\/tr>\n<tr>\n<td width=\"134\">St\u00f8rrelse<\/td>\n<td width=\"503\">Kan tilpasses<\/td>\n<\/tr>\n<tr>\n<td width=\"134\">Tilbeh\u00f8r<\/td>\n<td width=\"503\">Otte sommerfuglel\u00e5se, fire hjul til nem transport, fire st\u00e6rke h\u00e5ndtag<\/td>\n<\/tr>\n<tr>\n<td width=\"134\">Skik<\/td>\n<td width=\"503\">Alle former for tilpasning er velkomne, s\u00e5som aluminiumskasses materiale, dimension, indre fyldninger, h\u00e5ndtag, l\u00e5se og s\u00e5 videre.<\/td>\n<\/tr>\n<\/tbody>\n<\/table>\n<\/section>\n<h3>Oplev den ultimative beskyttelse med SX's 6u Rack Flight Case<\/h3>\n<h4>Uovertruffen holdbarhed og sikkerhed<\/h4>\n<p>N\u00e5r det drejer sig om at beskytte dit v\u00e6rdifulde udstyr, er 6u Rack Flight Case fra <a title=\"SX\" href=\"https:\/\/sxpowercase.com\/\" target=\"_blank\" rel=\"noopener\" data-wpil-monitor-id=\"488\">SX<\/a> skiller sig ud som et f\u00f8rsteklasses valg. Designet med robuste materialer og overlegent h\u00e5ndv\u00e6rk sikrer denne kasse, at dit udstyr forbliver sikkert under transport. Uanset om du er p\u00e5 farten eller opbevarer dit udstyr, giver 6u Rack Flight Case den ultimative beskyttelse mod st\u00f8d, fald og vind og vejr.<\/p>\n<h4>Direkte fra vores fabrik til dig<\/h4>\n<p>Hos SX prioriterer vi at tilbyde enest\u00e5ende v\u00e6rdi gennem vores direkte salgsmodel fra fabrikken. Ved at eliminere mellemm\u00e6nd giver vi dig 6u Rack Flight Case til de mest konkurrencedygtige priser. Denne tilgang sikrer ikke kun omkostningsbesparelser, men giver os ogs\u00e5 mulighed for at opretholde strenge standarder for kvalitetskontrol. Forbedr dine forretningsaktiviteter med en p\u00e5lidelig flightcase af h\u00f8j kvalitet, der ikke koster en formue.<\/p>\n<h4>Skr\u00e6ddersyede l\u00f8sninger til dine behov<\/h4>\n<p>Vi forst\u00e5r, at alle virksomheder har unikke krav. Derfor tilbyder SX omfattende tilpasningsmuligheder for vores 6u Rack Flight Case. Brug for specifikke dimensioner? Yderligere rum? Personlig branding? Vi kan hj\u00e6lpe dig. Vores dedikerede team arbejder t\u00e6t sammen med dig om at designe en flightcase, der passer perfekt til dine behov, og som sikrer optimal funktionalitet og beskyttelse af dit udstyr.<\/p>\n<hr \/>\n<h4>L\u00f8ft din virksomhed med SX<\/h4>\n<p>At v\u00e6lge SX betyder at investere i p\u00e5lidelighed, holdbarhed og skr\u00e6ddersyede l\u00f8sninger. Vores 6u Rack Flight Case er ikke bare en opbevaringsl\u00f8sning - det er en forpligtelse til at beskytte dit udstyr med de h\u00f8jeste kvalitetsstandarder. Ved at udnytte vores model for direkte salg fra fabrikken f\u00e5r du gavn af omkostningseffektive produkter af h\u00f8j kvalitet, der underst\u00f8tter din virksomheds v\u00e6kst. Stol p\u00e5, at SX leverer skr\u00e6ddersyede, h\u00f8jtydende flightcases, der holder dit udstyr sikkert og dine aktiviteter k\u00f8rende.<\/p>\n<p><strong>FAQ<\/strong><\/p>\n<p>Q: Hvad er din MOQ?<\/p>\n<p>A: Hvis vi har produkterne p\u00e5 lager, vil det ikke v\u00e6re nogen MOQ. Hvis vi skal producere, kan vi diskutere MOQ i henhold til kundens n\u00f8jagtige situation.<\/p>\n<p>Q: Hvad er din forsendelsesservice?<\/p>\n<p>A: Vi kan levere tjenester til skibsbestilling, varekonsolidering, tolddeklaration, klarg\u00f8ring af forsendelsesdokumenter og levering af bulk i forsendelseshavnen.<\/p>\n<p>Q: M\u00e5 jeg vide, hvad der er den n\u00e6rmeste havn fra din virksomhed? I tilf\u00e6lde af at jeg bes\u00f8ger din virksomhed.<\/p>\n<p>A: F\u00f8rst Huangpu havn, derefter Shenzhen eller Nansha havn, velkommen til at bes\u00f8ge os.<\/p>\n<p><strong>Kvalitetskontrol<\/strong><\/p>\n<p>Vi har QC person ophold p\u00e5 produktionslinjerne g\u00f8re til inspektionen. Alle produkter skal v\u00e6re blevet inspiceret f\u00f8r levering. Vi laver inline-inspektion og slutinspektion.<\/p>\n<p>1. Alle r\u00e5varer kontrolleres, n\u00e5r de ankommer til vores fabrik.<\/p>\n<p>2.Alle stykker og logo og alle detaljer kontrolleres under produktionen.<\/p>\n<p>3.Alle pakningsdetaljer kontrolleret under produktionen.<\/p>\n<p>4.Al produktionskvalitet og pakning kontrolleres ved den endelige inspektion efter f\u00e6rdig.<\/p>\n<p>Hot Tags: Lav pris, p\u00e5 lager, gratis pr\u00f8ve, str\u00f8m- og signalkabel, 16 Gauge 4 ledertr\u00e5d, mikrofonstativ, udend\u00f8rs LED-displaykabinet, rackmontering, 19\u201d rackmonterede mixer-flyvekasser\uff0celektrisk distroboks, Kina, leverand\u00f8rer, fabrik, tilpasset, engros, <span style=\"color: #993366;\"><a style=\"color: #993366;\" href=\"https:\/\/sxflightcase.com\/da\/product-category\/all-product\/power-distribution-boxes\/\">str\u00f8mbokse<\/a>,\u00a0<a style=\"color: #993366;\" href=\"https:\/\/sxflightcase.com\/da\/product-category\/all-product\/hoist-controllers\/\">str\u00f8mkabler<\/a>,\u00a0<a style=\"color: #993366;\" href=\"https:\/\/sxflightcase.com\/da\/product-category\/all-product\/hoist-controllers\/\">hejseregulatorer<\/a>,\u00a0<a style=\"color: #993366;\" href=\"https:\/\/sxflightcase.com\/da\/product-category\/all-product\/flight-case\/\">flyvekasser.<\/a><\/span><\/p>","protected":false},"excerpt":{"rendered":"<h2 class=\"prodetails-name\">6u Rack Flight Case<\/h2>\n<p>Vi blev grundlagt i 2001 og har specialiseret os i at fremstille alle former for rackmonterede flightcases med et v\u00e6rkstedsareal p\u00e5 over 20,00 kvadratmeter. Normalt laver vi rack flight case fra 2u til 20u, men vi laver ogs\u00e5 forskellige st\u00f8rrelser afh\u00e6ngigt af dit behov.<\/p>\n<h2><strong>Produktionsintroduktion<\/strong><\/h2>\n<p>Den indvendige 6u rack flightcase er fuldt foret 1\/4 tomme med slagfaste skumpuder for at sikre ekstra sikkerhed og giver dig ro i sindet, n\u00e5r dit udstyr transporteres, velvidende at dit udstyr kommer frem i \u00e9t stykke. Toppen holdes lukket med 3 fors\u00e6nkede sommerfuglel\u00e5se og er h\u00e6ngslet p\u00e5 bagsiden med to l\u00e5gstoppere til stop inde i kabinettet.<\/p>","protected":false},"featured_media":1648,"comment_status":"open","ping_status":"closed","template":"","meta":[],"product_brand":[],"product_cat":[35],"product_tag":[49],"class_list":{"0":"post-1647","1":"product","2":"type-product","3":"status-publish","4":"has-post-thumbnail","6":"product_cat-standard-rack-cases","7":"product_tag-mc","9":"first","10":"instock","11":"shipping-taxable","12":"product-type-simple"},"yoast_head":"<!-- This site is optimized with the Yoast SEO Premium plugin v27.1 (Yoast SEO v27.2) - https:\/\/yoast.com\/product\/yoast-seo-premium-wordpress\/ -->\n<title>MC 6u Rack Flight Case - https:\/\/sxflightcase.com \ud83d\udc97<\/title>\n<meta name=\"description\" content=\"6u Rack Flight Case: Explore our factory-direct options for professional customization, ensuring optimal organization and protection of your equipment.\" \/>\n<meta name=\"robots\" content=\"index, follow, max-snippet:-1, max-image-preview:large, max-video-preview:-1\" \/>\n<link rel=\"canonical\" href=\"https:\/\/sxflightcase.com\/da\/vare\/6u-rack-flight-case\/\" \/>\n<meta property=\"og:locale\" content=\"da_DK\" \/>\n<meta property=\"og:type\" content=\"article\" \/>\n<meta property=\"og:title\" content=\"MC 6u Rack Flight Case\" \/>\n<meta property=\"og:description\" content=\"6u Rack Flight Case: Explore our factory-direct options for professional customization, ensuring optimal organization and protection of your equipment.\" \/>\n<meta property=\"og:url\" content=\"https:\/\/sxflightcase.com\/da\/vare\/6u-rack-flight-case\/\" \/>\n<meta property=\"og:site_name\" content=\"https:\/\/sxflightcase.com\" \/>\n<meta property=\"article:publisher\" content=\"https:\/\/www.facebook.com\/profile.php?id=61560407257971\" \/>\n<meta property=\"article:modified_time\" content=\"2024-07-16T02:17:47+00:00\" \/>\n<meta property=\"og:image\" content=\"https:\/\/sxflightcase.com\/wp-content\/uploads\/2024\/05\/6u-rack-flight-case51081758129.webp\" \/>\n\t<meta property=\"og:image:width\" content=\"750\" \/>\n\t<meta property=\"og:image:height\" content=\"750\" \/>\n\t<meta property=\"og:image:type\" content=\"image\/webp\" \/>\n<meta name=\"twitter:card\" content=\"summary_large_image\" \/>\n<meta name=\"twitter:label1\" content=\"Estimeret l\u00e6setid\" \/>\n\t<meta name=\"twitter:data1\" content=\"4 minutter\" \/>\n<script type=\"application\/ld+json\" class=\"yoast-schema-graph\">{\"@context\":\"https:\/\/schema.org\",\"@graph\":[{\"@type\":\"WebPage\",\"@id\":\"https:\/\/sxflightcase.com\/da\/produkt\/6u-rack-flight-case\/\",\"url\":\"https:\/\/sxflightcase.com\/da\/produkt\/6u-rack-flight-case\/\",\"name\":\"MC 6u Rack Flight Case - https:\/\/sxflightcase.com \ud83d\udc97\",\"isPartOf\":{\"@id\":\"https:\/\/sxflightcase.com\/th\/#website\"},\"primaryImageOfPage\":{\"@id\":\"https:\/\/sxflightcase.com\/da\/produkt\/6u-rack-flight-case\/#primaryimage\"},\"image\":{\"@id\":\"https:\/\/sxflightcase.com\/da\/produkt\/6u-rack-flight-case\/#primaryimage\"},\"thumbnailUrl\":\"https:\/\/sxflightcase.com\/wp-content\/uploads\/2024\/05\/6u-rack-flight-case51081758129.webp\",\"datePublished\":\"2024-05-10T02:27:58+00:00\",\"dateModified\":\"2024-07-16T02:17:47+00:00\",\"description\":\"6u Rack Flight Case: Explore our factory-direct options for professional customization, ensuring optimal organization and protection of your equipment.\",\"breadcrumb\":{\"@id\":\"https:\/\/sxflightcase.com\/da\/produkt\/6u-rack-flight-case\/#breadcrumb\"},\"inLanguage\":\"da-DK\",\"potentialAction\":[{\"@type\":\"ReadAction\",\"target\":[\"https:\/\/sxflightcase.com\/da\/produkt\/6u-rack-flight-case\/\"]}]},{\"@type\":\"ImageObject\",\"inLanguage\":\"da-DK\",\"@id\":\"https:\/\/sxflightcase.com\/da\/produkt\/6u-rack-flight-case\/#primaryimage\",\"url\":\"https:\/\/sxflightcase.com\/wp-content\/uploads\/2024\/05\/6u-rack-flight-case51081758129.webp\",\"contentUrl\":\"https:\/\/sxflightcase.com\/wp-content\/uploads\/2024\/05\/6u-rack-flight-case51081758129.webp\",\"width\":750,\"height\":750,\"caption\":\"6u Rack Flight Case\"},{\"@type\":\"BreadcrumbList\",\"@id\":\"https:\/\/sxflightcase.com\/da\/produkt\/6u-rack-flight-case\/#breadcrumb\",\"itemListElement\":[{\"@type\":\"ListItem\",\"position\":1,\"name\":\"Home\",\"item\":\"https:\/\/sxflightcase.com\/\"},{\"@type\":\"ListItem\",\"position\":2,\"name\":\"\u0e2a\u0e34\u0e19\u0e04\u0e49\u0e32\",\"item\":\"https:\/\/sxflightcase.com\/th\/shop\/\"},{\"@type\":\"ListItem\",\"position\":3,\"name\":\"MC 6u Rack Flight Case\"}]},{\"@type\":\"WebSite\",\"@id\":\"https:\/\/sxflightcase.com\/th\/#website\",\"url\":\"https:\/\/sxflightcase.com\/th\/\",\"name\":\"sxpowercase.com\",\"description\":\"Flight Case Factory\",\"publisher\":{\"@id\":\"https:\/\/sxflightcase.com\/th\/#organization\"},\"potentialAction\":[{\"@type\":\"SearchAction\",\"target\":{\"@type\":\"EntryPoint\",\"urlTemplate\":\"https:\/\/sxflightcase.com\/th\/?s={search_term_string}\"},\"query-input\":{\"@type\":\"PropertyValueSpecification\",\"valueRequired\":true,\"valueName\":\"search_term_string\"}}],\"inLanguage\":\"da-DK\"},{\"@type\":\"Organization\",\"@id\":\"https:\/\/sxflightcase.com\/th\/#organization\",\"name\":\"sxpowercase.com\",\"url\":\"https:\/\/sxflightcase.com\/th\/\",\"logo\":{\"@type\":\"ImageObject\",\"inLanguage\":\"da-DK\",\"@id\":\"https:\/\/sxflightcase.com\/th\/#\/schema\/logo\/image\/\",\"url\":\"https:\/\/sxflightcase.com\/wp-content\/uploads\/2024\/04\/1713919036007.jpg\",\"contentUrl\":\"https:\/\/sxflightcase.com\/wp-content\/uploads\/2024\/04\/1713919036007.jpg\",\"width\":382,\"height\":388,\"caption\":\"sxpowercase.com\"},\"image\":{\"@id\":\"https:\/\/sxflightcase.com\/th\/#\/schema\/logo\/image\/\"},\"sameAs\":[\"https:\/\/www.facebook.com\/profile.php?id=61560407257971\"],\"numberOfEmployees\":{\"@type\":\"QuantitativeValue\",\"minValue\":\"11\",\"maxValue\":\"50\"}}]}<\/script>\n<!-- \/ Yoast SEO Premium plugin. -->","yoast_head_json":{"title":"MC 6u Rack Flight Case - https:\/\/sxflightcase.com \ud83d\udc97","description":"6u Rack Flight Case: Udforsk vores fabriksfremstillede muligheder for professionel tilpasning, der sikrer optimal organisering og beskyttelse af dit udstyr.","robots":{"index":"index","follow":"follow","max-snippet":"max-snippet:-1","max-image-preview":"max-image-preview:large","max-video-preview":"max-video-preview:-1"},"canonical":"https:\/\/sxflightcase.com\/da\/vare\/6u-rack-flight-case\/","og_locale":"da_DK","og_type":"article","og_title":"MC 6u Rack Flight Case","og_description":"6u Rack Flight Case: Explore our factory-direct options for professional customization, ensuring optimal organization and protection of your equipment.","og_url":"https:\/\/sxflightcase.com\/da\/vare\/6u-rack-flight-case\/","og_site_name":"https:\/\/sxflightcase.com","article_publisher":"https:\/\/www.facebook.com\/profile.php?id=61560407257971","article_modified_time":"2024-07-16T02:17:47+00:00","og_image":[{"width":750,"height":750,"url":"https:\/\/sxflightcase.com\/wp-content\/uploads\/2024\/05\/6u-rack-flight-case51081758129.webp","type":"image\/webp"}],"twitter_card":"summary_large_image","twitter_misc":{"Estimeret l\u00e6setid":"4 minutter"},"schema":{"@context":"https:\/\/schema.org","@graph":[{"@type":"WebPage","@id":"https:\/\/sxflightcase.com\/da\/produkt\/6u-rack-flight-case\/","url":"https:\/\/sxflightcase.com\/da\/produkt\/6u-rack-flight-case\/","name":"MC 6u Rack Flight Case - https:\/\/sxflightcase.com \ud83d\udc97","isPartOf":{"@id":"https:\/\/sxflightcase.com\/th\/#website"},"primaryImageOfPage":{"@id":"https:\/\/sxflightcase.com\/da\/produkt\/6u-rack-flight-case\/#primaryimage"},"image":{"@id":"https:\/\/sxflightcase.com\/da\/produkt\/6u-rack-flight-case\/#primaryimage"},"thumbnailUrl":"https:\/\/sxflightcase.com\/wp-content\/uploads\/2024\/05\/6u-rack-flight-case51081758129.webp","datePublished":"2024-05-10T02:27:58+00:00","dateModified":"2024-07-16T02:17:47+00:00","description":"6u Rack Flight Case: Udforsk vores fabriksfremstillede muligheder for professionel tilpasning, der sikrer optimal organisering og beskyttelse af dit udstyr.","breadcrumb":{"@id":"https:\/\/sxflightcase.com\/da\/produkt\/6u-rack-flight-case\/#breadcrumb"},"inLanguage":"da-DK","potentialAction":[{"@type":"ReadAction","target":["https:\/\/sxflightcase.com\/da\/produkt\/6u-rack-flight-case\/"]}]},{"@type":"ImageObject","inLanguage":"da-DK","@id":"https:\/\/sxflightcase.com\/da\/produkt\/6u-rack-flight-case\/#primaryimage","url":"https:\/\/sxflightcase.com\/wp-content\/uploads\/2024\/05\/6u-rack-flight-case51081758129.webp","contentUrl":"https:\/\/sxflightcase.com\/wp-content\/uploads\/2024\/05\/6u-rack-flight-case51081758129.webp","width":750,"height":750,"caption":"6u Rack Flight Case"},{"@type":"BreadcrumbList","@id":"https:\/\/sxflightcase.com\/da\/produkt\/6u-rack-flight-case\/#breadcrumb","itemListElement":[{"@type":"ListItem","position":1,"name":"Home","item":"https:\/\/sxflightcase.com\/"},{"@type":"ListItem","position":2,"name":"\u0e2a\u0e34\u0e19\u0e04\u0e49\u0e32","item":"https:\/\/sxflightcase.com\/th\/shop\/"},{"@type":"ListItem","position":3,"name":"MC 6u Rack Flight Case"}]},{"@type":"WebSite","@id":"https:\/\/sxflightcase.com\/th\/#website","url":"https:\/\/sxflightcase.com\/th\/","name":"sxpowercase.com","description":"Flight Case Factory","publisher":{"@id":"https:\/\/sxflightcase.com\/th\/#organization"},"potentialAction":[{"@type":"SearchAction","target":{"@type":"EntryPoint","urlTemplate":"https:\/\/sxflightcase.com\/th\/?s={search_term_string}"},"query-input":{"@type":"PropertyValueSpecification","valueRequired":true,"valueName":"search_term_string"}}],"inLanguage":"da-DK"},{"@type":"Organization","@id":"https:\/\/sxflightcase.com\/th\/#organization","name":"sxpowercase.com","url":"https:\/\/sxflightcase.com\/th\/","logo":{"@type":"ImageObject","inLanguage":"da-DK","@id":"https:\/\/sxflightcase.com\/th\/#\/schema\/logo\/image\/","url":"https:\/\/sxflightcase.com\/wp-content\/uploads\/2024\/04\/1713919036007.jpg","contentUrl":"https:\/\/sxflightcase.com\/wp-content\/uploads\/2024\/04\/1713919036007.jpg","width":382,"height":388,"caption":"sxpowercase.com"},"image":{"@id":"https:\/\/sxflightcase.com\/th\/#\/schema\/logo\/image\/"},"sameAs":["https:\/\/www.facebook.com\/profile.php?id=61560407257971"],"numberOfEmployees":{"@type":"QuantitativeValue","minValue":"11","maxValue":"50"}}]}},"_links":{"self":[{"href":"https:\/\/sxflightcase.com\/da\/wp-json\/wp\/v2\/product\/1647","targetHints":{"allow":["GET"]}}],"collection":[{"href":"https:\/\/sxflightcase.com\/da\/wp-json\/wp\/v2\/product"}],"about":[{"href":"https:\/\/sxflightcase.com\/da\/wp-json\/wp\/v2\/types\/product"}],"replies":[{"embeddable":true,"href":"https:\/\/sxflightcase.com\/da\/wp-json\/wp\/v2\/comments?post=1647"}],"version-history":[{"count":0,"href":"https:\/\/sxflightcase.com\/da\/wp-json\/wp\/v2\/product\/1647\/revisions"}],"wp:featuredmedia":[{"embeddable":true,"href":"https:\/\/sxflightcase.com\/da\/wp-json\/wp\/v2\/media\/1648"}],"wp:attachment":[{"href":"https:\/\/sxflightcase.com\/da\/wp-json\/wp\/v2\/media?parent=1647"}],"wp:term":[{"taxonomy":"product_brand","embeddable":true,"href":"https:\/\/sxflightcase.com\/da\/wp-json\/wp\/v2\/product_brand?post=1647"},{"taxonomy":"product_cat","embeddable":true,"href":"https:\/\/sxflightcase.com\/da\/wp-json\/wp\/v2\/product_cat?post=1647"},{"taxonomy":"product_tag","embeddable":true,"href":"https:\/\/sxflightcase.com\/da\/wp-json\/wp\/v2\/product_tag?post=1647"}],"curies":[{"name":"wp","href":"https:\/\/api.w.org\/{rel}","templated":true}]}}