{"id":1664,"date":"2024-05-10T03:42:43","date_gmt":"2024-05-10T02:42:43","guid":{"rendered":"https:\/\/sxpowercase.com\/?post_type=product&#038;p=1664"},"modified":"2024-06-25T10:07:51","modified_gmt":"2024-06-25T09:07:51","slug":"flight-case-2u","status":"publish","type":"product","link":"https:\/\/sxflightcase.com\/da\/vare\/flight-case-2u-2\/","title":{"rendered":"FC Flight Case 2u"},"content":{"rendered":"<h3><strong>Produktparameter (specifikation)<\/strong><\/h3>\n<section class=\"table-wrap\">\n<table class=\"table\" width=\"100%\" cellspacing=\"0\" cellpadding=\"0\">\n<tbody>\n<tr class=\"firstRow\">\n<td width=\"134\">Produktnavn:<\/td>\n<td width=\"503\">Flight case 2u<\/td>\n<\/tr>\n<tr>\n<td width=\"134\">Materiale og tilbeh\u00f8r:<\/td>\n<td width=\"503\">9 mm krydsfiner + forkromet\/zinkbelagt hardware + aluminiumsekstrudering<br \/>\nAftagelige l\u00e5g foran og bagp\u00e5<\/td>\n<\/tr>\n<tr>\n<td width=\"134\">Skum foring:<\/td>\n<td width=\"503\">Perleskum \/EVA-skum \/ \u00c6ggeskum osv...almindelig eller efter anmodning<\/td>\n<\/tr>\n<tr>\n<td width=\"134\">Farve:<\/td>\n<td width=\"503\">Sort (standardfarve), r\u00f8d, bl\u00e5, orange, gul, gr\u00f8n osv.<\/td>\n<\/tr>\n<tr>\n<td width=\"134\">Leveringstid:<\/td>\n<td width=\"503\">Pr\u00f8vebestilling 3 dage, normal ordre 7-15 dage<\/td>\n<\/tr>\n<tr>\n<td width=\"134\">Dimension:<\/td>\n<td width=\"503\">Afh\u00e6nger af udstyrsdimension<\/td>\n<\/tr>\n<\/tbody>\n<\/table>\n<\/section>\n<h2>SX Flight Case 2U: Kompakt beskyttelse til dit udstyr<\/h2>\n<h3>Kompakt og alligevel beskyttende<\/h3>\n<p><a href=\"https:\/\/sxpowercase.com\/\" target=\"_blank\"  rel=\"noopener\" title=\"SX\"  data-wpil-monitor-id=\"475\">SX<\/a> introducerer Flight Case 2U, der er designet til at give kompakt, men robust beskyttelse af dit v\u00e6rdifulde udstyr. Denne 2U flightcase er ideel til musikere, DJ's og audiovisuelle fagfolk og sikrer, at dit udstyr er sikkert under transport og opbevaring. Den robuste konstruktion og det polstrede indre giver p\u00e5lidelig beskyttelse mod st\u00f8d og slag og beskytter sart elektronik og instrumenter.<\/p>\n<h3>Direkte fra fabrikken Effektivitet<\/h3>\n<p>Hos SX prioriterer vi direkte fabrikssalg for at forbedre forretningseffektiviteten og tilbyde konkurrencedygtige priser. Ved at eliminere mellemm\u00e6nd bevarer vi kontrollen over kvaliteten, samtidig med at vi giver omkostningsbesparelserne videre til dig. Flight Case 2U er et eksempel p\u00e5 vores engagement i at levere flightcases af h\u00f8j kvalitet til overkommelige priser, hvilket sikrer, at du f\u00e5r maksimal v\u00e6rdi uden at g\u00e5 p\u00e5 kompromis med beskyttelsen.<\/p>\n<h3>Tilg\u00e6ngelige tilpasningsmuligheder<\/h3>\n<p>Vi forst\u00e5r, at alle professionelle har unikke krav. Derfor tilbyder SX tilpasningstjenester til Flight Case 2U. Uanset om du har brug for ekstra rum, tilpassede dimensioner eller branding-muligheder, kan vores team skr\u00e6ddersy flightcasen, s\u00e5 den opfylder dine specifikke behov. Forbedr dit professionelle setup med en skr\u00e6ddersyet l\u00f8sning, der afspejler din stil og dine pr\u00e6ferencer for funktionalitet.<\/p>\n<hr \/>\n<h2>Hvorfor v\u00e6lge SX?<\/h2>\n<p>V\u00e6lg SX til Flight Case 2U, og oplev overlegen beskyttelse og tilpasningsmuligheder, der er skr\u00e6ddersyet til dine behov. Vores model for direkte fabrikssalg sikrer gennemsigtighed og omkostningseffektivitet, s\u00e5 du kan investere i en flightcase, der lever op til dine forventninger uden at overskride dit budget. Kontakt SX i dag for at udforske vores flightcase-l\u00f8sninger og forbedre beskyttelsen af dit udstyr under rejser og opbevaring.<\/p>\n<p><strong>FAQ<\/strong><\/p>\n<p>Q: Hvad er jeres betalingsbetingelser?<\/p>\n<p>A: 30% udbetaling f\u00f8r produktion og 70% balance betaling f\u00f8r forsendelse.<\/p>\n<p>Q: Hvilken betalingsform kan du acceptere?<\/p>\n<p>A: T\/T, Western Union osv. Vi accepterer alle praktiske og hurtige betalingsbetingelser.<\/p>\n<p>Q: Hvorn\u00e5r kan jeg f\u00e5 prisen?<\/p>\n<p>A: Normalt giver vi tilbud inden for 8 timer efter, at vi har modtaget din foresp\u00f8rgsel.<\/p>\n<p>Q: Hvad er din MOQ?<\/p>\n<p>A: Hvis vi har produkterne p\u00e5 lager, vil det ikke v\u00e6re nogen MOQ. Hvis vi skal producere, kan vi diskutere MOQ i henhold til kundens n\u00f8jagtige situation.<\/p>\n<p><strong>Vores service<\/strong><\/p>\n<p>1. Mere professionel service inden for eksport af emballerings- og printprodukter<\/p>\n<p>2. Bedre fremstillingsevne<\/p>\n<p>3. Forskellige betalingsbetingelser at v\u00e6lge: T\/T, Western Union<\/p>\n<p>Hot Tags: Lav pris, p\u00e5 lager, gratis pr\u00f8ve, str\u00f8m- og signalkabel, 16 Gauge 4 ledertr\u00e5d, mikrofonstativ, udend\u00f8rs LED-displaykabinet, rackmontering, 19\u201d rackmonterede mixer-flyvekasser\uff0celektrisk distroboks, Kina, leverand\u00f8rer, fabrik, tilpasset, engros, <span style=\"color: #993366;\"><a style=\"color: #993366;\" href=\"https:\/\/sxflightcase.com\/da\/product-category\/all-product\/power-distribution-boxes\/\">str\u00f8mbokse<\/a>,\u00a0<a style=\"color: #993366;\" href=\"https:\/\/sxflightcase.com\/da\/product-category\/all-product\/hoist-controllers\/\">str\u00f8mkabler<\/a>,\u00a0<a style=\"color: #993366;\" href=\"https:\/\/sxflightcase.com\/da\/product-category\/all-product\/hoist-controllers\/\">hejseregulatorer<\/a>,\u00a0<a style=\"color: #993366;\" href=\"https:\/\/sxflightcase.com\/da\/product-category\/all-product\/flight-case\/\">flyvekasser.<\/a><\/span><\/p>","protected":false},"excerpt":{"rendered":"<h2 class=\"prodetails-name\">Flight Case 2u<\/h2>\n<p>Vi leverer flightcase 2u for at tilbyde p\u00e5lidelig beskyttelse af dyre redskaber og udstyr under brug, pakning, opbevaring og transport. Vi har viet os til flight case i mange \u00e5r og d\u00e6kker det meste af det amerikanske og asiatiske marked. Vi forventer at blive din lange teampartner i Kina.<\/p>\n<h2><strong>Produktionsintroduktion<\/strong><\/h2>\n<p>Denne flightcase 2u er designet med materialer af h\u00f8j kvalitet, fremstillet af ABS-plast\/krydsfinerlaminat, skumforing, aluminiumsprofiler og kvalitetshardware. Den bruges til at indl\u00e6se alle former for lyd, processor osv.<\/p>","protected":false},"featured_media":1666,"comment_status":"open","ping_status":"closed","template":"","meta":[],"product_brand":[],"product_cat":[35],"product_tag":[52],"class_list":{"0":"post-1664","1":"product","2":"type-product","3":"status-publish","4":"has-post-thumbnail","6":"product_cat-standard-rack-cases","7":"product_tag-fc","9":"first","10":"instock","11":"shipping-taxable","12":"product-type-simple"},"yoast_head":"<!-- This site is optimized with the Yoast SEO Premium plugin v27.1 (Yoast SEO v27.2) - https:\/\/yoast.com\/product\/yoast-seo-premium-wordpress\/ -->\n<title>FC Flight Case 2u - https:\/\/sxflightcase.com \ud83d\udc97<\/title>\n<meta name=\"description\" content=\"Flight Case 2u: Discover our factory-direct options, offering professional customization for efficient organization and storage of your equipment.\" \/>\n<meta name=\"robots\" content=\"index, follow, max-snippet:-1, max-image-preview:large, max-video-preview:-1\" \/>\n<link rel=\"canonical\" href=\"https:\/\/sxflightcase.com\/da\/vare\/flight-case-2u-2\/\" \/>\n<meta property=\"og:locale\" content=\"da_DK\" \/>\n<meta property=\"og:type\" content=\"article\" \/>\n<meta property=\"og:title\" content=\"FC Flight Case 2u\" \/>\n<meta property=\"og:description\" content=\"Flight Case 2u: Discover our factory-direct options, offering professional customization for efficient organization and storage of your equipment.\" \/>\n<meta property=\"og:url\" content=\"https:\/\/sxflightcase.com\/da\/vare\/flight-case-2u-2\/\" \/>\n<meta property=\"og:site_name\" content=\"https:\/\/sxflightcase.com\" \/>\n<meta property=\"article:publisher\" content=\"https:\/\/www.facebook.com\/profile.php?id=61560407257971\" \/>\n<meta property=\"article:modified_time\" content=\"2024-06-25T09:07:51+00:00\" \/>\n<meta property=\"og:image\" content=\"https:\/\/sxflightcase.com\/wp-content\/uploads\/2024\/05\/flight-case-2u57082760060.webp\" \/>\n\t<meta property=\"og:image:width\" content=\"750\" \/>\n\t<meta property=\"og:image:height\" content=\"750\" \/>\n\t<meta property=\"og:image:type\" content=\"image\/webp\" \/>\n<meta name=\"twitter:card\" content=\"summary_large_image\" \/>\n<meta name=\"twitter:label1\" content=\"Estimeret l\u00e6setid\" \/>\n\t<meta name=\"twitter:data1\" content=\"3 minutter\" \/>\n<script type=\"application\/ld+json\" class=\"yoast-schema-graph\">{\"@context\":\"https:\/\/schema.org\",\"@graph\":[{\"@type\":\"WebPage\",\"@id\":\"https:\/\/sxflightcase.com\/da\/produkt\/flight-case-2u-2\/\",\"url\":\"https:\/\/sxflightcase.com\/da\/produkt\/flight-case-2u-2\/\",\"name\":\"FC Flight Case 2u - https:\/\/sxflightcase.com \ud83d\udc97\",\"isPartOf\":{\"@id\":\"https:\/\/sxflightcase.com\/th\/#website\"},\"primaryImageOfPage\":{\"@id\":\"https:\/\/sxflightcase.com\/da\/produkt\/flight-case-2u-2\/#primaryimage\"},\"image\":{\"@id\":\"https:\/\/sxflightcase.com\/da\/produkt\/flight-case-2u-2\/#primaryimage\"},\"thumbnailUrl\":\"https:\/\/sxflightcase.com\/wp-content\/uploads\/2024\/05\/flight-case-2u57082760060.webp\",\"datePublished\":\"2024-05-10T02:42:43+00:00\",\"dateModified\":\"2024-06-25T09:07:51+00:00\",\"description\":\"Flight Case 2u: Discover our factory-direct options, offering professional customization for efficient organization and storage of your equipment.\",\"breadcrumb\":{\"@id\":\"https:\/\/sxflightcase.com\/da\/produkt\/flight-case-2u-2\/#breadcrumb\"},\"inLanguage\":\"da-DK\",\"potentialAction\":[{\"@type\":\"ReadAction\",\"target\":[\"https:\/\/sxflightcase.com\/da\/produkt\/flight-case-2u-2\/\"]}]},{\"@type\":\"ImageObject\",\"inLanguage\":\"da-DK\",\"@id\":\"https:\/\/sxflightcase.com\/da\/produkt\/flight-case-2u-2\/#primaryimage\",\"url\":\"https:\/\/sxflightcase.com\/wp-content\/uploads\/2024\/05\/flight-case-2u57082760060.webp\",\"contentUrl\":\"https:\/\/sxflightcase.com\/wp-content\/uploads\/2024\/05\/flight-case-2u57082760060.webp\",\"width\":750,\"height\":750,\"caption\":\"Flight Case 2u\"},{\"@type\":\"BreadcrumbList\",\"@id\":\"https:\/\/sxflightcase.com\/da\/produkt\/flight-case-2u-2\/#breadcrumb\",\"itemListElement\":[{\"@type\":\"ListItem\",\"position\":1,\"name\":\"Home\",\"item\":\"https:\/\/sxflightcase.com\/\"},{\"@type\":\"ListItem\",\"position\":2,\"name\":\"\u0e2a\u0e34\u0e19\u0e04\u0e49\u0e32\",\"item\":\"https:\/\/sxflightcase.com\/th\/shop\/\"},{\"@type\":\"ListItem\",\"position\":3,\"name\":\"FC Flight Case 2u\"}]},{\"@type\":\"WebSite\",\"@id\":\"https:\/\/sxflightcase.com\/th\/#website\",\"url\":\"https:\/\/sxflightcase.com\/th\/\",\"name\":\"sxpowercase.com\",\"description\":\"Flight Case Factory\",\"publisher\":{\"@id\":\"https:\/\/sxflightcase.com\/th\/#organization\"},\"potentialAction\":[{\"@type\":\"SearchAction\",\"target\":{\"@type\":\"EntryPoint\",\"urlTemplate\":\"https:\/\/sxflightcase.com\/th\/?s={search_term_string}\"},\"query-input\":{\"@type\":\"PropertyValueSpecification\",\"valueRequired\":true,\"valueName\":\"search_term_string\"}}],\"inLanguage\":\"da-DK\"},{\"@type\":\"Organization\",\"@id\":\"https:\/\/sxflightcase.com\/th\/#organization\",\"name\":\"sxpowercase.com\",\"url\":\"https:\/\/sxflightcase.com\/th\/\",\"logo\":{\"@type\":\"ImageObject\",\"inLanguage\":\"da-DK\",\"@id\":\"https:\/\/sxflightcase.com\/th\/#\/schema\/logo\/image\/\",\"url\":\"https:\/\/sxflightcase.com\/wp-content\/uploads\/2024\/04\/1713919036007.jpg\",\"contentUrl\":\"https:\/\/sxflightcase.com\/wp-content\/uploads\/2024\/04\/1713919036007.jpg\",\"width\":382,\"height\":388,\"caption\":\"sxpowercase.com\"},\"image\":{\"@id\":\"https:\/\/sxflightcase.com\/th\/#\/schema\/logo\/image\/\"},\"sameAs\":[\"https:\/\/www.facebook.com\/profile.php?id=61560407257971\"],\"numberOfEmployees\":{\"@type\":\"QuantitativeValue\",\"minValue\":\"11\",\"maxValue\":\"50\"}}]}<\/script>\n<!-- \/ Yoast SEO Premium plugin. -->","yoast_head_json":{"title":"FC Flight Case 2u - https:\/\/sxflightcase.com \ud83d\udc97","description":"Flight Case 2u: Oplev vores fabriksfremstillede muligheder, der tilbyder professionel tilpasning til effektiv organisering og opbevaring af dit udstyr.","robots":{"index":"index","follow":"follow","max-snippet":"max-snippet:-1","max-image-preview":"max-image-preview:large","max-video-preview":"max-video-preview:-1"},"canonical":"https:\/\/sxflightcase.com\/da\/vare\/flight-case-2u-2\/","og_locale":"da_DK","og_type":"article","og_title":"FC Flight Case 2u","og_description":"Flight Case 2u: Discover our factory-direct options, offering professional customization for efficient organization and storage of your equipment.","og_url":"https:\/\/sxflightcase.com\/da\/vare\/flight-case-2u-2\/","og_site_name":"https:\/\/sxflightcase.com","article_publisher":"https:\/\/www.facebook.com\/profile.php?id=61560407257971","article_modified_time":"2024-06-25T09:07:51+00:00","og_image":[{"width":750,"height":750,"url":"https:\/\/sxflightcase.com\/wp-content\/uploads\/2024\/05\/flight-case-2u57082760060.webp","type":"image\/webp"}],"twitter_card":"summary_large_image","twitter_misc":{"Estimeret l\u00e6setid":"3 minutter"},"schema":{"@context":"https:\/\/schema.org","@graph":[{"@type":"WebPage","@id":"https:\/\/sxflightcase.com\/da\/produkt\/flight-case-2u-2\/","url":"https:\/\/sxflightcase.com\/da\/produkt\/flight-case-2u-2\/","name":"FC Flight Case 2u - https:\/\/sxflightcase.com \ud83d\udc97","isPartOf":{"@id":"https:\/\/sxflightcase.com\/th\/#website"},"primaryImageOfPage":{"@id":"https:\/\/sxflightcase.com\/da\/produkt\/flight-case-2u-2\/#primaryimage"},"image":{"@id":"https:\/\/sxflightcase.com\/da\/produkt\/flight-case-2u-2\/#primaryimage"},"thumbnailUrl":"https:\/\/sxflightcase.com\/wp-content\/uploads\/2024\/05\/flight-case-2u57082760060.webp","datePublished":"2024-05-10T02:42:43+00:00","dateModified":"2024-06-25T09:07:51+00:00","description":"Flight Case 2u: Oplev vores fabriksfremstillede muligheder, der tilbyder professionel tilpasning til effektiv organisering og opbevaring af dit udstyr.","breadcrumb":{"@id":"https:\/\/sxflightcase.com\/da\/produkt\/flight-case-2u-2\/#breadcrumb"},"inLanguage":"da-DK","potentialAction":[{"@type":"ReadAction","target":["https:\/\/sxflightcase.com\/da\/produkt\/flight-case-2u-2\/"]}]},{"@type":"ImageObject","inLanguage":"da-DK","@id":"https:\/\/sxflightcase.com\/da\/produkt\/flight-case-2u-2\/#primaryimage","url":"https:\/\/sxflightcase.com\/wp-content\/uploads\/2024\/05\/flight-case-2u57082760060.webp","contentUrl":"https:\/\/sxflightcase.com\/wp-content\/uploads\/2024\/05\/flight-case-2u57082760060.webp","width":750,"height":750,"caption":"Flight Case 2u"},{"@type":"BreadcrumbList","@id":"https:\/\/sxflightcase.com\/da\/produkt\/flight-case-2u-2\/#breadcrumb","itemListElement":[{"@type":"ListItem","position":1,"name":"Home","item":"https:\/\/sxflightcase.com\/"},{"@type":"ListItem","position":2,"name":"\u0e2a\u0e34\u0e19\u0e04\u0e49\u0e32","item":"https:\/\/sxflightcase.com\/th\/shop\/"},{"@type":"ListItem","position":3,"name":"FC Flight Case 2u"}]},{"@type":"WebSite","@id":"https:\/\/sxflightcase.com\/th\/#website","url":"https:\/\/sxflightcase.com\/th\/","name":"sxpowercase.com","description":"Flight Case Factory","publisher":{"@id":"https:\/\/sxflightcase.com\/th\/#organization"},"potentialAction":[{"@type":"SearchAction","target":{"@type":"EntryPoint","urlTemplate":"https:\/\/sxflightcase.com\/th\/?s={search_term_string}"},"query-input":{"@type":"PropertyValueSpecification","valueRequired":true,"valueName":"search_term_string"}}],"inLanguage":"da-DK"},{"@type":"Organization","@id":"https:\/\/sxflightcase.com\/th\/#organization","name":"sxpowercase.com","url":"https:\/\/sxflightcase.com\/th\/","logo":{"@type":"ImageObject","inLanguage":"da-DK","@id":"https:\/\/sxflightcase.com\/th\/#\/schema\/logo\/image\/","url":"https:\/\/sxflightcase.com\/wp-content\/uploads\/2024\/04\/1713919036007.jpg","contentUrl":"https:\/\/sxflightcase.com\/wp-content\/uploads\/2024\/04\/1713919036007.jpg","width":382,"height":388,"caption":"sxpowercase.com"},"image":{"@id":"https:\/\/sxflightcase.com\/th\/#\/schema\/logo\/image\/"},"sameAs":["https:\/\/www.facebook.com\/profile.php?id=61560407257971"],"numberOfEmployees":{"@type":"QuantitativeValue","minValue":"11","maxValue":"50"}}]}},"_links":{"self":[{"href":"https:\/\/sxflightcase.com\/da\/wp-json\/wp\/v2\/product\/1664","targetHints":{"allow":["GET"]}}],"collection":[{"href":"https:\/\/sxflightcase.com\/da\/wp-json\/wp\/v2\/product"}],"about":[{"href":"https:\/\/sxflightcase.com\/da\/wp-json\/wp\/v2\/types\/product"}],"replies":[{"embeddable":true,"href":"https:\/\/sxflightcase.com\/da\/wp-json\/wp\/v2\/comments?post=1664"}],"version-history":[{"count":0,"href":"https:\/\/sxflightcase.com\/da\/wp-json\/wp\/v2\/product\/1664\/revisions"}],"wp:featuredmedia":[{"embeddable":true,"href":"https:\/\/sxflightcase.com\/da\/wp-json\/wp\/v2\/media\/1666"}],"wp:attachment":[{"href":"https:\/\/sxflightcase.com\/da\/wp-json\/wp\/v2\/media?parent=1664"}],"wp:term":[{"taxonomy":"product_brand","embeddable":true,"href":"https:\/\/sxflightcase.com\/da\/wp-json\/wp\/v2\/product_brand?post=1664"},{"taxonomy":"product_cat","embeddable":true,"href":"https:\/\/sxflightcase.com\/da\/wp-json\/wp\/v2\/product_cat?post=1664"},{"taxonomy":"product_tag","embeddable":true,"href":"https:\/\/sxflightcase.com\/da\/wp-json\/wp\/v2\/product_tag?post=1664"}],"curies":[{"name":"wp","href":"https:\/\/api.w.org\/{rel}","templated":true}]}}