{"id":1686,"date":"2024-05-10T04:00:00","date_gmt":"2024-05-10T03:00:00","guid":{"rendered":"https:\/\/sxpowercase.com\/?post_type=product&#038;p=1686"},"modified":"2024-07-16T02:59:50","modified_gmt":"2024-07-16T01:59:50","slug":"19-flight-cases-plywood","status":"publish","type":"product","link":"https:\/\/sxflightcase.com\/da\/vare\/19-flycases-krydsfiner\/","title":{"rendered":"FP 19\u201d Flight Cases Krydsfiner"},"content":{"rendered":"<p><strong>Produktparameter (specifikation)<\/strong><\/p>\n<section class=\"table-wrap\">\n<table class=\"table\" width=\"100%\" cellspacing=\"0\" cellpadding=\"0\">\n<tbody>\n<tr class=\"firstRow\">\n<td width=\"134\">Produktnavn:<\/td>\n<td width=\"503\">19\u2033 Flight Cases Krydsfiner<\/td>\n<\/tr>\n<tr>\n<td width=\"134\">Materiale og tilbeh\u00f8r:<\/td>\n<td width=\"503\">9 mm krydsfiner + forkromet\/zinkbelagt hardware + aluminiumsekstrudering<br \/>\nAftagelige l\u00e5g foran og bagp\u00e5<\/td>\n<\/tr>\n<tr>\n<td width=\"134\">Skum foring:<\/td>\n<td width=\"503\">Perleskum \/EVA-skum \/ \u00c6ggeskum osv...almindelig eller efter anmodning<\/td>\n<\/tr>\n<tr>\n<td width=\"134\">Farve:<\/td>\n<td width=\"503\">Sort (standardfarve), r\u00f8d, bl\u00e5, orange, gul, gr\u00f8n osv.<\/td>\n<\/tr>\n<tr>\n<td width=\"134\">Leveringstid:<\/td>\n<td width=\"503\">Pr\u00f8vebestilling 3 dage, normal ordre 7-15 dage<\/td>\n<\/tr>\n<tr>\n<td width=\"134\">Dimension:<\/td>\n<td width=\"503\">Afh\u00e6nger af udstyrsdimension<\/td>\n<\/tr>\n<\/tbody>\n<\/table>\n<\/section>\n<p><strong>Forsendelse &amp; Levering<\/strong><\/p>\n<p>Forsendelse: med fly, s\u00f8 eller ekspres<\/p>\n<p>Pr\u00f8veleveretid: 5 ~ 7 dage<\/p>\n<p>Leveringstid: omkring 25 ~ 30 dage efter ordredetaljer og produktion bekr\u00e6ftet.<\/p>\n<h1>SX Flight Cases Krydsfiner: Holdbare og tilpassede l\u00f8sninger<\/h1>\n<h2>Ultimativ beskyttelse og holdbarhed<\/h2>\n<p>SX&#039;s Flight Cases Plywood tilbyder uovertruffen beskyttelse af dit v\u00e6rdifulde udstyr. Disse flightcases er fremstillet af krydsfiner af h\u00f8j kvalitet og er designet til at modst\u00e5 belastningen ved rejser og sikre, at dit udstyr forbliver sikkert mod p\u00e5virkninger og milj\u00f8m\u00e6ssige faktorer. Perfekt til musikere, begivenhedsprofessionelle og teknikere, der har brug for p\u00e5lidelige opbevarings- og transportl\u00f8sninger.<\/p>\n<h2>Direkte fabrikssalg til maksimal v\u00e6rdi<\/h2>\n<h3>Overkommelig og f\u00f8rsteklasses kvalitet<\/h3>\n<p>P\u00e5 <a href=\"https:\/\/sxpowercase.com\/\" target=\"_blank\" rel=\"noopener\" title=\"SX\" data-wpil-monitor-id=\"470\">SX<\/a>, vi tror p\u00e5 at levere produkter af h\u00f8j kvalitet til konkurrencedygtige priser gennem vores fabriks direkte salgsmodel. Ved at eliminere mellemmanden sikrer vi, at du modtager flyvekasser i topklasse til en br\u00f8kdel af prisen. Denne tilgang giver os mulighed for at levere enest\u00e5ende v\u00e6rdi uden at g\u00e5 p\u00e5 kompromis med kvaliteten, hvilket sikrer, at du f\u00e5r den bedste beskyttelse til dit udstyr.<\/p>\n<h2>Kan tilpasses til at opfylde dine behov<\/h2>\n<h3>Skr\u00e6ddersyet til enhver professionel<\/h3>\n<p>Forst\u00e5else af, at enhver professionel ops\u00e6tning har unikke krav, tilbyder SX omfattende tilpasningstjenester til vores Flight Cases Plywood. Uanset om du har brug for specifikke dimensioner, indvendig polstring eller ekstra rum, kan vi \u00e6ndre vores flightcases for at opfylde dine n\u00f8jagtige specifikationer. Vores skr\u00e6ddersyede l\u00f8sninger garanterer, at dit udstyr er beskyttet og organiseret, lige som du har brug for det.<\/p>\n<h2>Forbedre dit professionelle image<\/h2>\n<h3>Professionelt og p\u00e5lideligt design<\/h3>\n<p>Brug af SX Flight Cases Plywood sikrer ikke kun sikkerheden af dit udstyr, men forbedrer ogs\u00e5 dit professionelle image. Det robuste og slanke design af vores flightcases afspejler din forpligtelse til kvalitet og p\u00e5lidelighed. G\u00f8r et st\u00e6rkt indtryk p\u00e5 kunder og kolleger med flightcases, der leverer b\u00e5de funktionalitet og udseende, og sikrer, at dit udstyr ankommer i perfekt stand hver gang.<\/p>\n<hr \/>\n<p>V\u00e6lg SX&#039;s Flight Cases Plywood for overlegen beskyttelse, holdbarhed og v\u00e6rdi. Kontakt os i dag for at udforske vores fabriks direkte salg og tilpasningsmuligheder. Med SX er dit udstyr altid i de bedste h\u00e6nder. Invester i det bedste for at l\u00f8fte din virksomhed og beskytte dit udstyr med vores exceptionelle flycases.<\/p>\n<p><strong>FAQ<\/strong><\/p>\n<p>Q: Hvordan kan vi f\u00e5 et tilbud?<\/p>\n<p>A: Kontakt os med specifikation: s\u00e5som materiale, design, st\u00f8rrelse, form, farve, m\u00e6ngde, overfladebehandling osv.<\/p>\n<p>Q: Hvad er betalingsbetingelserne?<\/p>\n<p>A: T.T with 30% down payment, 70%before shipment or West Union also accept.<\/p>\n<p>Q: Kan du hj\u00e6lpe med designet?<\/p>\n<p>A: Ja, du skal blot designe gratis, specielt design skal betales.<\/p>\n<p><strong>Vores service<\/strong><\/p>\n<p>Kvalitet kommer altid f\u00f8rst<\/p>\n<p>* Rimelige priser<\/p>\n<p>* OEM-service leveres<\/p>\n<p>* Ansvarlig eftersalgsservice<\/p>\n<p>* Sigter p\u00e5 at f\u00e5 gentagne ordrer fra 90%-kunde efter pr\u00f8vebestillingerne<\/p>\n<p>* At g\u00f8re fremskridt med kunder sammen<\/p>\n<p>Hot Tags: Lav pris, p\u00e5 lager, gratis pr\u00f8ve, str\u00f8m- og signalkabel, 16 Gauge 4 ledertr\u00e5d, mikrofonstativ, udend\u00f8rs LED-displaykabinet, rackmontering, 19\u201d rackmonterede mixer-flyvekasser\uff0celektrisk distroboks, Kina, leverand\u00f8rer, fabrik, tilpasset, engros, <span style=\"color: #993366;\"><a style=\"color: #993366;\" href=\"https:\/\/sxflightcase.com\/da\/product-category\/all-product\/power-distribution-boxes\/\">str\u00f8mbokse<\/a>,\u00a0<a style=\"color: #993366;\" href=\"https:\/\/sxflightcase.com\/da\/product-category\/all-product\/hoist-controllers\/\">str\u00f8mkabler<\/a>,\u00a0<a style=\"color: #993366;\" href=\"https:\/\/sxflightcase.com\/da\/product-category\/all-product\/hoist-controllers\/\">hejseregulatorer<\/a>,\u00a0<a style=\"color: #993366;\" href=\"https:\/\/sxflightcase.com\/da\/product-category\/all-product\/flight-case\/\">flyvekasser.<\/a><\/span><\/p>","protected":false},"excerpt":{"rendered":"<h2 class=\"prodetails-name\">19\u201d Flight Cases Krydsfiner<\/h2>\n<p>Vi leverer 19\u2033 flightcases krydsfiner for at tilbyde p\u00e5lidelig beskyttelse af dyre gear og udstyr under brug, pakning, opbevaring og transport. Vi helligede os <a class=\"wpil_keyword_link\" title=\"flight case\" href=\"https:\/\/sxpowercase.com\/product-category\/all-product\/flight-case\/\" target=\"_blank\" rel=\"noopener\" data-wpil-keyword-link=\"linked\" data-wpil-monitor-id=\"404\">flight case<\/a> i mange \u00e5r, d\u00e6kker det meste af det amerikanske og asiatiske marked. Vi forventer at blive din lange teampartner i Kina.<\/p>\n<h2><strong>Produktionsintroduktion<\/strong><\/h2>\n<p>Shengxiang har fremstillet flightcases siden 2001 og er designet til at beskytte din investering. 19\u201d flightcase krydsfiner med aftagelig glidende b\u00e6rbar hylde. Fire gummif\u00f8dder af industrikvalitet<\/p>","protected":false},"featured_media":1687,"comment_status":"open","ping_status":"closed","template":"","meta":[],"product_brand":[],"product_cat":[35],"product_tag":[53],"class_list":{"0":"post-1686","1":"product","2":"type-product","3":"status-publish","4":"has-post-thumbnail","6":"product_cat-standard-rack-cases","7":"product_tag-fp","9":"first","10":"instock","11":"shipping-taxable","12":"product-type-simple"},"yoast_head":"<!-- This site is optimized with the Yoast SEO Premium plugin v27.1 (Yoast SEO v27.2) - https:\/\/yoast.com\/product\/yoast-seo-premium-wordpress\/ -->\n<title>FP 19&#039;&#039; Flight Cases Plywood - https:\/\/sxflightcase.com \ud83d\udc97<\/title>\n<meta name=\"description\" content=\"19&#039;&#039; Flight Cases Plywood: Discover our factory-direct options for professional-grade equipment protection and organization.\" \/>\n<meta name=\"robots\" content=\"index, follow, max-snippet:-1, max-image-preview:large, max-video-preview:-1\" \/>\n<link rel=\"canonical\" href=\"https:\/\/sxflightcase.com\/da\/\uc81c\ud488\/19-\ube44\ud589-\ucf00\uc774\uc2a4-\ud569\ud310\/\" \/>\n<meta property=\"og:locale\" content=\"da_DK\" \/>\n<meta property=\"og:type\" content=\"article\" \/>\n<meta property=\"og:title\" content=\"FP 19&#039;&#039; Flight Cases Plywood\" \/>\n<meta property=\"og:description\" content=\"19&#039;&#039; Flight Cases Plywood: Discover our factory-direct options for professional-grade equipment protection and organization.\" \/>\n<meta property=\"og:url\" content=\"https:\/\/sxflightcase.com\/da\/\uc81c\ud488\/19-\ube44\ud589-\ucf00\uc774\uc2a4-\ud569\ud310\/\" \/>\n<meta property=\"og:site_name\" content=\"https:\/\/sxflightcase.com\" \/>\n<meta property=\"article:publisher\" content=\"https:\/\/www.facebook.com\/profile.php?id=61560407257971\" \/>\n<meta property=\"article:modified_time\" content=\"2024-07-16T01:59:50+00:00\" \/>\n<meta property=\"og:image\" content=\"https:\/\/sxflightcase.com\/wp-content\/uploads\/2024\/05\/19-flight-cases-plywood25576886879.webp\" \/>\n\t<meta property=\"og:image:width\" content=\"750\" \/>\n\t<meta property=\"og:image:height\" content=\"750\" \/>\n\t<meta property=\"og:image:type\" content=\"image\/webp\" \/>\n<meta name=\"twitter:card\" content=\"summary_large_image\" \/>\n<meta name=\"twitter:label1\" content=\"Estimeret l\u00e6setid\" \/>\n\t<meta name=\"twitter:data1\" content=\"4 minutter\" \/>\n<script type=\"application\/ld+json\" class=\"yoast-schema-graph\">{\"@context\":\"https:\/\/schema.org\",\"@graph\":[{\"@type\":\"WebPage\",\"@id\":\"https:\/\/sxflightcase.com\/ko\/\uc81c\ud488\/19-\ube44\ud589-\ucf00\uc774\uc2a4-\ud569\ud310\/\",\"url\":\"https:\/\/sxflightcase.com\/ko\/\uc81c\ud488\/19-\ube44\ud589-\ucf00\uc774\uc2a4-\ud569\ud310\/\",\"name\":\"FP 19'' Flight Cases Plywood - https:\/\/sxflightcase.com \ud83d\udc97\",\"isPartOf\":{\"@id\":\"https:\/\/sxflightcase.com\/th\/#website\"},\"primaryImageOfPage\":{\"@id\":\"https:\/\/sxflightcase.com\/ko\/\uc81c\ud488\/19-\ube44\ud589-\ucf00\uc774\uc2a4-\ud569\ud310\/#primaryimage\"},\"image\":{\"@id\":\"https:\/\/sxflightcase.com\/ko\/\uc81c\ud488\/19-\ube44\ud589-\ucf00\uc774\uc2a4-\ud569\ud310\/#primaryimage\"},\"thumbnailUrl\":\"https:\/\/sxflightcase.com\/wp-content\/uploads\/2024\/05\/19-flight-cases-plywood25576886879.webp\",\"datePublished\":\"2024-05-10T03:00:00+00:00\",\"dateModified\":\"2024-07-16T01:59:50+00:00\",\"description\":\"19'' Flight Cases Plywood: Discover our factory-direct options for professional-grade equipment protection and organization.\",\"breadcrumb\":{\"@id\":\"https:\/\/sxflightcase.com\/ko\/\uc81c\ud488\/19-\ube44\ud589-\ucf00\uc774\uc2a4-\ud569\ud310\/#breadcrumb\"},\"inLanguage\":\"da-DK\",\"potentialAction\":[{\"@type\":\"ReadAction\",\"target\":[\"https:\/\/sxflightcase.com\/ko\/\uc81c\ud488\/19-\ube44\ud589-\ucf00\uc774\uc2a4-\ud569\ud310\/\"]}]},{\"@type\":\"ImageObject\",\"inLanguage\":\"da-DK\",\"@id\":\"https:\/\/sxflightcase.com\/ko\/\uc81c\ud488\/19-\ube44\ud589-\ucf00\uc774\uc2a4-\ud569\ud310\/#primaryimage\",\"url\":\"https:\/\/sxflightcase.com\/wp-content\/uploads\/2024\/05\/19-flight-cases-plywood25576886879.webp\",\"contentUrl\":\"https:\/\/sxflightcase.com\/wp-content\/uploads\/2024\/05\/19-flight-cases-plywood25576886879.webp\",\"width\":750,\"height\":750,\"caption\":\"19'' Flight Cases Plywood\"},{\"@type\":\"BreadcrumbList\",\"@id\":\"https:\/\/sxflightcase.com\/ko\/\uc81c\ud488\/19-\ube44\ud589-\ucf00\uc774\uc2a4-\ud569\ud310\/#breadcrumb\",\"itemListElement\":[{\"@type\":\"ListItem\",\"position\":1,\"name\":\"Home\",\"item\":\"https:\/\/sxflightcase.com\/\"},{\"@type\":\"ListItem\",\"position\":2,\"name\":\"\u0e2a\u0e34\u0e19\u0e04\u0e49\u0e32\",\"item\":\"https:\/\/sxflightcase.com\/th\/shop\/\"},{\"@type\":\"ListItem\",\"position\":3,\"name\":\"FP 19&#8221; Flight Cases Plywood\"}]},{\"@type\":\"WebSite\",\"@id\":\"https:\/\/sxflightcase.com\/th\/#website\",\"url\":\"https:\/\/sxflightcase.com\/th\/\",\"name\":\"sxpowercase.com\",\"description\":\"Flight Case Factory\",\"publisher\":{\"@id\":\"https:\/\/sxflightcase.com\/th\/#organization\"},\"potentialAction\":[{\"@type\":\"SearchAction\",\"target\":{\"@type\":\"EntryPoint\",\"urlTemplate\":\"https:\/\/sxflightcase.com\/th\/?s={search_term_string}\"},\"query-input\":{\"@type\":\"PropertyValueSpecification\",\"valueRequired\":true,\"valueName\":\"search_term_string\"}}],\"inLanguage\":\"da-DK\"},{\"@type\":\"Organization\",\"@id\":\"https:\/\/sxflightcase.com\/th\/#organization\",\"name\":\"sxpowercase.com\",\"url\":\"https:\/\/sxflightcase.com\/th\/\",\"logo\":{\"@type\":\"ImageObject\",\"inLanguage\":\"da-DK\",\"@id\":\"https:\/\/sxflightcase.com\/th\/#\/schema\/logo\/image\/\",\"url\":\"https:\/\/sxflightcase.com\/wp-content\/uploads\/2024\/04\/1713919036007.jpg\",\"contentUrl\":\"https:\/\/sxflightcase.com\/wp-content\/uploads\/2024\/04\/1713919036007.jpg\",\"width\":382,\"height\":388,\"caption\":\"sxpowercase.com\"},\"image\":{\"@id\":\"https:\/\/sxflightcase.com\/th\/#\/schema\/logo\/image\/\"},\"sameAs\":[\"https:\/\/www.facebook.com\/profile.php?id=61560407257971\"],\"numberOfEmployees\":{\"@type\":\"QuantitativeValue\",\"minValue\":\"11\",\"maxValue\":\"50\"}}]}<\/script>\n<!-- \/ Yoast SEO Premium plugin. -->","yoast_head_json":{"title":"FP 19'' Flight Cases Plywood - https:\/\/sxflightcase.com \ud83d\udc97","description":"19&#039;&#039; Flight Cases Krydsfiner: Oplev vores fabriksdirekte muligheder for professionel beskyttelse og organisering af udstyr.","robots":{"index":"index","follow":"follow","max-snippet":"max-snippet:-1","max-image-preview":"max-image-preview:large","max-video-preview":"max-video-preview:-1"},"canonical":"https:\/\/sxflightcase.com\/da\/\uc81c\ud488\/19-\ube44\ud589-\ucf00\uc774\uc2a4-\ud569\ud310\/","og_locale":"da_DK","og_type":"article","og_title":"FP 19'' Flight Cases Plywood","og_description":"19'' Flight Cases Plywood: Discover our factory-direct options for professional-grade equipment protection and organization.","og_url":"https:\/\/sxflightcase.com\/da\/\uc81c\ud488\/19-\ube44\ud589-\ucf00\uc774\uc2a4-\ud569\ud310\/","og_site_name":"https:\/\/sxflightcase.com","article_publisher":"https:\/\/www.facebook.com\/profile.php?id=61560407257971","article_modified_time":"2024-07-16T01:59:50+00:00","og_image":[{"width":750,"height":750,"url":"https:\/\/sxflightcase.com\/wp-content\/uploads\/2024\/05\/19-flight-cases-plywood25576886879.webp","type":"image\/webp"}],"twitter_card":"summary_large_image","twitter_misc":{"Estimeret l\u00e6setid":"4 minutter"},"schema":{"@context":"https:\/\/schema.org","@graph":[{"@type":"WebPage","@id":"https:\/\/sxflightcase.com\/ko\/\uc81c\ud488\/19-\ube44\ud589-\ucf00\uc774\uc2a4-\ud569\ud310\/","url":"https:\/\/sxflightcase.com\/ko\/\uc81c\ud488\/19-\ube44\ud589-\ucf00\uc774\uc2a4-\ud569\ud310\/","name":"FP 19'' Flight Cases Plywood - https:\/\/sxflightcase.com \ud83d\udc97","isPartOf":{"@id":"https:\/\/sxflightcase.com\/th\/#website"},"primaryImageOfPage":{"@id":"https:\/\/sxflightcase.com\/ko\/\uc81c\ud488\/19-\ube44\ud589-\ucf00\uc774\uc2a4-\ud569\ud310\/#primaryimage"},"image":{"@id":"https:\/\/sxflightcase.com\/ko\/\uc81c\ud488\/19-\ube44\ud589-\ucf00\uc774\uc2a4-\ud569\ud310\/#primaryimage"},"thumbnailUrl":"https:\/\/sxflightcase.com\/wp-content\/uploads\/2024\/05\/19-flight-cases-plywood25576886879.webp","datePublished":"2024-05-10T03:00:00+00:00","dateModified":"2024-07-16T01:59:50+00:00","description":"19&#039;&#039; Flight Cases Krydsfiner: Oplev vores fabriksdirekte muligheder for professionel beskyttelse og organisering af udstyr.","breadcrumb":{"@id":"https:\/\/sxflightcase.com\/ko\/\uc81c\ud488\/19-\ube44\ud589-\ucf00\uc774\uc2a4-\ud569\ud310\/#breadcrumb"},"inLanguage":"da-DK","potentialAction":[{"@type":"ReadAction","target":["https:\/\/sxflightcase.com\/ko\/\uc81c\ud488\/19-\ube44\ud589-\ucf00\uc774\uc2a4-\ud569\ud310\/"]}]},{"@type":"ImageObject","inLanguage":"da-DK","@id":"https:\/\/sxflightcase.com\/ko\/\uc81c\ud488\/19-\ube44\ud589-\ucf00\uc774\uc2a4-\ud569\ud310\/#primaryimage","url":"https:\/\/sxflightcase.com\/wp-content\/uploads\/2024\/05\/19-flight-cases-plywood25576886879.webp","contentUrl":"https:\/\/sxflightcase.com\/wp-content\/uploads\/2024\/05\/19-flight-cases-plywood25576886879.webp","width":750,"height":750,"caption":"19'' Flight Cases Plywood"},{"@type":"BreadcrumbList","@id":"https:\/\/sxflightcase.com\/ko\/\uc81c\ud488\/19-\ube44\ud589-\ucf00\uc774\uc2a4-\ud569\ud310\/#breadcrumb","itemListElement":[{"@type":"ListItem","position":1,"name":"Home","item":"https:\/\/sxflightcase.com\/"},{"@type":"ListItem","position":2,"name":"\u0e2a\u0e34\u0e19\u0e04\u0e49\u0e32","item":"https:\/\/sxflightcase.com\/th\/shop\/"},{"@type":"ListItem","position":3,"name":"FP 19&#8221; Flight Cases Plywood"}]},{"@type":"WebSite","@id":"https:\/\/sxflightcase.com\/th\/#website","url":"https:\/\/sxflightcase.com\/th\/","name":"sxpowercase.com","description":"Flight Case Factory","publisher":{"@id":"https:\/\/sxflightcase.com\/th\/#organization"},"potentialAction":[{"@type":"SearchAction","target":{"@type":"EntryPoint","urlTemplate":"https:\/\/sxflightcase.com\/th\/?s={search_term_string}"},"query-input":{"@type":"PropertyValueSpecification","valueRequired":true,"valueName":"search_term_string"}}],"inLanguage":"da-DK"},{"@type":"Organization","@id":"https:\/\/sxflightcase.com\/th\/#organization","name":"sxpowercase.com","url":"https:\/\/sxflightcase.com\/th\/","logo":{"@type":"ImageObject","inLanguage":"da-DK","@id":"https:\/\/sxflightcase.com\/th\/#\/schema\/logo\/image\/","url":"https:\/\/sxflightcase.com\/wp-content\/uploads\/2024\/04\/1713919036007.jpg","contentUrl":"https:\/\/sxflightcase.com\/wp-content\/uploads\/2024\/04\/1713919036007.jpg","width":382,"height":388,"caption":"sxpowercase.com"},"image":{"@id":"https:\/\/sxflightcase.com\/th\/#\/schema\/logo\/image\/"},"sameAs":["https:\/\/www.facebook.com\/profile.php?id=61560407257971"],"numberOfEmployees":{"@type":"QuantitativeValue","minValue":"11","maxValue":"50"}}]}},"_links":{"self":[{"href":"https:\/\/sxflightcase.com\/da\/wp-json\/wp\/v2\/product\/1686","targetHints":{"allow":["GET"]}}],"collection":[{"href":"https:\/\/sxflightcase.com\/da\/wp-json\/wp\/v2\/product"}],"about":[{"href":"https:\/\/sxflightcase.com\/da\/wp-json\/wp\/v2\/types\/product"}],"replies":[{"embeddable":true,"href":"https:\/\/sxflightcase.com\/da\/wp-json\/wp\/v2\/comments?post=1686"}],"version-history":[{"count":0,"href":"https:\/\/sxflightcase.com\/da\/wp-json\/wp\/v2\/product\/1686\/revisions"}],"wp:featuredmedia":[{"embeddable":true,"href":"https:\/\/sxflightcase.com\/da\/wp-json\/wp\/v2\/media\/1687"}],"wp:attachment":[{"href":"https:\/\/sxflightcase.com\/da\/wp-json\/wp\/v2\/media?parent=1686"}],"wp:term":[{"taxonomy":"product_brand","embeddable":true,"href":"https:\/\/sxflightcase.com\/da\/wp-json\/wp\/v2\/product_brand?post=1686"},{"taxonomy":"product_cat","embeddable":true,"href":"https:\/\/sxflightcase.com\/da\/wp-json\/wp\/v2\/product_cat?post=1686"},{"taxonomy":"product_tag","embeddable":true,"href":"https:\/\/sxflightcase.com\/da\/wp-json\/wp\/v2\/product_tag?post=1686"}],"curies":[{"name":"wp","href":"https:\/\/api.w.org\/{rel}","templated":true}]}}