{"id":1693,"date":"2024-05-10T04:05:31","date_gmt":"2024-05-10T03:05:31","guid":{"rendered":"https:\/\/sxpowercase.com\/?post_type=product&#038;p=1693"},"modified":"2024-06-27T07:27:48","modified_gmt":"2024-06-27T06:27:48","slug":"abs-flight-case","status":"publish","type":"product","link":"https:\/\/sxflightcase.com\/da\/vare\/abs-flightcase-2\/","title":{"rendered":"Abs Flight Case"},"content":{"rendered":"<h3><strong>Produktparameter (specifikation)<\/strong><\/h3>\n<section class=\"table-wrap\">\n<table class=\"table\" width=\"100%\" cellspacing=\"0\" cellpadding=\"0\">\n<tbody>\n<tr class=\"firstRow\">\n<td width=\"134\">Produktnavn:<\/td>\n<td width=\"503\">Abs flightcase<\/td>\n<\/tr>\n<tr>\n<td width=\"134\">Materiale:<\/td>\n<td width=\"503\">ABS-panel + Forkromet\/zinkbelagt hardware + Ekstruderet aluminium<\/td>\n<\/tr>\n<tr>\n<td width=\"134\">Skum foring:<\/td>\n<td width=\"503\">Ingen<\/td>\n<\/tr>\n<tr>\n<td width=\"134\">Farve:<\/td>\n<td width=\"503\">Sort (standardfarve)<\/td>\n<\/tr>\n<tr>\n<td width=\"134\">Leveringstid:<\/td>\n<td width=\"503\">Pr\u00f8vebestilling 3 dage, normal ordre 7-15 dage<\/td>\n<\/tr>\n<tr>\n<td width=\"134\">Dimension:<\/td>\n<td width=\"503\">Afh\u00e6nger af udstyrsdimension<\/td>\n<\/tr>\n<\/tbody>\n<\/table>\n<\/section>\n<p>Leveringstid:<\/p>\n<section class=\"table-wrap\">\n<table class=\"table\" width=\"100%\" cellspacing=\"0\" cellpadding=\"0\">\n<tbody>\n<tr class=\"firstRow\">\n<td>M\u00e6ngde (enheder)<\/td>\n<td>1 &#8211; 50<\/td>\n<td>&gt;50<\/td>\n<\/tr>\n<tr>\n<td>Est. Tid (dage)<\/td>\n<td>5<\/td>\n<td>Skal forhandles<\/td>\n<\/tr>\n<\/tbody>\n<\/table>\n<\/section>\n<h1>Beskyt dit gear med SX&#039;s ABS Flight Case<\/h1>\n<h2>Overlegen beskyttelse af dit udstyr<\/h2>\n<p>De <a href=\"https:\/\/sxpowercase.com\/\" target=\"_blank\" rel=\"noopener\" title=\"SX\" data-wpil-monitor-id=\"466\">SX<\/a> ABS Flight Case tilbyder uovertruffen beskyttelse af dit v\u00e6rdifulde udstyr. Designet med robust ABS-plastik sikrer dette etui, at dit udstyr forbliver sikkert under transport. Uanset om du er musiker, fotograf eller tekniker, er SX ABS Flight Case din ideelle rejseledsager.<\/p>\n<h2>Robust og p\u00e5lidelig<\/h2>\n<h3>Bygget til at holde ud<\/h3>\n<p>SX&#039;s ABS Flight Case er bygget til at t\u00e5le de h\u00e5rdeste forhold. Den robuste ABS-skal modst\u00e5r st\u00f8d, mens de forst\u00e6rkede hj\u00f8rner og robuste h\u00e5ndtag giver ekstra holdbarhed. Dette etui er perfekt til professionelle, der har brug for p\u00e5lidelig beskyttelse af deres udstyr, uanset rejseforholdene.<\/p>\n<h2>Direkte fabrikssalg<\/h2>\n<h3>Uovertruffen v\u00e6rdi<\/h3>\n<p>Hos SX tilbyder vi vores ABS Flight Case gennem fabriks direkte salg. Det betyder, at du modtager topkvalitet til en uovertruffen pris. Ved at fjerne mellemhandleren sikrer vi, at du f\u00e5r den bedste v\u00e6rdi, s\u00e5 du kan investere i beskyttelse af h\u00f8j kvalitet uden at bryde banken.<\/p>\n<h2>Tilpasningstjenester<\/h2>\n<h3>Skr\u00e6ddersyet til dine behov<\/h3>\n<p>Vi forst\u00e5r, at hvert stykke udstyr er unikt. Det er derfor, SX tilbyder tilpasningstjenester til vores ABS Flight Case. Uanset om du har brug for specifikke dimensioner, indvendig polstring eller ekstra rum, kan vi skr\u00e6ddersy kufferten, s\u00e5 den passer til netop dine krav. Nyd en flightcase, der perfekt opfylder dine behov.<\/p>\n<h2>L\u00f8ft din virksomhed<\/h2>\n<h3>Professionel klasse<\/h3>\n<p>Bruger SX&#039;er <a href=\"https:\/\/sxpowercase.com\/flight-case\/\" target=\"_blank\" rel=\"noopener\" data-wpil-monitor-id=\"494\">Flyvesag<\/a> kan hj\u00e6lpe med at l\u00f8fte din virksomhed ved at sikre, at dit udstyr altid ankommer sikkert og i perfekt stand. Vores cases er designet til at opfylde professionelle standarder, hvilket g\u00f8r dem til et vigtigt v\u00e6rkt\u00f8j for enhver seri\u00f8s professionel. Beskyt dit udstyr, imponer dine kunder, og forbedr din virksomhedsdrift med vores f\u00f8rsteklasses etuier.<\/p>\n<hr \/>\n<p>V\u00e6lg SX&#039;s Flight Case for uovertruffen beskyttelse, p\u00e5lidelighed og v\u00e6rdi. Kontakt os i dag for at l\u00e6re mere om vores fabriks direkte salg og tilpasningsmuligheder. Med SX kan du stole p\u00e5, at dit udstyr er i gode h\u00e6nder. Oplev den forskel, som overlegen kvalitet og personlig service kan g\u00f8re for din virksomhed.<\/p>\n<p><strong>Vores service<\/strong><\/p>\n<p>1. Mere professionel service inden for eksport af emballerings- og printprodukter<\/p>\n<p>2. Bedre fremstillingsevne<\/p>\n<p>3. Forskellige betalingsbetingelser at v\u00e6lge: T\/T, Western Union<\/p>\n<p>Hot Tags: Lav pris, p\u00e5 lager, gratis pr\u00f8ve, str\u00f8m- og signalkabel, 16 Gauge 4 ledertr\u00e5d, mikrofonstativ, udend\u00f8rs LED-displaykabinet, rackmontering, 19\u201d rackmonterede mixer-flyvekasser\uff0celektrisk distroboks, Kina, leverand\u00f8rer, fabrik, tilpasset, engros, <span style=\"color: #993366;\"><a style=\"color: #993366;\" href=\"https:\/\/sxflightcase.com\/da\/product-category\/all-product\/power-distribution-boxes\/\">str\u00f8mbokse<\/a>,\u00a0<a style=\"color: #993366;\" href=\"https:\/\/sxflightcase.com\/da\/product-category\/all-product\/hoist-controllers\/\">str\u00f8mkabler<\/a>,\u00a0<a style=\"color: #993366;\" href=\"https:\/\/sxflightcase.com\/da\/product-category\/all-product\/hoist-controllers\/\">hejseregulatorer<\/a>,\u00a0<a style=\"color: #993366;\" href=\"https:\/\/sxflightcase.com\/da\/product-category\/all-product\/flight-case\/\">flyvekasser.<\/a><\/span><\/p>","protected":false},"excerpt":{"rendered":"<h2 class=\"prodetails-name\">Abs Flight Case<\/h2>\n<p>Vi er en grossist af alle slags flightcases, vi leverer abs flightcases med h\u00e6ngel\u00e5se, der giver sikkerhed for ro i sindet, smarte stabelbare hj\u00f8rner giver dig mulighed for at l\u00e6gge flere etuier oven p\u00e5 hinanden med stor stabilitet, og fors\u00e6nkede h\u00e5ndtag er komfortable at b\u00e6re.<\/p>\n<h2><strong>Produktionsintroduktion<\/strong><\/h2>\n<p>Denne abs flightcase er designet af materialer af h\u00f8j kvalitet, lavet af ABS plast\/krydsfinerlaminat, skumforing, aluminiumsekstruderinger og kvalitetsbeslag.<\/p>","protected":false},"featured_media":1694,"comment_status":"open","ping_status":"closed","template":"","meta":[],"product_brand":[],"product_cat":[35],"product_tag":[47],"class_list":{"0":"post-1693","1":"product","2":"type-product","3":"status-publish","4":"has-post-thumbnail","6":"product_cat-standard-rack-cases","7":"product_tag-abs","9":"first","10":"instock","11":"shipping-taxable","12":"product-type-simple"},"yoast_head":"<!-- This site is optimized with the Yoast SEO Premium plugin v27.1 (Yoast SEO v27.2) - https:\/\/yoast.com\/product\/yoast-seo-premium-wordpress\/ -->\n<title>Abs Flight Case - https:\/\/sxflightcase.com \ud83d\udc97<\/title>\n<meta name=\"description\" content=\"Abs Flight Case: Discover our factory-direct options, offering professional customization for efficient organization and storage of your equipment.\" \/>\n<meta name=\"robots\" content=\"index, follow, max-snippet:-1, max-image-preview:large, max-video-preview:-1\" \/>\n<link rel=\"canonical\" href=\"https:\/\/sxflightcase.com\/da\/produit\/flight-case-en-abs-2\/\" \/>\n<meta property=\"og:locale\" content=\"da_DK\" \/>\n<meta property=\"og:type\" content=\"article\" \/>\n<meta property=\"og:title\" content=\"Abs Flight Case\" \/>\n<meta property=\"og:description\" content=\"Abs Flight Case: Discover our factory-direct options, offering professional customization for efficient organization and storage of your equipment.\" \/>\n<meta property=\"og:url\" content=\"https:\/\/sxflightcase.com\/da\/produit\/flight-case-en-abs-2\/\" \/>\n<meta property=\"og:site_name\" content=\"https:\/\/sxflightcase.com\" \/>\n<meta property=\"article:publisher\" content=\"https:\/\/www.facebook.com\/profile.php?id=61560407257971\" \/>\n<meta property=\"article:modified_time\" content=\"2024-06-27T06:27:48+00:00\" \/>\n<meta property=\"og:image\" content=\"https:\/\/sxflightcase.com\/wp-content\/uploads\/2024\/05\/abs-flight-case03384556144.webp\" \/>\n\t<meta property=\"og:image:width\" content=\"750\" \/>\n\t<meta property=\"og:image:height\" content=\"750\" \/>\n\t<meta property=\"og:image:type\" content=\"image\/webp\" \/>\n<meta name=\"twitter:card\" content=\"summary_large_image\" \/>\n<meta name=\"twitter:label1\" content=\"Estimeret l\u00e6setid\" \/>\n\t<meta name=\"twitter:data1\" content=\"3 minutter\" \/>\n<script type=\"application\/ld+json\" class=\"yoast-schema-graph\">{\"@context\":\"https:\/\/schema.org\",\"@graph\":[{\"@type\":\"WebPage\",\"@id\":\"https:\/\/sxflightcase.com\/fr\/produit\/flight-case-en-abs-2\/\",\"url\":\"https:\/\/sxflightcase.com\/fr\/produit\/flight-case-en-abs-2\/\",\"name\":\"Abs Flight Case - https:\/\/sxflightcase.com \ud83d\udc97\",\"isPartOf\":{\"@id\":\"https:\/\/sxflightcase.com\/th\/#website\"},\"primaryImageOfPage\":{\"@id\":\"https:\/\/sxflightcase.com\/fr\/produit\/flight-case-en-abs-2\/#primaryimage\"},\"image\":{\"@id\":\"https:\/\/sxflightcase.com\/fr\/produit\/flight-case-en-abs-2\/#primaryimage\"},\"thumbnailUrl\":\"https:\/\/sxflightcase.com\/wp-content\/uploads\/2024\/05\/abs-flight-case03384556144.webp\",\"datePublished\":\"2024-05-10T03:05:31+00:00\",\"dateModified\":\"2024-06-27T06:27:48+00:00\",\"description\":\"Abs Flight Case: Discover our factory-direct options, offering professional customization for efficient organization and storage of your equipment.\",\"breadcrumb\":{\"@id\":\"https:\/\/sxflightcase.com\/fr\/produit\/flight-case-en-abs-2\/#breadcrumb\"},\"inLanguage\":\"da-DK\",\"potentialAction\":[{\"@type\":\"ReadAction\",\"target\":[\"https:\/\/sxflightcase.com\/fr\/produit\/flight-case-en-abs-2\/\"]}]},{\"@type\":\"ImageObject\",\"inLanguage\":\"da-DK\",\"@id\":\"https:\/\/sxflightcase.com\/fr\/produit\/flight-case-en-abs-2\/#primaryimage\",\"url\":\"https:\/\/sxflightcase.com\/wp-content\/uploads\/2024\/05\/abs-flight-case03384556144.webp\",\"contentUrl\":\"https:\/\/sxflightcase.com\/wp-content\/uploads\/2024\/05\/abs-flight-case03384556144.webp\",\"width\":750,\"height\":750,\"caption\":\"Abs Flight Case\"},{\"@type\":\"BreadcrumbList\",\"@id\":\"https:\/\/sxflightcase.com\/fr\/produit\/flight-case-en-abs-2\/#breadcrumb\",\"itemListElement\":[{\"@type\":\"ListItem\",\"position\":1,\"name\":\"Home\",\"item\":\"https:\/\/sxflightcase.com\/\"},{\"@type\":\"ListItem\",\"position\":2,\"name\":\"\u0e2a\u0e34\u0e19\u0e04\u0e49\u0e32\",\"item\":\"https:\/\/sxflightcase.com\/th\/shop\/\"},{\"@type\":\"ListItem\",\"position\":3,\"name\":\"Abs Flight Case\"}]},{\"@type\":\"WebSite\",\"@id\":\"https:\/\/sxflightcase.com\/th\/#website\",\"url\":\"https:\/\/sxflightcase.com\/th\/\",\"name\":\"sxpowercase.com\",\"description\":\"Flight Case Factory\",\"publisher\":{\"@id\":\"https:\/\/sxflightcase.com\/th\/#organization\"},\"potentialAction\":[{\"@type\":\"SearchAction\",\"target\":{\"@type\":\"EntryPoint\",\"urlTemplate\":\"https:\/\/sxflightcase.com\/th\/?s={search_term_string}\"},\"query-input\":{\"@type\":\"PropertyValueSpecification\",\"valueRequired\":true,\"valueName\":\"search_term_string\"}}],\"inLanguage\":\"da-DK\"},{\"@type\":\"Organization\",\"@id\":\"https:\/\/sxflightcase.com\/th\/#organization\",\"name\":\"sxpowercase.com\",\"url\":\"https:\/\/sxflightcase.com\/th\/\",\"logo\":{\"@type\":\"ImageObject\",\"inLanguage\":\"da-DK\",\"@id\":\"https:\/\/sxflightcase.com\/th\/#\/schema\/logo\/image\/\",\"url\":\"https:\/\/sxflightcase.com\/wp-content\/uploads\/2024\/04\/1713919036007.jpg\",\"contentUrl\":\"https:\/\/sxflightcase.com\/wp-content\/uploads\/2024\/04\/1713919036007.jpg\",\"width\":382,\"height\":388,\"caption\":\"sxpowercase.com\"},\"image\":{\"@id\":\"https:\/\/sxflightcase.com\/th\/#\/schema\/logo\/image\/\"},\"sameAs\":[\"https:\/\/www.facebook.com\/profile.php?id=61560407257971\"],\"numberOfEmployees\":{\"@type\":\"QuantitativeValue\",\"minValue\":\"11\",\"maxValue\":\"50\"}}]}<\/script>\n<!-- \/ Yoast SEO Premium plugin. -->","yoast_head_json":{"title":"Abs Flight Case - https:\/\/sxflightcase.com \ud83d\udc97","description":"Abs Flight Case: Oplev vores fabriksfremstillede muligheder, der tilbyder professionel tilpasning til effektiv organisering og opbevaring af dit udstyr.","robots":{"index":"index","follow":"follow","max-snippet":"max-snippet:-1","max-image-preview":"max-image-preview:large","max-video-preview":"max-video-preview:-1"},"canonical":"https:\/\/sxflightcase.com\/da\/produit\/flight-case-en-abs-2\/","og_locale":"da_DK","og_type":"article","og_title":"Abs Flight Case","og_description":"Abs Flight Case: Discover our factory-direct options, offering professional customization for efficient organization and storage of your equipment.","og_url":"https:\/\/sxflightcase.com\/da\/produit\/flight-case-en-abs-2\/","og_site_name":"https:\/\/sxflightcase.com","article_publisher":"https:\/\/www.facebook.com\/profile.php?id=61560407257971","article_modified_time":"2024-06-27T06:27:48+00:00","og_image":[{"width":750,"height":750,"url":"https:\/\/sxflightcase.com\/wp-content\/uploads\/2024\/05\/abs-flight-case03384556144.webp","type":"image\/webp"}],"twitter_card":"summary_large_image","twitter_misc":{"Estimeret l\u00e6setid":"3 minutter"},"schema":{"@context":"https:\/\/schema.org","@graph":[{"@type":"WebPage","@id":"https:\/\/sxflightcase.com\/fr\/produit\/flight-case-en-abs-2\/","url":"https:\/\/sxflightcase.com\/fr\/produit\/flight-case-en-abs-2\/","name":"Abs Flight Case - https:\/\/sxflightcase.com \ud83d\udc97","isPartOf":{"@id":"https:\/\/sxflightcase.com\/th\/#website"},"primaryImageOfPage":{"@id":"https:\/\/sxflightcase.com\/fr\/produit\/flight-case-en-abs-2\/#primaryimage"},"image":{"@id":"https:\/\/sxflightcase.com\/fr\/produit\/flight-case-en-abs-2\/#primaryimage"},"thumbnailUrl":"https:\/\/sxflightcase.com\/wp-content\/uploads\/2024\/05\/abs-flight-case03384556144.webp","datePublished":"2024-05-10T03:05:31+00:00","dateModified":"2024-06-27T06:27:48+00:00","description":"Abs Flight Case: Oplev vores fabriksfremstillede muligheder, der tilbyder professionel tilpasning til effektiv organisering og opbevaring af dit udstyr.","breadcrumb":{"@id":"https:\/\/sxflightcase.com\/fr\/produit\/flight-case-en-abs-2\/#breadcrumb"},"inLanguage":"da-DK","potentialAction":[{"@type":"ReadAction","target":["https:\/\/sxflightcase.com\/fr\/produit\/flight-case-en-abs-2\/"]}]},{"@type":"ImageObject","inLanguage":"da-DK","@id":"https:\/\/sxflightcase.com\/fr\/produit\/flight-case-en-abs-2\/#primaryimage","url":"https:\/\/sxflightcase.com\/wp-content\/uploads\/2024\/05\/abs-flight-case03384556144.webp","contentUrl":"https:\/\/sxflightcase.com\/wp-content\/uploads\/2024\/05\/abs-flight-case03384556144.webp","width":750,"height":750,"caption":"Abs Flight Case"},{"@type":"BreadcrumbList","@id":"https:\/\/sxflightcase.com\/fr\/produit\/flight-case-en-abs-2\/#breadcrumb","itemListElement":[{"@type":"ListItem","position":1,"name":"Home","item":"https:\/\/sxflightcase.com\/"},{"@type":"ListItem","position":2,"name":"\u0e2a\u0e34\u0e19\u0e04\u0e49\u0e32","item":"https:\/\/sxflightcase.com\/th\/shop\/"},{"@type":"ListItem","position":3,"name":"Abs Flight Case"}]},{"@type":"WebSite","@id":"https:\/\/sxflightcase.com\/th\/#website","url":"https:\/\/sxflightcase.com\/th\/","name":"sxpowercase.com","description":"Flight Case Factory","publisher":{"@id":"https:\/\/sxflightcase.com\/th\/#organization"},"potentialAction":[{"@type":"SearchAction","target":{"@type":"EntryPoint","urlTemplate":"https:\/\/sxflightcase.com\/th\/?s={search_term_string}"},"query-input":{"@type":"PropertyValueSpecification","valueRequired":true,"valueName":"search_term_string"}}],"inLanguage":"da-DK"},{"@type":"Organization","@id":"https:\/\/sxflightcase.com\/th\/#organization","name":"sxpowercase.com","url":"https:\/\/sxflightcase.com\/th\/","logo":{"@type":"ImageObject","inLanguage":"da-DK","@id":"https:\/\/sxflightcase.com\/th\/#\/schema\/logo\/image\/","url":"https:\/\/sxflightcase.com\/wp-content\/uploads\/2024\/04\/1713919036007.jpg","contentUrl":"https:\/\/sxflightcase.com\/wp-content\/uploads\/2024\/04\/1713919036007.jpg","width":382,"height":388,"caption":"sxpowercase.com"},"image":{"@id":"https:\/\/sxflightcase.com\/th\/#\/schema\/logo\/image\/"},"sameAs":["https:\/\/www.facebook.com\/profile.php?id=61560407257971"],"numberOfEmployees":{"@type":"QuantitativeValue","minValue":"11","maxValue":"50"}}]}},"_links":{"self":[{"href":"https:\/\/sxflightcase.com\/da\/wp-json\/wp\/v2\/product\/1693","targetHints":{"allow":["GET"]}}],"collection":[{"href":"https:\/\/sxflightcase.com\/da\/wp-json\/wp\/v2\/product"}],"about":[{"href":"https:\/\/sxflightcase.com\/da\/wp-json\/wp\/v2\/types\/product"}],"replies":[{"embeddable":true,"href":"https:\/\/sxflightcase.com\/da\/wp-json\/wp\/v2\/comments?post=1693"}],"version-history":[{"count":0,"href":"https:\/\/sxflightcase.com\/da\/wp-json\/wp\/v2\/product\/1693\/revisions"}],"wp:featuredmedia":[{"embeddable":true,"href":"https:\/\/sxflightcase.com\/da\/wp-json\/wp\/v2\/media\/1694"}],"wp:attachment":[{"href":"https:\/\/sxflightcase.com\/da\/wp-json\/wp\/v2\/media?parent=1693"}],"wp:term":[{"taxonomy":"product_brand","embeddable":true,"href":"https:\/\/sxflightcase.com\/da\/wp-json\/wp\/v2\/product_brand?post=1693"},{"taxonomy":"product_cat","embeddable":true,"href":"https:\/\/sxflightcase.com\/da\/wp-json\/wp\/v2\/product_cat?post=1693"},{"taxonomy":"product_tag","embeddable":true,"href":"https:\/\/sxflightcase.com\/da\/wp-json\/wp\/v2\/product_tag?post=1693"}],"curies":[{"name":"wp","href":"https:\/\/api.w.org\/{rel}","templated":true}]}}