{"id":1706,"date":"2024-05-10T04:32:41","date_gmt":"2024-05-10T03:32:41","guid":{"rendered":"https:\/\/sxpowercase.com\/?post_type=product&#038;p=1706"},"modified":"2024-06-27T07:27:47","modified_gmt":"2024-06-27T06:27:47","slug":"moving-head-flight-case","status":"publish","type":"product","link":"https:\/\/sxflightcase.com\/da\/vare\/flightcase-med-bevaegeligt-hoved\/","title":{"rendered":"Moving Head Flight Case"},"content":{"rendered":"<p><strong>Produktparameter (specifikation)<\/strong><\/p>\n<section class=\"table-wrap\">\n<table class=\"table\" width=\"100%\" cellspacing=\"0\" cellpadding=\"0\">\n<tbody>\n<tr class=\"firstRow\">\n<td>Produktnavn<\/td>\n<td>Bev\u00e6geligt hoved <a class=\"wpil_keyword_link\" title=\"flight case\" href=\"https:\/\/sxpowercase.com\/product-category\/all-product\/flight-case\/\" target=\"_blank\" rel=\"noopener\" data-wpil-keyword-link=\"linked\" data-wpil-monitor-id=\"409\">flight case<\/a><\/td>\n<\/tr>\n<tr>\n<td>Materiale<\/td>\n<td>Aluminiumsramme+ Brandsikker +12mm Krydsfiner<\/td>\n<\/tr>\n<tr>\n<td>Indenfor<\/td>\n<td>H\u00f8jdensitet st\u00f8dsikkert skum<\/td>\n<\/tr>\n<tr>\n<td>St\u00f8rrelse<\/td>\n<td>Kan tilpasses<\/td>\n<\/tr>\n<tr>\n<td>Tilbeh\u00f8r<\/td>\n<td>Fire sommerfuglel\u00e5se, fire hjul til nem transport, fire st\u00e6rke h\u00e5ndtag<\/td>\n<\/tr>\n<tr>\n<td>Skik<\/td>\n<td>Alle former for tilpasninger er velkomne, s\u00e5som aluminiumskassens materiale, dimension, indvendige fyldninger, h\u00e5ndtag, l\u00e5se og s\u00e5 videre.<\/td>\n<\/tr>\n<tr>\n<td>Pr\u00f8vetid<\/td>\n<td>Ca 3-5 hverdage<\/td>\n<\/tr>\n<tr>\n<td>Formel bestillingstid<\/td>\n<td>omkring 15-20 dage<\/td>\n<\/tr>\n<tr>\n<td>Pakning<\/td>\n<td>Boblepose + karton<\/td>\n<\/tr>\n<\/tbody>\n<\/table>\n<\/section>\n<p><strong>Pakning og forsendelse<\/strong><\/p>\n<section class=\"table-wrap\">\n<table class=\"table\" width=\"100%\" cellspacing=\"0\" cellpadding=\"0\">\n<tbody>\n<tr class=\"firstRow\">\n<td colspan=\"3\" width=\"100%\">Emballage &amp; forsendelse<\/td>\n<\/tr>\n<tr>\n<td rowspan=\"3\" width=\"33%\">Leveringstid<\/td>\n<td width=\"33%\">Ved havet<\/td>\n<td width=\"33%\">15-60 dage<\/td>\n<\/tr>\n<tr>\n<td width=\"33%\">Med fly<\/td>\n<td width=\"33%\">4-9 dage<\/td>\n<\/tr>\n<tr>\n<td width=\"33%\">Ved ekspres<\/td>\n<td width=\"33%\">4-9 dage<\/td>\n<\/tr>\n<tr>\n<td width=\"33%\">Leveringstid<\/td>\n<td colspan=\"2\" width=\"66%\">7-15 arbejder eller som dine \u00f8nsker<\/td>\n<\/tr>\n<tr>\n<td width=\"33%\">Emballage<\/td>\n<td colspan=\"2\" width=\"66%\">Med karton eller som dit krav<\/td>\n<\/tr>\n<\/tbody>\n<\/table>\n<\/section>\n<h1>Beskyt dit lysudstyr med SX's Moving Head Flight Case<\/h1>\n<h2>Overlegen beskyttelse af dine bev\u00e6gelige forlygter<\/h2>\n<p>De <a href=\"https:\/\/sxpowercase.com\/\" target=\"_blank\" rel=\"noopener\" title=\"SX\" data-wpil-monitor-id=\"468\">SX<\/a> Moving Head Flight Case giver uovertruffen beskyttelse af dine v\u00e6rdifulde Moving Head-lygter. Fremstillet af materialer af h\u00f8j kvalitet, denne <a href=\"https:\/\/sxpowercase.com\/flight-case\/\" target=\"_blank\" rel=\"noopener\" data-wpil-monitor-id=\"493\">Flightcase sikrer, at dit udstyr forbliver sikkert<\/a> og sikkert under transport. Uanset om du er professionel DJ, turnerende musiker eller scenetekniker, er SX Moving Head Flight Case den perfekte l\u00f8sning til at beskytte dit lysudstyr.<\/p>\n<h2>Holdbar og p\u00e5lidelig<\/h2>\n<h3>Bygget til at modst\u00e5 belastninger<\/h3>\n<p>SX's Moving Head Flight Case er bygget til at holde. Den robuste konstruktion omfatter forst\u00e6rkede hj\u00f8rner og kraftige l\u00e5se, der giver maksimal holdbarhed. Det robuste ydre beskytter dit udstyr mod st\u00f8d, mens det specialfremstillede skum indvendigt holder dine lygter sikre og polstrede. Denne flightcase er designet til at modst\u00e5 strabadserne ved hyppige rejser og sikrer, at dit udstyr altid er beskyttet.<\/p>\n<h2>Direkte salg fra fabrikken giver enest\u00e5ende v\u00e6rdi<\/h2>\n<h3>Prisbillig kvalitet<\/h3>\n<p>Hos SX tilbyder vi vores Moving Head Flight Case gennem direkte salg fra fabrikken, hvilket sikrer, at du f\u00e5r enest\u00e5ende v\u00e6rdi. Ved at eliminere mellemmanden giver vi besparelserne direkte videre til dig. Det giver dig mulighed for at investere i f\u00f8rsteklasses beskyttelse af dit lysudstyr til en konkurrencedygtig pris, s\u00e5 du kan maksimere dit budget uden at g\u00e5 p\u00e5 kompromis med kvaliteten.<\/p>\n<h2>Tilpasningstjenester, der passer til dine behov<\/h2>\n<h3>Skr\u00e6ddersyede l\u00f8sninger<\/h3>\n<p>Hver sceneops\u00e6tning er unik, og det er dine behov ogs\u00e5. SX tilbyder tilpasning af vores Moving Head Flight Case, s\u00e5 du kan skr\u00e6ddersy den til dine specifikke behov. Fra brugerdefinerede dimensioner til specialiserede rum sikrer vi, at din flightcase passer perfekt til dit udstyr. Oplev bekvemmeligheden og sikkerheden ved en specialbygget kuffert, der er designet lige til dig.<\/p>\n<h2>Forbedre dit professionelle image<\/h2>\n<h3>Professionalisme og p\u00e5lidelighed<\/h3>\n<p>N\u00e5r du bruger SX's Moving Head Flight Case, beskytter du ikke kun dit udstyr, men forbedrer ogs\u00e5 dit professionelle image. Vores p\u00e5lidelige og stilfulde flightcase sikrer, at dit udstyr ankommer i perfekt stand og imponerer b\u00e5de kunder og publikum. L\u00f8ft dine forretningsaktiviteter med en kuffert, der afspejler kvaliteten af dit arbejde og dit brands professionalisme.<\/p>\n<hr \/>\n<p>V\u00e6lg SX's Flight Case for at f\u00e5 overlegen beskyttelse, holdbarhed og v\u00e6rdi. Kontakt os i dag for at h\u00f8re mere om vores direkte fabrikssalg og tilpasningsmuligheder. Med SX kan du stole p\u00e5, at dine k\u00f8relys er i de bedst mulige h\u00e6nder. Invester i overlegen beskyttelse, og l\u00f8ft din virksomhed med vores f\u00f8rsteklasses flightcases.<\/p>\n<p><strong>FAQ<\/strong><\/p>\n<p>Q: Hvor mange forskellige typer produkter fremstiller din virksomhed?<\/p>\n<p>A: Nu har vi mere end 1.000 produkter. Vi har en st\u00e6rk fordel ved OEM, bare giv os de faktiske produkter eller din id\u00e9, som du vil have, vi vil fremstille for dig.<\/p>\n<p>Q: Kan du lave vores egen emballage?<\/p>\n<p>A: Ja, du leverer bare pakkedesignet, og vi producerer det, du \u00f8nsker. Vi har ogs\u00e5 den professionelle designer, der kan hj\u00e6lpe dig med at lave emballagedesignet.<\/p>\n<p>Q: Hvilken betalingsform kan du acceptere?<\/p>\n<p>A: T\/T, Western Union osv. Vi accepterer alle praktiske og hurtige betalingsbetingelser.<\/p>\n<p>Hot Tags: Lav pris, p\u00e5 lager, gratis pr\u00f8ve, str\u00f8m- og signalkabel, 16 gauge 4-lederledning, mikrofonstativkasse, udend\u00f8rs LED-sk\u00e6rmskab, rackmontering, 19 \"rackmonterede mixerflykasser \uff0c elektrisk distroboks, Kina, leverand\u00f8rer, fabrik, tilpasset, engros, Moving Head Flight Case,<span style=\"color: #993366;\"><a style=\"color: #993366;\" href=\"https:\/\/sxflightcase.com\/da\/product-category\/all-product\/power-distribution-boxes\/\">magt<\/a><\/span> kasser,\u00a0<a style=\"color: #993366;\" href=\"https:\/\/sxflightcase.com\/da\/product-category\/all-product\/hoist-controllers\/\">str\u00f8mkabler<\/a>,\u00a0<a style=\"color: #993366;\" href=\"https:\/\/sxflightcase.com\/da\/product-category\/all-product\/hoist-controllers\/\">hejseregulatorer<\/a>,<\/p>","protected":false},"excerpt":{"rendered":"<h2 class=\"prodetails-name\">Moving Head Flight Case<\/h2>\n<p>Vi er glade for at kunne tilbyde en r\u00e6kke robuste rejsel\u00f8sninger til professionelle inden for branchen, s\u00e5 de kan transportere og opbevare deres moving heads eller lignende sikkert. I \u00e5renes l\u00f8b har vi brugt mange timer p\u00e5 at designe den perfekte l\u00f8sning til at transportere dine elskede lamper uden frygt for skader.<\/p>\n<h2><strong>Produktionsintroduktion<\/strong><\/h2>\n<p>Bev\u00e6geligt hoved <a class=\"wpil_keyword_link\" title=\"flight case\" href=\"https:\/\/sxpowercase.com\/product-category\/all-product\/flight-case\/\" target=\"_blank\" rel=\"noopener\" data-wpil-keyword-link=\"linked\" data-wpil-monitor-id=\"410\">flight case<\/a><\/p>\n<p>- Type: H\u00e6ngslet l\u00e5g<\/p>\n<p>- Materiale: 9 mm sort brandh\u00e6mmende lamineret plade. Andre farver f\u00e5s (l\u00e6g i kurven for at se)<\/p>\n<p>- Int Dims: Specialbygget til at passe til dit Moving-hoved<\/p>\n<p>- Udvendige m\u00e5l: Specialbygget til at passe til dit Moving head<\/p>\n<p>- Skum: Skumforet i 20 mm h\u00f8jdensitetsskum<\/p>\n<p>- Kraftig Penn Elcom eller egne beslag<\/p>\n<p>- Central skillev\u00e6g udstyret med et 100 mm rum<\/p>\n<p>- Hjul: 100 mm hjul monteret (x2 bremser)<\/p>","protected":false},"featured_media":1707,"comment_status":"open","ping_status":"closed","template":"","meta":[],"product_brand":[],"product_cat":[41],"product_tag":[],"class_list":{"0":"post-1706","1":"product","2":"type-product","3":"status-publish","4":"has-post-thumbnail","6":"product_cat-equipment-cases","8":"first","9":"instock","10":"shipping-taxable","11":"product-type-simple"},"yoast_head":"<!-- This site is optimized with the Yoast SEO Premium plugin v27.1 (Yoast SEO v27.2) - https:\/\/yoast.com\/product\/yoast-seo-premium-wordpress\/ -->\n<title>Moving Head Flight Case - https:\/\/sxflightcase.com \ud83d\udc97<\/title>\n<meta name=\"description\" content=\"Moving Head Flight Case: Explore factory-direct sales and professional customization options for organizing and protecting your lighting equipment efficiently.\" \/>\n<meta name=\"robots\" content=\"index, follow, max-snippet:-1, max-image-preview:large, max-video-preview:-1\" \/>\n<link rel=\"canonical\" href=\"https:\/\/sxflightcase.com\/da\/\u88fd\u54c1\/\u30e0\u30fc\u30d3\u30f3\u30b0\u30d8\u30c3\u30c9\u30fb\u30d5\u30e9\u30a4\u30c8\u30b1\u30fc\u30b9\/\" \/>\n<meta property=\"og:locale\" content=\"da_DK\" \/>\n<meta property=\"og:type\" content=\"article\" \/>\n<meta property=\"og:title\" content=\"Moving Head Flight Case\" \/>\n<meta property=\"og:description\" content=\"Moving Head Flight Case: Explore factory-direct sales and professional customization options for organizing and protecting your lighting equipment efficiently.\" \/>\n<meta property=\"og:url\" content=\"https:\/\/sxflightcase.com\/da\/\u88fd\u54c1\/\u30e0\u30fc\u30d3\u30f3\u30b0\u30d8\u30c3\u30c9\u30fb\u30d5\u30e9\u30a4\u30c8\u30b1\u30fc\u30b9\/\" \/>\n<meta property=\"og:site_name\" content=\"https:\/\/sxflightcase.com\" \/>\n<meta property=\"article:publisher\" content=\"https:\/\/www.facebook.com\/profile.php?id=61560407257971\" \/>\n<meta property=\"article:modified_time\" content=\"2024-06-27T06:27:47+00:00\" \/>\n<meta property=\"og:image\" content=\"https:\/\/sxflightcase.com\/wp-content\/uploads\/2024\/05\/moving-head-flight-case21176673442.jpg\" \/>\n\t<meta property=\"og:image:width\" content=\"700\" \/>\n\t<meta property=\"og:image:height\" content=\"700\" \/>\n\t<meta property=\"og:image:type\" content=\"image\/jpeg\" \/>\n<meta name=\"twitter:card\" content=\"summary_large_image\" \/>\n<meta name=\"twitter:label1\" content=\"Estimeret l\u00e6setid\" \/>\n\t<meta name=\"twitter:data1\" content=\"4 minutter\" \/>\n<script type=\"application\/ld+json\" class=\"yoast-schema-graph\">{\"@context\":\"https:\/\/schema.org\",\"@graph\":[{\"@type\":\"WebPage\",\"@id\":\"https:\/\/sxflightcase.com\/ja\/\u88fd\u54c1\/\u30e0\u30fc\u30d3\u30f3\u30b0\u30d8\u30c3\u30c9\u30fb\u30d5\u30e9\u30a4\u30c8\u30b1\u30fc\u30b9\/\",\"url\":\"https:\/\/sxflightcase.com\/ja\/\u88fd\u54c1\/\u30e0\u30fc\u30d3\u30f3\u30b0\u30d8\u30c3\u30c9\u30fb\u30d5\u30e9\u30a4\u30c8\u30b1\u30fc\u30b9\/\",\"name\":\"Moving Head Flight Case - https:\/\/sxflightcase.com \ud83d\udc97\",\"isPartOf\":{\"@id\":\"https:\/\/sxflightcase.com\/th\/#website\"},\"primaryImageOfPage\":{\"@id\":\"https:\/\/sxflightcase.com\/ja\/\u88fd\u54c1\/\u30e0\u30fc\u30d3\u30f3\u30b0\u30d8\u30c3\u30c9\u30fb\u30d5\u30e9\u30a4\u30c8\u30b1\u30fc\u30b9\/#primaryimage\"},\"image\":{\"@id\":\"https:\/\/sxflightcase.com\/ja\/\u88fd\u54c1\/\u30e0\u30fc\u30d3\u30f3\u30b0\u30d8\u30c3\u30c9\u30fb\u30d5\u30e9\u30a4\u30c8\u30b1\u30fc\u30b9\/#primaryimage\"},\"thumbnailUrl\":\"https:\/\/sxflightcase.com\/wp-content\/uploads\/2024\/05\/moving-head-flight-case21176673442.jpg\",\"datePublished\":\"2024-05-10T03:32:41+00:00\",\"dateModified\":\"2024-06-27T06:27:47+00:00\",\"description\":\"Moving Head Flight Case: Explore factory-direct sales and professional customization options for organizing and protecting your lighting equipment efficiently.\",\"breadcrumb\":{\"@id\":\"https:\/\/sxflightcase.com\/ja\/\u88fd\u54c1\/\u30e0\u30fc\u30d3\u30f3\u30b0\u30d8\u30c3\u30c9\u30fb\u30d5\u30e9\u30a4\u30c8\u30b1\u30fc\u30b9\/#breadcrumb\"},\"inLanguage\":\"da-DK\",\"potentialAction\":[{\"@type\":\"ReadAction\",\"target\":[\"https:\/\/sxflightcase.com\/ja\/\u88fd\u54c1\/\u30e0\u30fc\u30d3\u30f3\u30b0\u30d8\u30c3\u30c9\u30fb\u30d5\u30e9\u30a4\u30c8\u30b1\u30fc\u30b9\/\"]}]},{\"@type\":\"ImageObject\",\"inLanguage\":\"da-DK\",\"@id\":\"https:\/\/sxflightcase.com\/ja\/\u88fd\u54c1\/\u30e0\u30fc\u30d3\u30f3\u30b0\u30d8\u30c3\u30c9\u30fb\u30d5\u30e9\u30a4\u30c8\u30b1\u30fc\u30b9\/#primaryimage\",\"url\":\"https:\/\/sxflightcase.com\/wp-content\/uploads\/2024\/05\/moving-head-flight-case21176673442.jpg\",\"contentUrl\":\"https:\/\/sxflightcase.com\/wp-content\/uploads\/2024\/05\/moving-head-flight-case21176673442.jpg\",\"width\":700,\"height\":700,\"caption\":\"Moving Head Flight Case\"},{\"@type\":\"BreadcrumbList\",\"@id\":\"https:\/\/sxflightcase.com\/ja\/\u88fd\u54c1\/\u30e0\u30fc\u30d3\u30f3\u30b0\u30d8\u30c3\u30c9\u30fb\u30d5\u30e9\u30a4\u30c8\u30b1\u30fc\u30b9\/#breadcrumb\",\"itemListElement\":[{\"@type\":\"ListItem\",\"position\":1,\"name\":\"Home\",\"item\":\"https:\/\/sxflightcase.com\/\"},{\"@type\":\"ListItem\",\"position\":2,\"name\":\"\u0e2a\u0e34\u0e19\u0e04\u0e49\u0e32\",\"item\":\"https:\/\/sxflightcase.com\/th\/shop\/\"},{\"@type\":\"ListItem\",\"position\":3,\"name\":\"Moving Head Flight Case\"}]},{\"@type\":\"WebSite\",\"@id\":\"https:\/\/sxflightcase.com\/th\/#website\",\"url\":\"https:\/\/sxflightcase.com\/th\/\",\"name\":\"sxpowercase.com\",\"description\":\"Flight Case Factory\",\"publisher\":{\"@id\":\"https:\/\/sxflightcase.com\/th\/#organization\"},\"potentialAction\":[{\"@type\":\"SearchAction\",\"target\":{\"@type\":\"EntryPoint\",\"urlTemplate\":\"https:\/\/sxflightcase.com\/th\/?s={search_term_string}\"},\"query-input\":{\"@type\":\"PropertyValueSpecification\",\"valueRequired\":true,\"valueName\":\"search_term_string\"}}],\"inLanguage\":\"da-DK\"},{\"@type\":\"Organization\",\"@id\":\"https:\/\/sxflightcase.com\/th\/#organization\",\"name\":\"sxpowercase.com\",\"url\":\"https:\/\/sxflightcase.com\/th\/\",\"logo\":{\"@type\":\"ImageObject\",\"inLanguage\":\"da-DK\",\"@id\":\"https:\/\/sxflightcase.com\/th\/#\/schema\/logo\/image\/\",\"url\":\"https:\/\/sxflightcase.com\/wp-content\/uploads\/2024\/04\/1713919036007.jpg\",\"contentUrl\":\"https:\/\/sxflightcase.com\/wp-content\/uploads\/2024\/04\/1713919036007.jpg\",\"width\":382,\"height\":388,\"caption\":\"sxpowercase.com\"},\"image\":{\"@id\":\"https:\/\/sxflightcase.com\/th\/#\/schema\/logo\/image\/\"},\"sameAs\":[\"https:\/\/www.facebook.com\/profile.php?id=61560407257971\"],\"numberOfEmployees\":{\"@type\":\"QuantitativeValue\",\"minValue\":\"11\",\"maxValue\":\"50\"}}]}<\/script>\n<!-- \/ Yoast SEO Premium plugin. -->","yoast_head_json":{"title":"Moving Head Flight Case - https:\/\/sxflightcase.com \ud83d\udc97","description":"Moving Head Flight Case: Udforsk fabriksdirekte salg og professionelle tilpasningsmuligheder for at organisere og beskytte dit belysningsudstyr effektivt.","robots":{"index":"index","follow":"follow","max-snippet":"max-snippet:-1","max-image-preview":"max-image-preview:large","max-video-preview":"max-video-preview:-1"},"canonical":"https:\/\/sxflightcase.com\/da\/\u88fd\u54c1\/\u30e0\u30fc\u30d3\u30f3\u30b0\u30d8\u30c3\u30c9\u30fb\u30d5\u30e9\u30a4\u30c8\u30b1\u30fc\u30b9\/","og_locale":"da_DK","og_type":"article","og_title":"Moving Head Flight Case","og_description":"Moving Head Flight Case: Explore factory-direct sales and professional customization options for organizing and protecting your lighting equipment efficiently.","og_url":"https:\/\/sxflightcase.com\/da\/\u88fd\u54c1\/\u30e0\u30fc\u30d3\u30f3\u30b0\u30d8\u30c3\u30c9\u30fb\u30d5\u30e9\u30a4\u30c8\u30b1\u30fc\u30b9\/","og_site_name":"https:\/\/sxflightcase.com","article_publisher":"https:\/\/www.facebook.com\/profile.php?id=61560407257971","article_modified_time":"2024-06-27T06:27:47+00:00","og_image":[{"width":700,"height":700,"url":"https:\/\/sxflightcase.com\/wp-content\/uploads\/2024\/05\/moving-head-flight-case21176673442.jpg","type":"image\/jpeg"}],"twitter_card":"summary_large_image","twitter_misc":{"Estimeret l\u00e6setid":"4 minutter"},"schema":{"@context":"https:\/\/schema.org","@graph":[{"@type":"WebPage","@id":"https:\/\/sxflightcase.com\/ja\/\u88fd\u54c1\/\u30e0\u30fc\u30d3\u30f3\u30b0\u30d8\u30c3\u30c9\u30fb\u30d5\u30e9\u30a4\u30c8\u30b1\u30fc\u30b9\/","url":"https:\/\/sxflightcase.com\/ja\/\u88fd\u54c1\/\u30e0\u30fc\u30d3\u30f3\u30b0\u30d8\u30c3\u30c9\u30fb\u30d5\u30e9\u30a4\u30c8\u30b1\u30fc\u30b9\/","name":"Moving Head Flight Case - https:\/\/sxflightcase.com \ud83d\udc97","isPartOf":{"@id":"https:\/\/sxflightcase.com\/th\/#website"},"primaryImageOfPage":{"@id":"https:\/\/sxflightcase.com\/ja\/\u88fd\u54c1\/\u30e0\u30fc\u30d3\u30f3\u30b0\u30d8\u30c3\u30c9\u30fb\u30d5\u30e9\u30a4\u30c8\u30b1\u30fc\u30b9\/#primaryimage"},"image":{"@id":"https:\/\/sxflightcase.com\/ja\/\u88fd\u54c1\/\u30e0\u30fc\u30d3\u30f3\u30b0\u30d8\u30c3\u30c9\u30fb\u30d5\u30e9\u30a4\u30c8\u30b1\u30fc\u30b9\/#primaryimage"},"thumbnailUrl":"https:\/\/sxflightcase.com\/wp-content\/uploads\/2024\/05\/moving-head-flight-case21176673442.jpg","datePublished":"2024-05-10T03:32:41+00:00","dateModified":"2024-06-27T06:27:47+00:00","description":"Moving Head Flight Case: Udforsk fabriksdirekte salg og professionelle tilpasningsmuligheder for at organisere og beskytte dit belysningsudstyr effektivt.","breadcrumb":{"@id":"https:\/\/sxflightcase.com\/ja\/\u88fd\u54c1\/\u30e0\u30fc\u30d3\u30f3\u30b0\u30d8\u30c3\u30c9\u30fb\u30d5\u30e9\u30a4\u30c8\u30b1\u30fc\u30b9\/#breadcrumb"},"inLanguage":"da-DK","potentialAction":[{"@type":"ReadAction","target":["https:\/\/sxflightcase.com\/ja\/\u88fd\u54c1\/\u30e0\u30fc\u30d3\u30f3\u30b0\u30d8\u30c3\u30c9\u30fb\u30d5\u30e9\u30a4\u30c8\u30b1\u30fc\u30b9\/"]}]},{"@type":"ImageObject","inLanguage":"da-DK","@id":"https:\/\/sxflightcase.com\/ja\/\u88fd\u54c1\/\u30e0\u30fc\u30d3\u30f3\u30b0\u30d8\u30c3\u30c9\u30fb\u30d5\u30e9\u30a4\u30c8\u30b1\u30fc\u30b9\/#primaryimage","url":"https:\/\/sxflightcase.com\/wp-content\/uploads\/2024\/05\/moving-head-flight-case21176673442.jpg","contentUrl":"https:\/\/sxflightcase.com\/wp-content\/uploads\/2024\/05\/moving-head-flight-case21176673442.jpg","width":700,"height":700,"caption":"Moving Head Flight Case"},{"@type":"BreadcrumbList","@id":"https:\/\/sxflightcase.com\/ja\/\u88fd\u54c1\/\u30e0\u30fc\u30d3\u30f3\u30b0\u30d8\u30c3\u30c9\u30fb\u30d5\u30e9\u30a4\u30c8\u30b1\u30fc\u30b9\/#breadcrumb","itemListElement":[{"@type":"ListItem","position":1,"name":"Home","item":"https:\/\/sxflightcase.com\/"},{"@type":"ListItem","position":2,"name":"\u0e2a\u0e34\u0e19\u0e04\u0e49\u0e32","item":"https:\/\/sxflightcase.com\/th\/shop\/"},{"@type":"ListItem","position":3,"name":"Moving Head Flight Case"}]},{"@type":"WebSite","@id":"https:\/\/sxflightcase.com\/th\/#website","url":"https:\/\/sxflightcase.com\/th\/","name":"sxpowercase.com","description":"Flight Case Factory","publisher":{"@id":"https:\/\/sxflightcase.com\/th\/#organization"},"potentialAction":[{"@type":"SearchAction","target":{"@type":"EntryPoint","urlTemplate":"https:\/\/sxflightcase.com\/th\/?s={search_term_string}"},"query-input":{"@type":"PropertyValueSpecification","valueRequired":true,"valueName":"search_term_string"}}],"inLanguage":"da-DK"},{"@type":"Organization","@id":"https:\/\/sxflightcase.com\/th\/#organization","name":"sxpowercase.com","url":"https:\/\/sxflightcase.com\/th\/","logo":{"@type":"ImageObject","inLanguage":"da-DK","@id":"https:\/\/sxflightcase.com\/th\/#\/schema\/logo\/image\/","url":"https:\/\/sxflightcase.com\/wp-content\/uploads\/2024\/04\/1713919036007.jpg","contentUrl":"https:\/\/sxflightcase.com\/wp-content\/uploads\/2024\/04\/1713919036007.jpg","width":382,"height":388,"caption":"sxpowercase.com"},"image":{"@id":"https:\/\/sxflightcase.com\/th\/#\/schema\/logo\/image\/"},"sameAs":["https:\/\/www.facebook.com\/profile.php?id=61560407257971"],"numberOfEmployees":{"@type":"QuantitativeValue","minValue":"11","maxValue":"50"}}]}},"_links":{"self":[{"href":"https:\/\/sxflightcase.com\/da\/wp-json\/wp\/v2\/product\/1706","targetHints":{"allow":["GET"]}}],"collection":[{"href":"https:\/\/sxflightcase.com\/da\/wp-json\/wp\/v2\/product"}],"about":[{"href":"https:\/\/sxflightcase.com\/da\/wp-json\/wp\/v2\/types\/product"}],"replies":[{"embeddable":true,"href":"https:\/\/sxflightcase.com\/da\/wp-json\/wp\/v2\/comments?post=1706"}],"version-history":[{"count":0,"href":"https:\/\/sxflightcase.com\/da\/wp-json\/wp\/v2\/product\/1706\/revisions"}],"wp:featuredmedia":[{"embeddable":true,"href":"https:\/\/sxflightcase.com\/da\/wp-json\/wp\/v2\/media\/1707"}],"wp:attachment":[{"href":"https:\/\/sxflightcase.com\/da\/wp-json\/wp\/v2\/media?parent=1706"}],"wp:term":[{"taxonomy":"product_brand","embeddable":true,"href":"https:\/\/sxflightcase.com\/da\/wp-json\/wp\/v2\/product_brand?post=1706"},{"taxonomy":"product_cat","embeddable":true,"href":"https:\/\/sxflightcase.com\/da\/wp-json\/wp\/v2\/product_cat?post=1706"},{"taxonomy":"product_tag","embeddable":true,"href":"https:\/\/sxflightcase.com\/da\/wp-json\/wp\/v2\/product_tag?post=1706"}],"curies":[{"name":"wp","href":"https:\/\/api.w.org\/{rel}","templated":true}]}}