{"id":1713,"date":"2024-05-10T04:46:14","date_gmt":"2024-05-10T03:46:14","guid":{"rendered":"https:\/\/sxpowercase.com\/?post_type=product&#038;p=1713"},"modified":"2024-06-14T08:03:45","modified_gmt":"2024-06-14T07:03:45","slug":"led-cabinet-lighting","status":"publish","type":"product","link":"https:\/\/sxflightcase.com\/da\/vare\/led-skabsbelysning-2\/","title":{"rendered":"LED-kabinetbelysning"},"content":{"rendered":"<p><strong>Produktparameter (specifikation)<\/strong><\/p>\n<section class=\"table-wrap\">\n<table class=\"table\" width=\"100%\" cellspacing=\"0\" cellpadding=\"0\">\n<tbody>\n<tr class=\"firstRow\">\n<td>Produktnavn<\/td>\n<td>LED-kabinetbelysning<\/td>\n<\/tr>\n<tr>\n<td>Materiale<\/td>\n<td>Aluminiumsramme+ Brandsikker +9mm Krydsfiner<\/td>\n<\/tr>\n<tr>\n<td>Indenfor<\/td>\n<td>H\u00f8jdensitet st\u00f8dsikkert skum<\/td>\n<\/tr>\n<tr>\n<td>St\u00f8rrelse<\/td>\n<td>Kan tilpasses<\/td>\n<\/tr>\n<tr>\n<td>Tilbeh\u00f8r<\/td>\n<td>Fire sommerfuglel\u00e5se, fire hjul til nem transport, fire st\u00e6rke h\u00e5ndtag<\/td>\n<\/tr>\n<tr>\n<td>Skik<\/td>\n<td>Alle former for tilpasninger er velkomne, s\u00e5som aluminiumskassens materiale, dimension, indvendige fyldninger, h\u00e5ndtag, l\u00e5se og s\u00e5 videre.<\/td>\n<\/tr>\n<tr>\n<td>Pr\u00f8vetid<\/td>\n<td>Ca 3-5 hverdage<\/td>\n<\/tr>\n<tr>\n<td>Formel bestillingstid<\/td>\n<td>omkring 15-20 dage<\/td>\n<\/tr>\n<tr>\n<td>Pakning<\/td>\n<td>Boblepose + karton<\/td>\n<\/tr>\n<\/tbody>\n<\/table>\n<\/section>\n<p><strong>Produktfunktion og anvendelse<\/strong><\/p>\n<p>Belysning, hvad enten det er til sceneshows og teater, film og tv eller arkitektur, kan v\u00e6re tung, skr\u00f8belig, besv\u00e6rlig at opbevare og dyr at udskifte, s\u00e5 det er en fordel at have dem beskyttet i scenebelysningen. <a class=\"wpil_keyword_link\" href=\"https:\/\/sxpowercase.com\/product-category\/all-product\/flight-case\/\" target=\"_blank\" rel=\"noopener\" title=\"flight case\" data-wpil-keyword-link=\"linked\" data-wpil-monitor-id=\"411\">flight case<\/a> vil l\u00f8se alle disse problemer.<\/p>\n<p><img decoding=\"async\" title=\"1\" src=\"https:\/\/www.sxprocase.com\/Content\/uploads\/2021794209\/202106241129483581a96df57549f69f19f110b60b6bbd.jpg\" alt=\"1\" \/><\/p>\n<p><strong>Detaljer om produktionen<\/strong><\/p>\n<p><img decoding=\"async\" title=\"18\" src=\"https:\/\/www.sxprocase.com\/Content\/uploads\/2021794209\/2021062411300523c9e1eb65cf4fd09415214e841925a3.jpg\" \/><\/p>\n<p><img decoding=\"async\" title=\"IMG_2796\" src=\"https:\/\/www.sxprocase.com\/Content\/uploads\/2021794209\/202106241130064dd448773fae4643a2a1e6276c0bf3d1.jpg\" \/><\/p>\n<p><img decoding=\"async\" title=\"Flightcase til belysning\" src=\"https:\/\/www.sxprocase.com\/Content\/uploads\/2021794209\/202106241130068057f80464894f25ad1a2884c2fb4b2a.jpg\" \/><\/p>\n<p><strong>Mere om os<\/strong><\/p>\n<p>Grundl\u00e6ggende oplysninger om virksomheden:<\/p>\n<p>* Med en historie p\u00e5 over 10 \u00e5r<\/p>\n<p>* 10 \u00e5rs eksporterfaring<\/p>\n<p>* Send til mere end 50 lande<\/p>\n<p>* Medarbejdere: Mere end 30<\/p>\n<p>* Fabriksareal: 3.000 kvadratmeter<\/p>\n<p><strong>Produktionsflow<\/strong><\/p>\n<p><img decoding=\"async\" title=\"2\" src=\"https:\/\/www.sxprocase.com\/Content\/uploads\/2021794209\/2021062411294314f667fb72f4416db29fdec9e6baae08.jpg\" alt=\"2\" \/><\/p>\n<p><strong>Vores service<\/strong><\/p>\n<p>1. din foresp\u00f8rgsel relateret til vores produkter eller priser vil blive besvaret inden for 24 timer.<\/p>\n<p>2. veluddannede og erfarne medarbejdere til at besvare alle dine foresp\u00f8rgsler p\u00e5 flydende engelsk<\/p>\n<p>3. OEM &amp; ODM, enhver din tilpassede belysning, vi kan hj\u00e6lpe dig med at designe og s\u00e6tte ind i produktet.<\/p>\n<p>4. distribut\u00f8rskib tilbydes til dit unikke design og nogle af vores nuv\u00e6rende modeller<\/p>\n<p>5. beskyttelse af dit salgsomr\u00e5de, dine designideer og alle dine private oplysninger<\/p>\n<p>Hot Tags: Lav pris, p\u00e5 lager, gratis pr\u00f8ve, str\u00f8m- og signalkabel, 16 Gauge 4 ledertr\u00e5d, mikrofonstativ, udend\u00f8rs LED-displaykabinet, rackmontering, 19\u201d rackmonterede mixer-flyvekasser\uff0celektrisk distroboks, Kina, leverand\u00f8rer, fabrik, tilpasset, engros, <span style=\"color: #993366;\"><a style=\"color: #993366;\" href=\"https:\/\/sxflightcase.com\/da\/product-category\/all-product\/power-distribution-boxes\/\">str\u00f8mbokse<\/a>,\u00a0<a style=\"color: #993366;\" href=\"https:\/\/sxflightcase.com\/da\/product-category\/all-product\/hoist-controllers\/\">str\u00f8mkabler<\/a>,\u00a0<a style=\"color: #993366;\" href=\"https:\/\/sxflightcase.com\/da\/product-category\/all-product\/hoist-controllers\/\">hejseregulatorer<\/a>,\u00a0<a style=\"color: #993366;\" href=\"https:\/\/sxflightcase.com\/da\/product-category\/all-product\/flight-case\/\">flyvekasser.<\/a><\/span><\/p>","protected":false},"excerpt":{"rendered":"<h2 class=\"prodetails-name\">LED-kabinetbelysning<\/h2>\n<p>Vi er glade for at kunne tilbyde en r\u00e6kke robuste rejsel\u00f8sninger til professionelle inden for branchen, s\u00e5 de kan transportere og opbevare deres moving heads eller lignende sikkert. I \u00e5renes l\u00f8b har vi brugt mange timer p\u00e5 at designe den perfekte l\u00f8sning til at transportere dine elskede lamper uden frygt for skader.<\/p>\n<h2><strong>Produktionsintroduktion<\/strong><\/h2>\n<p>Flightcase til scenebelysning<\/p>\n<p>1 - 1 \/ 2 \/ 4 \/6 \/8 \/10 enheder i en kasse designet efter \u00f8nske.<\/p>\n<p>2 - Lastning ovenfra eller p\u00e5 hovedet til forskellige typer af armaturer for nem montering p\u00e5 rigning.<\/p>\n<p>3 - Fri plads til klemmer, kabler og andet udstyr efter kundens \u00f8nske.<\/p>\n<p>4 - Fremstillet af letv\u00e6gtsaluminium af h\u00f8j kvalitet, som er nemt at transportere og s\u00e6tte op.<\/p>\n<p>5 - F\u00e5s i mange l\u00e6ngder til mobile entertainere, produktioner, natklubber og detailbutikker<\/p>","protected":false},"featured_media":1715,"comment_status":"open","ping_status":"closed","template":"","meta":[],"product_brand":[],"product_cat":[41],"product_tag":[],"class_list":{"0":"post-1713","1":"product","2":"type-product","3":"status-publish","4":"has-post-thumbnail","6":"product_cat-equipment-cases","8":"first","9":"instock","10":"shipping-taxable","11":"product-type-simple"},"yoast_head":"<!-- This site is optimized with the Yoast SEO Premium plugin v27.1 (Yoast SEO v27.2) - https:\/\/yoast.com\/product\/yoast-seo-premium-wordpress\/ -->\n<title>LED Cabinet Lighting - https:\/\/sxflightcase.com \ud83d\udc97<\/title>\n<meta name=\"description\" content=\"LED Cabinet Lighting: Get factory-direct sales and professional customization for optimal protection and organization of your lighting equipment\" \/>\n<meta name=\"robots\" content=\"index, follow, max-snippet:-1, max-image-preview:large, max-video-preview:-1\" \/>\n<link rel=\"canonical\" href=\"https:\/\/sxflightcase.com\/da\/urun\/led-dolap-aydinlatmasi-2\/\" \/>\n<meta property=\"og:locale\" content=\"da_DK\" \/>\n<meta property=\"og:type\" content=\"article\" \/>\n<meta property=\"og:title\" content=\"LED Cabinet Lighting\" \/>\n<meta property=\"og:description\" content=\"LED Cabinet Lighting: Get factory-direct sales and professional customization for optimal protection and organization of your lighting equipment\" \/>\n<meta property=\"og:url\" content=\"https:\/\/sxflightcase.com\/da\/urun\/led-dolap-aydinlatmasi-2\/\" \/>\n<meta property=\"og:site_name\" content=\"https:\/\/sxflightcase.com\" \/>\n<meta property=\"article:publisher\" content=\"https:\/\/www.facebook.com\/profile.php?id=61560407257971\" \/>\n<meta property=\"article:modified_time\" content=\"2024-06-14T07:03:45+00:00\" \/>\n<meta property=\"og:image\" content=\"https:\/\/sxflightcase.com\/wp-content\/uploads\/2024\/05\/led-cabinet-lighting30325432296.webp\" \/>\n\t<meta property=\"og:image:width\" content=\"730\" \/>\n\t<meta property=\"og:image:height\" content=\"730\" \/>\n\t<meta property=\"og:image:type\" content=\"image\/webp\" \/>\n<meta name=\"twitter:card\" content=\"summary_large_image\" \/>\n<meta name=\"twitter:label1\" content=\"Estimeret l\u00e6setid\" \/>\n\t<meta name=\"twitter:data1\" content=\"3 minutter\" \/>\n<script type=\"application\/ld+json\" class=\"yoast-schema-graph\">{\"@context\":\"https:\/\/schema.org\",\"@graph\":[{\"@type\":\"WebPage\",\"@id\":\"https:\/\/sxflightcase.com\/tr\/urun\/led-dolap-aydinlatmasi-2\/\",\"url\":\"https:\/\/sxflightcase.com\/tr\/urun\/led-dolap-aydinlatmasi-2\/\",\"name\":\"LED Cabinet Lighting - https:\/\/sxflightcase.com \ud83d\udc97\",\"isPartOf\":{\"@id\":\"https:\/\/sxflightcase.com\/th\/#website\"},\"primaryImageOfPage\":{\"@id\":\"https:\/\/sxflightcase.com\/tr\/urun\/led-dolap-aydinlatmasi-2\/#primaryimage\"},\"image\":{\"@id\":\"https:\/\/sxflightcase.com\/tr\/urun\/led-dolap-aydinlatmasi-2\/#primaryimage\"},\"thumbnailUrl\":\"https:\/\/sxflightcase.com\/wp-content\/uploads\/2024\/05\/led-cabinet-lighting30325432296.webp\",\"datePublished\":\"2024-05-10T03:46:14+00:00\",\"dateModified\":\"2024-06-14T07:03:45+00:00\",\"description\":\"LED Cabinet Lighting: Get factory-direct sales and professional customization for optimal protection and organization of your lighting equipment\",\"breadcrumb\":{\"@id\":\"https:\/\/sxflightcase.com\/tr\/urun\/led-dolap-aydinlatmasi-2\/#breadcrumb\"},\"inLanguage\":\"da-DK\",\"potentialAction\":[{\"@type\":\"ReadAction\",\"target\":[\"https:\/\/sxflightcase.com\/tr\/urun\/led-dolap-aydinlatmasi-2\/\"]}]},{\"@type\":\"ImageObject\",\"inLanguage\":\"da-DK\",\"@id\":\"https:\/\/sxflightcase.com\/tr\/urun\/led-dolap-aydinlatmasi-2\/#primaryimage\",\"url\":\"https:\/\/sxflightcase.com\/wp-content\/uploads\/2024\/05\/led-cabinet-lighting30325432296.webp\",\"contentUrl\":\"https:\/\/sxflightcase.com\/wp-content\/uploads\/2024\/05\/led-cabinet-lighting30325432296.webp\",\"width\":730,\"height\":730,\"caption\":\"LED Cabinet Lighting\"},{\"@type\":\"BreadcrumbList\",\"@id\":\"https:\/\/sxflightcase.com\/tr\/urun\/led-dolap-aydinlatmasi-2\/#breadcrumb\",\"itemListElement\":[{\"@type\":\"ListItem\",\"position\":1,\"name\":\"Home\",\"item\":\"https:\/\/sxflightcase.com\/\"},{\"@type\":\"ListItem\",\"position\":2,\"name\":\"\u0e2a\u0e34\u0e19\u0e04\u0e49\u0e32\",\"item\":\"https:\/\/sxflightcase.com\/th\/shop\/\"},{\"@type\":\"ListItem\",\"position\":3,\"name\":\"LED Cabinet Lighting\"}]},{\"@type\":\"WebSite\",\"@id\":\"https:\/\/sxflightcase.com\/th\/#website\",\"url\":\"https:\/\/sxflightcase.com\/th\/\",\"name\":\"sxpowercase.com\",\"description\":\"Flight Case Factory\",\"publisher\":{\"@id\":\"https:\/\/sxflightcase.com\/th\/#organization\"},\"potentialAction\":[{\"@type\":\"SearchAction\",\"target\":{\"@type\":\"EntryPoint\",\"urlTemplate\":\"https:\/\/sxflightcase.com\/th\/?s={search_term_string}\"},\"query-input\":{\"@type\":\"PropertyValueSpecification\",\"valueRequired\":true,\"valueName\":\"search_term_string\"}}],\"inLanguage\":\"da-DK\"},{\"@type\":\"Organization\",\"@id\":\"https:\/\/sxflightcase.com\/th\/#organization\",\"name\":\"sxpowercase.com\",\"url\":\"https:\/\/sxflightcase.com\/th\/\",\"logo\":{\"@type\":\"ImageObject\",\"inLanguage\":\"da-DK\",\"@id\":\"https:\/\/sxflightcase.com\/th\/#\/schema\/logo\/image\/\",\"url\":\"https:\/\/sxflightcase.com\/wp-content\/uploads\/2024\/04\/1713919036007.jpg\",\"contentUrl\":\"https:\/\/sxflightcase.com\/wp-content\/uploads\/2024\/04\/1713919036007.jpg\",\"width\":382,\"height\":388,\"caption\":\"sxpowercase.com\"},\"image\":{\"@id\":\"https:\/\/sxflightcase.com\/th\/#\/schema\/logo\/image\/\"},\"sameAs\":[\"https:\/\/www.facebook.com\/profile.php?id=61560407257971\"],\"numberOfEmployees\":{\"@type\":\"QuantitativeValue\",\"minValue\":\"11\",\"maxValue\":\"50\"}}]}<\/script>\n<!-- \/ Yoast SEO Premium plugin. -->","yoast_head_json":{"title":"LED Cabinet Lighting - https:\/\/sxflightcase.com \ud83d\udc97","description":"LED-kabinetbelysning: F\u00e5 direkte salg fra fabrikken og professionel tilpasning for optimal beskyttelse og organisering af dit belysningsudstyr","robots":{"index":"index","follow":"follow","max-snippet":"max-snippet:-1","max-image-preview":"max-image-preview:large","max-video-preview":"max-video-preview:-1"},"canonical":"https:\/\/sxflightcase.com\/da\/urun\/led-dolap-aydinlatmasi-2\/","og_locale":"da_DK","og_type":"article","og_title":"LED Cabinet Lighting","og_description":"LED Cabinet Lighting: Get factory-direct sales and professional customization for optimal protection and organization of your lighting equipment","og_url":"https:\/\/sxflightcase.com\/da\/urun\/led-dolap-aydinlatmasi-2\/","og_site_name":"https:\/\/sxflightcase.com","article_publisher":"https:\/\/www.facebook.com\/profile.php?id=61560407257971","article_modified_time":"2024-06-14T07:03:45+00:00","og_image":[{"width":730,"height":730,"url":"https:\/\/sxflightcase.com\/wp-content\/uploads\/2024\/05\/led-cabinet-lighting30325432296.webp","type":"image\/webp"}],"twitter_card":"summary_large_image","twitter_misc":{"Estimeret l\u00e6setid":"3 minutter"},"schema":{"@context":"https:\/\/schema.org","@graph":[{"@type":"WebPage","@id":"https:\/\/sxflightcase.com\/tr\/urun\/led-dolap-aydinlatmasi-2\/","url":"https:\/\/sxflightcase.com\/tr\/urun\/led-dolap-aydinlatmasi-2\/","name":"LED Cabinet Lighting - https:\/\/sxflightcase.com \ud83d\udc97","isPartOf":{"@id":"https:\/\/sxflightcase.com\/th\/#website"},"primaryImageOfPage":{"@id":"https:\/\/sxflightcase.com\/tr\/urun\/led-dolap-aydinlatmasi-2\/#primaryimage"},"image":{"@id":"https:\/\/sxflightcase.com\/tr\/urun\/led-dolap-aydinlatmasi-2\/#primaryimage"},"thumbnailUrl":"https:\/\/sxflightcase.com\/wp-content\/uploads\/2024\/05\/led-cabinet-lighting30325432296.webp","datePublished":"2024-05-10T03:46:14+00:00","dateModified":"2024-06-14T07:03:45+00:00","description":"LED-kabinetbelysning: F\u00e5 direkte salg fra fabrikken og professionel tilpasning for optimal beskyttelse og organisering af dit belysningsudstyr","breadcrumb":{"@id":"https:\/\/sxflightcase.com\/tr\/urun\/led-dolap-aydinlatmasi-2\/#breadcrumb"},"inLanguage":"da-DK","potentialAction":[{"@type":"ReadAction","target":["https:\/\/sxflightcase.com\/tr\/urun\/led-dolap-aydinlatmasi-2\/"]}]},{"@type":"ImageObject","inLanguage":"da-DK","@id":"https:\/\/sxflightcase.com\/tr\/urun\/led-dolap-aydinlatmasi-2\/#primaryimage","url":"https:\/\/sxflightcase.com\/wp-content\/uploads\/2024\/05\/led-cabinet-lighting30325432296.webp","contentUrl":"https:\/\/sxflightcase.com\/wp-content\/uploads\/2024\/05\/led-cabinet-lighting30325432296.webp","width":730,"height":730,"caption":"LED Cabinet Lighting"},{"@type":"BreadcrumbList","@id":"https:\/\/sxflightcase.com\/tr\/urun\/led-dolap-aydinlatmasi-2\/#breadcrumb","itemListElement":[{"@type":"ListItem","position":1,"name":"Home","item":"https:\/\/sxflightcase.com\/"},{"@type":"ListItem","position":2,"name":"\u0e2a\u0e34\u0e19\u0e04\u0e49\u0e32","item":"https:\/\/sxflightcase.com\/th\/shop\/"},{"@type":"ListItem","position":3,"name":"LED Cabinet Lighting"}]},{"@type":"WebSite","@id":"https:\/\/sxflightcase.com\/th\/#website","url":"https:\/\/sxflightcase.com\/th\/","name":"sxpowercase.com","description":"Flight Case Factory","publisher":{"@id":"https:\/\/sxflightcase.com\/th\/#organization"},"potentialAction":[{"@type":"SearchAction","target":{"@type":"EntryPoint","urlTemplate":"https:\/\/sxflightcase.com\/th\/?s={search_term_string}"},"query-input":{"@type":"PropertyValueSpecification","valueRequired":true,"valueName":"search_term_string"}}],"inLanguage":"da-DK"},{"@type":"Organization","@id":"https:\/\/sxflightcase.com\/th\/#organization","name":"sxpowercase.com","url":"https:\/\/sxflightcase.com\/th\/","logo":{"@type":"ImageObject","inLanguage":"da-DK","@id":"https:\/\/sxflightcase.com\/th\/#\/schema\/logo\/image\/","url":"https:\/\/sxflightcase.com\/wp-content\/uploads\/2024\/04\/1713919036007.jpg","contentUrl":"https:\/\/sxflightcase.com\/wp-content\/uploads\/2024\/04\/1713919036007.jpg","width":382,"height":388,"caption":"sxpowercase.com"},"image":{"@id":"https:\/\/sxflightcase.com\/th\/#\/schema\/logo\/image\/"},"sameAs":["https:\/\/www.facebook.com\/profile.php?id=61560407257971"],"numberOfEmployees":{"@type":"QuantitativeValue","minValue":"11","maxValue":"50"}}]}},"_links":{"self":[{"href":"https:\/\/sxflightcase.com\/da\/wp-json\/wp\/v2\/product\/1713","targetHints":{"allow":["GET"]}}],"collection":[{"href":"https:\/\/sxflightcase.com\/da\/wp-json\/wp\/v2\/product"}],"about":[{"href":"https:\/\/sxflightcase.com\/da\/wp-json\/wp\/v2\/types\/product"}],"replies":[{"embeddable":true,"href":"https:\/\/sxflightcase.com\/da\/wp-json\/wp\/v2\/comments?post=1713"}],"version-history":[{"count":0,"href":"https:\/\/sxflightcase.com\/da\/wp-json\/wp\/v2\/product\/1713\/revisions"}],"wp:featuredmedia":[{"embeddable":true,"href":"https:\/\/sxflightcase.com\/da\/wp-json\/wp\/v2\/media\/1715"}],"wp:attachment":[{"href":"https:\/\/sxflightcase.com\/da\/wp-json\/wp\/v2\/media?parent=1713"}],"wp:term":[{"taxonomy":"product_brand","embeddable":true,"href":"https:\/\/sxflightcase.com\/da\/wp-json\/wp\/v2\/product_brand?post=1713"},{"taxonomy":"product_cat","embeddable":true,"href":"https:\/\/sxflightcase.com\/da\/wp-json\/wp\/v2\/product_cat?post=1713"},{"taxonomy":"product_tag","embeddable":true,"href":"https:\/\/sxflightcase.com\/da\/wp-json\/wp\/v2\/product_tag?post=1713"}],"curies":[{"name":"wp","href":"https:\/\/api.w.org\/{rel}","templated":true}]}}