{"id":1721,"date":"2024-05-10T04:57:40","date_gmt":"2024-05-10T03:57:40","guid":{"rendered":"https:\/\/sxpowercase.com\/?post_type=product&#038;p=1721"},"modified":"2024-06-21T02:32:51","modified_gmt":"2024-06-21T01:32:51","slug":"dual-15-inch-subwoofer-box","status":"publish","type":"product","link":"https:\/\/sxflightcase.com\/da\/vare\/dobbelt-15-tommer-subwoofer-boks-2\/","title":{"rendered":"Dobbelt 15 tommer subwooferboks"},"content":{"rendered":"<h3><strong>Produktparameter (specifikation)<\/strong><\/h3>\n<section class=\"table-wrap\">\n<table class=\"table\" width=\"100%\" cellspacing=\"0\" cellpadding=\"0\">\n<tbody>\n<tr class=\"firstRow\">\n<td width=\"148\">Produktnavn:<\/td>\n<td width=\"569\">Dobbelt 15 tommer subwoofer-boks<\/td>\n<\/tr>\n<tr>\n<td width=\"148\">Dimension:<\/td>\n<td width=\"569\">Afh\u00e6nger af den reelle udstyrsst\u00f8rrelse<\/td>\n<\/tr>\n<tr>\n<td width=\"148\">Farve:<\/td>\n<td width=\"569\">sort \/r\u00f8d \/bl\u00e5 osv.<\/td>\n<\/tr>\n<tr>\n<td width=\"148\">Materialer :<\/td>\n<td width=\"569\">Aluminium + Krydsfiner + ABS-panel + Hardware + Skum<\/td>\n<\/tr>\n<tr>\n<td width=\"148\">Logo :<\/td>\n<td width=\"569\">F\u00e5s til silketryk-logo \/ pr\u00e6getryk-logo \/ laser-logo<\/td>\n<\/tr>\n<tr>\n<td width=\"148\">MOQ:<\/td>\n<td width=\"569\">10 stk.<\/td>\n<\/tr>\n<tr>\n<td width=\"148\">Pr\u00f8vetid :<\/td>\n<td width=\"569\">5-7 dage<\/td>\n<\/tr>\n<tr>\n<td width=\"148\">Produktionstid :<\/td>\n<td width=\"569\">4 uger efter bekr\u00e6ftet ordre<\/td>\n<\/tr>\n<tr>\n<td width=\"148\">Forsendelseshavn:<\/td>\n<td width=\"569\">Shenzhen, Guangzhou, Hongkong<\/td>\n<\/tr>\n<tr>\n<td width=\"148\">Handelsbetingelser:<\/td>\n<td width=\"569\">Ex-work \/ FOB \/ CIF \/ DDU<\/td>\n<\/tr>\n<tr>\n<td width=\"148\">Betalingsperiode:<\/td>\n<td width=\"569\">T \/ T 30% depositum og 70% f\u00f8r forsendelse, L \/ C ved synet, Western Union osv.<\/td>\n<\/tr>\n<tr>\n<td width=\"148\">Funktion:<\/td>\n<td width=\"569\">1) Designet er stilfuldt, holdbart og \u00f8konomisk<br \/>\n2) Fint h\u00e5ndv\u00e6rk og specielt design<br \/>\n3) Alle designs og logoer kan trykkes eller broderes.<br \/>\n4) Tilpassede st\u00f8rrelser, logoer og design accepteres<\/td>\n<\/tr>\n<\/tbody>\n<\/table>\n<\/section>\n<section class=\"table-wrap\">\n<table class=\"table\" width=\"100%\" cellspacing=\"0\" cellpadding=\"0\">\n<tbody>\n<tr class=\"firstRow\">\n<td colspan=\"3\" width=\"100%\">Emballage &amp; forsendelse<\/td>\n<\/tr>\n<tr>\n<td rowspan=\"3\" width=\"33%\">Leveringstid<\/td>\n<td width=\"33%\">Ved havet<\/td>\n<td width=\"33%\">15-60 dage<\/td>\n<\/tr>\n<tr>\n<td width=\"33%\">Med fly<\/td>\n<td width=\"33%\">4-9 dage<\/td>\n<\/tr>\n<tr>\n<td width=\"33%\">Ved ekspres<\/td>\n<td width=\"33%\">4-9 dage<\/td>\n<\/tr>\n<tr>\n<td width=\"33%\">Leveringstid<\/td>\n<td colspan=\"2\" width=\"66%\">7-15 arbejder eller som dine \u00f8nsker<\/td>\n<\/tr>\n<tr>\n<td width=\"33%\">Emballage<\/td>\n<td colspan=\"2\" width=\"66%\">Med karton eller som dit krav<\/td>\n<\/tr>\n<\/tbody>\n<\/table>\n<\/section>\n<h1><strong>Oplev kraftfuld bas med SX Dual 15 Inch Subwoofer Box<\/strong><\/h1>\n<h2>Uovertruffen lydkvalitet<\/h2>\n<p>L\u00f8ft din lydoplevelse med <strong>Dobbelt 15 tommer subwooferboks<\/strong> fra <a href=\"https:\/\/sxpowercase.com\/\" target=\"_blank\" rel=\"noopener\" title=\"SX\" data-wpil-monitor-id=\"112\">SX<\/a>. Denne subwooferboks er designet til at levere dyb, fyldig bas og forvandler din musik og dine filmlydspor og skaber en fordybende lytteoplevelse.<\/p>\n<h2>Perfekt til ethvert rum<\/h2>\n<h3>Alsidig og kompakt<\/h3>\n<p>SX'en <strong>Dobbelt 15 tommer subwooferboks<\/strong> passer problemfrit ind i enhver ops\u00e6tning. Dens kompakte design g\u00e5r ikke p\u00e5 kompromis med effekten, hvilket g\u00f8r den ideel til lydsystemer i b\u00e5de hjemmet og bilen. Nyd lyd i h\u00f8j kvalitet uden at g\u00e5 p\u00e5 kompromis med pladsen.<\/p>\n<h2>Direkte fra producenten<\/h2>\n<h3>Direkte fabrikssalg<\/h3>\n<p>N\u00e5r du v\u00e6lger SX, f\u00e5r du fordel af direkte salg fra fabrikken. Det betyder, at du f\u00e5r produkter af h\u00f8jeste kvalitet til uovertrufne priser. Vores forpligtelse til ekspertise sikrer, at du f\u00e5r en <strong>Dobbelt 15 tommer subwooferboks<\/strong> der lever op til de h\u00f8jeste standarder for ydeevne og holdbarhed.<\/p>\n<h2>Muligheder, der kan tilpasses<\/h2>\n<h3>Skr\u00e6ddersyet til dine behov<\/h3>\n<p>SX tilbyder tilpassede muligheder, der passer til dine specifikke krav. Uanset om du har brug for en bestemt finish, st\u00f8rrelse eller ekstra funktioner, er vores team klar til at give dig en <strong>15 tommer subwoofer boks<\/strong> der passer perfekt til dine behov.<\/p>\n<h2>Forbedre din lydoplevelse<\/h2>\n<h3>Professionel lyd<\/h3>\n<p>Forvandl din lydops\u00e6tning med lyd i professionel kvalitet. SX <strong>15 tommer subwoofer boks<\/strong> er konstrueret til at producere en klar, kraftfuld bas, der fremh\u00e6ver hvert eneste beat, hvilket g\u00f8r den til et must-have for b\u00e5de lydentusiaster og professionelle.<\/p>\n<hr \/>\n<p>Opgrader dit lydsystem med SX <strong>15 tommer subwoofer boks<\/strong>. Kontakt os i dag for at f\u00e5 mere at vide om vores direkte salg fra fabrikken og muligheder for tilpasning. L\u00f8ft din lydoplevelse med SX.<\/p>\n<p><strong>FAQ<\/strong><\/p>\n<p>Q: Kan du lave vores egen emballage?<\/p>\n<p>A: Ja, du leverer bare pakkedesignet, og vi producerer det, du \u00f8nsker. Vi har ogs\u00e5 den professionelle designer, der kan hj\u00e6lpe dig med at lave emballagedesignet.<\/p>\n<p>Q. Kan vi printe vores eget logo?<\/p>\n<p>A. Ja, vi tilbyder OEM-service.<\/p>\n<p>Q: Hvordan sender I varerne, og hvor lang tid tager det at f\u00e5 dem frem?<\/p>\n<p>A: Normalt sendes ad s\u00f8vejen, vi kan hj\u00e6lpe med at g\u00f8re CIF-pris eller ex-work-pris ...<\/p>\n<p>Hot Tags: Lav pris, p\u00e5 lager, gratis pr\u00f8ve, str\u00f8m- og signalkabel, 16 Gauge 4 ledertr\u00e5d, mikrofonstativ, udend\u00f8rs LED-displaykabinet, rackmontering, 19\u201d rackmonterede mixer-flyvekasser\uff0celektrisk distroboks, Kina, leverand\u00f8rer, fabrik, tilpasset, engros, <span style=\"color: #993366;\"><a style=\"color: #993366;\" href=\"https:\/\/sxflightcase.com\/da\/product-category\/all-product\/power-distribution-boxes\/\">str\u00f8mbokse<\/a>,\u00a0<a style=\"color: #993366;\" href=\"https:\/\/sxflightcase.com\/da\/product-category\/all-product\/hoist-controllers\/\">str\u00f8mkabler<\/a>,\u00a0<a style=\"color: #993366;\" href=\"https:\/\/sxflightcase.com\/da\/product-category\/all-product\/hoist-controllers\/\">hejseregulatorer<\/a>,\u00a0<a style=\"color: #993366;\" href=\"https:\/\/sxflightcase.com\/da\/product-category\/all-product\/flight-case\/\">flyvekasser.<\/a><\/span><\/p>","protected":false},"excerpt":{"rendered":"<h2 class=\"prodetails-name\">Dobbelt 15 tommer subwooferboks<\/h2>\n<p>At komme fra A til B er ikke altid s\u00e5 let, som det lyder. S\u00e5 garanter sikkerheden for det udstyr, du transporterer, med en kraftig kuffert. Dobbelt 15 tommer subwooferboks er en af de mest popul\u00e6re flightcases p\u00e5 markedet p\u00e5 grund af dens alsidighed.<\/p>\n<h2><strong>Produktionsintroduktion<\/strong><\/h2>\n<p>Dobbelt 15 tommer subwoofer-boks<\/p>\n<p>Denne dobbelte 15 tommer subwooferboks med h\u00e6ngel\u00e5se giver sikkerhed for ro i sindet, smarte stabelbare hj\u00f8rner giver dig mulighed for at s\u00e6tte flere kasser oven p\u00e5 hinanden med stor stabilitet, og fors\u00e6nkede h\u00e5ndtag er behagelige at b\u00e6re. Fremstillet af ABS-plast\/krydsfinerlaminat, skumforing, aluminiumsprofiler og kvalitetshardware.<\/p>","protected":false},"featured_media":1722,"comment_status":"open","ping_status":"closed","template":"","meta":[],"product_brand":[],"product_cat":[41],"product_tag":[],"class_list":{"0":"post-1721","1":"product","2":"type-product","3":"status-publish","4":"has-post-thumbnail","6":"product_cat-equipment-cases","8":"first","9":"instock","10":"shipping-taxable","11":"product-type-simple"},"yoast_head":"<!-- This site is optimized with the Yoast SEO Premium plugin v27.1 (Yoast SEO v27.2) - https:\/\/yoast.com\/product\/yoast-seo-premium-wordpress\/ -->\n<title>Dual 15 Inch Subwoofer Box - https:\/\/sxflightcase.com \ud83d\udc97<\/title>\n<meta name=\"description\" content=\"Dual 15 Inch Subwoofer Box: Get factory-direct sales and professional customization for optimal protection and organization of your lighting equipment\" \/>\n<meta name=\"robots\" content=\"index, follow, max-snippet:-1, max-image-preview:large, max-video-preview:-1\" \/>\n<link rel=\"canonical\" href=\"https:\/\/sxflightcase.com\/da\/\u0e1c\u0e25\u0e34\u0e15\u0e20\u0e31\u0e13\u0e11\u0e4c\/dual-15-inch-subwoofer-box\/\" \/>\n<meta property=\"og:locale\" content=\"da_DK\" \/>\n<meta property=\"og:type\" content=\"article\" \/>\n<meta property=\"og:title\" content=\"Dual 15 Inch Subwoofer Box\" \/>\n<meta property=\"og:description\" content=\"Dual 15 Inch Subwoofer Box: Get factory-direct sales and professional customization for optimal protection and organization of your lighting equipment\" \/>\n<meta property=\"og:url\" content=\"https:\/\/sxflightcase.com\/da\/\u0e1c\u0e25\u0e34\u0e15\u0e20\u0e31\u0e13\u0e11\u0e4c\/dual-15-inch-subwoofer-box\/\" \/>\n<meta property=\"og:site_name\" content=\"https:\/\/sxflightcase.com\" \/>\n<meta property=\"article:publisher\" content=\"https:\/\/www.facebook.com\/profile.php?id=61560407257971\" \/>\n<meta property=\"article:modified_time\" content=\"2024-06-21T01:32:51+00:00\" \/>\n<meta property=\"og:image\" content=\"https:\/\/sxflightcase.com\/wp-content\/uploads\/2024\/05\/dual-15-inch-subwoofer-box34149732810.webp\" \/>\n\t<meta property=\"og:image:width\" content=\"700\" \/>\n\t<meta property=\"og:image:height\" content=\"700\" \/>\n\t<meta property=\"og:image:type\" content=\"image\/webp\" \/>\n<meta name=\"twitter:card\" content=\"summary_large_image\" \/>\n<meta name=\"twitter:label1\" content=\"Estimeret l\u00e6setid\" \/>\n\t<meta name=\"twitter:data1\" content=\"4 minutter\" \/>\n<script type=\"application\/ld+json\" class=\"yoast-schema-graph\">{\"@context\":\"https:\/\/schema.org\",\"@graph\":[{\"@type\":\"WebPage\",\"@id\":\"https:\/\/sxflightcase.com\/th\/\u0e1c\u0e25\u0e34\u0e15\u0e20\u0e31\u0e13\u0e11\u0e4c\/dual-15-inch-subwoofer-box\/\",\"url\":\"https:\/\/sxflightcase.com\/th\/\u0e1c\u0e25\u0e34\u0e15\u0e20\u0e31\u0e13\u0e11\u0e4c\/dual-15-inch-subwoofer-box\/\",\"name\":\"Dual 15 Inch Subwoofer Box - https:\/\/sxflightcase.com \ud83d\udc97\",\"isPartOf\":{\"@id\":\"https:\/\/sxflightcase.com\/th\/#website\"},\"primaryImageOfPage\":{\"@id\":\"https:\/\/sxflightcase.com\/th\/\u0e1c\u0e25\u0e34\u0e15\u0e20\u0e31\u0e13\u0e11\u0e4c\/dual-15-inch-subwoofer-box\/#primaryimage\"},\"image\":{\"@id\":\"https:\/\/sxflightcase.com\/th\/\u0e1c\u0e25\u0e34\u0e15\u0e20\u0e31\u0e13\u0e11\u0e4c\/dual-15-inch-subwoofer-box\/#primaryimage\"},\"thumbnailUrl\":\"https:\/\/sxflightcase.com\/wp-content\/uploads\/2024\/05\/dual-15-inch-subwoofer-box34149732810.webp\",\"datePublished\":\"2024-05-10T03:57:40+00:00\",\"dateModified\":\"2024-06-21T01:32:51+00:00\",\"description\":\"Dual 15 Inch Subwoofer Box: Get factory-direct sales and professional customization for optimal protection and organization of your lighting equipment\",\"breadcrumb\":{\"@id\":\"https:\/\/sxflightcase.com\/th\/\u0e1c\u0e25\u0e34\u0e15\u0e20\u0e31\u0e13\u0e11\u0e4c\/dual-15-inch-subwoofer-box\/#breadcrumb\"},\"inLanguage\":\"da-DK\",\"potentialAction\":[{\"@type\":\"ReadAction\",\"target\":[\"https:\/\/sxflightcase.com\/th\/\u0e1c\u0e25\u0e34\u0e15\u0e20\u0e31\u0e13\u0e11\u0e4c\/dual-15-inch-subwoofer-box\/\"]}]},{\"@type\":\"ImageObject\",\"inLanguage\":\"da-DK\",\"@id\":\"https:\/\/sxflightcase.com\/th\/\u0e1c\u0e25\u0e34\u0e15\u0e20\u0e31\u0e13\u0e11\u0e4c\/dual-15-inch-subwoofer-box\/#primaryimage\",\"url\":\"https:\/\/sxflightcase.com\/wp-content\/uploads\/2024\/05\/dual-15-inch-subwoofer-box34149732810.webp\",\"contentUrl\":\"https:\/\/sxflightcase.com\/wp-content\/uploads\/2024\/05\/dual-15-inch-subwoofer-box34149732810.webp\",\"width\":700,\"height\":700,\"caption\":\"Dual 15 Inch Subwoofer Box\"},{\"@type\":\"BreadcrumbList\",\"@id\":\"https:\/\/sxflightcase.com\/th\/\u0e1c\u0e25\u0e34\u0e15\u0e20\u0e31\u0e13\u0e11\u0e4c\/dual-15-inch-subwoofer-box\/#breadcrumb\",\"itemListElement\":[{\"@type\":\"ListItem\",\"position\":1,\"name\":\"Home\",\"item\":\"https:\/\/sxflightcase.com\/\"},{\"@type\":\"ListItem\",\"position\":2,\"name\":\"\u0e2a\u0e34\u0e19\u0e04\u0e49\u0e32\",\"item\":\"https:\/\/sxflightcase.com\/th\/shop\/\"},{\"@type\":\"ListItem\",\"position\":3,\"name\":\"Dual 15 Inch Subwoofer Box\"}]},{\"@type\":\"WebSite\",\"@id\":\"https:\/\/sxflightcase.com\/th\/#website\",\"url\":\"https:\/\/sxflightcase.com\/th\/\",\"name\":\"sxpowercase.com\",\"description\":\"Flight Case Factory\",\"publisher\":{\"@id\":\"https:\/\/sxflightcase.com\/th\/#organization\"},\"potentialAction\":[{\"@type\":\"SearchAction\",\"target\":{\"@type\":\"EntryPoint\",\"urlTemplate\":\"https:\/\/sxflightcase.com\/th\/?s={search_term_string}\"},\"query-input\":{\"@type\":\"PropertyValueSpecification\",\"valueRequired\":true,\"valueName\":\"search_term_string\"}}],\"inLanguage\":\"da-DK\"},{\"@type\":\"Organization\",\"@id\":\"https:\/\/sxflightcase.com\/th\/#organization\",\"name\":\"sxpowercase.com\",\"url\":\"https:\/\/sxflightcase.com\/th\/\",\"logo\":{\"@type\":\"ImageObject\",\"inLanguage\":\"da-DK\",\"@id\":\"https:\/\/sxflightcase.com\/th\/#\/schema\/logo\/image\/\",\"url\":\"https:\/\/sxflightcase.com\/wp-content\/uploads\/2024\/04\/1713919036007.jpg\",\"contentUrl\":\"https:\/\/sxflightcase.com\/wp-content\/uploads\/2024\/04\/1713919036007.jpg\",\"width\":382,\"height\":388,\"caption\":\"sxpowercase.com\"},\"image\":{\"@id\":\"https:\/\/sxflightcase.com\/th\/#\/schema\/logo\/image\/\"},\"sameAs\":[\"https:\/\/www.facebook.com\/profile.php?id=61560407257971\"],\"numberOfEmployees\":{\"@type\":\"QuantitativeValue\",\"minValue\":\"11\",\"maxValue\":\"50\"}}]}<\/script>\n<!-- \/ Yoast SEO Premium plugin. -->","yoast_head_json":{"title":"Dual 15 Inch Subwoofer Box - https:\/\/sxflightcase.com \ud83d\udc97","description":"Dobbelt 15 tommer subwooferboks: F\u00e5 direkte salg fra fabrikken og professionel tilpasning til optimal beskyttelse og organisering af dit belysningsudstyr","robots":{"index":"index","follow":"follow","max-snippet":"max-snippet:-1","max-image-preview":"max-image-preview:large","max-video-preview":"max-video-preview:-1"},"canonical":"https:\/\/sxflightcase.com\/da\/\u0e1c\u0e25\u0e34\u0e15\u0e20\u0e31\u0e13\u0e11\u0e4c\/dual-15-inch-subwoofer-box\/","og_locale":"da_DK","og_type":"article","og_title":"Dual 15 Inch Subwoofer Box","og_description":"Dual 15 Inch Subwoofer Box: Get factory-direct sales and professional customization for optimal protection and organization of your lighting equipment","og_url":"https:\/\/sxflightcase.com\/da\/\u0e1c\u0e25\u0e34\u0e15\u0e20\u0e31\u0e13\u0e11\u0e4c\/dual-15-inch-subwoofer-box\/","og_site_name":"https:\/\/sxflightcase.com","article_publisher":"https:\/\/www.facebook.com\/profile.php?id=61560407257971","article_modified_time":"2024-06-21T01:32:51+00:00","og_image":[{"width":700,"height":700,"url":"https:\/\/sxflightcase.com\/wp-content\/uploads\/2024\/05\/dual-15-inch-subwoofer-box34149732810.webp","type":"image\/webp"}],"twitter_card":"summary_large_image","twitter_misc":{"Estimeret l\u00e6setid":"4 minutter"},"schema":{"@context":"https:\/\/schema.org","@graph":[{"@type":"WebPage","@id":"https:\/\/sxflightcase.com\/th\/\u0e1c\u0e25\u0e34\u0e15\u0e20\u0e31\u0e13\u0e11\u0e4c\/dual-15-inch-subwoofer-box\/","url":"https:\/\/sxflightcase.com\/th\/\u0e1c\u0e25\u0e34\u0e15\u0e20\u0e31\u0e13\u0e11\u0e4c\/dual-15-inch-subwoofer-box\/","name":"Dual 15 Inch Subwoofer Box - https:\/\/sxflightcase.com \ud83d\udc97","isPartOf":{"@id":"https:\/\/sxflightcase.com\/th\/#website"},"primaryImageOfPage":{"@id":"https:\/\/sxflightcase.com\/th\/\u0e1c\u0e25\u0e34\u0e15\u0e20\u0e31\u0e13\u0e11\u0e4c\/dual-15-inch-subwoofer-box\/#primaryimage"},"image":{"@id":"https:\/\/sxflightcase.com\/th\/\u0e1c\u0e25\u0e34\u0e15\u0e20\u0e31\u0e13\u0e11\u0e4c\/dual-15-inch-subwoofer-box\/#primaryimage"},"thumbnailUrl":"https:\/\/sxflightcase.com\/wp-content\/uploads\/2024\/05\/dual-15-inch-subwoofer-box34149732810.webp","datePublished":"2024-05-10T03:57:40+00:00","dateModified":"2024-06-21T01:32:51+00:00","description":"Dobbelt 15 tommer subwooferboks: F\u00e5 direkte salg fra fabrikken og professionel tilpasning til optimal beskyttelse og organisering af dit belysningsudstyr","breadcrumb":{"@id":"https:\/\/sxflightcase.com\/th\/\u0e1c\u0e25\u0e34\u0e15\u0e20\u0e31\u0e13\u0e11\u0e4c\/dual-15-inch-subwoofer-box\/#breadcrumb"},"inLanguage":"da-DK","potentialAction":[{"@type":"ReadAction","target":["https:\/\/sxflightcase.com\/th\/\u0e1c\u0e25\u0e34\u0e15\u0e20\u0e31\u0e13\u0e11\u0e4c\/dual-15-inch-subwoofer-box\/"]}]},{"@type":"ImageObject","inLanguage":"da-DK","@id":"https:\/\/sxflightcase.com\/th\/\u0e1c\u0e25\u0e34\u0e15\u0e20\u0e31\u0e13\u0e11\u0e4c\/dual-15-inch-subwoofer-box\/#primaryimage","url":"https:\/\/sxflightcase.com\/wp-content\/uploads\/2024\/05\/dual-15-inch-subwoofer-box34149732810.webp","contentUrl":"https:\/\/sxflightcase.com\/wp-content\/uploads\/2024\/05\/dual-15-inch-subwoofer-box34149732810.webp","width":700,"height":700,"caption":"Dual 15 Inch Subwoofer Box"},{"@type":"BreadcrumbList","@id":"https:\/\/sxflightcase.com\/th\/\u0e1c\u0e25\u0e34\u0e15\u0e20\u0e31\u0e13\u0e11\u0e4c\/dual-15-inch-subwoofer-box\/#breadcrumb","itemListElement":[{"@type":"ListItem","position":1,"name":"Home","item":"https:\/\/sxflightcase.com\/"},{"@type":"ListItem","position":2,"name":"\u0e2a\u0e34\u0e19\u0e04\u0e49\u0e32","item":"https:\/\/sxflightcase.com\/th\/shop\/"},{"@type":"ListItem","position":3,"name":"Dual 15 Inch Subwoofer Box"}]},{"@type":"WebSite","@id":"https:\/\/sxflightcase.com\/th\/#website","url":"https:\/\/sxflightcase.com\/th\/","name":"sxpowercase.com","description":"Flight Case Factory","publisher":{"@id":"https:\/\/sxflightcase.com\/th\/#organization"},"potentialAction":[{"@type":"SearchAction","target":{"@type":"EntryPoint","urlTemplate":"https:\/\/sxflightcase.com\/th\/?s={search_term_string}"},"query-input":{"@type":"PropertyValueSpecification","valueRequired":true,"valueName":"search_term_string"}}],"inLanguage":"da-DK"},{"@type":"Organization","@id":"https:\/\/sxflightcase.com\/th\/#organization","name":"sxpowercase.com","url":"https:\/\/sxflightcase.com\/th\/","logo":{"@type":"ImageObject","inLanguage":"da-DK","@id":"https:\/\/sxflightcase.com\/th\/#\/schema\/logo\/image\/","url":"https:\/\/sxflightcase.com\/wp-content\/uploads\/2024\/04\/1713919036007.jpg","contentUrl":"https:\/\/sxflightcase.com\/wp-content\/uploads\/2024\/04\/1713919036007.jpg","width":382,"height":388,"caption":"sxpowercase.com"},"image":{"@id":"https:\/\/sxflightcase.com\/th\/#\/schema\/logo\/image\/"},"sameAs":["https:\/\/www.facebook.com\/profile.php?id=61560407257971"],"numberOfEmployees":{"@type":"QuantitativeValue","minValue":"11","maxValue":"50"}}]}},"_links":{"self":[{"href":"https:\/\/sxflightcase.com\/da\/wp-json\/wp\/v2\/product\/1721","targetHints":{"allow":["GET"]}}],"collection":[{"href":"https:\/\/sxflightcase.com\/da\/wp-json\/wp\/v2\/product"}],"about":[{"href":"https:\/\/sxflightcase.com\/da\/wp-json\/wp\/v2\/types\/product"}],"replies":[{"embeddable":true,"href":"https:\/\/sxflightcase.com\/da\/wp-json\/wp\/v2\/comments?post=1721"}],"version-history":[{"count":0,"href":"https:\/\/sxflightcase.com\/da\/wp-json\/wp\/v2\/product\/1721\/revisions"}],"wp:featuredmedia":[{"embeddable":true,"href":"https:\/\/sxflightcase.com\/da\/wp-json\/wp\/v2\/media\/1722"}],"wp:attachment":[{"href":"https:\/\/sxflightcase.com\/da\/wp-json\/wp\/v2\/media?parent=1721"}],"wp:term":[{"taxonomy":"product_brand","embeddable":true,"href":"https:\/\/sxflightcase.com\/da\/wp-json\/wp\/v2\/product_brand?post=1721"},{"taxonomy":"product_cat","embeddable":true,"href":"https:\/\/sxflightcase.com\/da\/wp-json\/wp\/v2\/product_cat?post=1721"},{"taxonomy":"product_tag","embeddable":true,"href":"https:\/\/sxflightcase.com\/da\/wp-json\/wp\/v2\/product_tag?post=1721"}],"curies":[{"name":"wp","href":"https:\/\/api.w.org\/{rel}","templated":true}]}}