{"id":1731,"date":"2024-05-10T06:44:25","date_gmt":"2024-05-10T05:44:25","guid":{"rendered":"https:\/\/sxpowercase.com\/?post_type=product&#038;p=1731"},"modified":"2024-06-21T02:56:05","modified_gmt":"2024-06-21T01:56:05","slug":"15-inch-subwoofer-box","status":"publish","type":"product","link":"https:\/\/sxflightcase.com\/da\/vare\/15-tommer-subwoofer-boks\/","title":{"rendered":"15 tommer subwoofer boks"},"content":{"rendered":"<p><strong>Produktparameter (specifikation)<\/strong><\/p>\n<section class=\"table-wrap\">\n<table class=\"table\" width=\"100%\" cellspacing=\"0\" cellpadding=\"0\">\n<tbody>\n<tr class=\"firstRow\">\n<td width=\"134\">Produktnavn:<\/td>\n<td width=\"503\">15 tommer subwoofer-boks<\/td>\n<\/tr>\n<tr>\n<td width=\"134\">Materiale og tilbeh\u00f8r:<\/td>\n<td width=\"503\">9 mm krydsfiner + forkromet\/zinkbelagt hardware + aluminiumsekstrudering<br \/>\nAftagelige l\u00e5g foran og bagp\u00e5<\/td>\n<\/tr>\n<tr>\n<td width=\"134\">Skum foring:<\/td>\n<td width=\"503\">Perleskum \/EVA-skum \/ \u00c6ggeskum osv...almindelig eller efter anmodning<\/td>\n<\/tr>\n<tr>\n<td width=\"134\">Farve:<\/td>\n<td width=\"503\">Sort (standardfarve), r\u00f8d, bl\u00e5, orange, gul, gr\u00f8n osv.<\/td>\n<\/tr>\n<tr>\n<td width=\"134\">Leveringstid:<\/td>\n<td width=\"503\">Pr\u00f8vebestilling 3 dage, normal ordre 7-15 dage<\/td>\n<\/tr>\n<tr>\n<td width=\"134\">Dimension:<\/td>\n<td width=\"503\">Afh\u00e6nger af udstyrsdimension<\/td>\n<\/tr>\n<\/tbody>\n<\/table>\n<\/section>\n<h1>L\u00f8ft din lyd med SX 15 tommer subwooferboks<\/h1>\n<h2>Slip den dybe bas l\u00f8s<\/h2>\n<p>Oplev forskellen i lydkvalitet med <strong>15 tommer subwoofer boks<\/strong> fra <a href=\"https:\/\/sxpowercase.com\/\" target=\"_blank\" rel=\"noopener\" title=\"SX\" data-wpil-monitor-id=\"114\">SX<\/a>. Denne subwooferboks er designet til at levere kraftig, dyb bas og er perfekt til dem, der \u00f8nsker en fordybende lydoplevelse. Uanset om du er musikentusiast eller lydprofessionel, er SX <strong>15 tommer subwoofer boks<\/strong> vil overg\u00e5 dine forventninger.<\/p>\n<h2>Overlegen design og funktionalitet<\/h2>\n<h3>Passer perfekt til enhver lydops\u00e6tning<\/h3>\n<p>SX'en <strong>15 tommer subwoofer boks<\/strong> har et slankt, kompakt design, der passer problemfrit ind i enhver lydops\u00e6tning. Den robuste konstruktion sikrer holdbarhed og langvarig ydeevne, hvilket g\u00f8r den til et ideelt valg til b\u00e5de lydsystemer i hjemmet og i bilen. Opgrader nemt dit lydsystem, og nyd overlegen lydkvalitet.<\/p>\n<h2>Direkte fra fabrikken<\/h2>\n<h3>H\u00f8j kvalitet til overkommelige priser<\/h3>\n<p>Hos SX tror vi p\u00e5 at levere produkter i topkvalitet til overkommelige priser. Vores <strong>15 tommer subwoofer-bokse<\/strong> er tilg\u00e6ngelig gennem direkte salg fra fabrikken, hvilket sikrer, at du f\u00e5r mest muligt for dine penge. Nyd fordelene ved f\u00f8rsteklasses lydudstyr uden den h\u00f8je pris.<\/p>\n<h2>Tilpasset til dine behov<\/h2>\n<h3>Skr\u00e6ddersyede lydl\u00f8sninger<\/h3>\n<p>Vi forst\u00e5r, at enhver lydops\u00e6tning er unik. Det er derfor, SX tilbyder tilpasningsmuligheder for vores <strong>15 tommer subwoofer-bokse<\/strong>. Uanset om du har brug for en bestemt finish, st\u00f8rrelse eller ekstra funktioner, er vores team dedikeret til at skabe et produkt, der opfylder dine n\u00f8jagtige specifikationer. Forbedr din lydoplevelse med en subwooferboks, der er lavet lige til dig.<\/p>\n<h2>Oplev uovertruffen lydkvalitet<\/h2>\n<h3>Krystalklar, kraftfuld bas<\/h3>\n<p>Forvandl din lydoplevelse med SX <strong>15 tommer subwoofer boks<\/strong>. Denne subwooferboks er konstrueret til at producere krystalklar, kraftfuld bas og bringer det bedste frem i din musik og dine film. M\u00e6rk hvert eneste slag og hver eneste tone med uovertruffen klarhed og dybde, s\u00e5 din lytteoplevelse bliver uforglemmelig.<\/p>\n<hr \/>\n<p>Opgrader til SX <strong>15 tommer subwoofer boks<\/strong> og tag dit lydsystem til det n\u00e6ste niveau. Kontakt os i dag for at f\u00e5 mere at vide om vores direkte fabrikssalg og tilpasningsmuligheder. Oplev forskellen i lydkvalitet med SX, og l\u00f8ft din lytteoplevelse som aldrig f\u00f8r.<\/p>\n<p><strong>FAQ<\/strong><\/p>\n<p>Q: Hvad er jeres betalingsbetingelser?<\/p>\n<p>A: 30% udbetaling f\u00f8r produktion og 70% balance betaling f\u00f8r forsendelse.<\/p>\n<p>Q: Hvilken betalingsform kan du acceptere?<\/p>\n<p>A: T\/T, Western Union osv. Vi accepterer alle praktiske og hurtige betalingsbetingelser.<\/p>\n<p>Q: Hvordan sender I varerne, og hvor lang tid tager det at f\u00e5 dem frem?<\/p>\n<p>A: Normalt sendes ad s\u00f8vejen, vi kan hj\u00e6lpe med at g\u00f8re CIF-pris eller ex-work-pris ...<\/p>\n<p>Hot Tags: Lav pris, p\u00e5 lager, gratis pr\u00f8ve, str\u00f8m- og signalkabel, 16 Gauge 4 ledertr\u00e5d, mikrofonstativ, udend\u00f8rs LED-displaykabinet, rackmontering, 19\u201d rackmonterede mixer-flyvekasser\uff0celektrisk distroboks, Kina, leverand\u00f8rer, fabrik, tilpasset, engros, <span style=\"color: #993366;\"><a style=\"color: #993366;\" href=\"https:\/\/sxflightcase.com\/da\/product-category\/all-product\/power-distribution-boxes\/\">str\u00f8mbokse<\/a>,\u00a0<a style=\"color: #993366;\" href=\"https:\/\/sxflightcase.com\/da\/product-category\/all-product\/hoist-controllers\/\">str\u00f8mkabler<\/a>,\u00a0<a style=\"color: #993366;\" href=\"https:\/\/sxflightcase.com\/da\/product-category\/all-product\/hoist-controllers\/\">hejseregulatorer<\/a>,\u00a0<a style=\"color: #993366;\" href=\"https:\/\/sxflightcase.com\/da\/product-category\/all-product\/flight-case\/\">flyvekasser.<\/a><\/span><\/p>","protected":false},"excerpt":{"rendered":"<h2 class=\"prodetails-name\">15 tommer subwoofer boks<\/h2>\n<p>Vi tilbyder et stort udvalg af h\u00f8jttalerkasser som f.eks. 12 tommer subwooferbokse, s\u00e5 du kan transportere dit udstyr problemfrit, uanset hvor du er p\u00e5 rejse. Uanset om du har brug for at opbevare dit udstyr i lastrummet eller er p\u00e5 udkig efter en nem transportform, er vores road trunks det perfekte k\u00f8b.<\/p>\n<h2><strong>Produktionsintroduktion<\/strong><\/h2>\n<p>15 tommer subwoofer-boks<\/p>\n<p>Fremstillet af 9,5 mm Hexagrip (sort fenolharpiksbundet birkekrydsfiner med et sort sekskantet m\u00f8nster p\u00e5 ydersiden og en glat sort finish p\u00e5 indersiden).<\/p>\n<p>Kraftige kuglehj\u00f8rner<\/p>\n<p>2x store sommerfuglefangere<\/p>\n<p>4x kraftige opvaskeh\u00e5ndtag med bagplader, 2 monteret i hver ende (yderligere 2 p\u00e5 hver af de lange sider koster ekstra)<\/p>\n<p>2x store l\u00e5gst\u00f8tter og pianoh\u00e6ngsel holder l\u00e5get lige over 90 grader.<\/p>\n<p>4x 100 mm gummihjul (2 med bremser) boltet fast til basen med forst\u00e6rkning af birkekrydsfiner<\/p>","protected":false},"featured_media":1732,"comment_status":"open","ping_status":"closed","template":"","meta":[],"product_brand":[],"product_cat":[41],"product_tag":[],"class_list":{"0":"post-1731","1":"product","2":"type-product","3":"status-publish","4":"has-post-thumbnail","6":"product_cat-equipment-cases","8":"first","9":"instock","10":"shipping-taxable","11":"product-type-simple"},"yoast_head":"<!-- This site is optimized with the Yoast SEO Premium plugin v27.1 (Yoast SEO v27.2) - https:\/\/yoast.com\/product\/yoast-seo-premium-wordpress\/ -->\n<title>15 Inch Subwoofer Box - https:\/\/sxflightcase.com \ud83d\udc97<\/title>\n<meta name=\"description\" content=\"15 Inch Subwoofer Box: Discover factory-direct sales and professional customization for the perfect fit and performance of your subwoofer system.\" \/>\n<meta name=\"robots\" content=\"index, follow, max-snippet:-1, max-image-preview:large, max-video-preview:-1\" \/>\n<link rel=\"canonical\" href=\"https:\/\/sxflightcase.com\/da\/produk\/kotak-subwoofer-15-inci-2\/\" \/>\n<meta property=\"og:locale\" content=\"da_DK\" \/>\n<meta property=\"og:type\" content=\"article\" \/>\n<meta property=\"og:title\" content=\"15 Inch Subwoofer Box\" \/>\n<meta property=\"og:description\" content=\"15 Inch Subwoofer Box: Discover factory-direct sales and professional customization for the perfect fit and performance of your subwoofer system.\" \/>\n<meta property=\"og:url\" content=\"https:\/\/sxflightcase.com\/da\/produk\/kotak-subwoofer-15-inci-2\/\" \/>\n<meta property=\"og:site_name\" content=\"https:\/\/sxflightcase.com\" \/>\n<meta property=\"article:publisher\" content=\"https:\/\/www.facebook.com\/profile.php?id=61560407257971\" \/>\n<meta property=\"article:modified_time\" content=\"2024-06-21T01:56:05+00:00\" \/>\n<meta property=\"og:image\" content=\"https:\/\/sxflightcase.com\/wp-content\/uploads\/2024\/05\/15-inch-subwoofer-box55497615320.webp\" \/>\n\t<meta property=\"og:image:width\" content=\"750\" \/>\n\t<meta property=\"og:image:height\" content=\"750\" \/>\n\t<meta property=\"og:image:type\" content=\"image\/webp\" \/>\n<meta name=\"twitter:card\" content=\"summary_large_image\" \/>\n<meta name=\"twitter:label1\" content=\"Estimeret l\u00e6setid\" \/>\n\t<meta name=\"twitter:data1\" content=\"3 minutter\" \/>\n<script type=\"application\/ld+json\" class=\"yoast-schema-graph\">{\"@context\":\"https:\/\/schema.org\",\"@graph\":[{\"@type\":\"WebPage\",\"@id\":\"https:\/\/sxflightcase.com\/id\/produk\/kotak-subwoofer-15-inci-2\/\",\"url\":\"https:\/\/sxflightcase.com\/id\/produk\/kotak-subwoofer-15-inci-2\/\",\"name\":\"15 Inch Subwoofer Box - https:\/\/sxflightcase.com \ud83d\udc97\",\"isPartOf\":{\"@id\":\"https:\/\/sxflightcase.com\/th\/#website\"},\"primaryImageOfPage\":{\"@id\":\"https:\/\/sxflightcase.com\/id\/produk\/kotak-subwoofer-15-inci-2\/#primaryimage\"},\"image\":{\"@id\":\"https:\/\/sxflightcase.com\/id\/produk\/kotak-subwoofer-15-inci-2\/#primaryimage\"},\"thumbnailUrl\":\"https:\/\/sxflightcase.com\/wp-content\/uploads\/2024\/05\/15-inch-subwoofer-box55497615320.webp\",\"datePublished\":\"2024-05-10T05:44:25+00:00\",\"dateModified\":\"2024-06-21T01:56:05+00:00\",\"description\":\"15 Inch Subwoofer Box: Discover factory-direct sales and professional customization for the perfect fit and performance of your subwoofer system.\",\"breadcrumb\":{\"@id\":\"https:\/\/sxflightcase.com\/id\/produk\/kotak-subwoofer-15-inci-2\/#breadcrumb\"},\"inLanguage\":\"da-DK\",\"potentialAction\":[{\"@type\":\"ReadAction\",\"target\":[\"https:\/\/sxflightcase.com\/id\/produk\/kotak-subwoofer-15-inci-2\/\"]}]},{\"@type\":\"ImageObject\",\"inLanguage\":\"da-DK\",\"@id\":\"https:\/\/sxflightcase.com\/id\/produk\/kotak-subwoofer-15-inci-2\/#primaryimage\",\"url\":\"https:\/\/sxflightcase.com\/wp-content\/uploads\/2024\/05\/15-inch-subwoofer-box55497615320.webp\",\"contentUrl\":\"https:\/\/sxflightcase.com\/wp-content\/uploads\/2024\/05\/15-inch-subwoofer-box55497615320.webp\",\"width\":750,\"height\":750,\"caption\":\"15 Inch Subwoofer Box\"},{\"@type\":\"BreadcrumbList\",\"@id\":\"https:\/\/sxflightcase.com\/id\/produk\/kotak-subwoofer-15-inci-2\/#breadcrumb\",\"itemListElement\":[{\"@type\":\"ListItem\",\"position\":1,\"name\":\"Home\",\"item\":\"https:\/\/sxflightcase.com\/\"},{\"@type\":\"ListItem\",\"position\":2,\"name\":\"\u0e2a\u0e34\u0e19\u0e04\u0e49\u0e32\",\"item\":\"https:\/\/sxflightcase.com\/th\/shop\/\"},{\"@type\":\"ListItem\",\"position\":3,\"name\":\"15 Inch Subwoofer Box\"}]},{\"@type\":\"WebSite\",\"@id\":\"https:\/\/sxflightcase.com\/th\/#website\",\"url\":\"https:\/\/sxflightcase.com\/th\/\",\"name\":\"sxpowercase.com\",\"description\":\"Flight Case Factory\",\"publisher\":{\"@id\":\"https:\/\/sxflightcase.com\/th\/#organization\"},\"potentialAction\":[{\"@type\":\"SearchAction\",\"target\":{\"@type\":\"EntryPoint\",\"urlTemplate\":\"https:\/\/sxflightcase.com\/th\/?s={search_term_string}\"},\"query-input\":{\"@type\":\"PropertyValueSpecification\",\"valueRequired\":true,\"valueName\":\"search_term_string\"}}],\"inLanguage\":\"da-DK\"},{\"@type\":\"Organization\",\"@id\":\"https:\/\/sxflightcase.com\/th\/#organization\",\"name\":\"sxpowercase.com\",\"url\":\"https:\/\/sxflightcase.com\/th\/\",\"logo\":{\"@type\":\"ImageObject\",\"inLanguage\":\"da-DK\",\"@id\":\"https:\/\/sxflightcase.com\/th\/#\/schema\/logo\/image\/\",\"url\":\"https:\/\/sxflightcase.com\/wp-content\/uploads\/2024\/04\/1713919036007.jpg\",\"contentUrl\":\"https:\/\/sxflightcase.com\/wp-content\/uploads\/2024\/04\/1713919036007.jpg\",\"width\":382,\"height\":388,\"caption\":\"sxpowercase.com\"},\"image\":{\"@id\":\"https:\/\/sxflightcase.com\/th\/#\/schema\/logo\/image\/\"},\"sameAs\":[\"https:\/\/www.facebook.com\/profile.php?id=61560407257971\"],\"numberOfEmployees\":{\"@type\":\"QuantitativeValue\",\"minValue\":\"11\",\"maxValue\":\"50\"}}]}<\/script>\n<!-- \/ Yoast SEO Premium plugin. -->","yoast_head_json":{"title":"15 Inch Subwoofer Box - https:\/\/sxflightcase.com \ud83d\udc97","description":"15 tommer subwooferboks: Oplev direkte salg fra fabrikken og professionel tilpasning, s\u00e5 du f\u00e5r den perfekte pasform og ydeevne til dit subwoofer-system.","robots":{"index":"index","follow":"follow","max-snippet":"max-snippet:-1","max-image-preview":"max-image-preview:large","max-video-preview":"max-video-preview:-1"},"canonical":"https:\/\/sxflightcase.com\/da\/produk\/kotak-subwoofer-15-inci-2\/","og_locale":"da_DK","og_type":"article","og_title":"15 Inch Subwoofer Box","og_description":"15 Inch Subwoofer Box: Discover factory-direct sales and professional customization for the perfect fit and performance of your subwoofer system.","og_url":"https:\/\/sxflightcase.com\/da\/produk\/kotak-subwoofer-15-inci-2\/","og_site_name":"https:\/\/sxflightcase.com","article_publisher":"https:\/\/www.facebook.com\/profile.php?id=61560407257971","article_modified_time":"2024-06-21T01:56:05+00:00","og_image":[{"width":750,"height":750,"url":"https:\/\/sxflightcase.com\/wp-content\/uploads\/2024\/05\/15-inch-subwoofer-box55497615320.webp","type":"image\/webp"}],"twitter_card":"summary_large_image","twitter_misc":{"Estimeret l\u00e6setid":"3 minutter"},"schema":{"@context":"https:\/\/schema.org","@graph":[{"@type":"WebPage","@id":"https:\/\/sxflightcase.com\/id\/produk\/kotak-subwoofer-15-inci-2\/","url":"https:\/\/sxflightcase.com\/id\/produk\/kotak-subwoofer-15-inci-2\/","name":"15 Inch Subwoofer Box - https:\/\/sxflightcase.com \ud83d\udc97","isPartOf":{"@id":"https:\/\/sxflightcase.com\/th\/#website"},"primaryImageOfPage":{"@id":"https:\/\/sxflightcase.com\/id\/produk\/kotak-subwoofer-15-inci-2\/#primaryimage"},"image":{"@id":"https:\/\/sxflightcase.com\/id\/produk\/kotak-subwoofer-15-inci-2\/#primaryimage"},"thumbnailUrl":"https:\/\/sxflightcase.com\/wp-content\/uploads\/2024\/05\/15-inch-subwoofer-box55497615320.webp","datePublished":"2024-05-10T05:44:25+00:00","dateModified":"2024-06-21T01:56:05+00:00","description":"15 tommer subwooferboks: Oplev direkte salg fra fabrikken og professionel tilpasning, s\u00e5 du f\u00e5r den perfekte pasform og ydeevne til dit subwoofer-system.","breadcrumb":{"@id":"https:\/\/sxflightcase.com\/id\/produk\/kotak-subwoofer-15-inci-2\/#breadcrumb"},"inLanguage":"da-DK","potentialAction":[{"@type":"ReadAction","target":["https:\/\/sxflightcase.com\/id\/produk\/kotak-subwoofer-15-inci-2\/"]}]},{"@type":"ImageObject","inLanguage":"da-DK","@id":"https:\/\/sxflightcase.com\/id\/produk\/kotak-subwoofer-15-inci-2\/#primaryimage","url":"https:\/\/sxflightcase.com\/wp-content\/uploads\/2024\/05\/15-inch-subwoofer-box55497615320.webp","contentUrl":"https:\/\/sxflightcase.com\/wp-content\/uploads\/2024\/05\/15-inch-subwoofer-box55497615320.webp","width":750,"height":750,"caption":"15 Inch Subwoofer Box"},{"@type":"BreadcrumbList","@id":"https:\/\/sxflightcase.com\/id\/produk\/kotak-subwoofer-15-inci-2\/#breadcrumb","itemListElement":[{"@type":"ListItem","position":1,"name":"Home","item":"https:\/\/sxflightcase.com\/"},{"@type":"ListItem","position":2,"name":"\u0e2a\u0e34\u0e19\u0e04\u0e49\u0e32","item":"https:\/\/sxflightcase.com\/th\/shop\/"},{"@type":"ListItem","position":3,"name":"15 Inch Subwoofer Box"}]},{"@type":"WebSite","@id":"https:\/\/sxflightcase.com\/th\/#website","url":"https:\/\/sxflightcase.com\/th\/","name":"sxpowercase.com","description":"Flight Case Factory","publisher":{"@id":"https:\/\/sxflightcase.com\/th\/#organization"},"potentialAction":[{"@type":"SearchAction","target":{"@type":"EntryPoint","urlTemplate":"https:\/\/sxflightcase.com\/th\/?s={search_term_string}"},"query-input":{"@type":"PropertyValueSpecification","valueRequired":true,"valueName":"search_term_string"}}],"inLanguage":"da-DK"},{"@type":"Organization","@id":"https:\/\/sxflightcase.com\/th\/#organization","name":"sxpowercase.com","url":"https:\/\/sxflightcase.com\/th\/","logo":{"@type":"ImageObject","inLanguage":"da-DK","@id":"https:\/\/sxflightcase.com\/th\/#\/schema\/logo\/image\/","url":"https:\/\/sxflightcase.com\/wp-content\/uploads\/2024\/04\/1713919036007.jpg","contentUrl":"https:\/\/sxflightcase.com\/wp-content\/uploads\/2024\/04\/1713919036007.jpg","width":382,"height":388,"caption":"sxpowercase.com"},"image":{"@id":"https:\/\/sxflightcase.com\/th\/#\/schema\/logo\/image\/"},"sameAs":["https:\/\/www.facebook.com\/profile.php?id=61560407257971"],"numberOfEmployees":{"@type":"QuantitativeValue","minValue":"11","maxValue":"50"}}]}},"_links":{"self":[{"href":"https:\/\/sxflightcase.com\/da\/wp-json\/wp\/v2\/product\/1731","targetHints":{"allow":["GET"]}}],"collection":[{"href":"https:\/\/sxflightcase.com\/da\/wp-json\/wp\/v2\/product"}],"about":[{"href":"https:\/\/sxflightcase.com\/da\/wp-json\/wp\/v2\/types\/product"}],"replies":[{"embeddable":true,"href":"https:\/\/sxflightcase.com\/da\/wp-json\/wp\/v2\/comments?post=1731"}],"version-history":[{"count":0,"href":"https:\/\/sxflightcase.com\/da\/wp-json\/wp\/v2\/product\/1731\/revisions"}],"wp:featuredmedia":[{"embeddable":true,"href":"https:\/\/sxflightcase.com\/da\/wp-json\/wp\/v2\/media\/1732"}],"wp:attachment":[{"href":"https:\/\/sxflightcase.com\/da\/wp-json\/wp\/v2\/media?parent=1731"}],"wp:term":[{"taxonomy":"product_brand","embeddable":true,"href":"https:\/\/sxflightcase.com\/da\/wp-json\/wp\/v2\/product_brand?post=1731"},{"taxonomy":"product_cat","embeddable":true,"href":"https:\/\/sxflightcase.com\/da\/wp-json\/wp\/v2\/product_cat?post=1731"},{"taxonomy":"product_tag","embeddable":true,"href":"https:\/\/sxflightcase.com\/da\/wp-json\/wp\/v2\/product_tag?post=1731"}],"curies":[{"name":"wp","href":"https:\/\/api.w.org\/{rel}","templated":true}]}}