{"id":1756,"date":"2024-05-10T07:10:35","date_gmt":"2024-05-10T06:10:35","guid":{"rendered":"https:\/\/sxpowercase.com\/?post_type=product&#038;p=1756"},"modified":"2024-06-21T03:14:52","modified_gmt":"2024-06-21T02:14:52","slug":"led-screen-cabinet","status":"publish","type":"product","link":"https:\/\/sxflightcase.com\/da\/vare\/kabinet-med-led-skaerm\/","title":{"rendered":"LED-sk\u00e6rmkabinet"},"content":{"rendered":"<h3><strong>Produktparameter (specifikation)<\/strong><\/h3>\n<section class=\"table-wrap\">\n<table class=\"table\" width=\"100%\" cellspacing=\"0\" cellpadding=\"0\">\n<tbody>\n<tr class=\"firstRow\">\n<td width=\"134\">L\u00e5g<\/td>\n<td width=\"504\">Aftagelig<\/td>\n<\/tr>\n<tr>\n<td width=\"134\">Hjul<\/td>\n<td width=\"504\">Dobbelte bremsehjul - praktisk at flytte og stoppe<\/td>\n<\/tr>\n<tr>\n<td width=\"134\">Farve<\/td>\n<td width=\"504\">Sort, hvid, bl\u00e5, r\u00f8d, orange, gr\u00f8n, gul, lilla<\/td>\n<\/tr>\n<tr>\n<td width=\"134\">Arbejdstid<\/td>\n<td width=\"504\">5~7 dage<\/td>\n<\/tr>\n<\/tbody>\n<\/table>\n<\/section>\n<p><strong>Pakning og forsendelse<\/strong><\/p>\n<section class=\"table-wrap\">\n<table class=\"table\" width=\"100%\" cellspacing=\"0\" cellpadding=\"0\">\n<tbody>\n<tr class=\"firstRow\">\n<td colspan=\"3\" width=\"100%\">Emballage &amp; forsendelse<\/td>\n<\/tr>\n<tr>\n<td rowspan=\"3\" width=\"31%\">Leveringstid<\/td>\n<td width=\"34%\">Ved havet<\/td>\n<td width=\"33%\">15-60 dage<\/td>\n<\/tr>\n<tr>\n<td width=\"34%\">Med fly<\/td>\n<td width=\"33%\">5-7 dage<\/td>\n<\/tr>\n<tr>\n<td width=\"34%\">Med Express<\/td>\n<td width=\"33%\">5-7 dage<\/td>\n<\/tr>\n<tr>\n<td width=\"31%\">Leveringstid<\/td>\n<td colspan=\"2\" width=\"68%\">7-10 arbejder eller som dine \u00f8nsker<\/td>\n<\/tr>\n<tr>\n<td width=\"31%\">Emballage<\/td>\n<td colspan=\"2\" width=\"68%\">Med karton eller som du \u00f8nsker<\/td>\n<\/tr>\n<\/tbody>\n<\/table>\n<\/section>\n<h1>Forbedr din udstilling med SX's LED-sk\u00e6rmkabinet<\/h1>\n<h2>Ultimativ beskyttelse og sk\u00e6rm<\/h2>\n<p>Forvandl din digitale sk\u00e6rmops\u00e6tning med LED-sk\u00e6rmkabinettet fra <a href=\"https:\/\/sxpowercase.com\/\" target=\"_blank\" rel=\"noopener\" title=\"SX\" data-wpil-monitor-id=\"119\">SX<\/a>. Dette kabinet er designet til at give ultimativ beskyttelse og en forbedret sk\u00e6rmoplevelse og sikrer, at dine LED-sk\u00e6rme er sikkert anbragt, samtidig med at de bevarer optimal synlighed. Uanset om det er til kommerciel eller personlig brug, tilf\u00f8jer dette kabinet et professionelt pr\u00e6g til enhver ops\u00e6tning.<\/p>\n<h2>H\u00e5ndv\u00e6rk af h\u00f8j kvalitet<\/h2>\n<h3>Bygget til holdbarhed<\/h3>\n<p>SX s\u00e6tter en \u00e6re i at levere produkter af h\u00f8jeste kvalitet. Vores LED-sk\u00e6rmskab er konstrueret af f\u00f8rsteklasses materialer, der sikrer, at det kan modst\u00e5 tidens tand. Det robuste design beskytter dine LED-sk\u00e6rme mod ydre skader og giver en p\u00e5lidelig og langtidsholdbar l\u00f8sning til alle dine sk\u00e6rmbehov.<\/p>\n<h2>Direkte fabrikssalg<\/h2>\n<h3>Uovertruffen v\u00e6rdi<\/h3>\n<p>Ved at tilbyde direkte salg fra fabrikken garanterer SX dig den bedste v\u00e6rdi for din investering. Ved at sk\u00e6re mellemmanden v\u00e6k kan vi levere f\u00f8rsteklasses produkter til konkurrencedygtige priser. LED-sk\u00e6rmkabinettet kombinerer enest\u00e5ende holdbarhed med en overkommelig pris, hvilket g\u00f8r det til et smart valg for b\u00e5de virksomheder og enkeltpersoner.<\/p>\n<h2>Tilpasningsmuligheder<\/h2>\n<h3>Skr\u00e6ddersyede l\u00f8sninger<\/h3>\n<p>Hver sk\u00e6rmops\u00e6tning er unik, og SX forst\u00e5r vigtigheden af tilpasning. Vores LED-sk\u00e6rmskab leveres med forskellige tilpasningsmuligheder, der passer til dine specifikke behov. Uanset om du har brug for specifikke dimensioner, finish eller yderligere funktioner, kan vi skr\u00e6ddersy kabinettet til at opfylde dine n\u00f8jagtige krav. Nyd en l\u00f8sning, der passer perfekt ind i dit sk\u00e6rmmilj\u00f8.<\/p>\n<h2>Elegant og moderne design<\/h2>\n<h3>Forbedr din visuelle appel<\/h3>\n<p>LED-sk\u00e6rmskabet fra SX beskytter ikke kun dine sk\u00e6rme, men forbedrer ogs\u00e5 den overordnede visuelle appel i din ops\u00e6tning. Med et slankt og moderne design integreres dette kabinet problemfrit i ethvert milj\u00f8 og tilf\u00f8jer et strejf af raffinement. Dets gennemt\u00e6nkte design sikrer nem adgang til og vedligeholdelse af dine LED-sk\u00e6rme.<\/p>\n<hr \/>\n<p>L\u00f8ft din sk\u00e6rmoplevelse med SX LED Screen Cabinet. Kontakt os i dag for at h\u00f8re mere om vores direkte fabrikssalg og tilpasningsmuligheder. Oplev den perfekte blanding af beskyttelse, funktionalitet og stil med SX, og nyd en velbeskyttet og visuelt tiltalende sk\u00e6rmops\u00e6tning.<\/p>\n<p><strong>FAQ<\/strong><\/p>\n<p>Betaling: Vi kan acceptere betaling via T \/ T, Western Union.etc. Da bankoverf\u00f8rsel (T \/ T) er velegnet til store ordrer, til lille ordre, skal du hellere betale via Western Union, hvilket er let, hurtigt og sikkert.<\/p>\n<p>Forsendelse: vi tilbyder mange forsendelsesmuligheder for vores kunder, vi har et godt forhold til rederiet direkte, s\u00e5som APL, Cosco, CMA og s\u00e5 videre, vi kan hj\u00e6lpe dig med at spare forsendelsesomkostninger<\/p>\n<p>Importafgifter: Vi kan hj\u00e6lpe dig med at reducere og undg\u00e5 importafgifter ved at angive en lavere pris, hvis du har sp\u00f8rgsm\u00e5l, bedes du kontakte os n\u00e5r som helst, vi ser frem til et langt samarbejde med dig.<\/p>\n<p>Emballage: Vi tilbyder mange emballagemuligheder til vores kunder, f.eks. <a class=\"wpil_keyword_link\" href=\"https:\/\/sxpowercase.com\/product-category\/all-product\/flight-case\/\" target=\"_blank\" rel=\"noopener\" title=\"flight case\" data-wpil-keyword-link=\"linked\" data-wpil-monitor-id=\"415\">flight case<\/a> &amp; vogn &amp; karton\u00e6ske &amp; b\u00e5ret taske &amp; boblepose osv. Ogs\u00e5 andre tilpassede emballagemuligheder er tilg\u00e6ngelige<\/p>\n<p>Hot Tags: Lav pris, p\u00e5 lager, gratis pr\u00f8ve, str\u00f8m- og signalkabel, 16 gauge 4-lederledning, mikrofonstativkasse, udend\u00f8rs LED-sk\u00e6rmskab, rackmontering, 19 \"rackmonterede mixerflykasser \uff0c elektrisk distroboks, Kina, leverand\u00f8rer, fabrik, tilpasset, engros, LED-sk\u00e6rmskab,<span style=\"color: #993366;\"><a style=\"color: #993366;\" href=\"https:\/\/sxflightcase.com\/da\/product-category\/all-product\/power-distribution-boxes\/\">str\u00f8mbokse<\/a>,\u00a0<a style=\"color: #993366;\" href=\"https:\/\/sxflightcase.com\/da\/product-category\/all-product\/hoist-controllers\/\">str\u00f8mkabler<\/a>,\u00a0<a style=\"color: #993366;\" href=\"https:\/\/sxflightcase.com\/da\/product-category\/all-product\/hoist-controllers\/\">hejseregulatorer<\/a>,\u00a0<a style=\"color: #993366;\" href=\"https:\/\/sxflightcase.com\/da\/product-category\/all-product\/flight-case\/\">flyvekasser.<\/a><\/span><\/p>","protected":false},"excerpt":{"rendered":"<h2 class=\"prodetails-name\">LED-sk\u00e6rmkabinet<\/h2>\n<p>Vores flightcase-konfigurator kan hj\u00e6lpe dig med at planl\u00e6gge din egen personlige case. Alle \u00e6ndringer, du foretager under designprocessen, sker i realtid foran dig i 3D-forh\u00e5ndsvisningen. Priserne er ogs\u00e5 tilg\u00e6ngelige med det samme - uden at du beh\u00f8ver at bede om et tilbud eller vente p\u00e5 svar. Ud over de grundl\u00e6ggende egenskaber, s\u00e5som dimensioner, materialer og farver, kan du ogs\u00e5 frit v\u00e6lge h\u00e5ndtag, foring, ekstra beslag samt tilf\u00f8je en lang r\u00e6kke ekstraudstyr som f.eks. hjul, udsparinger til hjul, sk\u00e5le til turetiketter osv.<\/p>\n<h2><strong>Produktionsintroduktion<\/strong><\/h2>\n<p>LED-sk\u00e6rmkabinet<\/p>\n<p>1. Brug 9mm\/12mm massiv krydsfiner med h\u00f8j intensitet.<\/p>\n<p>2. 50 mm t\u00e6t skum giver et st\u00f8dsikkert system.<\/p>\n<p>3. Ultra-DUR EVA indvendig beskyttelse<\/p>\n<p>4. Let justerbart interi\u00f8r<\/p>\n<p>5. Dobbeltvinklet aluminiumsekstrudering, aluminiumstunger og -riller<\/p>\n<p>6. 3,5 tommer eller 4 tommer kraftige hjul (2 med l\u00e5s og 2 uden l\u00e5s)<\/p>\n<p>7. Aftagelige l\u00e5g, der er fastgjort 50 mm med 8 mm perleskum.<\/p>\n<p>8. Standard rackskinner foran og bagp\u00e5<\/p>","protected":false},"featured_media":1757,"comment_status":"open","ping_status":"closed","template":"","meta":[],"product_brand":[],"product_cat":[41],"product_tag":[],"class_list":{"0":"post-1756","1":"product","2":"type-product","3":"status-publish","4":"has-post-thumbnail","6":"product_cat-equipment-cases","8":"first","9":"instock","10":"shipping-taxable","11":"product-type-simple"},"yoast_head":"<!-- This site is optimized with the Yoast SEO Premium plugin v27.1 (Yoast SEO v27.2) - https:\/\/yoast.com\/product\/yoast-seo-premium-wordpress\/ -->\n<title>LED Screen Cabinet - https:\/\/sxflightcase.com \ud83d\udc97<\/title>\n<meta name=\"description\" content=\"LED Screen Cabinet: Explore our factory-direct options for professional customization, perfect for organizing and displaying your television and media equipment.\" \/>\n<meta name=\"robots\" content=\"index, follow, max-snippet:-1, max-image-preview:large, max-video-preview:-1\" \/>\n<link rel=\"canonical\" href=\"https:\/\/sxflightcase.com\/da\/produk\/led-screen-cabinet\/\" \/>\n<meta property=\"og:locale\" content=\"da_DK\" \/>\n<meta property=\"og:type\" content=\"article\" \/>\n<meta property=\"og:title\" content=\"LED Screen Cabinet\" \/>\n<meta property=\"og:description\" content=\"LED Screen Cabinet: Explore our factory-direct options for professional customization, perfect for organizing and displaying your television and media equipment.\" \/>\n<meta property=\"og:url\" content=\"https:\/\/sxflightcase.com\/da\/produk\/led-screen-cabinet\/\" \/>\n<meta property=\"og:site_name\" content=\"https:\/\/sxflightcase.com\" \/>\n<meta property=\"article:publisher\" content=\"https:\/\/www.facebook.com\/profile.php?id=61560407257971\" \/>\n<meta property=\"article:modified_time\" content=\"2024-06-21T02:14:52+00:00\" \/>\n<meta property=\"og:image\" content=\"https:\/\/sxflightcase.com\/wp-content\/uploads\/2024\/05\/led-screen-cabinet25295279606.webp\" \/>\n\t<meta property=\"og:image:width\" content=\"700\" \/>\n\t<meta property=\"og:image:height\" content=\"700\" \/>\n\t<meta property=\"og:image:type\" content=\"image\/webp\" \/>\n<meta name=\"twitter:card\" content=\"summary_large_image\" \/>\n<meta name=\"twitter:label1\" content=\"Estimeret l\u00e6setid\" \/>\n\t<meta name=\"twitter:data1\" content=\"4 minutter\" \/>\n<script type=\"application\/ld+json\" class=\"yoast-schema-graph\">{\"@context\":\"https:\/\/schema.org\",\"@graph\":[{\"@type\":\"WebPage\",\"@id\":\"https:\/\/sxflightcase.com\/af\/produk\/led-screen-cabinet\/\",\"url\":\"https:\/\/sxflightcase.com\/af\/produk\/led-screen-cabinet\/\",\"name\":\"LED Screen Cabinet - https:\/\/sxflightcase.com \ud83d\udc97\",\"isPartOf\":{\"@id\":\"https:\/\/sxflightcase.com\/th\/#website\"},\"primaryImageOfPage\":{\"@id\":\"https:\/\/sxflightcase.com\/af\/produk\/led-screen-cabinet\/#primaryimage\"},\"image\":{\"@id\":\"https:\/\/sxflightcase.com\/af\/produk\/led-screen-cabinet\/#primaryimage\"},\"thumbnailUrl\":\"https:\/\/sxflightcase.com\/wp-content\/uploads\/2024\/05\/led-screen-cabinet25295279606.webp\",\"datePublished\":\"2024-05-10T06:10:35+00:00\",\"dateModified\":\"2024-06-21T02:14:52+00:00\",\"description\":\"LED Screen Cabinet: Explore our factory-direct options for professional customization, perfect for organizing and displaying your television and media equipment.\",\"breadcrumb\":{\"@id\":\"https:\/\/sxflightcase.com\/af\/produk\/led-screen-cabinet\/#breadcrumb\"},\"inLanguage\":\"da-DK\",\"potentialAction\":[{\"@type\":\"ReadAction\",\"target\":[\"https:\/\/sxflightcase.com\/af\/produk\/led-screen-cabinet\/\"]}]},{\"@type\":\"ImageObject\",\"inLanguage\":\"da-DK\",\"@id\":\"https:\/\/sxflightcase.com\/af\/produk\/led-screen-cabinet\/#primaryimage\",\"url\":\"https:\/\/sxflightcase.com\/wp-content\/uploads\/2024\/05\/led-screen-cabinet25295279606.webp\",\"contentUrl\":\"https:\/\/sxflightcase.com\/wp-content\/uploads\/2024\/05\/led-screen-cabinet25295279606.webp\",\"width\":700,\"height\":700,\"caption\":\"LED Screen Cabinet\"},{\"@type\":\"BreadcrumbList\",\"@id\":\"https:\/\/sxflightcase.com\/af\/produk\/led-screen-cabinet\/#breadcrumb\",\"itemListElement\":[{\"@type\":\"ListItem\",\"position\":1,\"name\":\"Home\",\"item\":\"https:\/\/sxflightcase.com\/\"},{\"@type\":\"ListItem\",\"position\":2,\"name\":\"\u0e2a\u0e34\u0e19\u0e04\u0e49\u0e32\",\"item\":\"https:\/\/sxflightcase.com\/th\/shop\/\"},{\"@type\":\"ListItem\",\"position\":3,\"name\":\"LED Screen Cabinet\"}]},{\"@type\":\"WebSite\",\"@id\":\"https:\/\/sxflightcase.com\/th\/#website\",\"url\":\"https:\/\/sxflightcase.com\/th\/\",\"name\":\"sxpowercase.com\",\"description\":\"Flight Case Factory\",\"publisher\":{\"@id\":\"https:\/\/sxflightcase.com\/th\/#organization\"},\"potentialAction\":[{\"@type\":\"SearchAction\",\"target\":{\"@type\":\"EntryPoint\",\"urlTemplate\":\"https:\/\/sxflightcase.com\/th\/?s={search_term_string}\"},\"query-input\":{\"@type\":\"PropertyValueSpecification\",\"valueRequired\":true,\"valueName\":\"search_term_string\"}}],\"inLanguage\":\"da-DK\"},{\"@type\":\"Organization\",\"@id\":\"https:\/\/sxflightcase.com\/th\/#organization\",\"name\":\"sxpowercase.com\",\"url\":\"https:\/\/sxflightcase.com\/th\/\",\"logo\":{\"@type\":\"ImageObject\",\"inLanguage\":\"da-DK\",\"@id\":\"https:\/\/sxflightcase.com\/th\/#\/schema\/logo\/image\/\",\"url\":\"https:\/\/sxflightcase.com\/wp-content\/uploads\/2024\/04\/1713919036007.jpg\",\"contentUrl\":\"https:\/\/sxflightcase.com\/wp-content\/uploads\/2024\/04\/1713919036007.jpg\",\"width\":382,\"height\":388,\"caption\":\"sxpowercase.com\"},\"image\":{\"@id\":\"https:\/\/sxflightcase.com\/th\/#\/schema\/logo\/image\/\"},\"sameAs\":[\"https:\/\/www.facebook.com\/profile.php?id=61560407257971\"],\"numberOfEmployees\":{\"@type\":\"QuantitativeValue\",\"minValue\":\"11\",\"maxValue\":\"50\"}}]}<\/script>\n<!-- \/ Yoast SEO Premium plugin. -->","yoast_head_json":{"title":"LED Screen Cabinet - https:\/\/sxflightcase.com \ud83d\udc97","description":"LED-sk\u00e6rmskab: Udforsk vores fabriksfremstillede muligheder for professionel tilpasning, perfekt til at organisere og vise dit tv- og medieudstyr.","robots":{"index":"index","follow":"follow","max-snippet":"max-snippet:-1","max-image-preview":"max-image-preview:large","max-video-preview":"max-video-preview:-1"},"canonical":"https:\/\/sxflightcase.com\/da\/produk\/led-screen-cabinet\/","og_locale":"da_DK","og_type":"article","og_title":"LED Screen Cabinet","og_description":"LED Screen Cabinet: Explore our factory-direct options for professional customization, perfect for organizing and displaying your television and media equipment.","og_url":"https:\/\/sxflightcase.com\/da\/produk\/led-screen-cabinet\/","og_site_name":"https:\/\/sxflightcase.com","article_publisher":"https:\/\/www.facebook.com\/profile.php?id=61560407257971","article_modified_time":"2024-06-21T02:14:52+00:00","og_image":[{"width":700,"height":700,"url":"https:\/\/sxflightcase.com\/wp-content\/uploads\/2024\/05\/led-screen-cabinet25295279606.webp","type":"image\/webp"}],"twitter_card":"summary_large_image","twitter_misc":{"Estimeret l\u00e6setid":"4 minutter"},"schema":{"@context":"https:\/\/schema.org","@graph":[{"@type":"WebPage","@id":"https:\/\/sxflightcase.com\/af\/produk\/led-screen-cabinet\/","url":"https:\/\/sxflightcase.com\/af\/produk\/led-screen-cabinet\/","name":"LED Screen Cabinet - https:\/\/sxflightcase.com \ud83d\udc97","isPartOf":{"@id":"https:\/\/sxflightcase.com\/th\/#website"},"primaryImageOfPage":{"@id":"https:\/\/sxflightcase.com\/af\/produk\/led-screen-cabinet\/#primaryimage"},"image":{"@id":"https:\/\/sxflightcase.com\/af\/produk\/led-screen-cabinet\/#primaryimage"},"thumbnailUrl":"https:\/\/sxflightcase.com\/wp-content\/uploads\/2024\/05\/led-screen-cabinet25295279606.webp","datePublished":"2024-05-10T06:10:35+00:00","dateModified":"2024-06-21T02:14:52+00:00","description":"LED-sk\u00e6rmskab: Udforsk vores fabriksfremstillede muligheder for professionel tilpasning, perfekt til at organisere og vise dit tv- og medieudstyr.","breadcrumb":{"@id":"https:\/\/sxflightcase.com\/af\/produk\/led-screen-cabinet\/#breadcrumb"},"inLanguage":"da-DK","potentialAction":[{"@type":"ReadAction","target":["https:\/\/sxflightcase.com\/af\/produk\/led-screen-cabinet\/"]}]},{"@type":"ImageObject","inLanguage":"da-DK","@id":"https:\/\/sxflightcase.com\/af\/produk\/led-screen-cabinet\/#primaryimage","url":"https:\/\/sxflightcase.com\/wp-content\/uploads\/2024\/05\/led-screen-cabinet25295279606.webp","contentUrl":"https:\/\/sxflightcase.com\/wp-content\/uploads\/2024\/05\/led-screen-cabinet25295279606.webp","width":700,"height":700,"caption":"LED Screen Cabinet"},{"@type":"BreadcrumbList","@id":"https:\/\/sxflightcase.com\/af\/produk\/led-screen-cabinet\/#breadcrumb","itemListElement":[{"@type":"ListItem","position":1,"name":"Home","item":"https:\/\/sxflightcase.com\/"},{"@type":"ListItem","position":2,"name":"\u0e2a\u0e34\u0e19\u0e04\u0e49\u0e32","item":"https:\/\/sxflightcase.com\/th\/shop\/"},{"@type":"ListItem","position":3,"name":"LED Screen Cabinet"}]},{"@type":"WebSite","@id":"https:\/\/sxflightcase.com\/th\/#website","url":"https:\/\/sxflightcase.com\/th\/","name":"sxpowercase.com","description":"Flight Case Factory","publisher":{"@id":"https:\/\/sxflightcase.com\/th\/#organization"},"potentialAction":[{"@type":"SearchAction","target":{"@type":"EntryPoint","urlTemplate":"https:\/\/sxflightcase.com\/th\/?s={search_term_string}"},"query-input":{"@type":"PropertyValueSpecification","valueRequired":true,"valueName":"search_term_string"}}],"inLanguage":"da-DK"},{"@type":"Organization","@id":"https:\/\/sxflightcase.com\/th\/#organization","name":"sxpowercase.com","url":"https:\/\/sxflightcase.com\/th\/","logo":{"@type":"ImageObject","inLanguage":"da-DK","@id":"https:\/\/sxflightcase.com\/th\/#\/schema\/logo\/image\/","url":"https:\/\/sxflightcase.com\/wp-content\/uploads\/2024\/04\/1713919036007.jpg","contentUrl":"https:\/\/sxflightcase.com\/wp-content\/uploads\/2024\/04\/1713919036007.jpg","width":382,"height":388,"caption":"sxpowercase.com"},"image":{"@id":"https:\/\/sxflightcase.com\/th\/#\/schema\/logo\/image\/"},"sameAs":["https:\/\/www.facebook.com\/profile.php?id=61560407257971"],"numberOfEmployees":{"@type":"QuantitativeValue","minValue":"11","maxValue":"50"}}]}},"_links":{"self":[{"href":"https:\/\/sxflightcase.com\/da\/wp-json\/wp\/v2\/product\/1756","targetHints":{"allow":["GET"]}}],"collection":[{"href":"https:\/\/sxflightcase.com\/da\/wp-json\/wp\/v2\/product"}],"about":[{"href":"https:\/\/sxflightcase.com\/da\/wp-json\/wp\/v2\/types\/product"}],"replies":[{"embeddable":true,"href":"https:\/\/sxflightcase.com\/da\/wp-json\/wp\/v2\/comments?post=1756"}],"version-history":[{"count":0,"href":"https:\/\/sxflightcase.com\/da\/wp-json\/wp\/v2\/product\/1756\/revisions"}],"wp:featuredmedia":[{"embeddable":true,"href":"https:\/\/sxflightcase.com\/da\/wp-json\/wp\/v2\/media\/1757"}],"wp:attachment":[{"href":"https:\/\/sxflightcase.com\/da\/wp-json\/wp\/v2\/media?parent=1756"}],"wp:term":[{"taxonomy":"product_brand","embeddable":true,"href":"https:\/\/sxflightcase.com\/da\/wp-json\/wp\/v2\/product_brand?post=1756"},{"taxonomy":"product_cat","embeddable":true,"href":"https:\/\/sxflightcase.com\/da\/wp-json\/wp\/v2\/product_cat?post=1756"},{"taxonomy":"product_tag","embeddable":true,"href":"https:\/\/sxflightcase.com\/da\/wp-json\/wp\/v2\/product_tag?post=1756"}],"curies":[{"name":"wp","href":"https:\/\/api.w.org\/{rel}","templated":true}]}}