{"id":1759,"date":"2024-05-10T07:12:49","date_gmt":"2024-05-10T06:12:49","guid":{"rendered":"https:\/\/sxpowercase.com\/?post_type=product&#038;p=1759"},"modified":"2024-06-21T03:16:18","modified_gmt":"2024-06-21T02:16:18","slug":"55-inch-tv-cabinet","status":"publish","type":"product","link":"https:\/\/sxflightcase.com\/da\/vare\/55-tommer-tv-skab\/","title":{"rendered":"55 tommer tv-skab"},"content":{"rendered":"<p><strong>Product parameter(specification)<\/strong><\/p>\n<section class=\"table-wrap\">\n<table class=\"table\" width=\"100%\" cellspacing=\"0\" cellpadding=\"0\">\n<tbody>\n<tr class=\"firstRow\">\n<td width=\"134\">Product name<\/td>\n<td width=\"504\">55 inch TV Cabinet<\/td>\n<\/tr>\n<tr>\n<td width=\"134\">Materials<\/td>\n<td width=\"504\">Aluminum Frame + 9mm Plywood<br \/>\n4 x Butterfly catch with loops to fit padlock (padlock not supplied)<br \/>\nFully foam lined with plastazote foam<br \/>\n4x 100mm rubber castors bolted to case via 15mm Birchply wheel board (2 have full lockout brakes) cost option<\/td>\n<\/tr>\n<tr>\n<td width=\"134\">Color<\/td>\n<td width=\"504\">Black, Blue, Red or Custom<\/td>\n<\/tr>\n<tr>\n<td width=\"134\">Usage<\/td>\n<td width=\"504\">Protect Transport Storage<\/td>\n<\/tr>\n<\/tbody>\n<\/table>\n<\/section>\n<p><strong>Packing and shipping<\/strong><\/p>\n<section class=\"table-wrap\">\n<table class=\"table\" width=\"100%\" cellspacing=\"0\" cellpadding=\"0\">\n<tbody>\n<tr class=\"firstRow\">\n<td colspan=\"3\" width=\"100%\">Packaging &amp; Shipping<\/td>\n<\/tr>\n<tr>\n<td rowspan=\"3\" width=\"31%\">Shipping time<\/td>\n<td width=\"34%\">By sea<\/td>\n<td width=\"33%\">15-60 days<\/td>\n<\/tr>\n<tr>\n<td width=\"34%\">By air<\/td>\n<td width=\"33%\">5-7 days<\/td>\n<\/tr>\n<tr>\n<td width=\"34%\">By Express<\/td>\n<td width=\"33%\">5-7 days<\/td>\n<\/tr>\n<tr>\n<td width=\"31%\">Delivery time<\/td>\n<td colspan=\"2\" width=\"68%\">7-10 working or as your requires<\/td>\n<\/tr>\n<tr>\n<td width=\"31%\">Packaging<\/td>\n<td colspan=\"2\" width=\"68%\">By carton or as you want<\/td>\n<\/tr>\n<\/tbody>\n<\/table>\n<\/section>\n<div class=\"flex-shrink-0 flex flex-col relative items-end\">\n<div>\n<div class=\"pt-0.5 juice:pt-0\">\n<div class=\"gizmo-bot-avatar flex h-6 w-6 items-center justify-center overflow-hidden rounded-full juice:h-8 juice:w-8\">\n<div class=\"relative p-1 rounded-sm flex items-center justify-center bg-token-main-surface-primary text-token-text-primary h-8 w-8\"><\/div>\n<\/div>\n<\/div>\n<\/div>\n<\/div>\n<div class=\"group\/conversation-turn relative flex w-full min-w-0 flex-col agent-turn\">\n<div class=\"flex-col gap-1 md:gap-3\">\n<div class=\"flex flex-grow flex-col max-w-full AIPRM__conversation__response\">\n<div class=\"min-h-[20px] text-message flex flex-col items-start whitespace-pre-wrap break-words [.text-message+&amp;]:mt-5 juice:w-full juice:items-end overflow-x-auto gap-2\" dir=\"auto\" data-message-author-role=\"assistant\" data-message-id=\"845d78af-4fb3-4024-b54d-cc1283649660\">\n<div class=\"flex w-full flex-col gap-1 juice:empty:hidden juice:first:pt-[3px]\">\n<div class=\"markdown prose w-full break-words dark:prose-invert light\">\n<h1>Enhance Your Home with SX&#8217;s 55 Inch TV Cabinet<\/h1>\n<h2>Stylish and Functional Design<\/h2>\n<p>Transform your living space with the 55 Inch TV Cabinet from <a href=\"https:\/\/sxpowercase.com\/\" target=\"_blank\" rel=\"noopener\" title=\"SX\" data-wpil-monitor-id=\"120\">SX<\/a>. This cabinet combines style and functionality, providing the perfect solution for organizing your entertainment area. Its sleek design complements any d\u00e9cor, making it a versatile addition to your home.<\/p>\n<h2>High-Quality Craftsmanship<\/h2>\n<h3>Built to Last<\/h3>\n<p>At SX, we pride ourselves on delivering high-quality products. The TV Cabinet is made from durable materials, ensuring it stands the test of time. This robust construction provides a reliable and long-lasting solution for your TV and media storage needs.<\/p>\n<h2>Factory Direct Sales<\/h2>\n<h3>Unbeatable Value<\/h3>\n<p>By offering factory direct sales, SX guarantees the best value for your investment. Cutting out the middleman allows us to provide top-tier products at competitive prices. The TV Cabinet offers exceptional quality and affordability, making it a smart choice for any home.<\/p>\n<h2>Customization Options<\/h2>\n<h3>Tailored to Your Needs<\/h3>\n<p>Every home is unique, and SX understands the importance of customization. Our 55 Inch TV Cabinet comes with various customization options to suit your specific needs. Whether you require specific dimensions, finishes, or additional features, we can tailor the cabinet to meet your exact requirements. Enjoy a solution that fits perfectly into your living space.<\/p>\n<h2>Enhance Your Entertainment Experience<\/h2>\n<h3>Organized and Elegant<\/h3>\n<p>The 55 Inch TV Cabinet from SX not only supports your TV but also provides ample storage for your media devices, DVDs, and other accessories. With its organized layout, you can keep your entertainment area tidy and clutter-free. Its elegant design enhances the overall look of your room, creating a stylish and functional entertainment hub.<\/p>\n<hr \/>\n<p>Upgrade your home entertainment setup with the SX 55 Inch TV Cabinet. Contact us today to learn more about our factory direct sales and customization options. Discover the perfect blend of style, functionality, and value with SX, and enjoy a beautifully organized and sophisticated living space.<\/p>\n<\/div>\n<\/div>\n<\/div>\n<\/div>\n<\/div>\n<\/div>\n<p>Hot Tags: Low price, in stock, free sample, Power And Signal Cable, 16 Gauge 4 Conductor Wire, Microphone Stand Case, Outdoor Led Display Cabinet, Rack Mount, 19&#8221; Rackmount Mixer Flight Cases\uff0celectrical distro box, China, suppliers, factory, customized, wholesale, <span style=\"color: #993366;\"><a style=\"color: #993366;\" href=\"https:\/\/sxflightcase.com\/product-category\/all-product\/power-distribution-boxes\/\">power boxes<\/a>,\u00a0<a style=\"color: #993366;\" href=\"https:\/\/sxflightcase.com\/product-category\/all-product\/hoist-controllers\/\">power cables<\/a>,\u00a0<a style=\"color: #993366;\" href=\"https:\/\/sxflightcase.com\/product-category\/all-product\/hoist-controllers\/\">hoist controllers<\/a>,\u00a0<a style=\"color: #993366;\" href=\"https:\/\/sxflightcase.com\/product-category\/all-product\/flight-case\/\">flight cases.<\/a><\/span><\/p>\n","protected":false},"excerpt":{"rendered":"<h2 class=\"prodetails-name\">55 tommer tv-skab<\/h2>\n<p>Vores <a class=\"wpil_keyword_link\" href=\"https:\/\/sxpowercase.com\/product-category\/all-product\/flight-case\/\" target=\"_blank\" rel=\"noopener\" title=\"flight case\" data-wpil-keyword-link=\"linked\" data-wpil-monitor-id=\"416\">flight case<\/a> konfigurator kan hj\u00e6lpe dig med at planl\u00e6gge din egen personlige kasse. Alle \u00e6ndringer, du foretager under designprocessen, sker i realtid foran dig i 3D-forh\u00e5ndsvisningen. Priserne er ogs\u00e5 tilg\u00e6ngelige med det samme - uden at du beh\u00f8ver at bede om et tilbud eller vente p\u00e5 svar. Ud over de grundl\u00e6ggende egenskaber, s\u00e5som dimensioner, materialer og farver, kan du ogs\u00e5 frit v\u00e6lge h\u00e5ndtag, foring, ekstra beslag samt tilf\u00f8je en lang r\u00e6kke ekstraudstyr som f.eks. hjul, udsparinger til hjul, sk\u00e5le til turetiketter osv.<\/p>\n<h2><strong>Produktionsintroduktion<\/strong><\/h2>\n<p>* Standard Style, Silver trim p\u00e5 Black Digital honey Comb udvendigt design.<\/p>\n<p>* ATA-300 Style Gig Ready Flight Road Case.<\/p>\n<p>* Nem l\u00e5sning af pasform og tunge.<\/p>\n<p>* Indvendig st\u00f8tte og bekl\u00e6dning af skum med h\u00f8j densitet.<\/p>\n<p>* Fors\u00e6nket fjedervirkning H\u00e5ndtag pr. side.<\/p>\n<p>* Tunge og kraftige st\u00e5lkuglehj\u00f8rner.<\/p>\n<p>* Dobbelte ankernitter.<\/p>\n<p>* Leveres med 4 kraftige 4 \u2033 lavprofil holdbare gummihjul til mobilitet.<\/p>","protected":false},"featured_media":1760,"comment_status":"open","ping_status":"closed","template":"","meta":[],"product_brand":[],"product_cat":[41],"product_tag":[],"class_list":{"0":"post-1759","1":"product","2":"type-product","3":"status-publish","4":"has-post-thumbnail","6":"product_cat-equipment-cases","8":"first","9":"instock","10":"shipping-taxable","11":"product-type-simple"},"yoast_head":"<!-- This site is optimized with the Yoast SEO Premium plugin v27.1 (Yoast SEO v27.2) - https:\/\/yoast.com\/product\/yoast-seo-premium-wordpress\/ -->\n<title>55 Inch TV Cabinet - https:\/\/sxflightcase.com \ud83d\udc97<\/title>\n<meta name=\"description\" content=\"55 Inch TV Cabinet: Explore our factory-direct options for professional customization, perfect for organizing and displaying your television and media equipment.\" \/>\n<meta name=\"robots\" content=\"index, follow, max-snippet:-1, max-image-preview:large, max-video-preview:-1\" \/>\n<link rel=\"canonical\" href=\"https:\/\/sxflightcase.com\/da\/produk\/lemari-tv-55-inci-2\/\" \/>\n<meta property=\"og:locale\" content=\"da_DK\" \/>\n<meta property=\"og:type\" content=\"article\" \/>\n<meta property=\"og:title\" content=\"55 Inch TV Cabinet\" \/>\n<meta property=\"og:description\" content=\"55 Inch TV Cabinet: Explore our factory-direct options for professional customization, perfect for organizing and displaying your television and media equipment.\" \/>\n<meta property=\"og:url\" content=\"https:\/\/sxflightcase.com\/da\/produk\/lemari-tv-55-inci-2\/\" \/>\n<meta property=\"og:site_name\" content=\"https:\/\/sxflightcase.com\" \/>\n<meta property=\"article:publisher\" content=\"https:\/\/www.facebook.com\/profile.php?id=61560407257971\" \/>\n<meta property=\"article:modified_time\" content=\"2024-06-21T02:16:18+00:00\" \/>\n<meta property=\"og:image\" content=\"https:\/\/sxflightcase.com\/wp-content\/uploads\/2024\/05\/55-inch-tv-cabinet18067142920.webp\" \/>\n\t<meta property=\"og:image:width\" content=\"750\" \/>\n\t<meta property=\"og:image:height\" content=\"750\" \/>\n\t<meta property=\"og:image:type\" content=\"image\/webp\" \/>\n<meta name=\"twitter:card\" content=\"summary_large_image\" \/>\n<meta name=\"twitter:label1\" content=\"Estimeret l\u00e6setid\" \/>\n\t<meta name=\"twitter:data1\" content=\"3 minutter\" \/>\n<script type=\"application\/ld+json\" class=\"yoast-schema-graph\">{\"@context\":\"https:\/\/schema.org\",\"@graph\":[{\"@type\":\"WebPage\",\"@id\":\"https:\/\/sxflightcase.com\/id\/produk\/lemari-tv-55-inci-2\/\",\"url\":\"https:\/\/sxflightcase.com\/id\/produk\/lemari-tv-55-inci-2\/\",\"name\":\"55 Inch TV Cabinet - https:\/\/sxflightcase.com \ud83d\udc97\",\"isPartOf\":{\"@id\":\"https:\/\/sxflightcase.com\/th\/#website\"},\"primaryImageOfPage\":{\"@id\":\"https:\/\/sxflightcase.com\/id\/produk\/lemari-tv-55-inci-2\/#primaryimage\"},\"image\":{\"@id\":\"https:\/\/sxflightcase.com\/id\/produk\/lemari-tv-55-inci-2\/#primaryimage\"},\"thumbnailUrl\":\"https:\/\/sxflightcase.com\/wp-content\/uploads\/2024\/05\/55-inch-tv-cabinet18067142920.webp\",\"datePublished\":\"2024-05-10T06:12:49+00:00\",\"dateModified\":\"2024-06-21T02:16:18+00:00\",\"description\":\"55 Inch TV Cabinet: Explore our factory-direct options for professional customization, perfect for organizing and displaying your television and media equipment.\",\"breadcrumb\":{\"@id\":\"https:\/\/sxflightcase.com\/id\/produk\/lemari-tv-55-inci-2\/#breadcrumb\"},\"inLanguage\":\"da-DK\",\"potentialAction\":[{\"@type\":\"ReadAction\",\"target\":[\"https:\/\/sxflightcase.com\/id\/produk\/lemari-tv-55-inci-2\/\"]}]},{\"@type\":\"ImageObject\",\"inLanguage\":\"da-DK\",\"@id\":\"https:\/\/sxflightcase.com\/id\/produk\/lemari-tv-55-inci-2\/#primaryimage\",\"url\":\"https:\/\/sxflightcase.com\/wp-content\/uploads\/2024\/05\/55-inch-tv-cabinet18067142920.webp\",\"contentUrl\":\"https:\/\/sxflightcase.com\/wp-content\/uploads\/2024\/05\/55-inch-tv-cabinet18067142920.webp\",\"width\":750,\"height\":750,\"caption\":\"55 Inch TV Cabinet\"},{\"@type\":\"BreadcrumbList\",\"@id\":\"https:\/\/sxflightcase.com\/id\/produk\/lemari-tv-55-inci-2\/#breadcrumb\",\"itemListElement\":[{\"@type\":\"ListItem\",\"position\":1,\"name\":\"Home\",\"item\":\"https:\/\/sxflightcase.com\/\"},{\"@type\":\"ListItem\",\"position\":2,\"name\":\"\u0e2a\u0e34\u0e19\u0e04\u0e49\u0e32\",\"item\":\"https:\/\/sxflightcase.com\/th\/shop\/\"},{\"@type\":\"ListItem\",\"position\":3,\"name\":\"55 Inch TV Cabinet\"}]},{\"@type\":\"WebSite\",\"@id\":\"https:\/\/sxflightcase.com\/th\/#website\",\"url\":\"https:\/\/sxflightcase.com\/th\/\",\"name\":\"sxpowercase.com\",\"description\":\"Flight Case Factory\",\"publisher\":{\"@id\":\"https:\/\/sxflightcase.com\/th\/#organization\"},\"potentialAction\":[{\"@type\":\"SearchAction\",\"target\":{\"@type\":\"EntryPoint\",\"urlTemplate\":\"https:\/\/sxflightcase.com\/th\/?s={search_term_string}\"},\"query-input\":{\"@type\":\"PropertyValueSpecification\",\"valueRequired\":true,\"valueName\":\"search_term_string\"}}],\"inLanguage\":\"da-DK\"},{\"@type\":\"Organization\",\"@id\":\"https:\/\/sxflightcase.com\/th\/#organization\",\"name\":\"sxpowercase.com\",\"url\":\"https:\/\/sxflightcase.com\/th\/\",\"logo\":{\"@type\":\"ImageObject\",\"inLanguage\":\"da-DK\",\"@id\":\"https:\/\/sxflightcase.com\/th\/#\/schema\/logo\/image\/\",\"url\":\"https:\/\/sxflightcase.com\/wp-content\/uploads\/2024\/04\/1713919036007.jpg\",\"contentUrl\":\"https:\/\/sxflightcase.com\/wp-content\/uploads\/2024\/04\/1713919036007.jpg\",\"width\":382,\"height\":388,\"caption\":\"sxpowercase.com\"},\"image\":{\"@id\":\"https:\/\/sxflightcase.com\/th\/#\/schema\/logo\/image\/\"},\"sameAs\":[\"https:\/\/www.facebook.com\/profile.php?id=61560407257971\"],\"numberOfEmployees\":{\"@type\":\"QuantitativeValue\",\"minValue\":\"11\",\"maxValue\":\"50\"}}]}<\/script>\n<!-- \/ Yoast SEO Premium plugin. -->","yoast_head_json":{"title":"55 Inch TV Cabinet - https:\/\/sxflightcase.com \ud83d\udc97","description":"55 tommer tv-skab: Udforsk vores fabriksfremstillede muligheder for professionel tilpasning, perfekt til at organisere og vise dit tv- og medieudstyr.","robots":{"index":"index","follow":"follow","max-snippet":"max-snippet:-1","max-image-preview":"max-image-preview:large","max-video-preview":"max-video-preview:-1"},"canonical":"https:\/\/sxflightcase.com\/da\/produk\/lemari-tv-55-inci-2\/","og_locale":"da_DK","og_type":"article","og_title":"55 Inch TV Cabinet","og_description":"55 Inch TV Cabinet: Explore our factory-direct options for professional customization, perfect for organizing and displaying your television and media equipment.","og_url":"https:\/\/sxflightcase.com\/da\/produk\/lemari-tv-55-inci-2\/","og_site_name":"https:\/\/sxflightcase.com","article_publisher":"https:\/\/www.facebook.com\/profile.php?id=61560407257971","article_modified_time":"2024-06-21T02:16:18+00:00","og_image":[{"width":750,"height":750,"url":"https:\/\/sxflightcase.com\/wp-content\/uploads\/2024\/05\/55-inch-tv-cabinet18067142920.webp","type":"image\/webp"}],"twitter_card":"summary_large_image","twitter_misc":{"Estimeret l\u00e6setid":"3 minutter"},"schema":{"@context":"https:\/\/schema.org","@graph":[{"@type":"WebPage","@id":"https:\/\/sxflightcase.com\/id\/produk\/lemari-tv-55-inci-2\/","url":"https:\/\/sxflightcase.com\/id\/produk\/lemari-tv-55-inci-2\/","name":"55 Inch TV Cabinet - https:\/\/sxflightcase.com \ud83d\udc97","isPartOf":{"@id":"https:\/\/sxflightcase.com\/th\/#website"},"primaryImageOfPage":{"@id":"https:\/\/sxflightcase.com\/id\/produk\/lemari-tv-55-inci-2\/#primaryimage"},"image":{"@id":"https:\/\/sxflightcase.com\/id\/produk\/lemari-tv-55-inci-2\/#primaryimage"},"thumbnailUrl":"https:\/\/sxflightcase.com\/wp-content\/uploads\/2024\/05\/55-inch-tv-cabinet18067142920.webp","datePublished":"2024-05-10T06:12:49+00:00","dateModified":"2024-06-21T02:16:18+00:00","description":"55 tommer tv-skab: Udforsk vores fabriksfremstillede muligheder for professionel tilpasning, perfekt til at organisere og vise dit tv- og medieudstyr.","breadcrumb":{"@id":"https:\/\/sxflightcase.com\/id\/produk\/lemari-tv-55-inci-2\/#breadcrumb"},"inLanguage":"da-DK","potentialAction":[{"@type":"ReadAction","target":["https:\/\/sxflightcase.com\/id\/produk\/lemari-tv-55-inci-2\/"]}]},{"@type":"ImageObject","inLanguage":"da-DK","@id":"https:\/\/sxflightcase.com\/id\/produk\/lemari-tv-55-inci-2\/#primaryimage","url":"https:\/\/sxflightcase.com\/wp-content\/uploads\/2024\/05\/55-inch-tv-cabinet18067142920.webp","contentUrl":"https:\/\/sxflightcase.com\/wp-content\/uploads\/2024\/05\/55-inch-tv-cabinet18067142920.webp","width":750,"height":750,"caption":"55 Inch TV Cabinet"},{"@type":"BreadcrumbList","@id":"https:\/\/sxflightcase.com\/id\/produk\/lemari-tv-55-inci-2\/#breadcrumb","itemListElement":[{"@type":"ListItem","position":1,"name":"Home","item":"https:\/\/sxflightcase.com\/"},{"@type":"ListItem","position":2,"name":"\u0e2a\u0e34\u0e19\u0e04\u0e49\u0e32","item":"https:\/\/sxflightcase.com\/th\/shop\/"},{"@type":"ListItem","position":3,"name":"55 Inch TV Cabinet"}]},{"@type":"WebSite","@id":"https:\/\/sxflightcase.com\/th\/#website","url":"https:\/\/sxflightcase.com\/th\/","name":"sxpowercase.com","description":"Flight Case Factory","publisher":{"@id":"https:\/\/sxflightcase.com\/th\/#organization"},"potentialAction":[{"@type":"SearchAction","target":{"@type":"EntryPoint","urlTemplate":"https:\/\/sxflightcase.com\/th\/?s={search_term_string}"},"query-input":{"@type":"PropertyValueSpecification","valueRequired":true,"valueName":"search_term_string"}}],"inLanguage":"da-DK"},{"@type":"Organization","@id":"https:\/\/sxflightcase.com\/th\/#organization","name":"sxpowercase.com","url":"https:\/\/sxflightcase.com\/th\/","logo":{"@type":"ImageObject","inLanguage":"da-DK","@id":"https:\/\/sxflightcase.com\/th\/#\/schema\/logo\/image\/","url":"https:\/\/sxflightcase.com\/wp-content\/uploads\/2024\/04\/1713919036007.jpg","contentUrl":"https:\/\/sxflightcase.com\/wp-content\/uploads\/2024\/04\/1713919036007.jpg","width":382,"height":388,"caption":"sxpowercase.com"},"image":{"@id":"https:\/\/sxflightcase.com\/th\/#\/schema\/logo\/image\/"},"sameAs":["https:\/\/www.facebook.com\/profile.php?id=61560407257971"],"numberOfEmployees":{"@type":"QuantitativeValue","minValue":"11","maxValue":"50"}}]}},"_links":{"self":[{"href":"https:\/\/sxflightcase.com\/da\/wp-json\/wp\/v2\/product\/1759","targetHints":{"allow":["GET"]}}],"collection":[{"href":"https:\/\/sxflightcase.com\/da\/wp-json\/wp\/v2\/product"}],"about":[{"href":"https:\/\/sxflightcase.com\/da\/wp-json\/wp\/v2\/types\/product"}],"replies":[{"embeddable":true,"href":"https:\/\/sxflightcase.com\/da\/wp-json\/wp\/v2\/comments?post=1759"}],"version-history":[{"count":0,"href":"https:\/\/sxflightcase.com\/da\/wp-json\/wp\/v2\/product\/1759\/revisions"}],"wp:featuredmedia":[{"embeddable":true,"href":"https:\/\/sxflightcase.com\/da\/wp-json\/wp\/v2\/media\/1760"}],"wp:attachment":[{"href":"https:\/\/sxflightcase.com\/da\/wp-json\/wp\/v2\/media?parent=1759"}],"wp:term":[{"taxonomy":"product_brand","embeddable":true,"href":"https:\/\/sxflightcase.com\/da\/wp-json\/wp\/v2\/product_brand?post=1759"},{"taxonomy":"product_cat","embeddable":true,"href":"https:\/\/sxflightcase.com\/da\/wp-json\/wp\/v2\/product_cat?post=1759"},{"taxonomy":"product_tag","embeddable":true,"href":"https:\/\/sxflightcase.com\/da\/wp-json\/wp\/v2\/product_tag?post=1759"}],"curies":[{"name":"wp","href":"https:\/\/api.w.org\/{rel}","templated":true}]}}