{"id":1764,"date":"2024-05-10T07:19:39","date_gmt":"2024-05-10T06:19:39","guid":{"rendered":"https:\/\/sxpowercase.com\/?post_type=product&#038;p=1764"},"modified":"2024-06-21T02:29:53","modified_gmt":"2024-06-21T01:29:53","slug":"cable-packer","status":"publish","type":"product","link":"https:\/\/sxflightcase.com\/da\/vare\/kabelpakker-2\/","title":{"rendered":"Kabelpakker"},"content":{"rendered":"<h3><strong>Produktparameter (specifikation)<\/strong><\/h3>\n<section class=\"table-wrap\">\n<table class=\"table\" width=\"100%\" cellspacing=\"0\" cellpadding=\"0\">\n<tbody>\n<tr class=\"firstRow\">\n<td width=\"148\">Produktnavn:<\/td>\n<td width=\"569\">Kabelpakker<\/td>\n<\/tr>\n<tr>\n<td width=\"148\">Dimension:<\/td>\n<td width=\"569\">Vi laver altid 1000x500x500mm, 1200x600x600mm eller tilpasset<\/td>\n<\/tr>\n<tr>\n<td width=\"148\">Farve:<\/td>\n<td width=\"569\">sort \/r\u00f8d \/bl\u00e5 osv. eller hvilken som helst farve, du \u00f8nsker<\/td>\n<\/tr>\n<tr>\n<td width=\"148\">Materialer :<\/td>\n<td width=\"569\">Aluminium + PLYWOOD + ABS-panel + Hardware + Skum<\/td>\n<\/tr>\n<tr>\n<td width=\"148\">Handelsbetingelser:<\/td>\n<td width=\"569\">Ex-work \/ FOB \/ CIF \/ DDU<\/td>\n<\/tr>\n<tr>\n<td width=\"148\">Betalingsperiode:<\/td>\n<td width=\"569\">T \/ T 30% depositum og 70% f\u00f8r forsendelse, Western Union osv.<\/td>\n<\/tr>\n<tr>\n<td width=\"148\">Funktion:<\/td>\n<td width=\"569\">1) Designet er stilfuldt, holdbart og \u00f8konomisk<br \/>\n2) Fint h\u00e5ndv\u00e6rk og specielt design<br \/>\n3) Alle designs og logoer kan trykkes eller broderes.<br \/>\n4) Tilpassede st\u00f8rrelser, logoer og design accepteres<\/td>\n<\/tr>\n<tr>\n<td width=\"148\">andet:<\/td>\n<td width=\"569\">Vi leverer one-stop-service, design, produktion og emballering<br \/>\nTopkvalitet, fremstillingspris og god service<br \/>\nOEM &amp;LOGO tilbydes<\/td>\n<\/tr>\n<\/tbody>\n<\/table>\n<\/section>\n<p><strong>Pakning og forsendelse<\/strong><\/p>\n<section class=\"table-wrap\">\n<table class=\"table\" width=\"100%\" cellspacing=\"0\" cellpadding=\"0\">\n<tbody>\n<tr class=\"firstRow\">\n<td colspan=\"3\" width=\"100%\">Emballage &amp; forsendelse<\/td>\n<\/tr>\n<tr>\n<td rowspan=\"3\" width=\"33%\">Leveringstid<\/td>\n<td width=\"33%\">Ved havet<\/td>\n<td width=\"33%\">15-60 dage<\/td>\n<\/tr>\n<tr>\n<td width=\"33%\">Med fly<\/td>\n<td width=\"33%\">4-9 dage<\/td>\n<\/tr>\n<tr>\n<td width=\"33%\">Ved ekspres<\/td>\n<td width=\"33%\">4-9 dage<\/td>\n<\/tr>\n<tr>\n<td width=\"33%\">Leveringstid<\/td>\n<td colspan=\"2\" width=\"66%\">7-15 arbejder eller som dine \u00f8nsker<\/td>\n<\/tr>\n<tr>\n<td width=\"33%\">Emballage<\/td>\n<td colspan=\"2\" width=\"66%\">Med karton eller som dit krav<\/td>\n<\/tr>\n<\/tbody>\n<\/table>\n<\/section>\n<h1>Hold styr p\u00e5 dine kabler med SX Cable Packer<\/h1>\n<h2>Den ultimative l\u00f8sning til kabelstyring<\/h2>\n<p>Sammenfiltrede kabler h\u00f8rer fortiden til med <strong>Kabelpakker<\/strong> af <a href=\"https:\/\/sxpowercase.com\/\" target=\"_blank\" rel=\"noopener\" title=\"SX\" data-wpil-monitor-id=\"121\">SX<\/a>. Dette innovative produkt er designet til professionelle og teknologientusiaster og holder dine kabler p\u00e6nt organiseret, s\u00e5 du undg\u00e5r skader og sparer tid.<\/p>\n<h2>Skr\u00e6ddersyet til dine behov<\/h2>\n<h3>Alsidigt design<\/h3>\n<p>SX tilbyder <strong>Kabelpakker<\/strong> i forskellige st\u00f8rrelser og konfigurationer til at rumme forskellige typer kabler. Uanset om du har brug for at opbevare <a href=\"https:\/\/sxpowercase.com\/product-category\/all-product\/power-cables\/\" target=\"_blank\" rel=\"noopener\" title=\"str\u00f8mkabler\" data-wpil-monitor-id=\"261\">str\u00f8mkabler<\/a>, lydkabler eller datakabler, vores tilpassede muligheder sikrer, at du finder den perfekte pasform.<\/p>\n<h2>Direkte fra producenten<\/h2>\n<h3>Direkte fabrikssalg<\/h3>\n<p>Ved at k\u00f8be direkte fra SX f\u00e5r du fordel af direkte salg fra fabrikken, hvilket sikrer, at du f\u00e5r produkter af h\u00f8j kvalitet til konkurrencedygtige priser. Vores engagement i kvalitet betyder, at du f\u00e5r en p\u00e5lidelig kabelpakker, der holder til daglig brug.<\/p>\n<h2>Bygget til holdbarhed<\/h2>\n<h3>Robust og p\u00e5lidelig<\/h3>\n<p>Den er konstrueret af holdbare materialer og <strong>Kabelpakker<\/strong> er bygget til at holde. Den beskytter dine kabler mod slitage, hvilket g\u00f8r den til et uundv\u00e6rligt v\u00e6rkt\u00f8j for alle, der ofte transporterer eller bruger kabler.<\/p>\n<h2>Forbedr dit arbejdsomr\u00e5de<\/h2>\n<h3>Professionel organisation<\/h3>\n<p>Et velorganiseret arbejdsomr\u00e5de \u00f8ger produktiviteten. Med SX <strong>Kabelpakker<\/strong>N\u00e5r du er i gang, kan du opretholde et ryddeligt og effektivt setup og imponere b\u00e5de kunder og kolleger med din sans for detaljer og professionalisme.<\/p>\n<hr \/>\n<p>Sig farvel til kabelrod og goddag til str\u00f8mlinet organisering med SX <strong>Kabelpakker<\/strong>. Kontakt os i dag for at f\u00e5 mere at vide om vores muligheder for tilpasning og for at afgive din bestilling direkte fra producenten.<\/p>\n<p><strong>FAQ<\/strong><\/p>\n<p>Q: Hvordan kan jeg f\u00e5 en pr\u00f8ve?<\/p>\n<p>A: Generelt vil vores pr\u00f8ve blive opkr\u00e6vet. men vi refunderer N\u00e5r du bestiller, vil pr\u00f8ven blive leveret med ekspres, s\u00e5som DHL, TNT, FEDEX, EMS osv.<\/p>\n<p>Q: Laver du specialfremstillede sager?<\/p>\n<p>A: Ja. Med omkring 10 \u00e5rs OEM \/ ODM-erfaring kan vi hj\u00e6lpe dig med at designe<\/p>\n<p>sagen i henhold til dine krav med vores professionelle viden.<\/p>\n<p>Q: Hvilken betalingsform kan du acceptere?<\/p>\n<p>A: T\/T, Western Union osv. Vi accepterer alle praktiske og hurtige betalingsbetingelser.<\/p>\n<p>Hot Tags: Lav pris, p\u00e5 lager, gratis pr\u00f8ve, str\u00f8m- og signalkabel, 16 Gauge 4 ledertr\u00e5d, mikrofonstativ, udend\u00f8rs LED-displaykabinet, rackmontering, 19\u201d rackmonterede mixer-flyvekasser\uff0celektrisk distroboks, Kina, leverand\u00f8rer, fabrik, tilpasset, engros, <span style=\"color: #993366;\"><a style=\"color: #993366;\" href=\"https:\/\/sxflightcase.com\/da\/product-category\/all-product\/power-distribution-boxes\/\">str\u00f8mbokse<\/a>,\u00a0<a style=\"color: #993366;\" href=\"https:\/\/sxflightcase.com\/da\/product-category\/all-product\/hoist-controllers\/\">str\u00f8mkabler<\/a>,\u00a0<a style=\"color: #993366;\" href=\"https:\/\/sxflightcase.com\/da\/product-category\/all-product\/hoist-controllers\/\">hejseregulatorer<\/a>,\u00a0<a style=\"color: #993366;\" href=\"https:\/\/sxflightcase.com\/da\/product-category\/all-product\/flight-case\/\">flyvekasser.<\/a><\/span><\/p>","protected":false},"excerpt":{"rendered":"<h2 class=\"prodetails-name\">Kabelpakker<\/h2>\n<p>Denne kabelpakker er perfekt til kabler og vigtigt udstyr, der har brug for kvalitetsbeskyttelse og ubesv\u00e6ret transport. Kraftige gummihjul holder dig i bev\u00e6gelse, men du beh\u00f8ver ikke bekymre dig om dit udstyrs integritet p\u00e5 grund af holdbare funktioner som f.eks. kraftige kuglehj\u00f8rner og sommerfuglel\u00e5se. Denne fleksible kuffert kan rumme alt slags udstyr eller tilbeh\u00f8r uden at spr\u00e6nge banken eller din ryg!<\/p>\n<h2><strong>Produktionsintroduktion<\/strong><\/h2>\n<p>\u25cf Kraftig konstruktion, 3 justerbare inddelinger og en udtagelig bakke<\/p>\n<p>Indbyggede l\u00e5se og h\u00e5ndtag<\/p>\n<p>\u25cf H\u00e6ngslet l\u00e5g, gummihjul (2 bremsede)<\/p>\n<p>Varev\u00e6gt 30 kg<\/p>\n<p>\u25cf Moderne design i forskellige stilarter.<\/p>\n<p>\u25cf Kant i aluminium, metalring, avanceret stof, kompositskot og gratis svamp.<\/p>\n<p>\u25cf Komfortabelt h\u00e5ndtag, fleksibelt og nemt at b\u00e6re.<\/p>","protected":false},"featured_media":1765,"comment_status":"open","ping_status":"closed","template":"","meta":[],"product_brand":[],"product_cat":[36],"product_tag":[],"class_list":{"0":"post-1764","1":"product","2":"type-product","3":"status-publish","4":"has-post-thumbnail","6":"product_cat-cables-cases","8":"first","9":"instock","10":"shipping-taxable","11":"product-type-simple"},"yoast_head":"<!-- This site is optimized with the Yoast SEO Premium plugin v27.1 (Yoast SEO v27.2) - https:\/\/yoast.com\/product\/yoast-seo-premium-wordpress\/ -->\n<title>Cable Packer - https:\/\/sxflightcase.com \ud83d\udc97<\/title>\n<meta name=\"description\" content=\"Cable Packer: Discover our factory-direct options for professional customization, perfect for organizing and managing cables efficiently.\" \/>\n<meta name=\"robots\" content=\"index, follow, max-snippet:-1, max-image-preview:large, max-video-preview:-1\" \/>\n<link rel=\"canonical\" href=\"https:\/\/sxflightcase.com\/da\/vare\/kabelpakker-2\/\" \/>\n<meta property=\"og:locale\" content=\"da_DK\" \/>\n<meta property=\"og:type\" content=\"article\" \/>\n<meta property=\"og:title\" content=\"Cable Packer\" \/>\n<meta property=\"og:description\" content=\"Cable Packer: Discover our factory-direct options for professional customization, perfect for organizing and managing cables efficiently.\" \/>\n<meta property=\"og:url\" content=\"https:\/\/sxflightcase.com\/da\/vare\/kabelpakker-2\/\" \/>\n<meta property=\"og:site_name\" content=\"https:\/\/sxflightcase.com\" \/>\n<meta property=\"article:publisher\" content=\"https:\/\/www.facebook.com\/profile.php?id=61560407257971\" \/>\n<meta property=\"article:modified_time\" content=\"2024-06-21T01:29:53+00:00\" \/>\n<meta property=\"og:image\" content=\"https:\/\/sxflightcase.com\/wp-content\/uploads\/2024\/05\/cable-packer49022167594.webp\" \/>\n\t<meta property=\"og:image:width\" content=\"750\" \/>\n\t<meta property=\"og:image:height\" content=\"750\" \/>\n\t<meta property=\"og:image:type\" content=\"image\/webp\" \/>\n<meta name=\"twitter:card\" content=\"summary_large_image\" \/>\n<meta name=\"twitter:label1\" content=\"Estimeret l\u00e6setid\" \/>\n\t<meta name=\"twitter:data1\" content=\"3 minutter\" \/>\n<script type=\"application\/ld+json\" class=\"yoast-schema-graph\">{\"@context\":\"https:\/\/schema.org\",\"@graph\":[{\"@type\":\"WebPage\",\"@id\":\"https:\/\/sxflightcase.com\/product\/cable-packer\/\",\"url\":\"https:\/\/sxflightcase.com\/product\/cable-packer\/\",\"name\":\"Cable Packer - https:\/\/sxflightcase.com \ud83d\udc97\",\"isPartOf\":{\"@id\":\"https:\/\/sxflightcase.com\/th\/#website\"},\"primaryImageOfPage\":{\"@id\":\"https:\/\/sxflightcase.com\/product\/cable-packer\/#primaryimage\"},\"image\":{\"@id\":\"https:\/\/sxflightcase.com\/product\/cable-packer\/#primaryimage\"},\"thumbnailUrl\":\"https:\/\/sxflightcase.com\/wp-content\/uploads\/2024\/05\/cable-packer49022167594.webp\",\"datePublished\":\"2024-05-10T06:19:39+00:00\",\"dateModified\":\"2024-06-21T01:29:53+00:00\",\"description\":\"Cable Packer: Discover our factory-direct options for professional customization, perfect for organizing and managing cables efficiently.\",\"breadcrumb\":{\"@id\":\"https:\/\/sxflightcase.com\/product\/cable-packer\/#breadcrumb\"},\"inLanguage\":\"da-DK\",\"potentialAction\":[{\"@type\":\"ReadAction\",\"target\":[\"https:\/\/sxflightcase.com\/product\/cable-packer\/\"]}]},{\"@type\":\"ImageObject\",\"inLanguage\":\"da-DK\",\"@id\":\"https:\/\/sxflightcase.com\/product\/cable-packer\/#primaryimage\",\"url\":\"https:\/\/sxflightcase.com\/wp-content\/uploads\/2024\/05\/cable-packer49022167594.webp\",\"contentUrl\":\"https:\/\/sxflightcase.com\/wp-content\/uploads\/2024\/05\/cable-packer49022167594.webp\",\"width\":750,\"height\":750,\"caption\":\"Cable Packer\"},{\"@type\":\"BreadcrumbList\",\"@id\":\"https:\/\/sxflightcase.com\/product\/cable-packer\/#breadcrumb\",\"itemListElement\":[{\"@type\":\"ListItem\",\"position\":1,\"name\":\"Home\",\"item\":\"https:\/\/sxflightcase.com\/\"},{\"@type\":\"ListItem\",\"position\":2,\"name\":\"\u0e2a\u0e34\u0e19\u0e04\u0e49\u0e32\",\"item\":\"https:\/\/sxflightcase.com\/th\/shop\/\"},{\"@type\":\"ListItem\",\"position\":3,\"name\":\"Cable Packer\"}]},{\"@type\":\"WebSite\",\"@id\":\"https:\/\/sxflightcase.com\/th\/#website\",\"url\":\"https:\/\/sxflightcase.com\/th\/\",\"name\":\"sxpowercase.com\",\"description\":\"Flight Case Factory\",\"publisher\":{\"@id\":\"https:\/\/sxflightcase.com\/th\/#organization\"},\"potentialAction\":[{\"@type\":\"SearchAction\",\"target\":{\"@type\":\"EntryPoint\",\"urlTemplate\":\"https:\/\/sxflightcase.com\/th\/?s={search_term_string}\"},\"query-input\":{\"@type\":\"PropertyValueSpecification\",\"valueRequired\":true,\"valueName\":\"search_term_string\"}}],\"inLanguage\":\"da-DK\"},{\"@type\":\"Organization\",\"@id\":\"https:\/\/sxflightcase.com\/th\/#organization\",\"name\":\"sxpowercase.com\",\"url\":\"https:\/\/sxflightcase.com\/th\/\",\"logo\":{\"@type\":\"ImageObject\",\"inLanguage\":\"da-DK\",\"@id\":\"https:\/\/sxflightcase.com\/th\/#\/schema\/logo\/image\/\",\"url\":\"https:\/\/sxflightcase.com\/wp-content\/uploads\/2024\/04\/1713919036007.jpg\",\"contentUrl\":\"https:\/\/sxflightcase.com\/wp-content\/uploads\/2024\/04\/1713919036007.jpg\",\"width\":382,\"height\":388,\"caption\":\"sxpowercase.com\"},\"image\":{\"@id\":\"https:\/\/sxflightcase.com\/th\/#\/schema\/logo\/image\/\"},\"sameAs\":[\"https:\/\/www.facebook.com\/profile.php?id=61560407257971\"],\"numberOfEmployees\":{\"@type\":\"QuantitativeValue\",\"minValue\":\"11\",\"maxValue\":\"50\"}}]}<\/script>\n<!-- \/ Yoast SEO Premium plugin. -->","yoast_head_json":{"title":"Cable Packer - https:\/\/sxflightcase.com \ud83d\udc97","description":"Kabelpakker: Oplev vores fabriksfremstillede muligheder for professionel tilpasning, perfekt til at organisere og h\u00e5ndtere kabler effektivt.","robots":{"index":"index","follow":"follow","max-snippet":"max-snippet:-1","max-image-preview":"max-image-preview:large","max-video-preview":"max-video-preview:-1"},"canonical":"https:\/\/sxflightcase.com\/da\/vare\/kabelpakker-2\/","og_locale":"da_DK","og_type":"article","og_title":"Cable Packer","og_description":"Cable Packer: Discover our factory-direct options for professional customization, perfect for organizing and managing cables efficiently.","og_url":"https:\/\/sxflightcase.com\/da\/vare\/kabelpakker-2\/","og_site_name":"https:\/\/sxflightcase.com","article_publisher":"https:\/\/www.facebook.com\/profile.php?id=61560407257971","article_modified_time":"2024-06-21T01:29:53+00:00","og_image":[{"width":750,"height":750,"url":"https:\/\/sxflightcase.com\/wp-content\/uploads\/2024\/05\/cable-packer49022167594.webp","type":"image\/webp"}],"twitter_card":"summary_large_image","twitter_misc":{"Estimeret l\u00e6setid":"3 minutter"},"schema":{"@context":"https:\/\/schema.org","@graph":[{"@type":"WebPage","@id":"https:\/\/sxflightcase.com\/product\/cable-packer\/","url":"https:\/\/sxflightcase.com\/product\/cable-packer\/","name":"Cable Packer - https:\/\/sxflightcase.com \ud83d\udc97","isPartOf":{"@id":"https:\/\/sxflightcase.com\/th\/#website"},"primaryImageOfPage":{"@id":"https:\/\/sxflightcase.com\/product\/cable-packer\/#primaryimage"},"image":{"@id":"https:\/\/sxflightcase.com\/product\/cable-packer\/#primaryimage"},"thumbnailUrl":"https:\/\/sxflightcase.com\/wp-content\/uploads\/2024\/05\/cable-packer49022167594.webp","datePublished":"2024-05-10T06:19:39+00:00","dateModified":"2024-06-21T01:29:53+00:00","description":"Kabelpakker: Oplev vores fabriksfremstillede muligheder for professionel tilpasning, perfekt til at organisere og h\u00e5ndtere kabler effektivt.","breadcrumb":{"@id":"https:\/\/sxflightcase.com\/product\/cable-packer\/#breadcrumb"},"inLanguage":"da-DK","potentialAction":[{"@type":"ReadAction","target":["https:\/\/sxflightcase.com\/product\/cable-packer\/"]}]},{"@type":"ImageObject","inLanguage":"da-DK","@id":"https:\/\/sxflightcase.com\/product\/cable-packer\/#primaryimage","url":"https:\/\/sxflightcase.com\/wp-content\/uploads\/2024\/05\/cable-packer49022167594.webp","contentUrl":"https:\/\/sxflightcase.com\/wp-content\/uploads\/2024\/05\/cable-packer49022167594.webp","width":750,"height":750,"caption":"Cable Packer"},{"@type":"BreadcrumbList","@id":"https:\/\/sxflightcase.com\/product\/cable-packer\/#breadcrumb","itemListElement":[{"@type":"ListItem","position":1,"name":"Home","item":"https:\/\/sxflightcase.com\/"},{"@type":"ListItem","position":2,"name":"\u0e2a\u0e34\u0e19\u0e04\u0e49\u0e32","item":"https:\/\/sxflightcase.com\/th\/shop\/"},{"@type":"ListItem","position":3,"name":"Cable Packer"}]},{"@type":"WebSite","@id":"https:\/\/sxflightcase.com\/th\/#website","url":"https:\/\/sxflightcase.com\/th\/","name":"sxpowercase.com","description":"Flight Case Factory","publisher":{"@id":"https:\/\/sxflightcase.com\/th\/#organization"},"potentialAction":[{"@type":"SearchAction","target":{"@type":"EntryPoint","urlTemplate":"https:\/\/sxflightcase.com\/th\/?s={search_term_string}"},"query-input":{"@type":"PropertyValueSpecification","valueRequired":true,"valueName":"search_term_string"}}],"inLanguage":"da-DK"},{"@type":"Organization","@id":"https:\/\/sxflightcase.com\/th\/#organization","name":"sxpowercase.com","url":"https:\/\/sxflightcase.com\/th\/","logo":{"@type":"ImageObject","inLanguage":"da-DK","@id":"https:\/\/sxflightcase.com\/th\/#\/schema\/logo\/image\/","url":"https:\/\/sxflightcase.com\/wp-content\/uploads\/2024\/04\/1713919036007.jpg","contentUrl":"https:\/\/sxflightcase.com\/wp-content\/uploads\/2024\/04\/1713919036007.jpg","width":382,"height":388,"caption":"sxpowercase.com"},"image":{"@id":"https:\/\/sxflightcase.com\/th\/#\/schema\/logo\/image\/"},"sameAs":["https:\/\/www.facebook.com\/profile.php?id=61560407257971"],"numberOfEmployees":{"@type":"QuantitativeValue","minValue":"11","maxValue":"50"}}]}},"_links":{"self":[{"href":"https:\/\/sxflightcase.com\/da\/wp-json\/wp\/v2\/product\/1764","targetHints":{"allow":["GET"]}}],"collection":[{"href":"https:\/\/sxflightcase.com\/da\/wp-json\/wp\/v2\/product"}],"about":[{"href":"https:\/\/sxflightcase.com\/da\/wp-json\/wp\/v2\/types\/product"}],"replies":[{"embeddable":true,"href":"https:\/\/sxflightcase.com\/da\/wp-json\/wp\/v2\/comments?post=1764"}],"version-history":[{"count":0,"href":"https:\/\/sxflightcase.com\/da\/wp-json\/wp\/v2\/product\/1764\/revisions"}],"wp:featuredmedia":[{"embeddable":true,"href":"https:\/\/sxflightcase.com\/da\/wp-json\/wp\/v2\/media\/1765"}],"wp:attachment":[{"href":"https:\/\/sxflightcase.com\/da\/wp-json\/wp\/v2\/media?parent=1764"}],"wp:term":[{"taxonomy":"product_brand","embeddable":true,"href":"https:\/\/sxflightcase.com\/da\/wp-json\/wp\/v2\/product_brand?post=1764"},{"taxonomy":"product_cat","embeddable":true,"href":"https:\/\/sxflightcase.com\/da\/wp-json\/wp\/v2\/product_cat?post=1764"},{"taxonomy":"product_tag","embeddable":true,"href":"https:\/\/sxflightcase.com\/da\/wp-json\/wp\/v2\/product_tag?post=1764"}],"curies":[{"name":"wp","href":"https:\/\/api.w.org\/{rel}","templated":true}]}}