{"id":1769,"date":"2024-05-10T07:23:30","date_gmt":"2024-05-10T06:23:30","guid":{"rendered":"https:\/\/sxpowercase.com\/?post_type=product&#038;p=1769"},"modified":"2024-06-20T03:25:20","modified_gmt":"2024-06-20T02:25:20","slug":"cable-storage-case","status":"publish","type":"product","link":"https:\/\/sxflightcase.com\/da\/vare\/opbevaringskasse-til-kabler-2\/","title":{"rendered":"Etui til kabelopbevaring"},"content":{"rendered":"<p><strong>Produktparameter (specifikation)<\/strong><\/p>\n<section class=\"table-wrap\">\n<table class=\"table\" width=\"100%\" cellspacing=\"0\" cellpadding=\"0\">\n<tbody>\n<tr class=\"firstRow\">\n<td width=\"148\">Produktnavn:<\/td>\n<td width=\"569\">Etui til opbevaring af kabler<\/td>\n<\/tr>\n<tr>\n<td width=\"148\">Dimension:<\/td>\n<td width=\"569\">Vi laver altid 1000x500x500mm, 1200x600x600mm eller tilpasset<\/td>\n<\/tr>\n<tr>\n<td width=\"148\">Farve:<\/td>\n<td width=\"569\">sort \/r\u00f8d \/bl\u00e5 osv. eller hvilken som helst farve, du \u00f8nsker<\/td>\n<\/tr>\n<tr>\n<td width=\"148\">Materialer :<\/td>\n<td width=\"569\">Aluminium + PLYWOOD + ABS-panel + Hardware + Skum<\/td>\n<\/tr>\n<tr>\n<td width=\"148\">Logo :<\/td>\n<td width=\"569\">F\u00e5s til silketryk-logo \/ pr\u00e6getryk-logo \/ laser-logo<\/td>\n<\/tr>\n<tr>\n<td width=\"148\">MOQ:<\/td>\n<td width=\"569\">10 stk.<\/td>\n<\/tr>\n<tr>\n<td width=\"148\">Pr\u00f8vetid :<\/td>\n<td width=\"569\">5-7 dage<\/td>\n<\/tr>\n<tr>\n<td width=\"148\">Produktionstid :<\/td>\n<td width=\"569\">4 uger efter bekr\u00e6ftet ordre<\/td>\n<\/tr>\n<tr>\n<td width=\"148\">Forsendelseshavn:<\/td>\n<td width=\"569\">Shenzhen, Guangzhou, Hongkong<\/td>\n<\/tr>\n<tr>\n<td width=\"148\">Handelsbetingelser:<\/td>\n<td width=\"569\">Ex-work \/ FOB \/ CIF \/ DDU<\/td>\n<\/tr>\n<tr>\n<td width=\"148\">andet:<\/td>\n<td width=\"569\">Vi leverer one-stop-service, design, produktion og emballering<br \/>\nTopkvalitet, fremstillingspris og god service<br \/>\nOEM &amp;LOGO tilbydes<\/td>\n<\/tr>\n<\/tbody>\n<\/table>\n<\/section>\n<h1>Hold styr p\u00e5 dine kabler med SX Cable Storage Case<\/h1>\n<h2>Forenkle din ops\u00e6tning<\/h2>\n<p>Det kan v\u00e6re besv\u00e6rligt at holde styr p\u00e5 kablerne, is\u00e6r hvis du har flere enheder og tilbeh\u00f8r. Den <a href=\"https:\/\/sxpowercase.com\/\" target=\"_blank\" rel=\"noopener\" title=\"SX\" data-wpil-monitor-id=\"122\">SX<\/a> Cable Storage Case er designet til at forenkle din ops\u00e6tning ved at holde alle dine kabler p\u00e6nt organiseret og let tilg\u00e6ngelige. Sig farvel til sammenfiltrede ledninger og goddag til et str\u00f8mlinet, professionelt arbejdsomr\u00e5de.<\/p>\n<h2>Holdbart og kompakt design<\/h2>\n<p>SX Cable Storage Case er fremstillet af holdbare materialer af h\u00f8j kvalitet, der sikrer langvarig brug. Dens kompakte design g\u00f8r den nem at b\u00e6re og opbevare, uanset om du er hjemme, p\u00e5 kontoret eller p\u00e5 farten. Stol p\u00e5, at SX leverer en p\u00e5lidelig l\u00f8sning til dine behov for kabelh\u00e5ndtering.<\/p>\n<h2>Rum, der kan tilpasses<\/h2>\n<h3>Perfekt pasform til alle dine kabler<\/h3>\n<p>Inde i SX Cable Storage Case er der rum, der kan tilpasses, s\u00e5 du kan arrangere dine kabler, s\u00e5 de passer perfekt. Uanset om du har USB-kabler, opladningsledninger eller lydkabler, kan dette etui skr\u00e6ddersys til at opfylde dine specifikke krav.<\/p>\n<h3>Beskyt din investering<\/h3>\n<p>Kabler er en vigtig del af dit tekniske setup. SX Cable Storage Case beskytter din investering ved at forhindre skader og sikre, at dine kabler forbliver i topform. Tilpassede skumindsatser og polstrede skillev\u00e6gge giver ekstra beskyttelse og sikkerhed.<\/p>\n<h2>Direkte fabrikssalg til uovertruffen v\u00e6rdi<\/h2>\n<h3>Overkommelige priser<\/h3>\n<p>Ved at s\u00e6lge direkte fra vores fabrik eliminerer SX mellemmanden, hvilket giver os mulighed for at tilbyde vores kabelopbevaringskasse til uovertrufne priser. Nyd produkter af h\u00f8j kvalitet uden det h\u00f8je prisskilt, og f\u00e5 den bedste v\u00e6rdi for dine penge.<\/p>\n<h3>Skr\u00e6ddersyet til dine behov<\/h3>\n<p>SX tilbyder kundetilpassede tjenester for at sikre, at din kabelopbevaringskasse opfylder dine n\u00f8jagtige behov. Fra ekstra rum til personlig branding - vi kan skabe den perfekte kasse til dine kabler. Forbedr din forretning med vores skr\u00e6ddersyede l\u00f8sninger.<\/p>\n<h2>Boost din virksomhed med SX<\/h2>\n<h3>\u00d8g effektiviteten<\/h3>\n<p>Med SX Cable Storage Case bruger du mindre tid p\u00e5 at vikle ledninger ud og mere tid p\u00e5 at fokusere p\u00e5 dit arbejde. Hold dine kabler organiseret og klar til brug, s\u00e5 du kan \u00f8ge din effektivitet og produktivitet.<\/p>\n<h3>Professionelt udseende<\/h3>\n<p>Et arbejdsomr\u00e5de uden rod ser mere professionelt ud og kan imponere kunder og kolleger. Det slanke design af SX Cable Storage Case tilf\u00f8jer et strejf af professionalisme til din ops\u00e6tning og hj\u00e6lper dig med at g\u00f8re et godt indtryk.<\/p>\n<h2>Nem bestilling og hurtig levering<\/h2>\n<p>Det er nemt og bekvemt at bestille SX Cable Storage Cases. Kontakt vores salgsteam for at dr\u00f8fte dine behov, s\u00e5 klarer vi resten. Vores effektive leveringssystem sikrer, at din kuffert kommer hurtigt frem og er klar til brug.<\/p>\n<h2>Hvorfor v\u00e6lge SX?<\/h2>\n<h3>Forpligtelse til kvalitet<\/h3>\n<p>SX er dedikeret til at levere produkter, der lever op til de h\u00f8jeste standarder for kvalitet og holdbarhed. Vores kabelopbevaringskasse er et bevis p\u00e5 dette engagement og tilbyder p\u00e5lidelig beskyttelse og stilfuldt design.<\/p>\n<h3>Tilfredse kunder<\/h3>\n<p>Vores kunder elsker SX Cable Storage Cases. \"En n\u00f8dvendighed for enhver teknisk ops\u00e6tning,\" siger Mike, en teknisk entusiast. \"Holder mit arbejdsomr\u00e5de p\u00e6nt og ryddeligt,\" tilf\u00f8jer Laura, der er grafisk designer. Slut dig til de tilfredse kunder, der stoler p\u00e5 SX, n\u00e5r det g\u00e6lder deres behov for kabelh\u00e5ndtering.<\/p>\n<h2>Konklusion<\/h2>\n<p>SX Cable Storage Cases er den ultimative l\u00f8sning til at holde dine kabler organiseret og beskyttet. Med sin holdbare konstruktion, rum, der kan tilpasses, og professionelle design tilbyder den uovertruffen bekvemmelighed og stil. V\u00e6lg SX for at f\u00e5 en kabelopbevaringskasse, der ikke svigter dig.<\/p>\n<h2>Bestil dine SX-kabelopbevaringskasser i dag<\/h2>\n<p>Lad ikke sammenfiltrede kabler bremse dig. Bestil din SX Cable Storage Case i dag, og oplev fordelene ved et velorganiseret arbejdsomr\u00e5de. Kontakt os nu for at afgive din bestilling, og nyd den ro i sindet, der f\u00f8lger med at vide, at dine kabler er i sikkerhed. Lad SX hj\u00e6lpe dig med at holde dine kabler i perfekt orden, klar til enhver opgave.<\/p>\n<p><strong>FAQ<\/strong><\/p>\n<p>Q: Hvordan kan jeg f\u00e5 en pr\u00f8ve?<\/p>\n<p>A: Generelt vil vores pr\u00f8ve blive opkr\u00e6vet. men vi refunderer N\u00e5r du bestiller, vil pr\u00f8ven blive leveret med ekspres, s\u00e5som DHL, TNT, FEDEX, EMS osv.<\/p>\n<p>Q: Hvad med leveringstiden for masseproduktion?<\/p>\n<p>A: Levering 25 dage (for nogle hasteordrer kan v\u00e6re f\u00e6rdige inden for 20 dage).<\/p>\n<p>Q: Kan vi f\u00e5 vores logo p\u00e5 etuiet?<\/p>\n<p>A: Ja, vi har mulighed for silketryk, broderi og metallogo.<\/p>","protected":false},"excerpt":{"rendered":"<h2 class=\"prodetails-name\">Etui til kabelopbevaring<\/h2>\n<p>Kabelopbevaringskassen er lavet af sort lamineret krydsfiner, som giver et unikt udseende og er fremstillet af materialer og h\u00e5ndv\u00e6rk af h\u00f8jeste kvalitet for at give dig den ultimative sikkerhed for dit udstyr.<\/p>\n<h2><strong>Produktionsintroduktion<\/strong><\/h2>\n<p>\u25cf Hvor det er muligt, bruger vi indbyggede beslag, der er forkromede for at v\u00e6re modstandsdygtige over for korrosion. Vi bruger enten Penn Elcom eller vores eget m\u00e6rke af beslag for at sikre, at den h\u00f8je kvalitet opretholdes hele vejen igennem.<\/p>\n<p>Indvendige m\u00e5l er altid angivet inden for en eventuel skumbekl\u00e6dning, hvis den annonceres som leveret.<\/p>\n<p>\u25cf Brandplade, aluminiumsbel\u00e6gning og imitation. kassen er mere holdbar, holdbar anti-vibration. Som en st\u00e6rk f\u00e6stning.<\/p>\n<p>\u25cf Kant i aluminium, metalring, avanceret stof, kompositskot og gratis svamp.<\/p>\n<p>\u25cf Komfortabelt h\u00e5ndtag, fleksibelt og nemt at b\u00e6re.<\/p>","protected":false},"featured_media":1770,"comment_status":"open","ping_status":"closed","template":"","meta":[],"product_brand":[],"product_cat":[36],"product_tag":[],"class_list":{"0":"post-1769","1":"product","2":"type-product","3":"status-publish","4":"has-post-thumbnail","6":"product_cat-cables-cases","8":"first","9":"instock","10":"shipping-taxable","11":"product-type-simple"},"yoast_head":"<!-- This site is optimized with the Yoast SEO Premium plugin v27.1 (Yoast SEO v27.2) - https:\/\/yoast.com\/product\/yoast-seo-premium-wordpress\/ -->\n<title>Cable Storage Case Manufacture- https:\/\/sxflightcase.com<\/title>\n<meta name=\"description\" content=\"Cable Storage Case: Discover our factory-direct options for professional customization, perfect for organizing and managing cables efficiently.\" \/>\n<meta name=\"robots\" content=\"index, follow, max-snippet:-1, max-image-preview:large, max-video-preview:-1\" \/>\n<link rel=\"canonical\" href=\"https:\/\/sxflightcase.com\/da\/urun\/kablo-saklama-kutusu-2\/\" \/>\n<meta property=\"og:locale\" content=\"da_DK\" \/>\n<meta property=\"og:type\" content=\"article\" \/>\n<meta property=\"og:title\" content=\"Cable Storage Case\" \/>\n<meta property=\"og:description\" content=\"Cable Storage Case: Discover our factory-direct options for professional customization, perfect for organizing and managing cables efficiently.\" \/>\n<meta property=\"og:url\" content=\"https:\/\/sxflightcase.com\/da\/urun\/kablo-saklama-kutusu-2\/\" \/>\n<meta property=\"og:site_name\" content=\"https:\/\/sxflightcase.com\" \/>\n<meta property=\"article:publisher\" content=\"https:\/\/www.facebook.com\/profile.php?id=61560407257971\" \/>\n<meta property=\"article:modified_time\" content=\"2024-06-20T02:25:20+00:00\" \/>\n<meta property=\"og:image\" content=\"https:\/\/sxflightcase.com\/wp-content\/uploads\/2024\/05\/cable-storage-case51570937455.webp\" \/>\n\t<meta property=\"og:image:width\" content=\"700\" \/>\n\t<meta property=\"og:image:height\" content=\"700\" \/>\n\t<meta property=\"og:image:type\" content=\"image\/webp\" \/>\n<meta name=\"twitter:card\" content=\"summary_large_image\" \/>\n<meta name=\"twitter:label1\" content=\"Estimeret l\u00e6setid\" \/>\n\t<meta name=\"twitter:data1\" content=\"5 minutter\" \/>\n<script type=\"application\/ld+json\" class=\"yoast-schema-graph\">{\"@context\":\"https:\/\/schema.org\",\"@graph\":[{\"@type\":\"WebPage\",\"@id\":\"https:\/\/sxflightcase.com\/tr\/urun\/kablo-saklama-kutusu-2\/\",\"url\":\"https:\/\/sxflightcase.com\/tr\/urun\/kablo-saklama-kutusu-2\/\",\"name\":\"Cable Storage Case Manufacture- https:\/\/sxflightcase.com\",\"isPartOf\":{\"@id\":\"https:\/\/sxflightcase.com\/th\/#website\"},\"primaryImageOfPage\":{\"@id\":\"https:\/\/sxflightcase.com\/tr\/urun\/kablo-saklama-kutusu-2\/#primaryimage\"},\"image\":{\"@id\":\"https:\/\/sxflightcase.com\/tr\/urun\/kablo-saklama-kutusu-2\/#primaryimage\"},\"thumbnailUrl\":\"https:\/\/sxflightcase.com\/wp-content\/uploads\/2024\/05\/cable-storage-case51570937455.webp\",\"datePublished\":\"2024-05-10T06:23:30+00:00\",\"dateModified\":\"2024-06-20T02:25:20+00:00\",\"description\":\"Cable Storage Case: Discover our factory-direct options for professional customization, perfect for organizing and managing cables efficiently.\",\"breadcrumb\":{\"@id\":\"https:\/\/sxflightcase.com\/tr\/urun\/kablo-saklama-kutusu-2\/#breadcrumb\"},\"inLanguage\":\"da-DK\",\"potentialAction\":[{\"@type\":\"ReadAction\",\"target\":[\"https:\/\/sxflightcase.com\/tr\/urun\/kablo-saklama-kutusu-2\/\"]}]},{\"@type\":\"ImageObject\",\"inLanguage\":\"da-DK\",\"@id\":\"https:\/\/sxflightcase.com\/tr\/urun\/kablo-saklama-kutusu-2\/#primaryimage\",\"url\":\"https:\/\/sxflightcase.com\/wp-content\/uploads\/2024\/05\/cable-storage-case51570937455.webp\",\"contentUrl\":\"https:\/\/sxflightcase.com\/wp-content\/uploads\/2024\/05\/cable-storage-case51570937455.webp\",\"width\":700,\"height\":700,\"caption\":\"Cable Storage Case\"},{\"@type\":\"BreadcrumbList\",\"@id\":\"https:\/\/sxflightcase.com\/tr\/urun\/kablo-saklama-kutusu-2\/#breadcrumb\",\"itemListElement\":[{\"@type\":\"ListItem\",\"position\":1,\"name\":\"Home\",\"item\":\"https:\/\/sxflightcase.com\/\"},{\"@type\":\"ListItem\",\"position\":2,\"name\":\"\u0e2a\u0e34\u0e19\u0e04\u0e49\u0e32\",\"item\":\"https:\/\/sxflightcase.com\/th\/shop\/\"},{\"@type\":\"ListItem\",\"position\":3,\"name\":\"Cable Storage Case\"}]},{\"@type\":\"WebSite\",\"@id\":\"https:\/\/sxflightcase.com\/th\/#website\",\"url\":\"https:\/\/sxflightcase.com\/th\/\",\"name\":\"sxpowercase.com\",\"description\":\"Flight Case Factory\",\"publisher\":{\"@id\":\"https:\/\/sxflightcase.com\/th\/#organization\"},\"potentialAction\":[{\"@type\":\"SearchAction\",\"target\":{\"@type\":\"EntryPoint\",\"urlTemplate\":\"https:\/\/sxflightcase.com\/th\/?s={search_term_string}\"},\"query-input\":{\"@type\":\"PropertyValueSpecification\",\"valueRequired\":true,\"valueName\":\"search_term_string\"}}],\"inLanguage\":\"da-DK\"},{\"@type\":\"Organization\",\"@id\":\"https:\/\/sxflightcase.com\/th\/#organization\",\"name\":\"sxpowercase.com\",\"url\":\"https:\/\/sxflightcase.com\/th\/\",\"logo\":{\"@type\":\"ImageObject\",\"inLanguage\":\"da-DK\",\"@id\":\"https:\/\/sxflightcase.com\/th\/#\/schema\/logo\/image\/\",\"url\":\"https:\/\/sxflightcase.com\/wp-content\/uploads\/2024\/04\/1713919036007.jpg\",\"contentUrl\":\"https:\/\/sxflightcase.com\/wp-content\/uploads\/2024\/04\/1713919036007.jpg\",\"width\":382,\"height\":388,\"caption\":\"sxpowercase.com\"},\"image\":{\"@id\":\"https:\/\/sxflightcase.com\/th\/#\/schema\/logo\/image\/\"},\"sameAs\":[\"https:\/\/www.facebook.com\/profile.php?id=61560407257971\"],\"numberOfEmployees\":{\"@type\":\"QuantitativeValue\",\"minValue\":\"11\",\"maxValue\":\"50\"}}]}<\/script>\n<!-- \/ Yoast SEO Premium plugin. -->","yoast_head_json":{"title":"Cable Storage Case Manufacture- https:\/\/sxflightcase.com","description":"Opbevaringskasse til kabler: Oplev vores fabriksfremstillede muligheder for professionel tilpasning, perfekt til at organisere og h\u00e5ndtere kabler effektivt.","robots":{"index":"index","follow":"follow","max-snippet":"max-snippet:-1","max-image-preview":"max-image-preview:large","max-video-preview":"max-video-preview:-1"},"canonical":"https:\/\/sxflightcase.com\/da\/urun\/kablo-saklama-kutusu-2\/","og_locale":"da_DK","og_type":"article","og_title":"Cable Storage Case","og_description":"Cable Storage Case: Discover our factory-direct options for professional customization, perfect for organizing and managing cables efficiently.","og_url":"https:\/\/sxflightcase.com\/da\/urun\/kablo-saklama-kutusu-2\/","og_site_name":"https:\/\/sxflightcase.com","article_publisher":"https:\/\/www.facebook.com\/profile.php?id=61560407257971","article_modified_time":"2024-06-20T02:25:20+00:00","og_image":[{"width":700,"height":700,"url":"https:\/\/sxflightcase.com\/wp-content\/uploads\/2024\/05\/cable-storage-case51570937455.webp","type":"image\/webp"}],"twitter_card":"summary_large_image","twitter_misc":{"Estimeret l\u00e6setid":"5 minutter"},"schema":{"@context":"https:\/\/schema.org","@graph":[{"@type":"WebPage","@id":"https:\/\/sxflightcase.com\/tr\/urun\/kablo-saklama-kutusu-2\/","url":"https:\/\/sxflightcase.com\/tr\/urun\/kablo-saklama-kutusu-2\/","name":"Cable Storage Case Manufacture- https:\/\/sxflightcase.com","isPartOf":{"@id":"https:\/\/sxflightcase.com\/th\/#website"},"primaryImageOfPage":{"@id":"https:\/\/sxflightcase.com\/tr\/urun\/kablo-saklama-kutusu-2\/#primaryimage"},"image":{"@id":"https:\/\/sxflightcase.com\/tr\/urun\/kablo-saklama-kutusu-2\/#primaryimage"},"thumbnailUrl":"https:\/\/sxflightcase.com\/wp-content\/uploads\/2024\/05\/cable-storage-case51570937455.webp","datePublished":"2024-05-10T06:23:30+00:00","dateModified":"2024-06-20T02:25:20+00:00","description":"Opbevaringskasse til kabler: Oplev vores fabriksfremstillede muligheder for professionel tilpasning, perfekt til at organisere og h\u00e5ndtere kabler effektivt.","breadcrumb":{"@id":"https:\/\/sxflightcase.com\/tr\/urun\/kablo-saklama-kutusu-2\/#breadcrumb"},"inLanguage":"da-DK","potentialAction":[{"@type":"ReadAction","target":["https:\/\/sxflightcase.com\/tr\/urun\/kablo-saklama-kutusu-2\/"]}]},{"@type":"ImageObject","inLanguage":"da-DK","@id":"https:\/\/sxflightcase.com\/tr\/urun\/kablo-saklama-kutusu-2\/#primaryimage","url":"https:\/\/sxflightcase.com\/wp-content\/uploads\/2024\/05\/cable-storage-case51570937455.webp","contentUrl":"https:\/\/sxflightcase.com\/wp-content\/uploads\/2024\/05\/cable-storage-case51570937455.webp","width":700,"height":700,"caption":"Cable Storage Case"},{"@type":"BreadcrumbList","@id":"https:\/\/sxflightcase.com\/tr\/urun\/kablo-saklama-kutusu-2\/#breadcrumb","itemListElement":[{"@type":"ListItem","position":1,"name":"Home","item":"https:\/\/sxflightcase.com\/"},{"@type":"ListItem","position":2,"name":"\u0e2a\u0e34\u0e19\u0e04\u0e49\u0e32","item":"https:\/\/sxflightcase.com\/th\/shop\/"},{"@type":"ListItem","position":3,"name":"Cable Storage Case"}]},{"@type":"WebSite","@id":"https:\/\/sxflightcase.com\/th\/#website","url":"https:\/\/sxflightcase.com\/th\/","name":"sxpowercase.com","description":"Flight Case Factory","publisher":{"@id":"https:\/\/sxflightcase.com\/th\/#organization"},"potentialAction":[{"@type":"SearchAction","target":{"@type":"EntryPoint","urlTemplate":"https:\/\/sxflightcase.com\/th\/?s={search_term_string}"},"query-input":{"@type":"PropertyValueSpecification","valueRequired":true,"valueName":"search_term_string"}}],"inLanguage":"da-DK"},{"@type":"Organization","@id":"https:\/\/sxflightcase.com\/th\/#organization","name":"sxpowercase.com","url":"https:\/\/sxflightcase.com\/th\/","logo":{"@type":"ImageObject","inLanguage":"da-DK","@id":"https:\/\/sxflightcase.com\/th\/#\/schema\/logo\/image\/","url":"https:\/\/sxflightcase.com\/wp-content\/uploads\/2024\/04\/1713919036007.jpg","contentUrl":"https:\/\/sxflightcase.com\/wp-content\/uploads\/2024\/04\/1713919036007.jpg","width":382,"height":388,"caption":"sxpowercase.com"},"image":{"@id":"https:\/\/sxflightcase.com\/th\/#\/schema\/logo\/image\/"},"sameAs":["https:\/\/www.facebook.com\/profile.php?id=61560407257971"],"numberOfEmployees":{"@type":"QuantitativeValue","minValue":"11","maxValue":"50"}}]}},"_links":{"self":[{"href":"https:\/\/sxflightcase.com\/da\/wp-json\/wp\/v2\/product\/1769","targetHints":{"allow":["GET"]}}],"collection":[{"href":"https:\/\/sxflightcase.com\/da\/wp-json\/wp\/v2\/product"}],"about":[{"href":"https:\/\/sxflightcase.com\/da\/wp-json\/wp\/v2\/types\/product"}],"replies":[{"embeddable":true,"href":"https:\/\/sxflightcase.com\/da\/wp-json\/wp\/v2\/comments?post=1769"}],"version-history":[{"count":0,"href":"https:\/\/sxflightcase.com\/da\/wp-json\/wp\/v2\/product\/1769\/revisions"}],"wp:featuredmedia":[{"embeddable":true,"href":"https:\/\/sxflightcase.com\/da\/wp-json\/wp\/v2\/media\/1770"}],"wp:attachment":[{"href":"https:\/\/sxflightcase.com\/da\/wp-json\/wp\/v2\/media?parent=1769"}],"wp:term":[{"taxonomy":"product_brand","embeddable":true,"href":"https:\/\/sxflightcase.com\/da\/wp-json\/wp\/v2\/product_brand?post=1769"},{"taxonomy":"product_cat","embeddable":true,"href":"https:\/\/sxflightcase.com\/da\/wp-json\/wp\/v2\/product_cat?post=1769"},{"taxonomy":"product_tag","embeddable":true,"href":"https:\/\/sxflightcase.com\/da\/wp-json\/wp\/v2\/product_tag?post=1769"}],"curies":[{"name":"wp","href":"https:\/\/api.w.org\/{rel}","templated":true}]}}