{"id":1782,"date":"2024-05-10T07:41:07","date_gmt":"2024-05-10T06:41:07","guid":{"rendered":"https:\/\/sxpowercase.com\/?post_type=product&#038;p=1782"},"modified":"2024-06-20T03:31:21","modified_gmt":"2024-06-20T02:31:21","slug":"display-flight-case","status":"publish","type":"product","link":"https:\/\/sxflightcase.com\/da\/vare\/display-flightcase-2\/","title":{"rendered":"Display Flight Case"},"content":{"rendered":"<p><strong>Produktparameter (specifikation)<\/strong><\/p>\n<section class=\"table-wrap\">\n<table class=\"table\" width=\"100%\" cellspacing=\"0\" cellpadding=\"0\">\n<tbody>\n<tr class=\"firstRow\">\n<td width=\"134\">Produktnavn:<\/td>\n<td width=\"503\">Display flight case<\/td>\n<\/tr>\n<tr>\n<td width=\"134\">Materiale:<\/td>\n<td width=\"503\">Krydsfiner + forkromet\/forzinket hardware + aluminiumsprofiler<\/td>\n<\/tr>\n<tr>\n<td width=\"134\">Skum foring:<\/td>\n<td width=\"503\">Perleskum \/EVA-skum \/ \u00c6ggeskum osv...almindelig eller efter anmodning<\/td>\n<\/tr>\n<tr>\n<td width=\"134\">Farve:<\/td>\n<td width=\"503\">Sort, r\u00f8d, bl\u00e5, orange, gul, gr\u00f8n osv.<\/td>\n<\/tr>\n<tr>\n<td width=\"134\">Leveringstid:<\/td>\n<td width=\"503\">Pr\u00f8veordre 5 dage, normal ordre 7-15 dage<\/td>\n<\/tr>\n<tr>\n<td width=\"134\">Dimension:<\/td>\n<td width=\"503\">Afh\u00e6nger af udstyrsdimension<\/td>\n<\/tr>\n<\/tbody>\n<\/table>\n<\/section>\n<h1>L\u00f8ft dit udstyr op med SX's Display Flight Case<\/h1>\n<h2>Sikker og stilfuld opbevaringsl\u00f8sning<\/h2>\n<p>Vi pr\u00e6senterer SX's seneste innovation, den <strong>Sk\u00e6rm <a class=\"wpil_keyword_link\" href=\"https:\/\/sxpowercase.com\/product-category\/all-product\/flight-case\/\" target=\"_blank\" rel=\"noopener\" title=\"Flyvesag\" data-wpil-keyword-link=\"linked\" data-wpil-monitor-id=\"418\">Flyvesag<\/a><\/strong>. Denne kuffert er designet til b\u00e5de professionelle og entusiaster og kombinerer robust sikkerhed med elegant \u00e6stetik for at beskytte dit v\u00e6rdifulde udstyr under transport og fremvisning.<\/p>\n<h2>Skr\u00e6ddersyet til dine behov<\/h2>\n<h3>Designmuligheder, der kan tilpasses<\/h3>\n<p>P\u00e5 <a href=\"https:\/\/sxpowercase.com\/\" target=\"_blank\" rel=\"noopener\" title=\"SX\" data-wpil-monitor-id=\"125\">SX<\/a>Vi forst\u00e5r, at hver kunde har unikke krav. Vores Display Flight Cases kan tilpasses fuldt ud, s\u00e5 du kan v\u00e6lge mellem en r\u00e6kke forskellige st\u00f8rrelser, materialer og indvendige konfigurationer. Uanset om du skal transportere sarte instrumenter eller fremvise varer ved arrangementer, sikrer SX, at din kuffert opfylder alle dine specifikationer.<\/p>\n<h2>Direkte fra vores fabrik til dig<\/h2>\n<h3>Fordel ved direkte salg fra fabrik<\/h3>\n<p>Ved at k\u00f8be direkte fra SX f\u00e5r du fordel af konkurrencedygtige priser og overlegen kvalitet. Vores model med direkte salg fra fabrikken eliminerer un\u00f8dvendige omkostninger og sikrer, at du f\u00e5r en f\u00f8rsteklasses Display Flight Case uden den h\u00f8je pris. Invester i en kuffert, der beskytter dit udstyr og forbedrer dit professionelle image.<\/p>\n<h2>H\u00e5ndv\u00e6rk og holdbarhed<\/h2>\n<h3>Bygget til at holde<\/h3>\n<p>SX Display Flight Cases er fremstillet med pr\u00e6cision af holdbare materialer, der kan modst\u00e5 strabadserne ved rejser og daglig brug. Vores engagement i kvalitetsh\u00e5ndv\u00e6rk sikrer, at dit udstyr forbliver trygt og sikkert, uanset hvor din rejse f\u00f8rer dig hen.<\/p>\n<h2>Forbedr dit brand-image<\/h2>\n<h3>Professionel pr\u00e6sentation<\/h3>\n<p>Uanset om du er musiker, fotograf eller udstiller p\u00e5 en messe, udstr\u00e5ler det professionalisme og p\u00e5lidelighed at pr\u00e6sentere dit udstyr i en SX Display Flight Case. Impon\u00e9r kunder og kolleger med en kuffert, der ikke bare beskytter, men ogs\u00e5 forbedrer pr\u00e6sentationen af dit v\u00e6rdifulde udstyr.<\/p>\n<hr \/>\n<p>L\u00f8ft dit udstyr og dit image med SX's Display Flight Case. Kontakt os i dag for at udforske tilpasningsmuligheder og sikre dig den perfekte kuffert til transport og fremvisning af dit udstyr.<\/p>\n<p><strong>FAQ<\/strong><\/p>\n<p>Q: Hvordan kan jeg f\u00e5 en pr\u00f8ve?<\/p>\n<p>A: Generelt vil vores pr\u00f8ve blive opkr\u00e6vet. men vi refunderer N\u00e5r du bestiller stor m\u00e6ngde, vil pr\u00f8ven blive leveret med ekspres, s\u00e5som DHL, TNT, FEDEX, EMS osv.<\/p>\n<p>Q: Laver du specialfremstillede sager?<\/p>\n<p>A: Ja. Med omkring 10 \u00e5rs OEM \/ ODM-erfaring kan vi hj\u00e6lpe dig med at designe<\/p>\n<p>sagen i henhold til dine krav med vores professionelle viden.<\/p>\n<p>Q: Hvilken betalingsform kan du acceptere?<\/p>\n<p>A: T\/T, Western Union osv. Vi accepterer alle praktiske og hurtige betalingsbetingelser.<\/p>\n<p>Hot Tags: Lav pris, p\u00e5 lager, gratis pr\u00f8ve, str\u00f8m- og signalkabel, 16 Gauge 4 ledertr\u00e5d, mikrofonstativ, udend\u00f8rs LED-displaykabinet, rackmontering, 19\u201d rackmonterede mixer-flyvekasser\uff0celektrisk distroboks, Kina, leverand\u00f8rer, fabrik, tilpasset, engros, <span style=\"color: #993366;\"><a style=\"color: #993366;\" href=\"https:\/\/sxflightcase.com\/da\/product-category\/all-product\/power-distribution-boxes\/\">str\u00f8mbokse<\/a>,\u00a0<a style=\"color: #993366;\" href=\"https:\/\/sxflightcase.com\/da\/product-category\/all-product\/hoist-controllers\/\">str\u00f8mkabler<\/a>,\u00a0<a style=\"color: #993366;\" href=\"https:\/\/sxflightcase.com\/da\/product-category\/all-product\/hoist-controllers\/\">hejseregulatorer<\/a>,\u00a0<a style=\"color: #993366;\" href=\"https:\/\/sxflightcase.com\/da\/product-category\/all-product\/flight-case\/\">flyvekasser.<\/a><\/span><\/p>","protected":false},"excerpt":{"rendered":"<h2 class=\"prodetails-name\">Display Flight Case<\/h2>\n<p>Denne display flightcase er perfekt til at vise alle slags pr\u00f8ver som smykker, kunstv\u00e6rker, kjoler osv. til reklame, display, udstilling, promotion for fliser.<\/p>\n<h2><strong>Produktionsintroduktion<\/strong><\/h2>\n<p>- Velegnet til alle sm\u00e5 pr\u00f8ver efter kundens \u00f8nske<\/p>\n<p>- 12 mm brandsikkert lamineret krydsfiner<\/p>\n<p>- 35x35x3mm aluminiumsprofiler med nitter<\/p>\n<p>- Store kuglehj\u00f8rner, forskudt<\/p>\n<p>\u2022 6-hullers L-hj\u00f8rner<\/p>\n<p>- Ekstruderinger til sikker placering og lukning af l\u00e5get, han\/hun 12 mm<\/p>","protected":false},"featured_media":1783,"comment_status":"open","ping_status":"closed","template":"","meta":[],"product_brand":[],"product_cat":[41],"product_tag":[],"class_list":{"0":"post-1782","1":"product","2":"type-product","3":"status-publish","4":"has-post-thumbnail","6":"product_cat-equipment-cases","8":"first","9":"instock","10":"shipping-taxable","11":"product-type-simple"},"yoast_head":"<!-- This site is optimized with the Yoast SEO Premium plugin v27.1 (Yoast SEO v27.2) - https:\/\/yoast.com\/product\/yoast-seo-premium-wordpress\/ -->\n<title>Display Flight Case - https:\/\/sxflightcase.com \ud83d\udc97<\/title>\n<meta name=\"description\" content=\"Display Flight Case: Discover our factory-direct options for professional customization, perfect for protecting and showcasing your valuable display items with style and reliability.\" \/>\n<meta name=\"robots\" content=\"index, follow, max-snippet:-1, max-image-preview:large, max-video-preview:-1\" \/>\n<link rel=\"canonical\" href=\"https:\/\/sxflightcase.com\/da\/san-pham\/display-flight-case\/\" \/>\n<meta property=\"og:locale\" content=\"da_DK\" \/>\n<meta property=\"og:type\" content=\"article\" \/>\n<meta property=\"og:title\" content=\"Display Flight Case\" \/>\n<meta property=\"og:description\" content=\"Display Flight Case: Discover our factory-direct options for professional customization, perfect for protecting and showcasing your valuable display items with style and reliability.\" \/>\n<meta property=\"og:url\" content=\"https:\/\/sxflightcase.com\/da\/san-pham\/display-flight-case\/\" \/>\n<meta property=\"og:site_name\" content=\"https:\/\/sxflightcase.com\" \/>\n<meta property=\"article:publisher\" content=\"https:\/\/www.facebook.com\/profile.php?id=61560407257971\" \/>\n<meta property=\"article:modified_time\" content=\"2024-06-20T02:31:21+00:00\" \/>\n<meta property=\"og:image\" content=\"https:\/\/sxflightcase.com\/wp-content\/uploads\/2024\/05\/display-flight-case57542103130.webp\" \/>\n\t<meta property=\"og:image:width\" content=\"700\" \/>\n\t<meta property=\"og:image:height\" content=\"700\" \/>\n\t<meta property=\"og:image:type\" content=\"image\/webp\" \/>\n<meta name=\"twitter:card\" content=\"summary_large_image\" \/>\n<meta name=\"twitter:label1\" content=\"Estimeret l\u00e6setid\" \/>\n\t<meta name=\"twitter:data1\" content=\"3 minutter\" \/>\n<script type=\"application\/ld+json\" class=\"yoast-schema-graph\">{\"@context\":\"https:\/\/schema.org\",\"@graph\":[{\"@type\":\"WebPage\",\"@id\":\"https:\/\/sxflightcase.com\/vi\/san-pham\/display-flight-case\/\",\"url\":\"https:\/\/sxflightcase.com\/vi\/san-pham\/display-flight-case\/\",\"name\":\"Display Flight Case - https:\/\/sxflightcase.com \ud83d\udc97\",\"isPartOf\":{\"@id\":\"https:\/\/sxflightcase.com\/th\/#website\"},\"primaryImageOfPage\":{\"@id\":\"https:\/\/sxflightcase.com\/vi\/san-pham\/display-flight-case\/#primaryimage\"},\"image\":{\"@id\":\"https:\/\/sxflightcase.com\/vi\/san-pham\/display-flight-case\/#primaryimage\"},\"thumbnailUrl\":\"https:\/\/sxflightcase.com\/wp-content\/uploads\/2024\/05\/display-flight-case57542103130.webp\",\"datePublished\":\"2024-05-10T06:41:07+00:00\",\"dateModified\":\"2024-06-20T02:31:21+00:00\",\"description\":\"Display Flight Case: Discover our factory-direct options for professional customization, perfect for protecting and showcasing your valuable display items with style and reliability.\",\"breadcrumb\":{\"@id\":\"https:\/\/sxflightcase.com\/vi\/san-pham\/display-flight-case\/#breadcrumb\"},\"inLanguage\":\"da-DK\",\"potentialAction\":[{\"@type\":\"ReadAction\",\"target\":[\"https:\/\/sxflightcase.com\/vi\/san-pham\/display-flight-case\/\"]}]},{\"@type\":\"ImageObject\",\"inLanguage\":\"da-DK\",\"@id\":\"https:\/\/sxflightcase.com\/vi\/san-pham\/display-flight-case\/#primaryimage\",\"url\":\"https:\/\/sxflightcase.com\/wp-content\/uploads\/2024\/05\/display-flight-case57542103130.webp\",\"contentUrl\":\"https:\/\/sxflightcase.com\/wp-content\/uploads\/2024\/05\/display-flight-case57542103130.webp\",\"width\":700,\"height\":700,\"caption\":\"Display Flight Case\"},{\"@type\":\"BreadcrumbList\",\"@id\":\"https:\/\/sxflightcase.com\/vi\/san-pham\/display-flight-case\/#breadcrumb\",\"itemListElement\":[{\"@type\":\"ListItem\",\"position\":1,\"name\":\"Home\",\"item\":\"https:\/\/sxflightcase.com\/\"},{\"@type\":\"ListItem\",\"position\":2,\"name\":\"\u0e2a\u0e34\u0e19\u0e04\u0e49\u0e32\",\"item\":\"https:\/\/sxflightcase.com\/th\/shop\/\"},{\"@type\":\"ListItem\",\"position\":3,\"name\":\"Display Flight Case\"}]},{\"@type\":\"WebSite\",\"@id\":\"https:\/\/sxflightcase.com\/th\/#website\",\"url\":\"https:\/\/sxflightcase.com\/th\/\",\"name\":\"sxpowercase.com\",\"description\":\"Flight Case Factory\",\"publisher\":{\"@id\":\"https:\/\/sxflightcase.com\/th\/#organization\"},\"potentialAction\":[{\"@type\":\"SearchAction\",\"target\":{\"@type\":\"EntryPoint\",\"urlTemplate\":\"https:\/\/sxflightcase.com\/th\/?s={search_term_string}\"},\"query-input\":{\"@type\":\"PropertyValueSpecification\",\"valueRequired\":true,\"valueName\":\"search_term_string\"}}],\"inLanguage\":\"da-DK\"},{\"@type\":\"Organization\",\"@id\":\"https:\/\/sxflightcase.com\/th\/#organization\",\"name\":\"sxpowercase.com\",\"url\":\"https:\/\/sxflightcase.com\/th\/\",\"logo\":{\"@type\":\"ImageObject\",\"inLanguage\":\"da-DK\",\"@id\":\"https:\/\/sxflightcase.com\/th\/#\/schema\/logo\/image\/\",\"url\":\"https:\/\/sxflightcase.com\/wp-content\/uploads\/2024\/04\/1713919036007.jpg\",\"contentUrl\":\"https:\/\/sxflightcase.com\/wp-content\/uploads\/2024\/04\/1713919036007.jpg\",\"width\":382,\"height\":388,\"caption\":\"sxpowercase.com\"},\"image\":{\"@id\":\"https:\/\/sxflightcase.com\/th\/#\/schema\/logo\/image\/\"},\"sameAs\":[\"https:\/\/www.facebook.com\/profile.php?id=61560407257971\"],\"numberOfEmployees\":{\"@type\":\"QuantitativeValue\",\"minValue\":\"11\",\"maxValue\":\"50\"}}]}<\/script>\n<!-- \/ Yoast SEO Premium plugin. -->","yoast_head_json":{"title":"Display Flight Case - https:\/\/sxflightcase.com \ud83d\udc97","description":"Display Flight Case: Oplev vores fabriksfremstillede muligheder for professionel tilpasning, perfekt til at beskytte og fremvise dine v\u00e6rdifulde udstillingsgenstande med stil og p\u00e5lidelighed.","robots":{"index":"index","follow":"follow","max-snippet":"max-snippet:-1","max-image-preview":"max-image-preview:large","max-video-preview":"max-video-preview:-1"},"canonical":"https:\/\/sxflightcase.com\/da\/san-pham\/display-flight-case\/","og_locale":"da_DK","og_type":"article","og_title":"Display Flight Case","og_description":"Display Flight Case: Discover our factory-direct options for professional customization, perfect for protecting and showcasing your valuable display items with style and reliability.","og_url":"https:\/\/sxflightcase.com\/da\/san-pham\/display-flight-case\/","og_site_name":"https:\/\/sxflightcase.com","article_publisher":"https:\/\/www.facebook.com\/profile.php?id=61560407257971","article_modified_time":"2024-06-20T02:31:21+00:00","og_image":[{"width":700,"height":700,"url":"https:\/\/sxflightcase.com\/wp-content\/uploads\/2024\/05\/display-flight-case57542103130.webp","type":"image\/webp"}],"twitter_card":"summary_large_image","twitter_misc":{"Estimeret l\u00e6setid":"3 minutter"},"schema":{"@context":"https:\/\/schema.org","@graph":[{"@type":"WebPage","@id":"https:\/\/sxflightcase.com\/vi\/san-pham\/display-flight-case\/","url":"https:\/\/sxflightcase.com\/vi\/san-pham\/display-flight-case\/","name":"Display Flight Case - https:\/\/sxflightcase.com \ud83d\udc97","isPartOf":{"@id":"https:\/\/sxflightcase.com\/th\/#website"},"primaryImageOfPage":{"@id":"https:\/\/sxflightcase.com\/vi\/san-pham\/display-flight-case\/#primaryimage"},"image":{"@id":"https:\/\/sxflightcase.com\/vi\/san-pham\/display-flight-case\/#primaryimage"},"thumbnailUrl":"https:\/\/sxflightcase.com\/wp-content\/uploads\/2024\/05\/display-flight-case57542103130.webp","datePublished":"2024-05-10T06:41:07+00:00","dateModified":"2024-06-20T02:31:21+00:00","description":"Display Flight Case: Oplev vores fabriksfremstillede muligheder for professionel tilpasning, perfekt til at beskytte og fremvise dine v\u00e6rdifulde udstillingsgenstande med stil og p\u00e5lidelighed.","breadcrumb":{"@id":"https:\/\/sxflightcase.com\/vi\/san-pham\/display-flight-case\/#breadcrumb"},"inLanguage":"da-DK","potentialAction":[{"@type":"ReadAction","target":["https:\/\/sxflightcase.com\/vi\/san-pham\/display-flight-case\/"]}]},{"@type":"ImageObject","inLanguage":"da-DK","@id":"https:\/\/sxflightcase.com\/vi\/san-pham\/display-flight-case\/#primaryimage","url":"https:\/\/sxflightcase.com\/wp-content\/uploads\/2024\/05\/display-flight-case57542103130.webp","contentUrl":"https:\/\/sxflightcase.com\/wp-content\/uploads\/2024\/05\/display-flight-case57542103130.webp","width":700,"height":700,"caption":"Display Flight Case"},{"@type":"BreadcrumbList","@id":"https:\/\/sxflightcase.com\/vi\/san-pham\/display-flight-case\/#breadcrumb","itemListElement":[{"@type":"ListItem","position":1,"name":"Home","item":"https:\/\/sxflightcase.com\/"},{"@type":"ListItem","position":2,"name":"\u0e2a\u0e34\u0e19\u0e04\u0e49\u0e32","item":"https:\/\/sxflightcase.com\/th\/shop\/"},{"@type":"ListItem","position":3,"name":"Display Flight Case"}]},{"@type":"WebSite","@id":"https:\/\/sxflightcase.com\/th\/#website","url":"https:\/\/sxflightcase.com\/th\/","name":"sxpowercase.com","description":"Flight Case Factory","publisher":{"@id":"https:\/\/sxflightcase.com\/th\/#organization"},"potentialAction":[{"@type":"SearchAction","target":{"@type":"EntryPoint","urlTemplate":"https:\/\/sxflightcase.com\/th\/?s={search_term_string}"},"query-input":{"@type":"PropertyValueSpecification","valueRequired":true,"valueName":"search_term_string"}}],"inLanguage":"da-DK"},{"@type":"Organization","@id":"https:\/\/sxflightcase.com\/th\/#organization","name":"sxpowercase.com","url":"https:\/\/sxflightcase.com\/th\/","logo":{"@type":"ImageObject","inLanguage":"da-DK","@id":"https:\/\/sxflightcase.com\/th\/#\/schema\/logo\/image\/","url":"https:\/\/sxflightcase.com\/wp-content\/uploads\/2024\/04\/1713919036007.jpg","contentUrl":"https:\/\/sxflightcase.com\/wp-content\/uploads\/2024\/04\/1713919036007.jpg","width":382,"height":388,"caption":"sxpowercase.com"},"image":{"@id":"https:\/\/sxflightcase.com\/th\/#\/schema\/logo\/image\/"},"sameAs":["https:\/\/www.facebook.com\/profile.php?id=61560407257971"],"numberOfEmployees":{"@type":"QuantitativeValue","minValue":"11","maxValue":"50"}}]}},"_links":{"self":[{"href":"https:\/\/sxflightcase.com\/da\/wp-json\/wp\/v2\/product\/1782","targetHints":{"allow":["GET"]}}],"collection":[{"href":"https:\/\/sxflightcase.com\/da\/wp-json\/wp\/v2\/product"}],"about":[{"href":"https:\/\/sxflightcase.com\/da\/wp-json\/wp\/v2\/types\/product"}],"replies":[{"embeddable":true,"href":"https:\/\/sxflightcase.com\/da\/wp-json\/wp\/v2\/comments?post=1782"}],"version-history":[{"count":0,"href":"https:\/\/sxflightcase.com\/da\/wp-json\/wp\/v2\/product\/1782\/revisions"}],"wp:featuredmedia":[{"embeddable":true,"href":"https:\/\/sxflightcase.com\/da\/wp-json\/wp\/v2\/media\/1783"}],"wp:attachment":[{"href":"https:\/\/sxflightcase.com\/da\/wp-json\/wp\/v2\/media?parent=1782"}],"wp:term":[{"taxonomy":"product_brand","embeddable":true,"href":"https:\/\/sxflightcase.com\/da\/wp-json\/wp\/v2\/product_brand?post=1782"},{"taxonomy":"product_cat","embeddable":true,"href":"https:\/\/sxflightcase.com\/da\/wp-json\/wp\/v2\/product_cat?post=1782"},{"taxonomy":"product_tag","embeddable":true,"href":"https:\/\/sxflightcase.com\/da\/wp-json\/wp\/v2\/product_tag?post=1782"}],"curies":[{"name":"wp","href":"https:\/\/api.w.org\/{rel}","templated":true}]}}