{"id":1786,"date":"2024-05-10T07:48:06","date_gmt":"2024-05-10T06:48:06","guid":{"rendered":"https:\/\/sxpowercase.com\/?post_type=product&#038;p=1786"},"modified":"2024-06-20T03:32:10","modified_gmt":"2024-06-20T02:32:10","slug":"mic-stand-carry-box","status":"publish","type":"product","link":"https:\/\/sxflightcase.com\/da\/vare\/baeretaske-til-mikrofonstativ-2\/","title":{"rendered":"Transportkasse til mikrofonstativ"},"content":{"rendered":"<h3><strong>Produktparameter (specifikation)<\/strong><\/h3>\n<section class=\"table-wrap\">\n<table class=\"table\" width=\"100%\" cellspacing=\"0\" cellpadding=\"0\">\n<tbody>\n<tr class=\"firstRow\">\n<td width=\"134\">Produktnavn<\/td>\n<td width=\"504\">Transportkasse til mikrofonstativ<\/td>\n<\/tr>\n<tr>\n<td width=\"134\">Materialer<\/td>\n<td width=\"504\">9 mm lamineret krydsfinerkonstruktion med belagt hardware i kommerciel kvalitet, kraftige h\u00e5ndtag og l\u00e5se og kuglehj\u00f8rner<br \/>\nIndbygget fjederbelastet, fors\u00e6nket sl\u00e6beh\u00e5ndtag<br \/>\nUltra-Dur EVA skum indvendig polstring og blokke giver plads til ventilatorventilation i bunden af br\u00e6ttet<\/td>\n<\/tr>\n<tr>\n<td width=\"134\">Farve<\/td>\n<td width=\"504\">Sort, bl\u00e5, r\u00f8d eller brugerdefineret<\/td>\n<\/tr>\n<tr>\n<td width=\"134\">Brug<\/td>\n<td width=\"504\">Beskyt transportopbevaring<\/td>\n<\/tr>\n<\/tbody>\n<\/table>\n<\/section>\n<p><strong>Pakning og forsendelse<\/strong><\/p>\n<section class=\"table-wrap\">\n<table class=\"table\" width=\"100%\" cellspacing=\"0\" cellpadding=\"0\">\n<tbody>\n<tr class=\"firstRow\">\n<td colspan=\"3\" width=\"100%\">Emballage &amp; forsendelse<\/td>\n<\/tr>\n<tr>\n<td rowspan=\"3\" width=\"33%\">Leveringstid<\/td>\n<td width=\"33%\">Ved havet<\/td>\n<td width=\"33%\">15-60 dage<\/td>\n<\/tr>\n<tr>\n<td width=\"33%\">Med fly<\/td>\n<td width=\"33%\">4-9 dage<\/td>\n<\/tr>\n<tr>\n<td width=\"33%\">Ved ekspres<\/td>\n<td width=\"33%\">4-9 dage<\/td>\n<\/tr>\n<tr>\n<td width=\"33%\">Leveringstid<\/td>\n<td colspan=\"2\" width=\"66%\">7-15 arbejder eller som dine \u00f8nsker<\/td>\n<\/tr>\n<tr>\n<td width=\"33%\">Emballage<\/td>\n<td colspan=\"2\" width=\"66%\">Med karton eller som dit krav<\/td>\n<\/tr>\n<\/tbody>\n<\/table>\n<\/section>\n<h1>SX Mic Stand Carry Box: Din p\u00e5lidelige f\u00f8lgesvend til koncerter<\/h1>\n<h2>B\u00e6rbar og beskyttende l\u00f8sning<\/h2>\n<p>Introduktion af <strong>Transportkasse til mikrofonstativ<\/strong> af <a href=\"https:\/\/sxpowercase.com\/\" target=\"_blank\" rel=\"noopener\" title=\"SX\" data-wpil-monitor-id=\"126\">SX<\/a>Den er designet til musikere og kunstnere, der har brug for en praktisk m\u00e5de at transportere deres mikrofonstativer sikkert p\u00e5. Uanset om du er p\u00e5 vej til en koncert eller en indspilningssession, sikrer vores transportkasse, at dit udstyr ankommer intakt og klar til brug.<\/p>\n<h2>Tilpasset til dine specifikationer<\/h2>\n<h3>Skr\u00e6ddersyede designmuligheder<\/h3>\n<p>Hos SX forst\u00e5r vi, at musikere har forskellige behov. Vores transportkasser til mikrofonstativer kan tilpasses, s\u00e5 de passer til forskellige typer og st\u00f8rrelser af mikrofonstativer. V\u00e6lg mellem forskellige materialer og farver, der passer til din stil og dine pr\u00e6ferencer, s\u00e5 du sikrer, at dit udstyr ikke kun er beskyttet, men ogs\u00e5 afspejler dit personlige brand.<\/p>\n<h2>Direkte fra producenten<\/h2>\n<h3>Fordel ved direkte salg fra fabrik<\/h3>\n<p>Ved at k\u00f8be direkte fra SX slipper du for mellemm\u00e6nd og f\u00e5r fordel af konkurrencedygtige priser og h\u00e5ndv\u00e6rk af h\u00f8j kvalitet. Vores fabriksdirekte tilgang sikrer, at hver mikrofonstativkasse opfylder vores strenge standarder for holdbarhed og p\u00e5lidelighed, hvilket g\u00f8r den til en klog investering i din musikalske rejse.<\/p>\n<h2>Bygget til holdbarhed<\/h2>\n<h3>Robust og p\u00e5lidelig<\/h3>\n<p>SX Mic Stand Carry Boxes er konstrueret af robuste materialer og er bygget til at modst\u00e5 st\u00f8d og slag under transport. Du kan v\u00e6re sikker p\u00e5, at dine mikrofonstativer er beskyttet mod skader, uanset om du er p\u00e5 turn\u00e9 eller blot flytter udstyr mellem spillesteder.<\/p>\n<h2>Forbedr din performance-ops\u00e6tning<\/h2>\n<h3>Professionel pr\u00e6sentation<\/h3>\n<p>En SX Mic Stand Carry Box beskytter ikke kun dit udstyr, men forbedrer ogs\u00e5 det professionelle image af din ops\u00e6tning. Impon\u00e9r dit publikum og dine medmusikere med en elegant og funktionel transportkasse, der siger meget om din dedikation til dit h\u00e5ndv\u00e6rk.<\/p>\n<hr \/>\n<p>S\u00f8rg for, at dine mikrofonstativer altid er klar til rampelyset med SX's Mic Stand Carry Box. Kontakt os i dag for at diskutere tilpasningsmuligheder og sikre dit vigtige tilbeh\u00f8r til hver koncert.<\/p>\n<p><strong>FAQ<\/strong><\/p>\n<p>Q: Hvad er din forsendelsesservice?<\/p>\n<p>A: Vi kan levere tjenester til skibsbestilling, varekonsolidering, tolddeklaration, klarg\u00f8ring af forsendelsesdokumenter og levering af bulk i forsendelseshavnen.<\/p>\n<p>Q: Hvad er din leveringsbetingelse?<\/p>\n<p>A: Vores almindelige leveringsbetingelse er EXW Guangzhou. Vi accepterer ogs\u00e5 FOB, CFR, CIF, DDP, DDU osv. Vi tilbyder dig forsendelsesomkostningerne, og du kan v\u00e6lge den, der er den mest bekvemme og effektive for dig.<\/p>\n<p>Q: Hvilken betalingsform kan du acceptere?<\/p>\n<p>A: T\/T, Western Union osv. Vi accepterer alle praktiske og hurtige betalingsbetingelser.<\/p>\n<p>Hot Tags: Lav pris, p\u00e5 lager, gratis pr\u00f8ve, str\u00f8m- og signalkabel, 16 Gauge 4 ledertr\u00e5d, mikrofonstativ, udend\u00f8rs LED-displaykabinet, rackmontering, 19\u201d rackmonterede mixer-flyvekasser\uff0celektrisk distroboks, Kina, leverand\u00f8rer, fabrik, tilpasset, engros, <span style=\"color: #993366;\"><a style=\"color: #993366;\" href=\"https:\/\/sxflightcase.com\/da\/product-category\/all-product\/power-distribution-boxes\/\">str\u00f8mbokse<\/a>,\u00a0<a style=\"color: #993366;\" href=\"https:\/\/sxflightcase.com\/da\/product-category\/all-product\/hoist-controllers\/\">str\u00f8mkabler<\/a>,\u00a0<a style=\"color: #993366;\" href=\"https:\/\/sxflightcase.com\/da\/product-category\/all-product\/hoist-controllers\/\">hejseregulatorer<\/a>,\u00a0<a style=\"color: #993366;\" href=\"https:\/\/sxflightcase.com\/da\/product-category\/all-product\/flight-case\/\">flyvekasser.<\/a><\/span><\/p>","protected":false},"excerpt":{"rendered":"<h2 class=\"prodetails-name\">Transportkasse til mikrofonstativ<\/h2>\n<p>Se vores udvalg af transportkasser til mikrofonstativer. Ideel til turn\u00e9arrangementer eller musikere, der \u00f8nsker at transportere alt deres udstyr i \u00e9n kuffert. Vi er glade for at kunne tilbyde en r\u00e6kke robuste rejsel\u00f8sninger til professionelle inden for branchen, s\u00e5 de kan transportere og opbevare deres mikrofoner og tilbeh\u00f8r sikkert.<\/p>\n<h2><strong>Produktionsintroduktion<\/strong><\/h2>\n<p>Tunge og kraftfulde st\u00e5lkuglehj\u00f8rner og dobbelte ankernitter<\/p>\n<p>Industrielle indbyggede sommerfuglel\u00e5se med drejel\u00e5s - klar til h\u00e6ngel\u00e5s<\/p>\n<p>Letl\u00e5sende pasform med tunge og not i aluminium<\/p>\n<p>Fors\u00e6nkede h\u00e5ndtag med gummigreb med fjedervirkning<\/p>\n<p>4\u2033 robuste hjul i industrikvalitet, 2 l\u00e5sbare<\/p>","protected":false},"featured_media":1787,"comment_status":"open","ping_status":"closed","template":"","meta":[],"product_brand":[],"product_cat":[41],"product_tag":[],"class_list":{"0":"post-1786","1":"product","2":"type-product","3":"status-publish","4":"has-post-thumbnail","6":"product_cat-equipment-cases","8":"first","9":"instock","10":"shipping-taxable","11":"product-type-simple"},"yoast_head":"<!-- This site is optimized with the Yoast SEO Premium plugin v27.1 (Yoast SEO v27.2) - https:\/\/yoast.com\/product\/yoast-seo-premium-wordpress\/ -->\n<title>Mic Stand Carry Box - https:\/\/sxflightcase.com \ud83d\udc97<\/title>\n<meta name=\"description\" content=\"Mic Stand Carry Box: Explore our factory-direct options for professional customization, designed to securely transport and store your mic stands with ease and convenience.\" \/>\n<meta name=\"robots\" content=\"index, follow, max-snippet:-1, max-image-preview:large, max-video-preview:-1\" \/>\n<link rel=\"canonical\" href=\"https:\/\/sxflightcase.com\/da\/produk\/kotak-jinjing-dudukan-mikrofon\/\" \/>\n<meta property=\"og:locale\" content=\"da_DK\" \/>\n<meta property=\"og:type\" content=\"article\" \/>\n<meta property=\"og:title\" content=\"Mic Stand Carry Box\" \/>\n<meta property=\"og:description\" content=\"Mic Stand Carry Box: Explore our factory-direct options for professional customization, designed to securely transport and store your mic stands with ease and convenience.\" \/>\n<meta property=\"og:url\" content=\"https:\/\/sxflightcase.com\/da\/produk\/kotak-jinjing-dudukan-mikrofon\/\" \/>\n<meta property=\"og:site_name\" content=\"https:\/\/sxflightcase.com\" \/>\n<meta property=\"article:publisher\" content=\"https:\/\/www.facebook.com\/profile.php?id=61560407257971\" \/>\n<meta property=\"article:modified_time\" content=\"2024-06-20T02:32:10+00:00\" \/>\n<meta property=\"og:image\" content=\"https:\/\/sxflightcase.com\/wp-content\/uploads\/2024\/05\/mic-stand-carry-box39588798042.jpg\" \/>\n\t<meta property=\"og:image:width\" content=\"750\" \/>\n\t<meta property=\"og:image:height\" content=\"750\" \/>\n\t<meta property=\"og:image:type\" content=\"image\/jpeg\" \/>\n<meta name=\"twitter:card\" content=\"summary_large_image\" \/>\n<meta name=\"twitter:label1\" content=\"Estimeret l\u00e6setid\" \/>\n\t<meta name=\"twitter:data1\" content=\"4 minutter\" \/>\n<script type=\"application\/ld+json\" class=\"yoast-schema-graph\">{\"@context\":\"https:\/\/schema.org\",\"@graph\":[{\"@type\":\"WebPage\",\"@id\":\"https:\/\/sxflightcase.com\/id\/produk\/kotak-jinjing-dudukan-mikrofon\/\",\"url\":\"https:\/\/sxflightcase.com\/id\/produk\/kotak-jinjing-dudukan-mikrofon\/\",\"name\":\"Mic Stand Carry Box - https:\/\/sxflightcase.com \ud83d\udc97\",\"isPartOf\":{\"@id\":\"https:\/\/sxflightcase.com\/th\/#website\"},\"primaryImageOfPage\":{\"@id\":\"https:\/\/sxflightcase.com\/id\/produk\/kotak-jinjing-dudukan-mikrofon\/#primaryimage\"},\"image\":{\"@id\":\"https:\/\/sxflightcase.com\/id\/produk\/kotak-jinjing-dudukan-mikrofon\/#primaryimage\"},\"thumbnailUrl\":\"https:\/\/sxflightcase.com\/wp-content\/uploads\/2024\/05\/mic-stand-carry-box39588798042.jpg\",\"datePublished\":\"2024-05-10T06:48:06+00:00\",\"dateModified\":\"2024-06-20T02:32:10+00:00\",\"description\":\"Mic Stand Carry Box: Explore our factory-direct options for professional customization, designed to securely transport and store your mic stands with ease and convenience.\",\"breadcrumb\":{\"@id\":\"https:\/\/sxflightcase.com\/id\/produk\/kotak-jinjing-dudukan-mikrofon\/#breadcrumb\"},\"inLanguage\":\"da-DK\",\"potentialAction\":[{\"@type\":\"ReadAction\",\"target\":[\"https:\/\/sxflightcase.com\/id\/produk\/kotak-jinjing-dudukan-mikrofon\/\"]}]},{\"@type\":\"ImageObject\",\"inLanguage\":\"da-DK\",\"@id\":\"https:\/\/sxflightcase.com\/id\/produk\/kotak-jinjing-dudukan-mikrofon\/#primaryimage\",\"url\":\"https:\/\/sxflightcase.com\/wp-content\/uploads\/2024\/05\/mic-stand-carry-box39588798042.jpg\",\"contentUrl\":\"https:\/\/sxflightcase.com\/wp-content\/uploads\/2024\/05\/mic-stand-carry-box39588798042.jpg\",\"width\":750,\"height\":750,\"caption\":\"Mic Stand Carry Box\"},{\"@type\":\"BreadcrumbList\",\"@id\":\"https:\/\/sxflightcase.com\/id\/produk\/kotak-jinjing-dudukan-mikrofon\/#breadcrumb\",\"itemListElement\":[{\"@type\":\"ListItem\",\"position\":1,\"name\":\"Home\",\"item\":\"https:\/\/sxflightcase.com\/\"},{\"@type\":\"ListItem\",\"position\":2,\"name\":\"\u0e2a\u0e34\u0e19\u0e04\u0e49\u0e32\",\"item\":\"https:\/\/sxflightcase.com\/th\/shop\/\"},{\"@type\":\"ListItem\",\"position\":3,\"name\":\"Mic Stand Carry Box\"}]},{\"@type\":\"WebSite\",\"@id\":\"https:\/\/sxflightcase.com\/th\/#website\",\"url\":\"https:\/\/sxflightcase.com\/th\/\",\"name\":\"sxpowercase.com\",\"description\":\"Flight Case Factory\",\"publisher\":{\"@id\":\"https:\/\/sxflightcase.com\/th\/#organization\"},\"potentialAction\":[{\"@type\":\"SearchAction\",\"target\":{\"@type\":\"EntryPoint\",\"urlTemplate\":\"https:\/\/sxflightcase.com\/th\/?s={search_term_string}\"},\"query-input\":{\"@type\":\"PropertyValueSpecification\",\"valueRequired\":true,\"valueName\":\"search_term_string\"}}],\"inLanguage\":\"da-DK\"},{\"@type\":\"Organization\",\"@id\":\"https:\/\/sxflightcase.com\/th\/#organization\",\"name\":\"sxpowercase.com\",\"url\":\"https:\/\/sxflightcase.com\/th\/\",\"logo\":{\"@type\":\"ImageObject\",\"inLanguage\":\"da-DK\",\"@id\":\"https:\/\/sxflightcase.com\/th\/#\/schema\/logo\/image\/\",\"url\":\"https:\/\/sxflightcase.com\/wp-content\/uploads\/2024\/04\/1713919036007.jpg\",\"contentUrl\":\"https:\/\/sxflightcase.com\/wp-content\/uploads\/2024\/04\/1713919036007.jpg\",\"width\":382,\"height\":388,\"caption\":\"sxpowercase.com\"},\"image\":{\"@id\":\"https:\/\/sxflightcase.com\/th\/#\/schema\/logo\/image\/\"},\"sameAs\":[\"https:\/\/www.facebook.com\/profile.php?id=61560407257971\"],\"numberOfEmployees\":{\"@type\":\"QuantitativeValue\",\"minValue\":\"11\",\"maxValue\":\"50\"}}]}<\/script>\n<!-- \/ Yoast SEO Premium plugin. -->","yoast_head_json":{"title":"Mic Stand Carry Box - https:\/\/sxflightcase.com \ud83d\udc97","description":"Transportkasse til mikrofonstativ: Udforsk vores fabriksn\u00e6re muligheder for professionel tilpasning, designet til sikker transport og opbevaring af dine mikrofonstativer med lethed og bekvemmelighed.","robots":{"index":"index","follow":"follow","max-snippet":"max-snippet:-1","max-image-preview":"max-image-preview:large","max-video-preview":"max-video-preview:-1"},"canonical":"https:\/\/sxflightcase.com\/da\/produk\/kotak-jinjing-dudukan-mikrofon\/","og_locale":"da_DK","og_type":"article","og_title":"Mic Stand Carry Box","og_description":"Mic Stand Carry Box: Explore our factory-direct options for professional customization, designed to securely transport and store your mic stands with ease and convenience.","og_url":"https:\/\/sxflightcase.com\/da\/produk\/kotak-jinjing-dudukan-mikrofon\/","og_site_name":"https:\/\/sxflightcase.com","article_publisher":"https:\/\/www.facebook.com\/profile.php?id=61560407257971","article_modified_time":"2024-06-20T02:32:10+00:00","og_image":[{"width":750,"height":750,"url":"https:\/\/sxflightcase.com\/wp-content\/uploads\/2024\/05\/mic-stand-carry-box39588798042.jpg","type":"image\/jpeg"}],"twitter_card":"summary_large_image","twitter_misc":{"Estimeret l\u00e6setid":"4 minutter"},"schema":{"@context":"https:\/\/schema.org","@graph":[{"@type":"WebPage","@id":"https:\/\/sxflightcase.com\/id\/produk\/kotak-jinjing-dudukan-mikrofon\/","url":"https:\/\/sxflightcase.com\/id\/produk\/kotak-jinjing-dudukan-mikrofon\/","name":"Mic Stand Carry Box - https:\/\/sxflightcase.com \ud83d\udc97","isPartOf":{"@id":"https:\/\/sxflightcase.com\/th\/#website"},"primaryImageOfPage":{"@id":"https:\/\/sxflightcase.com\/id\/produk\/kotak-jinjing-dudukan-mikrofon\/#primaryimage"},"image":{"@id":"https:\/\/sxflightcase.com\/id\/produk\/kotak-jinjing-dudukan-mikrofon\/#primaryimage"},"thumbnailUrl":"https:\/\/sxflightcase.com\/wp-content\/uploads\/2024\/05\/mic-stand-carry-box39588798042.jpg","datePublished":"2024-05-10T06:48:06+00:00","dateModified":"2024-06-20T02:32:10+00:00","description":"Transportkasse til mikrofonstativ: Udforsk vores fabriksn\u00e6re muligheder for professionel tilpasning, designet til sikker transport og opbevaring af dine mikrofonstativer med lethed og bekvemmelighed.","breadcrumb":{"@id":"https:\/\/sxflightcase.com\/id\/produk\/kotak-jinjing-dudukan-mikrofon\/#breadcrumb"},"inLanguage":"da-DK","potentialAction":[{"@type":"ReadAction","target":["https:\/\/sxflightcase.com\/id\/produk\/kotak-jinjing-dudukan-mikrofon\/"]}]},{"@type":"ImageObject","inLanguage":"da-DK","@id":"https:\/\/sxflightcase.com\/id\/produk\/kotak-jinjing-dudukan-mikrofon\/#primaryimage","url":"https:\/\/sxflightcase.com\/wp-content\/uploads\/2024\/05\/mic-stand-carry-box39588798042.jpg","contentUrl":"https:\/\/sxflightcase.com\/wp-content\/uploads\/2024\/05\/mic-stand-carry-box39588798042.jpg","width":750,"height":750,"caption":"Mic Stand Carry Box"},{"@type":"BreadcrumbList","@id":"https:\/\/sxflightcase.com\/id\/produk\/kotak-jinjing-dudukan-mikrofon\/#breadcrumb","itemListElement":[{"@type":"ListItem","position":1,"name":"Home","item":"https:\/\/sxflightcase.com\/"},{"@type":"ListItem","position":2,"name":"\u0e2a\u0e34\u0e19\u0e04\u0e49\u0e32","item":"https:\/\/sxflightcase.com\/th\/shop\/"},{"@type":"ListItem","position":3,"name":"Mic Stand Carry Box"}]},{"@type":"WebSite","@id":"https:\/\/sxflightcase.com\/th\/#website","url":"https:\/\/sxflightcase.com\/th\/","name":"sxpowercase.com","description":"Flight Case Factory","publisher":{"@id":"https:\/\/sxflightcase.com\/th\/#organization"},"potentialAction":[{"@type":"SearchAction","target":{"@type":"EntryPoint","urlTemplate":"https:\/\/sxflightcase.com\/th\/?s={search_term_string}"},"query-input":{"@type":"PropertyValueSpecification","valueRequired":true,"valueName":"search_term_string"}}],"inLanguage":"da-DK"},{"@type":"Organization","@id":"https:\/\/sxflightcase.com\/th\/#organization","name":"sxpowercase.com","url":"https:\/\/sxflightcase.com\/th\/","logo":{"@type":"ImageObject","inLanguage":"da-DK","@id":"https:\/\/sxflightcase.com\/th\/#\/schema\/logo\/image\/","url":"https:\/\/sxflightcase.com\/wp-content\/uploads\/2024\/04\/1713919036007.jpg","contentUrl":"https:\/\/sxflightcase.com\/wp-content\/uploads\/2024\/04\/1713919036007.jpg","width":382,"height":388,"caption":"sxpowercase.com"},"image":{"@id":"https:\/\/sxflightcase.com\/th\/#\/schema\/logo\/image\/"},"sameAs":["https:\/\/www.facebook.com\/profile.php?id=61560407257971"],"numberOfEmployees":{"@type":"QuantitativeValue","minValue":"11","maxValue":"50"}}]}},"_links":{"self":[{"href":"https:\/\/sxflightcase.com\/da\/wp-json\/wp\/v2\/product\/1786","targetHints":{"allow":["GET"]}}],"collection":[{"href":"https:\/\/sxflightcase.com\/da\/wp-json\/wp\/v2\/product"}],"about":[{"href":"https:\/\/sxflightcase.com\/da\/wp-json\/wp\/v2\/types\/product"}],"replies":[{"embeddable":true,"href":"https:\/\/sxflightcase.com\/da\/wp-json\/wp\/v2\/comments?post=1786"}],"version-history":[{"count":0,"href":"https:\/\/sxflightcase.com\/da\/wp-json\/wp\/v2\/product\/1786\/revisions"}],"wp:featuredmedia":[{"embeddable":true,"href":"https:\/\/sxflightcase.com\/da\/wp-json\/wp\/v2\/media\/1787"}],"wp:attachment":[{"href":"https:\/\/sxflightcase.com\/da\/wp-json\/wp\/v2\/media?parent=1786"}],"wp:term":[{"taxonomy":"product_brand","embeddable":true,"href":"https:\/\/sxflightcase.com\/da\/wp-json\/wp\/v2\/product_brand?post=1786"},{"taxonomy":"product_cat","embeddable":true,"href":"https:\/\/sxflightcase.com\/da\/wp-json\/wp\/v2\/product_cat?post=1786"},{"taxonomy":"product_tag","embeddable":true,"href":"https:\/\/sxflightcase.com\/da\/wp-json\/wp\/v2\/product_tag?post=1786"}],"curies":[{"name":"wp","href":"https:\/\/api.w.org\/{rel}","templated":true}]}}