{"id":1810,"date":"2024-05-10T08:26:33","date_gmt":"2024-05-10T07:26:33","guid":{"rendered":"https:\/\/sxpowercase.com\/?post_type=product&#038;p=1810"},"modified":"2024-06-20T03:10:17","modified_gmt":"2024-06-20T02:10:17","slug":"drawer-storage-cabinet","status":"publish","type":"product","link":"https:\/\/sxflightcase.com\/da\/vare\/skuffeopbevaringsskab-2\/","title":{"rendered":"Skuffe Opbevaringsskab"},"content":{"rendered":"<p><strong>Produktparameter (specifikation)<\/strong><\/p>\n<section class=\"table-wrap\">\n<table class=\"table\" width=\"100%\" cellspacing=\"0\" cellpadding=\"0\">\n<tbody>\n<tr class=\"firstRow\">\n<td width=\"134\">Produktnavn<\/td>\n<td width=\"504\">Opbevaringsskab med skuffe<\/td>\n<\/tr>\n<tr>\n<td width=\"134\">Materialer<\/td>\n<td width=\"504\">9 mm lamineret krydsfinerkonstruktion med belagt hardware i kommerciel kvalitet, kraftige h\u00e5ndtag og l\u00e5se og kuglehj\u00f8rner<br \/>\nIndbygget fjederbelastet fors\u00e6nket tr\u00e6kh\u00e5ndtag og hjul<br \/>\nUltra-Dur EVA skum indvendig polstring og blokke giver plads til ventilatorventilation i bunden af br\u00e6ttet<\/td>\n<\/tr>\n<tr>\n<td width=\"134\">Farve<\/td>\n<td width=\"504\">Sort, bl\u00e5, r\u00f8d eller brugerdefineret<\/td>\n<\/tr>\n<tr>\n<td width=\"134\">Brug<\/td>\n<td width=\"504\">Beskyt transportopbevaring<\/td>\n<\/tr>\n<\/tbody>\n<\/table>\n<\/section>\n<p><strong>Pakning og forsendelse<\/strong><\/p>\n<section class=\"table-wrap\">\n<table class=\"table\" width=\"100%\" cellspacing=\"0\" cellpadding=\"0\">\n<tbody>\n<tr class=\"firstRow\">\n<td colspan=\"3\" width=\"100%\">Emballage &amp; forsendelse<\/td>\n<\/tr>\n<tr>\n<td rowspan=\"3\" width=\"33%\">Leveringstid<\/td>\n<td width=\"33%\">Ved havet<\/td>\n<td width=\"33%\">15-60 dage<\/td>\n<\/tr>\n<tr>\n<td width=\"33%\">Med fly<\/td>\n<td width=\"33%\">4-9 dage<\/td>\n<\/tr>\n<tr>\n<td width=\"33%\">Ved ekspres<\/td>\n<td width=\"33%\">4-9 dage<\/td>\n<\/tr>\n<tr>\n<td width=\"33%\">Leveringstid<\/td>\n<td colspan=\"2\" width=\"66%\">7-15 arbejder eller som dine \u00f8nsker<\/td>\n<\/tr>\n<tr>\n<td width=\"33%\">Emballage<\/td>\n<td colspan=\"2\" width=\"66%\">Med karton eller som dit krav<\/td>\n<\/tr>\n<\/tbody>\n<\/table>\n<\/section>\n<h1>Forvandl dit rum med opbevaringsskabet med SX-skuffe<\/h1>\n<h2>Hvorfor v\u00e6lge SX Skuffeopbevaringsskab?<\/h2>\n<p>Er du tr\u00e6t af rodede rum og uorganiserede ting? Den <a href=\"https:\/\/sxpowercase.com\/\" target=\"_blank\" rel=\"noopener\" title=\"SX\" data-wpil-monitor-id=\"131\">SX<\/a> Drawer Storage Cabinet er den ultimative l\u00f8sning til effektiv og stilfuld opbevaring. Dette skab er perfekt til hjem, kontorer og v\u00e6rksteder og giver rigelig plads til at holde dine ejendele p\u00e6nt arrangeret.<\/p>\n<h3>Alsidighed og holdbarhed<\/h3>\n<p>SX Drawer Storage Cabinet er designet til alsidighed og holdbarhed. Det er perfekt til opbevaring af v\u00e6rkt\u00f8j, dokumenter og forsyninger. Hver skuffe glider let, hvilket g\u00f8r det nemt at f\u00e5 hurtig adgang til dine ting. Skabet er bygget af materialer af h\u00f8j kvalitet, s\u00e5 det holder l\u00e6nge.<\/p>\n<h3>Kan tilpasses til dine behov<\/h3>\n<p>Hos SX forst\u00e5r vi, at ethvert rum er unikt. Derfor kan vores skuffeopbevaringsskab tilpasses, s\u00e5 det passer til dine specifikke behov. V\u00e6lg antallet af skuffer, deres st\u00f8rrelse og indvendige konfigurationer for at skabe den perfekte opbevaringsl\u00f8sning. Tilpasning hj\u00e6lper dig med at maksimere effektivitet og organisering.<\/p>\n<h2>Direkte fabrikssalg for omkostningsbesparelser<\/h2>\n<p>At k\u00f8be direkte fra SX betyder, at du sparer penge. Vores tilgang med direkte salg fra fabrikken eliminerer mellemm\u00e6nd, s\u00e5 vi kan tilbyde skuffekabinetter af h\u00f8j kvalitet til uovertrufne priser. Det sikrer, at du f\u00e5r den bedste v\u00e6rdi for din investering, hvilket g\u00f8r det til et omkostningseffektivt valg til dine opbevaringsbehov.<\/p>\n<h2>\u00d8g din virksomheds effektivitet<\/h2>\n<h3>\u00d8g produktiviteten<\/h3>\n<p>Et velorganiseret arbejdsomr\u00e5de kan \u00f8ge din virksomheds effektivitet betydeligt. SX Drawer Storage Cabinet hj\u00e6lper dig med at holde styr p\u00e5 dit v\u00e6rkt\u00f8j og dine forsyninger, hvilket reducerer den tid, du bruger p\u00e5 at lede efter ting, og \u00f8ger produktiviteten. En velorganiseret arbejdsplads efterlader ogs\u00e5 et positivt indtryk hos kunder og klienter.<\/p>\n<h3>Alsidig opbevaring til forskellige anvendelser<\/h3>\n<p>SX Drawer Storage Cabinet er perfekt til mange forskellige form\u00e5l. P\u00e5 kontorer hj\u00e6lper det med at holde dokumenter, papirvarer og mapper p\u00e6nt opbevaret. V\u00e6rksteder nyder godt af organiseret v\u00e6rkt\u00f8j og dele, mens butikker kan administrere lagerbeholdningen effektivt. Skabets alsidighed g\u00f8r det til en v\u00e6rdifuld tilf\u00f8jelse til ethvert milj\u00f8.<\/p>\n<h2>Holdbart og elegant design<\/h2>\n<h3>Materialer af h\u00f8j kvalitet<\/h3>\n<p>Vores skuffeopbevaringsskab er ikke kun funktionelt, men ogs\u00e5 stilfuldt. Det er fremstillet af robuste materialer og t\u00e5ler daglig brug, samtidig med at det bevarer sit slanke udseende. SX-skabets moderne design forbedrer den \u00e6stetiske appel i dit rum og g\u00f8r det b\u00e5de praktisk og attraktivt.<\/p>\n<h3>Hvorfor SX skiller sig ud<\/h3>\n<p>SX er forpligtet til at v\u00e6re fremragende. Vores produkter er omhyggeligt udformet til at opfylde de h\u00f8jeste standarder for kvalitet og funktionalitet. Med direkte salg fra fabrikken og mulighed for tilpasning tilbyder vi overlegne produkter, der im\u00f8dekommer dine specifikke behov. Vores dedikation til kundetilfredshed adskiller os fra konkurrenterne.<\/p>\n<h2>Enkel bestilling og hurtig levering<\/h2>\n<p>Det er nemt at bestille dit SX-skuffeskab. Du skal blot kontakte vores salgsteam for at dr\u00f8fte dine behov, s\u00e5 klarer vi resten. Vores effektive leveringssystem sikrer, at dit skab ankommer til tiden og i perfekt stand, klar til at forvandle dit rum.<\/p>\n<h2>Kundeudtalelser<\/h2>\n<p>Vores kunder er vilde med SX Drawer Storage Cabinet. \"En game-changer for mit v\u00e6rksted,\" siger John, en tilfreds kunde. \"H\u00f8j kvalitet og stilfuldt,\" bem\u00e6rker Lisa, en kontorchef. Slut dig til de mange glade kunder, der har forbedret deres rum med SX.<\/p>\n<h2>Konklusion<\/h2>\n<p>SX Drawer Storage Cabinet er den ideelle l\u00f8sning for alle, der \u00f8nsker at forbedre deres organisatoriske effektivitet. Med sin holdbare konstruktion, tilpasningsmuligheder og konkurrencedygtige priser er det det bedste valg til b\u00e5de hjem og virksomheder. Forbedr dit rum med SX, og oplev fordelene ved et velorganiseret milj\u00f8.<\/p>\n<h2>Bestil dit SX-skuffeopbevaringsskab i dag<\/h2>\n<p>Lad ikke rod forstyrre din produktivitet. Kontakt SX nu for at bestille dit skuffeskab, og oplev den forskel, som kvalitet og tilpasning kan g\u00f8re. Lad os hj\u00e6lpe dig med at str\u00f8mline dine opbevaringsl\u00f8sninger og h\u00f8jne dine organisatoriske standarder.<\/p>\n<p><strong>FAQ<\/strong><\/p>\n<p>Q: Hvad er din MOQ?<\/p>\n<p>A: Hvis vi har produkterne p\u00e5 lager, vil det ikke v\u00e6re nogen MOQ. Hvis vi skal producere, kan vi diskutere MOQ i henhold til kundens n\u00f8jagtige situation.<\/p>\n<p>Q: Hvorn\u00e5r kan jeg f\u00e5 prisen?<\/p>\n<p>A: Normalt giver vi tilbud inden for 8 timer efter, at vi har modtaget din foresp\u00f8rgsel.<\/p>\n<p>Q: Hvilken betalingsform kan du acceptere?<\/p>\n<p>A: T\/T, Western Union osv. Vi accepterer alle praktiske og hurtige betalingsbetingelser.<\/p>\n<p>Hot Tags: Lav pris, p\u00e5 lager, gratis pr\u00f8ve, str\u00f8m- og signalkabel, 16 Gauge 4 ledertr\u00e5d, mikrofonstativ, udend\u00f8rs LED-displaykabinet, rackmontering, 19\u201d rackmonterede mixer-flyvekasser\uff0celektrisk distroboks, Kina, leverand\u00f8rer, fabrik, tilpasset, engros, <span style=\"color: #993366;\"><a style=\"color: #993366;\" href=\"https:\/\/sxflightcase.com\/da\/product-category\/all-product\/power-distribution-boxes\/\">str\u00f8mbokse<\/a>,\u00a0<a style=\"color: #993366;\" href=\"https:\/\/sxflightcase.com\/da\/product-category\/all-product\/hoist-controllers\/\">str\u00f8mkabler<\/a>,\u00a0<a style=\"color: #993366;\" href=\"https:\/\/sxflightcase.com\/da\/product-category\/all-product\/hoist-controllers\/\">hejseregulatorer<\/a>,\u00a0<a style=\"color: #993366;\" href=\"https:\/\/sxflightcase.com\/da\/product-category\/all-product\/flight-case\/\">flyvekasser.<\/a><\/span><\/p>","protected":false},"excerpt":{"rendered":"<h2 class=\"prodetails-name\">Skuffe Opbevaringsskab<\/h2>\n<p>Vi har designet denne kuffert til at give den bedste v\u00e6rdi p\u00e5 markedet, kraftige l\u00e5se for l\u00e6ngere levetid og st\u00e6rkere greb, kraftige 30 mm aluminiumskanter g\u00f8r konstruktionen ultrast\u00e6rk, gummihjul med h\u00f8j belastningsevne, hylder og rum til udstyr.<\/p>\n<h2><strong>Produktionsintroduktion<\/strong><\/h2>\n<p>Dette skuffeopbevaringsskab er en ideel arbejdsstation for en r\u00e6kke fagfolk inden for AV-industrien, motorsportsindustrien og live-lyd for at n\u00e6vne nogle f\u00e5. Skabet leveres komplet med 8 opbevaringsskuffer, en udtr\u00e6kshylde til dit tilbeh\u00f8r og et skumforet rum til udstyr.<\/p>\n<p>Tilpassede muligheder er tilg\u00e6ngelige efter anmodning, f.eks. skuffest\u00f8rrelse og -antal samt farvede overflader.<\/p>","protected":false},"featured_media":1811,"comment_status":"open","ping_status":"closed","template":"","meta":[],"product_brand":[],"product_cat":[41],"product_tag":[],"class_list":{"0":"post-1810","1":"product","2":"type-product","3":"status-publish","4":"has-post-thumbnail","6":"product_cat-equipment-cases","8":"first","9":"instock","10":"shipping-taxable","11":"product-type-simple"},"yoast_head":"<!-- This site is optimized with the Yoast SEO Premium plugin v27.1 (Yoast SEO v27.2) - https:\/\/yoast.com\/product\/yoast-seo-premium-wordpress\/ -->\n<title>Drawer Storage Cabinet - https:\/\/sxflightcase.com \ud83d\udc97<\/title>\n<meta name=\"description\" content=\"Drawer Storage Cabinet: Explore factory-direct options for professional customization, perfect for efficient organization and storage solutions tailored to your needs.\" \/>\n<meta name=\"robots\" content=\"index, follow, max-snippet:-1, max-image-preview:large, max-video-preview:-1\" \/>\n<link rel=\"canonical\" href=\"https:\/\/sxflightcase.com\/da\/vare\/skuffeopbevaringsskab-2\/\" \/>\n<meta property=\"og:locale\" content=\"da_DK\" \/>\n<meta property=\"og:type\" content=\"article\" \/>\n<meta property=\"og:title\" content=\"Drawer Storage Cabinet\" \/>\n<meta property=\"og:description\" content=\"Drawer Storage Cabinet: Explore factory-direct options for professional customization, perfect for efficient organization and storage solutions tailored to your needs.\" \/>\n<meta property=\"og:url\" content=\"https:\/\/sxflightcase.com\/da\/vare\/skuffeopbevaringsskab-2\/\" \/>\n<meta property=\"og:site_name\" content=\"https:\/\/sxflightcase.com\" \/>\n<meta property=\"article:publisher\" content=\"https:\/\/www.facebook.com\/profile.php?id=61560407257971\" \/>\n<meta property=\"article:modified_time\" content=\"2024-06-20T02:10:17+00:00\" \/>\n<meta property=\"og:image\" content=\"https:\/\/sxflightcase.com\/wp-content\/uploads\/2024\/05\/drawer-storage-cabinet21238125372.webp\" \/>\n\t<meta property=\"og:image:width\" content=\"750\" \/>\n\t<meta property=\"og:image:height\" content=\"750\" \/>\n\t<meta property=\"og:image:type\" content=\"image\/webp\" \/>\n<meta name=\"twitter:card\" content=\"summary_large_image\" \/>\n<meta name=\"twitter:label1\" content=\"Estimeret l\u00e6setid\" \/>\n\t<meta name=\"twitter:data1\" content=\"5 minutter\" \/>\n<script type=\"application\/ld+json\" class=\"yoast-schema-graph\">{\"@context\":\"https:\/\/schema.org\",\"@graph\":[{\"@type\":\"WebPage\",\"@id\":\"https:\/\/sxflightcase.com\/product\/drawer-storage-cabinet\/\",\"url\":\"https:\/\/sxflightcase.com\/product\/drawer-storage-cabinet\/\",\"name\":\"Drawer Storage Cabinet - https:\/\/sxflightcase.com \ud83d\udc97\",\"isPartOf\":{\"@id\":\"https:\/\/sxflightcase.com\/th\/#website\"},\"primaryImageOfPage\":{\"@id\":\"https:\/\/sxflightcase.com\/product\/drawer-storage-cabinet\/#primaryimage\"},\"image\":{\"@id\":\"https:\/\/sxflightcase.com\/product\/drawer-storage-cabinet\/#primaryimage\"},\"thumbnailUrl\":\"https:\/\/sxflightcase.com\/wp-content\/uploads\/2024\/05\/drawer-storage-cabinet21238125372.webp\",\"datePublished\":\"2024-05-10T07:26:33+00:00\",\"dateModified\":\"2024-06-20T02:10:17+00:00\",\"description\":\"Drawer Storage Cabinet: Explore factory-direct options for professional customization, perfect for efficient organization and storage solutions tailored to your needs.\",\"breadcrumb\":{\"@id\":\"https:\/\/sxflightcase.com\/product\/drawer-storage-cabinet\/#breadcrumb\"},\"inLanguage\":\"da-DK\",\"potentialAction\":[{\"@type\":\"ReadAction\",\"target\":[\"https:\/\/sxflightcase.com\/product\/drawer-storage-cabinet\/\"]}]},{\"@type\":\"ImageObject\",\"inLanguage\":\"da-DK\",\"@id\":\"https:\/\/sxflightcase.com\/product\/drawer-storage-cabinet\/#primaryimage\",\"url\":\"https:\/\/sxflightcase.com\/wp-content\/uploads\/2024\/05\/drawer-storage-cabinet21238125372.webp\",\"contentUrl\":\"https:\/\/sxflightcase.com\/wp-content\/uploads\/2024\/05\/drawer-storage-cabinet21238125372.webp\",\"width\":750,\"height\":750,\"caption\":\"Drawer Storage Cabinet\"},{\"@type\":\"BreadcrumbList\",\"@id\":\"https:\/\/sxflightcase.com\/product\/drawer-storage-cabinet\/#breadcrumb\",\"itemListElement\":[{\"@type\":\"ListItem\",\"position\":1,\"name\":\"Home\",\"item\":\"https:\/\/sxflightcase.com\/\"},{\"@type\":\"ListItem\",\"position\":2,\"name\":\"\u0e2a\u0e34\u0e19\u0e04\u0e49\u0e32\",\"item\":\"https:\/\/sxflightcase.com\/th\/shop\/\"},{\"@type\":\"ListItem\",\"position\":3,\"name\":\"Drawer Storage Cabinet\"}]},{\"@type\":\"WebSite\",\"@id\":\"https:\/\/sxflightcase.com\/th\/#website\",\"url\":\"https:\/\/sxflightcase.com\/th\/\",\"name\":\"sxpowercase.com\",\"description\":\"Flight Case Factory\",\"publisher\":{\"@id\":\"https:\/\/sxflightcase.com\/th\/#organization\"},\"potentialAction\":[{\"@type\":\"SearchAction\",\"target\":{\"@type\":\"EntryPoint\",\"urlTemplate\":\"https:\/\/sxflightcase.com\/th\/?s={search_term_string}\"},\"query-input\":{\"@type\":\"PropertyValueSpecification\",\"valueRequired\":true,\"valueName\":\"search_term_string\"}}],\"inLanguage\":\"da-DK\"},{\"@type\":\"Organization\",\"@id\":\"https:\/\/sxflightcase.com\/th\/#organization\",\"name\":\"sxpowercase.com\",\"url\":\"https:\/\/sxflightcase.com\/th\/\",\"logo\":{\"@type\":\"ImageObject\",\"inLanguage\":\"da-DK\",\"@id\":\"https:\/\/sxflightcase.com\/th\/#\/schema\/logo\/image\/\",\"url\":\"https:\/\/sxflightcase.com\/wp-content\/uploads\/2024\/04\/1713919036007.jpg\",\"contentUrl\":\"https:\/\/sxflightcase.com\/wp-content\/uploads\/2024\/04\/1713919036007.jpg\",\"width\":382,\"height\":388,\"caption\":\"sxpowercase.com\"},\"image\":{\"@id\":\"https:\/\/sxflightcase.com\/th\/#\/schema\/logo\/image\/\"},\"sameAs\":[\"https:\/\/www.facebook.com\/profile.php?id=61560407257971\"],\"numberOfEmployees\":{\"@type\":\"QuantitativeValue\",\"minValue\":\"11\",\"maxValue\":\"50\"}}]}<\/script>\n<!-- \/ Yoast SEO Premium plugin. -->","yoast_head_json":{"title":"Drawer Storage Cabinet - https:\/\/sxflightcase.com \ud83d\udc97","description":"Opbevaringsskab med skuffe: Udforsk mulighederne for professionel tilpasning direkte fra fabrikken, perfekt til effektiv organisering og opbevaringsl\u00f8sninger, der er skr\u00e6ddersyet til dine behov.","robots":{"index":"index","follow":"follow","max-snippet":"max-snippet:-1","max-image-preview":"max-image-preview:large","max-video-preview":"max-video-preview:-1"},"canonical":"https:\/\/sxflightcase.com\/da\/vare\/skuffeopbevaringsskab-2\/","og_locale":"da_DK","og_type":"article","og_title":"Drawer Storage Cabinet","og_description":"Drawer Storage Cabinet: Explore factory-direct options for professional customization, perfect for efficient organization and storage solutions tailored to your needs.","og_url":"https:\/\/sxflightcase.com\/da\/vare\/skuffeopbevaringsskab-2\/","og_site_name":"https:\/\/sxflightcase.com","article_publisher":"https:\/\/www.facebook.com\/profile.php?id=61560407257971","article_modified_time":"2024-06-20T02:10:17+00:00","og_image":[{"width":750,"height":750,"url":"https:\/\/sxflightcase.com\/wp-content\/uploads\/2024\/05\/drawer-storage-cabinet21238125372.webp","type":"image\/webp"}],"twitter_card":"summary_large_image","twitter_misc":{"Estimeret l\u00e6setid":"5 minutter"},"schema":{"@context":"https:\/\/schema.org","@graph":[{"@type":"WebPage","@id":"https:\/\/sxflightcase.com\/product\/drawer-storage-cabinet\/","url":"https:\/\/sxflightcase.com\/product\/drawer-storage-cabinet\/","name":"Drawer Storage Cabinet - https:\/\/sxflightcase.com \ud83d\udc97","isPartOf":{"@id":"https:\/\/sxflightcase.com\/th\/#website"},"primaryImageOfPage":{"@id":"https:\/\/sxflightcase.com\/product\/drawer-storage-cabinet\/#primaryimage"},"image":{"@id":"https:\/\/sxflightcase.com\/product\/drawer-storage-cabinet\/#primaryimage"},"thumbnailUrl":"https:\/\/sxflightcase.com\/wp-content\/uploads\/2024\/05\/drawer-storage-cabinet21238125372.webp","datePublished":"2024-05-10T07:26:33+00:00","dateModified":"2024-06-20T02:10:17+00:00","description":"Opbevaringsskab med skuffe: Udforsk mulighederne for professionel tilpasning direkte fra fabrikken, perfekt til effektiv organisering og opbevaringsl\u00f8sninger, der er skr\u00e6ddersyet til dine behov.","breadcrumb":{"@id":"https:\/\/sxflightcase.com\/product\/drawer-storage-cabinet\/#breadcrumb"},"inLanguage":"da-DK","potentialAction":[{"@type":"ReadAction","target":["https:\/\/sxflightcase.com\/product\/drawer-storage-cabinet\/"]}]},{"@type":"ImageObject","inLanguage":"da-DK","@id":"https:\/\/sxflightcase.com\/product\/drawer-storage-cabinet\/#primaryimage","url":"https:\/\/sxflightcase.com\/wp-content\/uploads\/2024\/05\/drawer-storage-cabinet21238125372.webp","contentUrl":"https:\/\/sxflightcase.com\/wp-content\/uploads\/2024\/05\/drawer-storage-cabinet21238125372.webp","width":750,"height":750,"caption":"Drawer Storage Cabinet"},{"@type":"BreadcrumbList","@id":"https:\/\/sxflightcase.com\/product\/drawer-storage-cabinet\/#breadcrumb","itemListElement":[{"@type":"ListItem","position":1,"name":"Home","item":"https:\/\/sxflightcase.com\/"},{"@type":"ListItem","position":2,"name":"\u0e2a\u0e34\u0e19\u0e04\u0e49\u0e32","item":"https:\/\/sxflightcase.com\/th\/shop\/"},{"@type":"ListItem","position":3,"name":"Drawer Storage Cabinet"}]},{"@type":"WebSite","@id":"https:\/\/sxflightcase.com\/th\/#website","url":"https:\/\/sxflightcase.com\/th\/","name":"sxpowercase.com","description":"Flight Case Factory","publisher":{"@id":"https:\/\/sxflightcase.com\/th\/#organization"},"potentialAction":[{"@type":"SearchAction","target":{"@type":"EntryPoint","urlTemplate":"https:\/\/sxflightcase.com\/th\/?s={search_term_string}"},"query-input":{"@type":"PropertyValueSpecification","valueRequired":true,"valueName":"search_term_string"}}],"inLanguage":"da-DK"},{"@type":"Organization","@id":"https:\/\/sxflightcase.com\/th\/#organization","name":"sxpowercase.com","url":"https:\/\/sxflightcase.com\/th\/","logo":{"@type":"ImageObject","inLanguage":"da-DK","@id":"https:\/\/sxflightcase.com\/th\/#\/schema\/logo\/image\/","url":"https:\/\/sxflightcase.com\/wp-content\/uploads\/2024\/04\/1713919036007.jpg","contentUrl":"https:\/\/sxflightcase.com\/wp-content\/uploads\/2024\/04\/1713919036007.jpg","width":382,"height":388,"caption":"sxpowercase.com"},"image":{"@id":"https:\/\/sxflightcase.com\/th\/#\/schema\/logo\/image\/"},"sameAs":["https:\/\/www.facebook.com\/profile.php?id=61560407257971"],"numberOfEmployees":{"@type":"QuantitativeValue","minValue":"11","maxValue":"50"}}]}},"_links":{"self":[{"href":"https:\/\/sxflightcase.com\/da\/wp-json\/wp\/v2\/product\/1810","targetHints":{"allow":["GET"]}}],"collection":[{"href":"https:\/\/sxflightcase.com\/da\/wp-json\/wp\/v2\/product"}],"about":[{"href":"https:\/\/sxflightcase.com\/da\/wp-json\/wp\/v2\/types\/product"}],"replies":[{"embeddable":true,"href":"https:\/\/sxflightcase.com\/da\/wp-json\/wp\/v2\/comments?post=1810"}],"version-history":[{"count":0,"href":"https:\/\/sxflightcase.com\/da\/wp-json\/wp\/v2\/product\/1810\/revisions"}],"wp:featuredmedia":[{"embeddable":true,"href":"https:\/\/sxflightcase.com\/da\/wp-json\/wp\/v2\/media\/1811"}],"wp:attachment":[{"href":"https:\/\/sxflightcase.com\/da\/wp-json\/wp\/v2\/media?parent=1810"}],"wp:term":[{"taxonomy":"product_brand","embeddable":true,"href":"https:\/\/sxflightcase.com\/da\/wp-json\/wp\/v2\/product_brand?post=1810"},{"taxonomy":"product_cat","embeddable":true,"href":"https:\/\/sxflightcase.com\/da\/wp-json\/wp\/v2\/product_cat?post=1810"},{"taxonomy":"product_tag","embeddable":true,"href":"https:\/\/sxflightcase.com\/da\/wp-json\/wp\/v2\/product_tag?post=1810"}],"curies":[{"name":"wp","href":"https:\/\/api.w.org\/{rel}","templated":true}]}}