{"id":1824,"date":"2024-05-10T08:34:33","date_gmt":"2024-05-10T07:34:33","guid":{"rendered":"https:\/\/sxpowercase.com\/?post_type=product&#038;p=1824"},"modified":"2024-06-17T08:43:20","modified_gmt":"2024-06-17T07:43:20","slug":"road-case-with-drawers","status":"publish","type":"product","link":"https:\/\/sxflightcase.com\/da\/vare\/roadcase-med-skuffer-2\/","title":{"rendered":"Vejkasse Med Skuffer"},"content":{"rendered":"<p><strong>Produktparameter (specifikation)<\/strong><\/p>\n<section class=\"table-wrap\">\n<table class=\"table\" width=\"100%\" cellspacing=\"0\" cellpadding=\"0\">\n<tbody>\n<tr class=\"firstRow\">\n<td width=\"134\">Produktnavn<\/td>\n<td width=\"504\">Vejkasse med skuffer<\/td>\n<\/tr>\n<tr>\n<td width=\"134\">Materialer<\/td>\n<td width=\"504\">9 mm lamineret krydsfinerkonstruktion med belagt hardware i kommerciel kvalitet, kraftige h\u00e5ndtag og l\u00e5se og kuglehj\u00f8rner<br \/>\nIndbygget fjederbelastet fors\u00e6nket tr\u00e6kh\u00e5ndtag og hjul<br \/>\nUltra-Dur EVA skum indvendig polstring og blokke giver plads til ventilatorventilation i bunden af br\u00e6ttet<\/td>\n<\/tr>\n<tr>\n<td width=\"134\">Farve<\/td>\n<td width=\"504\">Sort, bl\u00e5, r\u00f8d eller brugerdefineret<\/td>\n<\/tr>\n<tr>\n<td width=\"134\">Brug<\/td>\n<td width=\"504\">Beskyt transportopbevaring<\/td>\n<\/tr>\n<\/tbody>\n<\/table>\n<\/section>\n<p><strong>Pakning og forsendelse<\/strong><\/p>\n<section class=\"table-wrap\">\n<table class=\"table\" width=\"100%\" cellspacing=\"0\" cellpadding=\"0\">\n<tbody>\n<tr class=\"firstRow\">\n<td colspan=\"3\" width=\"100%\">Emballage &amp; forsendelse<\/td>\n<\/tr>\n<tr>\n<td rowspan=\"3\" width=\"31%\">Leveringstid<\/td>\n<td width=\"34%\">Ved havet<\/td>\n<td width=\"33%\">15-60 dage<\/td>\n<\/tr>\n<tr>\n<td width=\"34%\">Med fly<\/td>\n<td width=\"33%\">5-7 dage<\/td>\n<\/tr>\n<tr>\n<td width=\"34%\">Med Express<\/td>\n<td width=\"33%\">5-7 dage<\/td>\n<\/tr>\n<tr>\n<td width=\"31%\">Leveringstid<\/td>\n<td colspan=\"2\" width=\"68%\">7-10 arbejder eller som dine \u00f8nsker<\/td>\n<\/tr>\n<tr>\n<td width=\"31%\">Emballage<\/td>\n<td colspan=\"2\" width=\"68%\">Med karton eller som du \u00f8nsker<\/td>\n<\/tr>\n<\/tbody>\n<\/table>\n<\/section>\n<h1><strong>Oplev den ultimative vejkasse med skuffer: SX<\/strong><\/h1>\n<p>Er du tr\u00e6t af konstant at s\u00f8ge efter dit udstyr under koncerter eller begivenheder? Se ikke l\u00e6ngere. De <a href=\"https:\/\/sxpowercase.com\/\" target=\"_blank\" rel=\"noopener\" title=\"SX\" data-wpil-monitor-id=\"133\">SX<\/a> Road Case With Drawers er her for at revolutionere den m\u00e5de, du opbevarer og transporterer dit udstyr p\u00e5. Designet med behovene hos musikere, teknikere og begivenhedsprofessionelle i tankerne, vores road case tilbyder uovertruffen bekvemmelighed og beskyttelse.<\/p>\n<h2><strong>Effektiv organisation med SX Road Case med skuffer<\/strong><\/h2>\n<p>SX Road Case With Drawers giver en problemfri l\u00f8sning til at organisere dit udstyr. Hver skuffe er rummelig og holdbar, hvilket sikrer, at dit udstyr opbevares sikkert og let tilg\u00e6ngeligt. Ikke mere fumle rundt eller tabe tid; vores design giver dig mulighed for at fokusere p\u00e5 det, du er bedst til.<\/p>\n<h2><strong>Holdbarhed, du kan stole p\u00e5<\/strong><\/h2>\n<p>Vores vejkabinet er bygget til at modst\u00e5 belastningen ved konstant k\u00f8rsel og brug. SX Road Case With Drawers er lavet af materialer af h\u00f8j kvalitet og tilbyder robust beskyttelse af dit v\u00e6rdifulde udstyr. Uanset om du er p\u00e5 farten, til en koncert eller styrer en begivenhed, kan du v\u00e6re sikker p\u00e5, at dit udstyr er sikkert med SX.<\/p>\n<h2><strong>Kan tilpasses til dine behov<\/strong><\/h2>\n<p>Hver fagmand har unikke krav, og det forst\u00e5r vi. SX tilbyder tilpassede tjenester for at skr\u00e6ddersy Road Case With Drawers til dine specifikke behov. V\u00e6lg det antal skuffer, st\u00f8rrelse og indretning, der passer bedst til dig. Vores specialfremstillede flightcases sikrer, at dit udstyr er perfekt organiseret og beskyttet.<\/p>\n<h2><strong>Direkte fra fabrikken: Omkostningseffektive l\u00f8sninger<\/strong><\/h2>\n<p>Ved at k\u00f8be direkte fra vores fabrik f\u00e5r du ikke kun den bedste pris, men sikrer dig ogs\u00e5, at du f\u00e5r produkter i topkvalitet. SX er forpligtet til at levere overkommelige l\u00f8sninger af h\u00f8j kvalitet, der hj\u00e6lper dig med at forbedre din forretning uden at bryde banken.<\/p>\n<h2><strong>Boost din virksomhed med SX<\/strong><\/h2>\n<p>Investering i en p\u00e5lidelig vejcase kan forbedre din driftseffektivitet markant. SX Road Case med skuffer giver dig mulighed for at transportere og f\u00e5 adgang til dit udstyr ubesv\u00e6ret, hvilket sparer dig tid og reducerer stress. Denne forbedring i organisation og effektivitet kan f\u00f8re til bedre ydeevne og et mere professionelt udseende, hvilket i sidste ende kan booste din virksomhed.<\/p>\n<h2><strong>Perfekt til forskellige professionelle<\/strong><\/h2>\n<p>Vores road case er ideel til en bred vifte af professionelle. Musikere kan holde deres instrumenter og tilbeh\u00f8r i perfekt orden, teknikere kan organisere deres v\u00e6rkt\u00f8jer og udstyr, og eventmanagere kan sikre, at alt er p\u00e5 sin plads. Alsidigheden af SX Road Case With Drawers g\u00f8r den til et uundv\u00e6rligt v\u00e6rkt\u00f8j for enhver professionel p\u00e5 farten.<\/p>\n<h2><strong>Hvorfor v\u00e6lge SX?<\/strong><\/h2>\n<p>SX skiller sig ud p\u00e5 markedet p\u00e5 grund af vores engagement i kvalitet og kundetilfredshed. Vores produkter er designet og fremstillet med den st\u00f8rste omhu, hvilket sikrer, at du modtager en vejcase, der lever op til og overg\u00e5r dine forventninger. Med vores direkte fabrikssalg og tilpasningsmuligheder tilbyder vi l\u00f8sninger, der b\u00e5de er \u00f8konomiske og skr\u00e6ddersyet til dine behov.<\/p>\n<h2><strong>Konklusion<\/strong><\/h2>\n<p>SX Road Case Drawers er mere end blot en opbevaringsl\u00f8sning; det er en game-changer for professionelle, der har brug for at forblive organiserede og effektive. Med dets holdbare design, brugerdefinerbare funktioner og fabriksdirekte priser er det den perfekte tilf\u00f8jelse til dit v\u00e6rkt\u00f8jss\u00e6t. Forbedre din virksomhed, beskyt dit udstyr, og forbliv organiseret med SX.<\/p>\n<h2><strong>Bestil dine SX Road Case-skuffer i dag<\/strong><\/h2>\n<p>Vent ikke l\u00e6ngere med at opgradere dine lagerl\u00f8sninger. Kontakt SX i dag for at bestille din specialfremstillede Road Case With Drawers og oplev forskellen i kvalitet og effektivitet. Lad os hj\u00e6lpe dig med at str\u00f8mline din drift og tage din virksomhed til n\u00e6ste niveau.<\/p>\n<p>Hot Tags: Lav pris, p\u00e5 lager, gratis pr\u00f8ve, str\u00f8m- og signalkabel, 16 Gauge 4 ledertr\u00e5d, mikrofonstativ, udend\u00f8rs LED-displaykabinet, rackmontering, 19\u201d rackmonterede mixer-flyvekasser\uff0celektrisk distroboks, Kina, leverand\u00f8rer, fabrik, tilpasset, engros, <span style=\"color: #993366;\"><a style=\"color: #993366;\" href=\"https:\/\/sxflightcase.com\/da\/product-category\/all-product\/power-distribution-boxes\/\">str\u00f8mbokse<\/a>,\u00a0<a style=\"color: #993366;\" href=\"https:\/\/sxflightcase.com\/da\/product-category\/all-product\/hoist-controllers\/\">str\u00f8mkabler<\/a>,\u00a0<a style=\"color: #993366;\" href=\"https:\/\/sxflightcase.com\/da\/product-category\/all-product\/hoist-controllers\/\">hejseregulatorer<\/a>,\u00a0<a style=\"color: #993366;\" href=\"https:\/\/sxflightcase.com\/da\/product-category\/all-product\/flight-case\/\">flyvekasser.<\/a><\/span><\/p>","protected":false},"excerpt":{"rendered":"<h2 class=\"prodetails-name\">Vejkasse Med Skuffer<\/h2>\n<p>Denne vejkasse med skuffer er designet til at rumme tilbeh\u00f8ret med forskellige h\u00f8jdemuligheder. De giver gode opbevarings- og h\u00e5ndteringsl\u00f8sninger til en bred vifte af anvendelser. F\u00e5s med h\u00e6ngslede eller aftagelige l\u00e5g.<\/p>\n<h2><strong>Produktionsintroduktion<\/strong><\/h2>\n<p>- Fremstillet af sort 9 mm krydsfiner af h\u00f8jeste kvalitet, f\u00e5s i r\u00f8d, bl\u00e5, gr\u00e5 eller sort som standard, andre farver f\u00e5s mod ekstra betaling.<\/p>\n<p>- Praktiske hylder i kuffertens frontpanel.<\/p>\n<p>- H\u00e6ngslet d\u00f8r, nem adgang til kuffertens indre.<\/p>\n<p>- 4 x kraftige, bremsede hjul.<\/p>\n<p>- 4 x fors\u00e6nkede, ergonomiske, affjedrede h\u00e5ndtag.<\/p>\n<p>- Holdbart, beskyttende, st\u00f8dd\u00e6mpet skuffesystem beskytter dit udstyr.<\/p>\n<p>- 2 x store, holdbare sommerfuglel\u00e5se med l\u00e5sestropper til at tage imod en kundeleveret l\u00e5s.<\/p>","protected":false},"featured_media":1825,"comment_status":"open","ping_status":"closed","template":"","meta":[],"product_brand":[],"product_cat":[41],"product_tag":[],"class_list":{"0":"post-1824","1":"product","2":"type-product","3":"status-publish","4":"has-post-thumbnail","6":"product_cat-equipment-cases","8":"first","9":"instock","10":"shipping-taxable","11":"product-type-simple"},"yoast_head":"<!-- This site is optimized with the Yoast SEO Premium plugin v27.1 (Yoast SEO v27.2) - https:\/\/yoast.com\/product\/yoast-seo-premium-wordpress\/ -->\n<title>Road Case With Drawers - https:\/\/sxflightcase.com \ud83d\udc97<\/title>\n<meta name=\"description\" content=\"Road Case With Drawers:Factory-direct options for professional customization, perfect for efficient organization and storage solutions.\" \/>\n<meta name=\"robots\" content=\"index, follow, max-snippet:-1, max-image-preview:large, max-video-preview:-1\" \/>\n<link rel=\"canonical\" href=\"https:\/\/sxflightcase.com\/da\/vare\/roadcase-med-skuffer-2\/\" \/>\n<meta property=\"og:locale\" content=\"da_DK\" \/>\n<meta property=\"og:type\" content=\"article\" \/>\n<meta property=\"og:title\" content=\"Road Case With Drawers\" \/>\n<meta property=\"og:description\" content=\"Road Case With Drawers:Factory-direct options for professional customization, perfect for efficient organization and storage solutions.\" \/>\n<meta property=\"og:url\" content=\"https:\/\/sxflightcase.com\/da\/vare\/roadcase-med-skuffer-2\/\" \/>\n<meta property=\"og:site_name\" content=\"https:\/\/sxflightcase.com\" \/>\n<meta property=\"article:publisher\" content=\"https:\/\/www.facebook.com\/profile.php?id=61560407257971\" \/>\n<meta property=\"article:modified_time\" content=\"2024-06-17T07:43:20+00:00\" \/>\n<meta property=\"og:image\" content=\"https:\/\/sxflightcase.com\/wp-content\/uploads\/2024\/05\/road-case-with-drawers15072247485.webp\" \/>\n\t<meta property=\"og:image:width\" content=\"750\" \/>\n\t<meta property=\"og:image:height\" content=\"750\" \/>\n\t<meta property=\"og:image:type\" content=\"image\/webp\" \/>\n<meta name=\"twitter:card\" content=\"summary_large_image\" \/>\n<meta name=\"twitter:label1\" content=\"Estimeret l\u00e6setid\" \/>\n\t<meta name=\"twitter:data1\" content=\"5 minutter\" \/>\n<script type=\"application\/ld+json\" class=\"yoast-schema-graph\">{\"@context\":\"https:\/\/schema.org\",\"@graph\":[{\"@type\":\"WebPage\",\"@id\":\"https:\/\/sxflightcase.com\/product\/road-case-with-drawers\/\",\"url\":\"https:\/\/sxflightcase.com\/product\/road-case-with-drawers\/\",\"name\":\"Road Case With Drawers - https:\/\/sxflightcase.com \ud83d\udc97\",\"isPartOf\":{\"@id\":\"https:\/\/sxflightcase.com\/th\/#website\"},\"primaryImageOfPage\":{\"@id\":\"https:\/\/sxflightcase.com\/product\/road-case-with-drawers\/#primaryimage\"},\"image\":{\"@id\":\"https:\/\/sxflightcase.com\/product\/road-case-with-drawers\/#primaryimage\"},\"thumbnailUrl\":\"https:\/\/sxflightcase.com\/wp-content\/uploads\/2024\/05\/road-case-with-drawers15072247485.webp\",\"datePublished\":\"2024-05-10T07:34:33+00:00\",\"dateModified\":\"2024-06-17T07:43:20+00:00\",\"description\":\"Road Case With Drawers:Factory-direct options for professional customization, perfect for efficient organization and storage solutions.\",\"breadcrumb\":{\"@id\":\"https:\/\/sxflightcase.com\/product\/road-case-with-drawers\/#breadcrumb\"},\"inLanguage\":\"da-DK\",\"potentialAction\":[{\"@type\":\"ReadAction\",\"target\":[\"https:\/\/sxflightcase.com\/product\/road-case-with-drawers\/\"]}]},{\"@type\":\"ImageObject\",\"inLanguage\":\"da-DK\",\"@id\":\"https:\/\/sxflightcase.com\/product\/road-case-with-drawers\/#primaryimage\",\"url\":\"https:\/\/sxflightcase.com\/wp-content\/uploads\/2024\/05\/road-case-with-drawers15072247485.webp\",\"contentUrl\":\"https:\/\/sxflightcase.com\/wp-content\/uploads\/2024\/05\/road-case-with-drawers15072247485.webp\",\"width\":750,\"height\":750,\"caption\":\"Road Case With Drawers\"},{\"@type\":\"BreadcrumbList\",\"@id\":\"https:\/\/sxflightcase.com\/product\/road-case-with-drawers\/#breadcrumb\",\"itemListElement\":[{\"@type\":\"ListItem\",\"position\":1,\"name\":\"Home\",\"item\":\"https:\/\/sxflightcase.com\/\"},{\"@type\":\"ListItem\",\"position\":2,\"name\":\"\u0e2a\u0e34\u0e19\u0e04\u0e49\u0e32\",\"item\":\"https:\/\/sxflightcase.com\/th\/shop\/\"},{\"@type\":\"ListItem\",\"position\":3,\"name\":\"Road Case With Drawers\"}]},{\"@type\":\"WebSite\",\"@id\":\"https:\/\/sxflightcase.com\/th\/#website\",\"url\":\"https:\/\/sxflightcase.com\/th\/\",\"name\":\"sxpowercase.com\",\"description\":\"Flight Case Factory\",\"publisher\":{\"@id\":\"https:\/\/sxflightcase.com\/th\/#organization\"},\"potentialAction\":[{\"@type\":\"SearchAction\",\"target\":{\"@type\":\"EntryPoint\",\"urlTemplate\":\"https:\/\/sxflightcase.com\/th\/?s={search_term_string}\"},\"query-input\":{\"@type\":\"PropertyValueSpecification\",\"valueRequired\":true,\"valueName\":\"search_term_string\"}}],\"inLanguage\":\"da-DK\"},{\"@type\":\"Organization\",\"@id\":\"https:\/\/sxflightcase.com\/th\/#organization\",\"name\":\"sxpowercase.com\",\"url\":\"https:\/\/sxflightcase.com\/th\/\",\"logo\":{\"@type\":\"ImageObject\",\"inLanguage\":\"da-DK\",\"@id\":\"https:\/\/sxflightcase.com\/th\/#\/schema\/logo\/image\/\",\"url\":\"https:\/\/sxflightcase.com\/wp-content\/uploads\/2024\/04\/1713919036007.jpg\",\"contentUrl\":\"https:\/\/sxflightcase.com\/wp-content\/uploads\/2024\/04\/1713919036007.jpg\",\"width\":382,\"height\":388,\"caption\":\"sxpowercase.com\"},\"image\":{\"@id\":\"https:\/\/sxflightcase.com\/th\/#\/schema\/logo\/image\/\"},\"sameAs\":[\"https:\/\/www.facebook.com\/profile.php?id=61560407257971\"],\"numberOfEmployees\":{\"@type\":\"QuantitativeValue\",\"minValue\":\"11\",\"maxValue\":\"50\"}}]}<\/script>\n<!-- \/ Yoast SEO Premium plugin. -->","yoast_head_json":{"title":"Road Case With Drawers - https:\/\/sxflightcase.com \ud83d\udc97","description":"Road Case med skuffer:Fabriksfremstillede muligheder for professionel tilpasning, perfekt til effektiv organisering og opbevaringsl\u00f8sninger.","robots":{"index":"index","follow":"follow","max-snippet":"max-snippet:-1","max-image-preview":"max-image-preview:large","max-video-preview":"max-video-preview:-1"},"canonical":"https:\/\/sxflightcase.com\/da\/vare\/roadcase-med-skuffer-2\/","og_locale":"da_DK","og_type":"article","og_title":"Road Case With Drawers","og_description":"Road Case With Drawers:Factory-direct options for professional customization, perfect for efficient organization and storage solutions.","og_url":"https:\/\/sxflightcase.com\/da\/vare\/roadcase-med-skuffer-2\/","og_site_name":"https:\/\/sxflightcase.com","article_publisher":"https:\/\/www.facebook.com\/profile.php?id=61560407257971","article_modified_time":"2024-06-17T07:43:20+00:00","og_image":[{"width":750,"height":750,"url":"https:\/\/sxflightcase.com\/wp-content\/uploads\/2024\/05\/road-case-with-drawers15072247485.webp","type":"image\/webp"}],"twitter_card":"summary_large_image","twitter_misc":{"Estimeret l\u00e6setid":"5 minutter"},"schema":{"@context":"https:\/\/schema.org","@graph":[{"@type":"WebPage","@id":"https:\/\/sxflightcase.com\/product\/road-case-with-drawers\/","url":"https:\/\/sxflightcase.com\/product\/road-case-with-drawers\/","name":"Road Case With Drawers - https:\/\/sxflightcase.com \ud83d\udc97","isPartOf":{"@id":"https:\/\/sxflightcase.com\/th\/#website"},"primaryImageOfPage":{"@id":"https:\/\/sxflightcase.com\/product\/road-case-with-drawers\/#primaryimage"},"image":{"@id":"https:\/\/sxflightcase.com\/product\/road-case-with-drawers\/#primaryimage"},"thumbnailUrl":"https:\/\/sxflightcase.com\/wp-content\/uploads\/2024\/05\/road-case-with-drawers15072247485.webp","datePublished":"2024-05-10T07:34:33+00:00","dateModified":"2024-06-17T07:43:20+00:00","description":"Road Case med skuffer:Fabriksfremstillede muligheder for professionel tilpasning, perfekt til effektiv organisering og opbevaringsl\u00f8sninger.","breadcrumb":{"@id":"https:\/\/sxflightcase.com\/product\/road-case-with-drawers\/#breadcrumb"},"inLanguage":"da-DK","potentialAction":[{"@type":"ReadAction","target":["https:\/\/sxflightcase.com\/product\/road-case-with-drawers\/"]}]},{"@type":"ImageObject","inLanguage":"da-DK","@id":"https:\/\/sxflightcase.com\/product\/road-case-with-drawers\/#primaryimage","url":"https:\/\/sxflightcase.com\/wp-content\/uploads\/2024\/05\/road-case-with-drawers15072247485.webp","contentUrl":"https:\/\/sxflightcase.com\/wp-content\/uploads\/2024\/05\/road-case-with-drawers15072247485.webp","width":750,"height":750,"caption":"Road Case With Drawers"},{"@type":"BreadcrumbList","@id":"https:\/\/sxflightcase.com\/product\/road-case-with-drawers\/#breadcrumb","itemListElement":[{"@type":"ListItem","position":1,"name":"Home","item":"https:\/\/sxflightcase.com\/"},{"@type":"ListItem","position":2,"name":"\u0e2a\u0e34\u0e19\u0e04\u0e49\u0e32","item":"https:\/\/sxflightcase.com\/th\/shop\/"},{"@type":"ListItem","position":3,"name":"Road Case With Drawers"}]},{"@type":"WebSite","@id":"https:\/\/sxflightcase.com\/th\/#website","url":"https:\/\/sxflightcase.com\/th\/","name":"sxpowercase.com","description":"Flight Case Factory","publisher":{"@id":"https:\/\/sxflightcase.com\/th\/#organization"},"potentialAction":[{"@type":"SearchAction","target":{"@type":"EntryPoint","urlTemplate":"https:\/\/sxflightcase.com\/th\/?s={search_term_string}"},"query-input":{"@type":"PropertyValueSpecification","valueRequired":true,"valueName":"search_term_string"}}],"inLanguage":"da-DK"},{"@type":"Organization","@id":"https:\/\/sxflightcase.com\/th\/#organization","name":"sxpowercase.com","url":"https:\/\/sxflightcase.com\/th\/","logo":{"@type":"ImageObject","inLanguage":"da-DK","@id":"https:\/\/sxflightcase.com\/th\/#\/schema\/logo\/image\/","url":"https:\/\/sxflightcase.com\/wp-content\/uploads\/2024\/04\/1713919036007.jpg","contentUrl":"https:\/\/sxflightcase.com\/wp-content\/uploads\/2024\/04\/1713919036007.jpg","width":382,"height":388,"caption":"sxpowercase.com"},"image":{"@id":"https:\/\/sxflightcase.com\/th\/#\/schema\/logo\/image\/"},"sameAs":["https:\/\/www.facebook.com\/profile.php?id=61560407257971"],"numberOfEmployees":{"@type":"QuantitativeValue","minValue":"11","maxValue":"50"}}]}},"_links":{"self":[{"href":"https:\/\/sxflightcase.com\/da\/wp-json\/wp\/v2\/product\/1824","targetHints":{"allow":["GET"]}}],"collection":[{"href":"https:\/\/sxflightcase.com\/da\/wp-json\/wp\/v2\/product"}],"about":[{"href":"https:\/\/sxflightcase.com\/da\/wp-json\/wp\/v2\/types\/product"}],"replies":[{"embeddable":true,"href":"https:\/\/sxflightcase.com\/da\/wp-json\/wp\/v2\/comments?post=1824"}],"version-history":[{"count":0,"href":"https:\/\/sxflightcase.com\/da\/wp-json\/wp\/v2\/product\/1824\/revisions"}],"wp:featuredmedia":[{"embeddable":true,"href":"https:\/\/sxflightcase.com\/da\/wp-json\/wp\/v2\/media\/1825"}],"wp:attachment":[{"href":"https:\/\/sxflightcase.com\/da\/wp-json\/wp\/v2\/media?parent=1824"}],"wp:term":[{"taxonomy":"product_brand","embeddable":true,"href":"https:\/\/sxflightcase.com\/da\/wp-json\/wp\/v2\/product_brand?post=1824"},{"taxonomy":"product_cat","embeddable":true,"href":"https:\/\/sxflightcase.com\/da\/wp-json\/wp\/v2\/product_cat?post=1824"},{"taxonomy":"product_tag","embeddable":true,"href":"https:\/\/sxflightcase.com\/da\/wp-json\/wp\/v2\/product_tag?post=1824"}],"curies":[{"name":"wp","href":"https:\/\/api.w.org\/{rel}","templated":true}]}}