{"id":3186,"date":"2024-07-01T08:18:49","date_gmt":"2024-07-01T07:18:49","guid":{"rendered":"https:\/\/sxpowercase.com\/?post_type=product&#038;p=3186"},"modified":"2024-07-01T08:19:13","modified_gmt":"2024-07-01T07:19:13","slug":"drawer-workstation-box-customize-flight-case","status":"publish","type":"product","link":"https:\/\/sxflightcase.com\/da\/vare\/skuffe-arbejdsstation-kasse-tilpasse-flightcase-2\/","title":{"rendered":"Skuffe Workstation Box Tilpas Flight Case"},"content":{"rendered":"<table class=\"aliDataTable\" style=\"height: 231px;\" border=\"1\" width=\"1304\">\n<tbody>\n<tr>\n<td>Materiale<\/td>\n<td>Aluminiumsramme+ Brandsikker +12mm Krydsfiner<\/td>\n<\/tr>\n<tr>\n<td>Indenfor<\/td>\n<td>H\u00f8jdensitet st\u00f8dsikkert skum<\/td>\n<\/tr>\n<tr>\n<td>St\u00f8rrelse<\/td>\n<td>Kan tilpasses<\/td>\n<\/tr>\n<tr>\n<td>Tilbeh\u00f8r<\/td>\n<td>Fire sommerfuglel\u00e5se, fire store hjul til nem transport, fire st\u00e6rke h\u00e5ndtag<\/td>\n<\/tr>\n<tr>\n<td>Skik<\/td>\n<td>Alle former for tilpasning er velkomne, s\u00e5som aluminiumskasses materiale, dimension, indre fyldninger, h\u00e5ndtag, l\u00e5se og s\u00e5 videre.<\/td>\n<\/tr>\n<tr>\n<td>Pr\u00f8vetid<\/td>\n<td>Ca 3-5 hverdage<\/td>\n<\/tr>\n<tr>\n<td>Formel bestillingstid<\/td>\n<td>omkring 15-20 dage<\/td>\n<\/tr>\n<tr>\n<td>Pakning<\/td>\n<td data-spm-anchor-id=\"a2700.details.0.i62.6dc324feldWl6K\">Boblepose + karton<\/td>\n<\/tr>\n<\/tbody>\n<\/table>\n<h2>Den ultimative skuffearbejdsstation for effektivitet<\/h2>\n<p>Leder du efter en m\u00e5de at \u00f8ge din produktivitet p\u00e5? SX skuffearbejdsstationen er dit svar. Denne innovative l\u00f8sning kombinerer bekvemmelighed og funktionalitet for at forvandle dit arbejdsomr\u00e5de.<\/p>\n<h2>Hvorfor v\u00e6lge SX Drawer Workstation?<\/h2>\n<h3>Overlegen kvalitet og holdbarhed<\/h3>\n<p>SX skuffearbejdsstationen er fremstillet med materialer af h\u00f8j kvalitet, hvilket sikrer langvarig holdbarhed. Den er designet til at modst\u00e5 daglig brug, hvilket g\u00f8r den til et ideelt valg til enhver professionel indstilling.<\/p>\n<h3>Kan tilpasses til dine behov<\/h3>\n<p>Hos SX tilbyder vi <a href=\"https:\/\/sxpowercase.com\/product\/rack-mount-case\/\" target=\"_blank\" rel=\"noopener\"  data-wpil-monitor-id=\"517\">brugerdefinerede arbejdsstationskasser<\/a> for at passe til dine specifikke krav. Uanset om du har brug for ekstra skuffer eller unikke dimensioner, im\u00f8dekommer vores skr\u00e6ddersyede l\u00f8sninger til alle dine behov.<\/p>\n<h3>Direkte fabrikssalg for omkostningsbesparelser<\/h3>\n<p>Ved at k\u00f8be direkte fra fabrikken sk\u00e6rer du mellemmanden fra. Det betyder betydelige omkostningsbesparelser uden at g\u00e5 p\u00e5 kompromis med kvaliteten. SX fabriks direkte salg tilbyder uovertruffen v\u00e6rdi.<\/p>\n<h2>Boost din virksomhed med en kvalitetsarbejdsstation<\/h2>\n<h3>Organiseret og effektiv arbejdsplads<\/h3>\n<p>Et rodfrit arbejdsomr\u00e5de er afg\u00f8rende for produktiviteten. SX-skuffearbejdsstationen hj\u00e6lper dig med at holde dig organiseret og sikrer, at alle dine v\u00e6rkt\u00f8jer og dokumenter er inden for r\u00e6kkevidde. Dette f\u00f8rer til et mere effektivt arbejdsmilj\u00f8.<\/p>\n<h3>Professionelt udseende<\/h3>\n<p>Det er vigtigt at pr\u00e6sentere et professionelt image. Det slanke design af SX-skuffearbejdsstationen forbedrer udseendet af dit kontor og g\u00f8r et positivt indtryk p\u00e5 b\u00e5de kunder og kolleger.<\/p>\n<h2>Udforsk Workstation Office Cases<\/h2>\n<h3>Alsidige l\u00f8sninger til ethvert kontor<\/h3>\n<p>SX tilbyder en bred vifte af kontorsager til arbejdsstationer. Fra kompakte designs til sm\u00e5 rum til st\u00f8rre ops\u00e6tninger til omfattende behov, vi har en l\u00f8sning til alle.<\/p>\n<h3>Skr\u00e6ddersyet til din virksomhed<\/h3>\n<p>Vores brugerdefinerede arbejdsstationscovers giver dig mulighed for at personligg\u00f8re dit arbejdsomr\u00e5de. V\u00e6lg antallet af skuffer, tilf\u00f8j l\u00e5se for sikkerhed, eller v\u00e6lg specifikke materialer. Din arbejdsstation vil v\u00e6re unikt din.<\/p>\n<h3>Kvalitetssikring<\/h3>\n<p>Hver SX-arbejdsstationskasse gennemg\u00e5r strenge kvalitetstjek. Vi sikrer, at vores produkter lever op til de h\u00f8jeste standarder, hvilket giver dig en p\u00e5lidelig og holdbar arbejdsstation.<\/p>\n<h2>Fordelene ved fabriksdirekte salg<\/h2>\n<h3>Omkostningseffektivitet<\/h3>\n<p>Direkte fabrikssalg betyder lavere priser. Du f\u00e5r premium skuffearbejdsstationer til en br\u00f8kdel af prisen, s\u00e5 du kan allokere dit budget til andre vigtige omr\u00e5der af din virksomhed.<\/p>\n<h3>Direkte kommunikation<\/h3>\n<p>N\u00e5r du k\u00f8ber direkte fra fabrikken, er kommunikationen ligetil. Diskuter dine behov direkte med os, s\u00e5 du sikrer, at du f\u00e5r pr\u00e6cis det, du \u00f8nsker.<\/p>\n<h2>Skr\u00e6ddersyede arbejdsstationer til alle dine behov<\/h2>\n<h3>Alsidighed og fleksibilitet<\/h3>\n<p>Vores brugerdefinerede arbejdsstationskasser er designet til at v\u00e6re alsidige. De kan rumme en bred vifte af kontorv\u00e6rkt\u00f8j og -udstyr. Uanset dine behov har SX en l\u00f8sning.<\/p>\n<h3>Skr\u00e6ddersyede l\u00f8sninger<\/h3>\n<p>Vi arbejder sammen med dig om at skabe en arbejdsstation, der passer til dine unikke krav. Vores tilpassede l\u00f8sninger handler ikke kun om opbevaring; de handler om at forbedre din arbejdsgang og produktivitet.<\/p>\n<h2>Konklusion<\/h2>\n<p>Som konklusion tilbyder SX skuffearbejdsstationen en perfekt blanding af funktionalitet og stil til dit kontor. Med direkte fabrikssalg f\u00e5r du den bedste v\u00e6rdi for din investering. Forbedre dit arbejdsomr\u00e5de med l\u00f8sninger af professionel kvalitet og nyd fordelene ved et velorganiseret milj\u00f8. Invester i en SX-skuffearbejdsstation i dag og oplev forskellen.<\/p>\n<h2>Ofte stillede sp\u00f8rgsm\u00e5l<\/h2>\n<p><strong>Hvad g\u00f8r SX-skuffearbejdsstationen unik?<\/strong><\/p>\n<p>SX-skuffearbejdsstationen skiller sig ud for sin holdbarhed, tilpasningsmuligheder og fabriksdirekte priser. Det giver f\u00f8rsteklasses kvalitet og v\u00e6rdi.<\/p>\n<p><strong>Kan jeg tilpasse min SX-arbejdsstation?<\/strong><\/p>\n<p>Ja, SX tilbyder omfattende tilpasningsmuligheder, s\u00e5 de passer til dine specifikke behov. V\u00e6lg mellem forskellige st\u00f8rrelser, funktioner og tilpasningsmuligheder.<\/p>\n<p><strong>Hvordan gavner fabriks direkte salg mig?<\/strong><\/p>\n<p>Direkte fabrikssalg reducerer omkostningerne ved at eliminere mellemhandlere. Det betyder, at du f\u00e5r arbejdsstationer af h\u00f8j kvalitet til konkurrencedygtige priser.<\/p>\n<p><strong>Er SX skuffearbejdsstationen nem at installere?<\/strong><\/p>\n<p>Absolut. Arbejdsstationen er designet til nem installation, med klare instruktioner og al n\u00f8dvendig hardware inkluderet.<\/p>\n<p><strong>Hvor kan jeg k\u00f8be SX skuffe arbejdsstationer?<\/strong><\/p>\n<p>Du kan k\u00f8be SX skuffe arbejdsstationer direkte fra vores hjemmeside eller gennem autoriserede distribut\u00f8rer. Bes\u00f8g vores hjemmeside for flere detaljer og for at afgive din ordre.<\/p>\n<p>F\u00e5 adgang nu:<span style=\"color: #0000ff;\"><a style=\"color: #0000ff;\" href=\"https:\/\/sxpowercase.com\/\">https:\/\/sxpowercase.com\/<\/a><\/span><\/p>\n<p>Hot Tags: Kina, leverand\u00f8rer, fabrik, tilpasset, engros, k\u00f8b, lav pris, stik, skuffeopbevaringsskab, 12U Flight Case med Hjul, H\u00f8jttalerkabinet Flight Case, Mixer Hard Case,<span style=\"color: #0000ff;\"><a style=\"color: #0000ff;\" href=\"https:\/\/sxflightcase.com\/da\/product-category\/all-product\/power-distribution-boxes\/\">str\u00f8mbokse<\/a>,\u00a0<a style=\"color: #0000ff;\" href=\"https:\/\/sxflightcase.com\/da\/product-category\/all-product\/hoist-controllers\/\">str\u00f8mkabler<\/a>,\u00a0<a style=\"color: #0000ff;\" href=\"https:\/\/sxflightcase.com\/da\/product-category\/all-product\/hoist-controllers\/\">hejseregulatorer<\/a>,\u00a0<a style=\"color: #0000ff;\" href=\"https:\/\/sxflightcase.com\/da\/product-category\/all-product\/flight-case\/\">flyvekasser<\/a><\/span><\/p>","protected":false},"excerpt":{"rendered":"<h3>Overlegen kvalitet og holdbarhed<\/h3>\n<p>Opgrader dit arbejdsomr\u00e5de med SX-skuffearbejdsstationen, bygget af materialer af h\u00f8j kvalitet for at sikre langvarig holdbarhed. Den er designet til at modst\u00e5 daglig brug og er perfekt til enhver professionel indstilling.<\/p>\n<h3>Kan tilpasses til dine behov<\/h3>\n<p>Skr\u00e6ddersy din SX-arbejdsstation til dine specifikke krav. Med muligheder for ekstra skuffer og unikke dimensioner im\u00f8dekommer vores skr\u00e6ddersyede l\u00f8sninger ethvert behov, hvilket sikrer en perfekt pasform til dit arbejdsomr\u00e5de.<\/p>\n<h3>Omkostningsbesparelser med direkte fabrikssalg<\/h3>\n<p>Drag fordel af betydelige omkostningsbesparelser ved at k\u00f8be direkte fra SX. Vores direkte salg fra fabrikken afsk\u00e5ret mellemhandleren og tilbyder dig uovertruffen v\u00e6rdi uden at g\u00e5 p\u00e5 kompromis med kvaliteten.<\/p>","protected":false},"featured_media":3177,"comment_status":"open","ping_status":"closed","template":"","meta":[],"product_brand":[],"product_cat":[48],"product_tag":[],"class_list":{"0":"post-3186","1":"product","2":"type-product","3":"status-publish","4":"has-post-thumbnail","6":"product_cat-custom-flight-case","8":"first","9":"instock","10":"shipping-taxable","11":"product-type-simple"},"yoast_head":"<!-- This site is optimized with the Yoast SEO Premium plugin v27.1 (Yoast SEO v27.2) - https:\/\/yoast.com\/product\/yoast-seo-premium-wordpress\/ -->\n<title>Drawer Workstation Box Customize Flight Case - https:\/\/sxflightcase.com \ud83d\udc97<\/title>\n<meta name=\"description\" content=\"Drawer workstation, factory direct! Customizable, high-quality solutions for organized and efficient workspaces. Perfect for professionals and workshops.\" \/>\n<meta name=\"robots\" content=\"index, follow, max-snippet:-1, max-image-preview:large, max-video-preview:-1\" \/>\n<link rel=\"canonical\" href=\"https:\/\/sxflightcase.com\/da\/\u0e1c\u0e25\u0e34\u0e15\u0e20\u0e31\u0e13\u0e11\u0e4c\/\u0e01\u0e25\u0e48\u0e2d\u0e07\u0e25\u0e34\u0e49\u0e19\u0e0a\u0e31\u0e01\u0e40\u0e27\u0e34\u0e23\u0e4c\u0e01\u0e2a\u0e40\u0e15\u0e0a\/\" \/>\n<meta property=\"og:locale\" content=\"da_DK\" \/>\n<meta property=\"og:type\" content=\"article\" \/>\n<meta property=\"og:title\" content=\"Drawer Workstation Box Customize Flight Case\" \/>\n<meta property=\"og:description\" content=\"Drawer workstation, factory direct! Customizable, high-quality solutions for organized and efficient workspaces. Perfect for professionals and workshops.\" \/>\n<meta property=\"og:url\" content=\"https:\/\/sxflightcase.com\/da\/\u0e1c\u0e25\u0e34\u0e15\u0e20\u0e31\u0e13\u0e11\u0e4c\/\u0e01\u0e25\u0e48\u0e2d\u0e07\u0e25\u0e34\u0e49\u0e19\u0e0a\u0e31\u0e01\u0e40\u0e27\u0e34\u0e23\u0e4c\u0e01\u0e2a\u0e40\u0e15\u0e0a\/\" \/>\n<meta property=\"og:site_name\" content=\"https:\/\/sxflightcase.com\" \/>\n<meta property=\"article:publisher\" content=\"https:\/\/www.facebook.com\/profile.php?id=61560407257971\" \/>\n<meta property=\"article:modified_time\" content=\"2024-07-01T07:19:13+00:00\" \/>\n<meta property=\"og:image\" content=\"https:\/\/sxflightcase.com\/wp-content\/uploads\/2024\/07\/1719799709136.jpg\" \/>\n\t<meta property=\"og:image:width\" content=\"700\" \/>\n\t<meta property=\"og:image:height\" content=\"700\" \/>\n\t<meta property=\"og:image:type\" content=\"image\/jpeg\" \/>\n<meta name=\"twitter:card\" content=\"summary_large_image\" \/>\n<meta name=\"twitter:label1\" content=\"Estimeret l\u00e6setid\" \/>\n\t<meta name=\"twitter:data1\" content=\"5 minutter\" \/>\n<script type=\"application\/ld+json\" class=\"yoast-schema-graph\">{\"@context\":\"https:\/\/schema.org\",\"@graph\":[{\"@type\":\"WebPage\",\"@id\":\"https:\/\/sxflightcase.com\/th\/\u0e1c\u0e25\u0e34\u0e15\u0e20\u0e31\u0e13\u0e11\u0e4c\/\u0e01\u0e25\u0e48\u0e2d\u0e07\u0e25\u0e34\u0e49\u0e19\u0e0a\u0e31\u0e01\u0e40\u0e27\u0e34\u0e23\u0e4c\u0e01\u0e2a\u0e40\u0e15\u0e0a\/\",\"url\":\"https:\/\/sxflightcase.com\/th\/\u0e1c\u0e25\u0e34\u0e15\u0e20\u0e31\u0e13\u0e11\u0e4c\/\u0e01\u0e25\u0e48\u0e2d\u0e07\u0e25\u0e34\u0e49\u0e19\u0e0a\u0e31\u0e01\u0e40\u0e27\u0e34\u0e23\u0e4c\u0e01\u0e2a\u0e40\u0e15\u0e0a\/\",\"name\":\"Drawer Workstation Box Customize Flight Case - https:\/\/sxflightcase.com \ud83d\udc97\",\"isPartOf\":{\"@id\":\"https:\/\/sxflightcase.com\/th\/#website\"},\"primaryImageOfPage\":{\"@id\":\"https:\/\/sxflightcase.com\/th\/\u0e1c\u0e25\u0e34\u0e15\u0e20\u0e31\u0e13\u0e11\u0e4c\/\u0e01\u0e25\u0e48\u0e2d\u0e07\u0e25\u0e34\u0e49\u0e19\u0e0a\u0e31\u0e01\u0e40\u0e27\u0e34\u0e23\u0e4c\u0e01\u0e2a\u0e40\u0e15\u0e0a\/#primaryimage\"},\"image\":{\"@id\":\"https:\/\/sxflightcase.com\/th\/\u0e1c\u0e25\u0e34\u0e15\u0e20\u0e31\u0e13\u0e11\u0e4c\/\u0e01\u0e25\u0e48\u0e2d\u0e07\u0e25\u0e34\u0e49\u0e19\u0e0a\u0e31\u0e01\u0e40\u0e27\u0e34\u0e23\u0e4c\u0e01\u0e2a\u0e40\u0e15\u0e0a\/#primaryimage\"},\"thumbnailUrl\":\"https:\/\/sxflightcase.com\/wp-content\/uploads\/2024\/07\/1719799709136.jpg\",\"datePublished\":\"2024-07-01T07:18:49+00:00\",\"dateModified\":\"2024-07-01T07:19:13+00:00\",\"description\":\"Drawer workstation, factory direct! Customizable, high-quality solutions for organized and efficient workspaces. Perfect for professionals and workshops.\",\"breadcrumb\":{\"@id\":\"https:\/\/sxflightcase.com\/th\/\u0e1c\u0e25\u0e34\u0e15\u0e20\u0e31\u0e13\u0e11\u0e4c\/\u0e01\u0e25\u0e48\u0e2d\u0e07\u0e25\u0e34\u0e49\u0e19\u0e0a\u0e31\u0e01\u0e40\u0e27\u0e34\u0e23\u0e4c\u0e01\u0e2a\u0e40\u0e15\u0e0a\/#breadcrumb\"},\"inLanguage\":\"da-DK\",\"potentialAction\":[{\"@type\":\"ReadAction\",\"target\":[\"https:\/\/sxflightcase.com\/th\/\u0e1c\u0e25\u0e34\u0e15\u0e20\u0e31\u0e13\u0e11\u0e4c\/\u0e01\u0e25\u0e48\u0e2d\u0e07\u0e25\u0e34\u0e49\u0e19\u0e0a\u0e31\u0e01\u0e40\u0e27\u0e34\u0e23\u0e4c\u0e01\u0e2a\u0e40\u0e15\u0e0a\/\"]}]},{\"@type\":\"ImageObject\",\"inLanguage\":\"da-DK\",\"@id\":\"https:\/\/sxflightcase.com\/th\/\u0e1c\u0e25\u0e34\u0e15\u0e20\u0e31\u0e13\u0e11\u0e4c\/\u0e01\u0e25\u0e48\u0e2d\u0e07\u0e25\u0e34\u0e49\u0e19\u0e0a\u0e31\u0e01\u0e40\u0e27\u0e34\u0e23\u0e4c\u0e01\u0e2a\u0e40\u0e15\u0e0a\/#primaryimage\",\"url\":\"https:\/\/sxflightcase.com\/wp-content\/uploads\/2024\/07\/1719799709136.jpg\",\"contentUrl\":\"https:\/\/sxflightcase.com\/wp-content\/uploads\/2024\/07\/1719799709136.jpg\",\"width\":700,\"height\":700,\"caption\":\"Drawer Workstation\"},{\"@type\":\"BreadcrumbList\",\"@id\":\"https:\/\/sxflightcase.com\/th\/\u0e1c\u0e25\u0e34\u0e15\u0e20\u0e31\u0e13\u0e11\u0e4c\/\u0e01\u0e25\u0e48\u0e2d\u0e07\u0e25\u0e34\u0e49\u0e19\u0e0a\u0e31\u0e01\u0e40\u0e27\u0e34\u0e23\u0e4c\u0e01\u0e2a\u0e40\u0e15\u0e0a\/#breadcrumb\",\"itemListElement\":[{\"@type\":\"ListItem\",\"position\":1,\"name\":\"Home\",\"item\":\"https:\/\/sxflightcase.com\/\"},{\"@type\":\"ListItem\",\"position\":2,\"name\":\"\u0e2a\u0e34\u0e19\u0e04\u0e49\u0e32\",\"item\":\"https:\/\/sxflightcase.com\/th\/shop\/\"},{\"@type\":\"ListItem\",\"position\":3,\"name\":\"Drawer Workstation Box Customize Flight Case\"}]},{\"@type\":\"WebSite\",\"@id\":\"https:\/\/sxflightcase.com\/th\/#website\",\"url\":\"https:\/\/sxflightcase.com\/th\/\",\"name\":\"sxpowercase.com\",\"description\":\"Flight Case Factory\",\"publisher\":{\"@id\":\"https:\/\/sxflightcase.com\/th\/#organization\"},\"potentialAction\":[{\"@type\":\"SearchAction\",\"target\":{\"@type\":\"EntryPoint\",\"urlTemplate\":\"https:\/\/sxflightcase.com\/th\/?s={search_term_string}\"},\"query-input\":{\"@type\":\"PropertyValueSpecification\",\"valueRequired\":true,\"valueName\":\"search_term_string\"}}],\"inLanguage\":\"da-DK\"},{\"@type\":\"Organization\",\"@id\":\"https:\/\/sxflightcase.com\/th\/#organization\",\"name\":\"sxpowercase.com\",\"url\":\"https:\/\/sxflightcase.com\/th\/\",\"logo\":{\"@type\":\"ImageObject\",\"inLanguage\":\"da-DK\",\"@id\":\"https:\/\/sxflightcase.com\/th\/#\/schema\/logo\/image\/\",\"url\":\"https:\/\/sxflightcase.com\/wp-content\/uploads\/2024\/04\/1713919036007.jpg\",\"contentUrl\":\"https:\/\/sxflightcase.com\/wp-content\/uploads\/2024\/04\/1713919036007.jpg\",\"width\":382,\"height\":388,\"caption\":\"sxpowercase.com\"},\"image\":{\"@id\":\"https:\/\/sxflightcase.com\/th\/#\/schema\/logo\/image\/\"},\"sameAs\":[\"https:\/\/www.facebook.com\/profile.php?id=61560407257971\"],\"numberOfEmployees\":{\"@type\":\"QuantitativeValue\",\"minValue\":\"11\",\"maxValue\":\"50\"}}]}<\/script>\n<!-- \/ Yoast SEO Premium plugin. -->","yoast_head_json":{"title":"Drawer Workstation Box Customize Flight Case - https:\/\/sxflightcase.com \ud83d\udc97","description":"Skuffearbejdsstation, direkte fra fabrikken! Tilpassede l\u00f8sninger af h\u00f8j kvalitet til organiserede og effektive arbejdsomr\u00e5der. Perfekt til professionelle og v\u00e6rksteder.","robots":{"index":"index","follow":"follow","max-snippet":"max-snippet:-1","max-image-preview":"max-image-preview:large","max-video-preview":"max-video-preview:-1"},"canonical":"https:\/\/sxflightcase.com\/da\/\u0e1c\u0e25\u0e34\u0e15\u0e20\u0e31\u0e13\u0e11\u0e4c\/\u0e01\u0e25\u0e48\u0e2d\u0e07\u0e25\u0e34\u0e49\u0e19\u0e0a\u0e31\u0e01\u0e40\u0e27\u0e34\u0e23\u0e4c\u0e01\u0e2a\u0e40\u0e15\u0e0a\/","og_locale":"da_DK","og_type":"article","og_title":"Drawer Workstation Box Customize Flight Case","og_description":"Drawer workstation, factory direct! Customizable, high-quality solutions for organized and efficient workspaces. Perfect for professionals and workshops.","og_url":"https:\/\/sxflightcase.com\/da\/\u0e1c\u0e25\u0e34\u0e15\u0e20\u0e31\u0e13\u0e11\u0e4c\/\u0e01\u0e25\u0e48\u0e2d\u0e07\u0e25\u0e34\u0e49\u0e19\u0e0a\u0e31\u0e01\u0e40\u0e27\u0e34\u0e23\u0e4c\u0e01\u0e2a\u0e40\u0e15\u0e0a\/","og_site_name":"https:\/\/sxflightcase.com","article_publisher":"https:\/\/www.facebook.com\/profile.php?id=61560407257971","article_modified_time":"2024-07-01T07:19:13+00:00","og_image":[{"width":700,"height":700,"url":"https:\/\/sxflightcase.com\/wp-content\/uploads\/2024\/07\/1719799709136.jpg","type":"image\/jpeg"}],"twitter_card":"summary_large_image","twitter_misc":{"Estimeret l\u00e6setid":"5 minutter"},"schema":{"@context":"https:\/\/schema.org","@graph":[{"@type":"WebPage","@id":"https:\/\/sxflightcase.com\/th\/\u0e1c\u0e25\u0e34\u0e15\u0e20\u0e31\u0e13\u0e11\u0e4c\/\u0e01\u0e25\u0e48\u0e2d\u0e07\u0e25\u0e34\u0e49\u0e19\u0e0a\u0e31\u0e01\u0e40\u0e27\u0e34\u0e23\u0e4c\u0e01\u0e2a\u0e40\u0e15\u0e0a\/","url":"https:\/\/sxflightcase.com\/th\/\u0e1c\u0e25\u0e34\u0e15\u0e20\u0e31\u0e13\u0e11\u0e4c\/\u0e01\u0e25\u0e48\u0e2d\u0e07\u0e25\u0e34\u0e49\u0e19\u0e0a\u0e31\u0e01\u0e40\u0e27\u0e34\u0e23\u0e4c\u0e01\u0e2a\u0e40\u0e15\u0e0a\/","name":"Drawer Workstation Box Customize Flight Case - https:\/\/sxflightcase.com \ud83d\udc97","isPartOf":{"@id":"https:\/\/sxflightcase.com\/th\/#website"},"primaryImageOfPage":{"@id":"https:\/\/sxflightcase.com\/th\/\u0e1c\u0e25\u0e34\u0e15\u0e20\u0e31\u0e13\u0e11\u0e4c\/\u0e01\u0e25\u0e48\u0e2d\u0e07\u0e25\u0e34\u0e49\u0e19\u0e0a\u0e31\u0e01\u0e40\u0e27\u0e34\u0e23\u0e4c\u0e01\u0e2a\u0e40\u0e15\u0e0a\/#primaryimage"},"image":{"@id":"https:\/\/sxflightcase.com\/th\/\u0e1c\u0e25\u0e34\u0e15\u0e20\u0e31\u0e13\u0e11\u0e4c\/\u0e01\u0e25\u0e48\u0e2d\u0e07\u0e25\u0e34\u0e49\u0e19\u0e0a\u0e31\u0e01\u0e40\u0e27\u0e34\u0e23\u0e4c\u0e01\u0e2a\u0e40\u0e15\u0e0a\/#primaryimage"},"thumbnailUrl":"https:\/\/sxflightcase.com\/wp-content\/uploads\/2024\/07\/1719799709136.jpg","datePublished":"2024-07-01T07:18:49+00:00","dateModified":"2024-07-01T07:19:13+00:00","description":"Skuffearbejdsstation, direkte fra fabrikken! Tilpassede l\u00f8sninger af h\u00f8j kvalitet til organiserede og effektive arbejdsomr\u00e5der. Perfekt til professionelle og v\u00e6rksteder.","breadcrumb":{"@id":"https:\/\/sxflightcase.com\/th\/\u0e1c\u0e25\u0e34\u0e15\u0e20\u0e31\u0e13\u0e11\u0e4c\/\u0e01\u0e25\u0e48\u0e2d\u0e07\u0e25\u0e34\u0e49\u0e19\u0e0a\u0e31\u0e01\u0e40\u0e27\u0e34\u0e23\u0e4c\u0e01\u0e2a\u0e40\u0e15\u0e0a\/#breadcrumb"},"inLanguage":"da-DK","potentialAction":[{"@type":"ReadAction","target":["https:\/\/sxflightcase.com\/th\/\u0e1c\u0e25\u0e34\u0e15\u0e20\u0e31\u0e13\u0e11\u0e4c\/\u0e01\u0e25\u0e48\u0e2d\u0e07\u0e25\u0e34\u0e49\u0e19\u0e0a\u0e31\u0e01\u0e40\u0e27\u0e34\u0e23\u0e4c\u0e01\u0e2a\u0e40\u0e15\u0e0a\/"]}]},{"@type":"ImageObject","inLanguage":"da-DK","@id":"https:\/\/sxflightcase.com\/th\/\u0e1c\u0e25\u0e34\u0e15\u0e20\u0e31\u0e13\u0e11\u0e4c\/\u0e01\u0e25\u0e48\u0e2d\u0e07\u0e25\u0e34\u0e49\u0e19\u0e0a\u0e31\u0e01\u0e40\u0e27\u0e34\u0e23\u0e4c\u0e01\u0e2a\u0e40\u0e15\u0e0a\/#primaryimage","url":"https:\/\/sxflightcase.com\/wp-content\/uploads\/2024\/07\/1719799709136.jpg","contentUrl":"https:\/\/sxflightcase.com\/wp-content\/uploads\/2024\/07\/1719799709136.jpg","width":700,"height":700,"caption":"Drawer Workstation"},{"@type":"BreadcrumbList","@id":"https:\/\/sxflightcase.com\/th\/\u0e1c\u0e25\u0e34\u0e15\u0e20\u0e31\u0e13\u0e11\u0e4c\/\u0e01\u0e25\u0e48\u0e2d\u0e07\u0e25\u0e34\u0e49\u0e19\u0e0a\u0e31\u0e01\u0e40\u0e27\u0e34\u0e23\u0e4c\u0e01\u0e2a\u0e40\u0e15\u0e0a\/#breadcrumb","itemListElement":[{"@type":"ListItem","position":1,"name":"Home","item":"https:\/\/sxflightcase.com\/"},{"@type":"ListItem","position":2,"name":"\u0e2a\u0e34\u0e19\u0e04\u0e49\u0e32","item":"https:\/\/sxflightcase.com\/th\/shop\/"},{"@type":"ListItem","position":3,"name":"Drawer Workstation Box Customize Flight Case"}]},{"@type":"WebSite","@id":"https:\/\/sxflightcase.com\/th\/#website","url":"https:\/\/sxflightcase.com\/th\/","name":"sxpowercase.com","description":"Flight Case Factory","publisher":{"@id":"https:\/\/sxflightcase.com\/th\/#organization"},"potentialAction":[{"@type":"SearchAction","target":{"@type":"EntryPoint","urlTemplate":"https:\/\/sxflightcase.com\/th\/?s={search_term_string}"},"query-input":{"@type":"PropertyValueSpecification","valueRequired":true,"valueName":"search_term_string"}}],"inLanguage":"da-DK"},{"@type":"Organization","@id":"https:\/\/sxflightcase.com\/th\/#organization","name":"sxpowercase.com","url":"https:\/\/sxflightcase.com\/th\/","logo":{"@type":"ImageObject","inLanguage":"da-DK","@id":"https:\/\/sxflightcase.com\/th\/#\/schema\/logo\/image\/","url":"https:\/\/sxflightcase.com\/wp-content\/uploads\/2024\/04\/1713919036007.jpg","contentUrl":"https:\/\/sxflightcase.com\/wp-content\/uploads\/2024\/04\/1713919036007.jpg","width":382,"height":388,"caption":"sxpowercase.com"},"image":{"@id":"https:\/\/sxflightcase.com\/th\/#\/schema\/logo\/image\/"},"sameAs":["https:\/\/www.facebook.com\/profile.php?id=61560407257971"],"numberOfEmployees":{"@type":"QuantitativeValue","minValue":"11","maxValue":"50"}}]}},"_links":{"self":[{"href":"https:\/\/sxflightcase.com\/da\/wp-json\/wp\/v2\/product\/3186","targetHints":{"allow":["GET"]}}],"collection":[{"href":"https:\/\/sxflightcase.com\/da\/wp-json\/wp\/v2\/product"}],"about":[{"href":"https:\/\/sxflightcase.com\/da\/wp-json\/wp\/v2\/types\/product"}],"replies":[{"embeddable":true,"href":"https:\/\/sxflightcase.com\/da\/wp-json\/wp\/v2\/comments?post=3186"}],"version-history":[{"count":0,"href":"https:\/\/sxflightcase.com\/da\/wp-json\/wp\/v2\/product\/3186\/revisions"}],"wp:featuredmedia":[{"embeddable":true,"href":"https:\/\/sxflightcase.com\/da\/wp-json\/wp\/v2\/media\/3177"}],"wp:attachment":[{"href":"https:\/\/sxflightcase.com\/da\/wp-json\/wp\/v2\/media?parent=3186"}],"wp:term":[{"taxonomy":"product_brand","embeddable":true,"href":"https:\/\/sxflightcase.com\/da\/wp-json\/wp\/v2\/product_brand?post=3186"},{"taxonomy":"product_cat","embeddable":true,"href":"https:\/\/sxflightcase.com\/da\/wp-json\/wp\/v2\/product_cat?post=3186"},{"taxonomy":"product_tag","embeddable":true,"href":"https:\/\/sxflightcase.com\/da\/wp-json\/wp\/v2\/product_tag?post=3186"}],"curies":[{"name":"wp","href":"https:\/\/api.w.org\/{rel}","templated":true}]}}