{"id":3772,"date":"2024-07-26T07:44:23","date_gmt":"2024-07-26T06:44:23","guid":{"rendered":"https:\/\/sxpowercase.com\/?post_type=product&#038;p=3772"},"modified":"2024-07-29T07:30:34","modified_gmt":"2024-07-29T06:30:34","slug":"butterfly-latch-loa101","status":"publish","type":"product","link":"https:\/\/sxflightcase.com\/da\/vare\/sommerfuglelas-loa101\/","title":{"rendered":"Sommerfuglel\u00e5s LOA101"},"content":{"rendered":"<h1>Sikr dit udstyr med SX's sommerfuglel\u00e5s<\/h1>\n<h2>Uovertruffen sikkerhed med sommerfuglel\u00e5se fra SX<\/h2>\n<p>N\u00e5r det drejer sig om at beskytte dit v\u00e6rdifulde udstyr, kan du stole p\u00e5 SX's Butterfly Latch, der giver uovertruffen sikkerhed og p\u00e5lidelighed. Vores sommerfuglel\u00e5se er designet til at give en sikker lukning af flightcases og sikre, at dit udstyr forbliver beskyttet under transport og opbevaring. Uanset om du er musiker, tekniker eller feltingeni\u00f8r, giver SX's butterfly-l\u00e5se dig den ro i sindet, du har brug for.<\/p>\n<h2>Robust og p\u00e5lideligt design<\/h2>\n<p>SX's sommerfuglel\u00e5se er bygget til at holde. Disse l\u00e5se er fremstillet af materialer af h\u00f8j kvalitet og er designet til at modst\u00e5 den h\u00e5rde belastning ved hyppig brug. Den robuste konstruktion sikrer, at dine flightcases forbliver sikkert lukket og beskytter dit udstyr mod st\u00f8d, fald og andre potentielle farer. Med <a title=\"SX\" href=\"https:\/\/sxpowercase.com\/\" target=\"_blank\" rel=\"noopener\" data-wpil-monitor-id=\"594\">SX<\/a>kan du v\u00e6re sikker p\u00e5, at dit udstyr er trygt og sikkert.<\/p>\n<h2>Fabriksdirekte kvalitetssikring<\/h2>\n<p>Hos SX er vi stolte af at kunne tilbyde fabriksfremstillede produkter, der lever op til de h\u00f8jeste kvalitetsstandarder. Vores sommerfuglel\u00e5se er ingen undtagelse. Ved at sk\u00e6re mellemmanden v\u00e6k leverer vi l\u00e5se, der ikke kun er p\u00e5lidelige, men ogs\u00e5 overkommelige. Vores fabriksn\u00e6re tilgang sikrer, at du f\u00e5r f\u00f8rsteklasses produkter til lave priser uden at g\u00e5 p\u00e5 kompromis med kvaliteten.<\/p>\n<h2>Let at bruge og praktisk<\/h2>\n<p>SX's butterfly-l\u00e5se er designet med tanke p\u00e5 bekvemmelighed. Det brugervenlige design g\u00f8r det nemt at \u00e5bne og lukke dine flightcases, s\u00e5 du sparer tid og kr\u00e6fter. Uanset om du g\u00f8r klar til en koncert eller pakker sammen efter et job, giver vores l\u00e5se dig den brugervenlighed, du har brug for. Oplev bekvemmeligheden ved SX's butterfly-l\u00e5se, og g\u00f8r dit arbejde enklere.<\/p>\n<h2>Tilpasning til dine behov<\/h2>\n<p>Vi forst\u00e5r, at hvert stykke udstyr er unikt, og det samme er dine krav. SX tilbyder tilpasningsmuligheder for vores butterfly-l\u00e5se, s\u00e5 de opfylder dine specifikke behov. Uanset om du har brug for en bestemt st\u00f8rrelse, finish eller design, kan vores team levere skr\u00e6ddersyede l\u00f8sninger, der passer til dine krav. Nyd fordelene ved specialfremstillede butterfly-l\u00e5se fra SX, og f\u00e5 den perfekte pasform til dit udstyr.<\/p>\n<h2>Kvalitet til en overkommelig pris<\/h2>\n<p>SX er forpligtet til at levere produkter af h\u00f8j kvalitet til overkommelige priser. Vores sommerfuglel\u00e5se er ingen undtagelse. Ved at udnytte vores fabriksdirekte model tilbyder vi konkurrencedygtige priser, der g\u00f8r kvalitet tilg\u00e6ngelig for alle. Invester i SX's sommerfuglel\u00e5se, og f\u00e5 den bedste v\u00e6rdi for dine penge.<\/p>\n<h2>Perfekt til forskellige anvendelser<\/h2>\n<p>SX's butterfly-l\u00e5se er alsidige og kan bruges til en lang r\u00e6kke form\u00e5l. Fra flightcases og udstyrsracks til opbevaringskasser og v\u00e6rkt\u00f8jskasser - vores l\u00e5se giver den sikre lukning, du har brug for. Stol p\u00e5 SX til alle dine behov for butterfly-l\u00e5se, og nyd den fleksibilitet og p\u00e5lidelighed, som vores produkter tilbyder.<\/p>\n<h2>Hvorfor v\u00e6lge SX?<\/h2>\n<p>At v\u00e6lge SX betyder at v\u00e6lge kvalitet, p\u00e5lidelighed og overkommelige priser. Vores butterfly-l\u00e5se er designet til at yde den bedste beskyttelse af dit udstyr, s\u00e5 det forbliver sikkert og trygt. Med vores forpligtelse til direkte kvalitetssikring fra fabrikken kan du v\u00e6re sikker p\u00e5, at du f\u00e5r de bedste produkter til de bedste priser.<\/p>\n<h2>Kom i kontakt med SX i dag<\/h2>\n<p>Er du klar til at forbedre sikkerheden for dit udstyr med SX's butterfly-l\u00e5se? Kontakt os i dag for at f\u00e5 mere at vide om vores produkter og tilpasningsmuligheder. Vores team er klar til at hj\u00e6lpe dig med at finde de perfekte l\u00f8sninger til dine behov. Stol p\u00e5 SX, n\u00e5r det g\u00e6lder alle dine behov for butterfly-l\u00e5se, og oplev forskellen i kvalitet og p\u00e5lidelighed.<\/p>\n<p>Kontakt nu:<span style=\"color: #0000ff;\"><a style=\"color: #0000ff;\" href=\"https:\/\/sxpowercase.com\/contact-us\/\">https:\/\/sxpowercase.com\/<\/a><\/span><\/p>\n<p>Hardware produktkatalog:<span style=\"color: #3366ff;\"><a style=\"color: #3366ff;\" href=\"https:\/\/sxpowercase.com\/wp-content\/uploads\/2024\/07\/\u4e94\u91d1.pdf\">Hardware tilbeh\u00f8r katalog<\/a><\/span><\/p>","protected":false},"excerpt":{"rendered":"<div class=\"flex-shrink-0 flex flex-col relative items-end\">\n<div>\n<div class=\"pt-0\">\n<div class=\"gizmo-bot-avatar flex h-8 w-8 items-center justify-center overflow-hidden rounded-full\">\n<h3 class=\"relative p-1 rounded-sm flex items-center justify-center bg-token-main-surface-primary text-token-text-primary h-8 w-8\">Unmatched Security with SX&#8217;s Butterfly Latch<\/h3>\n<\/div>\n<\/div>\n<\/div>\n<\/div>\n<div class=\"group\/conversation-turn relative flex w-full min-w-0 flex-col agent-turn\">\n<div class=\"flex-col gap-1 md:gap-3\">\n<div class=\"flex flex-grow flex-col max-w-full AIPRM__conversation__response\">\n<div class=\"min-h-[20px] text-message flex w-full flex-col items-end gap-2 whitespace-pre-wrap break-words [.text-message+&amp;]:mt-5 overflow-x-auto\" dir=\"auto\" data-message-author-role=\"assistant\" data-message-id=\"5f113cd8-0571-4314-acba-63f4a0d58950\">\n<div class=\"flex w-full flex-col gap-1 empty:hidden first:pt-[3px]\">\n<div class=\"markdown prose w-full break-words dark:prose-invert light\">\n<p>Protect your valuable equipment with SX&#8217;s robust and reliable butterfly latches. Built from high-quality materials, these latches ensure secure closure for flight cases, offering unmatched security and peace of mind during transport and storage.<\/p>\n<h3>Factory-Direct Quality at Affordable Prices<\/h3>\n<p>Experience top-tier quality without breaking the bank with SX&#8217;s factory-direct butterfly latches. Our latches provide durability and reliability at competitive prices, ensuring you get the best value for your money.<\/p>\n<h3>Customisable and Convenient Butterfly Latches<\/h3>\n<p>SX offers easy-to-use butterfly latches with customisation options to meet your unique needs. Whether for flight cases or storage boxes, our latches deliver secure closures, making your job simpler and more efficient.<\/p>\n<\/div>\n<\/div>\n<\/div>\n<\/div>\n<\/div>\n<\/div>\n","protected":false},"featured_media":3771,"comment_status":"open","ping_status":"closed","template":"","meta":[],"product_brand":[],"product_cat":[61],"product_tag":[],"class_list":{"0":"post-3772","1":"product","2":"type-product","3":"status-publish","4":"has-post-thumbnail","6":"product_cat-catchother-locks","8":"first","9":"instock","10":"shipping-taxable","11":"product-type-simple"},"yoast_head":"<!-- This site is optimized with the Yoast SEO Premium plugin v27.1 (Yoast SEO v27.2) - https:\/\/yoast.com\/product\/yoast-seo-premium-wordpress\/ -->\n<title>Butterfly Latch LOA101 - https:\/\/sxflightcase.com \ud83d\udc97<\/title>\n<meta name=\"description\" content=\"Butterfly latch, factory direct! High-quality, reliable solutions for secure closures on flight cases and equipment. Ideal for professional and industrial use.\" \/>\n<meta name=\"robots\" content=\"index, follow, max-snippet:-1, max-image-preview:large, max-video-preview:-1\" \/>\n<link rel=\"canonical\" href=\"https:\/\/sxflightcase.com\/da\/\u0645\u0646\u062a\u062c\/\u0645\u0632\u0644\u0627\u062c-\u0627\u0644\u0641\u0631\u0627\u0634\u0629-loa101-2\/\" \/>\n<meta property=\"og:locale\" content=\"da_DK\" \/>\n<meta property=\"og:type\" content=\"article\" \/>\n<meta property=\"og:title\" content=\"Butterfly Latch LOA101\" \/>\n<meta property=\"og:description\" content=\"Butterfly latch, factory direct! High-quality, reliable solutions for secure closures on flight cases and equipment. Ideal for professional and industrial use.\" \/>\n<meta property=\"og:url\" content=\"https:\/\/sxflightcase.com\/da\/\u0645\u0646\u062a\u062c\/\u0645\u0632\u0644\u0627\u062c-\u0627\u0644\u0641\u0631\u0627\u0634\u0629-loa101-2\/\" \/>\n<meta property=\"og:site_name\" content=\"https:\/\/sxflightcase.com\" \/>\n<meta property=\"article:publisher\" content=\"https:\/\/www.facebook.com\/profile.php?id=61560407257971\" \/>\n<meta property=\"article:modified_time\" content=\"2024-07-29T06:30:34+00:00\" \/>\n<meta property=\"og:image\" content=\"https:\/\/sxflightcase.com\/wp-content\/uploads\/2024\/07\/LOA101.jpg\" \/>\n\t<meta property=\"og:image:width\" content=\"520\" \/>\n\t<meta property=\"og:image:height\" content=\"475\" \/>\n\t<meta property=\"og:image:type\" content=\"image\/jpeg\" \/>\n<meta name=\"twitter:card\" content=\"summary_large_image\" \/>\n<meta name=\"twitter:label1\" content=\"Estimeret l\u00e6setid\" \/>\n\t<meta name=\"twitter:data1\" content=\"4 minutter\" \/>\n<script type=\"application\/ld+json\" class=\"yoast-schema-graph\">{\"@context\":\"https:\/\/schema.org\",\"@graph\":[{\"@type\":\"WebPage\",\"@id\":\"https:\/\/sxflightcase.com\/ary\/\u0645\u0646\u062a\u062c\/\u0645\u0632\u0644\u0627\u062c-\u0627\u0644\u0641\u0631\u0627\u0634\u0629-loa101-2\/\",\"url\":\"https:\/\/sxflightcase.com\/ary\/\u0645\u0646\u062a\u062c\/\u0645\u0632\u0644\u0627\u062c-\u0627\u0644\u0641\u0631\u0627\u0634\u0629-loa101-2\/\",\"name\":\"Butterfly Latch LOA101 - https:\/\/sxflightcase.com \ud83d\udc97\",\"isPartOf\":{\"@id\":\"https:\/\/sxflightcase.com\/th\/#website\"},\"primaryImageOfPage\":{\"@id\":\"https:\/\/sxflightcase.com\/ary\/\u0645\u0646\u062a\u062c\/\u0645\u0632\u0644\u0627\u062c-\u0627\u0644\u0641\u0631\u0627\u0634\u0629-loa101-2\/#primaryimage\"},\"image\":{\"@id\":\"https:\/\/sxflightcase.com\/ary\/\u0645\u0646\u062a\u062c\/\u0645\u0632\u0644\u0627\u062c-\u0627\u0644\u0641\u0631\u0627\u0634\u0629-loa101-2\/#primaryimage\"},\"thumbnailUrl\":\"https:\/\/sxflightcase.com\/wp-content\/uploads\/2024\/07\/LOA101.jpg\",\"datePublished\":\"2024-07-26T06:44:23+00:00\",\"dateModified\":\"2024-07-29T06:30:34+00:00\",\"description\":\"Butterfly latch, factory direct! High-quality, reliable solutions for secure closures on flight cases and equipment. Ideal for professional and industrial use.\",\"breadcrumb\":{\"@id\":\"https:\/\/sxflightcase.com\/ary\/\u0645\u0646\u062a\u062c\/\u0645\u0632\u0644\u0627\u062c-\u0627\u0644\u0641\u0631\u0627\u0634\u0629-loa101-2\/#breadcrumb\"},\"inLanguage\":\"da-DK\",\"potentialAction\":[{\"@type\":\"ReadAction\",\"target\":[\"https:\/\/sxflightcase.com\/ary\/\u0645\u0646\u062a\u062c\/\u0645\u0632\u0644\u0627\u062c-\u0627\u0644\u0641\u0631\u0627\u0634\u0629-loa101-2\/\"]}]},{\"@type\":\"ImageObject\",\"inLanguage\":\"da-DK\",\"@id\":\"https:\/\/sxflightcase.com\/ary\/\u0645\u0646\u062a\u062c\/\u0645\u0632\u0644\u0627\u062c-\u0627\u0644\u0641\u0631\u0627\u0634\u0629-loa101-2\/#primaryimage\",\"url\":\"https:\/\/sxflightcase.com\/wp-content\/uploads\/2024\/07\/LOA101.jpg\",\"contentUrl\":\"https:\/\/sxflightcase.com\/wp-content\/uploads\/2024\/07\/LOA101.jpg\",\"width\":520,\"height\":475,\"caption\":\"butterfly latch\"},{\"@type\":\"BreadcrumbList\",\"@id\":\"https:\/\/sxflightcase.com\/ary\/\u0645\u0646\u062a\u062c\/\u0645\u0632\u0644\u0627\u062c-\u0627\u0644\u0641\u0631\u0627\u0634\u0629-loa101-2\/#breadcrumb\",\"itemListElement\":[{\"@type\":\"ListItem\",\"position\":1,\"name\":\"Home\",\"item\":\"https:\/\/sxflightcase.com\/\"},{\"@type\":\"ListItem\",\"position\":2,\"name\":\"\u0e2a\u0e34\u0e19\u0e04\u0e49\u0e32\",\"item\":\"https:\/\/sxflightcase.com\/th\/shop\/\"},{\"@type\":\"ListItem\",\"position\":3,\"name\":\"Butterfly Latch LOA101\"}]},{\"@type\":\"WebSite\",\"@id\":\"https:\/\/sxflightcase.com\/th\/#website\",\"url\":\"https:\/\/sxflightcase.com\/th\/\",\"name\":\"sxpowercase.com\",\"description\":\"Flight Case Factory\",\"publisher\":{\"@id\":\"https:\/\/sxflightcase.com\/th\/#organization\"},\"potentialAction\":[{\"@type\":\"SearchAction\",\"target\":{\"@type\":\"EntryPoint\",\"urlTemplate\":\"https:\/\/sxflightcase.com\/th\/?s={search_term_string}\"},\"query-input\":{\"@type\":\"PropertyValueSpecification\",\"valueRequired\":true,\"valueName\":\"search_term_string\"}}],\"inLanguage\":\"da-DK\"},{\"@type\":\"Organization\",\"@id\":\"https:\/\/sxflightcase.com\/th\/#organization\",\"name\":\"sxpowercase.com\",\"url\":\"https:\/\/sxflightcase.com\/th\/\",\"logo\":{\"@type\":\"ImageObject\",\"inLanguage\":\"da-DK\",\"@id\":\"https:\/\/sxflightcase.com\/th\/#\/schema\/logo\/image\/\",\"url\":\"https:\/\/sxflightcase.com\/wp-content\/uploads\/2024\/04\/1713919036007.jpg\",\"contentUrl\":\"https:\/\/sxflightcase.com\/wp-content\/uploads\/2024\/04\/1713919036007.jpg\",\"width\":382,\"height\":388,\"caption\":\"sxpowercase.com\"},\"image\":{\"@id\":\"https:\/\/sxflightcase.com\/th\/#\/schema\/logo\/image\/\"},\"sameAs\":[\"https:\/\/www.facebook.com\/profile.php?id=61560407257971\"],\"numberOfEmployees\":{\"@type\":\"QuantitativeValue\",\"minValue\":\"11\",\"maxValue\":\"50\"}}]}<\/script>\n<!-- \/ Yoast SEO Premium plugin. -->","yoast_head_json":{"title":"Butterfly Latch LOA101 - https:\/\/sxflightcase.com \ud83d\udc97","description":"Butterfly-l\u00e5s, direkte fra fabrikken! P\u00e5lidelige l\u00f8sninger af h\u00f8j kvalitet til sikker lukning af flightcases og udstyr. Ideel til professionel og industriel brug.","robots":{"index":"index","follow":"follow","max-snippet":"max-snippet:-1","max-image-preview":"max-image-preview:large","max-video-preview":"max-video-preview:-1"},"canonical":"https:\/\/sxflightcase.com\/da\/\u0645\u0646\u062a\u062c\/\u0645\u0632\u0644\u0627\u062c-\u0627\u0644\u0641\u0631\u0627\u0634\u0629-loa101-2\/","og_locale":"da_DK","og_type":"article","og_title":"Butterfly Latch LOA101","og_description":"Butterfly latch, factory direct! High-quality, reliable solutions for secure closures on flight cases and equipment. Ideal for professional and industrial use.","og_url":"https:\/\/sxflightcase.com\/da\/\u0645\u0646\u062a\u062c\/\u0645\u0632\u0644\u0627\u062c-\u0627\u0644\u0641\u0631\u0627\u0634\u0629-loa101-2\/","og_site_name":"https:\/\/sxflightcase.com","article_publisher":"https:\/\/www.facebook.com\/profile.php?id=61560407257971","article_modified_time":"2024-07-29T06:30:34+00:00","og_image":[{"width":520,"height":475,"url":"https:\/\/sxflightcase.com\/wp-content\/uploads\/2024\/07\/LOA101.jpg","type":"image\/jpeg"}],"twitter_card":"summary_large_image","twitter_misc":{"Estimeret l\u00e6setid":"4 minutter"},"schema":{"@context":"https:\/\/schema.org","@graph":[{"@type":"WebPage","@id":"https:\/\/sxflightcase.com\/ary\/\u0645\u0646\u062a\u062c\/\u0645\u0632\u0644\u0627\u062c-\u0627\u0644\u0641\u0631\u0627\u0634\u0629-loa101-2\/","url":"https:\/\/sxflightcase.com\/ary\/\u0645\u0646\u062a\u062c\/\u0645\u0632\u0644\u0627\u062c-\u0627\u0644\u0641\u0631\u0627\u0634\u0629-loa101-2\/","name":"Butterfly Latch LOA101 - https:\/\/sxflightcase.com \ud83d\udc97","isPartOf":{"@id":"https:\/\/sxflightcase.com\/th\/#website"},"primaryImageOfPage":{"@id":"https:\/\/sxflightcase.com\/ary\/\u0645\u0646\u062a\u062c\/\u0645\u0632\u0644\u0627\u062c-\u0627\u0644\u0641\u0631\u0627\u0634\u0629-loa101-2\/#primaryimage"},"image":{"@id":"https:\/\/sxflightcase.com\/ary\/\u0645\u0646\u062a\u062c\/\u0645\u0632\u0644\u0627\u062c-\u0627\u0644\u0641\u0631\u0627\u0634\u0629-loa101-2\/#primaryimage"},"thumbnailUrl":"https:\/\/sxflightcase.com\/wp-content\/uploads\/2024\/07\/LOA101.jpg","datePublished":"2024-07-26T06:44:23+00:00","dateModified":"2024-07-29T06:30:34+00:00","description":"Butterfly-l\u00e5s, direkte fra fabrikken! P\u00e5lidelige l\u00f8sninger af h\u00f8j kvalitet til sikker lukning af flightcases og udstyr. Ideel til professionel og industriel brug.","breadcrumb":{"@id":"https:\/\/sxflightcase.com\/ary\/\u0645\u0646\u062a\u062c\/\u0645\u0632\u0644\u0627\u062c-\u0627\u0644\u0641\u0631\u0627\u0634\u0629-loa101-2\/#breadcrumb"},"inLanguage":"da-DK","potentialAction":[{"@type":"ReadAction","target":["https:\/\/sxflightcase.com\/ary\/\u0645\u0646\u062a\u062c\/\u0645\u0632\u0644\u0627\u062c-\u0627\u0644\u0641\u0631\u0627\u0634\u0629-loa101-2\/"]}]},{"@type":"ImageObject","inLanguage":"da-DK","@id":"https:\/\/sxflightcase.com\/ary\/\u0645\u0646\u062a\u062c\/\u0645\u0632\u0644\u0627\u062c-\u0627\u0644\u0641\u0631\u0627\u0634\u0629-loa101-2\/#primaryimage","url":"https:\/\/sxflightcase.com\/wp-content\/uploads\/2024\/07\/LOA101.jpg","contentUrl":"https:\/\/sxflightcase.com\/wp-content\/uploads\/2024\/07\/LOA101.jpg","width":520,"height":475,"caption":"butterfly latch"},{"@type":"BreadcrumbList","@id":"https:\/\/sxflightcase.com\/ary\/\u0645\u0646\u062a\u062c\/\u0645\u0632\u0644\u0627\u062c-\u0627\u0644\u0641\u0631\u0627\u0634\u0629-loa101-2\/#breadcrumb","itemListElement":[{"@type":"ListItem","position":1,"name":"Home","item":"https:\/\/sxflightcase.com\/"},{"@type":"ListItem","position":2,"name":"\u0e2a\u0e34\u0e19\u0e04\u0e49\u0e32","item":"https:\/\/sxflightcase.com\/th\/shop\/"},{"@type":"ListItem","position":3,"name":"Butterfly Latch LOA101"}]},{"@type":"WebSite","@id":"https:\/\/sxflightcase.com\/th\/#website","url":"https:\/\/sxflightcase.com\/th\/","name":"sxpowercase.com","description":"Flight Case Factory","publisher":{"@id":"https:\/\/sxflightcase.com\/th\/#organization"},"potentialAction":[{"@type":"SearchAction","target":{"@type":"EntryPoint","urlTemplate":"https:\/\/sxflightcase.com\/th\/?s={search_term_string}"},"query-input":{"@type":"PropertyValueSpecification","valueRequired":true,"valueName":"search_term_string"}}],"inLanguage":"da-DK"},{"@type":"Organization","@id":"https:\/\/sxflightcase.com\/th\/#organization","name":"sxpowercase.com","url":"https:\/\/sxflightcase.com\/th\/","logo":{"@type":"ImageObject","inLanguage":"da-DK","@id":"https:\/\/sxflightcase.com\/th\/#\/schema\/logo\/image\/","url":"https:\/\/sxflightcase.com\/wp-content\/uploads\/2024\/04\/1713919036007.jpg","contentUrl":"https:\/\/sxflightcase.com\/wp-content\/uploads\/2024\/04\/1713919036007.jpg","width":382,"height":388,"caption":"sxpowercase.com"},"image":{"@id":"https:\/\/sxflightcase.com\/th\/#\/schema\/logo\/image\/"},"sameAs":["https:\/\/www.facebook.com\/profile.php?id=61560407257971"],"numberOfEmployees":{"@type":"QuantitativeValue","minValue":"11","maxValue":"50"}}]}},"_links":{"self":[{"href":"https:\/\/sxflightcase.com\/da\/wp-json\/wp\/v2\/product\/3772","targetHints":{"allow":["GET"]}}],"collection":[{"href":"https:\/\/sxflightcase.com\/da\/wp-json\/wp\/v2\/product"}],"about":[{"href":"https:\/\/sxflightcase.com\/da\/wp-json\/wp\/v2\/types\/product"}],"replies":[{"embeddable":true,"href":"https:\/\/sxflightcase.com\/da\/wp-json\/wp\/v2\/comments?post=3772"}],"version-history":[{"count":0,"href":"https:\/\/sxflightcase.com\/da\/wp-json\/wp\/v2\/product\/3772\/revisions"}],"wp:featuredmedia":[{"embeddable":true,"href":"https:\/\/sxflightcase.com\/da\/wp-json\/wp\/v2\/media\/3771"}],"wp:attachment":[{"href":"https:\/\/sxflightcase.com\/da\/wp-json\/wp\/v2\/media?parent=3772"}],"wp:term":[{"taxonomy":"product_brand","embeddable":true,"href":"https:\/\/sxflightcase.com\/da\/wp-json\/wp\/v2\/product_brand?post=3772"},{"taxonomy":"product_cat","embeddable":true,"href":"https:\/\/sxflightcase.com\/da\/wp-json\/wp\/v2\/product_cat?post=3772"},{"taxonomy":"product_tag","embeddable":true,"href":"https:\/\/sxflightcase.com\/da\/wp-json\/wp\/v2\/product_tag?post=3772"}],"curies":[{"name":"wp","href":"https:\/\/api.w.org\/{rel}","templated":true}]}}