{"id":3886,"date":"2024-07-30T09:17:20","date_gmt":"2024-07-30T08:17:20","guid":{"rendered":"https:\/\/sxpowercase.com\/?post_type=product&#038;p=3886"},"modified":"2024-07-30T09:17:21","modified_gmt":"2024-07-30T08:17:21","slug":"flight-case-locks-loa208","status":"publish","type":"product","link":"https:\/\/sxflightcase.com\/da\/vare\/flightcase-lase-loa208-2\/","title":{"rendered":"Flight Case-l\u00e5se LOA208"},"content":{"rendered":"<h2>Forbedr beskyttelsen af dit udstyr med SX Flight Case-l\u00e5se<\/h2>\n<h3>Sikr dit udstyr med lethed<\/h3>\n<p>For professionelle, der ofte transporterer v\u00e6rdifuldt udstyr, er det altafg\u00f8rende at sikre udstyret. SX tilbyder robuste Flight Case Locks, der er designet til at give overlegen sikkerhed til alle typer kufferter. Uanset om du er p\u00e5 farten eller i luften, sikrer disse l\u00e5se, at dit udstyr forbliver sikkert og beskyttet.<\/p>\n<h3>Direkte fra fabrikken: Kvalitet og besparelser<\/h3>\n<p>P\u00e5 <a href=\"https:\/\/sxpowercase.com\/\" target=\"_blank\" rel=\"noopener\" title=\"SX\" data-wpil-monitor-id=\"609\">SX<\/a>Vi tilbyder vores Flight Case Locks gennem direkte salg fra fabrikken. Denne tilgang giver os mulighed for at opretholde h\u00f8je kvalitetsstandarder og samtidig holde priserne nede. Ved at sk\u00e6re mellemmanden v\u00e6k giver vi dig overkommelige sikkerhedsl\u00f8sninger i topklasse, som ikke g\u00e5r p\u00e5 kompromis med ydeevnen.<\/p>\n<h3>Betroet kvalitetssikring<\/h3>\n<p>Vores Flight Case-l\u00e5se er fremstillet med fokus p\u00e5 kvalitetssikring. SX bruger holdbare materialer og pr\u00e6cis teknik til at skabe l\u00e5se, der kan holde til tidens tand. Hver l\u00e5s testes grundigt for at sikre, at den opfylder vores strenge standarder for p\u00e5lidelighed og holdbarhed, hvilket giver dig ro i sindet.<\/p>\n<h3>Enkel installation og p\u00e5lidelig brug<\/h3>\n<p>SX Flight Case Locks er designet med henblik p\u00e5 enkelhed og brugervenlighed. Installationen er ligetil og g\u00f8r det nemt at sikre dine kufferter hurtigt. Den robuste l\u00e5semekanisme sikrer, at dit udstyr er beskyttet mod uautoriseret adgang, n\u00e5r det f\u00f8rst er l\u00e5st, og holder dine v\u00e6rdifulde genstande sikre under hele rejsen.<\/p>\n<h3>Tilpasning til dine behov<\/h3>\n<p>Vi forst\u00e5r, at forskellige kufferter har forskellige krav. Derfor tilbyder SX en r\u00e6kke tilpasningsmuligheder for vores Flight Case-l\u00e5se. Uanset om du har brug for specifikke l\u00e5sestilarter, finish eller andre modifikationer, kan vi skr\u00e6ddersy vores l\u00e5se, s\u00e5 de passer til netop dine behov. Vores skr\u00e6ddersyede service sikrer, at du f\u00e5r et produkt, der ikke kun giver sikkerhed, men ogs\u00e5 supplerer dit udstyrs \u00e6stetik.<\/p>\n<h3>Prisbillige sikkerhedsl\u00f8sninger<\/h3>\n<p>At v\u00e6lge SX betyder at v\u00e6lge sikkerhed til en overkommelig pris uden at g\u00e5 p\u00e5 kompromis med kvaliteten. Vores direkte fabriksmodel sikrer konkurrencedygtige priser, hvilket g\u00f8r vores Flight Case Locks til et \u00f8konomisk valg til beskyttelse af dit udstyr. Vi mener, at sikkerhed af h\u00f8j kvalitet b\u00f8r v\u00e6re tilg\u00e6ngelig for alle, og derfor tilbyder vi nogle af de bedste priser p\u00e5 markedet.<\/p>\n<h3>Alsidige l\u00e5sel\u00f8sninger<\/h3>\n<p>SX Flight Case Locks er alsidige og egner sig til en lang r\u00e6kke anvendelser. De er ideelle til at sikre musikinstrumenter, elektroniske enheder og f\u00f8lsomme v\u00e6rkt\u00f8jer. Uanset om du er turnerende musiker, professionel eventarrang\u00f8r eller tekniker, giver vores l\u00e5se dig den p\u00e5lidelige sikkerhed, du har brug for, s\u00e5 du kan have ro i sindet.<\/p>\n<h3>Hvorfor v\u00e6lge SX?<\/h3>\n<p>Med SX v\u00e6lger du et m\u00e6rke, der v\u00e6rds\u00e6tter kvalitet, overkommelige priser og kundetilfredshed. Vores Flight Case Lock er designet til at levere p\u00e5lidelig sikkerhed med de ekstra fordele ved fabriksdirekte priser og tilpasningsmuligheder. SX er dit foretrukne m\u00e6rke til omkostningseffektive l\u00e5sel\u00f8sninger af h\u00f8j kvalitet.<\/p>\n<h3>Kontakt os i dag<\/h3>\n<p>Sikr dit udstyr med SX Flight Case Lock. Kontakt os i dag for at udforske vores udvalg af l\u00e5sel\u00f8sninger og finde den perfekte l\u00e5s til dine behov. Vores ekspertteam er klar til at hj\u00e6lpe dig med at v\u00e6lge de bedste muligheder for at holde dit udstyr sikkert. Stol p\u00e5 SX, n\u00e5r det g\u00e6lder sikre, p\u00e5lidelige og prisvenlige l\u00e5sel\u00f8sninger.<\/p>\n<p>Kontakt nu:<span style=\"color: #0000ff;\"><a style=\"color: #0000ff;\" href=\"https:\/\/sxpowercase.com\/contact-us\/\">https:\/\/sxpowercase.com\/<\/a><\/span><\/p>\n<p>Hardware produktkatalog:<span style=\"color: #3366ff;\"><a style=\"color: #3366ff;\" href=\"https:\/\/sxpowercase.com\/wp-content\/uploads\/2024\/07\/\u4e94\u91d1.pdf\">Hardware tilbeh\u00f8r katalog<\/a><\/span><\/p>","protected":false},"excerpt":{"rendered":"<div class=\"flex-shrink-0 flex flex-col relative items-end\">\n<div>\n<div class=\"pt-0\">\n<div class=\"gizmo-bot-avatar flex h-8 w-8 items-center justify-center overflow-hidden rounded-full\">\n<div class=\"relative p-1 rounded-sm flex items-center justify-center bg-token-main-surface-primary text-token-text-primary h-8 w-8\"><\/div>\n<\/div>\n<\/div>\n<\/div>\n<\/div>\n<div class=\"group\/conversation-turn relative flex w-full min-w-0 flex-col agent-turn\">\n<div class=\"flex-col gap-1 md:gap-3\">\n<div class=\"flex flex-grow flex-col max-w-full\">\n<div class=\"min-h-[20px] text-message flex w-full flex-col items-end gap-2 whitespace-pre-wrap break-words [.text-message+&amp;]:mt-5 overflow-x-auto\" dir=\"auto\" data-message-author-role=\"assistant\" data-message-id=\"f2bd0781-0ac1-40b4-8361-25f7ecc8518d\">\n<div class=\"flex w-full flex-col gap-1 empty:hidden first:pt-[3px]\">\n<div class=\"markdown prose w-full break-words dark:prose-invert light\">\n<h3>Ultimate Security with SX Flight Case Locks<\/h3>\n<p>Protect your valuable equipment with SX Flight Case Locks, designed to prevent unauthorised access. Our locks ensure peace of mind during transport with robust and reliable security.<\/p>\n<h3>Affordable, High-Quality Locks<\/h3>\n<p>Enjoy top-quality SX Flight Case Locks at competitive prices through factory-direct sales. We provide exceptional value without compromising on quality, passing savings directly to you.<\/p>\n<h3>Easy Installation and Customisation<\/h3>\n<p>SX Flight Case Locks are easy to install and offer customisation options to fit your specific needs. Secure your equipment effortlessly with strong, user-friendly locks that look professional.<\/p>\n<\/div>\n<\/div>\n<\/div>\n<\/div>\n<\/div>\n<\/div>\n","protected":false},"featured_media":3781,"comment_status":"open","ping_status":"closed","template":"","meta":[],"product_brand":[],"product_cat":[61],"product_tag":[],"class_list":{"0":"post-3886","1":"product","2":"type-product","3":"status-publish","4":"has-post-thumbnail","6":"product_cat-catchother-locks","8":"first","9":"instock","10":"shipping-taxable","11":"product-type-simple"},"yoast_head":"<!-- This site is optimized with the Yoast SEO Premium plugin v27.1 (Yoast SEO v27.2) - https:\/\/yoast.com\/product\/yoast-seo-premium-wordpress\/ -->\n<title>Flight Case Locks LOA208 - https:\/\/sxflightcase.com \ud83d\udc97<\/title>\n<meta name=\"description\" content=\"Flight case locks, factory direct! High-quality, secure locking solutions for protecting your equipment during transport. Ideal for professionals and industry use.\" \/>\n<meta name=\"robots\" content=\"index, follow, max-snippet:-1, max-image-preview:large, max-video-preview:-1\" \/>\n<link rel=\"canonical\" href=\"https:\/\/sxflightcase.com\/da\/product\/flightcase-sloten-loa208\/\" \/>\n<meta property=\"og:locale\" content=\"da_DK\" \/>\n<meta property=\"og:type\" content=\"article\" \/>\n<meta property=\"og:title\" content=\"Flight Case Locks LOA208\" \/>\n<meta property=\"og:description\" content=\"Flight case locks, factory direct! High-quality, secure locking solutions for protecting your equipment during transport. Ideal for professionals and industry use.\" \/>\n<meta property=\"og:url\" content=\"https:\/\/sxflightcase.com\/da\/product\/flightcase-sloten-loa208\/\" \/>\n<meta property=\"og:site_name\" content=\"https:\/\/sxflightcase.com\" \/>\n<meta property=\"article:publisher\" content=\"https:\/\/www.facebook.com\/profile.php?id=61560407257971\" \/>\n<meta property=\"article:modified_time\" content=\"2024-07-30T08:17:21+00:00\" \/>\n<meta property=\"og:image\" content=\"https:\/\/sxflightcase.com\/wp-content\/uploads\/2024\/07\/LOA208.jpg\" \/>\n\t<meta property=\"og:image:width\" content=\"520\" \/>\n\t<meta property=\"og:image:height\" content=\"406\" \/>\n\t<meta property=\"og:image:type\" content=\"image\/jpeg\" \/>\n<meta name=\"twitter:card\" content=\"summary_large_image\" \/>\n<meta name=\"twitter:label1\" content=\"Estimeret l\u00e6setid\" \/>\n\t<meta name=\"twitter:data1\" content=\"3 minutter\" \/>\n<script type=\"application\/ld+json\" class=\"yoast-schema-graph\">{\"@context\":\"https:\/\/schema.org\",\"@graph\":[{\"@type\":\"WebPage\",\"@id\":\"https:\/\/sxflightcase.com\/nl\/product\/flightcase-sloten-loa208\/\",\"url\":\"https:\/\/sxflightcase.com\/nl\/product\/flightcase-sloten-loa208\/\",\"name\":\"Flight Case Locks LOA208 - https:\/\/sxflightcase.com \ud83d\udc97\",\"isPartOf\":{\"@id\":\"https:\/\/sxflightcase.com\/th\/#website\"},\"primaryImageOfPage\":{\"@id\":\"https:\/\/sxflightcase.com\/nl\/product\/flightcase-sloten-loa208\/#primaryimage\"},\"image\":{\"@id\":\"https:\/\/sxflightcase.com\/nl\/product\/flightcase-sloten-loa208\/#primaryimage\"},\"thumbnailUrl\":\"https:\/\/sxflightcase.com\/wp-content\/uploads\/2024\/07\/LOA208.jpg\",\"datePublished\":\"2024-07-30T08:17:20+00:00\",\"dateModified\":\"2024-07-30T08:17:21+00:00\",\"description\":\"Flight case locks, factory direct! High-quality, secure locking solutions for protecting your equipment during transport. Ideal for professionals and industry use.\",\"breadcrumb\":{\"@id\":\"https:\/\/sxflightcase.com\/nl\/product\/flightcase-sloten-loa208\/#breadcrumb\"},\"inLanguage\":\"da-DK\",\"potentialAction\":[{\"@type\":\"ReadAction\",\"target\":[\"https:\/\/sxflightcase.com\/nl\/product\/flightcase-sloten-loa208\/\"]}]},{\"@type\":\"ImageObject\",\"inLanguage\":\"da-DK\",\"@id\":\"https:\/\/sxflightcase.com\/nl\/product\/flightcase-sloten-loa208\/#primaryimage\",\"url\":\"https:\/\/sxflightcase.com\/wp-content\/uploads\/2024\/07\/LOA208.jpg\",\"contentUrl\":\"https:\/\/sxflightcase.com\/wp-content\/uploads\/2024\/07\/LOA208.jpg\",\"width\":520,\"height\":406,\"caption\":\"Flight Case Locks\"},{\"@type\":\"BreadcrumbList\",\"@id\":\"https:\/\/sxflightcase.com\/nl\/product\/flightcase-sloten-loa208\/#breadcrumb\",\"itemListElement\":[{\"@type\":\"ListItem\",\"position\":1,\"name\":\"Home\",\"item\":\"https:\/\/sxflightcase.com\/\"},{\"@type\":\"ListItem\",\"position\":2,\"name\":\"\u0e2a\u0e34\u0e19\u0e04\u0e49\u0e32\",\"item\":\"https:\/\/sxflightcase.com\/th\/shop\/\"},{\"@type\":\"ListItem\",\"position\":3,\"name\":\"Flight Case Locks LOA208\"}]},{\"@type\":\"WebSite\",\"@id\":\"https:\/\/sxflightcase.com\/th\/#website\",\"url\":\"https:\/\/sxflightcase.com\/th\/\",\"name\":\"sxpowercase.com\",\"description\":\"Flight Case Factory\",\"publisher\":{\"@id\":\"https:\/\/sxflightcase.com\/th\/#organization\"},\"potentialAction\":[{\"@type\":\"SearchAction\",\"target\":{\"@type\":\"EntryPoint\",\"urlTemplate\":\"https:\/\/sxflightcase.com\/th\/?s={search_term_string}\"},\"query-input\":{\"@type\":\"PropertyValueSpecification\",\"valueRequired\":true,\"valueName\":\"search_term_string\"}}],\"inLanguage\":\"da-DK\"},{\"@type\":\"Organization\",\"@id\":\"https:\/\/sxflightcase.com\/th\/#organization\",\"name\":\"sxpowercase.com\",\"url\":\"https:\/\/sxflightcase.com\/th\/\",\"logo\":{\"@type\":\"ImageObject\",\"inLanguage\":\"da-DK\",\"@id\":\"https:\/\/sxflightcase.com\/th\/#\/schema\/logo\/image\/\",\"url\":\"https:\/\/sxflightcase.com\/wp-content\/uploads\/2024\/04\/1713919036007.jpg\",\"contentUrl\":\"https:\/\/sxflightcase.com\/wp-content\/uploads\/2024\/04\/1713919036007.jpg\",\"width\":382,\"height\":388,\"caption\":\"sxpowercase.com\"},\"image\":{\"@id\":\"https:\/\/sxflightcase.com\/th\/#\/schema\/logo\/image\/\"},\"sameAs\":[\"https:\/\/www.facebook.com\/profile.php?id=61560407257971\"],\"numberOfEmployees\":{\"@type\":\"QuantitativeValue\",\"minValue\":\"11\",\"maxValue\":\"50\"}}]}<\/script>\n<!-- \/ Yoast SEO Premium plugin. -->","yoast_head_json":{"title":"Flight Case Locks LOA208 - https:\/\/sxflightcase.com \ud83d\udc97","description":"Flightcase-l\u00e5se, direkte fra fabrikken! Sikre l\u00e5sel\u00f8sninger af h\u00f8j kvalitet til beskyttelse af dit udstyr under transport. Ideel til professionelle og til brug i industrien.","robots":{"index":"index","follow":"follow","max-snippet":"max-snippet:-1","max-image-preview":"max-image-preview:large","max-video-preview":"max-video-preview:-1"},"canonical":"https:\/\/sxflightcase.com\/da\/product\/flightcase-sloten-loa208\/","og_locale":"da_DK","og_type":"article","og_title":"Flight Case Locks LOA208","og_description":"Flight case locks, factory direct! High-quality, secure locking solutions for protecting your equipment during transport. Ideal for professionals and industry use.","og_url":"https:\/\/sxflightcase.com\/da\/product\/flightcase-sloten-loa208\/","og_site_name":"https:\/\/sxflightcase.com","article_publisher":"https:\/\/www.facebook.com\/profile.php?id=61560407257971","article_modified_time":"2024-07-30T08:17:21+00:00","og_image":[{"width":520,"height":406,"url":"https:\/\/sxflightcase.com\/wp-content\/uploads\/2024\/07\/LOA208.jpg","type":"image\/jpeg"}],"twitter_card":"summary_large_image","twitter_misc":{"Estimeret l\u00e6setid":"3 minutter"},"schema":{"@context":"https:\/\/schema.org","@graph":[{"@type":"WebPage","@id":"https:\/\/sxflightcase.com\/nl\/product\/flightcase-sloten-loa208\/","url":"https:\/\/sxflightcase.com\/nl\/product\/flightcase-sloten-loa208\/","name":"Flight Case Locks LOA208 - https:\/\/sxflightcase.com \ud83d\udc97","isPartOf":{"@id":"https:\/\/sxflightcase.com\/th\/#website"},"primaryImageOfPage":{"@id":"https:\/\/sxflightcase.com\/nl\/product\/flightcase-sloten-loa208\/#primaryimage"},"image":{"@id":"https:\/\/sxflightcase.com\/nl\/product\/flightcase-sloten-loa208\/#primaryimage"},"thumbnailUrl":"https:\/\/sxflightcase.com\/wp-content\/uploads\/2024\/07\/LOA208.jpg","datePublished":"2024-07-30T08:17:20+00:00","dateModified":"2024-07-30T08:17:21+00:00","description":"Flightcase-l\u00e5se, direkte fra fabrikken! Sikre l\u00e5sel\u00f8sninger af h\u00f8j kvalitet til beskyttelse af dit udstyr under transport. Ideel til professionelle og til brug i industrien.","breadcrumb":{"@id":"https:\/\/sxflightcase.com\/nl\/product\/flightcase-sloten-loa208\/#breadcrumb"},"inLanguage":"da-DK","potentialAction":[{"@type":"ReadAction","target":["https:\/\/sxflightcase.com\/nl\/product\/flightcase-sloten-loa208\/"]}]},{"@type":"ImageObject","inLanguage":"da-DK","@id":"https:\/\/sxflightcase.com\/nl\/product\/flightcase-sloten-loa208\/#primaryimage","url":"https:\/\/sxflightcase.com\/wp-content\/uploads\/2024\/07\/LOA208.jpg","contentUrl":"https:\/\/sxflightcase.com\/wp-content\/uploads\/2024\/07\/LOA208.jpg","width":520,"height":406,"caption":"Flight Case Locks"},{"@type":"BreadcrumbList","@id":"https:\/\/sxflightcase.com\/nl\/product\/flightcase-sloten-loa208\/#breadcrumb","itemListElement":[{"@type":"ListItem","position":1,"name":"Home","item":"https:\/\/sxflightcase.com\/"},{"@type":"ListItem","position":2,"name":"\u0e2a\u0e34\u0e19\u0e04\u0e49\u0e32","item":"https:\/\/sxflightcase.com\/th\/shop\/"},{"@type":"ListItem","position":3,"name":"Flight Case Locks LOA208"}]},{"@type":"WebSite","@id":"https:\/\/sxflightcase.com\/th\/#website","url":"https:\/\/sxflightcase.com\/th\/","name":"sxpowercase.com","description":"Flight Case Factory","publisher":{"@id":"https:\/\/sxflightcase.com\/th\/#organization"},"potentialAction":[{"@type":"SearchAction","target":{"@type":"EntryPoint","urlTemplate":"https:\/\/sxflightcase.com\/th\/?s={search_term_string}"},"query-input":{"@type":"PropertyValueSpecification","valueRequired":true,"valueName":"search_term_string"}}],"inLanguage":"da-DK"},{"@type":"Organization","@id":"https:\/\/sxflightcase.com\/th\/#organization","name":"sxpowercase.com","url":"https:\/\/sxflightcase.com\/th\/","logo":{"@type":"ImageObject","inLanguage":"da-DK","@id":"https:\/\/sxflightcase.com\/th\/#\/schema\/logo\/image\/","url":"https:\/\/sxflightcase.com\/wp-content\/uploads\/2024\/04\/1713919036007.jpg","contentUrl":"https:\/\/sxflightcase.com\/wp-content\/uploads\/2024\/04\/1713919036007.jpg","width":382,"height":388,"caption":"sxpowercase.com"},"image":{"@id":"https:\/\/sxflightcase.com\/th\/#\/schema\/logo\/image\/"},"sameAs":["https:\/\/www.facebook.com\/profile.php?id=61560407257971"],"numberOfEmployees":{"@type":"QuantitativeValue","minValue":"11","maxValue":"50"}}]}},"_links":{"self":[{"href":"https:\/\/sxflightcase.com\/da\/wp-json\/wp\/v2\/product\/3886","targetHints":{"allow":["GET"]}}],"collection":[{"href":"https:\/\/sxflightcase.com\/da\/wp-json\/wp\/v2\/product"}],"about":[{"href":"https:\/\/sxflightcase.com\/da\/wp-json\/wp\/v2\/types\/product"}],"replies":[{"embeddable":true,"href":"https:\/\/sxflightcase.com\/da\/wp-json\/wp\/v2\/comments?post=3886"}],"version-history":[{"count":0,"href":"https:\/\/sxflightcase.com\/da\/wp-json\/wp\/v2\/product\/3886\/revisions"}],"wp:featuredmedia":[{"embeddable":true,"href":"https:\/\/sxflightcase.com\/da\/wp-json\/wp\/v2\/media\/3781"}],"wp:attachment":[{"href":"https:\/\/sxflightcase.com\/da\/wp-json\/wp\/v2\/media?parent=3886"}],"wp:term":[{"taxonomy":"product_brand","embeddable":true,"href":"https:\/\/sxflightcase.com\/da\/wp-json\/wp\/v2\/product_brand?post=3886"},{"taxonomy":"product_cat","embeddable":true,"href":"https:\/\/sxflightcase.com\/da\/wp-json\/wp\/v2\/product_cat?post=3886"},{"taxonomy":"product_tag","embeddable":true,"href":"https:\/\/sxflightcase.com\/da\/wp-json\/wp\/v2\/product_tag?post=3886"}],"curies":[{"name":"wp","href":"https:\/\/api.w.org\/{rel}","templated":true}]}}