{"id":3897,"date":"2024-07-31T08:25:57","date_gmt":"2024-07-31T07:25:57","guid":{"rendered":"https:\/\/sxpowercase.com\/?post_type=product&#038;p=3897"},"modified":"2024-07-31T08:25:58","modified_gmt":"2024-07-31T07:25:58","slug":"flight-case-lock-loa209","status":"publish","type":"product","link":"https:\/\/sxflightcase.com\/da\/vare\/flightcase-las-loa209-2\/","title":{"rendered":"L\u00e5s til flykuffert LOA209"},"content":{"rendered":"<h2>Sikr dit udstyr med SX Flight Case Lock<\/h2>\n<h3>P\u00e5lidelig beskyttelse af dine v\u00e6rdigenstande<\/h3>\n<p>N\u00e5r det g\u00e6lder transport af v\u00e6rdifuldt udstyr, er sikkerhed en topprioritet. SX Flight Case Lock er en p\u00e5lidelig l\u00f8sning til at beskytte dit udstyr mod uautoriseret adgang. Disse l\u00e5se er designet til at v\u00e6re nemme at bruge og giver robust sikkerhed til en lang r\u00e6kke flightcases, s\u00e5 dine ejendele er beskyttet under transport.<\/p>\n<h3>Direkte fra fabrikken for kvalitet og overkommelige priser<\/h3>\n<p>P\u00e5 <a href=\"https:\/\/sxpowercase.com\/\" target=\"_blank\" rel=\"noopener\" title=\"SX\" data-wpil-monitor-id=\"610\">SX<\/a>Vi mener, at sikkerhed af h\u00f8j kvalitet b\u00f8r v\u00e6re tilg\u00e6ngelig for alle. Det er derfor, vi tilbyder vores Flight Case Locks gennem en direkte fabriksmodel. Denne tilgang giver os mulighed for at opretholde streng kvalitetskontrol og samtidig holde priserne lave. Ved at eliminere mellemm\u00e6nd giver vi vores kunder f\u00f8rsteklasses produkter til overkommelige priser, hvilket sikrer, at du f\u00e5r den bedste v\u00e6rdi for dine penge.<\/p>\n<h3>Bygget til at holde med kvalitetssikring<\/h3>\n<p>Vores Flight Case-l\u00e5se er fremstillet af holdbare materialer, der sikrer lang levetid. Hver l\u00e5s gennemg\u00e5r strenge tests for at opfylde vores kvalitetssikringsstandarder. Denne forpligtelse til kvalitet betyder, at du kan stole p\u00e5, at SX-l\u00e5se sikrer dit udstyr p\u00e5lideligt, tur efter tur. Uanset om du er turnerende musiker, professionel eventarrang\u00f8r eller tekniker, giver vores l\u00e5se dig den ro i sindet, du har brug for.<\/p>\n<h3>Nem installation og tilpasning<\/h3>\n<p>SX Flight Case Locks er ikke kun sikre, men ogs\u00e5 brugervenlige. De er nemme at installere, hvilket g\u00f8r dem til et praktisk valg til hurtig og effektiv beskyttelse. Derudover tilbyder vi tilpasningsmuligheder, der passer til dine specifikke behov. Uanset om du har brug for s\u00e6rlige l\u00e5setyper, finish eller konfigurationer, kan vores specialservice give dig den perfekte l\u00f8sning til dine flightcases.<\/p>\n<h3>Prisbillige sikkerhedsl\u00f8sninger<\/h3>\n<p>Overkommelige priser er n\u00f8glen hos SX. Vores model med direkte salg fra fabrikken g\u00f8r det muligt for os at tilbyde vores Flight Case Locks til konkurrencedygtige priser. Vi forst\u00e5r vigtigheden af budgetvenlige l\u00f8sninger, is\u00e6r for professionelle, der har brug for p\u00e5lidelige sikkerhedsl\u00f8sninger uden at spr\u00e6nge banken. Med SX f\u00e5r du l\u00e5se af h\u00f8j kvalitet, som ikke g\u00e5r p\u00e5 kompromis med sikkerheden eller prisen.<\/p>\n<h3>Alsidig og p\u00e5lidelig<\/h3>\n<p>SX Flight Case Locks er alsidige og passer til forskellige typer udstyr og kufferter. Vores l\u00e5se er designet til at sikre en lang r\u00e6kke genstande, lige fra musikinstrumenter og elektronik til f\u00f8lsomt v\u00e6rkt\u00f8j og meget mere. De er et vigtigt tilbeh\u00f8r for alle, der \u00f8nsker at beskytte deres udstyr mod skader eller tyveri under transport.<\/p>\n<h3>Hvorfor v\u00e6lge SX?<\/h3>\n<p>At v\u00e6lge SX betyder at v\u00e6lge kvalitet, p\u00e5lidelighed og overkommelige priser. Vores Flight Case Locks er designet med brugerens behov i tankerne og tilbyder en blanding af sikkerhed og bekvemmelighed. Med vores engagement i direkte fabrikspriser, kvalitetssikring og tilpasning skiller SX sig ud som et betroet brand i branchen.<\/p>\n<h3>Kontakt os i dag<\/h3>\n<p>G\u00e5 ikke p\u00e5 kompromis med sikkerheden for dit v\u00e6rdifulde udstyr. Invester i SX Flight Case Locks for at f\u00e5 p\u00e5lidelig beskyttelse til en uovertruffen pris. Kontakt os i dag for at udforske vores udvalg af l\u00e5sel\u00f8sninger og finde den perfekte l\u00e5s til dine behov. Vores venlige team er klar til at hj\u00e6lpe dig med at v\u00e6lge de bedste muligheder for at beskytte dit udstyr. Stol p\u00e5 SX til alle dine behov for flightcase-sikkerhed.<\/p>\n<p>Kontakt nu:<span style=\"color: #0000ff;\"><a style=\"color: #0000ff;\" href=\"https:\/\/sxpowercase.com\/contact-us\/\">https:\/\/sxpowercase.com\/<\/a><\/span><\/p>\n<p>Hardware produktkatalog:<span style=\"color: #3366ff;\"><a style=\"color: #3366ff;\" href=\"https:\/\/sxpowercase.com\/wp-content\/uploads\/2024\/07\/\u4e94\u91d1.pdf\">Hardware tilbeh\u00f8r katalog<\/a><\/span><\/p>","protected":false},"excerpt":{"rendered":"<div class=\"flex-shrink-0 flex flex-col relative items-end\">\n<div>\n<div class=\"pt-0\">\n<div class=\"gizmo-bot-avatar flex h-8 w-8 items-center justify-center overflow-hidden rounded-full\">\n<div class=\"relative p-1 rounded-sm flex items-center justify-center bg-token-main-surface-primary text-token-text-primary h-8 w-8\"><\/div>\n<\/div>\n<\/div>\n<\/div>\n<\/div>\n<div class=\"group\/conversation-turn relative flex w-full min-w-0 flex-col agent-turn\">\n<div class=\"flex-col gap-1 md:gap-3\">\n<div class=\"flex flex-grow flex-col max-w-full\">\n<div class=\"min-h-[20px] text-message flex w-full flex-col items-end gap-2 whitespace-pre-wrap break-words [.text-message+&amp;]:mt-5 overflow-x-auto\" dir=\"auto\" data-message-author-role=\"assistant\" data-message-id=\"f2bd0781-0ac1-40b4-8361-25f7ecc8518d\">\n<div class=\"flex w-full flex-col gap-1 empty:hidden first:pt-[3px]\">\n<div class=\"markdown prose w-full break-words dark:prose-invert light\">\n<h3>Ultimate Security with SX Flight Case Locks<\/h3>\n<p>Protect your valuable equipment with SX Flight Case Locks, designed to prevent unauthorised access. Our locks ensure peace of mind during transport with robust and reliable security.<\/p>\n<h3>Affordable, High-Quality Locks<\/h3>\n<p>Enjoy top-quality SX Flight Case Locks at competitive prices through factory-direct sales. We provide exceptional value without compromising on quality, passing savings directly to you.<\/p>\n<h3>Easy Installation and Customisation<\/h3>\n<p>SX Flight Case Locks are easy to install and offer customisation options to fit your specific needs. Secure your equipment effortlessly with strong, user-friendly locks that look professional.<\/p>\n<\/div>\n<\/div>\n<\/div>\n<\/div>\n<\/div>\n<\/div>\n","protected":false},"featured_media":3782,"comment_status":"open","ping_status":"closed","template":"","meta":[],"product_brand":[],"product_cat":[61],"product_tag":[],"class_list":{"0":"post-3897","1":"product","2":"type-product","3":"status-publish","4":"has-post-thumbnail","6":"product_cat-catchother-locks","8":"first","9":"instock","10":"shipping-taxable","11":"product-type-simple"},"yoast_head":"<!-- This site is optimized with the Yoast SEO Premium plugin v27.1 (Yoast SEO v27.2) - https:\/\/yoast.com\/product\/yoast-seo-premium-wordpress\/ -->\n<title>Flight Case Lock LOA209 - https:\/\/sxflightcase.com \ud83d\udc97<\/title>\n<meta name=\"description\" content=\"Flight case lock, factory direct! High-quality, secure locking solutions for protecting your equipment during transport. Ideal for professionals and industry use.\" \/>\n<meta name=\"robots\" content=\"index, follow, max-snippet:-1, max-image-preview:large, max-video-preview:-1\" \/>\n<link rel=\"canonical\" href=\"https:\/\/sxflightcase.com\/da\/urun\/ucus-cantasi-ki\u0307li\u0307di\u0307-loa209-2\/\" \/>\n<meta property=\"og:locale\" content=\"da_DK\" \/>\n<meta property=\"og:type\" content=\"article\" \/>\n<meta property=\"og:title\" content=\"Flight Case Lock LOA209\" \/>\n<meta property=\"og:description\" content=\"Flight case lock, factory direct! High-quality, secure locking solutions for protecting your equipment during transport. Ideal for professionals and industry use.\" \/>\n<meta property=\"og:url\" content=\"https:\/\/sxflightcase.com\/da\/urun\/ucus-cantasi-ki\u0307li\u0307di\u0307-loa209-2\/\" \/>\n<meta property=\"og:site_name\" content=\"https:\/\/sxflightcase.com\" \/>\n<meta property=\"article:publisher\" content=\"https:\/\/www.facebook.com\/profile.php?id=61560407257971\" \/>\n<meta property=\"article:modified_time\" content=\"2024-07-31T07:25:58+00:00\" \/>\n<meta property=\"og:image\" content=\"https:\/\/sxflightcase.com\/wp-content\/uploads\/2024\/07\/LOA209.jpg\" \/>\n\t<meta property=\"og:image:width\" content=\"520\" \/>\n\t<meta property=\"og:image:height\" content=\"458\" \/>\n\t<meta property=\"og:image:type\" content=\"image\/jpeg\" \/>\n<meta name=\"twitter:card\" content=\"summary_large_image\" \/>\n<meta name=\"twitter:label1\" content=\"Estimeret l\u00e6setid\" \/>\n\t<meta name=\"twitter:data1\" content=\"3 minutter\" \/>\n<script type=\"application\/ld+json\" class=\"yoast-schema-graph\">{\"@context\":\"https:\/\/schema.org\",\"@graph\":[{\"@type\":\"WebPage\",\"@id\":\"https:\/\/sxflightcase.com\/tr\/urun\/ucus-cantasi-ki\u0307li\u0307di\u0307-loa209-2\/\",\"url\":\"https:\/\/sxflightcase.com\/tr\/urun\/ucus-cantasi-ki\u0307li\u0307di\u0307-loa209-2\/\",\"name\":\"Flight Case Lock LOA209 - https:\/\/sxflightcase.com \ud83d\udc97\",\"isPartOf\":{\"@id\":\"https:\/\/sxflightcase.com\/th\/#website\"},\"primaryImageOfPage\":{\"@id\":\"https:\/\/sxflightcase.com\/tr\/urun\/ucus-cantasi-ki\u0307li\u0307di\u0307-loa209-2\/#primaryimage\"},\"image\":{\"@id\":\"https:\/\/sxflightcase.com\/tr\/urun\/ucus-cantasi-ki\u0307li\u0307di\u0307-loa209-2\/#primaryimage\"},\"thumbnailUrl\":\"https:\/\/sxflightcase.com\/wp-content\/uploads\/2024\/07\/LOA209.jpg\",\"datePublished\":\"2024-07-31T07:25:57+00:00\",\"dateModified\":\"2024-07-31T07:25:58+00:00\",\"description\":\"Flight case lock, factory direct! High-quality, secure locking solutions for protecting your equipment during transport. Ideal for professionals and industry use.\",\"breadcrumb\":{\"@id\":\"https:\/\/sxflightcase.com\/tr\/urun\/ucus-cantasi-ki\u0307li\u0307di\u0307-loa209-2\/#breadcrumb\"},\"inLanguage\":\"da-DK\",\"potentialAction\":[{\"@type\":\"ReadAction\",\"target\":[\"https:\/\/sxflightcase.com\/tr\/urun\/ucus-cantasi-ki\u0307li\u0307di\u0307-loa209-2\/\"]}]},{\"@type\":\"ImageObject\",\"inLanguage\":\"da-DK\",\"@id\":\"https:\/\/sxflightcase.com\/tr\/urun\/ucus-cantasi-ki\u0307li\u0307di\u0307-loa209-2\/#primaryimage\",\"url\":\"https:\/\/sxflightcase.com\/wp-content\/uploads\/2024\/07\/LOA209.jpg\",\"contentUrl\":\"https:\/\/sxflightcase.com\/wp-content\/uploads\/2024\/07\/LOA209.jpg\",\"width\":520,\"height\":458,\"caption\":\"Flight Case Lock\"},{\"@type\":\"BreadcrumbList\",\"@id\":\"https:\/\/sxflightcase.com\/tr\/urun\/ucus-cantasi-ki\u0307li\u0307di\u0307-loa209-2\/#breadcrumb\",\"itemListElement\":[{\"@type\":\"ListItem\",\"position\":1,\"name\":\"Home\",\"item\":\"https:\/\/sxflightcase.com\/\"},{\"@type\":\"ListItem\",\"position\":2,\"name\":\"\u0e2a\u0e34\u0e19\u0e04\u0e49\u0e32\",\"item\":\"https:\/\/sxflightcase.com\/th\/shop\/\"},{\"@type\":\"ListItem\",\"position\":3,\"name\":\"Flight Case Lock LOA209\"}]},{\"@type\":\"WebSite\",\"@id\":\"https:\/\/sxflightcase.com\/th\/#website\",\"url\":\"https:\/\/sxflightcase.com\/th\/\",\"name\":\"sxpowercase.com\",\"description\":\"Flight Case Factory\",\"publisher\":{\"@id\":\"https:\/\/sxflightcase.com\/th\/#organization\"},\"potentialAction\":[{\"@type\":\"SearchAction\",\"target\":{\"@type\":\"EntryPoint\",\"urlTemplate\":\"https:\/\/sxflightcase.com\/th\/?s={search_term_string}\"},\"query-input\":{\"@type\":\"PropertyValueSpecification\",\"valueRequired\":true,\"valueName\":\"search_term_string\"}}],\"inLanguage\":\"da-DK\"},{\"@type\":\"Organization\",\"@id\":\"https:\/\/sxflightcase.com\/th\/#organization\",\"name\":\"sxpowercase.com\",\"url\":\"https:\/\/sxflightcase.com\/th\/\",\"logo\":{\"@type\":\"ImageObject\",\"inLanguage\":\"da-DK\",\"@id\":\"https:\/\/sxflightcase.com\/th\/#\/schema\/logo\/image\/\",\"url\":\"https:\/\/sxflightcase.com\/wp-content\/uploads\/2024\/04\/1713919036007.jpg\",\"contentUrl\":\"https:\/\/sxflightcase.com\/wp-content\/uploads\/2024\/04\/1713919036007.jpg\",\"width\":382,\"height\":388,\"caption\":\"sxpowercase.com\"},\"image\":{\"@id\":\"https:\/\/sxflightcase.com\/th\/#\/schema\/logo\/image\/\"},\"sameAs\":[\"https:\/\/www.facebook.com\/profile.php?id=61560407257971\"],\"numberOfEmployees\":{\"@type\":\"QuantitativeValue\",\"minValue\":\"11\",\"maxValue\":\"50\"}}]}<\/script>\n<!-- \/ Yoast SEO Premium plugin. -->","yoast_head_json":{"title":"Flight Case Lock LOA209 - https:\/\/sxflightcase.com \ud83d\udc97","description":"Flightcase-l\u00e5s, direkte fra fabrikken! Sikre l\u00e5sel\u00f8sninger af h\u00f8j kvalitet til beskyttelse af dit udstyr under transport. Ideel til professionelle og til brug i industrien.","robots":{"index":"index","follow":"follow","max-snippet":"max-snippet:-1","max-image-preview":"max-image-preview:large","max-video-preview":"max-video-preview:-1"},"canonical":"https:\/\/sxflightcase.com\/da\/urun\/ucus-cantasi-ki\u0307li\u0307di\u0307-loa209-2\/","og_locale":"da_DK","og_type":"article","og_title":"Flight Case Lock LOA209","og_description":"Flight case lock, factory direct! High-quality, secure locking solutions for protecting your equipment during transport. Ideal for professionals and industry use.","og_url":"https:\/\/sxflightcase.com\/da\/urun\/ucus-cantasi-ki\u0307li\u0307di\u0307-loa209-2\/","og_site_name":"https:\/\/sxflightcase.com","article_publisher":"https:\/\/www.facebook.com\/profile.php?id=61560407257971","article_modified_time":"2024-07-31T07:25:58+00:00","og_image":[{"width":520,"height":458,"url":"https:\/\/sxflightcase.com\/wp-content\/uploads\/2024\/07\/LOA209.jpg","type":"image\/jpeg"}],"twitter_card":"summary_large_image","twitter_misc":{"Estimeret l\u00e6setid":"3 minutter"},"schema":{"@context":"https:\/\/schema.org","@graph":[{"@type":"WebPage","@id":"https:\/\/sxflightcase.com\/tr\/urun\/ucus-cantasi-ki\u0307li\u0307di\u0307-loa209-2\/","url":"https:\/\/sxflightcase.com\/tr\/urun\/ucus-cantasi-ki\u0307li\u0307di\u0307-loa209-2\/","name":"Flight Case Lock LOA209 - https:\/\/sxflightcase.com \ud83d\udc97","isPartOf":{"@id":"https:\/\/sxflightcase.com\/th\/#website"},"primaryImageOfPage":{"@id":"https:\/\/sxflightcase.com\/tr\/urun\/ucus-cantasi-ki\u0307li\u0307di\u0307-loa209-2\/#primaryimage"},"image":{"@id":"https:\/\/sxflightcase.com\/tr\/urun\/ucus-cantasi-ki\u0307li\u0307di\u0307-loa209-2\/#primaryimage"},"thumbnailUrl":"https:\/\/sxflightcase.com\/wp-content\/uploads\/2024\/07\/LOA209.jpg","datePublished":"2024-07-31T07:25:57+00:00","dateModified":"2024-07-31T07:25:58+00:00","description":"Flightcase-l\u00e5s, direkte fra fabrikken! Sikre l\u00e5sel\u00f8sninger af h\u00f8j kvalitet til beskyttelse af dit udstyr under transport. Ideel til professionelle og til brug i industrien.","breadcrumb":{"@id":"https:\/\/sxflightcase.com\/tr\/urun\/ucus-cantasi-ki\u0307li\u0307di\u0307-loa209-2\/#breadcrumb"},"inLanguage":"da-DK","potentialAction":[{"@type":"ReadAction","target":["https:\/\/sxflightcase.com\/tr\/urun\/ucus-cantasi-ki\u0307li\u0307di\u0307-loa209-2\/"]}]},{"@type":"ImageObject","inLanguage":"da-DK","@id":"https:\/\/sxflightcase.com\/tr\/urun\/ucus-cantasi-ki\u0307li\u0307di\u0307-loa209-2\/#primaryimage","url":"https:\/\/sxflightcase.com\/wp-content\/uploads\/2024\/07\/LOA209.jpg","contentUrl":"https:\/\/sxflightcase.com\/wp-content\/uploads\/2024\/07\/LOA209.jpg","width":520,"height":458,"caption":"Flight Case Lock"},{"@type":"BreadcrumbList","@id":"https:\/\/sxflightcase.com\/tr\/urun\/ucus-cantasi-ki\u0307li\u0307di\u0307-loa209-2\/#breadcrumb","itemListElement":[{"@type":"ListItem","position":1,"name":"Home","item":"https:\/\/sxflightcase.com\/"},{"@type":"ListItem","position":2,"name":"\u0e2a\u0e34\u0e19\u0e04\u0e49\u0e32","item":"https:\/\/sxflightcase.com\/th\/shop\/"},{"@type":"ListItem","position":3,"name":"Flight Case Lock LOA209"}]},{"@type":"WebSite","@id":"https:\/\/sxflightcase.com\/th\/#website","url":"https:\/\/sxflightcase.com\/th\/","name":"sxpowercase.com","description":"Flight Case Factory","publisher":{"@id":"https:\/\/sxflightcase.com\/th\/#organization"},"potentialAction":[{"@type":"SearchAction","target":{"@type":"EntryPoint","urlTemplate":"https:\/\/sxflightcase.com\/th\/?s={search_term_string}"},"query-input":{"@type":"PropertyValueSpecification","valueRequired":true,"valueName":"search_term_string"}}],"inLanguage":"da-DK"},{"@type":"Organization","@id":"https:\/\/sxflightcase.com\/th\/#organization","name":"sxpowercase.com","url":"https:\/\/sxflightcase.com\/th\/","logo":{"@type":"ImageObject","inLanguage":"da-DK","@id":"https:\/\/sxflightcase.com\/th\/#\/schema\/logo\/image\/","url":"https:\/\/sxflightcase.com\/wp-content\/uploads\/2024\/04\/1713919036007.jpg","contentUrl":"https:\/\/sxflightcase.com\/wp-content\/uploads\/2024\/04\/1713919036007.jpg","width":382,"height":388,"caption":"sxpowercase.com"},"image":{"@id":"https:\/\/sxflightcase.com\/th\/#\/schema\/logo\/image\/"},"sameAs":["https:\/\/www.facebook.com\/profile.php?id=61560407257971"],"numberOfEmployees":{"@type":"QuantitativeValue","minValue":"11","maxValue":"50"}}]}},"_links":{"self":[{"href":"https:\/\/sxflightcase.com\/da\/wp-json\/wp\/v2\/product\/3897","targetHints":{"allow":["GET"]}}],"collection":[{"href":"https:\/\/sxflightcase.com\/da\/wp-json\/wp\/v2\/product"}],"about":[{"href":"https:\/\/sxflightcase.com\/da\/wp-json\/wp\/v2\/types\/product"}],"replies":[{"embeddable":true,"href":"https:\/\/sxflightcase.com\/da\/wp-json\/wp\/v2\/comments?post=3897"}],"version-history":[{"count":0,"href":"https:\/\/sxflightcase.com\/da\/wp-json\/wp\/v2\/product\/3897\/revisions"}],"wp:featuredmedia":[{"embeddable":true,"href":"https:\/\/sxflightcase.com\/da\/wp-json\/wp\/v2\/media\/3782"}],"wp:attachment":[{"href":"https:\/\/sxflightcase.com\/da\/wp-json\/wp\/v2\/media?parent=3897"}],"wp:term":[{"taxonomy":"product_brand","embeddable":true,"href":"https:\/\/sxflightcase.com\/da\/wp-json\/wp\/v2\/product_brand?post=3897"},{"taxonomy":"product_cat","embeddable":true,"href":"https:\/\/sxflightcase.com\/da\/wp-json\/wp\/v2\/product_cat?post=3897"},{"taxonomy":"product_tag","embeddable":true,"href":"https:\/\/sxflightcase.com\/da\/wp-json\/wp\/v2\/product_tag?post=3897"}],"curies":[{"name":"wp","href":"https:\/\/api.w.org\/{rel}","templated":true}]}}