{"id":3912,"date":"2024-08-01T07:04:39","date_gmt":"2024-08-01T06:04:39","guid":{"rendered":"https:\/\/sxpowercase.com\/?post_type=product&#038;p=3912"},"modified":"2024-08-01T07:04:40","modified_gmt":"2024-08-01T06:04:40","slug":"recessed-latches-loa303","status":"publish","type":"product","link":"https:\/\/sxflightcase.com\/da\/vare\/forsaenkede-lase-loa303\/","title":{"rendered":"Fors\u00e6nkede l\u00e5se LOA303"},"content":{"rendered":"<h2>Fastg\u00f8r dit udstyr med indbyggede SX-l\u00e5se<\/h2>\n<h3>F\u00f8rsteklasses sikkerhedsl\u00f8sninger<\/h3>\n<p>N\u00e5r du skal beskytte dit v\u00e6rdifulde udstyr, <strong>Fors\u00e6nkede l\u00e5se<\/strong> fra SX er et ideelt valg. Disse l\u00e5se giver enest\u00e5ende sikkerhed og er perfekte til flightcases, stativer og andre kabinetter. SX-l\u00e5se er designet med pr\u00e6cision og sikrer, at dit udstyr forbliver sikkert og beskyttet, uanset om det er p\u00e5 farten eller p\u00e5 lageret.<\/p>\n<h3>Direkte fra fabrikken til uovertrufne priser<\/h3>\n<p><a href=\"https:\/\/sxpowercase.com\/\" target=\"_blank\" rel=\"noopener\" title=\"SX\" data-wpil-monitor-id=\"615\">SX<\/a> Tilbud <strong>Fors\u00e6nkede l\u00e5se<\/strong> direkte fra fabrikken, hvilket sikrer, at du f\u00e5r produkter af h\u00f8jeste kvalitet til direkte fabrikspriser. Denne model eliminerer mellemm\u00e6nd, s\u00e5 vi kan give besparelserne videre til dig. Vores engagement i overkommelige priser betyder, at du f\u00e5r holdbare l\u00e5se af h\u00f8j kvalitet uden at betale en overpris.<\/p>\n<h3>Bygget til holdbarhed og p\u00e5lidelighed<\/h3>\n<p>Vores <strong>Fors\u00e6nkede l\u00e5se<\/strong> er fremstillet af robuste materialer, der er bygget til at modst\u00e5 tung brug og barske forhold. Hos SX er kvalitetssikring altafg\u00f8rende; alle l\u00e5se gennemg\u00e5r strenge tests for at leve op til vores h\u00f8je standarder. Denne holdbarhed sikrer langvarig sikkerhed for dit udstyr og giver dig ro i sindet, fordi du ved, at dit udstyr er sikkert.<\/p>\n<h3>Tilpasning til dine unikke behov<\/h3>\n<p>SX forst\u00e5r, at hvert projekt har unikke krav. Det er derfor, vi tilbyder tilpasningsmuligheder for vores <strong>Fors\u00e6nkede l\u00e5se<\/strong>. Uanset om du har brug for en bestemt st\u00f8rrelse, finish eller materiale, kan vi skabe en l\u00e5s, der passer perfekt til dine behov. Denne tilpasning sikrer, at du f\u00e5r pr\u00e6cis den l\u00f8sning, du har brug for, uden at g\u00e5 p\u00e5 kompromis med kvalitet eller funktionalitet.<\/p>\n<h3>Nem installation og slankt design<\/h3>\n<p>Installation af SX <strong>Fors\u00e6nkede l\u00e5se<\/strong> er en ligetil proces takket v\u00e6re deres brugervenlige design. Det fors\u00e6nkede design giver ikke kun dine kasser og reoler et elegant udseende, men forhindrer ogs\u00e5, at de h\u00e6nger fast og bliver beskadiget. Det g\u00f8r vores l\u00e5se perfekte til en lang r\u00e6kke anvendelser, herunder professionelt audiovisuelt udstyr, IT-udstyr og generelle opbevaringsl\u00f8sninger.<\/p>\n<h3>SX-fordelen<\/h3>\n<p>At v\u00e6lge SX betyder at v\u00e6lge fremragende kvalitet, omkostningseffektivitet og kundetilfredshed. Vores direkte salgsmodel garanterer, at du f\u00e5r f\u00f8rsteklasses produkter til de mest konkurrencedygtige priser. Med vores <strong>Fors\u00e6nkede l\u00e5se<\/strong>f\u00e5r du en holdbar l\u00f8sning, der kan tilpasses, og som opfylder dine n\u00f8jagtige specifikationer. Stol p\u00e5, at SX leverer l\u00e5se, der kombinerer sikkerhed, holdbarhed og \u00e6stetik - alt sammen til en overkommelig pris.<\/p>\n<h3>Kontakt os i dag<\/h3>\n<p>S\u00f8rg for dit udstyrs sikkerhed med SX <strong>Fors\u00e6nkede l\u00e5se<\/strong>. Vi tilbyder den bedste kombination af sikkerhed, holdbarhed og omkostningseffektivitet p\u00e5 markedet. Uanset om du har brug for l\u00e5se til flightcases, stativer eller andre opbevaringsl\u00f8sninger, har SX styr p\u00e5 det. Kontakt os i dag for at f\u00e5 mere at vide om vores produkter og tilpasningsmuligheder. Med SX f\u00e5r du kvalitetsprodukter direkte fra fabrikken, hvilket sikrer den bedste v\u00e6rdi for din investering.<\/p>\n<p>Kontakt nu:<span style=\"color: #0000ff;\"><a style=\"color: #0000ff;\" href=\"https:\/\/sxpowercase.com\/contact-us\/\">https:\/\/sxpowercase.com\/<\/a><\/span><\/p>\n<p>Hardware produktkatalog:<span style=\"color: #3366ff;\"><a style=\"color: #3366ff;\" href=\"https:\/\/sxpowercase.com\/wp-content\/uploads\/2024\/07\/\u4e94\u91d1.pdf\">Hardware tilbeh\u00f8r katalog<\/a><\/span><\/p>","protected":false},"excerpt":{"rendered":"<div class=\"flex-shrink-0 flex flex-col relative items-end\">\n<div>\n<div class=\"pt-0\">\n<div class=\"gizmo-bot-avatar flex h-8 w-8 items-center justify-center overflow-hidden rounded-full\">\n<div class=\"relative p-1 rounded-sm flex items-center justify-center bg-token-main-surface-primary text-token-text-primary h-8 w-8\"><\/div>\n<\/div>\n<\/div>\n<\/div>\n<\/div>\n<div class=\"group\/conversation-turn relative flex w-full min-w-0 flex-col agent-turn\">\n<div class=\"flex-col gap-1 md:gap-3\">\n<div class=\"flex flex-grow flex-col max-w-full\">\n<div class=\"min-h-[20px] text-message flex w-full flex-col items-end gap-2 whitespace-pre-wrap break-words [.text-message+&amp;]:mt-5 overflow-x-auto\" dir=\"auto\" data-message-author-role=\"assistant\" data-message-id=\"1ab61275-2362-43eb-9fce-bafb1f1b29ea\">\n<div class=\"flex w-full flex-col gap-1 empty:hidden first:pt-[3px]\">\n<div class=\"markdown prose w-full break-words dark:prose-invert light\">\n<h3>Secure Your Gear with SX Recessed Latches<\/h3>\n<p>Protect your equipment with SX&#8217;s high-quality Recessed Latches, providing secure and convenient closures for various cases and enclosures.<\/p>\n<h3>Unbeatable Value with Factory Direct Sales<\/h3>\n<p>SX offers Recessed Latches at competitive prices through factory direct sales. Enjoy top-notch quality without the high cost.<\/p>\n<h3>Durable, Customisable, and Easy to Use<\/h3>\n<p>SX Recessed Latches are durable and versatile, with customisation options to fit your specific needs. Their recessed design ensures a smooth profile, perfect for professional equipment.<\/p>\n<\/div>\n<\/div>\n<\/div>\n<\/div>\n<div class=\"mt-1 flex gap-3 empty:hidden -ml-2\">\n<div class=\"items-center justify-start rounded-xl p-1 flex\">\n<div class=\"flex items-center\"><\/div>\n<\/div>\n<\/div>\n<\/div>\n<\/div>\n","protected":false},"featured_media":3787,"comment_status":"open","ping_status":"closed","template":"","meta":[],"product_brand":[],"product_cat":[61],"product_tag":[],"class_list":{"0":"post-3912","1":"product","2":"type-product","3":"status-publish","4":"has-post-thumbnail","6":"product_cat-catchother-locks","8":"first","9":"instock","10":"shipping-taxable","11":"product-type-simple"},"yoast_head":"<!-- This site is optimized with the Yoast SEO Premium plugin v27.1 (Yoast SEO v27.2) - https:\/\/yoast.com\/product\/yoast-seo-premium-wordpress\/ -->\n<title>Recessed Latches LOA303 - https:\/\/sxflightcase.com \ud83d\udc97<\/title>\n<meta name=\"description\" content=\"Recessed latch, factory direct! High-quality, secure latching solutions for flight cases and equipment. Ideal for a flush, protected fit in professional and industrial settings.\" \/>\n<meta name=\"robots\" content=\"index, follow, max-snippet:-1, max-image-preview:large, max-video-preview:-1\" \/>\n<link rel=\"canonical\" href=\"https:\/\/sxflightcase.com\/da\/producto\/pestillos-empotrados-loa303-2\/\" \/>\n<meta property=\"og:locale\" content=\"da_DK\" \/>\n<meta property=\"og:type\" content=\"article\" \/>\n<meta property=\"og:title\" content=\"Recessed Latches LOA303\" \/>\n<meta property=\"og:description\" content=\"Recessed latch, factory direct! High-quality, secure latching solutions for flight cases and equipment. Ideal for a flush, protected fit in professional and industrial settings.\" \/>\n<meta property=\"og:url\" content=\"https:\/\/sxflightcase.com\/da\/producto\/pestillos-empotrados-loa303-2\/\" \/>\n<meta property=\"og:site_name\" content=\"https:\/\/sxflightcase.com\" \/>\n<meta property=\"article:publisher\" content=\"https:\/\/www.facebook.com\/profile.php?id=61560407257971\" \/>\n<meta property=\"article:modified_time\" content=\"2024-08-01T06:04:40+00:00\" \/>\n<meta property=\"og:image\" content=\"https:\/\/sxflightcase.com\/wp-content\/uploads\/2024\/07\/LOA303.jpg\" \/>\n\t<meta property=\"og:image:width\" content=\"520\" \/>\n\t<meta property=\"og:image:height\" content=\"520\" \/>\n\t<meta property=\"og:image:type\" content=\"image\/jpeg\" \/>\n<meta name=\"twitter:card\" content=\"summary_large_image\" \/>\n<meta name=\"twitter:label1\" content=\"Estimeret l\u00e6setid\" \/>\n\t<meta name=\"twitter:data1\" content=\"3 minutter\" \/>\n<script type=\"application\/ld+json\" class=\"yoast-schema-graph\">{\"@context\":\"https:\/\/schema.org\",\"@graph\":[{\"@type\":\"WebPage\",\"@id\":\"https:\/\/sxflightcase.com\/es\/producto\/pestillos-empotrados-loa303-2\/\",\"url\":\"https:\/\/sxflightcase.com\/es\/producto\/pestillos-empotrados-loa303-2\/\",\"name\":\"Recessed Latches LOA303 - https:\/\/sxflightcase.com \ud83d\udc97\",\"isPartOf\":{\"@id\":\"https:\/\/sxflightcase.com\/th\/#website\"},\"primaryImageOfPage\":{\"@id\":\"https:\/\/sxflightcase.com\/es\/producto\/pestillos-empotrados-loa303-2\/#primaryimage\"},\"image\":{\"@id\":\"https:\/\/sxflightcase.com\/es\/producto\/pestillos-empotrados-loa303-2\/#primaryimage\"},\"thumbnailUrl\":\"https:\/\/sxflightcase.com\/wp-content\/uploads\/2024\/07\/LOA303.jpg\",\"datePublished\":\"2024-08-01T06:04:39+00:00\",\"dateModified\":\"2024-08-01T06:04:40+00:00\",\"description\":\"Recessed latch, factory direct! High-quality, secure latching solutions for flight cases and equipment. Ideal for a flush, protected fit in professional and industrial settings.\",\"breadcrumb\":{\"@id\":\"https:\/\/sxflightcase.com\/es\/producto\/pestillos-empotrados-loa303-2\/#breadcrumb\"},\"inLanguage\":\"da-DK\",\"potentialAction\":[{\"@type\":\"ReadAction\",\"target\":[\"https:\/\/sxflightcase.com\/es\/producto\/pestillos-empotrados-loa303-2\/\"]}]},{\"@type\":\"ImageObject\",\"inLanguage\":\"da-DK\",\"@id\":\"https:\/\/sxflightcase.com\/es\/producto\/pestillos-empotrados-loa303-2\/#primaryimage\",\"url\":\"https:\/\/sxflightcase.com\/wp-content\/uploads\/2024\/07\/LOA303.jpg\",\"contentUrl\":\"https:\/\/sxflightcase.com\/wp-content\/uploads\/2024\/07\/LOA303.jpg\",\"width\":520,\"height\":520,\"caption\":\"Recessed Latches\"},{\"@type\":\"BreadcrumbList\",\"@id\":\"https:\/\/sxflightcase.com\/es\/producto\/pestillos-empotrados-loa303-2\/#breadcrumb\",\"itemListElement\":[{\"@type\":\"ListItem\",\"position\":1,\"name\":\"Home\",\"item\":\"https:\/\/sxflightcase.com\/\"},{\"@type\":\"ListItem\",\"position\":2,\"name\":\"\u0e2a\u0e34\u0e19\u0e04\u0e49\u0e32\",\"item\":\"https:\/\/sxflightcase.com\/th\/shop\/\"},{\"@type\":\"ListItem\",\"position\":3,\"name\":\"Recessed Latches LOA303\"}]},{\"@type\":\"WebSite\",\"@id\":\"https:\/\/sxflightcase.com\/th\/#website\",\"url\":\"https:\/\/sxflightcase.com\/th\/\",\"name\":\"sxpowercase.com\",\"description\":\"Flight Case Factory\",\"publisher\":{\"@id\":\"https:\/\/sxflightcase.com\/th\/#organization\"},\"potentialAction\":[{\"@type\":\"SearchAction\",\"target\":{\"@type\":\"EntryPoint\",\"urlTemplate\":\"https:\/\/sxflightcase.com\/th\/?s={search_term_string}\"},\"query-input\":{\"@type\":\"PropertyValueSpecification\",\"valueRequired\":true,\"valueName\":\"search_term_string\"}}],\"inLanguage\":\"da-DK\"},{\"@type\":\"Organization\",\"@id\":\"https:\/\/sxflightcase.com\/th\/#organization\",\"name\":\"sxpowercase.com\",\"url\":\"https:\/\/sxflightcase.com\/th\/\",\"logo\":{\"@type\":\"ImageObject\",\"inLanguage\":\"da-DK\",\"@id\":\"https:\/\/sxflightcase.com\/th\/#\/schema\/logo\/image\/\",\"url\":\"https:\/\/sxflightcase.com\/wp-content\/uploads\/2024\/04\/1713919036007.jpg\",\"contentUrl\":\"https:\/\/sxflightcase.com\/wp-content\/uploads\/2024\/04\/1713919036007.jpg\",\"width\":382,\"height\":388,\"caption\":\"sxpowercase.com\"},\"image\":{\"@id\":\"https:\/\/sxflightcase.com\/th\/#\/schema\/logo\/image\/\"},\"sameAs\":[\"https:\/\/www.facebook.com\/profile.php?id=61560407257971\"],\"numberOfEmployees\":{\"@type\":\"QuantitativeValue\",\"minValue\":\"11\",\"maxValue\":\"50\"}}]}<\/script>\n<!-- \/ Yoast SEO Premium plugin. -->","yoast_head_json":{"title":"Recessed Latches LOA303 - https:\/\/sxflightcase.com \ud83d\udc97","description":"Fors\u00e6nket l\u00e5s, direkte fra fabrikken! Sikre l\u00e5sel\u00f8sninger af h\u00f8j kvalitet til flightcases og udstyr. Ideel til en plan, beskyttet pasform i professionelle og industrielle omgivelser.","robots":{"index":"index","follow":"follow","max-snippet":"max-snippet:-1","max-image-preview":"max-image-preview:large","max-video-preview":"max-video-preview:-1"},"canonical":"https:\/\/sxflightcase.com\/da\/producto\/pestillos-empotrados-loa303-2\/","og_locale":"da_DK","og_type":"article","og_title":"Recessed Latches LOA303","og_description":"Recessed latch, factory direct! High-quality, secure latching solutions for flight cases and equipment. Ideal for a flush, protected fit in professional and industrial settings.","og_url":"https:\/\/sxflightcase.com\/da\/producto\/pestillos-empotrados-loa303-2\/","og_site_name":"https:\/\/sxflightcase.com","article_publisher":"https:\/\/www.facebook.com\/profile.php?id=61560407257971","article_modified_time":"2024-08-01T06:04:40+00:00","og_image":[{"width":520,"height":520,"url":"https:\/\/sxflightcase.com\/wp-content\/uploads\/2024\/07\/LOA303.jpg","type":"image\/jpeg"}],"twitter_card":"summary_large_image","twitter_misc":{"Estimeret l\u00e6setid":"3 minutter"},"schema":{"@context":"https:\/\/schema.org","@graph":[{"@type":"WebPage","@id":"https:\/\/sxflightcase.com\/es\/producto\/pestillos-empotrados-loa303-2\/","url":"https:\/\/sxflightcase.com\/es\/producto\/pestillos-empotrados-loa303-2\/","name":"Recessed Latches LOA303 - https:\/\/sxflightcase.com \ud83d\udc97","isPartOf":{"@id":"https:\/\/sxflightcase.com\/th\/#website"},"primaryImageOfPage":{"@id":"https:\/\/sxflightcase.com\/es\/producto\/pestillos-empotrados-loa303-2\/#primaryimage"},"image":{"@id":"https:\/\/sxflightcase.com\/es\/producto\/pestillos-empotrados-loa303-2\/#primaryimage"},"thumbnailUrl":"https:\/\/sxflightcase.com\/wp-content\/uploads\/2024\/07\/LOA303.jpg","datePublished":"2024-08-01T06:04:39+00:00","dateModified":"2024-08-01T06:04:40+00:00","description":"Fors\u00e6nket l\u00e5s, direkte fra fabrikken! Sikre l\u00e5sel\u00f8sninger af h\u00f8j kvalitet til flightcases og udstyr. Ideel til en plan, beskyttet pasform i professionelle og industrielle omgivelser.","breadcrumb":{"@id":"https:\/\/sxflightcase.com\/es\/producto\/pestillos-empotrados-loa303-2\/#breadcrumb"},"inLanguage":"da-DK","potentialAction":[{"@type":"ReadAction","target":["https:\/\/sxflightcase.com\/es\/producto\/pestillos-empotrados-loa303-2\/"]}]},{"@type":"ImageObject","inLanguage":"da-DK","@id":"https:\/\/sxflightcase.com\/es\/producto\/pestillos-empotrados-loa303-2\/#primaryimage","url":"https:\/\/sxflightcase.com\/wp-content\/uploads\/2024\/07\/LOA303.jpg","contentUrl":"https:\/\/sxflightcase.com\/wp-content\/uploads\/2024\/07\/LOA303.jpg","width":520,"height":520,"caption":"Recessed Latches"},{"@type":"BreadcrumbList","@id":"https:\/\/sxflightcase.com\/es\/producto\/pestillos-empotrados-loa303-2\/#breadcrumb","itemListElement":[{"@type":"ListItem","position":1,"name":"Home","item":"https:\/\/sxflightcase.com\/"},{"@type":"ListItem","position":2,"name":"\u0e2a\u0e34\u0e19\u0e04\u0e49\u0e32","item":"https:\/\/sxflightcase.com\/th\/shop\/"},{"@type":"ListItem","position":3,"name":"Recessed Latches LOA303"}]},{"@type":"WebSite","@id":"https:\/\/sxflightcase.com\/th\/#website","url":"https:\/\/sxflightcase.com\/th\/","name":"sxpowercase.com","description":"Flight Case Factory","publisher":{"@id":"https:\/\/sxflightcase.com\/th\/#organization"},"potentialAction":[{"@type":"SearchAction","target":{"@type":"EntryPoint","urlTemplate":"https:\/\/sxflightcase.com\/th\/?s={search_term_string}"},"query-input":{"@type":"PropertyValueSpecification","valueRequired":true,"valueName":"search_term_string"}}],"inLanguage":"da-DK"},{"@type":"Organization","@id":"https:\/\/sxflightcase.com\/th\/#organization","name":"sxpowercase.com","url":"https:\/\/sxflightcase.com\/th\/","logo":{"@type":"ImageObject","inLanguage":"da-DK","@id":"https:\/\/sxflightcase.com\/th\/#\/schema\/logo\/image\/","url":"https:\/\/sxflightcase.com\/wp-content\/uploads\/2024\/04\/1713919036007.jpg","contentUrl":"https:\/\/sxflightcase.com\/wp-content\/uploads\/2024\/04\/1713919036007.jpg","width":382,"height":388,"caption":"sxpowercase.com"},"image":{"@id":"https:\/\/sxflightcase.com\/th\/#\/schema\/logo\/image\/"},"sameAs":["https:\/\/www.facebook.com\/profile.php?id=61560407257971"],"numberOfEmployees":{"@type":"QuantitativeValue","minValue":"11","maxValue":"50"}}]}},"_links":{"self":[{"href":"https:\/\/sxflightcase.com\/da\/wp-json\/wp\/v2\/product\/3912","targetHints":{"allow":["GET"]}}],"collection":[{"href":"https:\/\/sxflightcase.com\/da\/wp-json\/wp\/v2\/product"}],"about":[{"href":"https:\/\/sxflightcase.com\/da\/wp-json\/wp\/v2\/types\/product"}],"replies":[{"embeddable":true,"href":"https:\/\/sxflightcase.com\/da\/wp-json\/wp\/v2\/comments?post=3912"}],"version-history":[{"count":0,"href":"https:\/\/sxflightcase.com\/da\/wp-json\/wp\/v2\/product\/3912\/revisions"}],"wp:featuredmedia":[{"embeddable":true,"href":"https:\/\/sxflightcase.com\/da\/wp-json\/wp\/v2\/media\/3787"}],"wp:attachment":[{"href":"https:\/\/sxflightcase.com\/da\/wp-json\/wp\/v2\/media?parent=3912"}],"wp:term":[{"taxonomy":"product_brand","embeddable":true,"href":"https:\/\/sxflightcase.com\/da\/wp-json\/wp\/v2\/product_brand?post=3912"},{"taxonomy":"product_cat","embeddable":true,"href":"https:\/\/sxflightcase.com\/da\/wp-json\/wp\/v2\/product_cat?post=3912"},{"taxonomy":"product_tag","embeddable":true,"href":"https:\/\/sxflightcase.com\/da\/wp-json\/wp\/v2\/product_tag?post=3912"}],"curies":[{"name":"wp","href":"https:\/\/api.w.org\/{rel}","templated":true}]}}