{"id":3928,"date":"2024-08-02T07:38:09","date_gmt":"2024-08-02T06:38:09","guid":{"rendered":"https:\/\/sxpowercase.com\/?post_type=product&#038;p=3928"},"modified":"2024-08-02T07:38:10","modified_gmt":"2024-08-02T06:38:10","slug":"flight-case-clasps-loa502","status":"publish","type":"product","link":"https:\/\/sxflightcase.com\/da\/vare\/spaender-til-flightcase-loa502-2\/","title":{"rendered":"Sp\u00e6nder til flykufferter LOA502"},"content":{"rendered":"<h2>Fastg\u00f8r dit udstyr med SX Flight Case Clasps<\/h2>\n<h3>Fabriksindstillede priser<\/h3>\n<p>SX tilbyder f\u00f8rsteklasses <strong>Sp\u00e6nder til flightcase<\/strong> til uovertrufne priser direkte fra fabrikken. Ved at g\u00e5 uden om mellemmanden leverer vi produkter af h\u00f8j kvalitet direkte fra vores fabrik til dig. Denne tilgang garanterer den bedste v\u00e6rdi for dine penge, hvilket g\u00f8r vores sp\u00e6nder b\u00e5de overkommelige og p\u00e5lidelige.<\/p>\n<h3>Bygget til at holde<\/h3>\n<p>Holdbarhed er afg\u00f8rende, n\u00e5r det g\u00e6lder om at beskytte dit udstyr. Vores <strong>Sp\u00e6nder til flightcase<\/strong> er fremstillet af h\u00f8jkvalitetsmaterialer, der er designet til at modst\u00e5 de h\u00e5rdeste forhold. Uanset om du er p\u00e5 tur, transporterer eller opbevarer dit grej, giver disse sp\u00e6nder en stabil sikkerhed. P\u00e5 <a href=\"https:\/\/sxpowercase.com\/\" target=\"_blank\" rel=\"noopener\" title=\"SX\" data-wpil-monitor-id=\"625\">SX<\/a>Vi tester hver enkelt l\u00e5s grundigt for at sikre, at den lever op til strenge kvalitetsstandarder.<\/p>\n<h3>Skr\u00e6ddersyede l\u00f8sninger<\/h3>\n<p>Hvert stykke udstyr har unikke krav, og hos SX forst\u00e5r vi vigtigheden af tilpasning. Vores <strong>Sp\u00e6nder til flightcase<\/strong> kan skr\u00e6ddersys til dine behov med mulighed for forskellige st\u00f8rrelser, overflader og l\u00e5semekanismer. Denne fleksibilitet sikrer et perfekt match til dine kufferter og forbedrer beskyttelsen og brugervenligheden.<\/p>\n<h3>Brugervenligt design<\/h3>\n<p>SX <strong>Sp\u00e6nder til flightcase<\/strong> er designet med tanke p\u00e5 det praktiske. De er nemme at installere og betjene og giver en sikker l\u00e5sel\u00f8sning til dine kufferter. Det brugervenlige design sikrer hurtig adgang, samtidig med at der opretholdes et h\u00f8jt sikkerhedsniveau. Disse sp\u00e6nder fungerer ikke kun godt, men giver ogs\u00e5 dine udstyrskufferter et professionelt pr\u00e6g.<\/p>\n<h3>SX-fordelen<\/h3>\n<p>At v\u00e6lge SX betyder at v\u00e6lge kvalitet, overkommelige priser og enest\u00e5ende kundeservice. Vores <strong>Sp\u00e6nde til flightcase<\/strong>\u00a0tilbyder en p\u00e5lidelig og omkostningseffektiv m\u00e5de at beskytte dit v\u00e6rdifulde udstyr p\u00e5. Vi er dedikerede til at levere produkter, der opfylder dine behov uden at spr\u00e6nge banken. Med SX f\u00e5r du mere end bare sp\u00e6nder - du f\u00e5r ro i sindet.<\/p>\n<h3>Kontakt os i dag<\/h3>\n<p>Beskyt dit udstyr med den p\u00e5lidelige p\u00e5lidelighed fra SX <strong>Sp\u00e6nde til flightcase<\/strong>. Kontakt os for at udforske vores produktmuligheder og drage fordel af vores konkurrencedygtige fabriksdirekte priser. Hos SX er vi forpligtet til at tilbyde de bedste l\u00f8sninger til sikring af dit udstyr, s\u00e5 du f\u00e5r sikkerhed og ro i sindet.<\/p>\n<p>Kontakt nu:<span style=\"color: #0000ff;\"><a style=\"color: #0000ff;\" href=\"https:\/\/sxpowercase.com\/contact-us\/\">https:\/\/sxpowercase.com\/<\/a><\/span><\/p>\n<p>Hardware produktkatalog:<span style=\"color: #3366ff;\"><a style=\"color: #3366ff;\" href=\"https:\/\/sxpowercase.com\/wp-content\/uploads\/2024\/07\/\u4e94\u91d1.pdf\">Hardware tilbeh\u00f8r katalog<\/a><\/span><\/p>","protected":false},"excerpt":{"rendered":"<div class=\"&quot;flex\">ex-col max-w-full&#8221;&gt;&amp;lt;div class=&#8221;min-h-[20px] text-message flex w-full flex-col items-end gap-2 whitespace-pre-wrap break-words [.text-message+&amp;]:mt-5 overflow-x-auto&#8221; dir=&#8221;auto&#8221; data-message-author-role=&#8221;assistant&#8221; data-message-id=&#8221;613e971c-79c4-4874-b464-6b43df0fb464&#8243;&gt;<\/p>\n<div class=\"flex w-full flex-col gap-1 empty:hidden first:pt-[3px]\">\n<div class=\"markdown prose w-full break-words dark:prose-invert light\">\n<h3>Affordable Quality with SX Flight Case Clasps&lt;\/h3&gt;<\/h3>\n<p>Get top-quality Flight Case Clasps at factory-direct prices. SX provides cost-effective solutions without compromising on durability and security for your valuable equipment.<\/p>\n<h3>Durable and Customisable<\/h3>\n<p>SX Flight Case Clasps are built to last, with options for customisation to meet your specific needs. Choose from various sizes, finishes, and locking mechanisms for a perfect fit.<\/p>\n<h3>Easy to Install and Use<\/h3>\n<p>SX clasps are d<\/p>\n<h3>esigned for easy installation and operation, combining functionality with a sleek, professional look. Secure your cases quickly and efficiently with reliable locking mechanisms.<\/h3>\n<\/div>\n<\/div>\n<\/div>\n","protected":false},"featured_media":3793,"comment_status":"open","ping_status":"closed","template":"","meta":[],"product_brand":[],"product_cat":[61],"product_tag":[],"class_list":{"0":"post-3928","1":"product","2":"type-product","3":"status-publish","4":"has-post-thumbnail","6":"product_cat-catchother-locks","8":"first","9":"instock","10":"shipping-taxable","11":"product-type-simple"},"yoast_head":"<!-- This site is optimized with the Yoast SEO Premium plugin v27.1 (Yoast SEO v27.2) - https:\/\/yoast.com\/product\/yoast-seo-premium-wordpress\/ -->\n<title>Flight Case Clasps LOA502 - https:\/\/sxflightcase.com \ud83d\udc97<\/title>\n<meta name=\"description\" content=\"Flight case clasps, factory direct! Durable, high-quality clasps designed for secure closure and easy handling of flight cases, protecting your equipment in transit.\" \/>\n<meta name=\"robots\" content=\"index, follow, max-snippet:-1, max-image-preview:large, max-video-preview:-1\" \/>\n<link rel=\"canonical\" href=\"https:\/\/sxflightcase.com\/da\/san-pham\/flight-case-clasps-loa502\/\" \/>\n<meta property=\"og:locale\" content=\"da_DK\" \/>\n<meta property=\"og:type\" content=\"article\" \/>\n<meta property=\"og:title\" content=\"Flight Case Clasps LOA502\" \/>\n<meta property=\"og:description\" content=\"Flight case clasps, factory direct! Durable, high-quality clasps designed for secure closure and easy handling of flight cases, protecting your equipment in transit.\" \/>\n<meta property=\"og:url\" content=\"https:\/\/sxflightcase.com\/da\/san-pham\/flight-case-clasps-loa502\/\" \/>\n<meta property=\"og:site_name\" content=\"https:\/\/sxflightcase.com\" \/>\n<meta property=\"article:publisher\" content=\"https:\/\/www.facebook.com\/profile.php?id=61560407257971\" \/>\n<meta property=\"article:modified_time\" content=\"2024-08-02T06:38:10+00:00\" \/>\n<meta property=\"og:image\" content=\"https:\/\/sxflightcase.com\/wp-content\/uploads\/2024\/07\/LOA502.jpg\" \/>\n\t<meta property=\"og:image:width\" content=\"520\" \/>\n\t<meta property=\"og:image:height\" content=\"391\" \/>\n\t<meta property=\"og:image:type\" content=\"image\/jpeg\" \/>\n<meta name=\"twitter:card\" content=\"summary_large_image\" \/>\n<meta name=\"twitter:label1\" content=\"Estimeret l\u00e6setid\" \/>\n\t<meta name=\"twitter:data1\" content=\"2 minutter\" \/>\n<script type=\"application\/ld+json\" class=\"yoast-schema-graph\">{\"@context\":\"https:\/\/schema.org\",\"@graph\":[{\"@type\":\"WebPage\",\"@id\":\"https:\/\/sxflightcase.com\/vi\/san-pham\/flight-case-clasps-loa502\/\",\"url\":\"https:\/\/sxflightcase.com\/vi\/san-pham\/flight-case-clasps-loa502\/\",\"name\":\"Flight Case Clasps LOA502 - https:\/\/sxflightcase.com \ud83d\udc97\",\"isPartOf\":{\"@id\":\"https:\/\/sxflightcase.com\/th\/#website\"},\"primaryImageOfPage\":{\"@id\":\"https:\/\/sxflightcase.com\/vi\/san-pham\/flight-case-clasps-loa502\/#primaryimage\"},\"image\":{\"@id\":\"https:\/\/sxflightcase.com\/vi\/san-pham\/flight-case-clasps-loa502\/#primaryimage\"},\"thumbnailUrl\":\"https:\/\/sxflightcase.com\/wp-content\/uploads\/2024\/07\/LOA502.jpg\",\"datePublished\":\"2024-08-02T06:38:09+00:00\",\"dateModified\":\"2024-08-02T06:38:10+00:00\",\"description\":\"Flight case clasps, factory direct! Durable, high-quality clasps designed for secure closure and easy handling of flight cases, protecting your equipment in transit.\",\"breadcrumb\":{\"@id\":\"https:\/\/sxflightcase.com\/vi\/san-pham\/flight-case-clasps-loa502\/#breadcrumb\"},\"inLanguage\":\"da-DK\",\"potentialAction\":[{\"@type\":\"ReadAction\",\"target\":[\"https:\/\/sxflightcase.com\/vi\/san-pham\/flight-case-clasps-loa502\/\"]}]},{\"@type\":\"ImageObject\",\"inLanguage\":\"da-DK\",\"@id\":\"https:\/\/sxflightcase.com\/vi\/san-pham\/flight-case-clasps-loa502\/#primaryimage\",\"url\":\"https:\/\/sxflightcase.com\/wp-content\/uploads\/2024\/07\/LOA502.jpg\",\"contentUrl\":\"https:\/\/sxflightcase.com\/wp-content\/uploads\/2024\/07\/LOA502.jpg\",\"width\":520,\"height\":391,\"caption\":\"flight case clasps\"},{\"@type\":\"BreadcrumbList\",\"@id\":\"https:\/\/sxflightcase.com\/vi\/san-pham\/flight-case-clasps-loa502\/#breadcrumb\",\"itemListElement\":[{\"@type\":\"ListItem\",\"position\":1,\"name\":\"Home\",\"item\":\"https:\/\/sxflightcase.com\/\"},{\"@type\":\"ListItem\",\"position\":2,\"name\":\"\u0e2a\u0e34\u0e19\u0e04\u0e49\u0e32\",\"item\":\"https:\/\/sxflightcase.com\/th\/shop\/\"},{\"@type\":\"ListItem\",\"position\":3,\"name\":\"Flight Case Clasps LOA502\"}]},{\"@type\":\"WebSite\",\"@id\":\"https:\/\/sxflightcase.com\/th\/#website\",\"url\":\"https:\/\/sxflightcase.com\/th\/\",\"name\":\"sxpowercase.com\",\"description\":\"Flight Case Factory\",\"publisher\":{\"@id\":\"https:\/\/sxflightcase.com\/th\/#organization\"},\"potentialAction\":[{\"@type\":\"SearchAction\",\"target\":{\"@type\":\"EntryPoint\",\"urlTemplate\":\"https:\/\/sxflightcase.com\/th\/?s={search_term_string}\"},\"query-input\":{\"@type\":\"PropertyValueSpecification\",\"valueRequired\":true,\"valueName\":\"search_term_string\"}}],\"inLanguage\":\"da-DK\"},{\"@type\":\"Organization\",\"@id\":\"https:\/\/sxflightcase.com\/th\/#organization\",\"name\":\"sxpowercase.com\",\"url\":\"https:\/\/sxflightcase.com\/th\/\",\"logo\":{\"@type\":\"ImageObject\",\"inLanguage\":\"da-DK\",\"@id\":\"https:\/\/sxflightcase.com\/th\/#\/schema\/logo\/image\/\",\"url\":\"https:\/\/sxflightcase.com\/wp-content\/uploads\/2024\/04\/1713919036007.jpg\",\"contentUrl\":\"https:\/\/sxflightcase.com\/wp-content\/uploads\/2024\/04\/1713919036007.jpg\",\"width\":382,\"height\":388,\"caption\":\"sxpowercase.com\"},\"image\":{\"@id\":\"https:\/\/sxflightcase.com\/th\/#\/schema\/logo\/image\/\"},\"sameAs\":[\"https:\/\/www.facebook.com\/profile.php?id=61560407257971\"],\"numberOfEmployees\":{\"@type\":\"QuantitativeValue\",\"minValue\":\"11\",\"maxValue\":\"50\"}}]}<\/script>\n<!-- \/ Yoast SEO Premium plugin. -->","yoast_head_json":{"title":"Flight Case Clasps LOA502 - https:\/\/sxflightcase.com \ud83d\udc97","description":"Sp\u00e6nder til flightcases, direkte fra fabrikken! Holdbare sp\u00e6nder af h\u00f8j kvalitet, der er designet til sikker lukning og nem h\u00e5ndtering af flightcases, og som beskytter dit udstyr under transport.","robots":{"index":"index","follow":"follow","max-snippet":"max-snippet:-1","max-image-preview":"max-image-preview:large","max-video-preview":"max-video-preview:-1"},"canonical":"https:\/\/sxflightcase.com\/da\/san-pham\/flight-case-clasps-loa502\/","og_locale":"da_DK","og_type":"article","og_title":"Flight Case Clasps LOA502","og_description":"Flight case clasps, factory direct! Durable, high-quality clasps designed for secure closure and easy handling of flight cases, protecting your equipment in transit.","og_url":"https:\/\/sxflightcase.com\/da\/san-pham\/flight-case-clasps-loa502\/","og_site_name":"https:\/\/sxflightcase.com","article_publisher":"https:\/\/www.facebook.com\/profile.php?id=61560407257971","article_modified_time":"2024-08-02T06:38:10+00:00","og_image":[{"width":520,"height":391,"url":"https:\/\/sxflightcase.com\/wp-content\/uploads\/2024\/07\/LOA502.jpg","type":"image\/jpeg"}],"twitter_card":"summary_large_image","twitter_misc":{"Estimeret l\u00e6setid":"2 minutter"},"schema":{"@context":"https:\/\/schema.org","@graph":[{"@type":"WebPage","@id":"https:\/\/sxflightcase.com\/vi\/san-pham\/flight-case-clasps-loa502\/","url":"https:\/\/sxflightcase.com\/vi\/san-pham\/flight-case-clasps-loa502\/","name":"Flight Case Clasps LOA502 - https:\/\/sxflightcase.com \ud83d\udc97","isPartOf":{"@id":"https:\/\/sxflightcase.com\/th\/#website"},"primaryImageOfPage":{"@id":"https:\/\/sxflightcase.com\/vi\/san-pham\/flight-case-clasps-loa502\/#primaryimage"},"image":{"@id":"https:\/\/sxflightcase.com\/vi\/san-pham\/flight-case-clasps-loa502\/#primaryimage"},"thumbnailUrl":"https:\/\/sxflightcase.com\/wp-content\/uploads\/2024\/07\/LOA502.jpg","datePublished":"2024-08-02T06:38:09+00:00","dateModified":"2024-08-02T06:38:10+00:00","description":"Sp\u00e6nder til flightcases, direkte fra fabrikken! Holdbare sp\u00e6nder af h\u00f8j kvalitet, der er designet til sikker lukning og nem h\u00e5ndtering af flightcases, og som beskytter dit udstyr under transport.","breadcrumb":{"@id":"https:\/\/sxflightcase.com\/vi\/san-pham\/flight-case-clasps-loa502\/#breadcrumb"},"inLanguage":"da-DK","potentialAction":[{"@type":"ReadAction","target":["https:\/\/sxflightcase.com\/vi\/san-pham\/flight-case-clasps-loa502\/"]}]},{"@type":"ImageObject","inLanguage":"da-DK","@id":"https:\/\/sxflightcase.com\/vi\/san-pham\/flight-case-clasps-loa502\/#primaryimage","url":"https:\/\/sxflightcase.com\/wp-content\/uploads\/2024\/07\/LOA502.jpg","contentUrl":"https:\/\/sxflightcase.com\/wp-content\/uploads\/2024\/07\/LOA502.jpg","width":520,"height":391,"caption":"flight case clasps"},{"@type":"BreadcrumbList","@id":"https:\/\/sxflightcase.com\/vi\/san-pham\/flight-case-clasps-loa502\/#breadcrumb","itemListElement":[{"@type":"ListItem","position":1,"name":"Home","item":"https:\/\/sxflightcase.com\/"},{"@type":"ListItem","position":2,"name":"\u0e2a\u0e34\u0e19\u0e04\u0e49\u0e32","item":"https:\/\/sxflightcase.com\/th\/shop\/"},{"@type":"ListItem","position":3,"name":"Flight Case Clasps LOA502"}]},{"@type":"WebSite","@id":"https:\/\/sxflightcase.com\/th\/#website","url":"https:\/\/sxflightcase.com\/th\/","name":"sxpowercase.com","description":"Flight Case Factory","publisher":{"@id":"https:\/\/sxflightcase.com\/th\/#organization"},"potentialAction":[{"@type":"SearchAction","target":{"@type":"EntryPoint","urlTemplate":"https:\/\/sxflightcase.com\/th\/?s={search_term_string}"},"query-input":{"@type":"PropertyValueSpecification","valueRequired":true,"valueName":"search_term_string"}}],"inLanguage":"da-DK"},{"@type":"Organization","@id":"https:\/\/sxflightcase.com\/th\/#organization","name":"sxpowercase.com","url":"https:\/\/sxflightcase.com\/th\/","logo":{"@type":"ImageObject","inLanguage":"da-DK","@id":"https:\/\/sxflightcase.com\/th\/#\/schema\/logo\/image\/","url":"https:\/\/sxflightcase.com\/wp-content\/uploads\/2024\/04\/1713919036007.jpg","contentUrl":"https:\/\/sxflightcase.com\/wp-content\/uploads\/2024\/04\/1713919036007.jpg","width":382,"height":388,"caption":"sxpowercase.com"},"image":{"@id":"https:\/\/sxflightcase.com\/th\/#\/schema\/logo\/image\/"},"sameAs":["https:\/\/www.facebook.com\/profile.php?id=61560407257971"],"numberOfEmployees":{"@type":"QuantitativeValue","minValue":"11","maxValue":"50"}}]}},"_links":{"self":[{"href":"https:\/\/sxflightcase.com\/da\/wp-json\/wp\/v2\/product\/3928","targetHints":{"allow":["GET"]}}],"collection":[{"href":"https:\/\/sxflightcase.com\/da\/wp-json\/wp\/v2\/product"}],"about":[{"href":"https:\/\/sxflightcase.com\/da\/wp-json\/wp\/v2\/types\/product"}],"replies":[{"embeddable":true,"href":"https:\/\/sxflightcase.com\/da\/wp-json\/wp\/v2\/comments?post=3928"}],"version-history":[{"count":0,"href":"https:\/\/sxflightcase.com\/da\/wp-json\/wp\/v2\/product\/3928\/revisions"}],"wp:featuredmedia":[{"embeddable":true,"href":"https:\/\/sxflightcase.com\/da\/wp-json\/wp\/v2\/media\/3793"}],"wp:attachment":[{"href":"https:\/\/sxflightcase.com\/da\/wp-json\/wp\/v2\/media?parent=3928"}],"wp:term":[{"taxonomy":"product_brand","embeddable":true,"href":"https:\/\/sxflightcase.com\/da\/wp-json\/wp\/v2\/product_brand?post=3928"},{"taxonomy":"product_cat","embeddable":true,"href":"https:\/\/sxflightcase.com\/da\/wp-json\/wp\/v2\/product_cat?post=3928"},{"taxonomy":"product_tag","embeddable":true,"href":"https:\/\/sxflightcase.com\/da\/wp-json\/wp\/v2\/product_tag?post=3928"}],"curies":[{"name":"wp","href":"https:\/\/api.w.org\/{rel}","templated":true}]}}