{"id":3959,"date":"2024-08-06T02:58:55","date_gmt":"2024-08-06T01:58:55","guid":{"rendered":"https:\/\/sxpowercase.com\/?post_type=product&#038;p=3959"},"modified":"2024-08-06T02:58:56","modified_gmt":"2024-08-06T01:58:56","slug":"road-case-latches-lob101","status":"publish","type":"product","link":"https:\/\/sxflightcase.com\/da\/vare\/vejkasse-lase-lob101\/","title":{"rendered":"L\u00e5se til vejkasser LOB101"},"content":{"rendered":"<h2>P\u00e5lidelige l\u00e5se til landevejskufferter fra SX<\/h2>\n<h3>Fabriksdirekte priser til en overkommelig pris<\/h3>\n<p>SX tilbyder stolt <strong>L\u00e5se til vejkasser<\/strong> til uovertrufne priser direkte fra fabrikken. Ved at k\u00f8be direkte fra vores produktionsanl\u00e6g sk\u00e6rer vi mellemmanden v\u00e6k og giver besparelsen videre til dig. Det sikrer, at du f\u00e5r l\u00e5se i topkvalitet til en br\u00f8kdel af prisen, hvilket g\u00f8r dem til et \u00f8konomisk valg til dine udstyrskasser.<\/p>\n<h3>Kvalitetssikring, du kan stole p\u00e5<\/h3>\n<p>N\u00e5r det handler om at sikre dit v\u00e6rdifulde udstyr, er kvalitet altafg\u00f8rende. P\u00e5 <a href=\"https:\/\/sxpowercase.com\/\" target=\"_blank\" rel=\"noopener\" title=\"SX\" data-wpil-monitor-id=\"627\">SX<\/a>, vores <strong>L\u00e5se til vejkasser<\/strong> er bygget efter de h\u00f8jeste standarder, hvilket sikrer holdbarhed og lang levetid. Hver l\u00e5s gennemg\u00e5r strenge tests for at opfylde strenge retningslinjer for kvalitetssikring. Du kan stole p\u00e5, at vores l\u00e5se holder dit udstyr sikkert, uanset om du er p\u00e5 tur, transporterer udstyr eller opbevarer det.<\/p>\n<h3>Tilpasningsmuligheder til dine behov<\/h3>\n<p>Vi forst\u00e5r, at hver vejsag har unikke krav. Det er derfor, SX tilbyder skr\u00e6ddersyede <strong>L\u00e5se til vejkasser<\/strong> s\u00e5 de passer til dine specifikke behov. V\u00e6lg mellem en r\u00e6kke forskellige st\u00f8rrelser, overflader og l\u00e5semekanismer, s\u00e5 de passer perfekt til dine kufferter. Denne tilpasning sikrer en sikker pasform og et professionelt udseende, der giver b\u00e5de funktionalitet og \u00e6stetik.<\/p>\n<h3>Nem installation og betjening<\/h3>\n<p>SX <strong>L\u00e5se til vejkasser<\/strong> er designet til at v\u00e6re nemme at bruge. De er enkle at installere, hvilket g\u00f8r dem til et praktisk valg for b\u00e5de g\u00f8r-det-selv-entusiaster og professionelle. Det brugervenlige design giver mulighed for hurtig og sikker l\u00e5sning, s\u00e5 dine tasker altid er beskyttet. Med SX f\u00e5r du l\u00e5se, der ikke kun er robuste, men ogs\u00e5 nemme at betjene.<\/p>\n<h3>SX-forpligtelsen<\/h3>\n<p>Hos SX er vi forpligtet til at levere produkter af h\u00f8j kvalitet til overkommelige priser. Vores <strong>L\u00e5se til vejkasser<\/strong> eksemplificerer denne forpligtelse ved at tilbyde p\u00e5lidelig ydeevne til en lav pris. Vi s\u00e6tter en \u00e6re i at levere produkter, der opfylder vores kunders behov og samtidig holder sig inden for budgettet. N\u00e5r du v\u00e6lger SX, v\u00e6lger du kvalitet, overkommelige priser og fremragende kundeservice.<\/p>\n<h3>Sikr dit udstyr i dag<\/h3>\n<p>S\u00f8rg for dit udstyrs sikkerhed med SX <strong>L\u00e5s til vejkasse<\/strong>. Kontakt os i dag for at udforske vores udvalg af l\u00e5se og drage fordel af vores fabriksdirekte priser. Med SX kan du v\u00e6re sikker p\u00e5, at dit udstyr er beskyttet af l\u00e5se, der er bygget til at holde, og som giver dig ro i sindet, uanset hvor vejen f\u00f8rer dig hen.<\/p>\n<p>Kontakt nu:<span style=\"color: #0000ff;\"><a style=\"color: #0000ff;\" href=\"https:\/\/sxpowercase.com\/contact-us\/\">https:\/\/sxpowercase.com\/<\/a><\/span><\/p>\n<p>Hardware produktkatalog:<span style=\"color: #3366ff;\"><a style=\"color: #3366ff;\" href=\"https:\/\/sxpowercase.com\/wp-content\/uploads\/2024\/07\/\u4e94\u91d1.pdf\">Hardware tilbeh\u00f8r katalog<\/a><\/span><\/p>","protected":false},"excerpt":{"rendered":"<div class=\"flex-shrink-0 flex flex-col relative items-end\">\n<div>\n<div class=\"pt-0\">\n<div class=\"gizmo-bot-avatar flex h-8 w-8 items-center justify-center overflow-hidden rounded-full\">\n<div class=\"relative p-1 rounded-sm flex items-center justify-center bg-token-main-surface-primary text-token-text-primary h-8 w-8\"><\/div>\n<\/div>\n<\/div>\n<\/div>\n<\/div>\n<div class=\"group\/conversation-turn relative flex w-full min-w-0 flex-col agent-turn\">\n<div class=\"flex-col gap-1 md:gap-3\">\n<div class=\"flex flex-grow flex-col max-w-full\">\n<div class=\"min-h-[20px] text-message flex w-full flex-col items-end gap-2 whitespace-pre-wrap break-words [.text-message+&amp;]:mt-5 overflow-x-auto\" dir=\"auto\" data-message-author-role=\"assistant\" data-message-id=\"bb8e4fd2-91c9-4cb1-b993-7fe4fdb55f22\">\n<div class=\"flex w-full flex-col gap-1 empty:hidden first:pt-[3px]\">\n<div class=\"markdown prose w-full break-words dark:prose-invert light\">\n<h3>Affordable SX Road Case Latches<\/h3>\n<p>Get top-quality Road Case Latches at factory-direct prices from SX. We eliminate middleman costs, providing economical solutions for securing your equipment cases.<\/p>\n<h3>Reliable and Durable<\/h3>\n<p>SX Road Case Latches are rigorously tested for durability and quality. Trust our latches to keep your gear safe during tours, transport, or storage.<\/p>\n<h3>Customisable and Easy to Use<\/h3>\n<p>&amp;lt;p&gt;Choose from various sizes, finishes, and locking mechanisms with SX&#8217;s customisable Road Case Latches. Easy to install and operate, they offer both functionality and a professional look.<\/p><\/div>\n<\/div>\n<\/div>\n<\/div>\n<\/div>\n<\/div>\n","protected":false},"featured_media":3794,"comment_status":"open","ping_status":"closed","template":"","meta":[],"product_brand":[],"product_cat":[61],"product_tag":[],"class_list":{"0":"post-3959","1":"product","2":"type-product","3":"status-publish","4":"has-post-thumbnail","6":"product_cat-catchother-locks","8":"first","9":"instock","10":"shipping-taxable","11":"product-type-simple"},"yoast_head":"<!-- This site is optimized with the Yoast SEO Premium plugin v27.1 (Yoast SEO v27.2) - https:\/\/yoast.com\/product\/yoast-seo-premium-wordpress\/ -->\n<title>Road Case Latches LOB101 - https:\/\/sxflightcase.com \ud83d\udc97<\/title>\n<meta name=\"description\" content=\"Road case latches, factory direct! High-quality, durable latches for secure closure of road cases. Ideal for protecting equipment during transport, ensuring reliability and ease of use.\" \/>\n<meta name=\"robots\" content=\"index, follow, max-snippet:-1, max-image-preview:large, max-video-preview:-1\" \/>\n<link rel=\"canonical\" href=\"https:\/\/sxflightcase.com\/da\/vare\/vejkasse-lase-lob101\/\" \/>\n<meta property=\"og:locale\" content=\"da_DK\" \/>\n<meta property=\"og:type\" content=\"article\" \/>\n<meta property=\"og:title\" content=\"Road Case Latches LOB101\" \/>\n<meta property=\"og:description\" content=\"Road case latches, factory direct! High-quality, durable latches for secure closure of road cases. Ideal for protecting equipment during transport, ensuring reliability and ease of use.\" \/>\n<meta property=\"og:url\" content=\"https:\/\/sxflightcase.com\/da\/vare\/vejkasse-lase-lob101\/\" \/>\n<meta property=\"og:site_name\" content=\"https:\/\/sxflightcase.com\" \/>\n<meta property=\"article:publisher\" content=\"https:\/\/www.facebook.com\/profile.php?id=61560407257971\" \/>\n<meta property=\"article:modified_time\" content=\"2024-08-06T01:58:56+00:00\" \/>\n<meta property=\"og:image\" content=\"https:\/\/sxflightcase.com\/wp-content\/uploads\/2024\/07\/LOB101-2.jpg\" \/>\n\t<meta property=\"og:image:width\" content=\"700\" \/>\n\t<meta property=\"og:image:height\" content=\"700\" \/>\n\t<meta property=\"og:image:type\" content=\"image\/jpeg\" \/>\n<meta name=\"twitter:card\" content=\"summary_large_image\" \/>\n<meta name=\"twitter:label1\" content=\"Estimeret l\u00e6setid\" \/>\n\t<meta name=\"twitter:data1\" content=\"3 minutter\" \/>\n<script type=\"application\/ld+json\" class=\"yoast-schema-graph\">{\"@context\":\"https:\/\/schema.org\",\"@graph\":[{\"@type\":\"WebPage\",\"@id\":\"https:\/\/sxflightcase.com\/product\/road-case-latches-lob101\/\",\"url\":\"https:\/\/sxflightcase.com\/product\/road-case-latches-lob101\/\",\"name\":\"Road Case Latches LOB101 - https:\/\/sxflightcase.com \ud83d\udc97\",\"isPartOf\":{\"@id\":\"https:\/\/sxflightcase.com\/th\/#website\"},\"primaryImageOfPage\":{\"@id\":\"https:\/\/sxflightcase.com\/product\/road-case-latches-lob101\/#primaryimage\"},\"image\":{\"@id\":\"https:\/\/sxflightcase.com\/product\/road-case-latches-lob101\/#primaryimage\"},\"thumbnailUrl\":\"https:\/\/sxflightcase.com\/wp-content\/uploads\/2024\/07\/LOB101-2.jpg\",\"datePublished\":\"2024-08-06T01:58:55+00:00\",\"dateModified\":\"2024-08-06T01:58:56+00:00\",\"description\":\"Road case latches, factory direct! High-quality, durable latches for secure closure of road cases. Ideal for protecting equipment during transport, ensuring reliability and ease of use.\",\"breadcrumb\":{\"@id\":\"https:\/\/sxflightcase.com\/product\/road-case-latches-lob101\/#breadcrumb\"},\"inLanguage\":\"da-DK\",\"potentialAction\":[{\"@type\":\"ReadAction\",\"target\":[\"https:\/\/sxflightcase.com\/product\/road-case-latches-lob101\/\"]}]},{\"@type\":\"ImageObject\",\"inLanguage\":\"da-DK\",\"@id\":\"https:\/\/sxflightcase.com\/product\/road-case-latches-lob101\/#primaryimage\",\"url\":\"https:\/\/sxflightcase.com\/wp-content\/uploads\/2024\/07\/LOB101-2.jpg\",\"contentUrl\":\"https:\/\/sxflightcase.com\/wp-content\/uploads\/2024\/07\/LOB101-2.jpg\",\"width\":700,\"height\":700,\"caption\":\"road case latches\"},{\"@type\":\"BreadcrumbList\",\"@id\":\"https:\/\/sxflightcase.com\/product\/road-case-latches-lob101\/#breadcrumb\",\"itemListElement\":[{\"@type\":\"ListItem\",\"position\":1,\"name\":\"Home\",\"item\":\"https:\/\/sxflightcase.com\/\"},{\"@type\":\"ListItem\",\"position\":2,\"name\":\"\u0e2a\u0e34\u0e19\u0e04\u0e49\u0e32\",\"item\":\"https:\/\/sxflightcase.com\/th\/shop\/\"},{\"@type\":\"ListItem\",\"position\":3,\"name\":\"Road Case Latches LOB101\"}]},{\"@type\":\"WebSite\",\"@id\":\"https:\/\/sxflightcase.com\/th\/#website\",\"url\":\"https:\/\/sxflightcase.com\/th\/\",\"name\":\"sxpowercase.com\",\"description\":\"Flight Case Factory\",\"publisher\":{\"@id\":\"https:\/\/sxflightcase.com\/th\/#organization\"},\"potentialAction\":[{\"@type\":\"SearchAction\",\"target\":{\"@type\":\"EntryPoint\",\"urlTemplate\":\"https:\/\/sxflightcase.com\/th\/?s={search_term_string}\"},\"query-input\":{\"@type\":\"PropertyValueSpecification\",\"valueRequired\":true,\"valueName\":\"search_term_string\"}}],\"inLanguage\":\"da-DK\"},{\"@type\":\"Organization\",\"@id\":\"https:\/\/sxflightcase.com\/th\/#organization\",\"name\":\"sxpowercase.com\",\"url\":\"https:\/\/sxflightcase.com\/th\/\",\"logo\":{\"@type\":\"ImageObject\",\"inLanguage\":\"da-DK\",\"@id\":\"https:\/\/sxflightcase.com\/th\/#\/schema\/logo\/image\/\",\"url\":\"https:\/\/sxflightcase.com\/wp-content\/uploads\/2024\/04\/1713919036007.jpg\",\"contentUrl\":\"https:\/\/sxflightcase.com\/wp-content\/uploads\/2024\/04\/1713919036007.jpg\",\"width\":382,\"height\":388,\"caption\":\"sxpowercase.com\"},\"image\":{\"@id\":\"https:\/\/sxflightcase.com\/th\/#\/schema\/logo\/image\/\"},\"sameAs\":[\"https:\/\/www.facebook.com\/profile.php?id=61560407257971\"],\"numberOfEmployees\":{\"@type\":\"QuantitativeValue\",\"minValue\":\"11\",\"maxValue\":\"50\"}}]}<\/script>\n<!-- \/ Yoast SEO Premium plugin. -->","yoast_head_json":{"title":"Road Case Latches LOB101 - https:\/\/sxflightcase.com \ud83d\udc97","description":"L\u00e5se til vejkasser, direkte fra fabrikken! Holdbare l\u00e5se af h\u00f8j kvalitet til sikker lukning af vejkufferter. Ideelle til at beskytte udstyr under transport og sikre p\u00e5lidelighed og brugervenlighed.","robots":{"index":"index","follow":"follow","max-snippet":"max-snippet:-1","max-image-preview":"max-image-preview:large","max-video-preview":"max-video-preview:-1"},"canonical":"https:\/\/sxflightcase.com\/da\/vare\/vejkasse-lase-lob101\/","og_locale":"da_DK","og_type":"article","og_title":"Road Case Latches LOB101","og_description":"Road case latches, factory direct! High-quality, durable latches for secure closure of road cases. Ideal for protecting equipment during transport, ensuring reliability and ease of use.","og_url":"https:\/\/sxflightcase.com\/da\/vare\/vejkasse-lase-lob101\/","og_site_name":"https:\/\/sxflightcase.com","article_publisher":"https:\/\/www.facebook.com\/profile.php?id=61560407257971","article_modified_time":"2024-08-06T01:58:56+00:00","og_image":[{"width":700,"height":700,"url":"https:\/\/sxflightcase.com\/wp-content\/uploads\/2024\/07\/LOB101-2.jpg","type":"image\/jpeg"}],"twitter_card":"summary_large_image","twitter_misc":{"Estimeret l\u00e6setid":"3 minutter"},"schema":{"@context":"https:\/\/schema.org","@graph":[{"@type":"WebPage","@id":"https:\/\/sxflightcase.com\/product\/road-case-latches-lob101\/","url":"https:\/\/sxflightcase.com\/product\/road-case-latches-lob101\/","name":"Road Case Latches LOB101 - https:\/\/sxflightcase.com \ud83d\udc97","isPartOf":{"@id":"https:\/\/sxflightcase.com\/th\/#website"},"primaryImageOfPage":{"@id":"https:\/\/sxflightcase.com\/product\/road-case-latches-lob101\/#primaryimage"},"image":{"@id":"https:\/\/sxflightcase.com\/product\/road-case-latches-lob101\/#primaryimage"},"thumbnailUrl":"https:\/\/sxflightcase.com\/wp-content\/uploads\/2024\/07\/LOB101-2.jpg","datePublished":"2024-08-06T01:58:55+00:00","dateModified":"2024-08-06T01:58:56+00:00","description":"L\u00e5se til vejkasser, direkte fra fabrikken! Holdbare l\u00e5se af h\u00f8j kvalitet til sikker lukning af vejkufferter. Ideelle til at beskytte udstyr under transport og sikre p\u00e5lidelighed og brugervenlighed.","breadcrumb":{"@id":"https:\/\/sxflightcase.com\/product\/road-case-latches-lob101\/#breadcrumb"},"inLanguage":"da-DK","potentialAction":[{"@type":"ReadAction","target":["https:\/\/sxflightcase.com\/product\/road-case-latches-lob101\/"]}]},{"@type":"ImageObject","inLanguage":"da-DK","@id":"https:\/\/sxflightcase.com\/product\/road-case-latches-lob101\/#primaryimage","url":"https:\/\/sxflightcase.com\/wp-content\/uploads\/2024\/07\/LOB101-2.jpg","contentUrl":"https:\/\/sxflightcase.com\/wp-content\/uploads\/2024\/07\/LOB101-2.jpg","width":700,"height":700,"caption":"road case latches"},{"@type":"BreadcrumbList","@id":"https:\/\/sxflightcase.com\/product\/road-case-latches-lob101\/#breadcrumb","itemListElement":[{"@type":"ListItem","position":1,"name":"Home","item":"https:\/\/sxflightcase.com\/"},{"@type":"ListItem","position":2,"name":"\u0e2a\u0e34\u0e19\u0e04\u0e49\u0e32","item":"https:\/\/sxflightcase.com\/th\/shop\/"},{"@type":"ListItem","position":3,"name":"Road Case Latches LOB101"}]},{"@type":"WebSite","@id":"https:\/\/sxflightcase.com\/th\/#website","url":"https:\/\/sxflightcase.com\/th\/","name":"sxpowercase.com","description":"Flight Case Factory","publisher":{"@id":"https:\/\/sxflightcase.com\/th\/#organization"},"potentialAction":[{"@type":"SearchAction","target":{"@type":"EntryPoint","urlTemplate":"https:\/\/sxflightcase.com\/th\/?s={search_term_string}"},"query-input":{"@type":"PropertyValueSpecification","valueRequired":true,"valueName":"search_term_string"}}],"inLanguage":"da-DK"},{"@type":"Organization","@id":"https:\/\/sxflightcase.com\/th\/#organization","name":"sxpowercase.com","url":"https:\/\/sxflightcase.com\/th\/","logo":{"@type":"ImageObject","inLanguage":"da-DK","@id":"https:\/\/sxflightcase.com\/th\/#\/schema\/logo\/image\/","url":"https:\/\/sxflightcase.com\/wp-content\/uploads\/2024\/04\/1713919036007.jpg","contentUrl":"https:\/\/sxflightcase.com\/wp-content\/uploads\/2024\/04\/1713919036007.jpg","width":382,"height":388,"caption":"sxpowercase.com"},"image":{"@id":"https:\/\/sxflightcase.com\/th\/#\/schema\/logo\/image\/"},"sameAs":["https:\/\/www.facebook.com\/profile.php?id=61560407257971"],"numberOfEmployees":{"@type":"QuantitativeValue","minValue":"11","maxValue":"50"}}]}},"_links":{"self":[{"href":"https:\/\/sxflightcase.com\/da\/wp-json\/wp\/v2\/product\/3959","targetHints":{"allow":["GET"]}}],"collection":[{"href":"https:\/\/sxflightcase.com\/da\/wp-json\/wp\/v2\/product"}],"about":[{"href":"https:\/\/sxflightcase.com\/da\/wp-json\/wp\/v2\/types\/product"}],"replies":[{"embeddable":true,"href":"https:\/\/sxflightcase.com\/da\/wp-json\/wp\/v2\/comments?post=3959"}],"version-history":[{"count":0,"href":"https:\/\/sxflightcase.com\/da\/wp-json\/wp\/v2\/product\/3959\/revisions"}],"wp:featuredmedia":[{"embeddable":true,"href":"https:\/\/sxflightcase.com\/da\/wp-json\/wp\/v2\/media\/3794"}],"wp:attachment":[{"href":"https:\/\/sxflightcase.com\/da\/wp-json\/wp\/v2\/media?parent=3959"}],"wp:term":[{"taxonomy":"product_brand","embeddable":true,"href":"https:\/\/sxflightcase.com\/da\/wp-json\/wp\/v2\/product_brand?post=3959"},{"taxonomy":"product_cat","embeddable":true,"href":"https:\/\/sxflightcase.com\/da\/wp-json\/wp\/v2\/product_cat?post=3959"},{"taxonomy":"product_tag","embeddable":true,"href":"https:\/\/sxflightcase.com\/da\/wp-json\/wp\/v2\/product_tag?post=3959"}],"curies":[{"name":"wp","href":"https:\/\/api.w.org\/{rel}","templated":true}]}}