{"id":4038,"date":"2024-08-08T09:06:31","date_gmt":"2024-08-08T08:06:31","guid":{"rendered":"https:\/\/sxpowercase.com\/?post_type=product&#038;p=4038"},"modified":"2024-08-08T09:06:32","modified_gmt":"2024-08-08T08:06:32","slug":"accessories-recessed-handle-haa203","status":"publish","type":"product","link":"https:\/\/sxflightcase.com\/da\/vare\/tilbehor-forsaenket-handtag-haa203-2\/","title":{"rendered":"Tilbeh\u00f8r til indbygget h\u00e5ndtag HAA203"},"content":{"rendered":"<h3>Oplev SX's f\u00f8rsteklasses tilbeh\u00f8r Indbygget h\u00e5ndtag<\/h3>\n<h4>Fabriksdirekte priser for uovertruffen v\u00e6rdi<\/h4>\n<p>Hos SX mener vi, at hardware af h\u00f8j kvalitet skal v\u00e6re tilg\u00e6ngelig for alle. Vores <strong>Tilbeh\u00f8r Fors\u00e6nket h\u00e5ndtag<\/strong> tilbydes til fabriksdirekte priser, hvilket sikrer, at du f\u00e5r f\u00f8rsteklasses produkter til overkommelige priser. Ved at eliminere mellemm\u00e6ndene giver vi besparelserne direkte videre til dig.<\/p>\n<h4>Bygget til at holde med overlegne materialer<\/h4>\n<p>Holdbarhed er kernen i SX's designfilosofi. Vores <strong>Tilbeh\u00f8r Fors\u00e6nket h\u00e5ndtag<\/strong> er fremstillet af materialer af h\u00f8j kvalitet, som garanterer en lang levetid. Det sikrer, at vores h\u00e5ndtag kan modst\u00e5 hverdagens strabadser, hvilket g\u00f8r dem til et p\u00e5lideligt valg til ethvert projekt.<\/p>\n<h4>Kan tilpasses til dine behov<\/h4>\n<p>Hvert projekt har unikke krav, og <a href=\"https:\/\/sxpowercase.com\/\" target=\"_blank\" rel=\"noopener\" title=\"SX\" data-wpil-monitor-id=\"639\">SX<\/a> forst\u00e5r dette behov for tilpasning. Vores <strong>Tilbeh\u00f8r Fors\u00e6nket h\u00e5ndtag<\/strong> kan skr\u00e6ddersys, s\u00e5 de passer til dine specifikke behov, uanset om det er st\u00f8rrelse, form eller finish. Denne fleksibilitet giver dig mulighed for at integrere vores greb problemfrit i dit design.<\/p>\n<h4>Forpligtelse til kvalitetssikring<\/h4>\n<p>SX er dedikeret til at levere produkter af h\u00f8jeste kvalitet. Hver enkelt <strong>Tilbeh\u00f8r Fors\u00e6nket h\u00e5ndtag<\/strong> gennemg\u00e5r strenge kvalitetskontrolprocesser for at sikre, at de lever op til vores strenge standarder. Denne forpligtelse til excellence garanterer, at du f\u00e5r et produkt, du kan stole p\u00e5.<\/p>\n<h4>Elegant og funktionelt design<\/h4>\n<p>SX&#039;er <strong>Tilbeh\u00f8r Fors\u00e6nket h\u00e5ndtag<\/strong> kombinerer elegant design med praktisk funktionalitet. Vores h\u00e5ndtag er ikke kun nemme at bruge, men forbedrer ogs\u00e5 det \u00e6stetiske udtryk i dine projekter. Med SX f\u00e5r du hardware, der b\u00e5de er stilfuldt og effektivt.<\/p>\n<h4>Enest\u00e5ende kundesupport<\/h4>\n<p>At v\u00e6lge SX betyder, at du f\u00e5r st\u00f8tte fra et team, der er engageret i din succes. Vores kundeserviceteam st\u00e5r altid til r\u00e5dighed for at hj\u00e6lpe dig med eventuelle sp\u00f8rgsm\u00e5l eller bekymringer. Uanset om du har brug for vejledning i produktvalg eller hj\u00e6lp til din ordre, er vi her for at st\u00f8tte dig hele vejen.<\/p>\n<h4>Alsidige applikationer<\/h4>\n<p>De <strong>Tilbeh\u00f8r Fors\u00e6nket h\u00e5ndtag<\/strong> fra SX er alsidige og velegnede til forskellige anvendelser. Vores h\u00e5ndtag er designet til at opfylde kravene til forskellige projekter, lige fra flykufferter til industrielt udstyr. Deres robuste konstruktion og p\u00e5lidelige ydeevne g\u00f8r dem ideelle til b\u00e5de professionelle og g\u00f8r-det-selv-entusiaster.<\/p>\n<h4>Hvorfor SX skiller sig ud<\/h4>\n<p>SX udm\u00e6rker sig ved at v\u00e6re dedikeret til kvalitet, overkommelige priser og kundetilfredshed. Vores <strong>Tilbeh\u00f8r Fors\u00e6nket h\u00e5ndtag<\/strong> eksemplificerer vores forpligtelse til at levere det bedste inden for design, holdbarhed og funktionalitet. N\u00e5r du v\u00e6lger SX, investerer du i produkter, der forbedrer v\u00e6rdien og ydeevnen af dine projekter.<\/p>\n<h4>Kontakt SX i dag<\/h4>\n<p>Udforsk vores udvalg af <strong>Tilbeh\u00f8r Fors\u00e6nket h\u00e5ndtag<\/strong> og se, hvordan SX kan levere den perfekte l\u00f8sning til dine behov for h\u00e5ndtag. Med direkte fabrikspriser, garanteret kvalitet og muligheder for tilpasning er SX din foretrukne kilde til f\u00f8rsteklasses hardware. Kontakt os i dag, og opdag den forskel, SX kan g\u00f8re for dit n\u00e6ste projekt.<\/p>\n<p>Kontakt nu:<span style=\"color: #0000ff;\"><a style=\"color: #0000ff;\" href=\"https:\/\/sxpowercase.com\/contact-us\/\">https:\/\/sxpowercase.com\/<\/a><\/span><\/p>\n<p>Hardware produktkatalog:<span style=\"color: #3366ff;\"><a style=\"color: #3366ff;\" href=\"https:\/\/sxpowercase.com\/wp-content\/uploads\/2024\/07\/\u4e94\u91d1.pdf\">Hardware tilbeh\u00f8r katalog<\/a><\/span><\/p>","protected":false},"excerpt":{"rendered":"<h3>SX Accessories indbygget h\u00e5ndtag: F\u00f8rsteklasses kvalitet til direkte fabrikspriser<\/h3>\n<p>F\u00e5 f\u00f8rsteklasses hardware til overkommelige priser med SX's fabriksdirekte priser. Vores indbyggede h\u00e5ndtag til tilbeh\u00f8r giver enest\u00e5ende v\u00e6rdi uden at g\u00e5 p\u00e5 kompromis med kvaliteten.<\/p>\n<h3>Holdbar, kan tilpasses og er stilfuld<\/h3>\n<p>SX's indbyggede h\u00e5ndtag til tilbeh\u00f8r er fremstillet af materialer af h\u00f8j kvalitet og er bygget til at holde og kan tilpasses dine specifikke behov. Det slanke design forbedrer b\u00e5de funktionalitet og \u00e6stetik.<\/p>\n<h3>Stol p\u00e5 SX for alsidige l\u00f8sninger<\/h3>\n<p>SX's indbyggede h\u00e5ndtag til tilbeh\u00f8r er ideelle til forskellige anvendelser og underst\u00f8ttes af streng kvalitetssikring og enest\u00e5ende kundesupport. Forbedr dine projekter med vores p\u00e5lidelige og stilfulde h\u00e5ndtag.<\/p>","protected":false},"featured_media":4025,"comment_status":"open","ping_status":"closed","template":"","meta":[],"product_brand":[],"product_cat":[62],"product_tag":[],"class_list":{"0":"post-4038","1":"product","2":"type-product","3":"status-publish","4":"has-post-thumbnail","6":"product_cat-handles","8":"first","9":"instock","10":"shipping-taxable","11":"product-type-simple"},"yoast_head":"<!-- This site is optimized with the Yoast SEO Premium plugin v27.1 (Yoast SEO v27.2) - https:\/\/yoast.com\/product\/yoast-seo-premium-wordpress\/ -->\n<title>Accessories Recessed Handle HAA203 - https:\/\/sxflightcase.com \ud83d\udc97<\/title>\n<meta name=\"description\" content=\"Accessories recessed handle, factory direct! High-quality, durable handles designed for flush mounting. Ideal for flight cases, cabinets, and equipment, ensuring secure and comfortable use.\" \/>\n<meta name=\"robots\" content=\"index, follow, max-snippet:-1, max-image-preview:large, max-video-preview:-1\" \/>\n<link rel=\"canonical\" href=\"https:\/\/sxflightcase.com\/da\/termek\/tartozekok-sullyesztett-fogantyu-haa203\/\" \/>\n<meta property=\"og:locale\" content=\"da_DK\" \/>\n<meta property=\"og:type\" content=\"article\" \/>\n<meta property=\"og:title\" content=\"Accessories Recessed Handle HAA203\" \/>\n<meta property=\"og:description\" content=\"Accessories recessed handle, factory direct! High-quality, durable handles designed for flush mounting. Ideal for flight cases, cabinets, and equipment, ensuring secure and comfortable use.\" \/>\n<meta property=\"og:url\" content=\"https:\/\/sxflightcase.com\/da\/termek\/tartozekok-sullyesztett-fogantyu-haa203\/\" \/>\n<meta property=\"og:site_name\" content=\"https:\/\/sxflightcase.com\" \/>\n<meta property=\"article:publisher\" content=\"https:\/\/www.facebook.com\/profile.php?id=61560407257971\" \/>\n<meta property=\"article:modified_time\" content=\"2024-08-08T08:06:32+00:00\" \/>\n<meta property=\"og:image\" content=\"https:\/\/sxflightcase.com\/wp-content\/uploads\/2024\/08\/HAA203.jpg\" \/>\n\t<meta property=\"og:image:width\" content=\"700\" \/>\n\t<meta property=\"og:image:height\" content=\"700\" \/>\n\t<meta property=\"og:image:type\" content=\"image\/jpeg\" \/>\n<meta name=\"twitter:card\" content=\"summary_large_image\" \/>\n<meta name=\"twitter:label1\" content=\"Estimeret l\u00e6setid\" \/>\n\t<meta name=\"twitter:data1\" content=\"3 minutter\" \/>\n<script type=\"application\/ld+json\" class=\"yoast-schema-graph\">{\"@context\":\"https:\/\/schema.org\",\"@graph\":[{\"@type\":\"WebPage\",\"@id\":\"https:\/\/sxflightcase.com\/hu\/termek\/tartozekok-sullyesztett-fogantyu-haa203\/\",\"url\":\"https:\/\/sxflightcase.com\/hu\/termek\/tartozekok-sullyesztett-fogantyu-haa203\/\",\"name\":\"Accessories Recessed Handle HAA203 - https:\/\/sxflightcase.com \ud83d\udc97\",\"isPartOf\":{\"@id\":\"https:\/\/sxflightcase.com\/th\/#website\"},\"primaryImageOfPage\":{\"@id\":\"https:\/\/sxflightcase.com\/hu\/termek\/tartozekok-sullyesztett-fogantyu-haa203\/#primaryimage\"},\"image\":{\"@id\":\"https:\/\/sxflightcase.com\/hu\/termek\/tartozekok-sullyesztett-fogantyu-haa203\/#primaryimage\"},\"thumbnailUrl\":\"https:\/\/sxflightcase.com\/wp-content\/uploads\/2024\/08\/HAA203.jpg\",\"datePublished\":\"2024-08-08T08:06:31+00:00\",\"dateModified\":\"2024-08-08T08:06:32+00:00\",\"description\":\"Accessories recessed handle, factory direct! High-quality, durable handles designed for flush mounting. Ideal for flight cases, cabinets, and equipment, ensuring secure and comfortable use.\",\"breadcrumb\":{\"@id\":\"https:\/\/sxflightcase.com\/hu\/termek\/tartozekok-sullyesztett-fogantyu-haa203\/#breadcrumb\"},\"inLanguage\":\"da-DK\",\"potentialAction\":[{\"@type\":\"ReadAction\",\"target\":[\"https:\/\/sxflightcase.com\/hu\/termek\/tartozekok-sullyesztett-fogantyu-haa203\/\"]}]},{\"@type\":\"ImageObject\",\"inLanguage\":\"da-DK\",\"@id\":\"https:\/\/sxflightcase.com\/hu\/termek\/tartozekok-sullyesztett-fogantyu-haa203\/#primaryimage\",\"url\":\"https:\/\/sxflightcase.com\/wp-content\/uploads\/2024\/08\/HAA203.jpg\",\"contentUrl\":\"https:\/\/sxflightcase.com\/wp-content\/uploads\/2024\/08\/HAA203.jpg\",\"width\":700,\"height\":700,\"caption\":\"Accessories Recessed Handle\"},{\"@type\":\"BreadcrumbList\",\"@id\":\"https:\/\/sxflightcase.com\/hu\/termek\/tartozekok-sullyesztett-fogantyu-haa203\/#breadcrumb\",\"itemListElement\":[{\"@type\":\"ListItem\",\"position\":1,\"name\":\"Home\",\"item\":\"https:\/\/sxflightcase.com\/\"},{\"@type\":\"ListItem\",\"position\":2,\"name\":\"\u0e2a\u0e34\u0e19\u0e04\u0e49\u0e32\",\"item\":\"https:\/\/sxflightcase.com\/th\/shop\/\"},{\"@type\":\"ListItem\",\"position\":3,\"name\":\"Accessories Recessed Handle HAA203\"}]},{\"@type\":\"WebSite\",\"@id\":\"https:\/\/sxflightcase.com\/th\/#website\",\"url\":\"https:\/\/sxflightcase.com\/th\/\",\"name\":\"sxpowercase.com\",\"description\":\"Flight Case Factory\",\"publisher\":{\"@id\":\"https:\/\/sxflightcase.com\/th\/#organization\"},\"potentialAction\":[{\"@type\":\"SearchAction\",\"target\":{\"@type\":\"EntryPoint\",\"urlTemplate\":\"https:\/\/sxflightcase.com\/th\/?s={search_term_string}\"},\"query-input\":{\"@type\":\"PropertyValueSpecification\",\"valueRequired\":true,\"valueName\":\"search_term_string\"}}],\"inLanguage\":\"da-DK\"},{\"@type\":\"Organization\",\"@id\":\"https:\/\/sxflightcase.com\/th\/#organization\",\"name\":\"sxpowercase.com\",\"url\":\"https:\/\/sxflightcase.com\/th\/\",\"logo\":{\"@type\":\"ImageObject\",\"inLanguage\":\"da-DK\",\"@id\":\"https:\/\/sxflightcase.com\/th\/#\/schema\/logo\/image\/\",\"url\":\"https:\/\/sxflightcase.com\/wp-content\/uploads\/2024\/04\/1713919036007.jpg\",\"contentUrl\":\"https:\/\/sxflightcase.com\/wp-content\/uploads\/2024\/04\/1713919036007.jpg\",\"width\":382,\"height\":388,\"caption\":\"sxpowercase.com\"},\"image\":{\"@id\":\"https:\/\/sxflightcase.com\/th\/#\/schema\/logo\/image\/\"},\"sameAs\":[\"https:\/\/www.facebook.com\/profile.php?id=61560407257971\"],\"numberOfEmployees\":{\"@type\":\"QuantitativeValue\",\"minValue\":\"11\",\"maxValue\":\"50\"}}]}<\/script>\n<!-- \/ Yoast SEO Premium plugin. -->","yoast_head_json":{"title":"Accessories Recessed Handle HAA203 - https:\/\/sxflightcase.com \ud83d\udc97","description":"Tilbeh\u00f8r til indbyggede h\u00e5ndtag, direkte fra fabrikken! Holdbare h\u00e5ndtag af h\u00f8j kvalitet designet til indbygning. Ideelle til flightcases, kabinetter og udstyr, der sikrer sikker og behagelig brug.","robots":{"index":"index","follow":"follow","max-snippet":"max-snippet:-1","max-image-preview":"max-image-preview:large","max-video-preview":"max-video-preview:-1"},"canonical":"https:\/\/sxflightcase.com\/da\/termek\/tartozekok-sullyesztett-fogantyu-haa203\/","og_locale":"da_DK","og_type":"article","og_title":"Accessories Recessed Handle HAA203","og_description":"Accessories recessed handle, factory direct! High-quality, durable handles designed for flush mounting. Ideal for flight cases, cabinets, and equipment, ensuring secure and comfortable use.","og_url":"https:\/\/sxflightcase.com\/da\/termek\/tartozekok-sullyesztett-fogantyu-haa203\/","og_site_name":"https:\/\/sxflightcase.com","article_publisher":"https:\/\/www.facebook.com\/profile.php?id=61560407257971","article_modified_time":"2024-08-08T08:06:32+00:00","og_image":[{"width":700,"height":700,"url":"https:\/\/sxflightcase.com\/wp-content\/uploads\/2024\/08\/HAA203.jpg","type":"image\/jpeg"}],"twitter_card":"summary_large_image","twitter_misc":{"Estimeret l\u00e6setid":"3 minutter"},"schema":{"@context":"https:\/\/schema.org","@graph":[{"@type":"WebPage","@id":"https:\/\/sxflightcase.com\/hu\/termek\/tartozekok-sullyesztett-fogantyu-haa203\/","url":"https:\/\/sxflightcase.com\/hu\/termek\/tartozekok-sullyesztett-fogantyu-haa203\/","name":"Accessories Recessed Handle HAA203 - https:\/\/sxflightcase.com \ud83d\udc97","isPartOf":{"@id":"https:\/\/sxflightcase.com\/th\/#website"},"primaryImageOfPage":{"@id":"https:\/\/sxflightcase.com\/hu\/termek\/tartozekok-sullyesztett-fogantyu-haa203\/#primaryimage"},"image":{"@id":"https:\/\/sxflightcase.com\/hu\/termek\/tartozekok-sullyesztett-fogantyu-haa203\/#primaryimage"},"thumbnailUrl":"https:\/\/sxflightcase.com\/wp-content\/uploads\/2024\/08\/HAA203.jpg","datePublished":"2024-08-08T08:06:31+00:00","dateModified":"2024-08-08T08:06:32+00:00","description":"Tilbeh\u00f8r til indbyggede h\u00e5ndtag, direkte fra fabrikken! Holdbare h\u00e5ndtag af h\u00f8j kvalitet designet til indbygning. Ideelle til flightcases, kabinetter og udstyr, der sikrer sikker og behagelig brug.","breadcrumb":{"@id":"https:\/\/sxflightcase.com\/hu\/termek\/tartozekok-sullyesztett-fogantyu-haa203\/#breadcrumb"},"inLanguage":"da-DK","potentialAction":[{"@type":"ReadAction","target":["https:\/\/sxflightcase.com\/hu\/termek\/tartozekok-sullyesztett-fogantyu-haa203\/"]}]},{"@type":"ImageObject","inLanguage":"da-DK","@id":"https:\/\/sxflightcase.com\/hu\/termek\/tartozekok-sullyesztett-fogantyu-haa203\/#primaryimage","url":"https:\/\/sxflightcase.com\/wp-content\/uploads\/2024\/08\/HAA203.jpg","contentUrl":"https:\/\/sxflightcase.com\/wp-content\/uploads\/2024\/08\/HAA203.jpg","width":700,"height":700,"caption":"Accessories Recessed Handle"},{"@type":"BreadcrumbList","@id":"https:\/\/sxflightcase.com\/hu\/termek\/tartozekok-sullyesztett-fogantyu-haa203\/#breadcrumb","itemListElement":[{"@type":"ListItem","position":1,"name":"Home","item":"https:\/\/sxflightcase.com\/"},{"@type":"ListItem","position":2,"name":"\u0e2a\u0e34\u0e19\u0e04\u0e49\u0e32","item":"https:\/\/sxflightcase.com\/th\/shop\/"},{"@type":"ListItem","position":3,"name":"Accessories Recessed Handle HAA203"}]},{"@type":"WebSite","@id":"https:\/\/sxflightcase.com\/th\/#website","url":"https:\/\/sxflightcase.com\/th\/","name":"sxpowercase.com","description":"Flight Case Factory","publisher":{"@id":"https:\/\/sxflightcase.com\/th\/#organization"},"potentialAction":[{"@type":"SearchAction","target":{"@type":"EntryPoint","urlTemplate":"https:\/\/sxflightcase.com\/th\/?s={search_term_string}"},"query-input":{"@type":"PropertyValueSpecification","valueRequired":true,"valueName":"search_term_string"}}],"inLanguage":"da-DK"},{"@type":"Organization","@id":"https:\/\/sxflightcase.com\/th\/#organization","name":"sxpowercase.com","url":"https:\/\/sxflightcase.com\/th\/","logo":{"@type":"ImageObject","inLanguage":"da-DK","@id":"https:\/\/sxflightcase.com\/th\/#\/schema\/logo\/image\/","url":"https:\/\/sxflightcase.com\/wp-content\/uploads\/2024\/04\/1713919036007.jpg","contentUrl":"https:\/\/sxflightcase.com\/wp-content\/uploads\/2024\/04\/1713919036007.jpg","width":382,"height":388,"caption":"sxpowercase.com"},"image":{"@id":"https:\/\/sxflightcase.com\/th\/#\/schema\/logo\/image\/"},"sameAs":["https:\/\/www.facebook.com\/profile.php?id=61560407257971"],"numberOfEmployees":{"@type":"QuantitativeValue","minValue":"11","maxValue":"50"}}]}},"_links":{"self":[{"href":"https:\/\/sxflightcase.com\/da\/wp-json\/wp\/v2\/product\/4038","targetHints":{"allow":["GET"]}}],"collection":[{"href":"https:\/\/sxflightcase.com\/da\/wp-json\/wp\/v2\/product"}],"about":[{"href":"https:\/\/sxflightcase.com\/da\/wp-json\/wp\/v2\/types\/product"}],"replies":[{"embeddable":true,"href":"https:\/\/sxflightcase.com\/da\/wp-json\/wp\/v2\/comments?post=4038"}],"version-history":[{"count":0,"href":"https:\/\/sxflightcase.com\/da\/wp-json\/wp\/v2\/product\/4038\/revisions"}],"wp:featuredmedia":[{"embeddable":true,"href":"https:\/\/sxflightcase.com\/da\/wp-json\/wp\/v2\/media\/4025"}],"wp:attachment":[{"href":"https:\/\/sxflightcase.com\/da\/wp-json\/wp\/v2\/media?parent=4038"}],"wp:term":[{"taxonomy":"product_brand","embeddable":true,"href":"https:\/\/sxflightcase.com\/da\/wp-json\/wp\/v2\/product_brand?post=4038"},{"taxonomy":"product_cat","embeddable":true,"href":"https:\/\/sxflightcase.com\/da\/wp-json\/wp\/v2\/product_cat?post=4038"},{"taxonomy":"product_tag","embeddable":true,"href":"https:\/\/sxflightcase.com\/da\/wp-json\/wp\/v2\/product_tag?post=4038"}],"curies":[{"name":"wp","href":"https:\/\/api.w.org\/{rel}","templated":true}]}}