{"id":4046,"date":"2024-08-09T07:02:19","date_gmt":"2024-08-09T06:02:19","guid":{"rendered":"https:\/\/sxpowercase.com\/?post_type=product&#038;p=4046"},"modified":"2024-08-09T07:02:20","modified_gmt":"2024-08-09T06:02:20","slug":"equipment-case-handles-haa204","status":"publish","type":"product","link":"https:\/\/sxflightcase.com\/da\/vare\/handtag-til-udstyrskuffert-haa204-2\/","title":{"rendered":"H\u00e5ndtag til udstyrskasser HAA204"},"content":{"rendered":"<h3>P\u00e5lidelige h\u00e5ndtag til udstyrskasser fra SX<\/h3>\n<h4>H\u00f8j kvalitet til fabriksn\u00e6re priser<\/h4>\n<p>N\u00e5r det handler om at sikre og transportere dit v\u00e6rdifulde udstyr, g\u00f8r det rigtige h\u00e5ndtag hele forskellen. SX tilbyder <strong>H\u00e5ndtag til udstyrskasser<\/strong> der ikke kun er holdbare og p\u00e5lidelige, men ogs\u00e5 leveres til fabriksn\u00e6re priser. Dette sikrer, at du f\u00e5r f\u00f8rsteklasses kvalitet uden den h\u00f8je pris, hvilket g\u00f8r SX til det smarte valg til alle dine hardwarebehov.<\/p>\n<h4>Bygget til holdbarhed<\/h4>\n<p><a href=\"https:\/\/sxpowercase.com\/\" target=\"_blank\" rel=\"noopener\" title=\"SX\" data-wpil-monitor-id=\"643\">SX<\/a> forst\u00e5r, at udstyrskasser ofte uds\u00e6ttes for h\u00e5rde betingelser. Det er derfor, vores <strong>H\u00e5ndtag til udstyrskasser<\/strong> er fremstillet af materialer af h\u00f8j kvalitet, s\u00e5 de kan klare kravene til hyppig brug og barske milj\u00f8er. Med vores h\u00e5ndtag kan du stole p\u00e5, at dine kufferter bliver lettere at b\u00e6re og holder l\u00e6ngere.<\/p>\n<h4>Skr\u00e6ddersyet til dine specifikationer<\/h4>\n<p>Hvert projekt er unikt, og SX tilbyder tilpasningsmuligheder for at opfylde dine specifikke behov. Uanset om du har brug for h\u00e5ndtag i en bestemt st\u00f8rrelse, stil eller finish, er vores team klar til at hj\u00e6lpe med at skabe den perfekte l\u00f8sning. Med SX f\u00e5r du <strong>H\u00e5ndtag til udstyrskasser<\/strong> der er skr\u00e6ddersyet til at passe perfekt til dit design.<\/p>\n<h4>Garanteret kvalitet<\/h4>\n<p>Hos SX g\u00e5r vi aldrig p\u00e5 kompromis med kvaliteten. Hver eneste af vores <strong>H\u00e5ndtag til udstyrskasser<\/strong> gennemg\u00e5r strenge test- og kvalitetskontrolprocesser for at sikre, at de lever op til de h\u00f8jeste standarder. Denne opm\u00e6rksomhed p\u00e5 detaljer sikrer, at hvert h\u00e5ndtag, du modtager, er bygget til at holde og fungerer fejlfrit, hvilket giver dig ro i sindet.<\/p>\n<h4>Slankt design m\u00f8der funktionalitet<\/h4>\n<p>SX kombinerer slankt, moderne design med den praktiske funktionalitet, du har brug for i <strong>H\u00e5ndtag til udstyrskasser<\/strong>. Vores h\u00e5ndtag er ikke kun st\u00e6rke og behagelige at gribe om, men giver ogs\u00e5 dine kufferter et professionelt udseende. Med SX f\u00e5r du det bedste fra begge verdener - stil og substans.<\/p>\n<h4>Enest\u00e5ende kundeservice<\/h4>\n<p>At v\u00e6lge SX betyder at v\u00e6lge en partner, der er engageret i din succes. Vores kundeserviceteam er dedikeret til at yde support og hj\u00e6lp, fra produktvalg til eftersalgsservice. Vi er her for at sikre, at din oplevelse med SX bliver problemfri og tilfredsstillende.<\/p>\n<h4>Alsidige applikationer<\/h4>\n<p>Vores <strong>H\u00e5ndtag til udstyrskasser<\/strong> er alsidige og velegnede til en lang r\u00e6kke anvendelser. Uanset om du skal indrette en professionel kuffert til lydudstyr, medicinske instrumenter eller v\u00e6rkt\u00f8j, giver SX-h\u00e5ndtagene den holdbarhed og p\u00e5lidelighed, du har brug for. De er det perfekte valg til b\u00e5de professionel og privat brug.<\/p>\n<h4>Hvorfor v\u00e6lge SX?<\/h4>\n<p>SX er f\u00f8rende inden for levering af hardware af h\u00f8j kvalitet til konkurrencedygtige priser. Vores <strong>H\u00e5ndtag til udstyrskasser<\/strong> afspejler vores engagement i ekspertise og tilbyder dig det bedste inden for holdbarhed, design og overkommelige priser. N\u00e5r du v\u00e6lger SX, v\u00e6lger du et m\u00e6rke, der forst\u00e5r dine behov og leverer produkter, der overg\u00e5r forventningerne.<\/p>\n<h4>Kontakt os i dag<\/h4>\n<p>Udforsk udvalget af <strong>H\u00e5ndtag til udstyrskasser<\/strong> fra SX, og find ud af, hvordan vi kan hj\u00e6lpe med at forbedre funktionaliteten og udseendet af dine udstyrskasser. Med uovertrufne priser direkte fra fabrikken, garanteret kvalitet og tilpasningsmuligheder er SX din foretrukne kilde til alle dine behov for kufferth\u00e5ndtag. Kontakt os i dag for at f\u00e5 mere at vide eller afgive din bestilling.<\/p>\n<p>Kontakt nu:<span style=\"color: #0000ff;\"><a style=\"color: #0000ff;\" href=\"https:\/\/sxpowercase.com\/contact-us\/\">https:\/\/sxpowercase.com\/<\/a><\/span><\/p>\n<p>Hardware produktkatalog:<span style=\"color: #3366ff;\"><a style=\"color: #3366ff;\" href=\"https:\/\/sxpowercase.com\/wp-content\/uploads\/2024\/07\/\u4e94\u91d1.pdf\">Hardware tilbeh\u00f8r katalog<\/a><\/span><\/p>","protected":false},"excerpt":{"rendered":"<div class=\"flex-shrink-0 flex flex-col relative items-end\">\n<div>\n<div class=\"pt-0\">\n<div class=\"gizmo-bot-avatar flex h-8 w-8 items-center justify-center overflow-hidden rounded-full\">\n<div class=\"relative p-1 rounded-sm flex items-center justify-center bg-token-main-surface-primary text-token-text-primary h-8 w-8\"><\/div>\n<\/div>\n<\/div>\n<\/div>\n<\/div>\n<div class=\"group\/conversation-turn relative flex w-full min-w-0 flex-col agent-turn\">\n<div class=\"flex-col gap-1 md:gap-3\">\n<div class=\"flex max-w-full flex-col flex-grow\">\n<div class=\"min-h-[20px] text-message flex w-full flex-col items-end gap-2 whitespace-pre-wrap break-words [.text-message+&amp;]:mt-5 overflow-x-auto\" dir=\"auto\" data-message-author-role=\"assistant\" data-message-id=\"95f91648-79a0-44b0-bae4-6fca00aa0a90\">\n<div class=\"flex w-full flex-col gap-1 empty:hidden first:pt-[3px]\">\n<div class=\"markdown prose w-full break-words dark:prose-invert light\">\n<h3>Premium Equipment Case Handles by SX: Factory-Direct Prices<\/h3>\n<p>Get durable, high-quality Equipment Case Handles at affordable, factory-direct prices. SX ensures you receive top-tier hardware without the hefty cost.<\/p>\n<h3>Customised Durability for Tough Conditions<\/h3>\n<p>SX&#8217;s Equipment Case Handles are crafted from high-grade materials to withstand frequent use and harsh environments. Customisation options ensure a perfect fit for your specific needs.<\/p>\n<h3>Sleek, Functional, and Reliable<\/h3>\n<p>SX combines modern design with practical functionality. Our handles offer a comfortable grip, robust performance, and a professional look\u2014ideal for any equipment case.<\/p>\n<\/div>\n<\/div>\n<\/div>\n<\/div>\n<\/div>\n<\/div>\n","protected":false},"featured_media":4026,"comment_status":"open","ping_status":"closed","template":"","meta":[],"product_brand":[],"product_cat":[62],"product_tag":[],"class_list":{"0":"post-4046","1":"product","2":"type-product","3":"status-publish","4":"has-post-thumbnail","6":"product_cat-handles","8":"first","9":"instock","10":"shipping-taxable","11":"product-type-simple"},"yoast_head":"<!-- This site is optimized with the Yoast SEO Premium plugin v27.1 (Yoast SEO v27.2) - https:\/\/yoast.com\/product\/yoast-seo-premium-wordpress\/ -->\n<title>Equipment Case Handles HAA204 - https:\/\/sxflightcase.com \ud83d\udc97<\/title>\n<meta name=\"description\" content=\"Equipment case handles, factory direct! High-quality, durable handles designed for secure and comfortable transport of equipment cases. Ideal for professional and industrial use.\" \/>\n<meta name=\"robots\" content=\"index, follow, max-snippet:-1, max-image-preview:large, max-video-preview:-1\" \/>\n<link rel=\"canonical\" href=\"https:\/\/sxflightcase.com\/da\/prodotto\/maniglie-delle-valigie-per-attrezzature-haa204-2\/\" \/>\n<meta property=\"og:locale\" content=\"da_DK\" \/>\n<meta property=\"og:type\" content=\"article\" \/>\n<meta property=\"og:title\" content=\"Equipment Case Handles HAA204\" \/>\n<meta property=\"og:description\" content=\"Equipment case handles, factory direct! High-quality, durable handles designed for secure and comfortable transport of equipment cases. Ideal for professional and industrial use.\" \/>\n<meta property=\"og:url\" content=\"https:\/\/sxflightcase.com\/da\/prodotto\/maniglie-delle-valigie-per-attrezzature-haa204-2\/\" \/>\n<meta property=\"og:site_name\" content=\"https:\/\/sxflightcase.com\" \/>\n<meta property=\"article:publisher\" content=\"https:\/\/www.facebook.com\/profile.php?id=61560407257971\" \/>\n<meta property=\"article:modified_time\" content=\"2024-08-09T06:02:20+00:00\" \/>\n<meta property=\"og:image\" content=\"https:\/\/sxflightcase.com\/wp-content\/uploads\/2024\/08\/HAA204.jpg\" \/>\n\t<meta property=\"og:image:width\" content=\"700\" \/>\n\t<meta property=\"og:image:height\" content=\"700\" \/>\n\t<meta property=\"og:image:type\" content=\"image\/jpeg\" \/>\n<meta name=\"twitter:card\" content=\"summary_large_image\" \/>\n<meta name=\"twitter:label1\" content=\"Estimeret l\u00e6setid\" \/>\n\t<meta name=\"twitter:data1\" content=\"3 minutter\" \/>\n<script type=\"application\/ld+json\" class=\"yoast-schema-graph\">{\"@context\":\"https:\/\/schema.org\",\"@graph\":[{\"@type\":\"WebPage\",\"@id\":\"https:\/\/sxflightcase.com\/it\/prodotto\/maniglie-delle-valigie-per-attrezzature-haa204-2\/\",\"url\":\"https:\/\/sxflightcase.com\/it\/prodotto\/maniglie-delle-valigie-per-attrezzature-haa204-2\/\",\"name\":\"Equipment Case Handles HAA204 - https:\/\/sxflightcase.com \ud83d\udc97\",\"isPartOf\":{\"@id\":\"https:\/\/sxflightcase.com\/th\/#website\"},\"primaryImageOfPage\":{\"@id\":\"https:\/\/sxflightcase.com\/it\/prodotto\/maniglie-delle-valigie-per-attrezzature-haa204-2\/#primaryimage\"},\"image\":{\"@id\":\"https:\/\/sxflightcase.com\/it\/prodotto\/maniglie-delle-valigie-per-attrezzature-haa204-2\/#primaryimage\"},\"thumbnailUrl\":\"https:\/\/sxflightcase.com\/wp-content\/uploads\/2024\/08\/HAA204.jpg\",\"datePublished\":\"2024-08-09T06:02:19+00:00\",\"dateModified\":\"2024-08-09T06:02:20+00:00\",\"description\":\"Equipment case handles, factory direct! High-quality, durable handles designed for secure and comfortable transport of equipment cases. Ideal for professional and industrial use.\",\"breadcrumb\":{\"@id\":\"https:\/\/sxflightcase.com\/it\/prodotto\/maniglie-delle-valigie-per-attrezzature-haa204-2\/#breadcrumb\"},\"inLanguage\":\"da-DK\",\"potentialAction\":[{\"@type\":\"ReadAction\",\"target\":[\"https:\/\/sxflightcase.com\/it\/prodotto\/maniglie-delle-valigie-per-attrezzature-haa204-2\/\"]}]},{\"@type\":\"ImageObject\",\"inLanguage\":\"da-DK\",\"@id\":\"https:\/\/sxflightcase.com\/it\/prodotto\/maniglie-delle-valigie-per-attrezzature-haa204-2\/#primaryimage\",\"url\":\"https:\/\/sxflightcase.com\/wp-content\/uploads\/2024\/08\/HAA204.jpg\",\"contentUrl\":\"https:\/\/sxflightcase.com\/wp-content\/uploads\/2024\/08\/HAA204.jpg\",\"width\":700,\"height\":700,\"caption\":\"Equipment Case handles\"},{\"@type\":\"BreadcrumbList\",\"@id\":\"https:\/\/sxflightcase.com\/it\/prodotto\/maniglie-delle-valigie-per-attrezzature-haa204-2\/#breadcrumb\",\"itemListElement\":[{\"@type\":\"ListItem\",\"position\":1,\"name\":\"Home\",\"item\":\"https:\/\/sxflightcase.com\/\"},{\"@type\":\"ListItem\",\"position\":2,\"name\":\"\u0e2a\u0e34\u0e19\u0e04\u0e49\u0e32\",\"item\":\"https:\/\/sxflightcase.com\/th\/shop\/\"},{\"@type\":\"ListItem\",\"position\":3,\"name\":\"Equipment Case Handles HAA204\"}]},{\"@type\":\"WebSite\",\"@id\":\"https:\/\/sxflightcase.com\/th\/#website\",\"url\":\"https:\/\/sxflightcase.com\/th\/\",\"name\":\"sxpowercase.com\",\"description\":\"Flight Case Factory\",\"publisher\":{\"@id\":\"https:\/\/sxflightcase.com\/th\/#organization\"},\"potentialAction\":[{\"@type\":\"SearchAction\",\"target\":{\"@type\":\"EntryPoint\",\"urlTemplate\":\"https:\/\/sxflightcase.com\/th\/?s={search_term_string}\"},\"query-input\":{\"@type\":\"PropertyValueSpecification\",\"valueRequired\":true,\"valueName\":\"search_term_string\"}}],\"inLanguage\":\"da-DK\"},{\"@type\":\"Organization\",\"@id\":\"https:\/\/sxflightcase.com\/th\/#organization\",\"name\":\"sxpowercase.com\",\"url\":\"https:\/\/sxflightcase.com\/th\/\",\"logo\":{\"@type\":\"ImageObject\",\"inLanguage\":\"da-DK\",\"@id\":\"https:\/\/sxflightcase.com\/th\/#\/schema\/logo\/image\/\",\"url\":\"https:\/\/sxflightcase.com\/wp-content\/uploads\/2024\/04\/1713919036007.jpg\",\"contentUrl\":\"https:\/\/sxflightcase.com\/wp-content\/uploads\/2024\/04\/1713919036007.jpg\",\"width\":382,\"height\":388,\"caption\":\"sxpowercase.com\"},\"image\":{\"@id\":\"https:\/\/sxflightcase.com\/th\/#\/schema\/logo\/image\/\"},\"sameAs\":[\"https:\/\/www.facebook.com\/profile.php?id=61560407257971\"],\"numberOfEmployees\":{\"@type\":\"QuantitativeValue\",\"minValue\":\"11\",\"maxValue\":\"50\"}}]}<\/script>\n<!-- \/ Yoast SEO Premium plugin. -->","yoast_head_json":{"title":"Equipment Case Handles HAA204 - https:\/\/sxflightcase.com \ud83d\udc97","description":"H\u00e5ndtag til udstyrskufferter, direkte fra fabrikken! Holdbare h\u00e5ndtag af h\u00f8j kvalitet, der er designet til sikker og komfortabel transport af udstyrskufferter. Ideelle til professionel og industriel brug.","robots":{"index":"index","follow":"follow","max-snippet":"max-snippet:-1","max-image-preview":"max-image-preview:large","max-video-preview":"max-video-preview:-1"},"canonical":"https:\/\/sxflightcase.com\/da\/prodotto\/maniglie-delle-valigie-per-attrezzature-haa204-2\/","og_locale":"da_DK","og_type":"article","og_title":"Equipment Case Handles HAA204","og_description":"Equipment case handles, factory direct! High-quality, durable handles designed for secure and comfortable transport of equipment cases. Ideal for professional and industrial use.","og_url":"https:\/\/sxflightcase.com\/da\/prodotto\/maniglie-delle-valigie-per-attrezzature-haa204-2\/","og_site_name":"https:\/\/sxflightcase.com","article_publisher":"https:\/\/www.facebook.com\/profile.php?id=61560407257971","article_modified_time":"2024-08-09T06:02:20+00:00","og_image":[{"width":700,"height":700,"url":"https:\/\/sxflightcase.com\/wp-content\/uploads\/2024\/08\/HAA204.jpg","type":"image\/jpeg"}],"twitter_card":"summary_large_image","twitter_misc":{"Estimeret l\u00e6setid":"3 minutter"},"schema":{"@context":"https:\/\/schema.org","@graph":[{"@type":"WebPage","@id":"https:\/\/sxflightcase.com\/it\/prodotto\/maniglie-delle-valigie-per-attrezzature-haa204-2\/","url":"https:\/\/sxflightcase.com\/it\/prodotto\/maniglie-delle-valigie-per-attrezzature-haa204-2\/","name":"Equipment Case Handles HAA204 - https:\/\/sxflightcase.com \ud83d\udc97","isPartOf":{"@id":"https:\/\/sxflightcase.com\/th\/#website"},"primaryImageOfPage":{"@id":"https:\/\/sxflightcase.com\/it\/prodotto\/maniglie-delle-valigie-per-attrezzature-haa204-2\/#primaryimage"},"image":{"@id":"https:\/\/sxflightcase.com\/it\/prodotto\/maniglie-delle-valigie-per-attrezzature-haa204-2\/#primaryimage"},"thumbnailUrl":"https:\/\/sxflightcase.com\/wp-content\/uploads\/2024\/08\/HAA204.jpg","datePublished":"2024-08-09T06:02:19+00:00","dateModified":"2024-08-09T06:02:20+00:00","description":"H\u00e5ndtag til udstyrskufferter, direkte fra fabrikken! Holdbare h\u00e5ndtag af h\u00f8j kvalitet, der er designet til sikker og komfortabel transport af udstyrskufferter. Ideelle til professionel og industriel brug.","breadcrumb":{"@id":"https:\/\/sxflightcase.com\/it\/prodotto\/maniglie-delle-valigie-per-attrezzature-haa204-2\/#breadcrumb"},"inLanguage":"da-DK","potentialAction":[{"@type":"ReadAction","target":["https:\/\/sxflightcase.com\/it\/prodotto\/maniglie-delle-valigie-per-attrezzature-haa204-2\/"]}]},{"@type":"ImageObject","inLanguage":"da-DK","@id":"https:\/\/sxflightcase.com\/it\/prodotto\/maniglie-delle-valigie-per-attrezzature-haa204-2\/#primaryimage","url":"https:\/\/sxflightcase.com\/wp-content\/uploads\/2024\/08\/HAA204.jpg","contentUrl":"https:\/\/sxflightcase.com\/wp-content\/uploads\/2024\/08\/HAA204.jpg","width":700,"height":700,"caption":"Equipment Case handles"},{"@type":"BreadcrumbList","@id":"https:\/\/sxflightcase.com\/it\/prodotto\/maniglie-delle-valigie-per-attrezzature-haa204-2\/#breadcrumb","itemListElement":[{"@type":"ListItem","position":1,"name":"Home","item":"https:\/\/sxflightcase.com\/"},{"@type":"ListItem","position":2,"name":"\u0e2a\u0e34\u0e19\u0e04\u0e49\u0e32","item":"https:\/\/sxflightcase.com\/th\/shop\/"},{"@type":"ListItem","position":3,"name":"Equipment Case Handles HAA204"}]},{"@type":"WebSite","@id":"https:\/\/sxflightcase.com\/th\/#website","url":"https:\/\/sxflightcase.com\/th\/","name":"sxpowercase.com","description":"Flight Case Factory","publisher":{"@id":"https:\/\/sxflightcase.com\/th\/#organization"},"potentialAction":[{"@type":"SearchAction","target":{"@type":"EntryPoint","urlTemplate":"https:\/\/sxflightcase.com\/th\/?s={search_term_string}"},"query-input":{"@type":"PropertyValueSpecification","valueRequired":true,"valueName":"search_term_string"}}],"inLanguage":"da-DK"},{"@type":"Organization","@id":"https:\/\/sxflightcase.com\/th\/#organization","name":"sxpowercase.com","url":"https:\/\/sxflightcase.com\/th\/","logo":{"@type":"ImageObject","inLanguage":"da-DK","@id":"https:\/\/sxflightcase.com\/th\/#\/schema\/logo\/image\/","url":"https:\/\/sxflightcase.com\/wp-content\/uploads\/2024\/04\/1713919036007.jpg","contentUrl":"https:\/\/sxflightcase.com\/wp-content\/uploads\/2024\/04\/1713919036007.jpg","width":382,"height":388,"caption":"sxpowercase.com"},"image":{"@id":"https:\/\/sxflightcase.com\/th\/#\/schema\/logo\/image\/"},"sameAs":["https:\/\/www.facebook.com\/profile.php?id=61560407257971"],"numberOfEmployees":{"@type":"QuantitativeValue","minValue":"11","maxValue":"50"}}]}},"_links":{"self":[{"href":"https:\/\/sxflightcase.com\/da\/wp-json\/wp\/v2\/product\/4046","targetHints":{"allow":["GET"]}}],"collection":[{"href":"https:\/\/sxflightcase.com\/da\/wp-json\/wp\/v2\/product"}],"about":[{"href":"https:\/\/sxflightcase.com\/da\/wp-json\/wp\/v2\/types\/product"}],"replies":[{"embeddable":true,"href":"https:\/\/sxflightcase.com\/da\/wp-json\/wp\/v2\/comments?post=4046"}],"version-history":[{"count":0,"href":"https:\/\/sxflightcase.com\/da\/wp-json\/wp\/v2\/product\/4046\/revisions"}],"wp:featuredmedia":[{"embeddable":true,"href":"https:\/\/sxflightcase.com\/da\/wp-json\/wp\/v2\/media\/4026"}],"wp:attachment":[{"href":"https:\/\/sxflightcase.com\/da\/wp-json\/wp\/v2\/media?parent=4046"}],"wp:term":[{"taxonomy":"product_brand","embeddable":true,"href":"https:\/\/sxflightcase.com\/da\/wp-json\/wp\/v2\/product_brand?post=4046"},{"taxonomy":"product_cat","embeddable":true,"href":"https:\/\/sxflightcase.com\/da\/wp-json\/wp\/v2\/product_cat?post=4046"},{"taxonomy":"product_tag","embeddable":true,"href":"https:\/\/sxflightcase.com\/da\/wp-json\/wp\/v2\/product_tag?post=4046"}],"curies":[{"name":"wp","href":"https:\/\/api.w.org\/{rel}","templated":true}]}}