{"id":4057,"date":"2024-08-10T07:25:24","date_gmt":"2024-08-10T06:25:24","guid":{"rendered":"https:\/\/sxpowercase.com\/?post_type=product&#038;p=4057"},"modified":"2024-08-10T07:25:25","modified_gmt":"2024-08-10T06:25:25","slug":"cabinet-handles-haf01","status":"publish","type":"product","link":"https:\/\/sxflightcase.com\/da\/vare\/skabsgreb-haf01-2\/","title":{"rendered":"Skabsh\u00e5ndtag HAF01"},"content":{"rendered":"<h3>L\u00f8ft dit rum med SX-skabsh\u00e5ndtag<\/h3>\n<h4>Kvalitetsh\u00e5ndv\u00e6rk til fabriksn\u00e6re priser<\/h4>\n<p>N\u00e5r det g\u00e6lder om at finde den perfekte <strong>H\u00e5ndtag til skabe<\/strong> til dit hjem eller din arbejdsplads, er kvalitet og overkommelige priser n\u00f8glen. Hos SX tilbyder vi et bredt udvalg af h\u00e5ndtag, der er designet til at supplere enhver indretning og samtidig har en enest\u00e5ende holdbarhed. Vores fabriksdirekte tilgang sikrer, at du f\u00e5r f\u00f8rsteklasses produkter til uovertrufne priser. Uanset om du skal renovere dit k\u00f8kken eller opdatere dine kontorskabe, <a href=\"https:\/\/sxpowercase.com\/\" target=\"_blank\" rel=\"noopener\" title=\"SX\" data-wpil-monitor-id=\"648\">SX<\/a> <strong>H\u00e5ndtag til skabe<\/strong> levere den bedste v\u00e6rdi uden at g\u00e5 p\u00e5 kompromis med kvaliteten.<\/p>\n<h4>Designet til at holde<\/h4>\n<p>Hver eneste SX <strong>H\u00e5ndtag til skab<\/strong> er udformet med pr\u00e6cision og sans for detaljer. H\u00e5ndtagene er fremstillet af materialer af h\u00f8j kvalitet og er designet til at modst\u00e5 daglig brug, samtidig med at de bevarer deres elegante udseende. Uanset om du foretr\u00e6kker et moderne, minimalistisk design eller et mere traditionelt look, er vores h\u00e5ndtag bygget til at holde og tilbyder b\u00e5de stil og styrke. Med SX kan du stole p\u00e5, at din investering i kvalitetshardware vil st\u00e5 sin pr\u00f8ve.<\/p>\n<h4>Alsidighed til alle omgivelser<\/h4>\n<p>SX <strong>H\u00e5ndtag til skabe<\/strong> er ikke kun begr\u00e6nset til k\u00f8kkener og badev\u00e6relser. Deres alsidige design g\u00f8r dem velegnede til en lang r\u00e6kke anvendelser, fra garderobeskabe i sovev\u00e6relser til opbevaringsenheder p\u00e5 kontorer. Uanset hvor de installeres, forbedrer vores greb b\u00e5de funktionalitet og \u00e6stetik. Deres ergonomiske design sikrer et behageligt greb og g\u00f8r hverdagens opgaver mere bekvemme, samtidig med at de tilf\u00f8jer et strejf af elegance til dit rum.<\/p>\n<h4>Skr\u00e6ddersyede l\u00f8sninger<\/h4>\n<p>Hos SX forst\u00e5r vi, at hvert projekt har unikke krav. Derfor tilbyder vi tilpasningsmuligheder for vores <strong>H\u00e5ndtag til skabe<\/strong>. Uanset om du har brug for en bestemt st\u00f8rrelse, finish eller stil, kan vi skr\u00e6ddersy vores produkter, s\u00e5 de opfylder netop dine behov. Tilpasning sikrer, at dine greb ikke kun passer perfekt, men ogs\u00e5 supplerer det overordnede design af dine skabe. Lad SX hj\u00e6lpe dig med at skabe et sammenh\u00e6ngende og poleret look i hele dit hjem eller kontor.<\/p>\n<h4>Direkte fra producenten<\/h4>\n<p>Ved at k\u00f8be direkte fra producenten udelukker du mellemmanden og sikrer, at du f\u00e5r den h\u00f8jeste kvalitet. <strong>H\u00e5ndtag til skabe<\/strong> til den lavest mulige pris. SX er forpligtet til at levere produkter, der kombinerer holdbarhed, stil og overkommelige priser. Vores fabriksdirekte tilgang betyder, at du f\u00e5r f\u00f8rsteklasses hardware uden den avance, der typisk findes i detailbutikker.<\/p>\n<h4>Hvorfor v\u00e6lge SX?<\/h4>\n<p>At v\u00e6lge SX betyder at v\u00e6lge et m\u00e6rke, der prioriterer kvalitet, kundetilfredshed og v\u00e6rdi. Vores <strong>H\u00e5ndtag til skabe<\/strong> er den perfekte blanding af form og funktion, designet til at forbedre udseendet og anvendeligheden af dine skabe. Med SX k\u00f8ber du ikke bare hardware - du investerer i et produkt, der vil forbedre dit rum i mange \u00e5r fremover.<\/p>\n<h4>Kontakt os i dag<\/h4>\n<p>Opgrader dine skabe med SX <strong>H\u00e5ndtag til skabe<\/strong> og oplev den forskel, som kvalitetsh\u00e5ndv\u00e6rk og direkte fabrikspriser kan g\u00f8re. Kontakt os i dag for at h\u00f8re mere om vores udvalg af produkter eller for at afgive din ordre. Lad SX v\u00e6re din betroede partner i alle dine skabsbehov.<\/p>\n<p>Kontakt nu:<span style=\"color: #0000ff;\"><a style=\"color: #0000ff;\" href=\"https:\/\/sxpowercase.com\/contact-us\/\">https:\/\/sxpowercase.com\/<\/a><\/span><\/p>\n<p>Hardware produktkatalog:<span style=\"color: #3366ff;\"><a style=\"color: #3366ff;\" href=\"https:\/\/sxpowercase.com\/wp-content\/uploads\/2024\/07\/\u4e94\u91d1.pdf\">Hardware tilbeh\u00f8r katalog<\/a><\/span><\/p>","protected":false},"excerpt":{"rendered":"<div class=\"flex max-w-full flex-col flex-grow\">\n<div class=\"min-h-[20px] text-message flex w-full flex-col items-end gap-2 whitespace-pre-wrap break-words [.text-message+&amp;]:mt-5 overflow-x-auto\" dir=\"auto\" data-message-author-role=\"assistant\" data-message-id=\"f9b15d2b-76c9-4191-8e5c-4ce629a7c529\">\n<div class=\"flex w-full flex-col gap-1 empty:hidden first:pt-[3px]\">\n<div class=\"markdown prose w-full break-words dark:prose-invert light\">\n<h3>SX Cabinet Handles: Style Meets Durability<\/h3>\n<p>Enhance your space with SX Cabinet Handles, crafted with precision and designed to last. Perfect for any decor, they offer both strength and elegance.<\/p>\n<h3>Factory-Direct Pricing for Unmatched Value<\/h3>\n<p>Get top-quality Cabinet Handles at unbeatable prices with SX\u2019s factory-direct approach, ensuring you receive exceptional value without the retail markup.<\/p>\n<h3>Customisable Solutions for Every Space<\/h3>\n<p>SX offers tailored Cabinet Handles to fit your exact needs, providing the perfect blend of form and function for your home or office cabinetry.<\/p>\n<\/div>\n<\/div>\n<\/div>\n<\/div>\n","protected":false},"featured_media":4033,"comment_status":"open","ping_status":"closed","template":"","meta":[],"product_brand":[],"product_cat":[62],"product_tag":[],"class_list":{"0":"post-4057","1":"product","2":"type-product","3":"status-publish","4":"has-post-thumbnail","6":"product_cat-handles","8":"first","9":"instock","10":"shipping-taxable","11":"product-type-simple"},"yoast_head":"<!-- This site is optimized with the Yoast SEO Premium plugin v27.1 (Yoast SEO v27.2) - https:\/\/yoast.com\/product\/yoast-seo-premium-wordpress\/ -->\n<title>Cabinet Handles HAF01 - https:\/\/sxflightcase.com \ud83d\udc97<\/title>\n<meta name=\"description\" content=\"Cabinet handles, factory direct! High-quality, durable handles designed for secure and stylish cabinet access. Ideal for kitchens, offices, and other furniture applications.\" \/>\n<meta name=\"robots\" content=\"index, follow, max-snippet:-1, max-image-preview:large, max-video-preview:-1\" \/>\n<link rel=\"canonical\" href=\"https:\/\/sxflightcase.com\/da\/producto\/tiradores-de-armario-haf01-2\/\" \/>\n<meta property=\"og:locale\" content=\"da_DK\" \/>\n<meta property=\"og:type\" content=\"article\" \/>\n<meta property=\"og:title\" content=\"Cabinet Handles HAF01\" \/>\n<meta property=\"og:description\" content=\"Cabinet handles, factory direct! High-quality, durable handles designed for secure and stylish cabinet access. Ideal for kitchens, offices, and other furniture applications.\" \/>\n<meta property=\"og:url\" content=\"https:\/\/sxflightcase.com\/da\/producto\/tiradores-de-armario-haf01-2\/\" \/>\n<meta property=\"og:site_name\" content=\"https:\/\/sxflightcase.com\" \/>\n<meta property=\"article:publisher\" content=\"https:\/\/www.facebook.com\/profile.php?id=61560407257971\" \/>\n<meta property=\"article:modified_time\" content=\"2024-08-10T06:25:25+00:00\" \/>\n<meta property=\"og:image\" content=\"https:\/\/sxflightcase.com\/wp-content\/uploads\/2024\/08\/HAF01.jpg\" \/>\n\t<meta property=\"og:image:width\" content=\"700\" \/>\n\t<meta property=\"og:image:height\" content=\"700\" \/>\n\t<meta property=\"og:image:type\" content=\"image\/jpeg\" \/>\n<meta name=\"twitter:card\" content=\"summary_large_image\" \/>\n<meta name=\"twitter:label1\" content=\"Estimeret l\u00e6setid\" \/>\n\t<meta name=\"twitter:data1\" content=\"3 minutter\" \/>\n<script type=\"application\/ld+json\" class=\"yoast-schema-graph\">{\"@context\":\"https:\/\/schema.org\",\"@graph\":[{\"@type\":\"WebPage\",\"@id\":\"https:\/\/sxflightcase.com\/es_es\/producto\/tiradores-de-armario-haf01-2\/\",\"url\":\"https:\/\/sxflightcase.com\/es_es\/producto\/tiradores-de-armario-haf01-2\/\",\"name\":\"Cabinet Handles HAF01 - https:\/\/sxflightcase.com \ud83d\udc97\",\"isPartOf\":{\"@id\":\"https:\/\/sxflightcase.com\/th\/#website\"},\"primaryImageOfPage\":{\"@id\":\"https:\/\/sxflightcase.com\/es_es\/producto\/tiradores-de-armario-haf01-2\/#primaryimage\"},\"image\":{\"@id\":\"https:\/\/sxflightcase.com\/es_es\/producto\/tiradores-de-armario-haf01-2\/#primaryimage\"},\"thumbnailUrl\":\"https:\/\/sxflightcase.com\/wp-content\/uploads\/2024\/08\/HAF01.jpg\",\"datePublished\":\"2024-08-10T06:25:24+00:00\",\"dateModified\":\"2024-08-10T06:25:25+00:00\",\"description\":\"Cabinet handles, factory direct! High-quality, durable handles designed for secure and stylish cabinet access. Ideal for kitchens, offices, and other furniture applications.\",\"breadcrumb\":{\"@id\":\"https:\/\/sxflightcase.com\/es_es\/producto\/tiradores-de-armario-haf01-2\/#breadcrumb\"},\"inLanguage\":\"da-DK\",\"potentialAction\":[{\"@type\":\"ReadAction\",\"target\":[\"https:\/\/sxflightcase.com\/es_es\/producto\/tiradores-de-armario-haf01-2\/\"]}]},{\"@type\":\"ImageObject\",\"inLanguage\":\"da-DK\",\"@id\":\"https:\/\/sxflightcase.com\/es_es\/producto\/tiradores-de-armario-haf01-2\/#primaryimage\",\"url\":\"https:\/\/sxflightcase.com\/wp-content\/uploads\/2024\/08\/HAF01.jpg\",\"contentUrl\":\"https:\/\/sxflightcase.com\/wp-content\/uploads\/2024\/08\/HAF01.jpg\",\"width\":700,\"height\":700,\"caption\":\"Cabinet Handles\"},{\"@type\":\"BreadcrumbList\",\"@id\":\"https:\/\/sxflightcase.com\/es_es\/producto\/tiradores-de-armario-haf01-2\/#breadcrumb\",\"itemListElement\":[{\"@type\":\"ListItem\",\"position\":1,\"name\":\"Home\",\"item\":\"https:\/\/sxflightcase.com\/\"},{\"@type\":\"ListItem\",\"position\":2,\"name\":\"\u0e2a\u0e34\u0e19\u0e04\u0e49\u0e32\",\"item\":\"https:\/\/sxflightcase.com\/th\/shop\/\"},{\"@type\":\"ListItem\",\"position\":3,\"name\":\"Cabinet Handles HAF01\"}]},{\"@type\":\"WebSite\",\"@id\":\"https:\/\/sxflightcase.com\/th\/#website\",\"url\":\"https:\/\/sxflightcase.com\/th\/\",\"name\":\"sxpowercase.com\",\"description\":\"Flight Case Factory\",\"publisher\":{\"@id\":\"https:\/\/sxflightcase.com\/th\/#organization\"},\"potentialAction\":[{\"@type\":\"SearchAction\",\"target\":{\"@type\":\"EntryPoint\",\"urlTemplate\":\"https:\/\/sxflightcase.com\/th\/?s={search_term_string}\"},\"query-input\":{\"@type\":\"PropertyValueSpecification\",\"valueRequired\":true,\"valueName\":\"search_term_string\"}}],\"inLanguage\":\"da-DK\"},{\"@type\":\"Organization\",\"@id\":\"https:\/\/sxflightcase.com\/th\/#organization\",\"name\":\"sxpowercase.com\",\"url\":\"https:\/\/sxflightcase.com\/th\/\",\"logo\":{\"@type\":\"ImageObject\",\"inLanguage\":\"da-DK\",\"@id\":\"https:\/\/sxflightcase.com\/th\/#\/schema\/logo\/image\/\",\"url\":\"https:\/\/sxflightcase.com\/wp-content\/uploads\/2024\/04\/1713919036007.jpg\",\"contentUrl\":\"https:\/\/sxflightcase.com\/wp-content\/uploads\/2024\/04\/1713919036007.jpg\",\"width\":382,\"height\":388,\"caption\":\"sxpowercase.com\"},\"image\":{\"@id\":\"https:\/\/sxflightcase.com\/th\/#\/schema\/logo\/image\/\"},\"sameAs\":[\"https:\/\/www.facebook.com\/profile.php?id=61560407257971\"],\"numberOfEmployees\":{\"@type\":\"QuantitativeValue\",\"minValue\":\"11\",\"maxValue\":\"50\"}}]}<\/script>\n<!-- \/ Yoast SEO Premium plugin. -->","yoast_head_json":{"title":"Cabinet Handles HAF01 - https:\/\/sxflightcase.com \ud83d\udc97","description":"Skabsh\u00e5ndtag, direkte fra fabrikken! Holdbare greb af h\u00f8j kvalitet, der er designet til sikker og stilfuld adgang til skabe. Ideelle til k\u00f8kkener, kontorer og andre m\u00f8bler.","robots":{"index":"index","follow":"follow","max-snippet":"max-snippet:-1","max-image-preview":"max-image-preview:large","max-video-preview":"max-video-preview:-1"},"canonical":"https:\/\/sxflightcase.com\/da\/producto\/tiradores-de-armario-haf01-2\/","og_locale":"da_DK","og_type":"article","og_title":"Cabinet Handles HAF01","og_description":"Cabinet handles, factory direct! High-quality, durable handles designed for secure and stylish cabinet access. Ideal for kitchens, offices, and other furniture applications.","og_url":"https:\/\/sxflightcase.com\/da\/producto\/tiradores-de-armario-haf01-2\/","og_site_name":"https:\/\/sxflightcase.com","article_publisher":"https:\/\/www.facebook.com\/profile.php?id=61560407257971","article_modified_time":"2024-08-10T06:25:25+00:00","og_image":[{"width":700,"height":700,"url":"https:\/\/sxflightcase.com\/wp-content\/uploads\/2024\/08\/HAF01.jpg","type":"image\/jpeg"}],"twitter_card":"summary_large_image","twitter_misc":{"Estimeret l\u00e6setid":"3 minutter"},"schema":{"@context":"https:\/\/schema.org","@graph":[{"@type":"WebPage","@id":"https:\/\/sxflightcase.com\/es_es\/producto\/tiradores-de-armario-haf01-2\/","url":"https:\/\/sxflightcase.com\/es_es\/producto\/tiradores-de-armario-haf01-2\/","name":"Cabinet Handles HAF01 - https:\/\/sxflightcase.com \ud83d\udc97","isPartOf":{"@id":"https:\/\/sxflightcase.com\/th\/#website"},"primaryImageOfPage":{"@id":"https:\/\/sxflightcase.com\/es_es\/producto\/tiradores-de-armario-haf01-2\/#primaryimage"},"image":{"@id":"https:\/\/sxflightcase.com\/es_es\/producto\/tiradores-de-armario-haf01-2\/#primaryimage"},"thumbnailUrl":"https:\/\/sxflightcase.com\/wp-content\/uploads\/2024\/08\/HAF01.jpg","datePublished":"2024-08-10T06:25:24+00:00","dateModified":"2024-08-10T06:25:25+00:00","description":"Skabsh\u00e5ndtag, direkte fra fabrikken! Holdbare greb af h\u00f8j kvalitet, der er designet til sikker og stilfuld adgang til skabe. Ideelle til k\u00f8kkener, kontorer og andre m\u00f8bler.","breadcrumb":{"@id":"https:\/\/sxflightcase.com\/es_es\/producto\/tiradores-de-armario-haf01-2\/#breadcrumb"},"inLanguage":"da-DK","potentialAction":[{"@type":"ReadAction","target":["https:\/\/sxflightcase.com\/es_es\/producto\/tiradores-de-armario-haf01-2\/"]}]},{"@type":"ImageObject","inLanguage":"da-DK","@id":"https:\/\/sxflightcase.com\/es_es\/producto\/tiradores-de-armario-haf01-2\/#primaryimage","url":"https:\/\/sxflightcase.com\/wp-content\/uploads\/2024\/08\/HAF01.jpg","contentUrl":"https:\/\/sxflightcase.com\/wp-content\/uploads\/2024\/08\/HAF01.jpg","width":700,"height":700,"caption":"Cabinet Handles"},{"@type":"BreadcrumbList","@id":"https:\/\/sxflightcase.com\/es_es\/producto\/tiradores-de-armario-haf01-2\/#breadcrumb","itemListElement":[{"@type":"ListItem","position":1,"name":"Home","item":"https:\/\/sxflightcase.com\/"},{"@type":"ListItem","position":2,"name":"\u0e2a\u0e34\u0e19\u0e04\u0e49\u0e32","item":"https:\/\/sxflightcase.com\/th\/shop\/"},{"@type":"ListItem","position":3,"name":"Cabinet Handles HAF01"}]},{"@type":"WebSite","@id":"https:\/\/sxflightcase.com\/th\/#website","url":"https:\/\/sxflightcase.com\/th\/","name":"sxpowercase.com","description":"Flight Case Factory","publisher":{"@id":"https:\/\/sxflightcase.com\/th\/#organization"},"potentialAction":[{"@type":"SearchAction","target":{"@type":"EntryPoint","urlTemplate":"https:\/\/sxflightcase.com\/th\/?s={search_term_string}"},"query-input":{"@type":"PropertyValueSpecification","valueRequired":true,"valueName":"search_term_string"}}],"inLanguage":"da-DK"},{"@type":"Organization","@id":"https:\/\/sxflightcase.com\/th\/#organization","name":"sxpowercase.com","url":"https:\/\/sxflightcase.com\/th\/","logo":{"@type":"ImageObject","inLanguage":"da-DK","@id":"https:\/\/sxflightcase.com\/th\/#\/schema\/logo\/image\/","url":"https:\/\/sxflightcase.com\/wp-content\/uploads\/2024\/04\/1713919036007.jpg","contentUrl":"https:\/\/sxflightcase.com\/wp-content\/uploads\/2024\/04\/1713919036007.jpg","width":382,"height":388,"caption":"sxpowercase.com"},"image":{"@id":"https:\/\/sxflightcase.com\/th\/#\/schema\/logo\/image\/"},"sameAs":["https:\/\/www.facebook.com\/profile.php?id=61560407257971"],"numberOfEmployees":{"@type":"QuantitativeValue","minValue":"11","maxValue":"50"}}]}},"_links":{"self":[{"href":"https:\/\/sxflightcase.com\/da\/wp-json\/wp\/v2\/product\/4057","targetHints":{"allow":["GET"]}}],"collection":[{"href":"https:\/\/sxflightcase.com\/da\/wp-json\/wp\/v2\/product"}],"about":[{"href":"https:\/\/sxflightcase.com\/da\/wp-json\/wp\/v2\/types\/product"}],"replies":[{"embeddable":true,"href":"https:\/\/sxflightcase.com\/da\/wp-json\/wp\/v2\/comments?post=4057"}],"version-history":[{"count":0,"href":"https:\/\/sxflightcase.com\/da\/wp-json\/wp\/v2\/product\/4057\/revisions"}],"wp:featuredmedia":[{"embeddable":true,"href":"https:\/\/sxflightcase.com\/da\/wp-json\/wp\/v2\/media\/4033"}],"wp:attachment":[{"href":"https:\/\/sxflightcase.com\/da\/wp-json\/wp\/v2\/media?parent=4057"}],"wp:term":[{"taxonomy":"product_brand","embeddable":true,"href":"https:\/\/sxflightcase.com\/da\/wp-json\/wp\/v2\/product_brand?post=4057"},{"taxonomy":"product_cat","embeddable":true,"href":"https:\/\/sxflightcase.com\/da\/wp-json\/wp\/v2\/product_cat?post=4057"},{"taxonomy":"product_tag","embeddable":true,"href":"https:\/\/sxflightcase.com\/da\/wp-json\/wp\/v2\/product_tag?post=4057"}],"curies":[{"name":"wp","href":"https:\/\/api.w.org\/{rel}","templated":true}]}}