{"id":4072,"date":"2024-08-13T08:04:07","date_gmt":"2024-08-13T07:04:07","guid":{"rendered":"https:\/\/sxpowercase.com\/?post_type=product&#038;p=4072"},"modified":"2024-08-13T08:04:08","modified_gmt":"2024-08-13T07:04:08","slug":"ball-corner-coa101","status":"publish","type":"product","link":"https:\/\/sxflightcase.com\/da\/vare\/boldhjorne-coa101-2\/","title":{"rendered":"Boldhj\u00f8rne COA101"},"content":{"rendered":"<h3>Forbedr beskyttelsen af dit udstyr med SX Ball Corner<\/h3>\n<h4>F\u00f8rsteklasses kuglehj\u00f8rne til fabriksn\u00e6re priser<\/h4>\n<p>Hos SX forst\u00e5r vi, hvor vigtigt det er at beskytte dit v\u00e6rdifulde udstyr. Derfor tilbyder vi h\u00f8jkvalitets <strong>Boldhj\u00f8rne<\/strong>\u00a0der er b\u00e5de holdbare og til at betale. Ved at k\u00f8be direkte fra producenten kan du nyde godt af f\u00f8rsteklasses produkter til fabriksdirekte priser, hvilket sikrer, at du f\u00e5r den bedste v\u00e6rdi uden at g\u00e5 p\u00e5 kompromis med kvaliteten.<\/p>\n<h4>Bygget til maksimal beskyttelse<\/h4>\n<p><a href=\"https:\/\/sxpowercase.com\/\" target=\"_blank\" rel=\"noopener\" title=\"SX\" data-wpil-monitor-id=\"654\">SX<\/a> <strong>Kuglens hj\u00f8rner<\/strong> er designet til at beskytte dit udstyr mod sliddet fra den daglige transport. Disse hj\u00f8rner er fremstillet af robuste, p\u00e5lidelige materialer og udg\u00f8r en beskyttende barriere, der absorberer st\u00f8d og forebygger skader. Uanset om du er p\u00e5 farten eller opbevarer dit udstyr, sikrer SX Ball Corners, at dine kufferter forbliver i topform, hvilket reducerer risikoen for dyre reparationer eller udskiftninger.<\/p>\n<h4>Alsidighed til alle anvendelser<\/h4>\n<p>Vores <strong>Kuglens hj\u00f8rner<\/strong> er alsidige og kan bruges p\u00e5 forskellige typer af kabinetter, herunder flightcases, roadcases og specialbyggede kabinetter. Det universelle design g\u00f8r dem nemme at installere og giver en god pasform, der tilf\u00f8jer b\u00e5de styrke og stil til dine kabinetter. SX Ball Corners er ikke kun funktionelle, men forbedrer ogs\u00e5 det professionelle udseende af dit udstyr og giver dig ro i sindet og et poleret udseende.<\/p>\n<h4>Tilpasning til dine behov<\/h4>\n<p>Hos SX ved vi, at hvert stykke udstyr er unikt, og derfor tilbyder vi skr\u00e6ddersyede l\u00f8sninger. <strong>Kuglens hj\u00f8rner<\/strong>. Uanset om du har brug for en bestemt st\u00f8rrelse, finish eller ekstra funktioner, er vores team klar til at skr\u00e6ddersy vores produkter, s\u00e5 de opfylder dine n\u00f8jagtige krav. Denne fleksibilitet sikrer, at dine kufferter ikke kun er beskyttede, men ogs\u00e5 passer til dit brands \u00e6stetiske og funktionelle behov.<\/p>\n<h4>Kompromisl\u00f8s kvalitet og holdbarhed<\/h4>\n<p>N\u00e5r du v\u00e6lger SX, v\u00e6lger du et m\u00e6rke, der st\u00e5r for kvalitet og holdbarhed. Vores <strong>Kuglens hj\u00f8rner<\/strong> er fremstillet efter de h\u00f8jeste standarder for at sikre, at de kan modst\u00e5 de h\u00e5rdeste forhold. Hvert hj\u00f8rne er grundigt testet for at sikre, at det opfylder kravene til hyppig rejse og tung brug, s\u00e5 du kan stole p\u00e5, at dit udstyr altid er godt beskyttet.<\/p>\n<h4>Direkte fra producenten for uovertruffen v\u00e6rdi<\/h4>\n<p>Ved at eliminere mellemmanden tilbyder SX <strong>Kuglens hj\u00f8rner<\/strong> til uovertrufne priser direkte fra fabrikken. Det giver dig mulighed for at investere i beskyttelse af h\u00f8j kvalitet uden at presse dit budget. Vores engagement i at levere enest\u00e5ende v\u00e6rdi g\u00f8r SX til det perfekte valg for alle, der \u00f8nsker at beskytte deres udstyr med f\u00f8rsteklasses hardware.<\/p>\n<h4>Kontakt SX for dine behov for skr\u00e6ddersyede boldhj\u00f8rner<\/h4>\n<p>Klar til at opgradere dine sager med SX <strong>Kuglens hj\u00f8rner<\/strong>? Kontakt vores team i dag for at f\u00e5 mere at vide om vores produkter, tilpasningsmuligheder eller for at afgive en ordre. Med SX k\u00f8ber du ikke bare et produkt - du investerer i langtidsholdbar beskyttelse og uovertruffen v\u00e6rdi. Stol p\u00e5, at SX leverer den kvalitet, du har brug for, til en pris, du har r\u00e5d til.<\/p>\n<p>Kontakt nu:<span style=\"color: #0000ff;\"><a style=\"color: #0000ff;\" href=\"https:\/\/sxpowercase.com\/contact-us\/\">https:\/\/sxpowercase.com\/<\/a><\/span><\/p>\n<p>Hardware produktkatalog:<span style=\"color: #3366ff;\"><a style=\"color: #3366ff;\" href=\"https:\/\/sxpowercase.com\/wp-content\/uploads\/2024\/07\/\u4e94\u91d1.pdf\">Hardware tilbeh\u00f8r katalog<\/a><\/span><\/p>","protected":false},"excerpt":{"rendered":"<div class=\"flex-shrink-0 flex flex-col relative items-end\">\n<div>\n<div class=\"pt-0\">\n<div class=\"gizmo-bot-avatar flex h-8 w-8 items-center justify-center overflow-hidden rounded-full\">\n<div class=\"relative p-1 rounded-sm flex items-center justify-center bg-token-main-surface-primary text-token-text-primary h-8 w-8\"><\/div>\n<\/div>\n<\/div>\n<\/div>\n<\/div>\n<div class=\"group\/conversation-turn relative flex w-full min-w-0 flex-col agent-turn\">\n<div class=\"flex-col gap-1 md:gap-3\">\n<div class=\"flex max-w-full flex-col flex-grow\">\n<div class=\"min-h-[20px] text-message flex w-full flex-col items-end gap-2 whitespace-pre-wrap break-words [.text-message+&amp;]:mt-5 overflow-x-auto\" dir=\"auto\" data-message-author-role=\"assistant\" data-message-id=\"b29a6103-f839-4253-a036-2dd738e6bae2\">\n<div class=\"flex w-full flex-col gap-1 empty:hidden first:pt-[3px]\">\n<div class=\"markdown prose w-full break-words dark:prose-invert light\">\n<h3>SX Ball Corners: Ultimate Protection for Your Equipment<\/h3>\n<p>Safeguard your gear with SX Ball Corners, designed for maximum durability. Enjoy premium quality at factory-direct prices, ensuring top value for your investment.<\/p>\n<h3>Customizable Ball Corners for All Case Types<\/h3>\n<p>SX Ball Corners offer versatility and a snug fit for various cases, with customization options to meet your unique needs\u2014combining strength with a polished, professional look.<\/p>\n<h3>Trust SX for Quality and Affordability<\/h3>\n<p>Choose SX Ball Corners for reliable protection that withstands heavy use, all at unbeatable factory-direct prices. Protect your equipment without stretching your budget.<\/p>\n<\/div>\n<\/div>\n<\/div>\n<\/div>\n<\/div>\n<\/div>\n","protected":false},"featured_media":4073,"comment_status":"open","ping_status":"closed","template":"","meta":[],"product_brand":[],"product_cat":[63],"product_tag":[],"class_list":{"0":"post-4072","1":"product","2":"type-product","3":"status-publish","4":"has-post-thumbnail","6":"product_cat-corners","8":"first","9":"instock","10":"shipping-taxable","11":"product-type-simple"},"yoast_head":"<!-- This site is optimized with the Yoast SEO Premium plugin v27.1 (Yoast SEO v27.2) - https:\/\/yoast.com\/product\/yoast-seo-premium-wordpress\/ -->\n<title>Ball Corner COA101 - https:\/\/sxflightcase.com \ud83d\udc97<\/title>\n<meta name=\"description\" content=\"Ball corner, factory direct! High-quality protection for flight case edges, preventing damage during transport. Durable and reliable for long-lasting equipment safety.\" \/>\n<meta name=\"robots\" content=\"index, follow, max-snippet:-1, max-image-preview:large, max-video-preview:-1\" \/>\n<link rel=\"canonical\" href=\"https:\/\/sxflightcase.com\/da\/produto\/canto-de-bola-coa101\/\" \/>\n<meta property=\"og:locale\" content=\"da_DK\" \/>\n<meta property=\"og:type\" content=\"article\" \/>\n<meta property=\"og:title\" content=\"Ball Corner COA101\" \/>\n<meta property=\"og:description\" content=\"Ball corner, factory direct! High-quality protection for flight case edges, preventing damage during transport. Durable and reliable for long-lasting equipment safety.\" \/>\n<meta property=\"og:url\" content=\"https:\/\/sxflightcase.com\/da\/produto\/canto-de-bola-coa101\/\" \/>\n<meta property=\"og:site_name\" content=\"https:\/\/sxflightcase.com\" \/>\n<meta property=\"article:publisher\" content=\"https:\/\/www.facebook.com\/profile.php?id=61560407257971\" \/>\n<meta property=\"article:modified_time\" content=\"2024-08-13T07:04:08+00:00\" \/>\n<meta property=\"og:image\" content=\"https:\/\/sxflightcase.com\/wp-content\/uploads\/2024\/08\/COA101.jpg\" \/>\n\t<meta property=\"og:image:width\" content=\"520\" \/>\n\t<meta property=\"og:image:height\" content=\"541\" \/>\n\t<meta property=\"og:image:type\" content=\"image\/jpeg\" \/>\n<meta name=\"twitter:card\" content=\"summary_large_image\" \/>\n<meta name=\"twitter:label1\" content=\"Estimeret l\u00e6setid\" \/>\n\t<meta name=\"twitter:data1\" content=\"3 minutter\" \/>\n<script type=\"application\/ld+json\" class=\"yoast-schema-graph\">{\"@context\":\"https:\/\/schema.org\",\"@graph\":[{\"@type\":\"WebPage\",\"@id\":\"https:\/\/sxflightcase.com\/pt\/produto\/canto-de-bola-coa101\/\",\"url\":\"https:\/\/sxflightcase.com\/pt\/produto\/canto-de-bola-coa101\/\",\"name\":\"Ball Corner COA101 - https:\/\/sxflightcase.com \ud83d\udc97\",\"isPartOf\":{\"@id\":\"https:\/\/sxflightcase.com\/th\/#website\"},\"primaryImageOfPage\":{\"@id\":\"https:\/\/sxflightcase.com\/pt\/produto\/canto-de-bola-coa101\/#primaryimage\"},\"image\":{\"@id\":\"https:\/\/sxflightcase.com\/pt\/produto\/canto-de-bola-coa101\/#primaryimage\"},\"thumbnailUrl\":\"https:\/\/sxflightcase.com\/wp-content\/uploads\/2024\/08\/COA101.jpg\",\"datePublished\":\"2024-08-13T07:04:07+00:00\",\"dateModified\":\"2024-08-13T07:04:08+00:00\",\"description\":\"Ball corner, factory direct! High-quality protection for flight case edges, preventing damage during transport. Durable and reliable for long-lasting equipment safety.\",\"breadcrumb\":{\"@id\":\"https:\/\/sxflightcase.com\/pt\/produto\/canto-de-bola-coa101\/#breadcrumb\"},\"inLanguage\":\"da-DK\",\"potentialAction\":[{\"@type\":\"ReadAction\",\"target\":[\"https:\/\/sxflightcase.com\/pt\/produto\/canto-de-bola-coa101\/\"]}]},{\"@type\":\"ImageObject\",\"inLanguage\":\"da-DK\",\"@id\":\"https:\/\/sxflightcase.com\/pt\/produto\/canto-de-bola-coa101\/#primaryimage\",\"url\":\"https:\/\/sxflightcase.com\/wp-content\/uploads\/2024\/08\/COA101.jpg\",\"contentUrl\":\"https:\/\/sxflightcase.com\/wp-content\/uploads\/2024\/08\/COA101.jpg\",\"width\":520,\"height\":541,\"caption\":\"COA101\"},{\"@type\":\"BreadcrumbList\",\"@id\":\"https:\/\/sxflightcase.com\/pt\/produto\/canto-de-bola-coa101\/#breadcrumb\",\"itemListElement\":[{\"@type\":\"ListItem\",\"position\":1,\"name\":\"Home\",\"item\":\"https:\/\/sxflightcase.com\/\"},{\"@type\":\"ListItem\",\"position\":2,\"name\":\"\u0e2a\u0e34\u0e19\u0e04\u0e49\u0e32\",\"item\":\"https:\/\/sxflightcase.com\/th\/shop\/\"},{\"@type\":\"ListItem\",\"position\":3,\"name\":\"Ball Corner COA101\"}]},{\"@type\":\"WebSite\",\"@id\":\"https:\/\/sxflightcase.com\/th\/#website\",\"url\":\"https:\/\/sxflightcase.com\/th\/\",\"name\":\"sxpowercase.com\",\"description\":\"Flight Case Factory\",\"publisher\":{\"@id\":\"https:\/\/sxflightcase.com\/th\/#organization\"},\"potentialAction\":[{\"@type\":\"SearchAction\",\"target\":{\"@type\":\"EntryPoint\",\"urlTemplate\":\"https:\/\/sxflightcase.com\/th\/?s={search_term_string}\"},\"query-input\":{\"@type\":\"PropertyValueSpecification\",\"valueRequired\":true,\"valueName\":\"search_term_string\"}}],\"inLanguage\":\"da-DK\"},{\"@type\":\"Organization\",\"@id\":\"https:\/\/sxflightcase.com\/th\/#organization\",\"name\":\"sxpowercase.com\",\"url\":\"https:\/\/sxflightcase.com\/th\/\",\"logo\":{\"@type\":\"ImageObject\",\"inLanguage\":\"da-DK\",\"@id\":\"https:\/\/sxflightcase.com\/th\/#\/schema\/logo\/image\/\",\"url\":\"https:\/\/sxflightcase.com\/wp-content\/uploads\/2024\/04\/1713919036007.jpg\",\"contentUrl\":\"https:\/\/sxflightcase.com\/wp-content\/uploads\/2024\/04\/1713919036007.jpg\",\"width\":382,\"height\":388,\"caption\":\"sxpowercase.com\"},\"image\":{\"@id\":\"https:\/\/sxflightcase.com\/th\/#\/schema\/logo\/image\/\"},\"sameAs\":[\"https:\/\/www.facebook.com\/profile.php?id=61560407257971\"],\"numberOfEmployees\":{\"@type\":\"QuantitativeValue\",\"minValue\":\"11\",\"maxValue\":\"50\"}}]}<\/script>\n<!-- \/ Yoast SEO Premium plugin. -->","yoast_head_json":{"title":"Ball Corner COA101 - https:\/\/sxflightcase.com \ud83d\udc97","description":"Kuglehj\u00f8rne, direkte fra fabrikken! H\u00f8jkvalitetsbeskyttelse af flightcase-kanter, der forhindrer skader under transport. Holdbar og p\u00e5lidelig for langvarig udstyrssikkerhed.","robots":{"index":"index","follow":"follow","max-snippet":"max-snippet:-1","max-image-preview":"max-image-preview:large","max-video-preview":"max-video-preview:-1"},"canonical":"https:\/\/sxflightcase.com\/da\/produto\/canto-de-bola-coa101\/","og_locale":"da_DK","og_type":"article","og_title":"Ball Corner COA101","og_description":"Ball corner, factory direct! High-quality protection for flight case edges, preventing damage during transport. Durable and reliable for long-lasting equipment safety.","og_url":"https:\/\/sxflightcase.com\/da\/produto\/canto-de-bola-coa101\/","og_site_name":"https:\/\/sxflightcase.com","article_publisher":"https:\/\/www.facebook.com\/profile.php?id=61560407257971","article_modified_time":"2024-08-13T07:04:08+00:00","og_image":[{"width":520,"height":541,"url":"https:\/\/sxflightcase.com\/wp-content\/uploads\/2024\/08\/COA101.jpg","type":"image\/jpeg"}],"twitter_card":"summary_large_image","twitter_misc":{"Estimeret l\u00e6setid":"3 minutter"},"schema":{"@context":"https:\/\/schema.org","@graph":[{"@type":"WebPage","@id":"https:\/\/sxflightcase.com\/pt\/produto\/canto-de-bola-coa101\/","url":"https:\/\/sxflightcase.com\/pt\/produto\/canto-de-bola-coa101\/","name":"Ball Corner COA101 - https:\/\/sxflightcase.com \ud83d\udc97","isPartOf":{"@id":"https:\/\/sxflightcase.com\/th\/#website"},"primaryImageOfPage":{"@id":"https:\/\/sxflightcase.com\/pt\/produto\/canto-de-bola-coa101\/#primaryimage"},"image":{"@id":"https:\/\/sxflightcase.com\/pt\/produto\/canto-de-bola-coa101\/#primaryimage"},"thumbnailUrl":"https:\/\/sxflightcase.com\/wp-content\/uploads\/2024\/08\/COA101.jpg","datePublished":"2024-08-13T07:04:07+00:00","dateModified":"2024-08-13T07:04:08+00:00","description":"Kuglehj\u00f8rne, direkte fra fabrikken! H\u00f8jkvalitetsbeskyttelse af flightcase-kanter, der forhindrer skader under transport. Holdbar og p\u00e5lidelig for langvarig udstyrssikkerhed.","breadcrumb":{"@id":"https:\/\/sxflightcase.com\/pt\/produto\/canto-de-bola-coa101\/#breadcrumb"},"inLanguage":"da-DK","potentialAction":[{"@type":"ReadAction","target":["https:\/\/sxflightcase.com\/pt\/produto\/canto-de-bola-coa101\/"]}]},{"@type":"ImageObject","inLanguage":"da-DK","@id":"https:\/\/sxflightcase.com\/pt\/produto\/canto-de-bola-coa101\/#primaryimage","url":"https:\/\/sxflightcase.com\/wp-content\/uploads\/2024\/08\/COA101.jpg","contentUrl":"https:\/\/sxflightcase.com\/wp-content\/uploads\/2024\/08\/COA101.jpg","width":520,"height":541,"caption":"COA101"},{"@type":"BreadcrumbList","@id":"https:\/\/sxflightcase.com\/pt\/produto\/canto-de-bola-coa101\/#breadcrumb","itemListElement":[{"@type":"ListItem","position":1,"name":"Home","item":"https:\/\/sxflightcase.com\/"},{"@type":"ListItem","position":2,"name":"\u0e2a\u0e34\u0e19\u0e04\u0e49\u0e32","item":"https:\/\/sxflightcase.com\/th\/shop\/"},{"@type":"ListItem","position":3,"name":"Ball Corner COA101"}]},{"@type":"WebSite","@id":"https:\/\/sxflightcase.com\/th\/#website","url":"https:\/\/sxflightcase.com\/th\/","name":"sxpowercase.com","description":"Flight Case Factory","publisher":{"@id":"https:\/\/sxflightcase.com\/th\/#organization"},"potentialAction":[{"@type":"SearchAction","target":{"@type":"EntryPoint","urlTemplate":"https:\/\/sxflightcase.com\/th\/?s={search_term_string}"},"query-input":{"@type":"PropertyValueSpecification","valueRequired":true,"valueName":"search_term_string"}}],"inLanguage":"da-DK"},{"@type":"Organization","@id":"https:\/\/sxflightcase.com\/th\/#organization","name":"sxpowercase.com","url":"https:\/\/sxflightcase.com\/th\/","logo":{"@type":"ImageObject","inLanguage":"da-DK","@id":"https:\/\/sxflightcase.com\/th\/#\/schema\/logo\/image\/","url":"https:\/\/sxflightcase.com\/wp-content\/uploads\/2024\/04\/1713919036007.jpg","contentUrl":"https:\/\/sxflightcase.com\/wp-content\/uploads\/2024\/04\/1713919036007.jpg","width":382,"height":388,"caption":"sxpowercase.com"},"image":{"@id":"https:\/\/sxflightcase.com\/th\/#\/schema\/logo\/image\/"},"sameAs":["https:\/\/www.facebook.com\/profile.php?id=61560407257971"],"numberOfEmployees":{"@type":"QuantitativeValue","minValue":"11","maxValue":"50"}}]}},"_links":{"self":[{"href":"https:\/\/sxflightcase.com\/da\/wp-json\/wp\/v2\/product\/4072","targetHints":{"allow":["GET"]}}],"collection":[{"href":"https:\/\/sxflightcase.com\/da\/wp-json\/wp\/v2\/product"}],"about":[{"href":"https:\/\/sxflightcase.com\/da\/wp-json\/wp\/v2\/types\/product"}],"replies":[{"embeddable":true,"href":"https:\/\/sxflightcase.com\/da\/wp-json\/wp\/v2\/comments?post=4072"}],"version-history":[{"count":0,"href":"https:\/\/sxflightcase.com\/da\/wp-json\/wp\/v2\/product\/4072\/revisions"}],"wp:featuredmedia":[{"embeddable":true,"href":"https:\/\/sxflightcase.com\/da\/wp-json\/wp\/v2\/media\/4073"}],"wp:attachment":[{"href":"https:\/\/sxflightcase.com\/da\/wp-json\/wp\/v2\/media?parent=4072"}],"wp:term":[{"taxonomy":"product_brand","embeddable":true,"href":"https:\/\/sxflightcase.com\/da\/wp-json\/wp\/v2\/product_brand?post=4072"},{"taxonomy":"product_cat","embeddable":true,"href":"https:\/\/sxflightcase.com\/da\/wp-json\/wp\/v2\/product_cat?post=4072"},{"taxonomy":"product_tag","embeddable":true,"href":"https:\/\/sxflightcase.com\/da\/wp-json\/wp\/v2\/product_tag?post=4072"}],"curies":[{"name":"wp","href":"https:\/\/api.w.org\/{rel}","templated":true}]}}