{"id":4099,"date":"2024-08-13T08:16:18","date_gmt":"2024-08-13T07:16:18","guid":{"rendered":"https:\/\/sxpowercase.com\/?post_type=product&#038;p=4099"},"modified":"2024-08-13T08:16:19","modified_gmt":"2024-08-13T07:16:19","slug":"ball-corners-coa103","status":"publish","type":"product","link":"https:\/\/sxflightcase.com\/da\/vare\/kuglehjorner-coa103\/","title":{"rendered":"Kuglehj\u00f8rner COA103"},"content":{"rendered":"<h3>Styrk dine sager med SX-kuglehj\u00f8rner<\/h3>\n<h4>Prisbillig kvalitet direkte fra fabrikken<\/h4>\n<p>N\u00e5r det drejer sig om at sikre dit v\u00e6rdifulde udstyr, tilbyder SX p\u00e5lidelig <strong>Kuglens hj\u00f8rner<\/strong> der giver robust beskyttelse til uovertrufne priser. Vores fabriksdirekte tilgang sikrer, at du f\u00e5r produkter af h\u00f8jeste kvalitet uden at betale mellemmandens avance. Med SX investerer du i holdbar beskyttelse til en pris, du har r\u00e5d til.<\/p>\n<h4>Forbedret beskyttelse til enhver rejse<\/h4>\n<p><a href=\"https:\/\/sxpowercase.com\/\" target=\"_blank\" rel=\"noopener\" title=\"SX\" data-wpil-monitor-id=\"656\">SX<\/a> <strong>Kuglens hj\u00f8rner<\/strong> er udformet til at beskytte dine kufferter mod st\u00f8d, s\u00e5 dit udstyr forbliver sikkert under transport. Uanset om du er p\u00e5 turn\u00e9, sender dit udstyr eller bare opbevarer det, absorberer vores kuglehj\u00f8rner st\u00f8d og reducerer risikoen for skader. Dette beskyttelsesniveau er afg\u00f8rende for at bevare dine kufferters integritet, forl\u00e6nge deres levetid og spare dig penge i det lange l\u00f8b.<\/p>\n<h4>Alsidighed til alle sagstyper<\/h4>\n<p>Vores <strong>Kuglens hj\u00f8rner<\/strong> er designet til at passe til en bred vifte af kufferttyper, fra flightcases til roadcases. De er nemme at montere og har en universel pasform, der forbedrer b\u00e5de funktionaliteten og udseendet af dine kufferter. Ved at v\u00e6lge SX beskytter du ikke kun dit udstyr, men opgraderer ogs\u00e5 dine kufferters overordnede udseende og giver dem en professionel og poleret finish.<\/p>\n<h4>Tilpasningsmuligheder til unikke behov<\/h4>\n<p>Hos SX forst\u00e5r vi, at ikke to sager er ens. Det er derfor, vi tilbyder skr\u00e6ddersyede <strong>Kuglens hj\u00f8rner<\/strong> til at opfylde dine specifikke behov. Uanset om du har brug for en unik st\u00f8rrelse, finish eller materiale, kan SX levere. Denne fleksibilitet sikrer, at dine kufferter er perfekt skr\u00e6ddersyet til dine behov, s\u00e5 du kan v\u00e6re sikker p\u00e5, at dit udstyr er godt beskyttet og i overensstemmelse med dit brands image.<\/p>\n<h4>Bygget til at holde<\/h4>\n<p>SX <strong>Kuglens hj\u00f8rner<\/strong> er fremstillet af materialer af h\u00f8j kvalitet, som sikrer, at de kan holde til hyppig brug. Hvert kuglehj\u00f8rne testes grundigt for at opfylde vores strenge kvalitetsstandarder, s\u00e5 du kan stole p\u00e5, at dine tasker vil v\u00e6re godt beskyttet i mange \u00e5r fremover. Vores engagement i kvalitet betyder, at du med SX ikke bare k\u00f8ber et produkt - du foretager en investering i holdbarhed.<\/p>\n<h4>Enest\u00e5ende v\u00e6rdi med fabriksdirekte priser<\/h4>\n<p>Ved at v\u00e6lge SX f\u00e5r du fordel af vores fabriksdirekte priser, som giver os mulighed for at tilbyde h\u00f8j kvalitet. <strong>Kuglens hj\u00f8rner<\/strong> til konkurrencedygtige priser. Vi sk\u00e6rer mellemmanden v\u00e6k for at give dig den bedst mulige v\u00e6rdi uden at g\u00e5 p\u00e5 kompromis med kvaliteten. Det beh\u00f8ver ikke at v\u00e6re dyrt at beskytte dit udstyr - med SX er det b\u00e5de overkommeligt og effektivt.<\/p>\n<h4>Kontakt SX for dine behov for boldhj\u00f8rner<\/h4>\n<p>Opgrader din udstyrsbeskyttelse i dag med SX <strong>Kuglens hj\u00f8rner<\/strong>. Kontakt os for at udforske vores produktsortiment, diskutere tilpasningsmuligheder eller afgive en ordre. Hos SX er vi forpligtet til at levere den h\u00f8jeste kvalitet til de laveste priser og sikre, at dit udstyr forbliver trygt og sikkert. Stol p\u00e5, at SX leverer den beskyttelse, dit udstyr fortjener, hele vejen igennem.<\/p>\n<p>Kontakt nu:<span style=\"color: #0000ff;\"><a style=\"color: #0000ff;\" href=\"https:\/\/sxpowercase.com\/contact-us\/\">https:\/\/sxpowercase.com\/<\/a><\/span><\/p>\n<p>Hardware produktkatalog:<span style=\"color: #3366ff;\"><a style=\"color: #3366ff;\" href=\"https:\/\/sxpowercase.com\/wp-content\/uploads\/2024\/07\/\u4e94\u91d1.pdf\">Hardware tilbeh\u00f8r katalog<\/a><\/span><\/p>","protected":false},"excerpt":{"rendered":"<div class=\"flex max-w-full flex-col flex-grow\">\n<div class=\"min-h-[20px] text-message flex w-full flex-col items-end gap-2 whitespace-pre-wrap break-words [.text-message+&amp;]:mt-5 overflow-x-auto\" dir=\"auto\" data-message-author-role=\"assistant\" data-message-id=\"1774b494-5ec3-4508-82fb-a8a2af9f1cd3\">\n<div class=\"flex w-full flex-col gap-1 empty:hidden first:pt-[3px]\">\n<div class=\"markdown prose w-full break-words dark:prose-invert light\">\n<h3>SX Ball Corners: Affordable, Factory-Direct Protection<\/h3>\n<p>Get robust protection for your cases with SX Ball Corners. Enjoy high-quality products at factory-direct prices, ensuring top value without extra costs.<\/p>\n<h3>Customizable Ball Corners for All Cases<\/h3>\n<p>SX offers versatile Ball Corners designed to fit any case type. Customize size, finish, or material to perfectly match your equipment and brand\u2019s needs.<\/p>\n<h3>Durable Protection for Every Journey<\/h3>\n<p>Made from high-quality materials, SX Ball Corners are built to withstand frequent use and impact, ensuring your equipment stays safe during transport.<\/p>\n<\/div>\n<\/div>\n<\/div>\n<\/div>\n<div class=\"mt-1 flex gap-3 empty:hidden -ml-2\">\n<div class=\"items-center justify-start rounded-xl p-1 flex\">\n<div class=\"flex items-center\"><\/div>\n<\/div>\n<\/div>\n","protected":false},"featured_media":4075,"comment_status":"open","ping_status":"closed","template":"","meta":[],"product_brand":[],"product_cat":[63],"product_tag":[],"class_list":{"0":"post-4099","1":"product","2":"type-product","3":"status-publish","4":"has-post-thumbnail","6":"product_cat-corners","8":"first","9":"instock","10":"shipping-taxable","11":"product-type-simple"},"yoast_head":"<!-- This site is optimized with the Yoast SEO Premium plugin v27.1 (Yoast SEO v27.2) - https:\/\/yoast.com\/product\/yoast-seo-premium-wordpress\/ -->\n<title>Ball Corners COA103 - https:\/\/sxflightcase.com \ud83d\udc97<\/title>\n<meta name=\"description\" content=\"Ball corners, factory direct! High-quality protection for flight case edges, preventing damage during transport. Durable and reliable for long-lasting equipment safety.\" \/>\n<meta name=\"robots\" content=\"index, follow, max-snippet:-1, max-image-preview:large, max-video-preview:-1\" \/>\n<link rel=\"canonical\" href=\"https:\/\/sxflightcase.com\/da\/produkt\/ballecken-coa103-2\/\" \/>\n<meta property=\"og:locale\" content=\"da_DK\" \/>\n<meta property=\"og:type\" content=\"article\" \/>\n<meta property=\"og:title\" content=\"Ball Corners COA103\" \/>\n<meta property=\"og:description\" content=\"Ball corners, factory direct! High-quality protection for flight case edges, preventing damage during transport. Durable and reliable for long-lasting equipment safety.\" \/>\n<meta property=\"og:url\" content=\"https:\/\/sxflightcase.com\/da\/produkt\/ballecken-coa103-2\/\" \/>\n<meta property=\"og:site_name\" content=\"https:\/\/sxflightcase.com\" \/>\n<meta property=\"article:publisher\" content=\"https:\/\/www.facebook.com\/profile.php?id=61560407257971\" \/>\n<meta property=\"article:modified_time\" content=\"2024-08-13T07:16:19+00:00\" \/>\n<meta property=\"og:image\" content=\"https:\/\/sxflightcase.com\/wp-content\/uploads\/2024\/08\/COA103.jpg\" \/>\n\t<meta property=\"og:image:width\" content=\"650\" \/>\n\t<meta property=\"og:image:height\" content=\"625\" \/>\n\t<meta property=\"og:image:type\" content=\"image\/jpeg\" \/>\n<meta name=\"twitter:card\" content=\"summary_large_image\" \/>\n<meta name=\"twitter:label1\" content=\"Estimeret l\u00e6setid\" \/>\n\t<meta name=\"twitter:data1\" content=\"3 minutter\" \/>\n<script type=\"application\/ld+json\" class=\"yoast-schema-graph\">{\"@context\":\"https:\/\/schema.org\",\"@graph\":[{\"@type\":\"WebPage\",\"@id\":\"https:\/\/sxflightcase.com\/de\/produkt\/ballecken-coa103-2\/\",\"url\":\"https:\/\/sxflightcase.com\/de\/produkt\/ballecken-coa103-2\/\",\"name\":\"Ball Corners COA103 - https:\/\/sxflightcase.com \ud83d\udc97\",\"isPartOf\":{\"@id\":\"https:\/\/sxflightcase.com\/th\/#website\"},\"primaryImageOfPage\":{\"@id\":\"https:\/\/sxflightcase.com\/de\/produkt\/ballecken-coa103-2\/#primaryimage\"},\"image\":{\"@id\":\"https:\/\/sxflightcase.com\/de\/produkt\/ballecken-coa103-2\/#primaryimage\"},\"thumbnailUrl\":\"https:\/\/sxflightcase.com\/wp-content\/uploads\/2024\/08\/COA103.jpg\",\"datePublished\":\"2024-08-13T07:16:18+00:00\",\"dateModified\":\"2024-08-13T07:16:19+00:00\",\"description\":\"Ball corners, factory direct! High-quality protection for flight case edges, preventing damage during transport. Durable and reliable for long-lasting equipment safety.\",\"breadcrumb\":{\"@id\":\"https:\/\/sxflightcase.com\/de\/produkt\/ballecken-coa103-2\/#breadcrumb\"},\"inLanguage\":\"da-DK\",\"potentialAction\":[{\"@type\":\"ReadAction\",\"target\":[\"https:\/\/sxflightcase.com\/de\/produkt\/ballecken-coa103-2\/\"]}]},{\"@type\":\"ImageObject\",\"inLanguage\":\"da-DK\",\"@id\":\"https:\/\/sxflightcase.com\/de\/produkt\/ballecken-coa103-2\/#primaryimage\",\"url\":\"https:\/\/sxflightcase.com\/wp-content\/uploads\/2024\/08\/COA103.jpg\",\"contentUrl\":\"https:\/\/sxflightcase.com\/wp-content\/uploads\/2024\/08\/COA103.jpg\",\"width\":650,\"height\":625,\"caption\":\"Ball Corners\"},{\"@type\":\"BreadcrumbList\",\"@id\":\"https:\/\/sxflightcase.com\/de\/produkt\/ballecken-coa103-2\/#breadcrumb\",\"itemListElement\":[{\"@type\":\"ListItem\",\"position\":1,\"name\":\"Home\",\"item\":\"https:\/\/sxflightcase.com\/\"},{\"@type\":\"ListItem\",\"position\":2,\"name\":\"\u0e2a\u0e34\u0e19\u0e04\u0e49\u0e32\",\"item\":\"https:\/\/sxflightcase.com\/th\/shop\/\"},{\"@type\":\"ListItem\",\"position\":3,\"name\":\"Ball Corners COA103\"}]},{\"@type\":\"WebSite\",\"@id\":\"https:\/\/sxflightcase.com\/th\/#website\",\"url\":\"https:\/\/sxflightcase.com\/th\/\",\"name\":\"sxpowercase.com\",\"description\":\"Flight Case Factory\",\"publisher\":{\"@id\":\"https:\/\/sxflightcase.com\/th\/#organization\"},\"potentialAction\":[{\"@type\":\"SearchAction\",\"target\":{\"@type\":\"EntryPoint\",\"urlTemplate\":\"https:\/\/sxflightcase.com\/th\/?s={search_term_string}\"},\"query-input\":{\"@type\":\"PropertyValueSpecification\",\"valueRequired\":true,\"valueName\":\"search_term_string\"}}],\"inLanguage\":\"da-DK\"},{\"@type\":\"Organization\",\"@id\":\"https:\/\/sxflightcase.com\/th\/#organization\",\"name\":\"sxpowercase.com\",\"url\":\"https:\/\/sxflightcase.com\/th\/\",\"logo\":{\"@type\":\"ImageObject\",\"inLanguage\":\"da-DK\",\"@id\":\"https:\/\/sxflightcase.com\/th\/#\/schema\/logo\/image\/\",\"url\":\"https:\/\/sxflightcase.com\/wp-content\/uploads\/2024\/04\/1713919036007.jpg\",\"contentUrl\":\"https:\/\/sxflightcase.com\/wp-content\/uploads\/2024\/04\/1713919036007.jpg\",\"width\":382,\"height\":388,\"caption\":\"sxpowercase.com\"},\"image\":{\"@id\":\"https:\/\/sxflightcase.com\/th\/#\/schema\/logo\/image\/\"},\"sameAs\":[\"https:\/\/www.facebook.com\/profile.php?id=61560407257971\"],\"numberOfEmployees\":{\"@type\":\"QuantitativeValue\",\"minValue\":\"11\",\"maxValue\":\"50\"}}]}<\/script>\n<!-- \/ Yoast SEO Premium plugin. -->","yoast_head_json":{"title":"Ball Corners COA103 - https:\/\/sxflightcase.com \ud83d\udc97","description":"Kuglehj\u00f8rner, direkte fra fabrikken! H\u00f8jkvalitetsbeskyttelse af flightcase-kanter, der forhindrer skader under transport. Holdbar og p\u00e5lidelig for langvarig udstyrssikkerhed.","robots":{"index":"index","follow":"follow","max-snippet":"max-snippet:-1","max-image-preview":"max-image-preview:large","max-video-preview":"max-video-preview:-1"},"canonical":"https:\/\/sxflightcase.com\/da\/produkt\/ballecken-coa103-2\/","og_locale":"da_DK","og_type":"article","og_title":"Ball Corners COA103","og_description":"Ball corners, factory direct! High-quality protection for flight case edges, preventing damage during transport. Durable and reliable for long-lasting equipment safety.","og_url":"https:\/\/sxflightcase.com\/da\/produkt\/ballecken-coa103-2\/","og_site_name":"https:\/\/sxflightcase.com","article_publisher":"https:\/\/www.facebook.com\/profile.php?id=61560407257971","article_modified_time":"2024-08-13T07:16:19+00:00","og_image":[{"width":650,"height":625,"url":"https:\/\/sxflightcase.com\/wp-content\/uploads\/2024\/08\/COA103.jpg","type":"image\/jpeg"}],"twitter_card":"summary_large_image","twitter_misc":{"Estimeret l\u00e6setid":"3 minutter"},"schema":{"@context":"https:\/\/schema.org","@graph":[{"@type":"WebPage","@id":"https:\/\/sxflightcase.com\/de\/produkt\/ballecken-coa103-2\/","url":"https:\/\/sxflightcase.com\/de\/produkt\/ballecken-coa103-2\/","name":"Ball Corners COA103 - https:\/\/sxflightcase.com \ud83d\udc97","isPartOf":{"@id":"https:\/\/sxflightcase.com\/th\/#website"},"primaryImageOfPage":{"@id":"https:\/\/sxflightcase.com\/de\/produkt\/ballecken-coa103-2\/#primaryimage"},"image":{"@id":"https:\/\/sxflightcase.com\/de\/produkt\/ballecken-coa103-2\/#primaryimage"},"thumbnailUrl":"https:\/\/sxflightcase.com\/wp-content\/uploads\/2024\/08\/COA103.jpg","datePublished":"2024-08-13T07:16:18+00:00","dateModified":"2024-08-13T07:16:19+00:00","description":"Kuglehj\u00f8rner, direkte fra fabrikken! H\u00f8jkvalitetsbeskyttelse af flightcase-kanter, der forhindrer skader under transport. Holdbar og p\u00e5lidelig for langvarig udstyrssikkerhed.","breadcrumb":{"@id":"https:\/\/sxflightcase.com\/de\/produkt\/ballecken-coa103-2\/#breadcrumb"},"inLanguage":"da-DK","potentialAction":[{"@type":"ReadAction","target":["https:\/\/sxflightcase.com\/de\/produkt\/ballecken-coa103-2\/"]}]},{"@type":"ImageObject","inLanguage":"da-DK","@id":"https:\/\/sxflightcase.com\/de\/produkt\/ballecken-coa103-2\/#primaryimage","url":"https:\/\/sxflightcase.com\/wp-content\/uploads\/2024\/08\/COA103.jpg","contentUrl":"https:\/\/sxflightcase.com\/wp-content\/uploads\/2024\/08\/COA103.jpg","width":650,"height":625,"caption":"Ball Corners"},{"@type":"BreadcrumbList","@id":"https:\/\/sxflightcase.com\/de\/produkt\/ballecken-coa103-2\/#breadcrumb","itemListElement":[{"@type":"ListItem","position":1,"name":"Home","item":"https:\/\/sxflightcase.com\/"},{"@type":"ListItem","position":2,"name":"\u0e2a\u0e34\u0e19\u0e04\u0e49\u0e32","item":"https:\/\/sxflightcase.com\/th\/shop\/"},{"@type":"ListItem","position":3,"name":"Ball Corners COA103"}]},{"@type":"WebSite","@id":"https:\/\/sxflightcase.com\/th\/#website","url":"https:\/\/sxflightcase.com\/th\/","name":"sxpowercase.com","description":"Flight Case Factory","publisher":{"@id":"https:\/\/sxflightcase.com\/th\/#organization"},"potentialAction":[{"@type":"SearchAction","target":{"@type":"EntryPoint","urlTemplate":"https:\/\/sxflightcase.com\/th\/?s={search_term_string}"},"query-input":{"@type":"PropertyValueSpecification","valueRequired":true,"valueName":"search_term_string"}}],"inLanguage":"da-DK"},{"@type":"Organization","@id":"https:\/\/sxflightcase.com\/th\/#organization","name":"sxpowercase.com","url":"https:\/\/sxflightcase.com\/th\/","logo":{"@type":"ImageObject","inLanguage":"da-DK","@id":"https:\/\/sxflightcase.com\/th\/#\/schema\/logo\/image\/","url":"https:\/\/sxflightcase.com\/wp-content\/uploads\/2024\/04\/1713919036007.jpg","contentUrl":"https:\/\/sxflightcase.com\/wp-content\/uploads\/2024\/04\/1713919036007.jpg","width":382,"height":388,"caption":"sxpowercase.com"},"image":{"@id":"https:\/\/sxflightcase.com\/th\/#\/schema\/logo\/image\/"},"sameAs":["https:\/\/www.facebook.com\/profile.php?id=61560407257971"],"numberOfEmployees":{"@type":"QuantitativeValue","minValue":"11","maxValue":"50"}}]}},"_links":{"self":[{"href":"https:\/\/sxflightcase.com\/da\/wp-json\/wp\/v2\/product\/4099","targetHints":{"allow":["GET"]}}],"collection":[{"href":"https:\/\/sxflightcase.com\/da\/wp-json\/wp\/v2\/product"}],"about":[{"href":"https:\/\/sxflightcase.com\/da\/wp-json\/wp\/v2\/types\/product"}],"replies":[{"embeddable":true,"href":"https:\/\/sxflightcase.com\/da\/wp-json\/wp\/v2\/comments?post=4099"}],"version-history":[{"count":0,"href":"https:\/\/sxflightcase.com\/da\/wp-json\/wp\/v2\/product\/4099\/revisions"}],"wp:featuredmedia":[{"embeddable":true,"href":"https:\/\/sxflightcase.com\/da\/wp-json\/wp\/v2\/media\/4075"}],"wp:attachment":[{"href":"https:\/\/sxflightcase.com\/da\/wp-json\/wp\/v2\/media?parent=4099"}],"wp:term":[{"taxonomy":"product_brand","embeddable":true,"href":"https:\/\/sxflightcase.com\/da\/wp-json\/wp\/v2\/product_brand?post=4099"},{"taxonomy":"product_cat","embeddable":true,"href":"https:\/\/sxflightcase.com\/da\/wp-json\/wp\/v2\/product_cat?post=4099"},{"taxonomy":"product_tag","embeddable":true,"href":"https:\/\/sxflightcase.com\/da\/wp-json\/wp\/v2\/product_tag?post=4099"}],"curies":[{"name":"wp","href":"https:\/\/api.w.org\/{rel}","templated":true}]}}