{"id":4100,"date":"2024-08-13T08:18:35","date_gmt":"2024-08-13T07:18:35","guid":{"rendered":"https:\/\/sxpowercase.com\/?post_type=product&#038;p=4100"},"modified":"2024-08-13T08:18:36","modified_gmt":"2024-08-13T07:18:36","slug":"ball-corners-coa104","status":"publish","type":"product","link":"https:\/\/sxflightcase.com\/da\/vare\/kuglehjorner-coa104-2\/","title":{"rendered":"Kuglehj\u00f8rner COA104"},"content":{"rendered":"<h3>SX-kuglehj\u00f8rner: P\u00e5lidelig beskyttelse af dine sager<\/h3>\n<h4>Beskyttelse af h\u00f8j kvalitet til fabriksn\u00e6re priser<\/h4>\n<p>N\u00e5r det g\u00e6lder om at beskytte dit udstyr, er SX <strong>Kuglens hj\u00f8rner<\/strong> er det perfekte valg til at sikre holdbarhed og p\u00e5lidelighed. Vi tilbyder disse vigtige komponenter til fabriksdirekte priser, s\u00e5 du kan beskytte dit udstyr uden at bruge for mange penge. SX er forpligtet til at levere omkostningseffektive l\u00f8sninger af h\u00f8j kvalitet til alle dine behov for kuffertbeskyttelse.<\/p>\n<h4>Holdbarhed, du kan stole p\u00e5<\/h4>\n<p><a href=\"https:\/\/sxpowercase.com\/\" target=\"_blank\" rel=\"noopener\" title=\"SX\" data-wpil-monitor-id=\"657\">SX<\/a> <strong>Kuglens hj\u00f8rner<\/strong> er konstrueret til at modst\u00e5 strabadserne ved transport og h\u00e5ndtering. Uanset om dine kufferter er p\u00e5 farten eller p\u00e5 lager, er vores kuglehj\u00f8rner designet til at absorbere st\u00f8d og forhindre skader. Ved at forst\u00e6rke hj\u00f8rnerne p\u00e5 dine kufferter hj\u00e6lper SX med at forl\u00e6nge deres levetid og sikrer, at din investering er godt beskyttet.<\/p>\n<h4>Ideel til en bred vifte af sager<\/h4>\n<p>Vores <strong>Kuglens hj\u00f8rner<\/strong> er alsidige og kan bruges p\u00e5 forskellige typer kufferter, herunder flightcases, roadcases og udstyrskufferter. De er designet til nem installation, s\u00e5 du hurtigt kan forbedre holdbarheden og udseendet af dine kufferter. Med SX kan du v\u00e6re sikker p\u00e5, at dit udstyr er beskyttet, uanset hvor det skal hen.<\/p>\n<h4>Skr\u00e6ddersyede l\u00f8sninger til unikke behov<\/h4>\n<p>Hos SX anerkender vi, at forskellige sager har forskellige krav. Derfor tilbyder vi tilpasningsmuligheder for vores <strong>Kuglens hj\u00f8rner<\/strong>. Uanset om du har brug for en bestemt st\u00f8rrelse, et bestemt materiale eller en bestemt finish, kan SX levere den perfekte l\u00f8sning til dine behov. Vores skr\u00e6ddersyede muligheder sikrer, at dine kasser ikke kun er beskyttede, men ogs\u00e5 matcher dine specifikke \u00e6stetiske pr\u00e6ferencer.<\/p>\n<h4>Bygget til at holde<\/h4>\n<p>Fremstillet af materialer i topkvalitet, SX <strong>Kuglens hj\u00f8rner<\/strong> er bygget til lang levetid. Vi tester hvert produkt grundigt for at sikre, at det lever op til vores h\u00f8je standarder for styrke og holdbarhed. N\u00e5r du v\u00e6lger SX, v\u00e6lger du et produkt, der kan klare kravene til hyppig brug og giver varig beskyttelse af dine sager.<\/p>\n<h4>Overkommelig og p\u00e5lidelig<\/h4>\n<p>SX tilbyder <strong>Kuglens hj\u00f8rner<\/strong> til konkurrencedygtige priser, direkte fra vores fabrik til dig. Ved at eliminere mellemmanden kan vi holde omkostningerne nede og samtidig opretholde de h\u00f8jeste kvalitetsstandarder. Det betyder, at du f\u00e5r den bedste v\u00e6rdi for pengene og beskytter dine sager uden at spr\u00e6nge banken.<\/p>\n<h4>Kontakt SX i dag<\/h4>\n<p>Hvis du \u00f8nsker at forbedre beskyttelsen af dine tasker med holdbare og prisvenlige <strong>Kuglens hj\u00f8rner<\/strong>s\u00e5 er du d\u00e6kket ind hos SX. Kontakt os for at f\u00e5 mere at vide om vores produkttilbud, tilpasningsmuligheder og for at afgive din bestilling. Med SX kan du stole p\u00e5, at dit udstyr er i gode h\u00e6nder, beskyttet af komponenter af h\u00f8j kvalitet, der er designet til at holde.<\/p>\n<p>Kontakt nu:<span style=\"color: #0000ff;\"><a style=\"color: #0000ff;\" href=\"https:\/\/sxpowercase.com\/contact-us\/\">https:\/\/sxpowercase.com\/<\/a><\/span><\/p>\n<p>Hardware produktkatalog:<span style=\"color: #3366ff;\"><a style=\"color: #3366ff;\" href=\"https:\/\/sxpowercase.com\/wp-content\/uploads\/2024\/07\/\u4e94\u91d1.pdf\">Hardware tilbeh\u00f8r katalog<\/a><\/span><\/p>","protected":false},"excerpt":{"rendered":"<div class=\"flex max-w-full flex-col flex-grow\">\n<div class=\"min-h-[20px] text-message flex w-full flex-col items-end gap-2 whitespace-pre-wrap break-words [.text-message+&amp;]:mt-5 overflow-x-auto\" dir=\"auto\" data-message-author-role=\"assistant\" data-message-id=\"1774b494-5ec3-4508-82fb-a8a2af9f1cd3\">\n<div class=\"flex w-full flex-col gap-1 empty:hidden first:pt-[3px]\">\n<div class=\"markdown prose w-full break-words dark:prose-invert light\">\n<h3>SX Ball Corners: Affordable, Factory-Direct Protection<\/h3>\n<p>Get robust protection for your cases with SX Ball Corners. Enjoy high-quality products at factory-direct prices, ensuring top value without extra costs.<\/p>\n<h3>Customizable Ball Corners for All Cases<\/h3>\n<p>SX offers versatile Ball Corners designed to fit any case type. Customize size, finish, or material to perfectly match your equipment and brand\u2019s needs.<\/p>\n<h3>Durable Protection for Every Journey<\/h3>\n<p>Made from high-quality materials, SX Ball Corners are built to withstand frequent use and impact, ensuring your equipment stays safe during transport.<\/p>\n<\/div>\n<\/div>\n<\/div>\n<\/div>\n<div class=\"mt-1 flex gap-3 empty:hidden -ml-2\">\n<div class=\"items-center justify-start rounded-xl p-1 flex\">\n<div class=\"flex items-center\"><\/div>\n<\/div>\n<\/div>\n","protected":false},"featured_media":4076,"comment_status":"open","ping_status":"closed","template":"","meta":[],"product_brand":[],"product_cat":[63],"product_tag":[],"class_list":{"0":"post-4100","1":"product","2":"type-product","3":"status-publish","4":"has-post-thumbnail","6":"product_cat-corners","8":"first","9":"instock","10":"shipping-taxable","11":"product-type-simple"},"yoast_head":"<!-- This site is optimized with the Yoast SEO Premium plugin v27.1 (Yoast SEO v27.2) - https:\/\/yoast.com\/product\/yoast-seo-premium-wordpress\/ -->\n<title>Ball Corners COA104 - https:\/\/sxflightcase.com \ud83d\udc97<\/title>\n<meta name=\"description\" content=\"Ball corners, factory direct! High-quality protection for flight case edges, preventing damage during transport. Durable and reliable for long-lasting equipment safety.\" \/>\n<meta name=\"robots\" content=\"index, follow, max-snippet:-1, max-image-preview:large, max-video-preview:-1\" \/>\n<link rel=\"canonical\" href=\"https:\/\/sxflightcase.com\/da\/\u0e1c\u0e25\u0e34\u0e15\u0e20\u0e31\u0e13\u0e11\u0e4c\/ball-corners-coa104\/\" \/>\n<meta property=\"og:locale\" content=\"da_DK\" \/>\n<meta property=\"og:type\" content=\"article\" \/>\n<meta property=\"og:title\" content=\"Ball Corners COA104\" \/>\n<meta property=\"og:description\" content=\"Ball corners, factory direct! High-quality protection for flight case edges, preventing damage during transport. Durable and reliable for long-lasting equipment safety.\" \/>\n<meta property=\"og:url\" content=\"https:\/\/sxflightcase.com\/da\/\u0e1c\u0e25\u0e34\u0e15\u0e20\u0e31\u0e13\u0e11\u0e4c\/ball-corners-coa104\/\" \/>\n<meta property=\"og:site_name\" content=\"https:\/\/sxflightcase.com\" \/>\n<meta property=\"article:publisher\" content=\"https:\/\/www.facebook.com\/profile.php?id=61560407257971\" \/>\n<meta property=\"article:modified_time\" content=\"2024-08-13T07:18:36+00:00\" \/>\n<meta property=\"og:image\" content=\"https:\/\/sxflightcase.com\/wp-content\/uploads\/2024\/08\/COA104.jpg\" \/>\n\t<meta property=\"og:image:width\" content=\"520\" \/>\n\t<meta property=\"og:image:height\" content=\"520\" \/>\n\t<meta property=\"og:image:type\" content=\"image\/jpeg\" \/>\n<meta name=\"twitter:card\" content=\"summary_large_image\" \/>\n<meta name=\"twitter:label1\" content=\"Estimeret l\u00e6setid\" \/>\n\t<meta name=\"twitter:data1\" content=\"3 minutter\" \/>\n<script type=\"application\/ld+json\" class=\"yoast-schema-graph\">{\"@context\":\"https:\/\/schema.org\",\"@graph\":[{\"@type\":\"WebPage\",\"@id\":\"https:\/\/sxflightcase.com\/th\/\u0e1c\u0e25\u0e34\u0e15\u0e20\u0e31\u0e13\u0e11\u0e4c\/ball-corners-coa104\/\",\"url\":\"https:\/\/sxflightcase.com\/th\/\u0e1c\u0e25\u0e34\u0e15\u0e20\u0e31\u0e13\u0e11\u0e4c\/ball-corners-coa104\/\",\"name\":\"Ball Corners COA104 - https:\/\/sxflightcase.com \ud83d\udc97\",\"isPartOf\":{\"@id\":\"https:\/\/sxflightcase.com\/th\/#website\"},\"primaryImageOfPage\":{\"@id\":\"https:\/\/sxflightcase.com\/th\/\u0e1c\u0e25\u0e34\u0e15\u0e20\u0e31\u0e13\u0e11\u0e4c\/ball-corners-coa104\/#primaryimage\"},\"image\":{\"@id\":\"https:\/\/sxflightcase.com\/th\/\u0e1c\u0e25\u0e34\u0e15\u0e20\u0e31\u0e13\u0e11\u0e4c\/ball-corners-coa104\/#primaryimage\"},\"thumbnailUrl\":\"https:\/\/sxflightcase.com\/wp-content\/uploads\/2024\/08\/COA104.jpg\",\"datePublished\":\"2024-08-13T07:18:35+00:00\",\"dateModified\":\"2024-08-13T07:18:36+00:00\",\"description\":\"Ball corners, factory direct! High-quality protection for flight case edges, preventing damage during transport. Durable and reliable for long-lasting equipment safety.\",\"breadcrumb\":{\"@id\":\"https:\/\/sxflightcase.com\/th\/\u0e1c\u0e25\u0e34\u0e15\u0e20\u0e31\u0e13\u0e11\u0e4c\/ball-corners-coa104\/#breadcrumb\"},\"inLanguage\":\"da-DK\",\"potentialAction\":[{\"@type\":\"ReadAction\",\"target\":[\"https:\/\/sxflightcase.com\/th\/\u0e1c\u0e25\u0e34\u0e15\u0e20\u0e31\u0e13\u0e11\u0e4c\/ball-corners-coa104\/\"]}]},{\"@type\":\"ImageObject\",\"inLanguage\":\"da-DK\",\"@id\":\"https:\/\/sxflightcase.com\/th\/\u0e1c\u0e25\u0e34\u0e15\u0e20\u0e31\u0e13\u0e11\u0e4c\/ball-corners-coa104\/#primaryimage\",\"url\":\"https:\/\/sxflightcase.com\/wp-content\/uploads\/2024\/08\/COA104.jpg\",\"contentUrl\":\"https:\/\/sxflightcase.com\/wp-content\/uploads\/2024\/08\/COA104.jpg\",\"width\":520,\"height\":520,\"caption\":\"Ball Corners\"},{\"@type\":\"BreadcrumbList\",\"@id\":\"https:\/\/sxflightcase.com\/th\/\u0e1c\u0e25\u0e34\u0e15\u0e20\u0e31\u0e13\u0e11\u0e4c\/ball-corners-coa104\/#breadcrumb\",\"itemListElement\":[{\"@type\":\"ListItem\",\"position\":1,\"name\":\"Home\",\"item\":\"https:\/\/sxflightcase.com\/\"},{\"@type\":\"ListItem\",\"position\":2,\"name\":\"\u0e2a\u0e34\u0e19\u0e04\u0e49\u0e32\",\"item\":\"https:\/\/sxflightcase.com\/th\/shop\/\"},{\"@type\":\"ListItem\",\"position\":3,\"name\":\"Ball Corners COA104\"}]},{\"@type\":\"WebSite\",\"@id\":\"https:\/\/sxflightcase.com\/th\/#website\",\"url\":\"https:\/\/sxflightcase.com\/th\/\",\"name\":\"sxpowercase.com\",\"description\":\"Flight Case Factory\",\"publisher\":{\"@id\":\"https:\/\/sxflightcase.com\/th\/#organization\"},\"potentialAction\":[{\"@type\":\"SearchAction\",\"target\":{\"@type\":\"EntryPoint\",\"urlTemplate\":\"https:\/\/sxflightcase.com\/th\/?s={search_term_string}\"},\"query-input\":{\"@type\":\"PropertyValueSpecification\",\"valueRequired\":true,\"valueName\":\"search_term_string\"}}],\"inLanguage\":\"da-DK\"},{\"@type\":\"Organization\",\"@id\":\"https:\/\/sxflightcase.com\/th\/#organization\",\"name\":\"sxpowercase.com\",\"url\":\"https:\/\/sxflightcase.com\/th\/\",\"logo\":{\"@type\":\"ImageObject\",\"inLanguage\":\"da-DK\",\"@id\":\"https:\/\/sxflightcase.com\/th\/#\/schema\/logo\/image\/\",\"url\":\"https:\/\/sxflightcase.com\/wp-content\/uploads\/2024\/04\/1713919036007.jpg\",\"contentUrl\":\"https:\/\/sxflightcase.com\/wp-content\/uploads\/2024\/04\/1713919036007.jpg\",\"width\":382,\"height\":388,\"caption\":\"sxpowercase.com\"},\"image\":{\"@id\":\"https:\/\/sxflightcase.com\/th\/#\/schema\/logo\/image\/\"},\"sameAs\":[\"https:\/\/www.facebook.com\/profile.php?id=61560407257971\"],\"numberOfEmployees\":{\"@type\":\"QuantitativeValue\",\"minValue\":\"11\",\"maxValue\":\"50\"}}]}<\/script>\n<!-- \/ Yoast SEO Premium plugin. -->","yoast_head_json":{"title":"Ball Corners COA104 - https:\/\/sxflightcase.com \ud83d\udc97","description":"Kuglehj\u00f8rner, direkte fra fabrikken! H\u00f8jkvalitetsbeskyttelse af flightcase-kanter, der forhindrer skader under transport. Holdbar og p\u00e5lidelig for langvarig udstyrssikkerhed.","robots":{"index":"index","follow":"follow","max-snippet":"max-snippet:-1","max-image-preview":"max-image-preview:large","max-video-preview":"max-video-preview:-1"},"canonical":"https:\/\/sxflightcase.com\/da\/\u0e1c\u0e25\u0e34\u0e15\u0e20\u0e31\u0e13\u0e11\u0e4c\/ball-corners-coa104\/","og_locale":"da_DK","og_type":"article","og_title":"Ball Corners COA104","og_description":"Ball corners, factory direct! High-quality protection for flight case edges, preventing damage during transport. Durable and reliable for long-lasting equipment safety.","og_url":"https:\/\/sxflightcase.com\/da\/\u0e1c\u0e25\u0e34\u0e15\u0e20\u0e31\u0e13\u0e11\u0e4c\/ball-corners-coa104\/","og_site_name":"https:\/\/sxflightcase.com","article_publisher":"https:\/\/www.facebook.com\/profile.php?id=61560407257971","article_modified_time":"2024-08-13T07:18:36+00:00","og_image":[{"width":520,"height":520,"url":"https:\/\/sxflightcase.com\/wp-content\/uploads\/2024\/08\/COA104.jpg","type":"image\/jpeg"}],"twitter_card":"summary_large_image","twitter_misc":{"Estimeret l\u00e6setid":"3 minutter"},"schema":{"@context":"https:\/\/schema.org","@graph":[{"@type":"WebPage","@id":"https:\/\/sxflightcase.com\/th\/\u0e1c\u0e25\u0e34\u0e15\u0e20\u0e31\u0e13\u0e11\u0e4c\/ball-corners-coa104\/","url":"https:\/\/sxflightcase.com\/th\/\u0e1c\u0e25\u0e34\u0e15\u0e20\u0e31\u0e13\u0e11\u0e4c\/ball-corners-coa104\/","name":"Ball Corners COA104 - https:\/\/sxflightcase.com \ud83d\udc97","isPartOf":{"@id":"https:\/\/sxflightcase.com\/th\/#website"},"primaryImageOfPage":{"@id":"https:\/\/sxflightcase.com\/th\/\u0e1c\u0e25\u0e34\u0e15\u0e20\u0e31\u0e13\u0e11\u0e4c\/ball-corners-coa104\/#primaryimage"},"image":{"@id":"https:\/\/sxflightcase.com\/th\/\u0e1c\u0e25\u0e34\u0e15\u0e20\u0e31\u0e13\u0e11\u0e4c\/ball-corners-coa104\/#primaryimage"},"thumbnailUrl":"https:\/\/sxflightcase.com\/wp-content\/uploads\/2024\/08\/COA104.jpg","datePublished":"2024-08-13T07:18:35+00:00","dateModified":"2024-08-13T07:18:36+00:00","description":"Kuglehj\u00f8rner, direkte fra fabrikken! H\u00f8jkvalitetsbeskyttelse af flightcase-kanter, der forhindrer skader under transport. Holdbar og p\u00e5lidelig for langvarig udstyrssikkerhed.","breadcrumb":{"@id":"https:\/\/sxflightcase.com\/th\/\u0e1c\u0e25\u0e34\u0e15\u0e20\u0e31\u0e13\u0e11\u0e4c\/ball-corners-coa104\/#breadcrumb"},"inLanguage":"da-DK","potentialAction":[{"@type":"ReadAction","target":["https:\/\/sxflightcase.com\/th\/\u0e1c\u0e25\u0e34\u0e15\u0e20\u0e31\u0e13\u0e11\u0e4c\/ball-corners-coa104\/"]}]},{"@type":"ImageObject","inLanguage":"da-DK","@id":"https:\/\/sxflightcase.com\/th\/\u0e1c\u0e25\u0e34\u0e15\u0e20\u0e31\u0e13\u0e11\u0e4c\/ball-corners-coa104\/#primaryimage","url":"https:\/\/sxflightcase.com\/wp-content\/uploads\/2024\/08\/COA104.jpg","contentUrl":"https:\/\/sxflightcase.com\/wp-content\/uploads\/2024\/08\/COA104.jpg","width":520,"height":520,"caption":"Ball Corners"},{"@type":"BreadcrumbList","@id":"https:\/\/sxflightcase.com\/th\/\u0e1c\u0e25\u0e34\u0e15\u0e20\u0e31\u0e13\u0e11\u0e4c\/ball-corners-coa104\/#breadcrumb","itemListElement":[{"@type":"ListItem","position":1,"name":"Home","item":"https:\/\/sxflightcase.com\/"},{"@type":"ListItem","position":2,"name":"\u0e2a\u0e34\u0e19\u0e04\u0e49\u0e32","item":"https:\/\/sxflightcase.com\/th\/shop\/"},{"@type":"ListItem","position":3,"name":"Ball Corners COA104"}]},{"@type":"WebSite","@id":"https:\/\/sxflightcase.com\/th\/#website","url":"https:\/\/sxflightcase.com\/th\/","name":"sxpowercase.com","description":"Flight Case Factory","publisher":{"@id":"https:\/\/sxflightcase.com\/th\/#organization"},"potentialAction":[{"@type":"SearchAction","target":{"@type":"EntryPoint","urlTemplate":"https:\/\/sxflightcase.com\/th\/?s={search_term_string}"},"query-input":{"@type":"PropertyValueSpecification","valueRequired":true,"valueName":"search_term_string"}}],"inLanguage":"da-DK"},{"@type":"Organization","@id":"https:\/\/sxflightcase.com\/th\/#organization","name":"sxpowercase.com","url":"https:\/\/sxflightcase.com\/th\/","logo":{"@type":"ImageObject","inLanguage":"da-DK","@id":"https:\/\/sxflightcase.com\/th\/#\/schema\/logo\/image\/","url":"https:\/\/sxflightcase.com\/wp-content\/uploads\/2024\/04\/1713919036007.jpg","contentUrl":"https:\/\/sxflightcase.com\/wp-content\/uploads\/2024\/04\/1713919036007.jpg","width":382,"height":388,"caption":"sxpowercase.com"},"image":{"@id":"https:\/\/sxflightcase.com\/th\/#\/schema\/logo\/image\/"},"sameAs":["https:\/\/www.facebook.com\/profile.php?id=61560407257971"],"numberOfEmployees":{"@type":"QuantitativeValue","minValue":"11","maxValue":"50"}}]}},"_links":{"self":[{"href":"https:\/\/sxflightcase.com\/da\/wp-json\/wp\/v2\/product\/4100","targetHints":{"allow":["GET"]}}],"collection":[{"href":"https:\/\/sxflightcase.com\/da\/wp-json\/wp\/v2\/product"}],"about":[{"href":"https:\/\/sxflightcase.com\/da\/wp-json\/wp\/v2\/types\/product"}],"replies":[{"embeddable":true,"href":"https:\/\/sxflightcase.com\/da\/wp-json\/wp\/v2\/comments?post=4100"}],"version-history":[{"count":0,"href":"https:\/\/sxflightcase.com\/da\/wp-json\/wp\/v2\/product\/4100\/revisions"}],"wp:featuredmedia":[{"embeddable":true,"href":"https:\/\/sxflightcase.com\/da\/wp-json\/wp\/v2\/media\/4076"}],"wp:attachment":[{"href":"https:\/\/sxflightcase.com\/da\/wp-json\/wp\/v2\/media?parent=4100"}],"wp:term":[{"taxonomy":"product_brand","embeddable":true,"href":"https:\/\/sxflightcase.com\/da\/wp-json\/wp\/v2\/product_brand?post=4100"},{"taxonomy":"product_cat","embeddable":true,"href":"https:\/\/sxflightcase.com\/da\/wp-json\/wp\/v2\/product_cat?post=4100"},{"taxonomy":"product_tag","embeddable":true,"href":"https:\/\/sxflightcase.com\/da\/wp-json\/wp\/v2\/product_tag?post=4100"}],"curies":[{"name":"wp","href":"https:\/\/api.w.org\/{rel}","templated":true}]}}