{"id":4109,"date":"2024-08-14T09:10:09","date_gmt":"2024-08-14T08:10:09","guid":{"rendered":"https:\/\/sxpowercase.com\/?post_type=product&#038;p=4109"},"modified":"2024-08-14T09:10:09","modified_gmt":"2024-08-14T08:10:09","slug":"flight-case-ball-corner-coa105","status":"publish","type":"product","link":"https:\/\/sxflightcase.com\/da\/vare\/flight-case-kuglehjorne-coa105-2\/","title":{"rendered":"Flight Case Ball Corner COA105"},"content":{"rendered":"<h3>SX Flight Case Ball Corner: Beskyt dit udstyr med tillid<\/h3>\n<h4>Overlegen beskyttelse med SX<\/h4>\n<p>N\u00e5r du transporterer v\u00e6rdifuldt udstyr, er holdbarheden af din flightcase afg\u00f8rende. Det er derfor, SX tilbyder <strong>Flight Case boldhj\u00f8rne<\/strong>\u00a0der er designet til at give overlegen beskyttelse. Disse vigtige komponenter er udformet til at absorbere st\u00f8d og beskytte kanterne p\u00e5 dine tasker mod skader. Med <a href=\"https:\/\/sxpowercase.com\/\" target=\"_blank\" rel=\"noopener\" title=\"SX\" data-wpil-monitor-id=\"659\">SX<\/a>f\u00e5r du kvalitet og p\u00e5lidelighed til direkte fabrikspriser.<\/p>\n<h4>Bygget til at holde<\/h4>\n<p>Vores <strong>Flight Case-kuglehj\u00f8rner<\/strong> er fremstillet af materialer af h\u00f8j kvalitet, som sikrer, at de kan modst\u00e5 de h\u00e5rdeste forhold. Uanset om din kuffert er p\u00e5 tur eller p\u00e5 lager, giver SX-kuglehj\u00f8rnerne den n\u00f8dvendige holdbarhed til at holde dit udstyr sikkert. Kvalitetssikring er vores prioritet, og alle produkter gennemg\u00e5r strenge tests for at leve op til vores h\u00f8je standarder.<\/p>\n<h4>Nem installation, maksimal beskyttelse<\/h4>\n<p>SX <strong>Flight Case-kuglehj\u00f8rner<\/strong> er designet til hurtig og nem installation. De er kompatible med en lang r\u00e6kke flightcases, hvilket g\u00f8r dem til et alsidigt valg til forskellige anvendelser. Ved at forst\u00e6rke hj\u00f8rnerne p\u00e5 dine kufferter tilf\u00f8jer du et ekstra lag beskyttelse og sikrer, at dit udstyr forbliver i perfekt stand.<\/p>\n<h4>Skr\u00e6ddersyede l\u00f8sninger til dine unikke behov<\/h4>\n<p>Hos SX forst\u00e5r vi, at hver sag er unik, og derfor tilbyder vi tilpasningsmuligheder for vores <strong>Flight Case-kuglehj\u00f8rner<\/strong>. Uanset om du har brug for en bestemt st\u00f8rrelse, finish eller materiale, kan vi skr\u00e6ddersy vores produkter til at opfylde dine n\u00f8jagtige krav. SX er forpligtet til at levere l\u00f8sninger, der ikke kun beskytter, men ogs\u00e5 forbedrer udseendet af dine sager.<\/p>\n<h4>Direkte besparelser fra fabrikken<\/h4>\n<p>Ved at v\u00e6lge SX f\u00e5r du fordel af fabriksdirekte priser, hvilket betyder, at du f\u00e5r topkvalitet <strong>Flight Case-kuglehj\u00f8rner<\/strong> uden at det koster ekstra. Vi tror p\u00e5 at tilbyde overkommelige l\u00f8sninger uden at g\u00e5 p\u00e5 kompromis med kvaliteten. Denne tilgang sikrer, at du kan beskytte dit udstyr uden at overskride dit budget.<\/p>\n<h4>Betroet af professionelle<\/h4>\n<p>SX er et betroet navn i branchen, der er kendt for at levere p\u00e5lidelig og holdbar hardware til kufferter. Vores <strong>Flight Case-kuglehj\u00f8rner<\/strong> foretr\u00e6kkes af professionelle, der kr\u00e6ver det bedste inden for beskyttelse og ydeevne. N\u00e5r du v\u00e6lger SX, investerer du i komponenter, der er bygget til at holde.<\/p>\n<h4>Kontakt os i dag<\/h4>\n<p>Klar til at opgradere din flightcase med holdbar og prisvenlig <strong>Flight Case-kuglehj\u00f8rner<\/strong>? Kontakt SX i dag for at f\u00e5 mere at vide om vores produkter, tilpasningsmuligheder og for at afgive din bestilling. Med SX kan du stole p\u00e5, at dit udstyr er godt beskyttet takket v\u00e6re vores engagement i kvalitet og kundetilfredshed.<\/p>\n<p>Kontakt nu:<span style=\"color: #0000ff;\"><a style=\"color: #0000ff;\" href=\"https:\/\/sxpowercase.com\/contact-us\/\">https:\/\/sxpowercase.com\/<\/a><\/span><\/p>\n<p>Hardware produktkatalog:<span style=\"color: #3366ff;\"><a style=\"color: #3366ff;\" href=\"https:\/\/sxpowercase.com\/wp-content\/uploads\/2024\/07\/\u4e94\u91d1.pdf\">Hardware tilbeh\u00f8r katalog<\/a><\/span><\/p>","protected":false},"excerpt":{"rendered":"<h3>SX Flight Case kuglehj\u00f8rner: F\u00f8rsteklasses beskyttelse til fabriksdirekte priser<\/h3>\n<p>S\u00f8rg for, at dit udstyr forbliver sikkert med SX Flight Case Ball Corners, der er udformet til at absorbere st\u00f8d og beskytte din kufferts kanter. Nyd beskyttelse i topkvalitet uden at spr\u00e6nge budgettet.<\/p>\n<h3>Holdbar og nem at installere<\/h3>\n<p>SX Ball Corners er fremstillet af materialer af h\u00f8j kvalitet, der giver lang holdbarhed. Den nemme montering g\u00f8r dem til et alsidigt valg til forst\u00e6rkning af enhver flightcase.<\/p>\n<h3>Kan tilpasses til enhver sag<\/h3>\n<p>SX tilbyder tilpassede kuglehj\u00f8rner, der opfylder dine specifikke behov og sikrer, at din flightcase er b\u00e5de beskyttet og \u00e6stetisk tilpasset dit brand.<\/p>","protected":false},"featured_media":4077,"comment_status":"open","ping_status":"closed","template":"","meta":[],"product_brand":[],"product_cat":[63],"product_tag":[],"class_list":{"0":"post-4109","1":"product","2":"type-product","3":"status-publish","4":"has-post-thumbnail","6":"product_cat-corners","8":"first","9":"instock","10":"shipping-taxable","11":"product-type-simple"},"yoast_head":"<!-- This site is optimized with the Yoast SEO Premium plugin v27.1 (Yoast SEO v27.2) - https:\/\/yoast.com\/product\/yoast-seo-premium-wordpress\/ -->\n<title>Flight Case Ball Corner COA105 - https:\/\/sxflightcase.com \ud83d\udc97<\/title>\n<meta name=\"description\" content=\"Flight case ball corner, factory direct! Durable protection for case edges, preventing damage during transport. High-quality and reliable for long-lasting equipment safety.\" \/>\n<meta name=\"robots\" content=\"index, follow, max-snippet:-1, max-image-preview:large, max-video-preview:-1\" \/>\n<link rel=\"canonical\" href=\"https:\/\/sxflightcase.com\/da\/vare\/flight-case-kuglehjorne-coa105-2\/\" \/>\n<meta property=\"og:locale\" content=\"da_DK\" \/>\n<meta property=\"og:type\" content=\"article\" \/>\n<meta property=\"og:title\" content=\"Flight Case Ball Corner COA105\" \/>\n<meta property=\"og:description\" content=\"Flight case ball corner, factory direct! Durable protection for case edges, preventing damage during transport. High-quality and reliable for long-lasting equipment safety.\" \/>\n<meta property=\"og:url\" content=\"https:\/\/sxflightcase.com\/da\/vare\/flight-case-kuglehjorne-coa105-2\/\" \/>\n<meta property=\"og:site_name\" content=\"https:\/\/sxflightcase.com\" \/>\n<meta property=\"article:publisher\" content=\"https:\/\/www.facebook.com\/profile.php?id=61560407257971\" \/>\n<meta property=\"og:image\" content=\"https:\/\/sxflightcase.com\/wp-content\/uploads\/2024\/08\/COA105.jpg\" \/>\n\t<meta property=\"og:image:width\" content=\"520\" \/>\n\t<meta property=\"og:image:height\" content=\"520\" \/>\n\t<meta property=\"og:image:type\" content=\"image\/jpeg\" \/>\n<meta name=\"twitter:card\" content=\"summary_large_image\" \/>\n<meta name=\"twitter:label1\" content=\"Estimeret l\u00e6setid\" \/>\n\t<meta name=\"twitter:data1\" content=\"3 minutter\" \/>\n<script type=\"application\/ld+json\" class=\"yoast-schema-graph\">{\"@context\":\"https:\/\/schema.org\",\"@graph\":[{\"@type\":\"WebPage\",\"@id\":\"https:\/\/sxflightcase.com\/da\/produkt\/flight-case-kuglehjorne-coa105-2\/\",\"url\":\"https:\/\/sxflightcase.com\/da\/produkt\/flight-case-kuglehjorne-coa105-2\/\",\"name\":\"Flight Case Ball Corner COA105 - https:\/\/sxflightcase.com \ud83d\udc97\",\"isPartOf\":{\"@id\":\"https:\/\/sxflightcase.com\/th\/#website\"},\"primaryImageOfPage\":{\"@id\":\"https:\/\/sxflightcase.com\/da\/produkt\/flight-case-kuglehjorne-coa105-2\/#primaryimage\"},\"image\":{\"@id\":\"https:\/\/sxflightcase.com\/da\/produkt\/flight-case-kuglehjorne-coa105-2\/#primaryimage\"},\"thumbnailUrl\":\"https:\/\/sxflightcase.com\/wp-content\/uploads\/2024\/08\/COA105.jpg\",\"datePublished\":\"2024-08-14T08:10:09+00:00\",\"description\":\"Flight case ball corner, factory direct! Durable protection for case edges, preventing damage during transport. High-quality and reliable for long-lasting equipment safety.\",\"breadcrumb\":{\"@id\":\"https:\/\/sxflightcase.com\/da\/produkt\/flight-case-kuglehjorne-coa105-2\/#breadcrumb\"},\"inLanguage\":\"da-DK\",\"potentialAction\":[{\"@type\":\"ReadAction\",\"target\":[\"https:\/\/sxflightcase.com\/da\/produkt\/flight-case-kuglehjorne-coa105-2\/\"]}]},{\"@type\":\"ImageObject\",\"inLanguage\":\"da-DK\",\"@id\":\"https:\/\/sxflightcase.com\/da\/produkt\/flight-case-kuglehjorne-coa105-2\/#primaryimage\",\"url\":\"https:\/\/sxflightcase.com\/wp-content\/uploads\/2024\/08\/COA105.jpg\",\"contentUrl\":\"https:\/\/sxflightcase.com\/wp-content\/uploads\/2024\/08\/COA105.jpg\",\"width\":520,\"height\":520,\"caption\":\"Flight Case Ball Corner\"},{\"@type\":\"BreadcrumbList\",\"@id\":\"https:\/\/sxflightcase.com\/da\/produkt\/flight-case-kuglehjorne-coa105-2\/#breadcrumb\",\"itemListElement\":[{\"@type\":\"ListItem\",\"position\":1,\"name\":\"Home\",\"item\":\"https:\/\/sxflightcase.com\/\"},{\"@type\":\"ListItem\",\"position\":2,\"name\":\"\u0e2a\u0e34\u0e19\u0e04\u0e49\u0e32\",\"item\":\"https:\/\/sxflightcase.com\/th\/shop\/\"},{\"@type\":\"ListItem\",\"position\":3,\"name\":\"Flight Case Ball Corner COA105\"}]},{\"@type\":\"WebSite\",\"@id\":\"https:\/\/sxflightcase.com\/th\/#website\",\"url\":\"https:\/\/sxflightcase.com\/th\/\",\"name\":\"sxpowercase.com\",\"description\":\"Flight Case Factory\",\"publisher\":{\"@id\":\"https:\/\/sxflightcase.com\/th\/#organization\"},\"potentialAction\":[{\"@type\":\"SearchAction\",\"target\":{\"@type\":\"EntryPoint\",\"urlTemplate\":\"https:\/\/sxflightcase.com\/th\/?s={search_term_string}\"},\"query-input\":{\"@type\":\"PropertyValueSpecification\",\"valueRequired\":true,\"valueName\":\"search_term_string\"}}],\"inLanguage\":\"da-DK\"},{\"@type\":\"Organization\",\"@id\":\"https:\/\/sxflightcase.com\/th\/#organization\",\"name\":\"sxpowercase.com\",\"url\":\"https:\/\/sxflightcase.com\/th\/\",\"logo\":{\"@type\":\"ImageObject\",\"inLanguage\":\"da-DK\",\"@id\":\"https:\/\/sxflightcase.com\/th\/#\/schema\/logo\/image\/\",\"url\":\"https:\/\/sxflightcase.com\/wp-content\/uploads\/2024\/04\/1713919036007.jpg\",\"contentUrl\":\"https:\/\/sxflightcase.com\/wp-content\/uploads\/2024\/04\/1713919036007.jpg\",\"width\":382,\"height\":388,\"caption\":\"sxpowercase.com\"},\"image\":{\"@id\":\"https:\/\/sxflightcase.com\/th\/#\/schema\/logo\/image\/\"},\"sameAs\":[\"https:\/\/www.facebook.com\/profile.php?id=61560407257971\"],\"numberOfEmployees\":{\"@type\":\"QuantitativeValue\",\"minValue\":\"11\",\"maxValue\":\"50\"}}]}<\/script>\n<!-- \/ Yoast SEO Premium plugin. -->","yoast_head_json":{"title":"Flight Case Ball Corner COA105 - https:\/\/sxflightcase.com \ud83d\udc97","description":"Flight case ball corner, direkte fra fabrikken! Holdbar beskyttelse af kuffertens kanter for at forhindre skader under transport. H\u00f8j kvalitet og p\u00e5lidelig for langvarig udstyrssikkerhed.","robots":{"index":"index","follow":"follow","max-snippet":"max-snippet:-1","max-image-preview":"max-image-preview:large","max-video-preview":"max-video-preview:-1"},"canonical":"https:\/\/sxflightcase.com\/da\/vare\/flight-case-kuglehjorne-coa105-2\/","og_locale":"da_DK","og_type":"article","og_title":"Flight Case Ball Corner COA105","og_description":"Flight case ball corner, factory direct! Durable protection for case edges, preventing damage during transport. High-quality and reliable for long-lasting equipment safety.","og_url":"https:\/\/sxflightcase.com\/da\/vare\/flight-case-kuglehjorne-coa105-2\/","og_site_name":"https:\/\/sxflightcase.com","article_publisher":"https:\/\/www.facebook.com\/profile.php?id=61560407257971","og_image":[{"width":520,"height":520,"url":"https:\/\/sxflightcase.com\/wp-content\/uploads\/2024\/08\/COA105.jpg","type":"image\/jpeg"}],"twitter_card":"summary_large_image","twitter_misc":{"Estimeret l\u00e6setid":"3 minutter"},"schema":{"@context":"https:\/\/schema.org","@graph":[{"@type":"WebPage","@id":"https:\/\/sxflightcase.com\/da\/produkt\/flight-case-kuglehjorne-coa105-2\/","url":"https:\/\/sxflightcase.com\/da\/produkt\/flight-case-kuglehjorne-coa105-2\/","name":"Flight Case Ball Corner COA105 - https:\/\/sxflightcase.com \ud83d\udc97","isPartOf":{"@id":"https:\/\/sxflightcase.com\/th\/#website"},"primaryImageOfPage":{"@id":"https:\/\/sxflightcase.com\/da\/produkt\/flight-case-kuglehjorne-coa105-2\/#primaryimage"},"image":{"@id":"https:\/\/sxflightcase.com\/da\/produkt\/flight-case-kuglehjorne-coa105-2\/#primaryimage"},"thumbnailUrl":"https:\/\/sxflightcase.com\/wp-content\/uploads\/2024\/08\/COA105.jpg","datePublished":"2024-08-14T08:10:09+00:00","description":"Flight case ball corner, direkte fra fabrikken! Holdbar beskyttelse af kuffertens kanter for at forhindre skader under transport. H\u00f8j kvalitet og p\u00e5lidelig for langvarig udstyrssikkerhed.","breadcrumb":{"@id":"https:\/\/sxflightcase.com\/da\/produkt\/flight-case-kuglehjorne-coa105-2\/#breadcrumb"},"inLanguage":"da-DK","potentialAction":[{"@type":"ReadAction","target":["https:\/\/sxflightcase.com\/da\/produkt\/flight-case-kuglehjorne-coa105-2\/"]}]},{"@type":"ImageObject","inLanguage":"da-DK","@id":"https:\/\/sxflightcase.com\/da\/produkt\/flight-case-kuglehjorne-coa105-2\/#primaryimage","url":"https:\/\/sxflightcase.com\/wp-content\/uploads\/2024\/08\/COA105.jpg","contentUrl":"https:\/\/sxflightcase.com\/wp-content\/uploads\/2024\/08\/COA105.jpg","width":520,"height":520,"caption":"Flight Case Ball Corner"},{"@type":"BreadcrumbList","@id":"https:\/\/sxflightcase.com\/da\/produkt\/flight-case-kuglehjorne-coa105-2\/#breadcrumb","itemListElement":[{"@type":"ListItem","position":1,"name":"Home","item":"https:\/\/sxflightcase.com\/"},{"@type":"ListItem","position":2,"name":"\u0e2a\u0e34\u0e19\u0e04\u0e49\u0e32","item":"https:\/\/sxflightcase.com\/th\/shop\/"},{"@type":"ListItem","position":3,"name":"Flight Case Ball Corner COA105"}]},{"@type":"WebSite","@id":"https:\/\/sxflightcase.com\/th\/#website","url":"https:\/\/sxflightcase.com\/th\/","name":"sxpowercase.com","description":"Flight Case Factory","publisher":{"@id":"https:\/\/sxflightcase.com\/th\/#organization"},"potentialAction":[{"@type":"SearchAction","target":{"@type":"EntryPoint","urlTemplate":"https:\/\/sxflightcase.com\/th\/?s={search_term_string}"},"query-input":{"@type":"PropertyValueSpecification","valueRequired":true,"valueName":"search_term_string"}}],"inLanguage":"da-DK"},{"@type":"Organization","@id":"https:\/\/sxflightcase.com\/th\/#organization","name":"sxpowercase.com","url":"https:\/\/sxflightcase.com\/th\/","logo":{"@type":"ImageObject","inLanguage":"da-DK","@id":"https:\/\/sxflightcase.com\/th\/#\/schema\/logo\/image\/","url":"https:\/\/sxflightcase.com\/wp-content\/uploads\/2024\/04\/1713919036007.jpg","contentUrl":"https:\/\/sxflightcase.com\/wp-content\/uploads\/2024\/04\/1713919036007.jpg","width":382,"height":388,"caption":"sxpowercase.com"},"image":{"@id":"https:\/\/sxflightcase.com\/th\/#\/schema\/logo\/image\/"},"sameAs":["https:\/\/www.facebook.com\/profile.php?id=61560407257971"],"numberOfEmployees":{"@type":"QuantitativeValue","minValue":"11","maxValue":"50"}}]}},"_links":{"self":[{"href":"https:\/\/sxflightcase.com\/da\/wp-json\/wp\/v2\/product\/4109","targetHints":{"allow":["GET"]}}],"collection":[{"href":"https:\/\/sxflightcase.com\/da\/wp-json\/wp\/v2\/product"}],"about":[{"href":"https:\/\/sxflightcase.com\/da\/wp-json\/wp\/v2\/types\/product"}],"replies":[{"embeddable":true,"href":"https:\/\/sxflightcase.com\/da\/wp-json\/wp\/v2\/comments?post=4109"}],"version-history":[{"count":0,"href":"https:\/\/sxflightcase.com\/da\/wp-json\/wp\/v2\/product\/4109\/revisions"}],"wp:featuredmedia":[{"embeddable":true,"href":"https:\/\/sxflightcase.com\/da\/wp-json\/wp\/v2\/media\/4077"}],"wp:attachment":[{"href":"https:\/\/sxflightcase.com\/da\/wp-json\/wp\/v2\/media?parent=4109"}],"wp:term":[{"taxonomy":"product_brand","embeddable":true,"href":"https:\/\/sxflightcase.com\/da\/wp-json\/wp\/v2\/product_brand?post=4109"},{"taxonomy":"product_cat","embeddable":true,"href":"https:\/\/sxflightcase.com\/da\/wp-json\/wp\/v2\/product_cat?post=4109"},{"taxonomy":"product_tag","embeddable":true,"href":"https:\/\/sxflightcase.com\/da\/wp-json\/wp\/v2\/product_tag?post=4109"}],"curies":[{"name":"wp","href":"https:\/\/api.w.org\/{rel}","templated":true}]}}