{"id":4111,"date":"2024-08-14T09:34:10","date_gmt":"2024-08-14T08:34:10","guid":{"rendered":"https:\/\/sxpowercase.com\/?post_type=product&#038;p=4111"},"modified":"2024-08-14T09:34:11","modified_gmt":"2024-08-14T08:34:11","slug":"flight-case-ball-corners-coa107","status":"publish","type":"product","link":"https:\/\/sxflightcase.com\/da\/vare\/flight-case-kuglehjorner-coa107-2\/","title":{"rendered":"Flight Case-kuglehj\u00f8rner COA107"},"content":{"rendered":"<h3>Sikr dit udstyr med SX Flight Case-kuglehj\u00f8rner<\/h3>\n<h4>Maksimal beskyttelse af dit udstyr<\/h4>\n<p>N\u00e5r du transporterer f\u00f8lsomt udstyr, er det sidste, du har brug for, skader p\u00e5 din kuffert eller dens indhold. Det er her, SX's <strong>Flight Case-kuglehj\u00f8rner<\/strong> kommer ind. Disse robuste hj\u00f8rner er designet til at absorbere st\u00f8d og giver overlegen beskyttelse af dit udstyr under transport. Med <a href=\"https:\/\/sxpowercase.com\/\" target=\"_blank\" rel=\"noopener\" title=\"SX\" data-wpil-monitor-id=\"661\">SX<\/a>f\u00e5r du kvalitet direkte fra fabrikken, som du kan stole p\u00e5, og det hele til en konkurrencedygtig pris.<\/p>\n<h4>Bygget til at holde<\/h4>\n<p>Vores <strong>Flight Case-kuglehj\u00f8rner<\/strong> er fremstillet af materialer af h\u00f8j kvalitet for at sikre lang levetid og holdbarhed. Uanset om dine kufferter ofte er p\u00e5 farten eller opbevares i l\u00e6ngere tid, vil disse kuglehj\u00f8rner holde til tidens tand. SX er dedikeret til at levere produkter, der giver en enest\u00e5ende ydeevne, uanset forholdene.<\/p>\n<h4>Let at installere, klar til brug<\/h4>\n<p>SX <strong>Flight Case-kuglehj\u00f8rner<\/strong> er designet til nem installation og passer problemfrit til en r\u00e6kke forskellige kabinettyper. Denne universelle kompatibilitet g\u00f8r det nemt at opgradere dine eksisterende kabinetter eller indarbejde dem i nye kabinetter. Med et slankt design tilf\u00f8jer disse kuglehj\u00f8rner b\u00e5de funktionalitet og \u00e6stetisk appel til dine kabinetter.<\/p>\n<h4>Skr\u00e6ddersyede l\u00f8sninger til unikke behov<\/h4>\n<p>SX forst\u00e5r, at forskellige projekter kr\u00e6ver forskellige l\u00f8sninger. Det er derfor, vi tilbyder tilpasningsmuligheder for vores <strong>Flight Case-kuglehj\u00f8rner<\/strong>. Uanset om du har brug for en bestemt st\u00f8rrelse, form eller finish, kan SX skr\u00e6ddersy vores produkter til at opfylde dine pr\u00e6cise krav. Vores engagement i fleksibilitet sikrer, at du f\u00e5r pr\u00e6cis, hvad du har brug for.<\/p>\n<h4>Kvalitet, du har r\u00e5d til<\/h4>\n<p>Hos SX tror vi p\u00e5, at vi kan tilbyde f\u00f8rsteklasses produkter uden at skulle betale en h\u00f8j pris. Ved at producere og s\u00e6lge direkte kan vi tilbyde <strong>Flight Case-kuglehj\u00f8rner<\/strong> til priser, der er sv\u00e6re at sl\u00e5. Denne direkte tilgang sikrer, at du f\u00e5r hardware af h\u00f8j kvalitet til en br\u00f8kdel af prisen, hvilket g\u00f8r det lettere at holde sig inden for dit budget.<\/p>\n<h4>Betroet af professionelle<\/h4>\n<p>SX&#039;er <strong>Flight Case boldhj\u00f8rne<\/strong>\u00a0er et betroet valg blandt professionelle, der kr\u00e6ver det bedste inden for hardware til kasser. Disse hj\u00f8rner er kendt for deres p\u00e5lidelighed og styrke og er blevet en fast bestanddel i branchen. At v\u00e6lge SX betyder at v\u00e6lge kvalitet, bakket op af et m\u00e6rke, der prioriterer din tilfredshed.<\/p>\n<h4>Kontakt os i dag<\/h4>\n<p>Hvis du er klar til at opgradere dine flightcases med SX <strong>Flight Case boldhj\u00f8rne<\/strong>s\u00e5 kontakt os i dag. Vores team er her for at hj\u00e6lpe dig med at finde den perfekte l\u00f8sning til dine behov. Med SX investerer du i beskyttelse, holdbarhed og ro i sindet - alt sammen til en pris, du vil elske.<\/p>\n<p>Kontakt nu:<span style=\"color: #0000ff;\"><a style=\"color: #0000ff;\" href=\"https:\/\/sxpowercase.com\/contact-us\/\">https:\/\/sxpowercase.com\/<\/a><\/span><\/p>\n<p>Hardware produktkatalog:<span style=\"color: #3366ff;\"><a style=\"color: #3366ff;\" href=\"https:\/\/sxpowercase.com\/wp-content\/uploads\/2024\/07\/\u4e94\u91d1.pdf\">Hardware tilbeh\u00f8r katalog<\/a><\/span><\/p>","protected":false},"excerpt":{"rendered":"<h3>SX Flight Case boldhj\u00f8rner: Uovertruffen beskyttelse<\/h3>\n<p>Beskyt dit udstyr med SX's robuste Flight Case Ball Corners, der er designet til at absorbere st\u00f8d og forhindre skader under transport. Nyd f\u00f8rsteklasses beskyttelse til en konkurrencedygtig pris.<\/p>\n<h3>Holdbar og nem at installere<\/h3>\n<p>SX Ball Corners er fremstillet af materialer af h\u00f8j kvalitet, der giver lang holdbarhed. De er nemme at installere og passer perfekt til forskellige typer etuier, s\u00e5 de giver b\u00e5de beskyttelse og stil.<\/p>\n<h3>Tilpassede l\u00f8sninger til fabriksn\u00e6re priser<\/h3>\n<p>SX tilbyder kuglehj\u00f8rner, der kan tilpasses til dine specifikke behov, s\u00e5 du f\u00e5r skr\u00e6ddersyet beskyttelse af h\u00f8j kvalitet uden den h\u00f8je pris.<\/p>","protected":false},"featured_media":4079,"comment_status":"open","ping_status":"closed","template":"","meta":[],"product_brand":[],"product_cat":[63],"product_tag":[],"class_list":{"0":"post-4111","1":"product","2":"type-product","3":"status-publish","4":"has-post-thumbnail","6":"product_cat-corners","8":"first","9":"instock","10":"shipping-taxable","11":"product-type-simple"},"yoast_head":"<!-- This site is optimized with the Yoast SEO Premium plugin v27.1 (Yoast SEO v27.2) - https:\/\/yoast.com\/product\/yoast-seo-premium-wordpress\/ -->\n<title>Flight Case Ball Corners COA107 - https:\/\/sxflightcase.com \ud83d\udc97<\/title>\n<meta name=\"description\" content=\"Flight case ball corners, factory direct! Durable protection for case edges, preventing damage during transport. High-quality and reliable for long-lasting equipment safety.\" \/>\n<meta name=\"robots\" content=\"index, follow, max-snippet:-1, max-image-preview:large, max-video-preview:-1\" \/>\n<link rel=\"canonical\" href=\"https:\/\/sxflightcase.com\/da\/\u4ea7\u54c1\/\u98de\u884c\u7bb1\u7403\u89d2-coa107\/\" \/>\n<meta property=\"og:locale\" content=\"da_DK\" \/>\n<meta property=\"og:type\" content=\"article\" \/>\n<meta property=\"og:title\" content=\"Flight Case Ball Corners COA107\" \/>\n<meta property=\"og:description\" content=\"Flight case ball corners, factory direct! Durable protection for case edges, preventing damage during transport. High-quality and reliable for long-lasting equipment safety.\" \/>\n<meta property=\"og:url\" content=\"https:\/\/sxflightcase.com\/da\/\u4ea7\u54c1\/\u98de\u884c\u7bb1\u7403\u89d2-coa107\/\" \/>\n<meta property=\"og:site_name\" content=\"https:\/\/sxflightcase.com\" \/>\n<meta property=\"article:publisher\" content=\"https:\/\/www.facebook.com\/profile.php?id=61560407257971\" \/>\n<meta property=\"article:modified_time\" content=\"2024-08-14T08:34:11+00:00\" \/>\n<meta property=\"og:image\" content=\"https:\/\/sxflightcase.com\/wp-content\/uploads\/2024\/08\/COA107.jpg\" \/>\n\t<meta property=\"og:image:width\" content=\"520\" \/>\n\t<meta property=\"og:image:height\" content=\"520\" \/>\n\t<meta property=\"og:image:type\" content=\"image\/jpeg\" \/>\n<meta name=\"twitter:card\" content=\"summary_large_image\" \/>\n<meta name=\"twitter:label1\" content=\"Estimeret l\u00e6setid\" \/>\n\t<meta name=\"twitter:data1\" content=\"3 minutter\" \/>\n<script type=\"application\/ld+json\" class=\"yoast-schema-graph\">{\"@context\":\"https:\/\/schema.org\",\"@graph\":[{\"@type\":\"WebPage\",\"@id\":\"https:\/\/sxflightcase.com\/zh\/\u4ea7\u54c1\/\u98de\u884c\u7bb1\u7403\u89d2-coa107\/\",\"url\":\"https:\/\/sxflightcase.com\/zh\/\u4ea7\u54c1\/\u98de\u884c\u7bb1\u7403\u89d2-coa107\/\",\"name\":\"Flight Case Ball Corners COA107 - https:\/\/sxflightcase.com \ud83d\udc97\",\"isPartOf\":{\"@id\":\"https:\/\/sxflightcase.com\/th\/#website\"},\"primaryImageOfPage\":{\"@id\":\"https:\/\/sxflightcase.com\/zh\/\u4ea7\u54c1\/\u98de\u884c\u7bb1\u7403\u89d2-coa107\/#primaryimage\"},\"image\":{\"@id\":\"https:\/\/sxflightcase.com\/zh\/\u4ea7\u54c1\/\u98de\u884c\u7bb1\u7403\u89d2-coa107\/#primaryimage\"},\"thumbnailUrl\":\"https:\/\/sxflightcase.com\/wp-content\/uploads\/2024\/08\/COA107.jpg\",\"datePublished\":\"2024-08-14T08:34:10+00:00\",\"dateModified\":\"2024-08-14T08:34:11+00:00\",\"description\":\"Flight case ball corners, factory direct! Durable protection for case edges, preventing damage during transport. High-quality and reliable for long-lasting equipment safety.\",\"breadcrumb\":{\"@id\":\"https:\/\/sxflightcase.com\/zh\/\u4ea7\u54c1\/\u98de\u884c\u7bb1\u7403\u89d2-coa107\/#breadcrumb\"},\"inLanguage\":\"da-DK\",\"potentialAction\":[{\"@type\":\"ReadAction\",\"target\":[\"https:\/\/sxflightcase.com\/zh\/\u4ea7\u54c1\/\u98de\u884c\u7bb1\u7403\u89d2-coa107\/\"]}]},{\"@type\":\"ImageObject\",\"inLanguage\":\"da-DK\",\"@id\":\"https:\/\/sxflightcase.com\/zh\/\u4ea7\u54c1\/\u98de\u884c\u7bb1\u7403\u89d2-coa107\/#primaryimage\",\"url\":\"https:\/\/sxflightcase.com\/wp-content\/uploads\/2024\/08\/COA107.jpg\",\"contentUrl\":\"https:\/\/sxflightcase.com\/wp-content\/uploads\/2024\/08\/COA107.jpg\",\"width\":520,\"height\":520,\"caption\":\"Flight Case Ball Corners\"},{\"@type\":\"BreadcrumbList\",\"@id\":\"https:\/\/sxflightcase.com\/zh\/\u4ea7\u54c1\/\u98de\u884c\u7bb1\u7403\u89d2-coa107\/#breadcrumb\",\"itemListElement\":[{\"@type\":\"ListItem\",\"position\":1,\"name\":\"Home\",\"item\":\"https:\/\/sxflightcase.com\/\"},{\"@type\":\"ListItem\",\"position\":2,\"name\":\"\u0e2a\u0e34\u0e19\u0e04\u0e49\u0e32\",\"item\":\"https:\/\/sxflightcase.com\/th\/shop\/\"},{\"@type\":\"ListItem\",\"position\":3,\"name\":\"Flight Case Ball Corners COA107\"}]},{\"@type\":\"WebSite\",\"@id\":\"https:\/\/sxflightcase.com\/th\/#website\",\"url\":\"https:\/\/sxflightcase.com\/th\/\",\"name\":\"sxpowercase.com\",\"description\":\"Flight Case Factory\",\"publisher\":{\"@id\":\"https:\/\/sxflightcase.com\/th\/#organization\"},\"potentialAction\":[{\"@type\":\"SearchAction\",\"target\":{\"@type\":\"EntryPoint\",\"urlTemplate\":\"https:\/\/sxflightcase.com\/th\/?s={search_term_string}\"},\"query-input\":{\"@type\":\"PropertyValueSpecification\",\"valueRequired\":true,\"valueName\":\"search_term_string\"}}],\"inLanguage\":\"da-DK\"},{\"@type\":\"Organization\",\"@id\":\"https:\/\/sxflightcase.com\/th\/#organization\",\"name\":\"sxpowercase.com\",\"url\":\"https:\/\/sxflightcase.com\/th\/\",\"logo\":{\"@type\":\"ImageObject\",\"inLanguage\":\"da-DK\",\"@id\":\"https:\/\/sxflightcase.com\/th\/#\/schema\/logo\/image\/\",\"url\":\"https:\/\/sxflightcase.com\/wp-content\/uploads\/2024\/04\/1713919036007.jpg\",\"contentUrl\":\"https:\/\/sxflightcase.com\/wp-content\/uploads\/2024\/04\/1713919036007.jpg\",\"width\":382,\"height\":388,\"caption\":\"sxpowercase.com\"},\"image\":{\"@id\":\"https:\/\/sxflightcase.com\/th\/#\/schema\/logo\/image\/\"},\"sameAs\":[\"https:\/\/www.facebook.com\/profile.php?id=61560407257971\"],\"numberOfEmployees\":{\"@type\":\"QuantitativeValue\",\"minValue\":\"11\",\"maxValue\":\"50\"}}]}<\/script>\n<!-- \/ Yoast SEO Premium plugin. -->","yoast_head_json":{"title":"Flight Case Ball Corners COA107 - https:\/\/sxflightcase.com \ud83d\udc97","description":"Flightcase-kuglehj\u00f8rner, direkte fra fabrikken! Holdbar beskyttelse af kuffertens kanter for at forhindre skader under transport. H\u00f8j kvalitet og p\u00e5lidelig for langvarig udstyrssikkerhed.","robots":{"index":"index","follow":"follow","max-snippet":"max-snippet:-1","max-image-preview":"max-image-preview:large","max-video-preview":"max-video-preview:-1"},"canonical":"https:\/\/sxflightcase.com\/da\/\u4ea7\u54c1\/\u98de\u884c\u7bb1\u7403\u89d2-coa107\/","og_locale":"da_DK","og_type":"article","og_title":"Flight Case Ball Corners COA107","og_description":"Flight case ball corners, factory direct! Durable protection for case edges, preventing damage during transport. High-quality and reliable for long-lasting equipment safety.","og_url":"https:\/\/sxflightcase.com\/da\/\u4ea7\u54c1\/\u98de\u884c\u7bb1\u7403\u89d2-coa107\/","og_site_name":"https:\/\/sxflightcase.com","article_publisher":"https:\/\/www.facebook.com\/profile.php?id=61560407257971","article_modified_time":"2024-08-14T08:34:11+00:00","og_image":[{"width":520,"height":520,"url":"https:\/\/sxflightcase.com\/wp-content\/uploads\/2024\/08\/COA107.jpg","type":"image\/jpeg"}],"twitter_card":"summary_large_image","twitter_misc":{"Estimeret l\u00e6setid":"3 minutter"},"schema":{"@context":"https:\/\/schema.org","@graph":[{"@type":"WebPage","@id":"https:\/\/sxflightcase.com\/zh\/\u4ea7\u54c1\/\u98de\u884c\u7bb1\u7403\u89d2-coa107\/","url":"https:\/\/sxflightcase.com\/zh\/\u4ea7\u54c1\/\u98de\u884c\u7bb1\u7403\u89d2-coa107\/","name":"Flight Case Ball Corners COA107 - https:\/\/sxflightcase.com \ud83d\udc97","isPartOf":{"@id":"https:\/\/sxflightcase.com\/th\/#website"},"primaryImageOfPage":{"@id":"https:\/\/sxflightcase.com\/zh\/\u4ea7\u54c1\/\u98de\u884c\u7bb1\u7403\u89d2-coa107\/#primaryimage"},"image":{"@id":"https:\/\/sxflightcase.com\/zh\/\u4ea7\u54c1\/\u98de\u884c\u7bb1\u7403\u89d2-coa107\/#primaryimage"},"thumbnailUrl":"https:\/\/sxflightcase.com\/wp-content\/uploads\/2024\/08\/COA107.jpg","datePublished":"2024-08-14T08:34:10+00:00","dateModified":"2024-08-14T08:34:11+00:00","description":"Flightcase-kuglehj\u00f8rner, direkte fra fabrikken! Holdbar beskyttelse af kuffertens kanter for at forhindre skader under transport. H\u00f8j kvalitet og p\u00e5lidelig for langvarig udstyrssikkerhed.","breadcrumb":{"@id":"https:\/\/sxflightcase.com\/zh\/\u4ea7\u54c1\/\u98de\u884c\u7bb1\u7403\u89d2-coa107\/#breadcrumb"},"inLanguage":"da-DK","potentialAction":[{"@type":"ReadAction","target":["https:\/\/sxflightcase.com\/zh\/\u4ea7\u54c1\/\u98de\u884c\u7bb1\u7403\u89d2-coa107\/"]}]},{"@type":"ImageObject","inLanguage":"da-DK","@id":"https:\/\/sxflightcase.com\/zh\/\u4ea7\u54c1\/\u98de\u884c\u7bb1\u7403\u89d2-coa107\/#primaryimage","url":"https:\/\/sxflightcase.com\/wp-content\/uploads\/2024\/08\/COA107.jpg","contentUrl":"https:\/\/sxflightcase.com\/wp-content\/uploads\/2024\/08\/COA107.jpg","width":520,"height":520,"caption":"Flight Case Ball Corners"},{"@type":"BreadcrumbList","@id":"https:\/\/sxflightcase.com\/zh\/\u4ea7\u54c1\/\u98de\u884c\u7bb1\u7403\u89d2-coa107\/#breadcrumb","itemListElement":[{"@type":"ListItem","position":1,"name":"Home","item":"https:\/\/sxflightcase.com\/"},{"@type":"ListItem","position":2,"name":"\u0e2a\u0e34\u0e19\u0e04\u0e49\u0e32","item":"https:\/\/sxflightcase.com\/th\/shop\/"},{"@type":"ListItem","position":3,"name":"Flight Case Ball Corners COA107"}]},{"@type":"WebSite","@id":"https:\/\/sxflightcase.com\/th\/#website","url":"https:\/\/sxflightcase.com\/th\/","name":"sxpowercase.com","description":"Flight Case Factory","publisher":{"@id":"https:\/\/sxflightcase.com\/th\/#organization"},"potentialAction":[{"@type":"SearchAction","target":{"@type":"EntryPoint","urlTemplate":"https:\/\/sxflightcase.com\/th\/?s={search_term_string}"},"query-input":{"@type":"PropertyValueSpecification","valueRequired":true,"valueName":"search_term_string"}}],"inLanguage":"da-DK"},{"@type":"Organization","@id":"https:\/\/sxflightcase.com\/th\/#organization","name":"sxpowercase.com","url":"https:\/\/sxflightcase.com\/th\/","logo":{"@type":"ImageObject","inLanguage":"da-DK","@id":"https:\/\/sxflightcase.com\/th\/#\/schema\/logo\/image\/","url":"https:\/\/sxflightcase.com\/wp-content\/uploads\/2024\/04\/1713919036007.jpg","contentUrl":"https:\/\/sxflightcase.com\/wp-content\/uploads\/2024\/04\/1713919036007.jpg","width":382,"height":388,"caption":"sxpowercase.com"},"image":{"@id":"https:\/\/sxflightcase.com\/th\/#\/schema\/logo\/image\/"},"sameAs":["https:\/\/www.facebook.com\/profile.php?id=61560407257971"],"numberOfEmployees":{"@type":"QuantitativeValue","minValue":"11","maxValue":"50"}}]}},"_links":{"self":[{"href":"https:\/\/sxflightcase.com\/da\/wp-json\/wp\/v2\/product\/4111","targetHints":{"allow":["GET"]}}],"collection":[{"href":"https:\/\/sxflightcase.com\/da\/wp-json\/wp\/v2\/product"}],"about":[{"href":"https:\/\/sxflightcase.com\/da\/wp-json\/wp\/v2\/types\/product"}],"replies":[{"embeddable":true,"href":"https:\/\/sxflightcase.com\/da\/wp-json\/wp\/v2\/comments?post=4111"}],"version-history":[{"count":0,"href":"https:\/\/sxflightcase.com\/da\/wp-json\/wp\/v2\/product\/4111\/revisions"}],"wp:featuredmedia":[{"embeddable":true,"href":"https:\/\/sxflightcase.com\/da\/wp-json\/wp\/v2\/media\/4079"}],"wp:attachment":[{"href":"https:\/\/sxflightcase.com\/da\/wp-json\/wp\/v2\/media?parent=4111"}],"wp:term":[{"taxonomy":"product_brand","embeddable":true,"href":"https:\/\/sxflightcase.com\/da\/wp-json\/wp\/v2\/product_brand?post=4111"},{"taxonomy":"product_cat","embeddable":true,"href":"https:\/\/sxflightcase.com\/da\/wp-json\/wp\/v2\/product_cat?post=4111"},{"taxonomy":"product_tag","embeddable":true,"href":"https:\/\/sxflightcase.com\/da\/wp-json\/wp\/v2\/product_tag?post=4111"}],"curies":[{"name":"wp","href":"https:\/\/api.w.org\/{rel}","templated":true}]}}