{"id":4133,"date":"2024-08-16T08:34:13","date_gmt":"2024-08-16T07:34:13","guid":{"rendered":"https:\/\/sxpowercase.com\/?post_type=product&#038;p=4133"},"modified":"2024-08-16T08:34:14","modified_gmt":"2024-08-16T07:34:14","slug":"flight-case-corner-protectors-coa203","status":"publish","type":"product","link":"https:\/\/sxflightcase.com\/da\/vare\/hjornebeskyttere-til-flightcase-coa203\/","title":{"rendered":"Flight Case Corner Protectors COA203"},"content":{"rendered":"<h3>Holdbare hj\u00f8rnebeskyttere til flykufferter fra SX<\/h3>\n<h4>\u00d8g udstyrets sikkerhed med p\u00e5lidelig beskyttelse<\/h4>\n<p>N\u00e5r det drejer sig om at beskytte dit v\u00e6rdifulde udstyr, er kvalitet vigtig. SX <strong>Hj\u00f8rnebeskyttere til flightcase<\/strong> er designet til at give dine tasker den holdbare beskyttelse, de har brug for under transport og opbevaring. Disse hj\u00f8rnebeskyttere er fremstillet af materialer af h\u00f8j kvalitet og sikrer, at dit udstyr er beskyttet mod st\u00f8d, fald og barske forhold. Med SX's direkte fabrikspriser kan du investere i f\u00f8rsteklasses beskyttelse til en overraskende lav pris.<\/p>\n<h4>Bygget til h\u00e5rdf\u00f8r ydeevne<\/h4>\n<p><a href=\"https:\/\/sxpowercase.com\/\" target=\"_blank\" rel=\"noopener\" title=\"SX\" data-wpil-monitor-id=\"669\">SX<\/a> <strong>Hj\u00f8rnebeskyttere til flightcase<\/strong> er konstrueret til at h\u00e5ndtere kr\u00e6vende milj\u00f8er, hvilket g\u00f8r dem ideelle til professionelle p\u00e5 farten. Fra turnerende musikere til audiovisuelle teknikere leverer vores beskyttere konsekvent og p\u00e5lidelig beskyttelse. Disse beskyttere er fremstillet efter strenge standarder og tilbyder kvalitet, du kan stole p\u00e5 - uden at dine omkostninger stiger.<\/p>\n<h4>Nem installation til alsidig brug<\/h4>\n<p>Vores <strong>Hj\u00f8rnebeskyttere til flightcase<\/strong> er designet til problemfri installation og passer problemfrit til forskellige typer af kabinetter. Uanset om du opgraderer dine nuv\u00e6rende flightcases eller monterer nye, giver SX's beskyttere den perfekte pasform. Med pr\u00e6cisionsdesign og h\u00f8j holdbarhed kan du regne med, at de forbedrer b\u00e5de funktion og udseende p\u00e5 dine kabinetter.<\/p>\n<h4>Prisbillige, tilpassede l\u00f8sninger<\/h4>\n<p>Hos SX forst\u00e5r vi, at forskellige sager har forskellige behov. Det er derfor, vi tilbyder en r\u00e6kke tilpassede <strong>Hj\u00f8rnebeskyttere til flightcase<\/strong> til at matche dine specifikke krav. Med muligheder for st\u00f8rrelse, form og finish kan du skr\u00e6ddersy dine hj\u00f8rnebeskyttere, s\u00e5 de passer perfekt til dit udstyr. Vores tilgang direkte fra fabrikken sikrer, at disse l\u00f8sninger er tilg\u00e6ngelige til priser, der passer til dit budget.<\/p>\n<h4>P\u00e5lidelig kvalitet, garanteret<\/h4>\n<p>N\u00e5r du v\u00e6lger SX <strong>Hj\u00f8rnebeskyttere til flightcase<\/strong>investerer du i kvalitet, der er bygget til at holde. Vi kombinerer avancerede produktionsteknikker med strenge kvalitetskontroller for at sikre, at vores produkter lever op til de h\u00f8jeste standarder. Du f\u00e5r ro i sindet, fordi dine kufferter forbliver beskyttede, og med vores konkurrencedygtige priser beh\u00f8ver du ikke at bruge for mange penge.<\/p>\n<h4>Den professionelles valg<\/h4>\n<p>Professionelle i alle brancher stoler p\u00e5 SX, n\u00e5r det g\u00e6lder p\u00e5lidelig og omkostningseffektiv beskyttelse. Vores <strong>Hj\u00f8rnebeskytter til flightcase<\/strong>\u00a0bruges af eventfolk, logistikteams og produktionsfolk over hele verden. Med SX v\u00e6lger du et m\u00e6rke, der er kendt for kvalitet, holdbarhed og uovertruffen v\u00e6rdi.<\/p>\n<h4>Kontakt SX for at f\u00e5 de bedste tilbud<\/h4>\n<p>Leder du efter holdbare og prisvenlige <strong>Hj\u00f8rnebeskytter til flightcase<\/strong>? Kontakt SX i dag for at udforske vores udvalg af produkter. Som et betroet navn inden for flightcase-hardware er SX din foretrukne kilde til l\u00f8sninger, der holder dit udstyr sikkert, samtidig med at du holder dig inden for budgettet.<\/p>\n<p>Kontakt nu:<span style=\"color: #0000ff;\"><a style=\"color: #0000ff;\" href=\"https:\/\/sxpowercase.com\/contact-us\/\">https:\/\/sxpowercase.com\/<\/a><\/span><\/p>\n<p>Hardware produktkatalog:<span style=\"color: #3366ff;\"><a style=\"color: #3366ff;\" href=\"https:\/\/sxpowercase.com\/wp-content\/uploads\/2024\/07\/\u4e94\u91d1.pdf\">Hardware tilbeh\u00f8r katalog<\/a><\/span><\/p>","protected":false},"excerpt":{"rendered":"<h3>SX Flight Case-hj\u00f8rnebeskyttere: F\u00f8rsteklasses beskyttelse af udstyr<\/h3>\n<p>Hold dit udstyr sikkert med SX's holdbare Flight Case Corner Protectors. De er fremstillet af materialer af h\u00f8j kvalitet og giver slagfasthed og p\u00e5lidelig beskyttelse under transport til direkte fabrikspriser.<\/p>\n<h3>Kraftig, nem at installere<\/h3>\n<p>SX Corner Protectors er bygget til kr\u00e6vende milj\u00f8er og tilbyder hurtig installation til alle typer kabinetter. De leverer b\u00e5de robust ydeevne og en elegant finish til dine kabinetter.<\/p>\n<h3>Tilpassede og overkommelige l\u00f8sninger<\/h3>\n<p>Skr\u00e6ddersy SX Flight Case Corner Protectors til dine behov med mulighed for at tilpasse st\u00f8rrelse og finish. Nyd f\u00f8rsteklasses beskyttelse uden at spr\u00e6nge budgettet, som professionelle over hele verden har tillid til.<\/p>","protected":false},"featured_media":4085,"comment_status":"open","ping_status":"closed","template":"","meta":[],"product_brand":[],"product_cat":[63],"product_tag":[],"class_list":{"0":"post-4133","1":"product","2":"type-product","3":"status-publish","4":"has-post-thumbnail","6":"product_cat-corners","8":"first","9":"instock","10":"shipping-taxable","11":"product-type-simple"},"yoast_head":"<!-- This site is optimized with the Yoast SEO Premium plugin v27.1 (Yoast SEO v27.2) - https:\/\/yoast.com\/product\/yoast-seo-premium-wordpress\/ -->\n<title>Flight Case Corner Protectors COA203 - https:\/\/sxflightcase.com \ud83d\udc97<\/title>\n<meta name=\"description\" content=\"Flight case corner protectors, factory direct! Durable and high-quality edge protection for flight cases, ensuring reliable equipment safety during transport. Ideal for long-lasting use.\" \/>\n<meta name=\"robots\" content=\"index, follow, max-snippet:-1, max-image-preview:large, max-video-preview:-1\" \/>\n<link rel=\"canonical\" href=\"https:\/\/sxflightcase.com\/da\/\uc81c\ud488\/\ud50c\ub77c\uc774\ud2b8-\ucf00\uc774\uc2a4-\ucf54\ub108-\ud504\ub85c\ud14d\ud130-coa203-2\/\" \/>\n<meta property=\"og:locale\" content=\"da_DK\" \/>\n<meta property=\"og:type\" content=\"article\" \/>\n<meta property=\"og:title\" content=\"Flight Case Corner Protectors COA203\" \/>\n<meta property=\"og:description\" content=\"Flight case corner protectors, factory direct! Durable and high-quality edge protection for flight cases, ensuring reliable equipment safety during transport. Ideal for long-lasting use.\" \/>\n<meta property=\"og:url\" content=\"https:\/\/sxflightcase.com\/da\/\uc81c\ud488\/\ud50c\ub77c\uc774\ud2b8-\ucf00\uc774\uc2a4-\ucf54\ub108-\ud504\ub85c\ud14d\ud130-coa203-2\/\" \/>\n<meta property=\"og:site_name\" content=\"https:\/\/sxflightcase.com\" \/>\n<meta property=\"article:publisher\" content=\"https:\/\/www.facebook.com\/profile.php?id=61560407257971\" \/>\n<meta property=\"article:modified_time\" content=\"2024-08-16T07:34:14+00:00\" \/>\n<meta property=\"og:image\" content=\"https:\/\/sxflightcase.com\/wp-content\/uploads\/2024\/08\/COA203.jpg\" \/>\n\t<meta property=\"og:image:width\" content=\"489\" \/>\n\t<meta property=\"og:image:height\" content=\"480\" \/>\n\t<meta property=\"og:image:type\" content=\"image\/jpeg\" \/>\n<meta name=\"twitter:card\" content=\"summary_large_image\" \/>\n<meta name=\"twitter:label1\" content=\"Estimeret l\u00e6setid\" \/>\n\t<meta name=\"twitter:data1\" content=\"3 minutter\" \/>\n<script type=\"application\/ld+json\" class=\"yoast-schema-graph\">{\"@context\":\"https:\/\/schema.org\",\"@graph\":[{\"@type\":\"WebPage\",\"@id\":\"https:\/\/sxflightcase.com\/ko\/\uc81c\ud488\/\ud50c\ub77c\uc774\ud2b8-\ucf00\uc774\uc2a4-\ucf54\ub108-\ud504\ub85c\ud14d\ud130-coa203-2\/\",\"url\":\"https:\/\/sxflightcase.com\/ko\/\uc81c\ud488\/\ud50c\ub77c\uc774\ud2b8-\ucf00\uc774\uc2a4-\ucf54\ub108-\ud504\ub85c\ud14d\ud130-coa203-2\/\",\"name\":\"Flight Case Corner Protectors COA203 - https:\/\/sxflightcase.com \ud83d\udc97\",\"isPartOf\":{\"@id\":\"https:\/\/sxflightcase.com\/th\/#website\"},\"primaryImageOfPage\":{\"@id\":\"https:\/\/sxflightcase.com\/ko\/\uc81c\ud488\/\ud50c\ub77c\uc774\ud2b8-\ucf00\uc774\uc2a4-\ucf54\ub108-\ud504\ub85c\ud14d\ud130-coa203-2\/#primaryimage\"},\"image\":{\"@id\":\"https:\/\/sxflightcase.com\/ko\/\uc81c\ud488\/\ud50c\ub77c\uc774\ud2b8-\ucf00\uc774\uc2a4-\ucf54\ub108-\ud504\ub85c\ud14d\ud130-coa203-2\/#primaryimage\"},\"thumbnailUrl\":\"https:\/\/sxflightcase.com\/wp-content\/uploads\/2024\/08\/COA203.jpg\",\"datePublished\":\"2024-08-16T07:34:13+00:00\",\"dateModified\":\"2024-08-16T07:34:14+00:00\",\"description\":\"Flight case corner protectors, factory direct! Durable and high-quality edge protection for flight cases, ensuring reliable equipment safety during transport. Ideal for long-lasting use.\",\"breadcrumb\":{\"@id\":\"https:\/\/sxflightcase.com\/ko\/\uc81c\ud488\/\ud50c\ub77c\uc774\ud2b8-\ucf00\uc774\uc2a4-\ucf54\ub108-\ud504\ub85c\ud14d\ud130-coa203-2\/#breadcrumb\"},\"inLanguage\":\"da-DK\",\"potentialAction\":[{\"@type\":\"ReadAction\",\"target\":[\"https:\/\/sxflightcase.com\/ko\/\uc81c\ud488\/\ud50c\ub77c\uc774\ud2b8-\ucf00\uc774\uc2a4-\ucf54\ub108-\ud504\ub85c\ud14d\ud130-coa203-2\/\"]}]},{\"@type\":\"ImageObject\",\"inLanguage\":\"da-DK\",\"@id\":\"https:\/\/sxflightcase.com\/ko\/\uc81c\ud488\/\ud50c\ub77c\uc774\ud2b8-\ucf00\uc774\uc2a4-\ucf54\ub108-\ud504\ub85c\ud14d\ud130-coa203-2\/#primaryimage\",\"url\":\"https:\/\/sxflightcase.com\/wp-content\/uploads\/2024\/08\/COA203.jpg\",\"contentUrl\":\"https:\/\/sxflightcase.com\/wp-content\/uploads\/2024\/08\/COA203.jpg\",\"width\":489,\"height\":480,\"caption\":\"Flight Case Corner Protectors\"},{\"@type\":\"BreadcrumbList\",\"@id\":\"https:\/\/sxflightcase.com\/ko\/\uc81c\ud488\/\ud50c\ub77c\uc774\ud2b8-\ucf00\uc774\uc2a4-\ucf54\ub108-\ud504\ub85c\ud14d\ud130-coa203-2\/#breadcrumb\",\"itemListElement\":[{\"@type\":\"ListItem\",\"position\":1,\"name\":\"Home\",\"item\":\"https:\/\/sxflightcase.com\/\"},{\"@type\":\"ListItem\",\"position\":2,\"name\":\"\u0e2a\u0e34\u0e19\u0e04\u0e49\u0e32\",\"item\":\"https:\/\/sxflightcase.com\/th\/shop\/\"},{\"@type\":\"ListItem\",\"position\":3,\"name\":\"Flight Case Corner Protectors COA203\"}]},{\"@type\":\"WebSite\",\"@id\":\"https:\/\/sxflightcase.com\/th\/#website\",\"url\":\"https:\/\/sxflightcase.com\/th\/\",\"name\":\"sxpowercase.com\",\"description\":\"Flight Case Factory\",\"publisher\":{\"@id\":\"https:\/\/sxflightcase.com\/th\/#organization\"},\"potentialAction\":[{\"@type\":\"SearchAction\",\"target\":{\"@type\":\"EntryPoint\",\"urlTemplate\":\"https:\/\/sxflightcase.com\/th\/?s={search_term_string}\"},\"query-input\":{\"@type\":\"PropertyValueSpecification\",\"valueRequired\":true,\"valueName\":\"search_term_string\"}}],\"inLanguage\":\"da-DK\"},{\"@type\":\"Organization\",\"@id\":\"https:\/\/sxflightcase.com\/th\/#organization\",\"name\":\"sxpowercase.com\",\"url\":\"https:\/\/sxflightcase.com\/th\/\",\"logo\":{\"@type\":\"ImageObject\",\"inLanguage\":\"da-DK\",\"@id\":\"https:\/\/sxflightcase.com\/th\/#\/schema\/logo\/image\/\",\"url\":\"https:\/\/sxflightcase.com\/wp-content\/uploads\/2024\/04\/1713919036007.jpg\",\"contentUrl\":\"https:\/\/sxflightcase.com\/wp-content\/uploads\/2024\/04\/1713919036007.jpg\",\"width\":382,\"height\":388,\"caption\":\"sxpowercase.com\"},\"image\":{\"@id\":\"https:\/\/sxflightcase.com\/th\/#\/schema\/logo\/image\/\"},\"sameAs\":[\"https:\/\/www.facebook.com\/profile.php?id=61560407257971\"],\"numberOfEmployees\":{\"@type\":\"QuantitativeValue\",\"minValue\":\"11\",\"maxValue\":\"50\"}}]}<\/script>\n<!-- \/ Yoast SEO Premium plugin. -->","yoast_head_json":{"title":"Flight Case Corner Protectors COA203 - https:\/\/sxflightcase.com \ud83d\udc97","description":"Hj\u00f8rnebeskyttere til flightcases, direkte fra fabrikken! Holdbar kantbeskyttelse af h\u00f8j kvalitet til flightcases, der sikrer p\u00e5lidelig udstyrssikkerhed under transport. Ideel til langvarig brug.","robots":{"index":"index","follow":"follow","max-snippet":"max-snippet:-1","max-image-preview":"max-image-preview:large","max-video-preview":"max-video-preview:-1"},"canonical":"https:\/\/sxflightcase.com\/da\/\uc81c\ud488\/\ud50c\ub77c\uc774\ud2b8-\ucf00\uc774\uc2a4-\ucf54\ub108-\ud504\ub85c\ud14d\ud130-coa203-2\/","og_locale":"da_DK","og_type":"article","og_title":"Flight Case Corner Protectors COA203","og_description":"Flight case corner protectors, factory direct! Durable and high-quality edge protection for flight cases, ensuring reliable equipment safety during transport. Ideal for long-lasting use.","og_url":"https:\/\/sxflightcase.com\/da\/\uc81c\ud488\/\ud50c\ub77c\uc774\ud2b8-\ucf00\uc774\uc2a4-\ucf54\ub108-\ud504\ub85c\ud14d\ud130-coa203-2\/","og_site_name":"https:\/\/sxflightcase.com","article_publisher":"https:\/\/www.facebook.com\/profile.php?id=61560407257971","article_modified_time":"2024-08-16T07:34:14+00:00","og_image":[{"width":489,"height":480,"url":"https:\/\/sxflightcase.com\/wp-content\/uploads\/2024\/08\/COA203.jpg","type":"image\/jpeg"}],"twitter_card":"summary_large_image","twitter_misc":{"Estimeret l\u00e6setid":"3 minutter"},"schema":{"@context":"https:\/\/schema.org","@graph":[{"@type":"WebPage","@id":"https:\/\/sxflightcase.com\/ko\/\uc81c\ud488\/\ud50c\ub77c\uc774\ud2b8-\ucf00\uc774\uc2a4-\ucf54\ub108-\ud504\ub85c\ud14d\ud130-coa203-2\/","url":"https:\/\/sxflightcase.com\/ko\/\uc81c\ud488\/\ud50c\ub77c\uc774\ud2b8-\ucf00\uc774\uc2a4-\ucf54\ub108-\ud504\ub85c\ud14d\ud130-coa203-2\/","name":"Flight Case Corner Protectors COA203 - https:\/\/sxflightcase.com \ud83d\udc97","isPartOf":{"@id":"https:\/\/sxflightcase.com\/th\/#website"},"primaryImageOfPage":{"@id":"https:\/\/sxflightcase.com\/ko\/\uc81c\ud488\/\ud50c\ub77c\uc774\ud2b8-\ucf00\uc774\uc2a4-\ucf54\ub108-\ud504\ub85c\ud14d\ud130-coa203-2\/#primaryimage"},"image":{"@id":"https:\/\/sxflightcase.com\/ko\/\uc81c\ud488\/\ud50c\ub77c\uc774\ud2b8-\ucf00\uc774\uc2a4-\ucf54\ub108-\ud504\ub85c\ud14d\ud130-coa203-2\/#primaryimage"},"thumbnailUrl":"https:\/\/sxflightcase.com\/wp-content\/uploads\/2024\/08\/COA203.jpg","datePublished":"2024-08-16T07:34:13+00:00","dateModified":"2024-08-16T07:34:14+00:00","description":"Hj\u00f8rnebeskyttere til flightcases, direkte fra fabrikken! Holdbar kantbeskyttelse af h\u00f8j kvalitet til flightcases, der sikrer p\u00e5lidelig udstyrssikkerhed under transport. Ideel til langvarig brug.","breadcrumb":{"@id":"https:\/\/sxflightcase.com\/ko\/\uc81c\ud488\/\ud50c\ub77c\uc774\ud2b8-\ucf00\uc774\uc2a4-\ucf54\ub108-\ud504\ub85c\ud14d\ud130-coa203-2\/#breadcrumb"},"inLanguage":"da-DK","potentialAction":[{"@type":"ReadAction","target":["https:\/\/sxflightcase.com\/ko\/\uc81c\ud488\/\ud50c\ub77c\uc774\ud2b8-\ucf00\uc774\uc2a4-\ucf54\ub108-\ud504\ub85c\ud14d\ud130-coa203-2\/"]}]},{"@type":"ImageObject","inLanguage":"da-DK","@id":"https:\/\/sxflightcase.com\/ko\/\uc81c\ud488\/\ud50c\ub77c\uc774\ud2b8-\ucf00\uc774\uc2a4-\ucf54\ub108-\ud504\ub85c\ud14d\ud130-coa203-2\/#primaryimage","url":"https:\/\/sxflightcase.com\/wp-content\/uploads\/2024\/08\/COA203.jpg","contentUrl":"https:\/\/sxflightcase.com\/wp-content\/uploads\/2024\/08\/COA203.jpg","width":489,"height":480,"caption":"Flight Case Corner Protectors"},{"@type":"BreadcrumbList","@id":"https:\/\/sxflightcase.com\/ko\/\uc81c\ud488\/\ud50c\ub77c\uc774\ud2b8-\ucf00\uc774\uc2a4-\ucf54\ub108-\ud504\ub85c\ud14d\ud130-coa203-2\/#breadcrumb","itemListElement":[{"@type":"ListItem","position":1,"name":"Home","item":"https:\/\/sxflightcase.com\/"},{"@type":"ListItem","position":2,"name":"\u0e2a\u0e34\u0e19\u0e04\u0e49\u0e32","item":"https:\/\/sxflightcase.com\/th\/shop\/"},{"@type":"ListItem","position":3,"name":"Flight Case Corner Protectors COA203"}]},{"@type":"WebSite","@id":"https:\/\/sxflightcase.com\/th\/#website","url":"https:\/\/sxflightcase.com\/th\/","name":"sxpowercase.com","description":"Flight Case Factory","publisher":{"@id":"https:\/\/sxflightcase.com\/th\/#organization"},"potentialAction":[{"@type":"SearchAction","target":{"@type":"EntryPoint","urlTemplate":"https:\/\/sxflightcase.com\/th\/?s={search_term_string}"},"query-input":{"@type":"PropertyValueSpecification","valueRequired":true,"valueName":"search_term_string"}}],"inLanguage":"da-DK"},{"@type":"Organization","@id":"https:\/\/sxflightcase.com\/th\/#organization","name":"sxpowercase.com","url":"https:\/\/sxflightcase.com\/th\/","logo":{"@type":"ImageObject","inLanguage":"da-DK","@id":"https:\/\/sxflightcase.com\/th\/#\/schema\/logo\/image\/","url":"https:\/\/sxflightcase.com\/wp-content\/uploads\/2024\/04\/1713919036007.jpg","contentUrl":"https:\/\/sxflightcase.com\/wp-content\/uploads\/2024\/04\/1713919036007.jpg","width":382,"height":388,"caption":"sxpowercase.com"},"image":{"@id":"https:\/\/sxflightcase.com\/th\/#\/schema\/logo\/image\/"},"sameAs":["https:\/\/www.facebook.com\/profile.php?id=61560407257971"],"numberOfEmployees":{"@type":"QuantitativeValue","minValue":"11","maxValue":"50"}}]}},"_links":{"self":[{"href":"https:\/\/sxflightcase.com\/da\/wp-json\/wp\/v2\/product\/4133","targetHints":{"allow":["GET"]}}],"collection":[{"href":"https:\/\/sxflightcase.com\/da\/wp-json\/wp\/v2\/product"}],"about":[{"href":"https:\/\/sxflightcase.com\/da\/wp-json\/wp\/v2\/types\/product"}],"replies":[{"embeddable":true,"href":"https:\/\/sxflightcase.com\/da\/wp-json\/wp\/v2\/comments?post=4133"}],"version-history":[{"count":0,"href":"https:\/\/sxflightcase.com\/da\/wp-json\/wp\/v2\/product\/4133\/revisions"}],"wp:featuredmedia":[{"embeddable":true,"href":"https:\/\/sxflightcase.com\/da\/wp-json\/wp\/v2\/media\/4085"}],"wp:attachment":[{"href":"https:\/\/sxflightcase.com\/da\/wp-json\/wp\/v2\/media?parent=4133"}],"wp:term":[{"taxonomy":"product_brand","embeddable":true,"href":"https:\/\/sxflightcase.com\/da\/wp-json\/wp\/v2\/product_brand?post=4133"},{"taxonomy":"product_cat","embeddable":true,"href":"https:\/\/sxflightcase.com\/da\/wp-json\/wp\/v2\/product_cat?post=4133"},{"taxonomy":"product_tag","embeddable":true,"href":"https:\/\/sxflightcase.com\/da\/wp-json\/wp\/v2\/product_tag?post=4133"}],"curies":[{"name":"wp","href":"https:\/\/api.w.org\/{rel}","templated":true}]}}