{"id":4136,"date":"2024-08-16T08:36:34","date_gmt":"2024-08-16T07:36:34","guid":{"rendered":"https:\/\/sxpowercase.com\/?post_type=product&#038;p=4136"},"modified":"2024-08-16T08:36:35","modified_gmt":"2024-08-16T07:36:35","slug":"flight-case-corner-protectors-coa204","status":"publish","type":"product","link":"https:\/\/sxflightcase.com\/da\/vare\/hjornebeskyttere-til-flightcase-coa204-2\/","title":{"rendered":"Flight Case Corner Protectors COA204"},"content":{"rendered":"<h3>Hj\u00f8rnebeskyttere til flykufferter af h\u00f8j kvalitet fra SX<\/h3>\n<h4>P\u00e5lidelig beskyttelse af dit udstyr<\/h4>\n<p>N\u00e5r man transporterer v\u00e6rdifuldt udstyr, er det afg\u00f8rende at have p\u00e5lidelig beskyttelse. SX <strong>Hj\u00f8rnebeskyttere til flightcase<\/strong> er designet til at give \u00f8get holdbarhed og sikkerhed til dine etuier. Disse hj\u00f8rnebeskyttere er fremstillet af h\u00f8jstyrkematerialer og giver et ekstra lag af beskyttelse mod fald, st\u00f8d og h\u00e5rdh\u00e6ndet h\u00e5ndtering. Ved at v\u00e6lge <a href=\"https:\/\/sxpowercase.com\/\" target=\"_blank\" rel=\"noopener\" title=\"SX\" data-wpil-monitor-id=\"670\">SX<\/a>f\u00e5r du direkte fabrikspriser, der ikke g\u00e5r p\u00e5 kompromis med kvaliteten.<\/p>\n<h4>Bygget til barske forhold<\/h4>\n<p>SX <strong>Hj\u00f8rnebeskyttere til flightcase<\/strong> er fremstillet til at modst\u00e5 h\u00e5rd brug i kr\u00e6vende omgivelser. Uanset om du er p\u00e5 farten med et band, der turnerer, eller om du st\u00e5r for ops\u00e6tningen af et arrangement, s\u00e5 s\u00f8rger disse beskyttere for, at dit udstyr forbliver sikkert. Vores beskyttere er designet til at opfylde professionelle standarder og kombinerer styrke med overkommelige priser, hvilket giver fremragende v\u00e6rdi for din investering.<\/p>\n<h4>Let at installere og alsidig<\/h4>\n<p>Vores <strong>Hj\u00f8rnebeskyttere til flightcase<\/strong> er nemme at installere og kompatible med en lang r\u00e6kke kabinetyper. Uanset om du opgraderer eksisterende kabinetter eller bygger nye, tilbyder SX alsidige l\u00f8sninger, der passer perfekt. Med pr\u00e6cisionsdesign forbedrer vores hj\u00f8rnebeskyttere b\u00e5de beskyttelsen og det overordnede udseende af dine kabinetter.<\/p>\n<h4>Kan tilpasses og er omkostningseffektiv<\/h4>\n<p>Hos SX ved vi, at \u00e9n st\u00f8rrelse ikke passer til alle. Det er derfor, vi tilbyder skr\u00e6ddersyede <strong>Hj\u00f8rnebeskyttere til flightcase<\/strong> til at matche dine unikke behov. Uanset om du har brug for specifikke st\u00f8rrelser, former eller finish, s\u00e5 har vi det - alt sammen til konkurrencedygtige priser. Ved at handle direkte med vores fabrik f\u00e5r du fordel af lave omkostninger uden at g\u00e5 p\u00e5 kompromis med kvaliteten.<\/p>\n<h4>Kvalitet, du kan stole p\u00e5<\/h4>\n<p>SX er forpligtet til at levere produkter, du kan stole p\u00e5. Vores <strong>Hj\u00f8rnebeskyttere til flightcase<\/strong> er fremstillet med omhyggelig opm\u00e6rksomhed p\u00e5 detaljer, hvilket sikrer ensartet ydeevne og holdbarhed. Grundige tests og kvalitetskontrol sikrer, at hvert eneste stykke lever op til de h\u00f8je standarder, som professionelle forventer. Med SX f\u00e5r du langtidsholdbar beskyttelse til en budgetvenlig pris.<\/p>\n<h4>Foretrukket af brancheeksperter<\/h4>\n<p>SX <strong>Hj\u00f8rnebeskytter til flightcase<\/strong>\u00a0er betroet af professionelle i forskellige brancher, fra event management til radio og tv. Vores produkter v\u00e6lges af dem, der kr\u00e6ver p\u00e5lidelighed og v\u00e6rdi i hver eneste komponent. Uanset om du har brug for bulkordrer eller specifik tilpasning, er SX din p\u00e5lidelige partner til alle behov for flightcase-hardware.<\/p>\n<h4>Kontakt SX for gode tilbud<\/h4>\n<p>For pr\u00e6mie <strong>Hj\u00f8rnebeskytter til flightcase<\/strong>\u00a0der ikke koster en formue, s\u00e5 henvend dig til SX. Vores brede udvalg af hardware er designet til at tilbyde f\u00f8rsteklasses beskyttelse til fabriksn\u00e6re priser. Kontakt os i dag for at finde ud af, hvordan SX kan hj\u00e6lpe med at holde dit udstyr trygt og sikkert, uanset hvor dit arbejde f\u00f8rer dig hen.<\/p>\n<p>Kontakt nu:<span style=\"color: #0000ff;\"><a style=\"color: #0000ff;\" href=\"https:\/\/sxpowercase.com\/contact-us\/\">https:\/\/sxpowercase.com\/<\/a><\/span><\/p>\n<p>Hardware produktkatalog:<span style=\"color: #3366ff;\"><a style=\"color: #3366ff;\" href=\"https:\/\/sxpowercase.com\/wp-content\/uploads\/2024\/07\/\u4e94\u91d1.pdf\">Hardware tilbeh\u00f8r katalog<\/a><\/span><\/p>","protected":false},"excerpt":{"rendered":"<h3>SX Flight Case-hj\u00f8rnebeskyttere: F\u00f8rsteklasses beskyttelse af udstyr<\/h3>\n<p>Hold dit udstyr sikkert med SX's holdbare Flight Case Corner Protectors. De er fremstillet af materialer af h\u00f8j kvalitet og giver slagfasthed og p\u00e5lidelig beskyttelse under transport til direkte fabrikspriser.<\/p>\n<h3>Kraftig, nem at installere<\/h3>\n<p>SX Corner Protectors er bygget til kr\u00e6vende milj\u00f8er og tilbyder hurtig installation til alle typer kabinetter. De leverer b\u00e5de robust ydeevne og en elegant finish til dine kabinetter.<\/p>\n<h3>Tilpassede og overkommelige l\u00f8sninger<\/h3>\n<p>Skr\u00e6ddersy SX Flight Case Corner Protectors til dine behov med mulighed for at tilpasse st\u00f8rrelse og finish. Nyd f\u00f8rsteklasses beskyttelse uden at spr\u00e6nge budgettet, som professionelle over hele verden har tillid til.<\/p>","protected":false},"featured_media":4086,"comment_status":"open","ping_status":"closed","template":"","meta":[],"product_brand":[],"product_cat":[63],"product_tag":[],"class_list":{"0":"post-4136","1":"product","2":"type-product","3":"status-publish","4":"has-post-thumbnail","6":"product_cat-corners","8":"first","9":"instock","10":"shipping-taxable","11":"product-type-simple"},"yoast_head":"<!-- This site is optimized with the Yoast SEO Premium plugin v27.1 (Yoast SEO v27.2) - https:\/\/yoast.com\/product\/yoast-seo-premium-wordpress\/ -->\n<title>Flight Case Corner Protectors COA204 - https:\/\/sxflightcase.com \ud83d\udc97<\/title>\n<meta name=\"description\" content=\"Flight case corner protectors, factory direct! Durable and high-quality edge protection for flight cases, ensuring reliable equipment safety during transport. Ideal for long-lasting use.\" \/>\n<meta name=\"robots\" content=\"index, follow, max-snippet:-1, max-image-preview:large, max-video-preview:-1\" \/>\n<link rel=\"canonical\" href=\"https:\/\/sxflightcase.com\/da\/producto\/protectores-de-esquinas-para-flightcases-coa204-2\/\" \/>\n<meta property=\"og:locale\" content=\"da_DK\" \/>\n<meta property=\"og:type\" content=\"article\" \/>\n<meta property=\"og:title\" content=\"Flight Case Corner Protectors COA204\" \/>\n<meta property=\"og:description\" content=\"Flight case corner protectors, factory direct! Durable and high-quality edge protection for flight cases, ensuring reliable equipment safety during transport. Ideal for long-lasting use.\" \/>\n<meta property=\"og:url\" content=\"https:\/\/sxflightcase.com\/da\/producto\/protectores-de-esquinas-para-flightcases-coa204-2\/\" \/>\n<meta property=\"og:site_name\" content=\"https:\/\/sxflightcase.com\" \/>\n<meta property=\"article:publisher\" content=\"https:\/\/www.facebook.com\/profile.php?id=61560407257971\" \/>\n<meta property=\"article:modified_time\" content=\"2024-08-16T07:36:35+00:00\" \/>\n<meta property=\"og:image\" content=\"https:\/\/sxflightcase.com\/wp-content\/uploads\/2024\/08\/COA204.jpg\" \/>\n\t<meta property=\"og:image:width\" content=\"520\" \/>\n\t<meta property=\"og:image:height\" content=\"561\" \/>\n\t<meta property=\"og:image:type\" content=\"image\/jpeg\" \/>\n<meta name=\"twitter:card\" content=\"summary_large_image\" \/>\n<meta name=\"twitter:label1\" content=\"Estimeret l\u00e6setid\" \/>\n\t<meta name=\"twitter:data1\" content=\"3 minutter\" \/>\n<script type=\"application\/ld+json\" class=\"yoast-schema-graph\">{\"@context\":\"https:\/\/schema.org\",\"@graph\":[{\"@type\":\"WebPage\",\"@id\":\"https:\/\/sxflightcase.com\/es_es\/producto\/protectores-de-esquinas-para-flightcases-coa204-2\/\",\"url\":\"https:\/\/sxflightcase.com\/es_es\/producto\/protectores-de-esquinas-para-flightcases-coa204-2\/\",\"name\":\"Flight Case Corner Protectors COA204 - https:\/\/sxflightcase.com \ud83d\udc97\",\"isPartOf\":{\"@id\":\"https:\/\/sxflightcase.com\/th\/#website\"},\"primaryImageOfPage\":{\"@id\":\"https:\/\/sxflightcase.com\/es_es\/producto\/protectores-de-esquinas-para-flightcases-coa204-2\/#primaryimage\"},\"image\":{\"@id\":\"https:\/\/sxflightcase.com\/es_es\/producto\/protectores-de-esquinas-para-flightcases-coa204-2\/#primaryimage\"},\"thumbnailUrl\":\"https:\/\/sxflightcase.com\/wp-content\/uploads\/2024\/08\/COA204.jpg\",\"datePublished\":\"2024-08-16T07:36:34+00:00\",\"dateModified\":\"2024-08-16T07:36:35+00:00\",\"description\":\"Flight case corner protectors, factory direct! Durable and high-quality edge protection for flight cases, ensuring reliable equipment safety during transport. Ideal for long-lasting use.\",\"breadcrumb\":{\"@id\":\"https:\/\/sxflightcase.com\/es_es\/producto\/protectores-de-esquinas-para-flightcases-coa204-2\/#breadcrumb\"},\"inLanguage\":\"da-DK\",\"potentialAction\":[{\"@type\":\"ReadAction\",\"target\":[\"https:\/\/sxflightcase.com\/es_es\/producto\/protectores-de-esquinas-para-flightcases-coa204-2\/\"]}]},{\"@type\":\"ImageObject\",\"inLanguage\":\"da-DK\",\"@id\":\"https:\/\/sxflightcase.com\/es_es\/producto\/protectores-de-esquinas-para-flightcases-coa204-2\/#primaryimage\",\"url\":\"https:\/\/sxflightcase.com\/wp-content\/uploads\/2024\/08\/COA204.jpg\",\"contentUrl\":\"https:\/\/sxflightcase.com\/wp-content\/uploads\/2024\/08\/COA204.jpg\",\"width\":520,\"height\":561,\"caption\":\"Flight Case Corner Protectors\"},{\"@type\":\"BreadcrumbList\",\"@id\":\"https:\/\/sxflightcase.com\/es_es\/producto\/protectores-de-esquinas-para-flightcases-coa204-2\/#breadcrumb\",\"itemListElement\":[{\"@type\":\"ListItem\",\"position\":1,\"name\":\"Home\",\"item\":\"https:\/\/sxflightcase.com\/\"},{\"@type\":\"ListItem\",\"position\":2,\"name\":\"\u0e2a\u0e34\u0e19\u0e04\u0e49\u0e32\",\"item\":\"https:\/\/sxflightcase.com\/th\/shop\/\"},{\"@type\":\"ListItem\",\"position\":3,\"name\":\"Flight Case Corner Protectors COA204\"}]},{\"@type\":\"WebSite\",\"@id\":\"https:\/\/sxflightcase.com\/th\/#website\",\"url\":\"https:\/\/sxflightcase.com\/th\/\",\"name\":\"sxpowercase.com\",\"description\":\"Flight Case Factory\",\"publisher\":{\"@id\":\"https:\/\/sxflightcase.com\/th\/#organization\"},\"potentialAction\":[{\"@type\":\"SearchAction\",\"target\":{\"@type\":\"EntryPoint\",\"urlTemplate\":\"https:\/\/sxflightcase.com\/th\/?s={search_term_string}\"},\"query-input\":{\"@type\":\"PropertyValueSpecification\",\"valueRequired\":true,\"valueName\":\"search_term_string\"}}],\"inLanguage\":\"da-DK\"},{\"@type\":\"Organization\",\"@id\":\"https:\/\/sxflightcase.com\/th\/#organization\",\"name\":\"sxpowercase.com\",\"url\":\"https:\/\/sxflightcase.com\/th\/\",\"logo\":{\"@type\":\"ImageObject\",\"inLanguage\":\"da-DK\",\"@id\":\"https:\/\/sxflightcase.com\/th\/#\/schema\/logo\/image\/\",\"url\":\"https:\/\/sxflightcase.com\/wp-content\/uploads\/2024\/04\/1713919036007.jpg\",\"contentUrl\":\"https:\/\/sxflightcase.com\/wp-content\/uploads\/2024\/04\/1713919036007.jpg\",\"width\":382,\"height\":388,\"caption\":\"sxpowercase.com\"},\"image\":{\"@id\":\"https:\/\/sxflightcase.com\/th\/#\/schema\/logo\/image\/\"},\"sameAs\":[\"https:\/\/www.facebook.com\/profile.php?id=61560407257971\"],\"numberOfEmployees\":{\"@type\":\"QuantitativeValue\",\"minValue\":\"11\",\"maxValue\":\"50\"}}]}<\/script>\n<!-- \/ Yoast SEO Premium plugin. -->","yoast_head_json":{"title":"Flight Case Corner Protectors COA204 - https:\/\/sxflightcase.com \ud83d\udc97","description":"Hj\u00f8rnebeskyttere til flightcases, direkte fra fabrikken! Holdbar kantbeskyttelse af h\u00f8j kvalitet til flightcases, der sikrer p\u00e5lidelig udstyrssikkerhed under transport. Ideel til langvarig brug.","robots":{"index":"index","follow":"follow","max-snippet":"max-snippet:-1","max-image-preview":"max-image-preview:large","max-video-preview":"max-video-preview:-1"},"canonical":"https:\/\/sxflightcase.com\/da\/producto\/protectores-de-esquinas-para-flightcases-coa204-2\/","og_locale":"da_DK","og_type":"article","og_title":"Flight Case Corner Protectors COA204","og_description":"Flight case corner protectors, factory direct! Durable and high-quality edge protection for flight cases, ensuring reliable equipment safety during transport. Ideal for long-lasting use.","og_url":"https:\/\/sxflightcase.com\/da\/producto\/protectores-de-esquinas-para-flightcases-coa204-2\/","og_site_name":"https:\/\/sxflightcase.com","article_publisher":"https:\/\/www.facebook.com\/profile.php?id=61560407257971","article_modified_time":"2024-08-16T07:36:35+00:00","og_image":[{"width":520,"height":561,"url":"https:\/\/sxflightcase.com\/wp-content\/uploads\/2024\/08\/COA204.jpg","type":"image\/jpeg"}],"twitter_card":"summary_large_image","twitter_misc":{"Estimeret l\u00e6setid":"3 minutter"},"schema":{"@context":"https:\/\/schema.org","@graph":[{"@type":"WebPage","@id":"https:\/\/sxflightcase.com\/es_es\/producto\/protectores-de-esquinas-para-flightcases-coa204-2\/","url":"https:\/\/sxflightcase.com\/es_es\/producto\/protectores-de-esquinas-para-flightcases-coa204-2\/","name":"Flight Case Corner Protectors COA204 - https:\/\/sxflightcase.com \ud83d\udc97","isPartOf":{"@id":"https:\/\/sxflightcase.com\/th\/#website"},"primaryImageOfPage":{"@id":"https:\/\/sxflightcase.com\/es_es\/producto\/protectores-de-esquinas-para-flightcases-coa204-2\/#primaryimage"},"image":{"@id":"https:\/\/sxflightcase.com\/es_es\/producto\/protectores-de-esquinas-para-flightcases-coa204-2\/#primaryimage"},"thumbnailUrl":"https:\/\/sxflightcase.com\/wp-content\/uploads\/2024\/08\/COA204.jpg","datePublished":"2024-08-16T07:36:34+00:00","dateModified":"2024-08-16T07:36:35+00:00","description":"Hj\u00f8rnebeskyttere til flightcases, direkte fra fabrikken! Holdbar kantbeskyttelse af h\u00f8j kvalitet til flightcases, der sikrer p\u00e5lidelig udstyrssikkerhed under transport. Ideel til langvarig brug.","breadcrumb":{"@id":"https:\/\/sxflightcase.com\/es_es\/producto\/protectores-de-esquinas-para-flightcases-coa204-2\/#breadcrumb"},"inLanguage":"da-DK","potentialAction":[{"@type":"ReadAction","target":["https:\/\/sxflightcase.com\/es_es\/producto\/protectores-de-esquinas-para-flightcases-coa204-2\/"]}]},{"@type":"ImageObject","inLanguage":"da-DK","@id":"https:\/\/sxflightcase.com\/es_es\/producto\/protectores-de-esquinas-para-flightcases-coa204-2\/#primaryimage","url":"https:\/\/sxflightcase.com\/wp-content\/uploads\/2024\/08\/COA204.jpg","contentUrl":"https:\/\/sxflightcase.com\/wp-content\/uploads\/2024\/08\/COA204.jpg","width":520,"height":561,"caption":"Flight Case Corner Protectors"},{"@type":"BreadcrumbList","@id":"https:\/\/sxflightcase.com\/es_es\/producto\/protectores-de-esquinas-para-flightcases-coa204-2\/#breadcrumb","itemListElement":[{"@type":"ListItem","position":1,"name":"Home","item":"https:\/\/sxflightcase.com\/"},{"@type":"ListItem","position":2,"name":"\u0e2a\u0e34\u0e19\u0e04\u0e49\u0e32","item":"https:\/\/sxflightcase.com\/th\/shop\/"},{"@type":"ListItem","position":3,"name":"Flight Case Corner Protectors COA204"}]},{"@type":"WebSite","@id":"https:\/\/sxflightcase.com\/th\/#website","url":"https:\/\/sxflightcase.com\/th\/","name":"sxpowercase.com","description":"Flight Case Factory","publisher":{"@id":"https:\/\/sxflightcase.com\/th\/#organization"},"potentialAction":[{"@type":"SearchAction","target":{"@type":"EntryPoint","urlTemplate":"https:\/\/sxflightcase.com\/th\/?s={search_term_string}"},"query-input":{"@type":"PropertyValueSpecification","valueRequired":true,"valueName":"search_term_string"}}],"inLanguage":"da-DK"},{"@type":"Organization","@id":"https:\/\/sxflightcase.com\/th\/#organization","name":"sxpowercase.com","url":"https:\/\/sxflightcase.com\/th\/","logo":{"@type":"ImageObject","inLanguage":"da-DK","@id":"https:\/\/sxflightcase.com\/th\/#\/schema\/logo\/image\/","url":"https:\/\/sxflightcase.com\/wp-content\/uploads\/2024\/04\/1713919036007.jpg","contentUrl":"https:\/\/sxflightcase.com\/wp-content\/uploads\/2024\/04\/1713919036007.jpg","width":382,"height":388,"caption":"sxpowercase.com"},"image":{"@id":"https:\/\/sxflightcase.com\/th\/#\/schema\/logo\/image\/"},"sameAs":["https:\/\/www.facebook.com\/profile.php?id=61560407257971"],"numberOfEmployees":{"@type":"QuantitativeValue","minValue":"11","maxValue":"50"}}]}},"_links":{"self":[{"href":"https:\/\/sxflightcase.com\/da\/wp-json\/wp\/v2\/product\/4136","targetHints":{"allow":["GET"]}}],"collection":[{"href":"https:\/\/sxflightcase.com\/da\/wp-json\/wp\/v2\/product"}],"about":[{"href":"https:\/\/sxflightcase.com\/da\/wp-json\/wp\/v2\/types\/product"}],"replies":[{"embeddable":true,"href":"https:\/\/sxflightcase.com\/da\/wp-json\/wp\/v2\/comments?post=4136"}],"version-history":[{"count":0,"href":"https:\/\/sxflightcase.com\/da\/wp-json\/wp\/v2\/product\/4136\/revisions"}],"wp:featuredmedia":[{"embeddable":true,"href":"https:\/\/sxflightcase.com\/da\/wp-json\/wp\/v2\/media\/4086"}],"wp:attachment":[{"href":"https:\/\/sxflightcase.com\/da\/wp-json\/wp\/v2\/media?parent=4136"}],"wp:term":[{"taxonomy":"product_brand","embeddable":true,"href":"https:\/\/sxflightcase.com\/da\/wp-json\/wp\/v2\/product_brand?post=4136"},{"taxonomy":"product_cat","embeddable":true,"href":"https:\/\/sxflightcase.com\/da\/wp-json\/wp\/v2\/product_cat?post=4136"},{"taxonomy":"product_tag","embeddable":true,"href":"https:\/\/sxflightcase.com\/da\/wp-json\/wp\/v2\/product_tag?post=4136"}],"curies":[{"name":"wp","href":"https:\/\/api.w.org\/{rel}","templated":true}]}}