{"id":4137,"date":"2024-08-16T08:42:52","date_gmt":"2024-08-16T07:42:52","guid":{"rendered":"https:\/\/sxpowercase.com\/?post_type=product&#038;p=4137"},"modified":"2024-08-16T08:43:20","modified_gmt":"2024-08-16T07:43:20","slug":"flight-case-corner-protector-coa205","status":"publish","type":"product","link":"https:\/\/sxflightcase.com\/da\/vare\/flightcase-hjornebeskytter-coa205\/","title":{"rendered":"Flight Case Corner Protector COA205"},"content":{"rendered":"<h3>SX Flight Case hj\u00f8rnebeskyttelse: Ultimativ beskyttelse af udstyr<\/h3>\n<h4>P\u00e5lideligt forsvar for dit udstyr<\/h4>\n<p>N\u00e5r det handler om at beskytte dit v\u00e6rdifulde udstyr, kan du stole p\u00e5 SX's <strong>Hj\u00f8rnebeskytter til flightcase<\/strong>\u00a0for at levere enest\u00e5ende beskyttelse. Disse beskyttere er specielt udviklet til at absorbere st\u00f8d og forhindre skader under transport. N\u00e5r du v\u00e6lger SX, investerer du i f\u00f8rsteklasses kvalitet til direkte fabrikspriser og sikrer, at dit udstyr forbliver i perfekt stand.<\/p>\n<h4>Designet til holdbarhed<\/h4>\n<p><a title=\"SX\" href=\"https:\/\/sxpowercase.com\/\" target=\"_blank\" rel=\"noopener\" data-wpil-monitor-id=\"671\">SX<\/a> <strong>Hj\u00f8rnebeskytter til flightcase<\/strong>\u00a0er lavet af materialer af h\u00f8j kvalitet, der sikrer langvarig holdbarhed. Uanset om dit udstyr bliver l\u00e6sset, losset eller h\u00e5ndteret h\u00e5rdt, er disse beskyttere bygget til at modst\u00e5 det hele. De giver en robust barriere mod slitage ved hyppig brug, hvilket g\u00f8r dem ideelle til professionelle, der kr\u00e6ver p\u00e5lidelighed.<\/p>\n<h4>Nem integration med enhver sag<\/h4>\n<p>Uanset hvilken type flightcase du bruger, er SX <strong>Hj\u00f8rnebeskytter til flightcase<\/strong>\u00a0giver en perfekt pasform. Deres universelle design g\u00f8r dem nemme at montere p\u00e5 en r\u00e6kke forskellige tasker og forbedrer b\u00e5de funktionalitet og udseende. Med SX f\u00e5r du det bedste fra begge verdener - prisvenlighed og alsidighed, samtidig med at du sikrer maksimal beskyttelse af dit udstyr.<\/p>\n<h4>Tilg\u00e6ngelige indstillinger<\/h4>\n<p>Hos SX forst\u00e5r vi, at alle professionelle har unikke behov. Det er derfor, vores <strong>Hj\u00f8rnebeskytter til flightcase<\/strong>\u00a0f\u00e5s i tilpassede varianter, der passer til dine specifikke krav. Fra forskellige st\u00f8rrelser til unikke overflader - SX leverer l\u00f8sninger, der passer til dine n\u00f8jagtige specifikationer, samtidig med at vi holder omkostningerne nede med vores direkte fabrikspriser.<\/p>\n<h4>Testet for kvalitet og ydeevne<\/h4>\n<p>Kvalitetssikring er kernen i alt, hvad vi g\u00f8r hos SX. Vores <strong>Hj\u00f8rnebeskyttere til flightcase<\/strong> gennemg\u00e5r strenge tests for at sikre, at de lever op til de h\u00f8jeste industristandarder. Denne forpligtelse til kvalitet betyder, at du kan stole p\u00e5, at SX beskytter dit udstyr, vel vidende at hver beskytter er fremstillet med pr\u00e6cision og omhu.<\/p>\n<h4>Betroet af professionelle<\/h4>\n<p>SX er det foretrukne m\u00e6rke for brancheeksperter, der har brug for p\u00e5lidelig hardware. Vores <strong>Hj\u00f8rnebeskyttere til flightcase<\/strong> bruges i vid udstr\u00e6kning p\u00e5 tv\u00e6rs af forskellige sektorer, herunder live events, broadcasting og turneer. Professionelle stoler p\u00e5, at SX leverer holdbare l\u00f8sninger af h\u00f8j kvalitet, som holder deres udstyr sikkert og trygt under transport.<\/p>\n<h4>Prisbillig beskyttelse af dit udstyr<\/h4>\n<p>SX tilbyder <strong>Hj\u00f8rnebeskyttere til flightcase<\/strong> til konkurrencedygtige priser, s\u00e5 du kan beskytte dit udstyr uden at spr\u00e6nge banken. Vores tilgang direkte til forbrugeren sikrer, at du f\u00e5r f\u00f8rsteklasses produkter til den lavest mulige pris. Kontakt SX i dag for at f\u00e5 mere at vide om, hvordan vores flightcase-hardware kan give dig den beskyttelse, du har brug for, til priser, du vil elske.<\/p>\n<p>Kontakt nu:<span style=\"color: #0000ff;\"><a style=\"color: #0000ff;\" href=\"https:\/\/sxpowercase.com\/contact-us\/\">https:\/\/sxpowercase.com\/<\/a><\/span><\/p>\n<p>Hardware produktkatalog:<span style=\"color: #3366ff;\"><a style=\"color: #3366ff;\" href=\"https:\/\/sxpowercase.com\/wp-content\/uploads\/2024\/07\/\u4e94\u91d1.pdf\">Hardware tilbeh\u00f8r katalog<\/a><\/span><\/p>","protected":false},"excerpt":{"rendered":"<h3>SX Flight Case-hj\u00f8rnebeskyttere: P\u00e5lidelig beskyttelse af udstyr<\/h3>\n<p>Beskyt dit udstyr med SX's Flight Case Corner Protectors. De er designet til at absorbere st\u00f8d og forhindre skader og giver f\u00f8rsteklasses beskyttelse til fabriksdirekte priser, s\u00e5 dit udstyr forbliver sikkert under transport.<\/p>\n<h3>Holdbar og nem at installere<\/h3>\n<p>SX Corner Protectors er fremstillet af materialer af h\u00f8j kvalitet og er konstrueret til langvarig brug. Deres universelle design g\u00f8r dem nemme at integrere i enhver flightcase og giver robust beskyttelse og et elegant udseende.<\/p>\n<h3>Tilpasningsmuligheder til dine behov<\/h3>\n<p>SX tilbyder hj\u00f8rnebeskyttere til flykufferter, der kan tilpasses i forskellige st\u00f8rrelser og udf\u00f8relser. F\u00e5 skr\u00e6ddersyede l\u00f8sninger, der opfylder dine specifikke krav uden at g\u00e5 p\u00e5 kompromis med prisen, og som professionelle over hele verden har tillid til.<\/p>","protected":false},"featured_media":4087,"comment_status":"open","ping_status":"closed","template":"","meta":[],"product_brand":[],"product_cat":[63],"product_tag":[],"class_list":{"0":"post-4137","1":"product","2":"type-product","3":"status-publish","4":"has-post-thumbnail","6":"product_cat-corners","8":"first","9":"instock","10":"shipping-taxable","11":"product-type-simple"},"yoast_head":"<!-- This site is optimized with the Yoast SEO Premium plugin v27.1 (Yoast SEO v27.2) - https:\/\/yoast.com\/product\/yoast-seo-premium-wordpress\/ -->\n<title>Flight Case Corner Protector COA205 - https:\/\/sxflightcase.com \ud83d\udc97<\/title>\n<meta name=\"description\" content=\"Flight case corner protector, factory direct! High-quality, durable edge protection for flight cases. Safeguards equipment from impact during transport, ensuring long-lasting reliability.\" \/>\n<meta name=\"robots\" content=\"index, follow, max-snippet:-1, max-image-preview:large, max-video-preview:-1\" \/>\n<link rel=\"canonical\" href=\"https:\/\/sxflightcase.com\/da\/vare\/flightcase-hjornebeskytter-coa205\/\" \/>\n<meta property=\"og:locale\" content=\"da_DK\" \/>\n<meta property=\"og:type\" content=\"article\" \/>\n<meta property=\"og:title\" content=\"Flight Case Corner Protector COA205\" \/>\n<meta property=\"og:description\" content=\"Flight case corner protector, factory direct! High-quality, durable edge protection for flight cases. Safeguards equipment from impact during transport, ensuring long-lasting reliability.\" \/>\n<meta property=\"og:url\" content=\"https:\/\/sxflightcase.com\/da\/vare\/flightcase-hjornebeskytter-coa205\/\" \/>\n<meta property=\"og:site_name\" content=\"https:\/\/sxflightcase.com\" \/>\n<meta property=\"article:publisher\" content=\"https:\/\/www.facebook.com\/profile.php?id=61560407257971\" \/>\n<meta property=\"article:modified_time\" content=\"2024-08-16T07:43:20+00:00\" \/>\n<meta property=\"og:image\" content=\"https:\/\/sxflightcase.com\/wp-content\/uploads\/2024\/08\/COA205.jpg\" \/>\n\t<meta property=\"og:image:width\" content=\"508\" \/>\n\t<meta property=\"og:image:height\" content=\"508\" \/>\n\t<meta property=\"og:image:type\" content=\"image\/jpeg\" \/>\n<meta name=\"twitter:card\" content=\"summary_large_image\" \/>\n<meta name=\"twitter:label1\" content=\"Estimeret l\u00e6setid\" \/>\n\t<meta name=\"twitter:data1\" content=\"3 minutter\" \/>\n<script type=\"application\/ld+json\" class=\"yoast-schema-graph\">{\"@context\":\"https:\/\/schema.org\",\"@graph\":[{\"@type\":\"WebPage\",\"@id\":\"https:\/\/sxflightcase.com\/product\/flight-case-corner-protector-coa205\/\",\"url\":\"https:\/\/sxflightcase.com\/product\/flight-case-corner-protector-coa205\/\",\"name\":\"Flight Case Corner Protector COA205 - https:\/\/sxflightcase.com \ud83d\udc97\",\"isPartOf\":{\"@id\":\"https:\/\/sxflightcase.com\/th\/#website\"},\"primaryImageOfPage\":{\"@id\":\"https:\/\/sxflightcase.com\/product\/flight-case-corner-protector-coa205\/#primaryimage\"},\"image\":{\"@id\":\"https:\/\/sxflightcase.com\/product\/flight-case-corner-protector-coa205\/#primaryimage\"},\"thumbnailUrl\":\"https:\/\/sxflightcase.com\/wp-content\/uploads\/2024\/08\/COA205.jpg\",\"datePublished\":\"2024-08-16T07:42:52+00:00\",\"dateModified\":\"2024-08-16T07:43:20+00:00\",\"description\":\"Flight case corner protector, factory direct! High-quality, durable edge protection for flight cases. Safeguards equipment from impact during transport, ensuring long-lasting reliability.\",\"breadcrumb\":{\"@id\":\"https:\/\/sxflightcase.com\/product\/flight-case-corner-protector-coa205\/#breadcrumb\"},\"inLanguage\":\"da-DK\",\"potentialAction\":[{\"@type\":\"ReadAction\",\"target\":[\"https:\/\/sxflightcase.com\/product\/flight-case-corner-protector-coa205\/\"]}]},{\"@type\":\"ImageObject\",\"inLanguage\":\"da-DK\",\"@id\":\"https:\/\/sxflightcase.com\/product\/flight-case-corner-protector-coa205\/#primaryimage\",\"url\":\"https:\/\/sxflightcase.com\/wp-content\/uploads\/2024\/08\/COA205.jpg\",\"contentUrl\":\"https:\/\/sxflightcase.com\/wp-content\/uploads\/2024\/08\/COA205.jpg\",\"width\":508,\"height\":508,\"caption\":\"Flight Case Corner Protector\"},{\"@type\":\"BreadcrumbList\",\"@id\":\"https:\/\/sxflightcase.com\/product\/flight-case-corner-protector-coa205\/#breadcrumb\",\"itemListElement\":[{\"@type\":\"ListItem\",\"position\":1,\"name\":\"Home\",\"item\":\"https:\/\/sxflightcase.com\/\"},{\"@type\":\"ListItem\",\"position\":2,\"name\":\"\u0e2a\u0e34\u0e19\u0e04\u0e49\u0e32\",\"item\":\"https:\/\/sxflightcase.com\/th\/shop\/\"},{\"@type\":\"ListItem\",\"position\":3,\"name\":\"Flight Case Corner Protector COA205\"}]},{\"@type\":\"WebSite\",\"@id\":\"https:\/\/sxflightcase.com\/th\/#website\",\"url\":\"https:\/\/sxflightcase.com\/th\/\",\"name\":\"sxpowercase.com\",\"description\":\"Flight Case Factory\",\"publisher\":{\"@id\":\"https:\/\/sxflightcase.com\/th\/#organization\"},\"potentialAction\":[{\"@type\":\"SearchAction\",\"target\":{\"@type\":\"EntryPoint\",\"urlTemplate\":\"https:\/\/sxflightcase.com\/th\/?s={search_term_string}\"},\"query-input\":{\"@type\":\"PropertyValueSpecification\",\"valueRequired\":true,\"valueName\":\"search_term_string\"}}],\"inLanguage\":\"da-DK\"},{\"@type\":\"Organization\",\"@id\":\"https:\/\/sxflightcase.com\/th\/#organization\",\"name\":\"sxpowercase.com\",\"url\":\"https:\/\/sxflightcase.com\/th\/\",\"logo\":{\"@type\":\"ImageObject\",\"inLanguage\":\"da-DK\",\"@id\":\"https:\/\/sxflightcase.com\/th\/#\/schema\/logo\/image\/\",\"url\":\"https:\/\/sxflightcase.com\/wp-content\/uploads\/2024\/04\/1713919036007.jpg\",\"contentUrl\":\"https:\/\/sxflightcase.com\/wp-content\/uploads\/2024\/04\/1713919036007.jpg\",\"width\":382,\"height\":388,\"caption\":\"sxpowercase.com\"},\"image\":{\"@id\":\"https:\/\/sxflightcase.com\/th\/#\/schema\/logo\/image\/\"},\"sameAs\":[\"https:\/\/www.facebook.com\/profile.php?id=61560407257971\"],\"numberOfEmployees\":{\"@type\":\"QuantitativeValue\",\"minValue\":\"11\",\"maxValue\":\"50\"}}]}<\/script>\n<!-- \/ Yoast SEO Premium plugin. -->","yoast_head_json":{"title":"Flight Case Corner Protector COA205 - https:\/\/sxflightcase.com \ud83d\udc97","description":"Hj\u00f8rnebeskyttelse til flightcases, direkte fra fabrikken! Holdbar kantbeskyttelse af h\u00f8j kvalitet til flightcases. Beskytter udstyret mod st\u00f8d under transport og sikrer langvarig p\u00e5lidelighed.","robots":{"index":"index","follow":"follow","max-snippet":"max-snippet:-1","max-image-preview":"max-image-preview:large","max-video-preview":"max-video-preview:-1"},"canonical":"https:\/\/sxflightcase.com\/da\/vare\/flightcase-hjornebeskytter-coa205\/","og_locale":"da_DK","og_type":"article","og_title":"Flight Case Corner Protector COA205","og_description":"Flight case corner protector, factory direct! High-quality, durable edge protection for flight cases. Safeguards equipment from impact during transport, ensuring long-lasting reliability.","og_url":"https:\/\/sxflightcase.com\/da\/vare\/flightcase-hjornebeskytter-coa205\/","og_site_name":"https:\/\/sxflightcase.com","article_publisher":"https:\/\/www.facebook.com\/profile.php?id=61560407257971","article_modified_time":"2024-08-16T07:43:20+00:00","og_image":[{"width":508,"height":508,"url":"https:\/\/sxflightcase.com\/wp-content\/uploads\/2024\/08\/COA205.jpg","type":"image\/jpeg"}],"twitter_card":"summary_large_image","twitter_misc":{"Estimeret l\u00e6setid":"3 minutter"},"schema":{"@context":"https:\/\/schema.org","@graph":[{"@type":"WebPage","@id":"https:\/\/sxflightcase.com\/product\/flight-case-corner-protector-coa205\/","url":"https:\/\/sxflightcase.com\/product\/flight-case-corner-protector-coa205\/","name":"Flight Case Corner Protector COA205 - https:\/\/sxflightcase.com \ud83d\udc97","isPartOf":{"@id":"https:\/\/sxflightcase.com\/th\/#website"},"primaryImageOfPage":{"@id":"https:\/\/sxflightcase.com\/product\/flight-case-corner-protector-coa205\/#primaryimage"},"image":{"@id":"https:\/\/sxflightcase.com\/product\/flight-case-corner-protector-coa205\/#primaryimage"},"thumbnailUrl":"https:\/\/sxflightcase.com\/wp-content\/uploads\/2024\/08\/COA205.jpg","datePublished":"2024-08-16T07:42:52+00:00","dateModified":"2024-08-16T07:43:20+00:00","description":"Hj\u00f8rnebeskyttelse til flightcases, direkte fra fabrikken! Holdbar kantbeskyttelse af h\u00f8j kvalitet til flightcases. Beskytter udstyret mod st\u00f8d under transport og sikrer langvarig p\u00e5lidelighed.","breadcrumb":{"@id":"https:\/\/sxflightcase.com\/product\/flight-case-corner-protector-coa205\/#breadcrumb"},"inLanguage":"da-DK","potentialAction":[{"@type":"ReadAction","target":["https:\/\/sxflightcase.com\/product\/flight-case-corner-protector-coa205\/"]}]},{"@type":"ImageObject","inLanguage":"da-DK","@id":"https:\/\/sxflightcase.com\/product\/flight-case-corner-protector-coa205\/#primaryimage","url":"https:\/\/sxflightcase.com\/wp-content\/uploads\/2024\/08\/COA205.jpg","contentUrl":"https:\/\/sxflightcase.com\/wp-content\/uploads\/2024\/08\/COA205.jpg","width":508,"height":508,"caption":"Flight Case Corner Protector"},{"@type":"BreadcrumbList","@id":"https:\/\/sxflightcase.com\/product\/flight-case-corner-protector-coa205\/#breadcrumb","itemListElement":[{"@type":"ListItem","position":1,"name":"Home","item":"https:\/\/sxflightcase.com\/"},{"@type":"ListItem","position":2,"name":"\u0e2a\u0e34\u0e19\u0e04\u0e49\u0e32","item":"https:\/\/sxflightcase.com\/th\/shop\/"},{"@type":"ListItem","position":3,"name":"Flight Case Corner Protector COA205"}]},{"@type":"WebSite","@id":"https:\/\/sxflightcase.com\/th\/#website","url":"https:\/\/sxflightcase.com\/th\/","name":"sxpowercase.com","description":"Flight Case Factory","publisher":{"@id":"https:\/\/sxflightcase.com\/th\/#organization"},"potentialAction":[{"@type":"SearchAction","target":{"@type":"EntryPoint","urlTemplate":"https:\/\/sxflightcase.com\/th\/?s={search_term_string}"},"query-input":{"@type":"PropertyValueSpecification","valueRequired":true,"valueName":"search_term_string"}}],"inLanguage":"da-DK"},{"@type":"Organization","@id":"https:\/\/sxflightcase.com\/th\/#organization","name":"sxpowercase.com","url":"https:\/\/sxflightcase.com\/th\/","logo":{"@type":"ImageObject","inLanguage":"da-DK","@id":"https:\/\/sxflightcase.com\/th\/#\/schema\/logo\/image\/","url":"https:\/\/sxflightcase.com\/wp-content\/uploads\/2024\/04\/1713919036007.jpg","contentUrl":"https:\/\/sxflightcase.com\/wp-content\/uploads\/2024\/04\/1713919036007.jpg","width":382,"height":388,"caption":"sxpowercase.com"},"image":{"@id":"https:\/\/sxflightcase.com\/th\/#\/schema\/logo\/image\/"},"sameAs":["https:\/\/www.facebook.com\/profile.php?id=61560407257971"],"numberOfEmployees":{"@type":"QuantitativeValue","minValue":"11","maxValue":"50"}}]}},"_links":{"self":[{"href":"https:\/\/sxflightcase.com\/da\/wp-json\/wp\/v2\/product\/4137","targetHints":{"allow":["GET"]}}],"collection":[{"href":"https:\/\/sxflightcase.com\/da\/wp-json\/wp\/v2\/product"}],"about":[{"href":"https:\/\/sxflightcase.com\/da\/wp-json\/wp\/v2\/types\/product"}],"replies":[{"embeddable":true,"href":"https:\/\/sxflightcase.com\/da\/wp-json\/wp\/v2\/comments?post=4137"}],"version-history":[{"count":0,"href":"https:\/\/sxflightcase.com\/da\/wp-json\/wp\/v2\/product\/4137\/revisions"}],"wp:featuredmedia":[{"embeddable":true,"href":"https:\/\/sxflightcase.com\/da\/wp-json\/wp\/v2\/media\/4087"}],"wp:attachment":[{"href":"https:\/\/sxflightcase.com\/da\/wp-json\/wp\/v2\/media?parent=4137"}],"wp:term":[{"taxonomy":"product_brand","embeddable":true,"href":"https:\/\/sxflightcase.com\/da\/wp-json\/wp\/v2\/product_brand?post=4137"},{"taxonomy":"product_cat","embeddable":true,"href":"https:\/\/sxflightcase.com\/da\/wp-json\/wp\/v2\/product_cat?post=4137"},{"taxonomy":"product_tag","embeddable":true,"href":"https:\/\/sxflightcase.com\/da\/wp-json\/wp\/v2\/product_tag?post=4137"}],"curies":[{"name":"wp","href":"https:\/\/api.w.org\/{rel}","templated":true}]}}