{"id":4138,"date":"2024-08-16T08:45:16","date_gmt":"2024-08-16T07:45:16","guid":{"rendered":"https:\/\/sxpowercase.com\/?post_type=product&#038;p=4138"},"modified":"2024-08-16T08:45:17","modified_gmt":"2024-08-16T07:45:17","slug":"flight-case-corner-protector-coa301","status":"publish","type":"product","link":"https:\/\/sxflightcase.com\/da\/vare\/flightcase-hjornebeskytter-coa301\/","title":{"rendered":"Flight Case Corner Protector COA301"},"content":{"rendered":"<h3>SX Flight Case hj\u00f8rnebeskyttelse: Holdbar og prisbillig beskyttelse<\/h3>\n<h4>Beskyttelse af h\u00f8j kvalitet til dit udstyr<\/h4>\n<p>N\u00e5r det g\u00e6lder sikring af dit udstyr under transport, er SX <strong>Hj\u00f8rnebeskytter til flightcase<\/strong>\u00a0er det ultimative valg. Disse hj\u00f8rnebeskyttere er designet til at forhindre buler, ridser og slagskader og giver robust beskyttelse, samtidig med at de sikrer, at dit udstyr forbliver intakt. Med SX f\u00e5r du et f\u00f8rsteklasses produkt med kvalitetssikring og direkte priser fra fabrikken.<\/p>\n<h4>Bygget til barske milj\u00f8er<\/h4>\n<p>Fremstillet af robuste, slagfaste materialer, <a href=\"https:\/\/sxpowercase.com\/\" target=\"_blank\" rel=\"noopener\" title=\"SX\" data-wpil-monitor-id=\"672\">SX<\/a> <strong>Hj\u00f8rnebeskyttere til flightcase<\/strong> er konstrueret til at h\u00e5ndtere barske forhold. Uanset om du transporterer skr\u00f8beligt lydudstyr eller kraftig belysning, leverer vores hj\u00f8rnebeskyttere p\u00e5lidelig ydeevne, der modst\u00e5r gentagen brug. Beskyt din investering med SX's f\u00f8rsteklasses kvalitet, mens du holder omkostningerne nede.<\/p>\n<h4>S\u00f8ml\u00f8s kompatibilitet<\/h4>\n<p>SX <strong>Hj\u00f8rnebeskyttere til flightcase<\/strong> er designet til at kunne integreres problemfrit med forskellige etuiformer. Deres universelle design sikrer, at uanset hvilken type eller st\u00f8rrelse etui du har, vil disse beskyttere passe perfekt. De \u00f8ger ikke kun levetiden for dine etuier, men forbedrer ogs\u00e5 deres udseende og tilbyder b\u00e5de funktion og stil.<\/p>\n<h4>Tilpasning til dine behov<\/h4>\n<p>Hos SX anerkender vi, at forskellige applikationer kr\u00e6ver forskellige l\u00f8sninger. Vores <strong>Hj\u00f8rnebeskyttere til flightcase<\/strong> kommer med muligheder for tilpasning, fra materialevalg til farvefinish. Det giver dig mulighed for at skr\u00e6ddersy dine beskyttere efter dine specifikke behov og sikre et perfekt match til dit udstyr, mens du nyder godt af vores lave fabrikspriser.<\/p>\n<h4>Testet for p\u00e5lidelighed<\/h4>\n<p>Hvert SX-produkt gennemg\u00e5r strenge kvalitetskontrolprocesser, og vores <strong>Hj\u00f8rnebeskyttere til flightcase<\/strong> er ingen undtagelse. Hver beskytter er grundigt testet for styrke, holdbarhed og ydeevne, hvilket sikrer, at du f\u00e5r et produkt, der lever op til professionelle standarder. Med SX kan du have ro i sindet og vide, at dit udstyr er i sikre h\u00e6nder.<\/p>\n<h4>Professionelle har stor tillid til os<\/h4>\n<p>SX er kendt i branchen for at levere p\u00e5lidelige og omkostningseffektive l\u00f8sninger. Professionelle inden for turn\u00e9, produktion og event management v\u00e6lger SX <strong>Hj\u00f8rnebeskyttere til flightcase<\/strong> for at beskytte deres v\u00e6rdifulde udstyr. Vores fokus p\u00e5 at levere holdbare og prisvenlige produkter har gjort os til et foretrukket valg p\u00e5 markedet.<\/p>\n<h4>Prisbillig Excellence<\/h4>\n<p>Du beh\u00f8ver ikke at g\u00e5 p\u00e5 kompromis med kvaliteten eller bruge en formue for at f\u00e5 p\u00e5lidelig beskyttelse. SX's direkte-til-forbruger-model sikrer, at du modtager h\u00f8j kvalitet. <strong>Hj\u00f8rnebeskyttere til flightcase<\/strong> til uovertrufne priser. Kontakt SX i dag og find ud af, hvordan vores l\u00f8sninger kan give overlegen beskyttelse af dit udstyr til en br\u00f8kdel af prisen.<\/p>\n<p>Kontakt nu:<span style=\"color: #0000ff;\"><a style=\"color: #0000ff;\" href=\"https:\/\/sxpowercase.com\/contact-us\/\">https:\/\/sxpowercase.com\/<\/a><\/span><\/p>\n<p>Hardware produktkatalog:<span style=\"color: #3366ff;\"><a style=\"color: #3366ff;\" href=\"https:\/\/sxpowercase.com\/wp-content\/uploads\/2024\/07\/\u4e94\u91d1.pdf\">Hardware tilbeh\u00f8r katalog<\/a><\/span><\/p>","protected":false},"excerpt":{"rendered":"<h3>SX Flight Case-hj\u00f8rnebeskyttere: P\u00e5lidelig beskyttelse af udstyr<\/h3>\n<p>Beskyt dit udstyr med SX's Flight Case Corner Protectors. De er designet til at absorbere st\u00f8d og forhindre skader og giver f\u00f8rsteklasses beskyttelse til fabriksdirekte priser, s\u00e5 dit udstyr forbliver sikkert under transport.<\/p>\n<h3>Holdbar og nem at installere<\/h3>\n<p>SX Corner Protectors er fremstillet af materialer af h\u00f8j kvalitet og er konstrueret til langvarig brug. Deres universelle design g\u00f8r dem nemme at integrere i enhver flightcase og giver robust beskyttelse og et elegant udseende.<\/p>\n<h3>Tilpasningsmuligheder til dine behov<\/h3>\n<p>SX tilbyder hj\u00f8rnebeskyttere til flykufferter, der kan tilpasses i forskellige st\u00f8rrelser og udf\u00f8relser. F\u00e5 skr\u00e6ddersyede l\u00f8sninger, der opfylder dine specifikke krav uden at g\u00e5 p\u00e5 kompromis med prisen, og som professionelle over hele verden har tillid til.<\/p>","protected":false},"featured_media":4088,"comment_status":"open","ping_status":"closed","template":"","meta":[],"product_brand":[],"product_cat":[63],"product_tag":[],"class_list":{"0":"post-4138","1":"product","2":"type-product","3":"status-publish","4":"has-post-thumbnail","6":"product_cat-corners","8":"first","9":"instock","10":"shipping-taxable","11":"product-type-simple"},"yoast_head":"<!-- This site is optimized with the Yoast SEO Premium plugin v27.1 (Yoast SEO v27.2) - https:\/\/yoast.com\/product\/yoast-seo-premium-wordpress\/ -->\n<title>Flight Case Corner Protector COA301 - https:\/\/sxflightcase.com \ud83d\udc97<\/title>\n<meta name=\"description\" content=\"Flight case corner protector, factory direct! High-quality, durable edge protection for flight cases. Safeguards equipment from impact during transport, ensuring long-lasting reliability.\" \/>\n<meta name=\"robots\" content=\"index, follow, max-snippet:-1, max-image-preview:large, max-video-preview:-1\" \/>\n<link rel=\"canonical\" href=\"https:\/\/sxflightcase.com\/da\/vare\/flightcase-hjornebeskytter-coa301\/\" \/>\n<meta property=\"og:locale\" content=\"da_DK\" \/>\n<meta property=\"og:type\" content=\"article\" \/>\n<meta property=\"og:title\" content=\"Flight Case Corner Protector COA301\" \/>\n<meta property=\"og:description\" content=\"Flight case corner protector, factory direct! High-quality, durable edge protection for flight cases. Safeguards equipment from impact during transport, ensuring long-lasting reliability.\" \/>\n<meta property=\"og:url\" content=\"https:\/\/sxflightcase.com\/da\/vare\/flightcase-hjornebeskytter-coa301\/\" \/>\n<meta property=\"og:site_name\" content=\"https:\/\/sxflightcase.com\" \/>\n<meta property=\"article:publisher\" content=\"https:\/\/www.facebook.com\/profile.php?id=61560407257971\" \/>\n<meta property=\"article:modified_time\" content=\"2024-08-16T07:45:17+00:00\" \/>\n<meta property=\"og:image\" content=\"https:\/\/sxflightcase.com\/wp-content\/uploads\/2024\/08\/COA301.jpg\" \/>\n\t<meta property=\"og:image:width\" content=\"253\" \/>\n\t<meta property=\"og:image:height\" content=\"235\" \/>\n\t<meta property=\"og:image:type\" content=\"image\/jpeg\" \/>\n<meta name=\"twitter:card\" content=\"summary_large_image\" \/>\n<meta name=\"twitter:label1\" content=\"Estimeret l\u00e6setid\" \/>\n\t<meta name=\"twitter:data1\" content=\"3 minutter\" \/>\n<script type=\"application\/ld+json\" class=\"yoast-schema-graph\">{\"@context\":\"https:\/\/schema.org\",\"@graph\":[{\"@type\":\"WebPage\",\"@id\":\"https:\/\/sxflightcase.com\/product\/flight-case-corner-protector-coa301\/\",\"url\":\"https:\/\/sxflightcase.com\/product\/flight-case-corner-protector-coa301\/\",\"name\":\"Flight Case Corner Protector COA301 - https:\/\/sxflightcase.com \ud83d\udc97\",\"isPartOf\":{\"@id\":\"https:\/\/sxflightcase.com\/th\/#website\"},\"primaryImageOfPage\":{\"@id\":\"https:\/\/sxflightcase.com\/product\/flight-case-corner-protector-coa301\/#primaryimage\"},\"image\":{\"@id\":\"https:\/\/sxflightcase.com\/product\/flight-case-corner-protector-coa301\/#primaryimage\"},\"thumbnailUrl\":\"https:\/\/sxflightcase.com\/wp-content\/uploads\/2024\/08\/COA301.jpg\",\"datePublished\":\"2024-08-16T07:45:16+00:00\",\"dateModified\":\"2024-08-16T07:45:17+00:00\",\"description\":\"Flight case corner protector, factory direct! High-quality, durable edge protection for flight cases. Safeguards equipment from impact during transport, ensuring long-lasting reliability.\",\"breadcrumb\":{\"@id\":\"https:\/\/sxflightcase.com\/product\/flight-case-corner-protector-coa301\/#breadcrumb\"},\"inLanguage\":\"da-DK\",\"potentialAction\":[{\"@type\":\"ReadAction\",\"target\":[\"https:\/\/sxflightcase.com\/product\/flight-case-corner-protector-coa301\/\"]}]},{\"@type\":\"ImageObject\",\"inLanguage\":\"da-DK\",\"@id\":\"https:\/\/sxflightcase.com\/product\/flight-case-corner-protector-coa301\/#primaryimage\",\"url\":\"https:\/\/sxflightcase.com\/wp-content\/uploads\/2024\/08\/COA301.jpg\",\"contentUrl\":\"https:\/\/sxflightcase.com\/wp-content\/uploads\/2024\/08\/COA301.jpg\",\"width\":253,\"height\":235,\"caption\":\"Flight Case Corner Protector\"},{\"@type\":\"BreadcrumbList\",\"@id\":\"https:\/\/sxflightcase.com\/product\/flight-case-corner-protector-coa301\/#breadcrumb\",\"itemListElement\":[{\"@type\":\"ListItem\",\"position\":1,\"name\":\"Home\",\"item\":\"https:\/\/sxflightcase.com\/\"},{\"@type\":\"ListItem\",\"position\":2,\"name\":\"\u0e2a\u0e34\u0e19\u0e04\u0e49\u0e32\",\"item\":\"https:\/\/sxflightcase.com\/th\/shop\/\"},{\"@type\":\"ListItem\",\"position\":3,\"name\":\"Flight Case Corner Protector COA301\"}]},{\"@type\":\"WebSite\",\"@id\":\"https:\/\/sxflightcase.com\/th\/#website\",\"url\":\"https:\/\/sxflightcase.com\/th\/\",\"name\":\"sxpowercase.com\",\"description\":\"Flight Case Factory\",\"publisher\":{\"@id\":\"https:\/\/sxflightcase.com\/th\/#organization\"},\"potentialAction\":[{\"@type\":\"SearchAction\",\"target\":{\"@type\":\"EntryPoint\",\"urlTemplate\":\"https:\/\/sxflightcase.com\/th\/?s={search_term_string}\"},\"query-input\":{\"@type\":\"PropertyValueSpecification\",\"valueRequired\":true,\"valueName\":\"search_term_string\"}}],\"inLanguage\":\"da-DK\"},{\"@type\":\"Organization\",\"@id\":\"https:\/\/sxflightcase.com\/th\/#organization\",\"name\":\"sxpowercase.com\",\"url\":\"https:\/\/sxflightcase.com\/th\/\",\"logo\":{\"@type\":\"ImageObject\",\"inLanguage\":\"da-DK\",\"@id\":\"https:\/\/sxflightcase.com\/th\/#\/schema\/logo\/image\/\",\"url\":\"https:\/\/sxflightcase.com\/wp-content\/uploads\/2024\/04\/1713919036007.jpg\",\"contentUrl\":\"https:\/\/sxflightcase.com\/wp-content\/uploads\/2024\/04\/1713919036007.jpg\",\"width\":382,\"height\":388,\"caption\":\"sxpowercase.com\"},\"image\":{\"@id\":\"https:\/\/sxflightcase.com\/th\/#\/schema\/logo\/image\/\"},\"sameAs\":[\"https:\/\/www.facebook.com\/profile.php?id=61560407257971\"],\"numberOfEmployees\":{\"@type\":\"QuantitativeValue\",\"minValue\":\"11\",\"maxValue\":\"50\"}}]}<\/script>\n<!-- \/ Yoast SEO Premium plugin. -->","yoast_head_json":{"title":"Flight Case Corner Protector COA301 - https:\/\/sxflightcase.com \ud83d\udc97","description":"Hj\u00f8rnebeskyttelse til flightcases, direkte fra fabrikken! Holdbar kantbeskyttelse af h\u00f8j kvalitet til flightcases. Beskytter udstyret mod st\u00f8d under transport og sikrer langvarig p\u00e5lidelighed.","robots":{"index":"index","follow":"follow","max-snippet":"max-snippet:-1","max-image-preview":"max-image-preview:large","max-video-preview":"max-video-preview:-1"},"canonical":"https:\/\/sxflightcase.com\/da\/vare\/flightcase-hjornebeskytter-coa301\/","og_locale":"da_DK","og_type":"article","og_title":"Flight Case Corner Protector COA301","og_description":"Flight case corner protector, factory direct! High-quality, durable edge protection for flight cases. Safeguards equipment from impact during transport, ensuring long-lasting reliability.","og_url":"https:\/\/sxflightcase.com\/da\/vare\/flightcase-hjornebeskytter-coa301\/","og_site_name":"https:\/\/sxflightcase.com","article_publisher":"https:\/\/www.facebook.com\/profile.php?id=61560407257971","article_modified_time":"2024-08-16T07:45:17+00:00","og_image":[{"width":253,"height":235,"url":"https:\/\/sxflightcase.com\/wp-content\/uploads\/2024\/08\/COA301.jpg","type":"image\/jpeg"}],"twitter_card":"summary_large_image","twitter_misc":{"Estimeret l\u00e6setid":"3 minutter"},"schema":{"@context":"https:\/\/schema.org","@graph":[{"@type":"WebPage","@id":"https:\/\/sxflightcase.com\/product\/flight-case-corner-protector-coa301\/","url":"https:\/\/sxflightcase.com\/product\/flight-case-corner-protector-coa301\/","name":"Flight Case Corner Protector COA301 - https:\/\/sxflightcase.com \ud83d\udc97","isPartOf":{"@id":"https:\/\/sxflightcase.com\/th\/#website"},"primaryImageOfPage":{"@id":"https:\/\/sxflightcase.com\/product\/flight-case-corner-protector-coa301\/#primaryimage"},"image":{"@id":"https:\/\/sxflightcase.com\/product\/flight-case-corner-protector-coa301\/#primaryimage"},"thumbnailUrl":"https:\/\/sxflightcase.com\/wp-content\/uploads\/2024\/08\/COA301.jpg","datePublished":"2024-08-16T07:45:16+00:00","dateModified":"2024-08-16T07:45:17+00:00","description":"Hj\u00f8rnebeskyttelse til flightcases, direkte fra fabrikken! Holdbar kantbeskyttelse af h\u00f8j kvalitet til flightcases. Beskytter udstyret mod st\u00f8d under transport og sikrer langvarig p\u00e5lidelighed.","breadcrumb":{"@id":"https:\/\/sxflightcase.com\/product\/flight-case-corner-protector-coa301\/#breadcrumb"},"inLanguage":"da-DK","potentialAction":[{"@type":"ReadAction","target":["https:\/\/sxflightcase.com\/product\/flight-case-corner-protector-coa301\/"]}]},{"@type":"ImageObject","inLanguage":"da-DK","@id":"https:\/\/sxflightcase.com\/product\/flight-case-corner-protector-coa301\/#primaryimage","url":"https:\/\/sxflightcase.com\/wp-content\/uploads\/2024\/08\/COA301.jpg","contentUrl":"https:\/\/sxflightcase.com\/wp-content\/uploads\/2024\/08\/COA301.jpg","width":253,"height":235,"caption":"Flight Case Corner Protector"},{"@type":"BreadcrumbList","@id":"https:\/\/sxflightcase.com\/product\/flight-case-corner-protector-coa301\/#breadcrumb","itemListElement":[{"@type":"ListItem","position":1,"name":"Home","item":"https:\/\/sxflightcase.com\/"},{"@type":"ListItem","position":2,"name":"\u0e2a\u0e34\u0e19\u0e04\u0e49\u0e32","item":"https:\/\/sxflightcase.com\/th\/shop\/"},{"@type":"ListItem","position":3,"name":"Flight Case Corner Protector COA301"}]},{"@type":"WebSite","@id":"https:\/\/sxflightcase.com\/th\/#website","url":"https:\/\/sxflightcase.com\/th\/","name":"sxpowercase.com","description":"Flight Case Factory","publisher":{"@id":"https:\/\/sxflightcase.com\/th\/#organization"},"potentialAction":[{"@type":"SearchAction","target":{"@type":"EntryPoint","urlTemplate":"https:\/\/sxflightcase.com\/th\/?s={search_term_string}"},"query-input":{"@type":"PropertyValueSpecification","valueRequired":true,"valueName":"search_term_string"}}],"inLanguage":"da-DK"},{"@type":"Organization","@id":"https:\/\/sxflightcase.com\/th\/#organization","name":"sxpowercase.com","url":"https:\/\/sxflightcase.com\/th\/","logo":{"@type":"ImageObject","inLanguage":"da-DK","@id":"https:\/\/sxflightcase.com\/th\/#\/schema\/logo\/image\/","url":"https:\/\/sxflightcase.com\/wp-content\/uploads\/2024\/04\/1713919036007.jpg","contentUrl":"https:\/\/sxflightcase.com\/wp-content\/uploads\/2024\/04\/1713919036007.jpg","width":382,"height":388,"caption":"sxpowercase.com"},"image":{"@id":"https:\/\/sxflightcase.com\/th\/#\/schema\/logo\/image\/"},"sameAs":["https:\/\/www.facebook.com\/profile.php?id=61560407257971"],"numberOfEmployees":{"@type":"QuantitativeValue","minValue":"11","maxValue":"50"}}]}},"_links":{"self":[{"href":"https:\/\/sxflightcase.com\/da\/wp-json\/wp\/v2\/product\/4138","targetHints":{"allow":["GET"]}}],"collection":[{"href":"https:\/\/sxflightcase.com\/da\/wp-json\/wp\/v2\/product"}],"about":[{"href":"https:\/\/sxflightcase.com\/da\/wp-json\/wp\/v2\/types\/product"}],"replies":[{"embeddable":true,"href":"https:\/\/sxflightcase.com\/da\/wp-json\/wp\/v2\/comments?post=4138"}],"version-history":[{"count":0,"href":"https:\/\/sxflightcase.com\/da\/wp-json\/wp\/v2\/product\/4138\/revisions"}],"wp:featuredmedia":[{"embeddable":true,"href":"https:\/\/sxflightcase.com\/da\/wp-json\/wp\/v2\/media\/4088"}],"wp:attachment":[{"href":"https:\/\/sxflightcase.com\/da\/wp-json\/wp\/v2\/media?parent=4138"}],"wp:term":[{"taxonomy":"product_brand","embeddable":true,"href":"https:\/\/sxflightcase.com\/da\/wp-json\/wp\/v2\/product_brand?post=4138"},{"taxonomy":"product_cat","embeddable":true,"href":"https:\/\/sxflightcase.com\/da\/wp-json\/wp\/v2\/product_cat?post=4138"},{"taxonomy":"product_tag","embeddable":true,"href":"https:\/\/sxflightcase.com\/da\/wp-json\/wp\/v2\/product_tag?post=4138"}],"curies":[{"name":"wp","href":"https:\/\/api.w.org\/{rel}","templated":true}]}}