{"id":4144,"date":"2024-08-20T07:44:04","date_gmt":"2024-08-20T06:44:04","guid":{"rendered":"https:\/\/sxpowercase.com\/?post_type=product&#038;p=4144"},"modified":"2024-08-20T07:44:05","modified_gmt":"2024-08-20T06:44:05","slug":"road-case-corner-cob401","status":"publish","type":"product","link":"https:\/\/sxflightcase.com\/da\/vare\/vejkasse-hjorne-cob401-2\/","title":{"rendered":"Road Case Corner COB401"},"content":{"rendered":"<h3>SX Road Case Corner: Uundv\u00e6rlig beskyttelse af dit udstyr<\/h3>\n<h4>Robust beskyttelse af dit v\u00e6rdifulde udstyr<\/h4>\n<p>N\u00e5r det g\u00e6lder om at beskytte dit udstyr under transport, er <strong>SX <span style=\"color: #3366ff;\"><a style=\"color: #3366ff;\" href=\"https:\/\/sxpowercase.com\/product\/road-case-corner-coa302\/\">Hj\u00f8rne af vejkasse<\/a><\/span><\/strong> er din l\u00f8sning. Disse robuste hj\u00f8rnebeskyttere er konstrueret til at absorbere st\u00f8d og forhindre skader p\u00e5 din taske og det v\u00e6rdifulde indhold indeni. Uanset om du er p\u00e5 farten eller p\u00e5 lageret, s\u00f8rger de for, at dit udstyr forbliver sikkert.<\/p>\n<h4>Holdbar konstruktion til kr\u00e6vende milj\u00f8er<\/h4>\n<p><a href=\"https:\/\/sxpowercase.com\/\" target=\"_blank\" rel=\"noopener\" title=\"SX\" data-wpil-monitor-id=\"674\">SX<\/a> forst\u00e5r kravene til professionel brug, hvilket er grunden til, at vores <strong>Vejkassehj\u00f8rner<\/strong> er fremstillet af robuste, langtidsholdbare materialer. De er bygget til at modst\u00e5 gentagen h\u00e5ndtering, h\u00e5rdh\u00e6ndet transport og barske milj\u00f8er. Vores priser direkte fra fabrikken betyder, at du f\u00e5r h\u00f8j kvalitet til en overkommelig pris, hvilket g\u00f8r SX til det smarte valg for p\u00e5lidelige kuffertkomponenter.<\/p>\n<h4>Nem installation og perfekt kompatibilitet<\/h4>\n<p>Vores <strong>Vejkassehj\u00f8rner<\/strong> er pr\u00e6cisionsdesignet til at passe til de fleste standardkufferter. Med enkel installation forbedrer de b\u00e5de beskyttelse og udseende. SX fokuserer p\u00e5 at levere produkter, der giver en problemfri pasform, overlegen beskyttelse og enest\u00e5ende v\u00e6rdi.<\/p>\n<h4>Tilpasning til specifikke behov<\/h4>\n<p>Forskellige projekter kr\u00e6ver forskellige l\u00f8sninger. Det er derfor, SX tilbyder skr\u00e6ddersyede muligheder for vores <strong>Vejkassehj\u00f8rner<\/strong>. V\u00e6lg den st\u00f8rrelse, det materiale og den finish, der passer til dine behov for etui og beskyttelse, og nyd samtidig fordelene ved direkte fabriksbesparelser og kvalitetssikring.<\/p>\n<h4>P\u00e5lidelig ydeevne p\u00e5 tv\u00e6rs af brancher<\/h4>\n<p>Professionelle inden for underholdning, produktion og event management stoler p\u00e5, at SX leverer kvalitet, de kan stole p\u00e5. Vores <strong>Vejkassehj\u00f8rner<\/strong> er et foretrukket valg p\u00e5 grund af deres robuste beskyttelse og \u00f8konomiske priser. Med SX f\u00e5r du komponenter, der er bygget til at holde, designet til brug i den virkelige verden og tilg\u00e6ngelige til uovertrufne priser.<\/p>\n<h4>Prisbillig ekspertise med fabrikspriser<\/h4>\n<p>Hos SX kombinerer vi kvalitet og omkostningseffektivitet. Vores <strong>Vejkassehj\u00f8rner<\/strong> f\u00e5s til priser direkte fra producenten, hvilket giver dig fremragende v\u00e6rdi for pengene. Vi g\u00f8r det nemt at udstyre dine kufferter med holdbare, beskyttende komponenter uden at belaste dit budget.<\/p>\n<h4>Overlegen kvalitet til konkurrencedygtige priser<\/h4>\n<p>At v\u00e6lge SX betyder at v\u00e6lge produkter, der balancerer kvalitet, holdbarhed og overkommelige priser. Vores <strong>Vejkassehj\u00f8rner<\/strong> er designet til at opfylde behovene hos professionelle, der kr\u00e6ver b\u00e5de ydeevne og v\u00e6rdi. Kontakt SX i dag for at f\u00e5 mere at vide om, hvordan vores beskyttelsesl\u00f8sninger kan underst\u00f8tte dine krav til road case.<\/p>\n<p>Kontakt nu:<span style=\"color: #0000ff;\"><a style=\"color: #0000ff;\" href=\"https:\/\/sxpowercase.com\/contact-us\/\">https:\/\/sxpowercase.com\/<\/a><\/span><\/p>\n<p>Hardware produktkatalog:<span style=\"color: #3366ff;\"><a style=\"color: #3366ff;\" href=\"https:\/\/sxpowercase.com\/wp-content\/uploads\/2024\/07\/\u4e94\u91d1.pdf\">Hardware tilbeh\u00f8r katalog<\/a><\/span><\/p>","protected":false},"excerpt":{"rendered":"<h3>SX Road Case hj\u00f8rner: Ultimativ beskyttelse af dit udstyr<\/h3>\n<p>S\u00f8rg for, at dit udstyr forbliver sikkert med SX Road Case Corners. Disse hj\u00f8rnebeskyttere er designet til at modst\u00e5 st\u00f8d og giver f\u00f8rsteklasses holdbarhed til fabriksn\u00e6re priser, hvilket g\u00f8r dem perfekte til professionel brug.<\/p>\n<h3>Kraftig konstruktion for langvarig ydelse<\/h3>\n<p>SX Road Case Corners er bygget af h\u00e5rde materialer til at modst\u00e5 barske forhold. Uanset om du skal p\u00e5 tur eller til events, kan du stole p\u00e5, at SX giver dig p\u00e5lidelig beskyttelse, der ikke koster en formue.<\/p>\n<h3>Tilpassede muligheder for en perfekt pasform<\/h3>\n<p>Skr\u00e6ddersy dine SX Road Case Corners med st\u00f8rrelser og materialer, der kan tilpasses. F\u00e5 pr\u00e6cis den beskyttelse, du har brug for, med kvalitet til en overkommelig pris.<\/p>","protected":false},"featured_media":4090,"comment_status":"open","ping_status":"closed","template":"","meta":[],"product_brand":[],"product_cat":[63],"product_tag":[],"class_list":{"0":"post-4144","1":"product","2":"type-product","3":"status-publish","4":"has-post-thumbnail","6":"product_cat-corners","8":"first","9":"instock","10":"shipping-taxable","11":"product-type-simple"},"yoast_head":"<!-- This site is optimized with the Yoast SEO Premium plugin v27.1 (Yoast SEO v27.2) - https:\/\/yoast.com\/product\/yoast-seo-premium-wordpress\/ -->\n<title>Road Case Corner COB401 - https:\/\/sxflightcase.com \ud83d\udc97<\/title>\n<meta name=\"description\" content=\"Road case corner, factory direct! Durable, high-quality protection for case edges. Prevents damage during transport, ensuring long-lasting reliability for your equipment. Ideal for heavy-duty use.\" \/>\n<meta name=\"robots\" content=\"index, follow, max-snippet:-1, max-image-preview:large, max-video-preview:-1\" \/>\n<link rel=\"canonical\" href=\"https:\/\/sxflightcase.com\/da\/\u88fd\u54c1\/\u30ed\u30fc\u30c9\u30b1\u30fc\u30b9\u30b3\u30fc\u30ca\u30fc-cob401-2\/\" \/>\n<meta property=\"og:locale\" content=\"da_DK\" \/>\n<meta property=\"og:type\" content=\"article\" \/>\n<meta property=\"og:title\" content=\"Road Case Corner COB401\" \/>\n<meta property=\"og:description\" content=\"Road case corner, factory direct! Durable, high-quality protection for case edges. Prevents damage during transport, ensuring long-lasting reliability for your equipment. Ideal for heavy-duty use.\" \/>\n<meta property=\"og:url\" content=\"https:\/\/sxflightcase.com\/da\/\u88fd\u54c1\/\u30ed\u30fc\u30c9\u30b1\u30fc\u30b9\u30b3\u30fc\u30ca\u30fc-cob401-2\/\" \/>\n<meta property=\"og:site_name\" content=\"https:\/\/sxflightcase.com\" \/>\n<meta property=\"article:publisher\" content=\"https:\/\/www.facebook.com\/profile.php?id=61560407257971\" \/>\n<meta property=\"article:modified_time\" content=\"2024-08-20T06:44:05+00:00\" \/>\n<meta property=\"og:image\" content=\"https:\/\/sxflightcase.com\/wp-content\/uploads\/2024\/08\/COB401.jpg\" \/>\n\t<meta property=\"og:image:width\" content=\"700\" \/>\n\t<meta property=\"og:image:height\" content=\"700\" \/>\n\t<meta property=\"og:image:type\" content=\"image\/jpeg\" \/>\n<meta name=\"twitter:card\" content=\"summary_large_image\" \/>\n<meta name=\"twitter:label1\" content=\"Estimeret l\u00e6setid\" \/>\n\t<meta name=\"twitter:data1\" content=\"3 minutter\" \/>\n<script type=\"application\/ld+json\" class=\"yoast-schema-graph\">{\"@context\":\"https:\/\/schema.org\",\"@graph\":[{\"@type\":\"WebPage\",\"@id\":\"https:\/\/sxflightcase.com\/ja\/\u88fd\u54c1\/\u30ed\u30fc\u30c9\u30b1\u30fc\u30b9\u30b3\u30fc\u30ca\u30fc-cob401-2\/\",\"url\":\"https:\/\/sxflightcase.com\/ja\/\u88fd\u54c1\/\u30ed\u30fc\u30c9\u30b1\u30fc\u30b9\u30b3\u30fc\u30ca\u30fc-cob401-2\/\",\"name\":\"Road Case Corner COB401 - https:\/\/sxflightcase.com \ud83d\udc97\",\"isPartOf\":{\"@id\":\"https:\/\/sxflightcase.com\/th\/#website\"},\"primaryImageOfPage\":{\"@id\":\"https:\/\/sxflightcase.com\/ja\/\u88fd\u54c1\/\u30ed\u30fc\u30c9\u30b1\u30fc\u30b9\u30b3\u30fc\u30ca\u30fc-cob401-2\/#primaryimage\"},\"image\":{\"@id\":\"https:\/\/sxflightcase.com\/ja\/\u88fd\u54c1\/\u30ed\u30fc\u30c9\u30b1\u30fc\u30b9\u30b3\u30fc\u30ca\u30fc-cob401-2\/#primaryimage\"},\"thumbnailUrl\":\"https:\/\/sxflightcase.com\/wp-content\/uploads\/2024\/08\/COB401.jpg\",\"datePublished\":\"2024-08-20T06:44:04+00:00\",\"dateModified\":\"2024-08-20T06:44:05+00:00\",\"description\":\"Road case corner, factory direct! Durable, high-quality protection for case edges. Prevents damage during transport, ensuring long-lasting reliability for your equipment. Ideal for heavy-duty use.\",\"breadcrumb\":{\"@id\":\"https:\/\/sxflightcase.com\/ja\/\u88fd\u54c1\/\u30ed\u30fc\u30c9\u30b1\u30fc\u30b9\u30b3\u30fc\u30ca\u30fc-cob401-2\/#breadcrumb\"},\"inLanguage\":\"da-DK\",\"potentialAction\":[{\"@type\":\"ReadAction\",\"target\":[\"https:\/\/sxflightcase.com\/ja\/\u88fd\u54c1\/\u30ed\u30fc\u30c9\u30b1\u30fc\u30b9\u30b3\u30fc\u30ca\u30fc-cob401-2\/\"]}]},{\"@type\":\"ImageObject\",\"inLanguage\":\"da-DK\",\"@id\":\"https:\/\/sxflightcase.com\/ja\/\u88fd\u54c1\/\u30ed\u30fc\u30c9\u30b1\u30fc\u30b9\u30b3\u30fc\u30ca\u30fc-cob401-2\/#primaryimage\",\"url\":\"https:\/\/sxflightcase.com\/wp-content\/uploads\/2024\/08\/COB401.jpg\",\"contentUrl\":\"https:\/\/sxflightcase.com\/wp-content\/uploads\/2024\/08\/COB401.jpg\",\"width\":700,\"height\":700,\"caption\":\"Road Case Corner\"},{\"@type\":\"BreadcrumbList\",\"@id\":\"https:\/\/sxflightcase.com\/ja\/\u88fd\u54c1\/\u30ed\u30fc\u30c9\u30b1\u30fc\u30b9\u30b3\u30fc\u30ca\u30fc-cob401-2\/#breadcrumb\",\"itemListElement\":[{\"@type\":\"ListItem\",\"position\":1,\"name\":\"Home\",\"item\":\"https:\/\/sxflightcase.com\/\"},{\"@type\":\"ListItem\",\"position\":2,\"name\":\"\u0e2a\u0e34\u0e19\u0e04\u0e49\u0e32\",\"item\":\"https:\/\/sxflightcase.com\/th\/shop\/\"},{\"@type\":\"ListItem\",\"position\":3,\"name\":\"Road Case Corner COB401\"}]},{\"@type\":\"WebSite\",\"@id\":\"https:\/\/sxflightcase.com\/th\/#website\",\"url\":\"https:\/\/sxflightcase.com\/th\/\",\"name\":\"sxpowercase.com\",\"description\":\"Flight Case Factory\",\"publisher\":{\"@id\":\"https:\/\/sxflightcase.com\/th\/#organization\"},\"potentialAction\":[{\"@type\":\"SearchAction\",\"target\":{\"@type\":\"EntryPoint\",\"urlTemplate\":\"https:\/\/sxflightcase.com\/th\/?s={search_term_string}\"},\"query-input\":{\"@type\":\"PropertyValueSpecification\",\"valueRequired\":true,\"valueName\":\"search_term_string\"}}],\"inLanguage\":\"da-DK\"},{\"@type\":\"Organization\",\"@id\":\"https:\/\/sxflightcase.com\/th\/#organization\",\"name\":\"sxpowercase.com\",\"url\":\"https:\/\/sxflightcase.com\/th\/\",\"logo\":{\"@type\":\"ImageObject\",\"inLanguage\":\"da-DK\",\"@id\":\"https:\/\/sxflightcase.com\/th\/#\/schema\/logo\/image\/\",\"url\":\"https:\/\/sxflightcase.com\/wp-content\/uploads\/2024\/04\/1713919036007.jpg\",\"contentUrl\":\"https:\/\/sxflightcase.com\/wp-content\/uploads\/2024\/04\/1713919036007.jpg\",\"width\":382,\"height\":388,\"caption\":\"sxpowercase.com\"},\"image\":{\"@id\":\"https:\/\/sxflightcase.com\/th\/#\/schema\/logo\/image\/\"},\"sameAs\":[\"https:\/\/www.facebook.com\/profile.php?id=61560407257971\"],\"numberOfEmployees\":{\"@type\":\"QuantitativeValue\",\"minValue\":\"11\",\"maxValue\":\"50\"}}]}<\/script>\n<!-- \/ Yoast SEO Premium plugin. -->","yoast_head_json":{"title":"Road Case Corner COB401 - https:\/\/sxflightcase.com \ud83d\udc97","description":"Road case corner, direkte fra fabrikken! Holdbar beskyttelse af h\u00f8j kvalitet til kuffertens kanter. Forhindrer skader under transport og sikrer langvarig p\u00e5lidelighed for dit udstyr. Ideel til kr\u00e6vende brug.","robots":{"index":"index","follow":"follow","max-snippet":"max-snippet:-1","max-image-preview":"max-image-preview:large","max-video-preview":"max-video-preview:-1"},"canonical":"https:\/\/sxflightcase.com\/da\/\u88fd\u54c1\/\u30ed\u30fc\u30c9\u30b1\u30fc\u30b9\u30b3\u30fc\u30ca\u30fc-cob401-2\/","og_locale":"da_DK","og_type":"article","og_title":"Road Case Corner COB401","og_description":"Road case corner, factory direct! Durable, high-quality protection for case edges. Prevents damage during transport, ensuring long-lasting reliability for your equipment. Ideal for heavy-duty use.","og_url":"https:\/\/sxflightcase.com\/da\/\u88fd\u54c1\/\u30ed\u30fc\u30c9\u30b1\u30fc\u30b9\u30b3\u30fc\u30ca\u30fc-cob401-2\/","og_site_name":"https:\/\/sxflightcase.com","article_publisher":"https:\/\/www.facebook.com\/profile.php?id=61560407257971","article_modified_time":"2024-08-20T06:44:05+00:00","og_image":[{"width":700,"height":700,"url":"https:\/\/sxflightcase.com\/wp-content\/uploads\/2024\/08\/COB401.jpg","type":"image\/jpeg"}],"twitter_card":"summary_large_image","twitter_misc":{"Estimeret l\u00e6setid":"3 minutter"},"schema":{"@context":"https:\/\/schema.org","@graph":[{"@type":"WebPage","@id":"https:\/\/sxflightcase.com\/ja\/\u88fd\u54c1\/\u30ed\u30fc\u30c9\u30b1\u30fc\u30b9\u30b3\u30fc\u30ca\u30fc-cob401-2\/","url":"https:\/\/sxflightcase.com\/ja\/\u88fd\u54c1\/\u30ed\u30fc\u30c9\u30b1\u30fc\u30b9\u30b3\u30fc\u30ca\u30fc-cob401-2\/","name":"Road Case Corner COB401 - https:\/\/sxflightcase.com \ud83d\udc97","isPartOf":{"@id":"https:\/\/sxflightcase.com\/th\/#website"},"primaryImageOfPage":{"@id":"https:\/\/sxflightcase.com\/ja\/\u88fd\u54c1\/\u30ed\u30fc\u30c9\u30b1\u30fc\u30b9\u30b3\u30fc\u30ca\u30fc-cob401-2\/#primaryimage"},"image":{"@id":"https:\/\/sxflightcase.com\/ja\/\u88fd\u54c1\/\u30ed\u30fc\u30c9\u30b1\u30fc\u30b9\u30b3\u30fc\u30ca\u30fc-cob401-2\/#primaryimage"},"thumbnailUrl":"https:\/\/sxflightcase.com\/wp-content\/uploads\/2024\/08\/COB401.jpg","datePublished":"2024-08-20T06:44:04+00:00","dateModified":"2024-08-20T06:44:05+00:00","description":"Road case corner, direkte fra fabrikken! Holdbar beskyttelse af h\u00f8j kvalitet til kuffertens kanter. Forhindrer skader under transport og sikrer langvarig p\u00e5lidelighed for dit udstyr. Ideel til kr\u00e6vende brug.","breadcrumb":{"@id":"https:\/\/sxflightcase.com\/ja\/\u88fd\u54c1\/\u30ed\u30fc\u30c9\u30b1\u30fc\u30b9\u30b3\u30fc\u30ca\u30fc-cob401-2\/#breadcrumb"},"inLanguage":"da-DK","potentialAction":[{"@type":"ReadAction","target":["https:\/\/sxflightcase.com\/ja\/\u88fd\u54c1\/\u30ed\u30fc\u30c9\u30b1\u30fc\u30b9\u30b3\u30fc\u30ca\u30fc-cob401-2\/"]}]},{"@type":"ImageObject","inLanguage":"da-DK","@id":"https:\/\/sxflightcase.com\/ja\/\u88fd\u54c1\/\u30ed\u30fc\u30c9\u30b1\u30fc\u30b9\u30b3\u30fc\u30ca\u30fc-cob401-2\/#primaryimage","url":"https:\/\/sxflightcase.com\/wp-content\/uploads\/2024\/08\/COB401.jpg","contentUrl":"https:\/\/sxflightcase.com\/wp-content\/uploads\/2024\/08\/COB401.jpg","width":700,"height":700,"caption":"Road Case Corner"},{"@type":"BreadcrumbList","@id":"https:\/\/sxflightcase.com\/ja\/\u88fd\u54c1\/\u30ed\u30fc\u30c9\u30b1\u30fc\u30b9\u30b3\u30fc\u30ca\u30fc-cob401-2\/#breadcrumb","itemListElement":[{"@type":"ListItem","position":1,"name":"Home","item":"https:\/\/sxflightcase.com\/"},{"@type":"ListItem","position":2,"name":"\u0e2a\u0e34\u0e19\u0e04\u0e49\u0e32","item":"https:\/\/sxflightcase.com\/th\/shop\/"},{"@type":"ListItem","position":3,"name":"Road Case Corner COB401"}]},{"@type":"WebSite","@id":"https:\/\/sxflightcase.com\/th\/#website","url":"https:\/\/sxflightcase.com\/th\/","name":"sxpowercase.com","description":"Flight Case Factory","publisher":{"@id":"https:\/\/sxflightcase.com\/th\/#organization"},"potentialAction":[{"@type":"SearchAction","target":{"@type":"EntryPoint","urlTemplate":"https:\/\/sxflightcase.com\/th\/?s={search_term_string}"},"query-input":{"@type":"PropertyValueSpecification","valueRequired":true,"valueName":"search_term_string"}}],"inLanguage":"da-DK"},{"@type":"Organization","@id":"https:\/\/sxflightcase.com\/th\/#organization","name":"sxpowercase.com","url":"https:\/\/sxflightcase.com\/th\/","logo":{"@type":"ImageObject","inLanguage":"da-DK","@id":"https:\/\/sxflightcase.com\/th\/#\/schema\/logo\/image\/","url":"https:\/\/sxflightcase.com\/wp-content\/uploads\/2024\/04\/1713919036007.jpg","contentUrl":"https:\/\/sxflightcase.com\/wp-content\/uploads\/2024\/04\/1713919036007.jpg","width":382,"height":388,"caption":"sxpowercase.com"},"image":{"@id":"https:\/\/sxflightcase.com\/th\/#\/schema\/logo\/image\/"},"sameAs":["https:\/\/www.facebook.com\/profile.php?id=61560407257971"],"numberOfEmployees":{"@type":"QuantitativeValue","minValue":"11","maxValue":"50"}}]}},"_links":{"self":[{"href":"https:\/\/sxflightcase.com\/da\/wp-json\/wp\/v2\/product\/4144","targetHints":{"allow":["GET"]}}],"collection":[{"href":"https:\/\/sxflightcase.com\/da\/wp-json\/wp\/v2\/product"}],"about":[{"href":"https:\/\/sxflightcase.com\/da\/wp-json\/wp\/v2\/types\/product"}],"replies":[{"embeddable":true,"href":"https:\/\/sxflightcase.com\/da\/wp-json\/wp\/v2\/comments?post=4144"}],"version-history":[{"count":0,"href":"https:\/\/sxflightcase.com\/da\/wp-json\/wp\/v2\/product\/4144\/revisions"}],"wp:featuredmedia":[{"embeddable":true,"href":"https:\/\/sxflightcase.com\/da\/wp-json\/wp\/v2\/media\/4090"}],"wp:attachment":[{"href":"https:\/\/sxflightcase.com\/da\/wp-json\/wp\/v2\/media?parent=4144"}],"wp:term":[{"taxonomy":"product_brand","embeddable":true,"href":"https:\/\/sxflightcase.com\/da\/wp-json\/wp\/v2\/product_brand?post=4144"},{"taxonomy":"product_cat","embeddable":true,"href":"https:\/\/sxflightcase.com\/da\/wp-json\/wp\/v2\/product_cat?post=4144"},{"taxonomy":"product_tag","embeddable":true,"href":"https:\/\/sxflightcase.com\/da\/wp-json\/wp\/v2\/product_tag?post=4144"}],"curies":[{"name":"wp","href":"https:\/\/api.w.org\/{rel}","templated":true}]}}