{"id":4147,"date":"2024-08-20T07:54:30","date_gmt":"2024-08-20T06:54:30","guid":{"rendered":"https:\/\/sxpowercase.com\/?post_type=product&#038;p=4147"},"modified":"2024-08-20T07:54:31","modified_gmt":"2024-08-20T06:54:31","slug":"road-case-corner-protectors-coc502","status":"publish","type":"product","link":"https:\/\/sxflightcase.com\/da\/vare\/road-case-hjornebeskyttere-coc502-2\/","title":{"rendered":"Road Case-hj\u00f8rnebeskyttere COC502"},"content":{"rendered":"<h3>Hold dit udstyr sikkert med SX Road Case-hj\u00f8rnebeskyttere<\/h3>\n<h4>Uundv\u00e6rlig beskyttelse til enhver rejse<\/h4>\n<p>N\u00e5r det handler om at beskytte dit v\u00e6rdifulde udstyr, er det de sm\u00e5 detaljer, der t\u00e6ller. SX tilbyder <strong>Road Case-hj\u00f8rnebeskyttere<\/strong> designet til at give en h\u00e5rdf\u00f8r, p\u00e5lidelig barriere mod de slag og st\u00f8d, der f\u00f8lger med hyppige rejser. Med disse beskyttere p\u00e5 plads er dit udstyr sikkert, og dine kufferter forbliver intakte, tur efter tur.<\/p>\n<h4>Bygget til h\u00e5rdf\u00f8r ydeevne<\/h4>\n<p>SX&#039;er <strong>Road Case-hj\u00f8rnebeskyttere<\/strong> er fremstillet af f\u00f8rsteklasses materialer, der er konstrueret til at modst\u00e5 barske milj\u00f8er og konstant brug. Uanset om du transporterer udstyr til en koncert, et studie eller en begivenhed, giver disse beskyttere dine kufferter et ekstra lag af holdbarhed. Fabriksdirekte priser sikrer, at du f\u00e5r produkter af h\u00f8j kvalitet uden de store omkostninger, hvilket g\u00f8r det nemt at beskytte dit udstyr.<\/p>\n<h4>Enkel installation, maksimal effektivitet<\/h4>\n<p>Installation <a href=\"https:\/\/sxpowercase.com\/\" target=\"_blank\" rel=\"noopener\" title=\"SX\" data-wpil-monitor-id=\"676\">SX<\/a> <strong>Road Case-hj\u00f8rnebeskyttere<\/strong> er ligetil og hurtig. Disse beskyttere er designet til at v\u00e6re universelt kompatible med forskellige kufferttyper og -st\u00f8rrelser. Denne tilpasningsevne betyder, at du kan forbedre din eksisterende ops\u00e6tning eller tilpasse nye tasker med minimal indsats. SX s\u00e6tter en \u00e6re i at tilbyde l\u00f8sninger, der er nemme at implementere og samtidig giver langsigtet v\u00e6rdi og beskyttelse.<\/p>\n<h4>Tilpassede muligheder skr\u00e6ddersyet til dine behov<\/h4>\n<p>Hver sag er unik, og det forst\u00e5r SX. Vores <strong>Road Case hj\u00f8rnebeskytter<\/strong>\u00a0kan tilpasses, s\u00e5 de matcher dine specifikke krav, uanset om det er materiale, st\u00f8rrelse eller finish. Denne fleksibilitet giver dig mulighed for at f\u00e5 pr\u00e6cis det, du har brug for, samtidig med at du kan drage fordel af SX's priser direkte fra fabrikken, som holder omkostningerne nede uden at g\u00e5 p\u00e5 kompromis med kvaliteten.<\/p>\n<h4>Betroet i professionelle sammenh\u00e6nge<\/h4>\n<p>SX&#039;er <strong>Road Case-hj\u00f8rnebeskyttere<\/strong> bruges af professionelle i hele musik-, underholdnings- og AV-branchen. De stoler p\u00e5, at vores produkter beskytter deres udstyr under transport og sikrer, at alt kommer frem i perfekt stand. N\u00e5r du v\u00e6lger SX, v\u00e6lger du et m\u00e6rke, der er kendt for p\u00e5lidelighed, v\u00e6rdi og en forpligtelse til ekspertise.<\/p>\n<h4>Prisbillig beskyttelse med sikker kvalitet<\/h4>\n<p>Takket v\u00e6re SX's fabriksn\u00e6re salgsmodel kan vores <strong>Road Case hj\u00f8rnebeskytter<\/strong>\u00a0er prissat konkurrencedygtigt uden at g\u00e5 p\u00e5 kompromis med kvaliteten. Du f\u00e5r robust beskyttelse af dit udstyr, mens du holder dine udgifter under kontrol. Hvert produkt gennemg\u00e5r strenge kvalitetskontroller, s\u00e5 du kan v\u00e6re sikker p\u00e5, at hvert k\u00f8b holder l\u00e6nge.<\/p>\n<h4>Kvalitet, du kan stole p\u00e5, til priser, du har r\u00e5d til<\/h4>\n<p>For effektiv og billig beskyttelse er SX's <a href=\"https:\/\/sxpowercase.com\/product\/road-case-corner-protectors-coc501\/\"><strong>Road Case-hj\u00f8rnebeskyttere<\/strong><\/a> er det smarte valg. Vores beskyttere giver dig den ro i sindet, der kommer af at vide, at dit udstyr er beskyttet mod skader, samtidig med at du opn\u00e5r betydelige besparelser gennem direkte priser fra fabrikken. Stol p\u00e5, at SX leverer p\u00e5lidelige, holdbare l\u00f8sninger, der opfylder dine professionelle behov.<\/p>\n<p>Kontakt nu:<span style=\"color: #0000ff;\"><a style=\"color: #0000ff;\" href=\"https:\/\/sxpowercase.com\/contact-us\/\">https:\/\/sxpowercase.com\/<\/a><\/span><\/p>\n<p>Hardware produktkatalog:<span style=\"color: #3366ff;\"><a style=\"color: #3366ff;\" href=\"https:\/\/sxpowercase.com\/wp-content\/uploads\/2024\/07\/\u4e94\u91d1.pdf\">Hardware tilbeh\u00f8r katalog<\/a><\/span><\/p>","protected":false},"excerpt":{"rendered":"<div class=\"flex max-w-full flex-col flex-grow\">\n<div class=\"\">\n<p>&nbsp;<\/p>\n<div class=\"flex w-full flex-col gap-1 empty:hidden first:pt-[3px]\">\n<div class=\"markdown prose w-full break-words dark:prose-invert light\">\n<h3>SX Road Case Corner Protectors: Ultimate Gear Defense<\/h3>\n<p>Safeguard your equipment during transport with SX Road Case Corner Protectors, designed to absorb harsh impacts and prevent damage. Get superior protection at factory-direct prices.<\/p>\n<h3>Built for Professional Durability<\/h3>\n<p>SX Corner Protectors are made from impact-resistant materials, ensuring your cases stay secure even with constant use. Enjoy long-lasting reliability without overspending.<\/p>\n<h3>Customizable Protection, Perfect Fit<\/h3>\n<p>SX offers customizable corner protectors to meet your specific needs. Easy to install and universally compatible, they provide tailored solutions for various case sizes and styles.<\/p>\n<\/div>\n<\/div>\n<\/div>\n<\/div>\n","protected":false},"featured_media":4092,"comment_status":"open","ping_status":"closed","template":"","meta":[],"product_brand":[],"product_cat":[63],"product_tag":[],"class_list":{"0":"post-4147","1":"product","2":"type-product","3":"status-publish","4":"has-post-thumbnail","6":"product_cat-corners","8":"first","9":"instock","10":"shipping-taxable","11":"product-type-simple"},"yoast_head":"<!-- This site is optimized with the Yoast SEO Premium plugin v27.1 (Yoast SEO v27.2) - https:\/\/yoast.com\/product\/yoast-seo-premium-wordpress\/ -->\n<title>Road Case Corner Protectors COC502 - https:\/\/sxflightcase.com \ud83d\udc97<\/title>\n<meta name=\"description\" content=\"Road case corner protectors, factory direct! High-quality, durable protection for case edges. Safeguards equipment during transport, ensuring long-lasting reliability for heavy-duty use.\" \/>\n<meta name=\"robots\" content=\"index, follow, max-snippet:-1, max-image-preview:large, max-video-preview:-1\" \/>\n<link rel=\"canonical\" href=\"https:\/\/sxflightcase.com\/da\/\uc81c\ud488\/\ub85c\ub4dc-\ucf00\uc774\uc2a4-\ucf54\ub108-\ud504\ub85c\ud14d\ud130-coc502-2\/\" \/>\n<meta property=\"og:locale\" content=\"da_DK\" \/>\n<meta property=\"og:type\" content=\"article\" \/>\n<meta property=\"og:title\" content=\"Road Case Corner Protectors COC502\" \/>\n<meta property=\"og:description\" content=\"Road case corner protectors, factory direct! High-quality, durable protection for case edges. Safeguards equipment during transport, ensuring long-lasting reliability for heavy-duty use.\" \/>\n<meta property=\"og:url\" content=\"https:\/\/sxflightcase.com\/da\/\uc81c\ud488\/\ub85c\ub4dc-\ucf00\uc774\uc2a4-\ucf54\ub108-\ud504\ub85c\ud14d\ud130-coc502-2\/\" \/>\n<meta property=\"og:site_name\" content=\"https:\/\/sxflightcase.com\" \/>\n<meta property=\"article:publisher\" content=\"https:\/\/www.facebook.com\/profile.php?id=61560407257971\" \/>\n<meta property=\"article:modified_time\" content=\"2024-08-20T06:54:31+00:00\" \/>\n<meta property=\"og:image\" content=\"https:\/\/sxflightcase.com\/wp-content\/uploads\/2024\/08\/COC502.jpg\" \/>\n\t<meta property=\"og:image:width\" content=\"520\" \/>\n\t<meta property=\"og:image:height\" content=\"520\" \/>\n\t<meta property=\"og:image:type\" content=\"image\/jpeg\" \/>\n<meta name=\"twitter:card\" content=\"summary_large_image\" \/>\n<meta name=\"twitter:label1\" content=\"Estimeret l\u00e6setid\" \/>\n\t<meta name=\"twitter:data1\" content=\"3 minutter\" \/>\n<script type=\"application\/ld+json\" class=\"yoast-schema-graph\">{\"@context\":\"https:\/\/schema.org\",\"@graph\":[{\"@type\":\"WebPage\",\"@id\":\"https:\/\/sxflightcase.com\/ko\/\uc81c\ud488\/\ub85c\ub4dc-\ucf00\uc774\uc2a4-\ucf54\ub108-\ud504\ub85c\ud14d\ud130-coc502-2\/\",\"url\":\"https:\/\/sxflightcase.com\/ko\/\uc81c\ud488\/\ub85c\ub4dc-\ucf00\uc774\uc2a4-\ucf54\ub108-\ud504\ub85c\ud14d\ud130-coc502-2\/\",\"name\":\"Road Case Corner Protectors COC502 - https:\/\/sxflightcase.com \ud83d\udc97\",\"isPartOf\":{\"@id\":\"https:\/\/sxflightcase.com\/th\/#website\"},\"primaryImageOfPage\":{\"@id\":\"https:\/\/sxflightcase.com\/ko\/\uc81c\ud488\/\ub85c\ub4dc-\ucf00\uc774\uc2a4-\ucf54\ub108-\ud504\ub85c\ud14d\ud130-coc502-2\/#primaryimage\"},\"image\":{\"@id\":\"https:\/\/sxflightcase.com\/ko\/\uc81c\ud488\/\ub85c\ub4dc-\ucf00\uc774\uc2a4-\ucf54\ub108-\ud504\ub85c\ud14d\ud130-coc502-2\/#primaryimage\"},\"thumbnailUrl\":\"https:\/\/sxflightcase.com\/wp-content\/uploads\/2024\/08\/COC502.jpg\",\"datePublished\":\"2024-08-20T06:54:30+00:00\",\"dateModified\":\"2024-08-20T06:54:31+00:00\",\"description\":\"Road case corner protectors, factory direct! High-quality, durable protection for case edges. Safeguards equipment during transport, ensuring long-lasting reliability for heavy-duty use.\",\"breadcrumb\":{\"@id\":\"https:\/\/sxflightcase.com\/ko\/\uc81c\ud488\/\ub85c\ub4dc-\ucf00\uc774\uc2a4-\ucf54\ub108-\ud504\ub85c\ud14d\ud130-coc502-2\/#breadcrumb\"},\"inLanguage\":\"da-DK\",\"potentialAction\":[{\"@type\":\"ReadAction\",\"target\":[\"https:\/\/sxflightcase.com\/ko\/\uc81c\ud488\/\ub85c\ub4dc-\ucf00\uc774\uc2a4-\ucf54\ub108-\ud504\ub85c\ud14d\ud130-coc502-2\/\"]}]},{\"@type\":\"ImageObject\",\"inLanguage\":\"da-DK\",\"@id\":\"https:\/\/sxflightcase.com\/ko\/\uc81c\ud488\/\ub85c\ub4dc-\ucf00\uc774\uc2a4-\ucf54\ub108-\ud504\ub85c\ud14d\ud130-coc502-2\/#primaryimage\",\"url\":\"https:\/\/sxflightcase.com\/wp-content\/uploads\/2024\/08\/COC502.jpg\",\"contentUrl\":\"https:\/\/sxflightcase.com\/wp-content\/uploads\/2024\/08\/COC502.jpg\",\"width\":520,\"height\":520,\"caption\":\"Road Case Corner Protectors\"},{\"@type\":\"BreadcrumbList\",\"@id\":\"https:\/\/sxflightcase.com\/ko\/\uc81c\ud488\/\ub85c\ub4dc-\ucf00\uc774\uc2a4-\ucf54\ub108-\ud504\ub85c\ud14d\ud130-coc502-2\/#breadcrumb\",\"itemListElement\":[{\"@type\":\"ListItem\",\"position\":1,\"name\":\"Home\",\"item\":\"https:\/\/sxflightcase.com\/\"},{\"@type\":\"ListItem\",\"position\":2,\"name\":\"\u0e2a\u0e34\u0e19\u0e04\u0e49\u0e32\",\"item\":\"https:\/\/sxflightcase.com\/th\/shop\/\"},{\"@type\":\"ListItem\",\"position\":3,\"name\":\"Road Case Corner Protectors COC502\"}]},{\"@type\":\"WebSite\",\"@id\":\"https:\/\/sxflightcase.com\/th\/#website\",\"url\":\"https:\/\/sxflightcase.com\/th\/\",\"name\":\"sxpowercase.com\",\"description\":\"Flight Case Factory\",\"publisher\":{\"@id\":\"https:\/\/sxflightcase.com\/th\/#organization\"},\"potentialAction\":[{\"@type\":\"SearchAction\",\"target\":{\"@type\":\"EntryPoint\",\"urlTemplate\":\"https:\/\/sxflightcase.com\/th\/?s={search_term_string}\"},\"query-input\":{\"@type\":\"PropertyValueSpecification\",\"valueRequired\":true,\"valueName\":\"search_term_string\"}}],\"inLanguage\":\"da-DK\"},{\"@type\":\"Organization\",\"@id\":\"https:\/\/sxflightcase.com\/th\/#organization\",\"name\":\"sxpowercase.com\",\"url\":\"https:\/\/sxflightcase.com\/th\/\",\"logo\":{\"@type\":\"ImageObject\",\"inLanguage\":\"da-DK\",\"@id\":\"https:\/\/sxflightcase.com\/th\/#\/schema\/logo\/image\/\",\"url\":\"https:\/\/sxflightcase.com\/wp-content\/uploads\/2024\/04\/1713919036007.jpg\",\"contentUrl\":\"https:\/\/sxflightcase.com\/wp-content\/uploads\/2024\/04\/1713919036007.jpg\",\"width\":382,\"height\":388,\"caption\":\"sxpowercase.com\"},\"image\":{\"@id\":\"https:\/\/sxflightcase.com\/th\/#\/schema\/logo\/image\/\"},\"sameAs\":[\"https:\/\/www.facebook.com\/profile.php?id=61560407257971\"],\"numberOfEmployees\":{\"@type\":\"QuantitativeValue\",\"minValue\":\"11\",\"maxValue\":\"50\"}}]}<\/script>\n<!-- \/ Yoast SEO Premium plugin. -->","yoast_head_json":{"title":"Road Case Corner Protectors COC502 - https:\/\/sxflightcase.com \ud83d\udc97","description":"Hj\u00f8rnebeskyttere til vejkasser, direkte fra fabrikken! Holdbar beskyttelse af h\u00f8j kvalitet til kuffertens kanter. Beskytter udstyret under transport og sikrer langvarig p\u00e5lidelighed til kr\u00e6vende brug.","robots":{"index":"index","follow":"follow","max-snippet":"max-snippet:-1","max-image-preview":"max-image-preview:large","max-video-preview":"max-video-preview:-1"},"canonical":"https:\/\/sxflightcase.com\/da\/\uc81c\ud488\/\ub85c\ub4dc-\ucf00\uc774\uc2a4-\ucf54\ub108-\ud504\ub85c\ud14d\ud130-coc502-2\/","og_locale":"da_DK","og_type":"article","og_title":"Road Case Corner Protectors COC502","og_description":"Road case corner protectors, factory direct! High-quality, durable protection for case edges. Safeguards equipment during transport, ensuring long-lasting reliability for heavy-duty use.","og_url":"https:\/\/sxflightcase.com\/da\/\uc81c\ud488\/\ub85c\ub4dc-\ucf00\uc774\uc2a4-\ucf54\ub108-\ud504\ub85c\ud14d\ud130-coc502-2\/","og_site_name":"https:\/\/sxflightcase.com","article_publisher":"https:\/\/www.facebook.com\/profile.php?id=61560407257971","article_modified_time":"2024-08-20T06:54:31+00:00","og_image":[{"width":520,"height":520,"url":"https:\/\/sxflightcase.com\/wp-content\/uploads\/2024\/08\/COC502.jpg","type":"image\/jpeg"}],"twitter_card":"summary_large_image","twitter_misc":{"Estimeret l\u00e6setid":"3 minutter"},"schema":{"@context":"https:\/\/schema.org","@graph":[{"@type":"WebPage","@id":"https:\/\/sxflightcase.com\/ko\/\uc81c\ud488\/\ub85c\ub4dc-\ucf00\uc774\uc2a4-\ucf54\ub108-\ud504\ub85c\ud14d\ud130-coc502-2\/","url":"https:\/\/sxflightcase.com\/ko\/\uc81c\ud488\/\ub85c\ub4dc-\ucf00\uc774\uc2a4-\ucf54\ub108-\ud504\ub85c\ud14d\ud130-coc502-2\/","name":"Road Case Corner Protectors COC502 - https:\/\/sxflightcase.com \ud83d\udc97","isPartOf":{"@id":"https:\/\/sxflightcase.com\/th\/#website"},"primaryImageOfPage":{"@id":"https:\/\/sxflightcase.com\/ko\/\uc81c\ud488\/\ub85c\ub4dc-\ucf00\uc774\uc2a4-\ucf54\ub108-\ud504\ub85c\ud14d\ud130-coc502-2\/#primaryimage"},"image":{"@id":"https:\/\/sxflightcase.com\/ko\/\uc81c\ud488\/\ub85c\ub4dc-\ucf00\uc774\uc2a4-\ucf54\ub108-\ud504\ub85c\ud14d\ud130-coc502-2\/#primaryimage"},"thumbnailUrl":"https:\/\/sxflightcase.com\/wp-content\/uploads\/2024\/08\/COC502.jpg","datePublished":"2024-08-20T06:54:30+00:00","dateModified":"2024-08-20T06:54:31+00:00","description":"Hj\u00f8rnebeskyttere til vejkasser, direkte fra fabrikken! Holdbar beskyttelse af h\u00f8j kvalitet til kuffertens kanter. Beskytter udstyret under transport og sikrer langvarig p\u00e5lidelighed til kr\u00e6vende brug.","breadcrumb":{"@id":"https:\/\/sxflightcase.com\/ko\/\uc81c\ud488\/\ub85c\ub4dc-\ucf00\uc774\uc2a4-\ucf54\ub108-\ud504\ub85c\ud14d\ud130-coc502-2\/#breadcrumb"},"inLanguage":"da-DK","potentialAction":[{"@type":"ReadAction","target":["https:\/\/sxflightcase.com\/ko\/\uc81c\ud488\/\ub85c\ub4dc-\ucf00\uc774\uc2a4-\ucf54\ub108-\ud504\ub85c\ud14d\ud130-coc502-2\/"]}]},{"@type":"ImageObject","inLanguage":"da-DK","@id":"https:\/\/sxflightcase.com\/ko\/\uc81c\ud488\/\ub85c\ub4dc-\ucf00\uc774\uc2a4-\ucf54\ub108-\ud504\ub85c\ud14d\ud130-coc502-2\/#primaryimage","url":"https:\/\/sxflightcase.com\/wp-content\/uploads\/2024\/08\/COC502.jpg","contentUrl":"https:\/\/sxflightcase.com\/wp-content\/uploads\/2024\/08\/COC502.jpg","width":520,"height":520,"caption":"Road Case Corner Protectors"},{"@type":"BreadcrumbList","@id":"https:\/\/sxflightcase.com\/ko\/\uc81c\ud488\/\ub85c\ub4dc-\ucf00\uc774\uc2a4-\ucf54\ub108-\ud504\ub85c\ud14d\ud130-coc502-2\/#breadcrumb","itemListElement":[{"@type":"ListItem","position":1,"name":"Home","item":"https:\/\/sxflightcase.com\/"},{"@type":"ListItem","position":2,"name":"\u0e2a\u0e34\u0e19\u0e04\u0e49\u0e32","item":"https:\/\/sxflightcase.com\/th\/shop\/"},{"@type":"ListItem","position":3,"name":"Road Case Corner Protectors COC502"}]},{"@type":"WebSite","@id":"https:\/\/sxflightcase.com\/th\/#website","url":"https:\/\/sxflightcase.com\/th\/","name":"sxpowercase.com","description":"Flight Case Factory","publisher":{"@id":"https:\/\/sxflightcase.com\/th\/#organization"},"potentialAction":[{"@type":"SearchAction","target":{"@type":"EntryPoint","urlTemplate":"https:\/\/sxflightcase.com\/th\/?s={search_term_string}"},"query-input":{"@type":"PropertyValueSpecification","valueRequired":true,"valueName":"search_term_string"}}],"inLanguage":"da-DK"},{"@type":"Organization","@id":"https:\/\/sxflightcase.com\/th\/#organization","name":"sxpowercase.com","url":"https:\/\/sxflightcase.com\/th\/","logo":{"@type":"ImageObject","inLanguage":"da-DK","@id":"https:\/\/sxflightcase.com\/th\/#\/schema\/logo\/image\/","url":"https:\/\/sxflightcase.com\/wp-content\/uploads\/2024\/04\/1713919036007.jpg","contentUrl":"https:\/\/sxflightcase.com\/wp-content\/uploads\/2024\/04\/1713919036007.jpg","width":382,"height":388,"caption":"sxpowercase.com"},"image":{"@id":"https:\/\/sxflightcase.com\/th\/#\/schema\/logo\/image\/"},"sameAs":["https:\/\/www.facebook.com\/profile.php?id=61560407257971"],"numberOfEmployees":{"@type":"QuantitativeValue","minValue":"11","maxValue":"50"}}]}},"_links":{"self":[{"href":"https:\/\/sxflightcase.com\/da\/wp-json\/wp\/v2\/product\/4147","targetHints":{"allow":["GET"]}}],"collection":[{"href":"https:\/\/sxflightcase.com\/da\/wp-json\/wp\/v2\/product"}],"about":[{"href":"https:\/\/sxflightcase.com\/da\/wp-json\/wp\/v2\/types\/product"}],"replies":[{"embeddable":true,"href":"https:\/\/sxflightcase.com\/da\/wp-json\/wp\/v2\/comments?post=4147"}],"version-history":[{"count":0,"href":"https:\/\/sxflightcase.com\/da\/wp-json\/wp\/v2\/product\/4147\/revisions"}],"wp:featuredmedia":[{"embeddable":true,"href":"https:\/\/sxflightcase.com\/da\/wp-json\/wp\/v2\/media\/4092"}],"wp:attachment":[{"href":"https:\/\/sxflightcase.com\/da\/wp-json\/wp\/v2\/media?parent=4147"}],"wp:term":[{"taxonomy":"product_brand","embeddable":true,"href":"https:\/\/sxflightcase.com\/da\/wp-json\/wp\/v2\/product_brand?post=4147"},{"taxonomy":"product_cat","embeddable":true,"href":"https:\/\/sxflightcase.com\/da\/wp-json\/wp\/v2\/product_cat?post=4147"},{"taxonomy":"product_tag","embeddable":true,"href":"https:\/\/sxflightcase.com\/da\/wp-json\/wp\/v2\/product_tag?post=4147"}],"curies":[{"name":"wp","href":"https:\/\/api.w.org\/{rel}","templated":true}]}}