{"id":4158,"date":"2024-08-21T07:24:43","date_gmt":"2024-08-21T06:24:43","guid":{"rendered":"https:\/\/sxpowercase.com\/?post_type=product&#038;p=4158"},"modified":"2024-08-21T07:24:44","modified_gmt":"2024-08-21T06:24:44","slug":"metal-corner-protector-coc601","status":"publish","type":"product","link":"https:\/\/sxflightcase.com\/da\/vare\/metalhjornebeskytter-coc601-2\/","title":{"rendered":"Hj\u00f8rnebeskytter af metal COC601"},"content":{"rendered":"<h3>P\u00e5lidelig beskyttelse med SX Metal Corner Protector<\/h3>\n<h4>Vigtig beskyttelse af dit udstyr<\/h4>\n<p>Til professionelle, der har brug for p\u00e5lidelig beskyttelse af deres udstyr, er SX <span style=\"color: #3366ff;\"><a style=\"color: #3366ff;\" href=\"https:\/\/sxpowercase.com\/product\/road-case-corner-protectors-coc502\/\"><strong>Hj\u00f8rnebeskytter i metal<\/strong><\/a><\/span> er et fremragende valg. Disse hj\u00f8rnebeskyttere er designet til at beskytte flightcases og roadcases mod st\u00f8d og \u00f8ger holdbarheden og levetiden. N\u00e5r du v\u00e6lger SX, v\u00e6lger du kvalitet til en direkte fabrikspris, s\u00e5 du f\u00e5r mest muligt for pengene.<\/p>\n<h4>Bygget til at holde i h\u00e5rde milj\u00f8er<\/h4>\n<p>SX&#039;er <strong>Hj\u00f8rnebeskyttere af metal<\/strong> er fremstillet af f\u00f8rsteklasses materialer, der er konstrueret til at modst\u00e5 h\u00e5rdh\u00e6ndet h\u00e5ndtering, tung brug og udfordrende forhold. Uanset om du transporterer udstyr gennem byen eller rundt i verden, giver disse beskyttere et f\u00f8rsteklasses forsvar mod buler, ridser og andre skader. Det robuste design betyder langvarig p\u00e5lidelighed til en lav pris.<\/p>\n<h4>Enkel installation for maksimal beskyttelse<\/h4>\n<p>De <a href=\"https:\/\/sxpowercase.com\/\" target=\"_blank\" rel=\"noopener\" title=\"SX\" data-wpil-monitor-id=\"679\">SX<\/a> <strong>Hj\u00f8rnebeskytter i metal<\/strong> er nemme at installere, hvilket g\u00f8r det nemt at tilf\u00f8je beskyttelse til dine eksisterende eller nye etuier. Med kompatibilitet p\u00e5 tv\u00e6rs af en bred vifte af kufferttyper og -st\u00f8rrelser giver disse beskyttere fleksibilitet til forskellige anvendelser. Hos SX fokuserer vi p\u00e5 at levere billige l\u00f8sninger af h\u00f8j kvalitet, som er nemme at implementere og samtidig sikrer, at dit udstyr forbliver sikkert.<\/p>\n<h4>Kan tilpasses til dine behov<\/h4>\n<p>Hver ops\u00e6tning er unik, og SX forst\u00e5r behovet for skr\u00e6ddersyede l\u00f8sninger. Vores <strong>Hj\u00f8rnebeskyttere af metal<\/strong> kan tilpasses med hensyn til st\u00f8rrelse, finish og specifikationer, s\u00e5 de passer til dine specifikke krav. Ved at tilbyde fabriksn\u00e6re l\u00f8sninger tilbyder SX tilpasninger, der ikke kommer med en h\u00f8j pris, s\u00e5 du kan f\u00e5 pr\u00e6cis det, du har brug for, uden at g\u00e5 p\u00e5 kompromis med kvaliteten.<\/p>\n<h4>Betroet af professionelle p\u00e5 tv\u00e6rs af brancher<\/h4>\n<p>SX <strong>Hj\u00f8rnebeskyttere af metal<\/strong> har professionelle i underholdnings-, musik- og AV-branchen tillid til, n\u00e5r det g\u00e6lder p\u00e5lidelig beskyttelse. Ved at beskytte kufferterne mod skader sikrer de, at v\u00e6rdifuldt udstyr ankommer i perfekt stand hver gang. SX's engagement i kvalitet og fabriksn\u00e6re priser betyder, at du f\u00e5r et produkt, der giver b\u00e5de v\u00e6rdi og ydeevne.<\/p>\n<h4>Kvalitet og overkommelige priser kombineret<\/h4>\n<p>N\u00e5r du v\u00e6lger SX's <strong>Hj\u00f8rnebeskyttere af metal<\/strong>Du investerer ikke bare i beskyttelse; du investerer i kvalitet. Takket v\u00e6re vores tilgang med salg direkte fra fabrikken f\u00e5r du betydelige besparelser uden at g\u00e5 p\u00e5 kompromis med p\u00e5lideligheden. Hver beskytter er grundigt testet for holdbarhed, hvilket giver dig tillid til dens ydeevne, samtidig med at omkostningerne holdes nede.<\/p>\n<h4>Det smarte valg til omkostningseffektiv beskyttelse<\/h4>\n<p>SX <strong>Hj\u00f8rnebeskyttere af metal<\/strong> giver p\u00e5lidelig og omkostningseffektiv beskyttelse af dine sager, hvilket g\u00f8r dem til et smart valg for professionelle og virksomheder. Med en blanding af holdbarhed, nem installation og overkommelige priser hj\u00e6lper disse beskyttere dig med at beskytte dine investeringer uden at spr\u00e6nge banken. Stol p\u00e5 SX og f\u00e5 billige l\u00f8sninger i topkvalitet, der er skr\u00e6ddersyet til dine behov.<\/p>\n<p>Kontakt nu:<span style=\"color: #0000ff;\"><a style=\"color: #0000ff;\" href=\"https:\/\/sxpowercase.com\/contact-us\/\">https:\/\/sxpowercase.com\/<\/a><\/span><\/p>\n<p>Hardware produktkatalog:<span style=\"color: #3366ff;\"><a style=\"color: #3366ff;\" href=\"https:\/\/sxpowercase.com\/wp-content\/uploads\/2024\/07\/\u4e94\u91d1.pdf\">Hardware tilbeh\u00f8r katalog<\/a><\/span><\/p>","protected":false},"excerpt":{"rendered":"<div class=\"flex max-w-full flex-col flex-grow\">\n<div class=\"min-h-[20px] text-message flex w-full flex-col items-end gap-2 break-words [.text-message+&amp;]:mt-5 overflow-x-auto whitespace-pre-wrap\" dir=\"auto\" data-message-author-role=\"assistant\" data-message-id=\"1065a7ee-4302-4017-b1b0-786dd3af75a9\">\n<div class=\"flex w-full flex-col gap-1 empty:hidden first:pt-[3px]\">\n<div class=\"markdown prose w-full break-words dark:prose-invert light\">\n<h3>SX Metal Corner Protector: Essential Defense for Your Gear<\/h3>\n<p>Protect your equipment from impacts with SX Metal Corner Protectors, offering top-tier durability and factory-direct pricing for unbeatable value.<\/p>\n<h3>Built for Tough Conditions<\/h3>\n<p>Engineered from premium materials, SX Metal Corner Protectors withstand rough handling and heavy use, ensuring your cases stay intact in any environment.<\/p>\n<h3>Customizable and Easy to Install<\/h3>\n<p>SX provides customizable options to fit your unique needs, with quick installation and universal compatibility that make upgrading your cases effortless.<\/p>\n<\/div>\n<\/div>\n<\/div>\n<\/div>\n","protected":false},"featured_media":4093,"comment_status":"open","ping_status":"closed","template":"","meta":[],"product_brand":[],"product_cat":[63],"product_tag":[],"class_list":{"0":"post-4158","1":"product","2":"type-product","3":"status-publish","4":"has-post-thumbnail","6":"product_cat-corners","8":"first","9":"instock","10":"shipping-taxable","11":"product-type-simple"},"yoast_head":"<!-- This site is optimized with the Yoast SEO Premium plugin v27.1 (Yoast SEO v27.2) - https:\/\/yoast.com\/product\/yoast-seo-premium-wordpress\/ -->\n<title>Metal Corner Protector COC601 - https:\/\/sxflightcase.com \ud83d\udc97<\/title>\n<meta name=\"description\" content=\"Metal corner protector, factory direct! High-quality, durable protection for case edges. Ideal for safeguarding against impact during transport, ensuring long-lasting reliability and safety.\" \/>\n<meta name=\"robots\" content=\"index, follow, max-snippet:-1, max-image-preview:large, max-video-preview:-1\" \/>\n<link rel=\"canonical\" href=\"https:\/\/sxflightcase.com\/da\/vare\/metalhjornebeskytter-coc601-2\/\" \/>\n<meta property=\"og:locale\" content=\"da_DK\" \/>\n<meta property=\"og:type\" content=\"article\" \/>\n<meta property=\"og:title\" content=\"Metal Corner Protector COC601\" \/>\n<meta property=\"og:description\" content=\"Metal corner protector, factory direct! High-quality, durable protection for case edges. Ideal for safeguarding against impact during transport, ensuring long-lasting reliability and safety.\" \/>\n<meta property=\"og:url\" content=\"https:\/\/sxflightcase.com\/da\/vare\/metalhjornebeskytter-coc601-2\/\" \/>\n<meta property=\"og:site_name\" content=\"https:\/\/sxflightcase.com\" \/>\n<meta property=\"article:publisher\" content=\"https:\/\/www.facebook.com\/profile.php?id=61560407257971\" \/>\n<meta property=\"article:modified_time\" content=\"2024-08-21T06:24:44+00:00\" \/>\n<meta property=\"og:image\" content=\"https:\/\/sxflightcase.com\/wp-content\/uploads\/2024\/08\/COC601.jpg\" \/>\n\t<meta property=\"og:image:width\" content=\"520\" \/>\n\t<meta property=\"og:image:height\" content=\"529\" \/>\n\t<meta property=\"og:image:type\" content=\"image\/jpeg\" \/>\n<meta name=\"twitter:card\" content=\"summary_large_image\" \/>\n<meta name=\"twitter:label1\" content=\"Estimeret l\u00e6setid\" \/>\n\t<meta name=\"twitter:data1\" content=\"3 minutter\" \/>\n<script type=\"application\/ld+json\" class=\"yoast-schema-graph\">{\"@context\":\"https:\/\/schema.org\",\"@graph\":[{\"@type\":\"WebPage\",\"@id\":\"https:\/\/sxflightcase.com\/product\/metal-corner-protector-coc601\/\",\"url\":\"https:\/\/sxflightcase.com\/product\/metal-corner-protector-coc601\/\",\"name\":\"Metal Corner Protector COC601 - https:\/\/sxflightcase.com \ud83d\udc97\",\"isPartOf\":{\"@id\":\"https:\/\/sxflightcase.com\/th\/#website\"},\"primaryImageOfPage\":{\"@id\":\"https:\/\/sxflightcase.com\/product\/metal-corner-protector-coc601\/#primaryimage\"},\"image\":{\"@id\":\"https:\/\/sxflightcase.com\/product\/metal-corner-protector-coc601\/#primaryimage\"},\"thumbnailUrl\":\"https:\/\/sxflightcase.com\/wp-content\/uploads\/2024\/08\/COC601.jpg\",\"datePublished\":\"2024-08-21T06:24:43+00:00\",\"dateModified\":\"2024-08-21T06:24:44+00:00\",\"description\":\"Metal corner protector, factory direct! High-quality, durable protection for case edges. Ideal for safeguarding against impact during transport, ensuring long-lasting reliability and safety.\",\"breadcrumb\":{\"@id\":\"https:\/\/sxflightcase.com\/product\/metal-corner-protector-coc601\/#breadcrumb\"},\"inLanguage\":\"da-DK\",\"potentialAction\":[{\"@type\":\"ReadAction\",\"target\":[\"https:\/\/sxflightcase.com\/product\/metal-corner-protector-coc601\/\"]}]},{\"@type\":\"ImageObject\",\"inLanguage\":\"da-DK\",\"@id\":\"https:\/\/sxflightcase.com\/product\/metal-corner-protector-coc601\/#primaryimage\",\"url\":\"https:\/\/sxflightcase.com\/wp-content\/uploads\/2024\/08\/COC601.jpg\",\"contentUrl\":\"https:\/\/sxflightcase.com\/wp-content\/uploads\/2024\/08\/COC601.jpg\",\"width\":520,\"height\":529,\"caption\":\"Metal Corner Protector\"},{\"@type\":\"BreadcrumbList\",\"@id\":\"https:\/\/sxflightcase.com\/product\/metal-corner-protector-coc601\/#breadcrumb\",\"itemListElement\":[{\"@type\":\"ListItem\",\"position\":1,\"name\":\"Home\",\"item\":\"https:\/\/sxflightcase.com\/\"},{\"@type\":\"ListItem\",\"position\":2,\"name\":\"\u0e2a\u0e34\u0e19\u0e04\u0e49\u0e32\",\"item\":\"https:\/\/sxflightcase.com\/th\/shop\/\"},{\"@type\":\"ListItem\",\"position\":3,\"name\":\"Metal Corner Protector COC601\"}]},{\"@type\":\"WebSite\",\"@id\":\"https:\/\/sxflightcase.com\/th\/#website\",\"url\":\"https:\/\/sxflightcase.com\/th\/\",\"name\":\"sxpowercase.com\",\"description\":\"Flight Case Factory\",\"publisher\":{\"@id\":\"https:\/\/sxflightcase.com\/th\/#organization\"},\"potentialAction\":[{\"@type\":\"SearchAction\",\"target\":{\"@type\":\"EntryPoint\",\"urlTemplate\":\"https:\/\/sxflightcase.com\/th\/?s={search_term_string}\"},\"query-input\":{\"@type\":\"PropertyValueSpecification\",\"valueRequired\":true,\"valueName\":\"search_term_string\"}}],\"inLanguage\":\"da-DK\"},{\"@type\":\"Organization\",\"@id\":\"https:\/\/sxflightcase.com\/th\/#organization\",\"name\":\"sxpowercase.com\",\"url\":\"https:\/\/sxflightcase.com\/th\/\",\"logo\":{\"@type\":\"ImageObject\",\"inLanguage\":\"da-DK\",\"@id\":\"https:\/\/sxflightcase.com\/th\/#\/schema\/logo\/image\/\",\"url\":\"https:\/\/sxflightcase.com\/wp-content\/uploads\/2024\/04\/1713919036007.jpg\",\"contentUrl\":\"https:\/\/sxflightcase.com\/wp-content\/uploads\/2024\/04\/1713919036007.jpg\",\"width\":382,\"height\":388,\"caption\":\"sxpowercase.com\"},\"image\":{\"@id\":\"https:\/\/sxflightcase.com\/th\/#\/schema\/logo\/image\/\"},\"sameAs\":[\"https:\/\/www.facebook.com\/profile.php?id=61560407257971\"],\"numberOfEmployees\":{\"@type\":\"QuantitativeValue\",\"minValue\":\"11\",\"maxValue\":\"50\"}}]}<\/script>\n<!-- \/ Yoast SEO Premium plugin. -->","yoast_head_json":{"title":"Metal Corner Protector COC601 - https:\/\/sxflightcase.com \ud83d\udc97","description":"Metalhj\u00f8rnebeskyttelse, direkte fra fabrikken! Holdbar beskyttelse af h\u00f8j kvalitet til kuffertens kanter. Ideel til at beskytte mod st\u00f8d under transport, hvilket sikrer langvarig p\u00e5lidelighed og sikkerhed.","robots":{"index":"index","follow":"follow","max-snippet":"max-snippet:-1","max-image-preview":"max-image-preview:large","max-video-preview":"max-video-preview:-1"},"canonical":"https:\/\/sxflightcase.com\/da\/vare\/metalhjornebeskytter-coc601-2\/","og_locale":"da_DK","og_type":"article","og_title":"Metal Corner Protector COC601","og_description":"Metal corner protector, factory direct! High-quality, durable protection for case edges. Ideal for safeguarding against impact during transport, ensuring long-lasting reliability and safety.","og_url":"https:\/\/sxflightcase.com\/da\/vare\/metalhjornebeskytter-coc601-2\/","og_site_name":"https:\/\/sxflightcase.com","article_publisher":"https:\/\/www.facebook.com\/profile.php?id=61560407257971","article_modified_time":"2024-08-21T06:24:44+00:00","og_image":[{"width":520,"height":529,"url":"https:\/\/sxflightcase.com\/wp-content\/uploads\/2024\/08\/COC601.jpg","type":"image\/jpeg"}],"twitter_card":"summary_large_image","twitter_misc":{"Estimeret l\u00e6setid":"3 minutter"},"schema":{"@context":"https:\/\/schema.org","@graph":[{"@type":"WebPage","@id":"https:\/\/sxflightcase.com\/product\/metal-corner-protector-coc601\/","url":"https:\/\/sxflightcase.com\/product\/metal-corner-protector-coc601\/","name":"Metal Corner Protector COC601 - https:\/\/sxflightcase.com \ud83d\udc97","isPartOf":{"@id":"https:\/\/sxflightcase.com\/th\/#website"},"primaryImageOfPage":{"@id":"https:\/\/sxflightcase.com\/product\/metal-corner-protector-coc601\/#primaryimage"},"image":{"@id":"https:\/\/sxflightcase.com\/product\/metal-corner-protector-coc601\/#primaryimage"},"thumbnailUrl":"https:\/\/sxflightcase.com\/wp-content\/uploads\/2024\/08\/COC601.jpg","datePublished":"2024-08-21T06:24:43+00:00","dateModified":"2024-08-21T06:24:44+00:00","description":"Metalhj\u00f8rnebeskyttelse, direkte fra fabrikken! Holdbar beskyttelse af h\u00f8j kvalitet til kuffertens kanter. Ideel til at beskytte mod st\u00f8d under transport, hvilket sikrer langvarig p\u00e5lidelighed og sikkerhed.","breadcrumb":{"@id":"https:\/\/sxflightcase.com\/product\/metal-corner-protector-coc601\/#breadcrumb"},"inLanguage":"da-DK","potentialAction":[{"@type":"ReadAction","target":["https:\/\/sxflightcase.com\/product\/metal-corner-protector-coc601\/"]}]},{"@type":"ImageObject","inLanguage":"da-DK","@id":"https:\/\/sxflightcase.com\/product\/metal-corner-protector-coc601\/#primaryimage","url":"https:\/\/sxflightcase.com\/wp-content\/uploads\/2024\/08\/COC601.jpg","contentUrl":"https:\/\/sxflightcase.com\/wp-content\/uploads\/2024\/08\/COC601.jpg","width":520,"height":529,"caption":"Metal Corner Protector"},{"@type":"BreadcrumbList","@id":"https:\/\/sxflightcase.com\/product\/metal-corner-protector-coc601\/#breadcrumb","itemListElement":[{"@type":"ListItem","position":1,"name":"Home","item":"https:\/\/sxflightcase.com\/"},{"@type":"ListItem","position":2,"name":"\u0e2a\u0e34\u0e19\u0e04\u0e49\u0e32","item":"https:\/\/sxflightcase.com\/th\/shop\/"},{"@type":"ListItem","position":3,"name":"Metal Corner Protector COC601"}]},{"@type":"WebSite","@id":"https:\/\/sxflightcase.com\/th\/#website","url":"https:\/\/sxflightcase.com\/th\/","name":"sxpowercase.com","description":"Flight Case Factory","publisher":{"@id":"https:\/\/sxflightcase.com\/th\/#organization"},"potentialAction":[{"@type":"SearchAction","target":{"@type":"EntryPoint","urlTemplate":"https:\/\/sxflightcase.com\/th\/?s={search_term_string}"},"query-input":{"@type":"PropertyValueSpecification","valueRequired":true,"valueName":"search_term_string"}}],"inLanguage":"da-DK"},{"@type":"Organization","@id":"https:\/\/sxflightcase.com\/th\/#organization","name":"sxpowercase.com","url":"https:\/\/sxflightcase.com\/th\/","logo":{"@type":"ImageObject","inLanguage":"da-DK","@id":"https:\/\/sxflightcase.com\/th\/#\/schema\/logo\/image\/","url":"https:\/\/sxflightcase.com\/wp-content\/uploads\/2024\/04\/1713919036007.jpg","contentUrl":"https:\/\/sxflightcase.com\/wp-content\/uploads\/2024\/04\/1713919036007.jpg","width":382,"height":388,"caption":"sxpowercase.com"},"image":{"@id":"https:\/\/sxflightcase.com\/th\/#\/schema\/logo\/image\/"},"sameAs":["https:\/\/www.facebook.com\/profile.php?id=61560407257971"],"numberOfEmployees":{"@type":"QuantitativeValue","minValue":"11","maxValue":"50"}}]}},"_links":{"self":[{"href":"https:\/\/sxflightcase.com\/da\/wp-json\/wp\/v2\/product\/4158","targetHints":{"allow":["GET"]}}],"collection":[{"href":"https:\/\/sxflightcase.com\/da\/wp-json\/wp\/v2\/product"}],"about":[{"href":"https:\/\/sxflightcase.com\/da\/wp-json\/wp\/v2\/types\/product"}],"replies":[{"embeddable":true,"href":"https:\/\/sxflightcase.com\/da\/wp-json\/wp\/v2\/comments?post=4158"}],"version-history":[{"count":0,"href":"https:\/\/sxflightcase.com\/da\/wp-json\/wp\/v2\/product\/4158\/revisions"}],"wp:featuredmedia":[{"embeddable":true,"href":"https:\/\/sxflightcase.com\/da\/wp-json\/wp\/v2\/media\/4093"}],"wp:attachment":[{"href":"https:\/\/sxflightcase.com\/da\/wp-json\/wp\/v2\/media?parent=4158"}],"wp:term":[{"taxonomy":"product_brand","embeddable":true,"href":"https:\/\/sxflightcase.com\/da\/wp-json\/wp\/v2\/product_brand?post=4158"},{"taxonomy":"product_cat","embeddable":true,"href":"https:\/\/sxflightcase.com\/da\/wp-json\/wp\/v2\/product_cat?post=4158"},{"taxonomy":"product_tag","embeddable":true,"href":"https:\/\/sxflightcase.com\/da\/wp-json\/wp\/v2\/product_tag?post=4158"}],"curies":[{"name":"wp","href":"https:\/\/api.w.org\/{rel}","templated":true}]}}